{"id":32086,"date":"2020-02-03T09:54:08","date_gmt":"2020-02-03T08:54:08","guid":{"rendered":"https:\/\/www.manetti.com\/catalogo-prodotti\/accessoires-de-dorure\/altri-prodotti\/"},"modified":"2023-04-27T12:29:10","modified_gmt":"2023-04-27T10:29:10","slug":"protection","status":"publish","type":"page","link":"https:\/\/www.manetti.com\/fr\/catalogue-produits\/accessoires-de-dorure\/protection\/","title":{"rendered":"Protection"},"content":{"rendered":"\n<p>Le type de protection \u00e0 utiliser varie selon le mat\u00e9riau dont est constitu\u00e9e la surface (bois, plastique, verre, m\u00e9tal, etc\u2026), l&#8217;environnement dans lequel la dorure est r\u00e9alis\u00e9e (interne ou externe) et le m\u00e9tal utilis\u00e9 (feuille m\u00e9tal pr\u00e9cieux ou imitation). S\u00e9lectionnez le produit id\u00e9al parmi la gomme laque, les protecteurs synth\u00e9tiques et les protecteurs acryliques.<\/p>\n","protected":false},"excerpt":{"rendered":"<p>Le type de protection \u00e0 utiliser varie selon le mat\u00e9riau dont est constitu\u00e9e la surface (bois, plastique, verre, m\u00e9tal, etc\u2026), l&#8217;environnement dans lequel la dorure est r\u00e9alis\u00e9e (interne ou externe) et le m\u00e9tal utilis\u00e9 (feuille m\u00e9tal pr\u00e9cieux ou imitation). S\u00e9lectionnez le produit id\u00e9al parmi la gomme laque, les protecteurs synth\u00e9tiques et les protecteurs acryliques. [&#8230;]<\/p>\n<p><a class=\"btn btn-secondary understrap-read-more-link\" href=\"https:\/\/www.manetti.com\/fr\/catalogue-produits\/accessoires-de-dorure\/protection\/\">Lire la suite&#8230;<\/a><\/p>\n","protected":false},"author":1,"featured_media":32087,"parent":31832,"menu_order":0,"comment_status":"closed","ping_status":"closed","template":"page-templates\/catalogo-dettaglio-accessori-doratura-template.php","meta":{"_acf_changed":false,"footnotes":""},"class_list":["post-32086","page","type-page","status-publish","has-post-thumbnail","hentry"],"acf":[],"yoast_head":"<!-- This site is optimized with the Yoast SEO plugin v26.5 - https:\/\/yoast.com\/wordpress\/plugins\/seo\/ -->\n<title>Produits de protection de surface apr\u00e8s dorure<\/title>\n<meta name=\"description\" content=\"Produits id\u00e9aux pour les protections synth\u00e9tiques, acryliques et la gomme laque (utilis\u00e9e dans le domaine de la dorure pour le polissage de la feuille d&#039;or)\" \/>\n<meta name=\"robots\" content=\"index, follow, max-snippet:-1, max-image-preview:large, max-video-preview:-1\" \/>\n<link rel=\"canonical\" href=\"https:\/\/www.manetti.com\/fr\/catalogue-produits\/accessoires-de-dorure\/protection\/\" \/>\n<meta property=\"og:locale\" content=\"fr_FR\" \/>\n<meta property=\"og:type\" content=\"article\" \/>\n<meta property=\"og:title\" content=\"Produits de protection de surface apr\u00e8s dorure\" \/>\n<meta property=\"og:description\" content=\"Produits id\u00e9aux pour les protections synth\u00e9tiques, acryliques et la gomme laque (utilis\u00e9e dans le domaine de la dorure pour le polissage de la feuille d&#039;or)\" \/>\n<meta property=\"og:url\" content=\"https:\/\/www.manetti.com\/fr\/catalogue-produits\/accessoires-de-dorure\/protection\/\" \/>\n<meta property=\"og:site_name\" content=\"Giusto Manetti Battiloro\" \/>\n<meta property=\"article:publisher\" content=\"https:\/\/www.facebook.com\/giustomanettibattiloro\" \/>\n<meta property=\"article:modified_time\" content=\"2023-04-27T10:29:10+00:00\" \/>\n<meta property=\"og:image\" content=\"https:\/\/www.manetti.com\/wp-content\/uploads\/2020\/02\/Altri-prodotti.png\" \/>\n\t<meta property=\"og:image:width\" content=\"200\" \/>\n\t<meta property=\"og:image:height\" content=\"200\" \/>\n\t<meta property=\"og:image:type\" content=\"image\/png\" \/>\n<meta name=\"twitter:card\" content=\"summary_large_image\" \/>\n<meta name=\"twitter:label1\" content=\"Dur\u00e9e de lecture estim\u00e9e\" \/>\n\t<meta name=\"twitter:data1\" content=\"1 minute\" \/>\n<script type=\"application\/ld+json\" class=\"yoast-schema-graph\">{\"@context\":\"https:\/\/schema.org\",\"@graph\":[{\"@type\":\"WebPage\",\"@id\":\"https:\/\/www.manetti.com\/fr\/catalogue-produits\/accessoires-de-dorure\/protection\/\",\"url\":\"https:\/\/www.manetti.com\/fr\/catalogue-produits\/accessoires-de-dorure\/protection\/\",\"name\":\"Produits de protection de surface apr\u00e8s dorure\",\"isPartOf\":{\"@id\":\"https:\/\/www.manetti.com\/fr\/#website\"},\"primaryImageOfPage\":{\"@id\":\"https:\/\/www.manetti.com\/fr\/catalogue-produits\/accessoires-de-dorure\/protection\/#primaryimage\"},\"image\":{\"@id\":\"https:\/\/www.manetti.com\/fr\/catalogue-produits\/accessoires-de-dorure\/protection\/#primaryimage\"},\"thumbnailUrl\":\"https:\/\/www.manetti.com\/wp-content\/uploads\/2020\/02\/Altri-prodotti.png\",\"datePublished\":\"2020-02-03T08:54:08+00:00\",\"dateModified\":\"2023-04-27T10:29:10+00:00\",\"description\":\"Produits id\u00e9aux pour les protections synth\u00e9tiques, acryliques et la gomme laque (utilis\u00e9e dans le domaine de la dorure pour le polissage de la feuille d'or)\",\"inLanguage\":\"fr-FR\",\"potentialAction\":[{\"@type\":\"ReadAction\",\"target\":[\"https:\/\/www.manetti.com\/fr\/catalogue-produits\/accessoires-de-dorure\/protection\/\"]}]},{\"@type\":\"ImageObject\",\"inLanguage\":\"fr-FR\",\"@id\":\"https:\/\/www.manetti.com\/fr\/catalogue-produits\/accessoires-de-dorure\/protection\/#primaryimage\",\"url\":\"https:\/\/www.manetti.com\/wp-content\/uploads\/2020\/02\/Altri-prodotti.png\",\"contentUrl\":\"https:\/\/www.manetti.com\/wp-content\/uploads\/2020\/02\/Altri-prodotti.png\",\"width\":200,\"height\":200},{\"@type\":\"WebSite\",\"@id\":\"https:\/\/www.manetti.com\/fr\/#website\",\"url\":\"https:\/\/www.manetti.com\/fr\/\",\"name\":\"Giusto Manetti Battiloro\",\"description\":\"\",\"publisher\":{\"@id\":\"https:\/\/www.manetti.com\/fr\/#organization\"},\"potentialAction\":[{\"@type\":\"SearchAction\",\"target\":{\"@type\":\"EntryPoint\",\"urlTemplate\":\"https:\/\/www.manetti.com\/fr\/?s={search_term_string}\"},\"query-input\":{\"@type\":\"PropertyValueSpecification\",\"valueRequired\":true,\"valueName\":\"search_term_string\"}}],\"inLanguage\":\"fr-FR\"},{\"@type\":\"Organization\",\"@id\":\"https:\/\/www.manetti.com\/fr\/#organization\",\"name\":\"GIUSTO MANETTI BATTILORO S.P.A.\",\"url\":\"https:\/\/www.manetti.com\/fr\/\",\"logo\":{\"@type\":\"ImageObject\",\"inLanguage\":\"fr-FR\",\"@id\":\"https:\/\/www.manetti.com\/fr\/#\/schema\/logo\/image\/\",\"url\":\"https:\/\/www.manetti.com\/wp-content\/uploads\/2025\/02\/giusto-manetti-blu_300-02.png\",\"contentUrl\":\"https:\/\/www.manetti.com\/wp-content\/uploads\/2025\/02\/giusto-manetti-blu_300-02.png\",\"width\":1123,\"height\":1093,\"caption\":\"GIUSTO MANETTI BATTILORO S.P.A.\"},\"image\":{\"@id\":\"https:\/\/www.manetti.com\/fr\/#\/schema\/logo\/image\/\"},\"sameAs\":[\"https:\/\/www.facebook.com\/giustomanettibattiloro\",\"https:\/\/www.instagram.com\/giustomanettibattiloro\/\",\"https:\/\/www.linkedin.com\/company\/giusto-manetti-battiloro-s-p-a-\/\",\"https:\/\/www.youtube.com\/user\/ManettiBattiloro\"]}]}<\/script>\n<!-- \/ Yoast SEO plugin. -->","yoast_head_json":{"title":"Produits de protection de surface apr\u00e8s dorure","description":"Produits id\u00e9aux pour les protections synth\u00e9tiques, acryliques et la gomme laque (utilis\u00e9e dans le domaine de la dorure pour le polissage de la feuille d'or)","robots":{"index":"index","follow":"follow","max-snippet":"max-snippet:-1","max-image-preview":"max-image-preview:large","max-video-preview":"max-video-preview:-1"},"canonical":"https:\/\/www.manetti.com\/fr\/catalogue-produits\/accessoires-de-dorure\/protection\/","og_locale":"fr_FR","og_type":"article","og_title":"Produits de protection de surface apr\u00e8s dorure","og_description":"Produits id\u00e9aux pour les protections synth\u00e9tiques, acryliques et la gomme laque (utilis\u00e9e dans le domaine de la dorure pour le polissage de la feuille d'or)","og_url":"https:\/\/www.manetti.com\/fr\/catalogue-produits\/accessoires-de-dorure\/protection\/","og_site_name":"Giusto Manetti Battiloro","article_publisher":"https:\/\/www.facebook.com\/giustomanettibattiloro","article_modified_time":"2023-04-27T10:29:10+00:00","og_image":[{"width":200,"height":200,"url":"https:\/\/www.manetti.com\/wp-content\/uploads\/2020\/02\/Altri-prodotti.png","type":"image\/png"}],"twitter_card":"summary_large_image","twitter_misc":{"Dur\u00e9e de lecture estim\u00e9e":"1 minute"},"schema":{"@context":"https:\/\/schema.org","@graph":[{"@type":"WebPage","@id":"https:\/\/www.manetti.com\/fr\/catalogue-produits\/accessoires-de-dorure\/protection\/","url":"https:\/\/www.manetti.com\/fr\/catalogue-produits\/accessoires-de-dorure\/protection\/","name":"Produits de protection de surface apr\u00e8s dorure","isPartOf":{"@id":"https:\/\/www.manetti.com\/fr\/#website"},"primaryImageOfPage":{"@id":"https:\/\/www.manetti.com\/fr\/catalogue-produits\/accessoires-de-dorure\/protection\/#primaryimage"},"image":{"@id":"https:\/\/www.manetti.com\/fr\/catalogue-produits\/accessoires-de-dorure\/protection\/#primaryimage"},"thumbnailUrl":"https:\/\/www.manetti.com\/wp-content\/uploads\/2020\/02\/Altri-prodotti.png","datePublished":"2020-02-03T08:54:08+00:00","dateModified":"2023-04-27T10:29:10+00:00","description":"Produits id\u00e9aux pour les protections synth\u00e9tiques, acryliques et la gomme laque (utilis\u00e9e dans le domaine de la dorure pour le polissage de la feuille d'or)","inLanguage":"fr-FR","potentialAction":[{"@type":"ReadAction","target":["https:\/\/www.manetti.com\/fr\/catalogue-produits\/accessoires-de-dorure\/protection\/"]}]},{"@type":"ImageObject","inLanguage":"fr-FR","@id":"https:\/\/www.manetti.com\/fr\/catalogue-produits\/accessoires-de-dorure\/protection\/#primaryimage","url":"https:\/\/www.manetti.com\/wp-content\/uploads\/2020\/02\/Altri-prodotti.png","contentUrl":"https:\/\/www.manetti.com\/wp-content\/uploads\/2020\/02\/Altri-prodotti.png","width":200,"height":200},{"@type":"WebSite","@id":"https:\/\/www.manetti.com\/fr\/#website","url":"https:\/\/www.manetti.com\/fr\/","name":"Giusto Manetti Battiloro","description":"","publisher":{"@id":"https:\/\/www.manetti.com\/fr\/#organization"},"potentialAction":[{"@type":"SearchAction","target":{"@type":"EntryPoint","urlTemplate":"https:\/\/www.manetti.com\/fr\/?s={search_term_string}"},"query-input":{"@type":"PropertyValueSpecification","valueRequired":true,"valueName":"search_term_string"}}],"inLanguage":"fr-FR"},{"@type":"Organization","@id":"https:\/\/www.manetti.com\/fr\/#organization","name":"GIUSTO MANETTI BATTILORO S.P.A.","url":"https:\/\/www.manetti.com\/fr\/","logo":{"@type":"ImageObject","inLanguage":"fr-FR","@id":"https:\/\/www.manetti.com\/fr\/#\/schema\/logo\/image\/","url":"https:\/\/www.manetti.com\/wp-content\/uploads\/2025\/02\/giusto-manetti-blu_300-02.png","contentUrl":"https:\/\/www.manetti.com\/wp-content\/uploads\/2025\/02\/giusto-manetti-blu_300-02.png","width":1123,"height":1093,"caption":"GIUSTO MANETTI BATTILORO S.P.A."},"image":{"@id":"https:\/\/www.manetti.com\/fr\/#\/schema\/logo\/image\/"},"sameAs":["https:\/\/www.facebook.com\/giustomanettibattiloro","https:\/\/www.instagram.com\/giustomanettibattiloro\/","https:\/\/www.linkedin.com\/company\/giusto-manetti-battiloro-s-p-a-\/","https:\/\/www.youtube.com\/user\/ManettiBattiloro"]}]}},"_links":{"self":[{"href":"https:\/\/www.manetti.com\/fr\/wp-json\/wp\/v2\/pages\/32086","targetHints":{"allow":["GET"]}}],"collection":[{"href":"https:\/\/www.manetti.com\/fr\/wp-json\/wp\/v2\/pages"}],"about":[{"href":"https:\/\/www.manetti.com\/fr\/wp-json\/wp\/v2\/types\/page"}],"author":[{"embeddable":true,"href":"https:\/\/www.manetti.com\/fr\/wp-json\/wp\/v2\/users\/1"}],"replies":[{"embeddable":true,"href":"https:\/\/www.manetti.com\/fr\/wp-json\/wp\/v2\/comments?post=32086"}],"version-history":[{"count":0,"href":"https:\/\/www.manetti.com\/fr\/wp-json\/wp\/v2\/pages\/32086\/revisions"}],"up":[{"embeddable":true,"href":"https:\/\/www.manetti.com\/fr\/wp-json\/wp\/v2\/pages\/31832"}],"wp:featuredmedia":[{"embeddable":true,"href":"https:\/\/www.manetti.com\/fr\/wp-json\/wp\/v2\/media\/32087"}],"wp:attachment":[{"href":"https:\/\/www.manetti.com\/fr\/wp-json\/wp\/v2\/media?parent=32086"}],"curies":[{"name":"wp","href":"https:\/\/api.w.org\/{rel}","templated":true}]}}