{"id":32090,"date":"2019-12-13T15:15:56","date_gmt":"2019-12-13T14:15:56","guid":{"rendered":"https:\/\/www.manetti.com\/catalogo-prodotti\/accessoires-de-dorure\/boli\/"},"modified":"2023-04-27T12:13:52","modified_gmt":"2023-04-27T10:13:52","slug":"dorure-a-leau","status":"publish","type":"page","link":"https:\/\/www.manetti.com\/fr\/catalogue-produits\/accessoires-de-dorure\/dorure-a-leau\/","title":{"rendered":"Dorure \u00e0 l&#8217;eau"},"content":{"rendered":"\n<p>Gypse pour les doreurs, colle de peau de lapin et f\u00fbt : la dorure \u00e0 l&#8217;eau est sugg\u00e9r\u00e9e pour souligner la tridimensionnalit\u00e9 des surfaces et est largement utilis\u00e9e dans l&#8217;iconographie, les cadres, les objets d&#8217;\u00e9poque et surtout en restauration lorsqu&#8217;il est n\u00e9cessaire d&#8217;int\u00e9grer des \u00e9l\u00e9ments manquants ou des meubles endommag\u00e9s.<\/p>\n","protected":false},"excerpt":{"rendered":"<p>Gypse pour les doreurs, colle de peau de lapin et f\u00fbt : la dorure \u00e0 l&#8217;eau est sugg\u00e9r\u00e9e pour souligner la tridimensionnalit\u00e9 des surfaces et est largement utilis\u00e9e dans l&#8217;iconographie, les cadres, les objets d&#8217;\u00e9poque et surtout en restauration lorsqu&#8217;il est n\u00e9cessaire d&#8217;int\u00e9grer des \u00e9l\u00e9ments manquants ou des meubles endommag\u00e9s. [&#8230;]<\/p>\n<p><a class=\"btn btn-secondary understrap-read-more-link\" href=\"https:\/\/www.manetti.com\/fr\/catalogue-produits\/accessoires-de-dorure\/dorure-a-leau\/\">Lire la suite&#8230;<\/a><\/p>\n","protected":false},"author":1,"featured_media":32091,"parent":31832,"menu_order":0,"comment_status":"closed","ping_status":"closed","template":"page-templates\/catalogo-dettaglio-accessori-doratura-template.php","meta":{"_acf_changed":false,"footnotes":""},"class_list":["post-32090","page","type-page","status-publish","has-post-thumbnail","hentry"],"acf":[],"yoast_head":"<!-- This site is optimized with the Yoast SEO plugin v26.5 - https:\/\/yoast.com\/wordpress\/plugins\/seo\/ -->\n<title>Produits et outils pour la dorure \u00e0 l&#039;eau - Manetti Battiloro<\/title>\n<meta name=\"description\" content=\"Gypse pour doreurs, colle de peau de lapin et f\u00fbt: la dorure \u00e0 l&#039;eau est sugg\u00e9r\u00e9e pour souligner la tridimensionnalit\u00e9 des surfaces.\" \/>\n<meta name=\"robots\" content=\"index, follow, max-snippet:-1, max-image-preview:large, max-video-preview:-1\" \/>\n<link rel=\"canonical\" href=\"https:\/\/www.manetti.com\/fr\/catalogue-produits\/accessoires-de-dorure\/dorure-a-leau\/\" \/>\n<meta property=\"og:locale\" content=\"fr_FR\" \/>\n<meta property=\"og:type\" content=\"article\" \/>\n<meta property=\"og:title\" content=\"Produits et outils pour la dorure \u00e0 l&#039;eau - Manetti Battiloro\" \/>\n<meta property=\"og:description\" content=\"Gypse pour doreurs, colle de peau de lapin et f\u00fbt: la dorure \u00e0 l&#039;eau est sugg\u00e9r\u00e9e pour souligner la tridimensionnalit\u00e9 des surfaces.\" \/>\n<meta property=\"og:url\" content=\"https:\/\/www.manetti.com\/fr\/catalogue-produits\/accessoires-de-dorure\/dorure-a-leau\/\" \/>\n<meta property=\"og:site_name\" content=\"Giusto Manetti Battiloro\" \/>\n<meta property=\"article:publisher\" content=\"https:\/\/www.facebook.com\/giustomanettibattiloro\" \/>\n<meta property=\"article:modified_time\" content=\"2023-04-27T10:13:52+00:00\" \/>\n<meta property=\"og:image\" content=\"https:\/\/www.manetti.com\/wp-content\/uploads\/2019\/12\/boli.png\" \/>\n\t<meta property=\"og:image:width\" content=\"200\" \/>\n\t<meta property=\"og:image:height\" content=\"200\" \/>\n\t<meta property=\"og:image:type\" content=\"image\/png\" \/>\n<meta name=\"twitter:card\" content=\"summary_large_image\" \/>\n<meta name=\"twitter:label1\" content=\"Dur\u00e9e de lecture estim\u00e9e\" \/>\n\t<meta name=\"twitter:data1\" content=\"1 minute\" \/>\n<script type=\"application\/ld+json\" class=\"yoast-schema-graph\">{\"@context\":\"https:\/\/schema.org\",\"@graph\":[{\"@type\":\"WebPage\",\"@id\":\"https:\/\/www.manetti.com\/fr\/catalogue-produits\/accessoires-de-dorure\/dorure-a-leau\/\",\"url\":\"https:\/\/www.manetti.com\/fr\/catalogue-produits\/accessoires-de-dorure\/dorure-a-leau\/\",\"name\":\"Produits et outils pour la dorure \u00e0 l'eau - Manetti Battiloro\",\"isPartOf\":{\"@id\":\"https:\/\/www.manetti.com\/fr\/#website\"},\"primaryImageOfPage\":{\"@id\":\"https:\/\/www.manetti.com\/fr\/catalogue-produits\/accessoires-de-dorure\/dorure-a-leau\/#primaryimage\"},\"image\":{\"@id\":\"https:\/\/www.manetti.com\/fr\/catalogue-produits\/accessoires-de-dorure\/dorure-a-leau\/#primaryimage\"},\"thumbnailUrl\":\"https:\/\/www.manetti.com\/wp-content\/uploads\/2019\/12\/boli.png\",\"datePublished\":\"2019-12-13T14:15:56+00:00\",\"dateModified\":\"2023-04-27T10:13:52+00:00\",\"description\":\"Gypse pour doreurs, colle de peau de lapin et f\u00fbt: la dorure \u00e0 l'eau est sugg\u00e9r\u00e9e pour souligner la tridimensionnalit\u00e9 des surfaces.\",\"inLanguage\":\"fr-FR\",\"potentialAction\":[{\"@type\":\"ReadAction\",\"target\":[\"https:\/\/www.manetti.com\/fr\/catalogue-produits\/accessoires-de-dorure\/dorure-a-leau\/\"]}]},{\"@type\":\"ImageObject\",\"inLanguage\":\"fr-FR\",\"@id\":\"https:\/\/www.manetti.com\/fr\/catalogue-produits\/accessoires-de-dorure\/dorure-a-leau\/#primaryimage\",\"url\":\"https:\/\/www.manetti.com\/wp-content\/uploads\/2019\/12\/boli.png\",\"contentUrl\":\"https:\/\/www.manetti.com\/wp-content\/uploads\/2019\/12\/boli.png\",\"width\":200,\"height\":200,\"caption\":\"bole\"},{\"@type\":\"WebSite\",\"@id\":\"https:\/\/www.manetti.com\/fr\/#website\",\"url\":\"https:\/\/www.manetti.com\/fr\/\",\"name\":\"Giusto Manetti Battiloro\",\"description\":\"\",\"publisher\":{\"@id\":\"https:\/\/www.manetti.com\/fr\/#organization\"},\"potentialAction\":[{\"@type\":\"SearchAction\",\"target\":{\"@type\":\"EntryPoint\",\"urlTemplate\":\"https:\/\/www.manetti.com\/fr\/?s={search_term_string}\"},\"query-input\":{\"@type\":\"PropertyValueSpecification\",\"valueRequired\":true,\"valueName\":\"search_term_string\"}}],\"inLanguage\":\"fr-FR\"},{\"@type\":\"Organization\",\"@id\":\"https:\/\/www.manetti.com\/fr\/#organization\",\"name\":\"GIUSTO MANETTI BATTILORO S.P.A.\",\"url\":\"https:\/\/www.manetti.com\/fr\/\",\"logo\":{\"@type\":\"ImageObject\",\"inLanguage\":\"fr-FR\",\"@id\":\"https:\/\/www.manetti.com\/fr\/#\/schema\/logo\/image\/\",\"url\":\"https:\/\/www.manetti.com\/wp-content\/uploads\/2025\/02\/giusto-manetti-blu_300-02.png\",\"contentUrl\":\"https:\/\/www.manetti.com\/wp-content\/uploads\/2025\/02\/giusto-manetti-blu_300-02.png\",\"width\":1123,\"height\":1093,\"caption\":\"GIUSTO MANETTI BATTILORO S.P.A.\"},\"image\":{\"@id\":\"https:\/\/www.manetti.com\/fr\/#\/schema\/logo\/image\/\"},\"sameAs\":[\"https:\/\/www.facebook.com\/giustomanettibattiloro\",\"https:\/\/www.instagram.com\/giustomanettibattiloro\/\",\"https:\/\/www.linkedin.com\/company\/giusto-manetti-battiloro-s-p-a-\/\",\"https:\/\/www.youtube.com\/user\/ManettiBattiloro\"]}]}<\/script>\n<!-- \/ Yoast SEO plugin. -->","yoast_head_json":{"title":"Produits et outils pour la dorure \u00e0 l'eau - Manetti Battiloro","description":"Gypse pour doreurs, colle de peau de lapin et f\u00fbt: la dorure \u00e0 l'eau est sugg\u00e9r\u00e9e pour souligner la tridimensionnalit\u00e9 des surfaces.","robots":{"index":"index","follow":"follow","max-snippet":"max-snippet:-1","max-image-preview":"max-image-preview:large","max-video-preview":"max-video-preview:-1"},"canonical":"https:\/\/www.manetti.com\/fr\/catalogue-produits\/accessoires-de-dorure\/dorure-a-leau\/","og_locale":"fr_FR","og_type":"article","og_title":"Produits et outils pour la dorure \u00e0 l'eau - Manetti Battiloro","og_description":"Gypse pour doreurs, colle de peau de lapin et f\u00fbt: la dorure \u00e0 l'eau est sugg\u00e9r\u00e9e pour souligner la tridimensionnalit\u00e9 des surfaces.","og_url":"https:\/\/www.manetti.com\/fr\/catalogue-produits\/accessoires-de-dorure\/dorure-a-leau\/","og_site_name":"Giusto Manetti Battiloro","article_publisher":"https:\/\/www.facebook.com\/giustomanettibattiloro","article_modified_time":"2023-04-27T10:13:52+00:00","og_image":[{"width":200,"height":200,"url":"https:\/\/www.manetti.com\/wp-content\/uploads\/2019\/12\/boli.png","type":"image\/png"}],"twitter_card":"summary_large_image","twitter_misc":{"Dur\u00e9e de lecture estim\u00e9e":"1 minute"},"schema":{"@context":"https:\/\/schema.org","@graph":[{"@type":"WebPage","@id":"https:\/\/www.manetti.com\/fr\/catalogue-produits\/accessoires-de-dorure\/dorure-a-leau\/","url":"https:\/\/www.manetti.com\/fr\/catalogue-produits\/accessoires-de-dorure\/dorure-a-leau\/","name":"Produits et outils pour la dorure \u00e0 l'eau - Manetti Battiloro","isPartOf":{"@id":"https:\/\/www.manetti.com\/fr\/#website"},"primaryImageOfPage":{"@id":"https:\/\/www.manetti.com\/fr\/catalogue-produits\/accessoires-de-dorure\/dorure-a-leau\/#primaryimage"},"image":{"@id":"https:\/\/www.manetti.com\/fr\/catalogue-produits\/accessoires-de-dorure\/dorure-a-leau\/#primaryimage"},"thumbnailUrl":"https:\/\/www.manetti.com\/wp-content\/uploads\/2019\/12\/boli.png","datePublished":"2019-12-13T14:15:56+00:00","dateModified":"2023-04-27T10:13:52+00:00","description":"Gypse pour doreurs, colle de peau de lapin et f\u00fbt: la dorure \u00e0 l'eau est sugg\u00e9r\u00e9e pour souligner la tridimensionnalit\u00e9 des surfaces.","inLanguage":"fr-FR","potentialAction":[{"@type":"ReadAction","target":["https:\/\/www.manetti.com\/fr\/catalogue-produits\/accessoires-de-dorure\/dorure-a-leau\/"]}]},{"@type":"ImageObject","inLanguage":"fr-FR","@id":"https:\/\/www.manetti.com\/fr\/catalogue-produits\/accessoires-de-dorure\/dorure-a-leau\/#primaryimage","url":"https:\/\/www.manetti.com\/wp-content\/uploads\/2019\/12\/boli.png","contentUrl":"https:\/\/www.manetti.com\/wp-content\/uploads\/2019\/12\/boli.png","width":200,"height":200,"caption":"bole"},{"@type":"WebSite","@id":"https:\/\/www.manetti.com\/fr\/#website","url":"https:\/\/www.manetti.com\/fr\/","name":"Giusto Manetti Battiloro","description":"","publisher":{"@id":"https:\/\/www.manetti.com\/fr\/#organization"},"potentialAction":[{"@type":"SearchAction","target":{"@type":"EntryPoint","urlTemplate":"https:\/\/www.manetti.com\/fr\/?s={search_term_string}"},"query-input":{"@type":"PropertyValueSpecification","valueRequired":true,"valueName":"search_term_string"}}],"inLanguage":"fr-FR"},{"@type":"Organization","@id":"https:\/\/www.manetti.com\/fr\/#organization","name":"GIUSTO MANETTI BATTILORO S.P.A.","url":"https:\/\/www.manetti.com\/fr\/","logo":{"@type":"ImageObject","inLanguage":"fr-FR","@id":"https:\/\/www.manetti.com\/fr\/#\/schema\/logo\/image\/","url":"https:\/\/www.manetti.com\/wp-content\/uploads\/2025\/02\/giusto-manetti-blu_300-02.png","contentUrl":"https:\/\/www.manetti.com\/wp-content\/uploads\/2025\/02\/giusto-manetti-blu_300-02.png","width":1123,"height":1093,"caption":"GIUSTO MANETTI BATTILORO S.P.A."},"image":{"@id":"https:\/\/www.manetti.com\/fr\/#\/schema\/logo\/image\/"},"sameAs":["https:\/\/www.facebook.com\/giustomanettibattiloro","https:\/\/www.instagram.com\/giustomanettibattiloro\/","https:\/\/www.linkedin.com\/company\/giusto-manetti-battiloro-s-p-a-\/","https:\/\/www.youtube.com\/user\/ManettiBattiloro"]}]}},"_links":{"self":[{"href":"https:\/\/www.manetti.com\/fr\/wp-json\/wp\/v2\/pages\/32090","targetHints":{"allow":["GET"]}}],"collection":[{"href":"https:\/\/www.manetti.com\/fr\/wp-json\/wp\/v2\/pages"}],"about":[{"href":"https:\/\/www.manetti.com\/fr\/wp-json\/wp\/v2\/types\/page"}],"author":[{"embeddable":true,"href":"https:\/\/www.manetti.com\/fr\/wp-json\/wp\/v2\/users\/1"}],"replies":[{"embeddable":true,"href":"https:\/\/www.manetti.com\/fr\/wp-json\/wp\/v2\/comments?post=32090"}],"version-history":[{"count":0,"href":"https:\/\/www.manetti.com\/fr\/wp-json\/wp\/v2\/pages\/32090\/revisions"}],"up":[{"embeddable":true,"href":"https:\/\/www.manetti.com\/fr\/wp-json\/wp\/v2\/pages\/31832"}],"wp:featuredmedia":[{"embeddable":true,"href":"https:\/\/www.manetti.com\/fr\/wp-json\/wp\/v2\/media\/32091"}],"wp:attachment":[{"href":"https:\/\/www.manetti.com\/fr\/wp-json\/wp\/v2\/media?parent=32090"}],"curies":[{"name":"wp","href":"https:\/\/api.w.org\/{rel}","templated":true}]}}