{"id":32098,"date":"2019-12-13T12:17:43","date_gmt":"2019-12-13T11:17:43","guid":{"rendered":"https:\/\/www.manetti.com\/catalogo-prodotti\/accessoires-de-dorure\/missioni\/"},"modified":"2023-04-27T12:25:27","modified_gmt":"2023-04-27T10:25:27","slug":"dorure-a-lhuile","status":"publish","type":"page","link":"https:\/\/www.manetti.com\/fr\/catalogue-produits\/accessoires-de-dorure\/dorure-a-lhuile\/","title":{"rendered":"Dorure \u00e0 l&#8217;huile"},"content":{"rendered":"\n<p>Les colles de feuilles, appel\u00e9es mixtion, sont parfaites pour appliquer la feuille sur des surfaces lisses et pas trop poreuses : mixtion \u00e0 base d&#8217;eau pour les surfaces \u00e0 porosit\u00e9 moyenne comme le bois, le pl\u00e2tre, le stuc et le papier ; mixtion \u00e0 base d&#8217;alcool pour les surfaces lisses et compactes telles que le m\u00e9tal, le plastique et le verre ; mixtion \u00e0 base d&#8217;huile pour la dorure en milieu ext\u00e9rieur.<\/p>\n","protected":false},"excerpt":{"rendered":"<p>Les colles de feuilles, appel\u00e9es mixtion, sont parfaites pour appliquer la feuille sur des surfaces lisses et pas trop poreuses : mixtion \u00e0 base d&#8217;eau pour les surfaces \u00e0 porosit\u00e9 moyenne comme le bois, le pl\u00e2tre, le stuc et le papier ; mixtion \u00e0 base d&#8217;alcool pour les surfaces lisses et compactes telles que le [&#8230;]<\/p>\n<p><a class=\"btn btn-secondary understrap-read-more-link\" href=\"https:\/\/www.manetti.com\/fr\/catalogue-produits\/accessoires-de-dorure\/dorure-a-lhuile\/\">Lire la suite&#8230;<\/a><\/p>\n","protected":false},"author":1,"featured_media":32099,"parent":31832,"menu_order":0,"comment_status":"closed","ping_status":"closed","template":"page-templates\/catalogo-dettaglio-accessori-doratura-template.php","meta":{"_acf_changed":false,"footnotes":""},"class_list":["post-32098","page","type-page","status-publish","has-post-thumbnail","hentry"],"acf":[],"yoast_head":"<!-- This site is optimized with the Yoast SEO plugin v26.5 - https:\/\/yoast.com\/wordpress\/plugins\/seo\/ -->\n<title>Mixtion \u00e0 dorer, pour feuille d&#039;or - Manetti<\/title>\n<meta name=\"description\" content=\"Est ce que tu cherches mixtion \u00e0 dorer? Manetti est leader international en la production de mixtion \u00e0 dorer gr\u00e2ce \u00e0 une exp\u00e9rience qui dure depuis 1600.\" \/>\n<meta name=\"robots\" content=\"index, follow, max-snippet:-1, max-image-preview:large, max-video-preview:-1\" \/>\n<link rel=\"canonical\" href=\"https:\/\/www.manetti.com\/fr\/catalogue-produits\/accessoires-de-dorure\/dorure-a-lhuile\/\" \/>\n<meta property=\"og:locale\" content=\"fr_FR\" \/>\n<meta property=\"og:type\" content=\"article\" \/>\n<meta property=\"og:title\" content=\"Mixtion \u00e0 dorer, pour feuille d&#039;or - Manetti\" \/>\n<meta property=\"og:description\" content=\"Est ce que tu cherches mixtion \u00e0 dorer? Manetti est leader international en la production de mixtion \u00e0 dorer gr\u00e2ce \u00e0 une exp\u00e9rience qui dure depuis 1600.\" \/>\n<meta property=\"og:url\" content=\"https:\/\/www.manetti.com\/fr\/catalogue-produits\/accessoires-de-dorure\/dorure-a-lhuile\/\" \/>\n<meta property=\"og:site_name\" content=\"Giusto Manetti Battiloro\" \/>\n<meta property=\"article:publisher\" content=\"https:\/\/www.facebook.com\/giustomanettibattiloro\" \/>\n<meta property=\"article:modified_time\" content=\"2023-04-27T10:25:27+00:00\" \/>\n<meta property=\"og:image\" content=\"https:\/\/www.manetti.com\/wp-content\/uploads\/2019\/12\/missioni.png\" \/>\n\t<meta property=\"og:image:width\" content=\"200\" \/>\n\t<meta property=\"og:image:height\" content=\"200\" \/>\n\t<meta property=\"og:image:type\" content=\"image\/png\" \/>\n<meta name=\"twitter:card\" content=\"summary_large_image\" \/>\n<meta name=\"twitter:label1\" content=\"Dur\u00e9e de lecture estim\u00e9e\" \/>\n\t<meta name=\"twitter:data1\" content=\"1 minute\" \/>\n<script type=\"application\/ld+json\" class=\"yoast-schema-graph\">{\"@context\":\"https:\/\/schema.org\",\"@graph\":[{\"@type\":\"WebPage\",\"@id\":\"https:\/\/www.manetti.com\/fr\/catalogue-produits\/accessoires-de-dorure\/dorure-a-lhuile\/\",\"url\":\"https:\/\/www.manetti.com\/fr\/catalogue-produits\/accessoires-de-dorure\/dorure-a-lhuile\/\",\"name\":\"Mixtion \u00e0 dorer, pour feuille d'or - Manetti\",\"isPartOf\":{\"@id\":\"https:\/\/www.manetti.com\/fr\/#website\"},\"primaryImageOfPage\":{\"@id\":\"https:\/\/www.manetti.com\/fr\/catalogue-produits\/accessoires-de-dorure\/dorure-a-lhuile\/#primaryimage\"},\"image\":{\"@id\":\"https:\/\/www.manetti.com\/fr\/catalogue-produits\/accessoires-de-dorure\/dorure-a-lhuile\/#primaryimage\"},\"thumbnailUrl\":\"https:\/\/www.manetti.com\/wp-content\/uploads\/2019\/12\/missioni.png\",\"datePublished\":\"2019-12-13T11:17:43+00:00\",\"dateModified\":\"2023-04-27T10:25:27+00:00\",\"description\":\"Est ce que tu cherches mixtion \u00e0 dorer? Manetti est leader international en la production de mixtion \u00e0 dorer gr\u00e2ce \u00e0 une exp\u00e9rience qui dure depuis 1600.\",\"inLanguage\":\"fr-FR\",\"potentialAction\":[{\"@type\":\"ReadAction\",\"target\":[\"https:\/\/www.manetti.com\/fr\/catalogue-produits\/accessoires-de-dorure\/dorure-a-lhuile\/\"]}]},{\"@type\":\"ImageObject\",\"inLanguage\":\"fr-FR\",\"@id\":\"https:\/\/www.manetti.com\/fr\/catalogue-produits\/accessoires-de-dorure\/dorure-a-lhuile\/#primaryimage\",\"url\":\"https:\/\/www.manetti.com\/wp-content\/uploads\/2019\/12\/missioni.png\",\"contentUrl\":\"https:\/\/www.manetti.com\/wp-content\/uploads\/2019\/12\/missioni.png\",\"width\":200,\"height\":200},{\"@type\":\"WebSite\",\"@id\":\"https:\/\/www.manetti.com\/fr\/#website\",\"url\":\"https:\/\/www.manetti.com\/fr\/\",\"name\":\"Giusto Manetti Battiloro\",\"description\":\"\",\"publisher\":{\"@id\":\"https:\/\/www.manetti.com\/fr\/#organization\"},\"potentialAction\":[{\"@type\":\"SearchAction\",\"target\":{\"@type\":\"EntryPoint\",\"urlTemplate\":\"https:\/\/www.manetti.com\/fr\/?s={search_term_string}\"},\"query-input\":{\"@type\":\"PropertyValueSpecification\",\"valueRequired\":true,\"valueName\":\"search_term_string\"}}],\"inLanguage\":\"fr-FR\"},{\"@type\":\"Organization\",\"@id\":\"https:\/\/www.manetti.com\/fr\/#organization\",\"name\":\"GIUSTO MANETTI BATTILORO S.P.A.\",\"url\":\"https:\/\/www.manetti.com\/fr\/\",\"logo\":{\"@type\":\"ImageObject\",\"inLanguage\":\"fr-FR\",\"@id\":\"https:\/\/www.manetti.com\/fr\/#\/schema\/logo\/image\/\",\"url\":\"https:\/\/www.manetti.com\/wp-content\/uploads\/2025\/02\/giusto-manetti-blu_300-02.png\",\"contentUrl\":\"https:\/\/www.manetti.com\/wp-content\/uploads\/2025\/02\/giusto-manetti-blu_300-02.png\",\"width\":1123,\"height\":1093,\"caption\":\"GIUSTO MANETTI BATTILORO S.P.A.\"},\"image\":{\"@id\":\"https:\/\/www.manetti.com\/fr\/#\/schema\/logo\/image\/\"},\"sameAs\":[\"https:\/\/www.facebook.com\/giustomanettibattiloro\",\"https:\/\/www.instagram.com\/giustomanettibattiloro\/\",\"https:\/\/www.linkedin.com\/company\/giusto-manetti-battiloro-s-p-a-\/\",\"https:\/\/www.youtube.com\/user\/ManettiBattiloro\"]}]}<\/script>\n<!-- \/ Yoast SEO plugin. -->","yoast_head_json":{"title":"Mixtion \u00e0 dorer, pour feuille d'or - Manetti","description":"Est ce que tu cherches mixtion \u00e0 dorer? Manetti est leader international en la production de mixtion \u00e0 dorer gr\u00e2ce \u00e0 une exp\u00e9rience qui dure depuis 1600.","robots":{"index":"index","follow":"follow","max-snippet":"max-snippet:-1","max-image-preview":"max-image-preview:large","max-video-preview":"max-video-preview:-1"},"canonical":"https:\/\/www.manetti.com\/fr\/catalogue-produits\/accessoires-de-dorure\/dorure-a-lhuile\/","og_locale":"fr_FR","og_type":"article","og_title":"Mixtion \u00e0 dorer, pour feuille d'or - Manetti","og_description":"Est ce que tu cherches mixtion \u00e0 dorer? Manetti est leader international en la production de mixtion \u00e0 dorer gr\u00e2ce \u00e0 une exp\u00e9rience qui dure depuis 1600.","og_url":"https:\/\/www.manetti.com\/fr\/catalogue-produits\/accessoires-de-dorure\/dorure-a-lhuile\/","og_site_name":"Giusto Manetti Battiloro","article_publisher":"https:\/\/www.facebook.com\/giustomanettibattiloro","article_modified_time":"2023-04-27T10:25:27+00:00","og_image":[{"width":200,"height":200,"url":"https:\/\/www.manetti.com\/wp-content\/uploads\/2019\/12\/missioni.png","type":"image\/png"}],"twitter_card":"summary_large_image","twitter_misc":{"Dur\u00e9e de lecture estim\u00e9e":"1 minute"},"schema":{"@context":"https:\/\/schema.org","@graph":[{"@type":"WebPage","@id":"https:\/\/www.manetti.com\/fr\/catalogue-produits\/accessoires-de-dorure\/dorure-a-lhuile\/","url":"https:\/\/www.manetti.com\/fr\/catalogue-produits\/accessoires-de-dorure\/dorure-a-lhuile\/","name":"Mixtion \u00e0 dorer, pour feuille d'or - Manetti","isPartOf":{"@id":"https:\/\/www.manetti.com\/fr\/#website"},"primaryImageOfPage":{"@id":"https:\/\/www.manetti.com\/fr\/catalogue-produits\/accessoires-de-dorure\/dorure-a-lhuile\/#primaryimage"},"image":{"@id":"https:\/\/www.manetti.com\/fr\/catalogue-produits\/accessoires-de-dorure\/dorure-a-lhuile\/#primaryimage"},"thumbnailUrl":"https:\/\/www.manetti.com\/wp-content\/uploads\/2019\/12\/missioni.png","datePublished":"2019-12-13T11:17:43+00:00","dateModified":"2023-04-27T10:25:27+00:00","description":"Est ce que tu cherches mixtion \u00e0 dorer? Manetti est leader international en la production de mixtion \u00e0 dorer gr\u00e2ce \u00e0 une exp\u00e9rience qui dure depuis 1600.","inLanguage":"fr-FR","potentialAction":[{"@type":"ReadAction","target":["https:\/\/www.manetti.com\/fr\/catalogue-produits\/accessoires-de-dorure\/dorure-a-lhuile\/"]}]},{"@type":"ImageObject","inLanguage":"fr-FR","@id":"https:\/\/www.manetti.com\/fr\/catalogue-produits\/accessoires-de-dorure\/dorure-a-lhuile\/#primaryimage","url":"https:\/\/www.manetti.com\/wp-content\/uploads\/2019\/12\/missioni.png","contentUrl":"https:\/\/www.manetti.com\/wp-content\/uploads\/2019\/12\/missioni.png","width":200,"height":200},{"@type":"WebSite","@id":"https:\/\/www.manetti.com\/fr\/#website","url":"https:\/\/www.manetti.com\/fr\/","name":"Giusto Manetti Battiloro","description":"","publisher":{"@id":"https:\/\/www.manetti.com\/fr\/#organization"},"potentialAction":[{"@type":"SearchAction","target":{"@type":"EntryPoint","urlTemplate":"https:\/\/www.manetti.com\/fr\/?s={search_term_string}"},"query-input":{"@type":"PropertyValueSpecification","valueRequired":true,"valueName":"search_term_string"}}],"inLanguage":"fr-FR"},{"@type":"Organization","@id":"https:\/\/www.manetti.com\/fr\/#organization","name":"GIUSTO MANETTI BATTILORO S.P.A.","url":"https:\/\/www.manetti.com\/fr\/","logo":{"@type":"ImageObject","inLanguage":"fr-FR","@id":"https:\/\/www.manetti.com\/fr\/#\/schema\/logo\/image\/","url":"https:\/\/www.manetti.com\/wp-content\/uploads\/2025\/02\/giusto-manetti-blu_300-02.png","contentUrl":"https:\/\/www.manetti.com\/wp-content\/uploads\/2025\/02\/giusto-manetti-blu_300-02.png","width":1123,"height":1093,"caption":"GIUSTO MANETTI BATTILORO S.P.A."},"image":{"@id":"https:\/\/www.manetti.com\/fr\/#\/schema\/logo\/image\/"},"sameAs":["https:\/\/www.facebook.com\/giustomanettibattiloro","https:\/\/www.instagram.com\/giustomanettibattiloro\/","https:\/\/www.linkedin.com\/company\/giusto-manetti-battiloro-s-p-a-\/","https:\/\/www.youtube.com\/user\/ManettiBattiloro"]}]}},"_links":{"self":[{"href":"https:\/\/www.manetti.com\/fr\/wp-json\/wp\/v2\/pages\/32098","targetHints":{"allow":["GET"]}}],"collection":[{"href":"https:\/\/www.manetti.com\/fr\/wp-json\/wp\/v2\/pages"}],"about":[{"href":"https:\/\/www.manetti.com\/fr\/wp-json\/wp\/v2\/types\/page"}],"author":[{"embeddable":true,"href":"https:\/\/www.manetti.com\/fr\/wp-json\/wp\/v2\/users\/1"}],"replies":[{"embeddable":true,"href":"https:\/\/www.manetti.com\/fr\/wp-json\/wp\/v2\/comments?post=32098"}],"version-history":[{"count":0,"href":"https:\/\/www.manetti.com\/fr\/wp-json\/wp\/v2\/pages\/32098\/revisions"}],"up":[{"embeddable":true,"href":"https:\/\/www.manetti.com\/fr\/wp-json\/wp\/v2\/pages\/31832"}],"wp:featuredmedia":[{"embeddable":true,"href":"https:\/\/www.manetti.com\/fr\/wp-json\/wp\/v2\/media\/32099"}],"wp:attachment":[{"href":"https:\/\/www.manetti.com\/fr\/wp-json\/wp\/v2\/media?parent=32098"}],"curies":[{"name":"wp","href":"https:\/\/api.w.org\/{rel}","templated":true}]}}