{"id":32449,"date":"2020-01-31T09:45:55","date_gmt":"2020-01-31T08:45:55","guid":{"rendered":"https:\/\/www.manetti.com\/formato\/"},"modified":"2021-06-07T14:59:16","modified_gmt":"2021-06-07T12:59:16","slug":"format","status":"publish","type":"page","link":"https:\/\/www.manetti.com\/fr\/home\/format\/","title":{"rendered":"Format"},"content":{"rendered":"\n<h2 class=\"wp-block-heading\">APPRONDISSEMENT : LE MEILLEUR FORMAT DE FEUILLE POUR LES DIFF\u00c9RENTES EXIGENCES DE DORURE<\/h2>\n\n\n\n<p>La feuille en livret est disponible \u00e0 la fois dans le format libre traditionnel et dans le format \u00e0 d\u00e9calque.<\/p>\n\n\n\n<h2 class=\"wp-block-heading\">Feuille libre<\/h2>\n\n\n\n<div class=\"wp-block-columns is-layout-flex wp-container-core-columns-is-layout-1 wp-block-columns-is-layout-flex\">\n<div class=\"wp-block-column is-layout-flow wp-block-column-is-layout-flow\">\n<figure class=\"wp-block-image size-large\"><img loading=\"lazy\" decoding=\"async\" width=\"1024\" height=\"682\" src=\"https:\/\/www.manetti.com\/wp-content\/uploads\/2020\/04\/FogliaOro_FogliaLibera-2-1024x682.png\" alt=\"\" class=\"wp-image-7738\" srcset=\"https:\/\/www.manetti.com\/wp-content\/uploads\/2020\/04\/FogliaOro_FogliaLibera-2-1024x682.png 1024w, https:\/\/www.manetti.com\/wp-content\/uploads\/2020\/04\/FogliaOro_FogliaLibera-2-300x200.png 300w, https:\/\/www.manetti.com\/wp-content\/uploads\/2020\/04\/FogliaOro_FogliaLibera-2-768x512.png 768w, https:\/\/www.manetti.com\/wp-content\/uploads\/2020\/04\/FogliaOro_FogliaLibera-2-600x400.png 600w, https:\/\/www.manetti.com\/wp-content\/uploads\/2020\/04\/FogliaOro_FogliaLibera-2.png 1037w\" sizes=\"auto, (max-width: 1024px) 100vw, 1024px\" \/><\/figure>\n<\/div>\n\n\n\n<div class=\"wp-block-column is-layout-flow wp-block-column-is-layout-flow\">\n<figure class=\"wp-block-image size-large\"><img loading=\"lazy\" decoding=\"async\" width=\"1024\" height=\"682\" src=\"https:\/\/www.manetti.com\/wp-content\/uploads\/2020\/04\/FogliaArgento_FogliaLibera-2-1024x682.png\" alt=\"\" class=\"wp-image-7736\" srcset=\"https:\/\/www.manetti.com\/wp-content\/uploads\/2020\/04\/FogliaArgento_FogliaLibera-2-1024x682.png 1024w, https:\/\/www.manetti.com\/wp-content\/uploads\/2020\/04\/FogliaArgento_FogliaLibera-2-300x200.png 300w, https:\/\/www.manetti.com\/wp-content\/uploads\/2020\/04\/FogliaArgento_FogliaLibera-2-768x512.png 768w, https:\/\/www.manetti.com\/wp-content\/uploads\/2020\/04\/FogliaArgento_FogliaLibera-2-600x400.png 600w, https:\/\/www.manetti.com\/wp-content\/uploads\/2020\/04\/FogliaArgento_FogliaLibera-2.png 1037w\" sizes=\"auto, (max-width: 1024px) 100vw, 1024px\" \/><\/figure>\n\n\n\n<p>&nbsp;<\/p>\n<\/div>\n<\/div>\n\n\n\n<p>La feuille libre est toujours utilis\u00e9e pour la d\u00e9coration des surfaces sculpt\u00e9es. Elle est aussi parfois utilis\u00e9e dans la d\u00e9coration de surfaces lisses o\u00f9 le doreur pr\u00e9f\u00e8re son utilisation \u00e0 la feuille \u00e0 d\u00e9calque.<\/p>\n\n\n\n<p>Selon le type de travail, pour l&#8217;application de la feuille libre, il peut \u00eatre n\u00e9cessaire d&#8217;utiliser des outils sp\u00e9ciaux tels que des brosses en poils d\u2019\u00e9cureuil, disponibles en diff\u00e9rentes tailles en fonction de la taille de la feuille.<\/p>\n\n\n\n<p>Afin de d\u00e9corer des surfaces de toutes sortes et de toutes tailles, il peut \u00e9galement \u00eatre n\u00e9cessaire de couper la feuille en plus petites portions \u00e0 l&#8217;aide d&#8217;un couteau sp\u00e9cifique et d&#8217;un coussin sp\u00e9cial.<\/p>\n\n\n\n<h2 class=\"wp-block-heading\">Feuille \u00e0 d\u00e9calque<\/h2>\n\n\n\n<div class=\"wp-block-columns is-layout-flex wp-container-core-columns-is-layout-2 wp-block-columns-is-layout-flex\">\n<div class=\"wp-block-column is-layout-flow wp-block-column-is-layout-flow\">\n<figure class=\"wp-block-image size-large\"><img loading=\"lazy\" decoding=\"async\" width=\"1010\" height=\"673\" src=\"https:\/\/www.manetti.com\/wp-content\/uploads\/2020\/04\/FogliaOro_FogliaADecalco.png\" alt=\"\" class=\"wp-image-7740\" srcset=\"https:\/\/www.manetti.com\/wp-content\/uploads\/2020\/04\/FogliaOro_FogliaADecalco.png 1010w, https:\/\/www.manetti.com\/wp-content\/uploads\/2020\/04\/FogliaOro_FogliaADecalco-300x200.png 300w, https:\/\/www.manetti.com\/wp-content\/uploads\/2020\/04\/FogliaOro_FogliaADecalco-768x512.png 768w, https:\/\/www.manetti.com\/wp-content\/uploads\/2020\/04\/FogliaOro_FogliaADecalco-600x400.png 600w\" sizes=\"auto, (max-width: 1010px) 100vw, 1010px\" \/><\/figure>\n<\/div>\n\n\n\n<div class=\"wp-block-column is-layout-flow wp-block-column-is-layout-flow\">\n<figure class=\"wp-block-image size-large\"><img loading=\"lazy\" decoding=\"async\" width=\"1010\" height=\"673\" src=\"https:\/\/www.manetti.com\/wp-content\/uploads\/2020\/04\/FogliaArgento_FogliaADecalco.png\" alt=\"\" class=\"wp-image-7742\" srcset=\"https:\/\/www.manetti.com\/wp-content\/uploads\/2020\/04\/FogliaArgento_FogliaADecalco.png 1010w, https:\/\/www.manetti.com\/wp-content\/uploads\/2020\/04\/FogliaArgento_FogliaADecalco-300x200.png 300w, https:\/\/www.manetti.com\/wp-content\/uploads\/2020\/04\/FogliaArgento_FogliaADecalco-768x512.png 768w, https:\/\/www.manetti.com\/wp-content\/uploads\/2020\/04\/FogliaArgento_FogliaADecalco-600x400.png 600w\" sizes=\"auto, (max-width: 1010px) 100vw, 1010px\" \/><\/figure>\n<\/div>\n<\/div>\n\n\n\n<p>La feuille \u00e0 d\u00e9calque diff\u00e8re de la feuille libre car elle est plac\u00e9e sur un papier de soie, en saillie et extractible du livret, afin de faciliter et d&#8217;acc\u00e9l\u00e9rer sa prise et son application.<\/p>\n\n\n\n<p>Ce format est toujours appliqu\u00e9 avec la technique de la dorure de mixtion et est recommand\u00e9 exclusivement pour la d\u00e9coration de surfaces parfaitement lisses ou pour la dorure \u00e0 r\u00e9aliser en ext\u00e9rieur. Dans le format \u00e0 d\u00e9calque, la feuille adh\u00e8re au papier de soie par pression sans utiliser de colle.<\/p>\n\n\n\n<p>La feuille \u00e0 d\u00e9calque peut \u00e9galement \u00eatre coup\u00e9e avec des ciseaux ordinaires si n\u00e9cessaire pour fa\u00e7onner la portion d&#8217;or \u00e0 appliquer.<\/p>\n","protected":false},"excerpt":{"rendered":"<p>APPRONDISSEMENT : LE MEILLEUR FORMAT DE FEUILLE POUR LES DIFF\u00c9RENTES EXIGENCES DE DORURE La feuille en livret est disponible \u00e0 la fois dans le format libre traditionnel et dans le format \u00e0 d\u00e9calque. Feuille libre &nbsp; La feuille libre est toujours utilis\u00e9e pour la d\u00e9coration des surfaces sculpt\u00e9es. Elle est aussi parfois utilis\u00e9e dans la [&#8230;]<\/p>\n<p><a class=\"btn btn-secondary understrap-read-more-link\" href=\"https:\/\/www.manetti.com\/fr\/home\/format\/\">Lire la suite&#8230;<\/a><\/p>\n","protected":false},"author":1,"featured_media":0,"parent":32573,"menu_order":0,"comment_status":"closed","ping_status":"closed","template":"page-templates\/static_template.php","meta":{"_acf_changed":false,"footnotes":""},"class_list":["post-32449","page","type-page","status-publish","hentry"],"acf":[],"yoast_head":"<!-- This site is optimized with the Yoast SEO plugin v26.5 - https:\/\/yoast.com\/wordpress\/plugins\/seo\/ -->\n<title>Taille libre \/ d\u00e9calcomanie pour la feuille d&#039;or | Giusto Manetti Battiloro<\/title>\n<meta name=\"description\" content=\"La feuille dans les livres est disponible \u00e0 la fois sous forme libre traditionnelle et sous forme de transfert, pour de nombreuses techniques de dorure. En savoir plus!\" \/>\n<meta name=\"robots\" content=\"index, follow, max-snippet:-1, max-image-preview:large, max-video-preview:-1\" \/>\n<link rel=\"canonical\" href=\"https:\/\/www.manetti.com\/fr\/home\/format\/\" \/>\n<meta property=\"og:locale\" content=\"fr_FR\" \/>\n<meta property=\"og:type\" content=\"article\" \/>\n<meta property=\"og:title\" content=\"Taille libre \/ d\u00e9calcomanie pour la feuille d&#039;or | Giusto Manetti Battiloro\" \/>\n<meta property=\"og:description\" content=\"La feuille dans les livres est disponible \u00e0 la fois sous forme libre traditionnelle et sous forme de transfert, pour de nombreuses techniques de dorure. En savoir plus!\" \/>\n<meta property=\"og:url\" content=\"https:\/\/www.manetti.com\/fr\/home\/format\/\" \/>\n<meta property=\"og:site_name\" content=\"Giusto Manetti Battiloro\" \/>\n<meta property=\"article:publisher\" content=\"https:\/\/www.facebook.com\/giustomanettibattiloro\" \/>\n<meta property=\"article:modified_time\" content=\"2021-06-07T12:59:16+00:00\" \/>\n<meta property=\"og:image\" content=\"https:\/\/www.manetti.com\/wp-content\/uploads\/2020\/04\/FogliaOro_FogliaLibera-2-1024x682.png\" \/>\n<meta name=\"twitter:card\" content=\"summary_large_image\" \/>\n<meta name=\"twitter:label1\" content=\"Dur\u00e9e de lecture estim\u00e9e\" \/>\n\t<meta name=\"twitter:data1\" content=\"2 minutes\" \/>\n<script type=\"application\/ld+json\" class=\"yoast-schema-graph\">{\"@context\":\"https:\/\/schema.org\",\"@graph\":[{\"@type\":\"WebPage\",\"@id\":\"https:\/\/www.manetti.com\/fr\/home\/format\/\",\"url\":\"https:\/\/www.manetti.com\/fr\/home\/format\/\",\"name\":\"Taille libre \/ d\u00e9calcomanie pour la feuille d'or | Giusto Manetti Battiloro\",\"isPartOf\":{\"@id\":\"https:\/\/www.manetti.com\/fr\/#website\"},\"primaryImageOfPage\":{\"@id\":\"https:\/\/www.manetti.com\/fr\/home\/format\/#primaryimage\"},\"image\":{\"@id\":\"https:\/\/www.manetti.com\/fr\/home\/format\/#primaryimage\"},\"thumbnailUrl\":\"https:\/\/www.manetti.com\/wp-content\/uploads\/2020\/04\/FogliaOro_FogliaLibera-2-1024x682.png\",\"datePublished\":\"2020-01-31T08:45:55+00:00\",\"dateModified\":\"2021-06-07T12:59:16+00:00\",\"description\":\"La feuille dans les livres est disponible \u00e0 la fois sous forme libre traditionnelle et sous forme de transfert, pour de nombreuses techniques de dorure. En savoir plus!\",\"inLanguage\":\"fr-FR\",\"potentialAction\":[{\"@type\":\"ReadAction\",\"target\":[\"https:\/\/www.manetti.com\/fr\/home\/format\/\"]}]},{\"@type\":\"ImageObject\",\"inLanguage\":\"fr-FR\",\"@id\":\"https:\/\/www.manetti.com\/fr\/home\/format\/#primaryimage\",\"url\":\"https:\/\/www.manetti.com\/wp-content\/uploads\/2020\/04\/FogliaOro_FogliaLibera-2-1024x682.png\",\"contentUrl\":\"https:\/\/www.manetti.com\/wp-content\/uploads\/2020\/04\/FogliaOro_FogliaLibera-2-1024x682.png\"},{\"@type\":\"WebSite\",\"@id\":\"https:\/\/www.manetti.com\/fr\/#website\",\"url\":\"https:\/\/www.manetti.com\/fr\/\",\"name\":\"Giusto Manetti Battiloro\",\"description\":\"\",\"publisher\":{\"@id\":\"https:\/\/www.manetti.com\/fr\/#organization\"},\"potentialAction\":[{\"@type\":\"SearchAction\",\"target\":{\"@type\":\"EntryPoint\",\"urlTemplate\":\"https:\/\/www.manetti.com\/fr\/?s={search_term_string}\"},\"query-input\":{\"@type\":\"PropertyValueSpecification\",\"valueRequired\":true,\"valueName\":\"search_term_string\"}}],\"inLanguage\":\"fr-FR\"},{\"@type\":\"Organization\",\"@id\":\"https:\/\/www.manetti.com\/fr\/#organization\",\"name\":\"GIUSTO MANETTI BATTILORO S.P.A.\",\"url\":\"https:\/\/www.manetti.com\/fr\/\",\"logo\":{\"@type\":\"ImageObject\",\"inLanguage\":\"fr-FR\",\"@id\":\"https:\/\/www.manetti.com\/fr\/#\/schema\/logo\/image\/\",\"url\":\"https:\/\/www.manetti.com\/wp-content\/uploads\/2025\/02\/giusto-manetti-blu_300-02.png\",\"contentUrl\":\"https:\/\/www.manetti.com\/wp-content\/uploads\/2025\/02\/giusto-manetti-blu_300-02.png\",\"width\":1123,\"height\":1093,\"caption\":\"GIUSTO MANETTI BATTILORO S.P.A.\"},\"image\":{\"@id\":\"https:\/\/www.manetti.com\/fr\/#\/schema\/logo\/image\/\"},\"sameAs\":[\"https:\/\/www.facebook.com\/giustomanettibattiloro\",\"https:\/\/www.instagram.com\/giustomanettibattiloro\/\",\"https:\/\/www.linkedin.com\/company\/giusto-manetti-battiloro-s-p-a-\/\",\"https:\/\/www.youtube.com\/user\/ManettiBattiloro\"]}]}<\/script>\n<!-- \/ Yoast SEO plugin. -->","yoast_head_json":{"title":"Taille libre \/ d\u00e9calcomanie pour la feuille d'or | Giusto Manetti Battiloro","description":"La feuille dans les livres est disponible \u00e0 la fois sous forme libre traditionnelle et sous forme de transfert, pour de nombreuses techniques de dorure. En savoir plus!","robots":{"index":"index","follow":"follow","max-snippet":"max-snippet:-1","max-image-preview":"max-image-preview:large","max-video-preview":"max-video-preview:-1"},"canonical":"https:\/\/www.manetti.com\/fr\/home\/format\/","og_locale":"fr_FR","og_type":"article","og_title":"Taille libre \/ d\u00e9calcomanie pour la feuille d'or | Giusto Manetti Battiloro","og_description":"La feuille dans les livres est disponible \u00e0 la fois sous forme libre traditionnelle et sous forme de transfert, pour de nombreuses techniques de dorure. En savoir plus!","og_url":"https:\/\/www.manetti.com\/fr\/home\/format\/","og_site_name":"Giusto Manetti Battiloro","article_publisher":"https:\/\/www.facebook.com\/giustomanettibattiloro","article_modified_time":"2021-06-07T12:59:16+00:00","og_image":[{"url":"https:\/\/www.manetti.com\/wp-content\/uploads\/2020\/04\/FogliaOro_FogliaLibera-2-1024x682.png","type":"","width":"","height":""}],"twitter_card":"summary_large_image","twitter_misc":{"Dur\u00e9e de lecture estim\u00e9e":"2 minutes"},"schema":{"@context":"https:\/\/schema.org","@graph":[{"@type":"WebPage","@id":"https:\/\/www.manetti.com\/fr\/home\/format\/","url":"https:\/\/www.manetti.com\/fr\/home\/format\/","name":"Taille libre \/ d\u00e9calcomanie pour la feuille d'or | Giusto Manetti Battiloro","isPartOf":{"@id":"https:\/\/www.manetti.com\/fr\/#website"},"primaryImageOfPage":{"@id":"https:\/\/www.manetti.com\/fr\/home\/format\/#primaryimage"},"image":{"@id":"https:\/\/www.manetti.com\/fr\/home\/format\/#primaryimage"},"thumbnailUrl":"https:\/\/www.manetti.com\/wp-content\/uploads\/2020\/04\/FogliaOro_FogliaLibera-2-1024x682.png","datePublished":"2020-01-31T08:45:55+00:00","dateModified":"2021-06-07T12:59:16+00:00","description":"La feuille dans les livres est disponible \u00e0 la fois sous forme libre traditionnelle et sous forme de transfert, pour de nombreuses techniques de dorure. En savoir plus!","inLanguage":"fr-FR","potentialAction":[{"@type":"ReadAction","target":["https:\/\/www.manetti.com\/fr\/home\/format\/"]}]},{"@type":"ImageObject","inLanguage":"fr-FR","@id":"https:\/\/www.manetti.com\/fr\/home\/format\/#primaryimage","url":"https:\/\/www.manetti.com\/wp-content\/uploads\/2020\/04\/FogliaOro_FogliaLibera-2-1024x682.png","contentUrl":"https:\/\/www.manetti.com\/wp-content\/uploads\/2020\/04\/FogliaOro_FogliaLibera-2-1024x682.png"},{"@type":"WebSite","@id":"https:\/\/www.manetti.com\/fr\/#website","url":"https:\/\/www.manetti.com\/fr\/","name":"Giusto Manetti Battiloro","description":"","publisher":{"@id":"https:\/\/www.manetti.com\/fr\/#organization"},"potentialAction":[{"@type":"SearchAction","target":{"@type":"EntryPoint","urlTemplate":"https:\/\/www.manetti.com\/fr\/?s={search_term_string}"},"query-input":{"@type":"PropertyValueSpecification","valueRequired":true,"valueName":"search_term_string"}}],"inLanguage":"fr-FR"},{"@type":"Organization","@id":"https:\/\/www.manetti.com\/fr\/#organization","name":"GIUSTO MANETTI BATTILORO S.P.A.","url":"https:\/\/www.manetti.com\/fr\/","logo":{"@type":"ImageObject","inLanguage":"fr-FR","@id":"https:\/\/www.manetti.com\/fr\/#\/schema\/logo\/image\/","url":"https:\/\/www.manetti.com\/wp-content\/uploads\/2025\/02\/giusto-manetti-blu_300-02.png","contentUrl":"https:\/\/www.manetti.com\/wp-content\/uploads\/2025\/02\/giusto-manetti-blu_300-02.png","width":1123,"height":1093,"caption":"GIUSTO MANETTI BATTILORO S.P.A."},"image":{"@id":"https:\/\/www.manetti.com\/fr\/#\/schema\/logo\/image\/"},"sameAs":["https:\/\/www.facebook.com\/giustomanettibattiloro","https:\/\/www.instagram.com\/giustomanettibattiloro\/","https:\/\/www.linkedin.com\/company\/giusto-manetti-battiloro-s-p-a-\/","https:\/\/www.youtube.com\/user\/ManettiBattiloro"]}]}},"_links":{"self":[{"href":"https:\/\/www.manetti.com\/fr\/wp-json\/wp\/v2\/pages\/32449","targetHints":{"allow":["GET"]}}],"collection":[{"href":"https:\/\/www.manetti.com\/fr\/wp-json\/wp\/v2\/pages"}],"about":[{"href":"https:\/\/www.manetti.com\/fr\/wp-json\/wp\/v2\/types\/page"}],"author":[{"embeddable":true,"href":"https:\/\/www.manetti.com\/fr\/wp-json\/wp\/v2\/users\/1"}],"replies":[{"embeddable":true,"href":"https:\/\/www.manetti.com\/fr\/wp-json\/wp\/v2\/comments?post=32449"}],"version-history":[{"count":0,"href":"https:\/\/www.manetti.com\/fr\/wp-json\/wp\/v2\/pages\/32449\/revisions"}],"up":[{"embeddable":true,"href":"https:\/\/www.manetti.com\/fr\/wp-json\/wp\/v2\/pages\/32573"}],"wp:attachment":[{"href":"https:\/\/www.manetti.com\/fr\/wp-json\/wp\/v2\/media?parent=32449"}],"curies":[{"name":"wp","href":"https:\/\/api.w.org\/{rel}","templated":true}]}}