{"id":32478,"date":"2019-05-07T08:14:33","date_gmt":"2019-05-07T06:14:33","guid":{"rendered":"https:\/\/www.manetti.com\/?page_id=32478"},"modified":"2024-02-12T16:16:39","modified_gmt":"2024-02-12T15:16:39","slug":"evenements-et-actualites","status":"publish","type":"page","link":"https:\/\/www.manetti.com\/fr\/a-propos-de-nous\/connaissances\/evenements-et-actualites\/","title":{"rendered":"Ev\u00e9nements et actualit\u00e9s"},"content":{"rendered":"","protected":false},"excerpt":{"rendered":"<p> [&#8230;]<\/p>\n<p><a class=\"btn btn-secondary understrap-read-more-link\" href=\"https:\/\/www.manetti.com\/fr\/a-propos-de-nous\/connaissances\/evenements-et-actualites\/\">Lire la suite&#8230;<\/a><\/p>\n","protected":false},"author":359,"featured_media":70103,"parent":68105,"menu_order":0,"comment_status":"closed","ping_status":"closed","template":"page-templates\/news-template.php","meta":{"_acf_changed":false,"footnotes":""},"class_list":["post-32478","page","type-page","status-publish","has-post-thumbnail","hentry"],"acf":[],"yoast_head":"<!-- This site is optimized with the Yoast SEO plugin v26.5 - https:\/\/yoast.com\/wordpress\/plugins\/seo\/ -->\n<title>Ev\u00e9nements et actualit\u00e9s | Giusto Manetti Battiloro<\/title>\n<meta name=\"description\" content=\"\u00c9v\u00e9nements et actualit\u00e9s de la soci\u00e9t\u00e9 Giusto Manetti Battiloro, leader dans la production de feuilles d&#039;or, avec plus de 400 ans d&#039;histoire.\" \/>\n<meta name=\"robots\" content=\"noindex, follow\" \/>\n<meta property=\"og:locale\" content=\"fr_FR\" \/>\n<meta property=\"og:type\" content=\"article\" \/>\n<meta property=\"og:title\" content=\"Ev\u00e9nements et actualit\u00e9s | Giusto Manetti Battiloro\" \/>\n<meta property=\"og:description\" content=\"\u00c9v\u00e9nements et actualit\u00e9s de la soci\u00e9t\u00e9 Giusto Manetti Battiloro, leader dans la production de feuilles d&#039;or, avec plus de 400 ans d&#039;histoire.\" \/>\n<meta property=\"og:url\" content=\"https:\/\/www.manetti.com\/fr\/a-propos-de-nous\/connaissances\/evenements-et-actualites\/\" \/>\n<meta property=\"og:site_name\" content=\"Giusto Manetti Battiloro\" \/>\n<meta property=\"article:publisher\" content=\"https:\/\/www.facebook.com\/giustomanettibattiloro\" \/>\n<meta property=\"article:modified_time\" content=\"2024-02-12T15:16:39+00:00\" \/>\n<meta property=\"og:image\" content=\"https:\/\/www.manetti.com\/wp-content\/uploads\/2024\/02\/Eventi-news_cover.jpg\" \/>\n\t<meta property=\"og:image:width\" content=\"450\" \/>\n\t<meta property=\"og:image:height\" content=\"450\" \/>\n\t<meta property=\"og:image:type\" content=\"image\/jpeg\" \/>\n<meta name=\"twitter:card\" content=\"summary_large_image\" \/>\n<script type=\"application\/ld+json\" class=\"yoast-schema-graph\">{\"@context\":\"https:\/\/schema.org\",\"@graph\":[{\"@type\":\"WebPage\",\"@id\":\"https:\/\/www.manetti.com\/fr\/a-propos-de-nous\/connaissances\/evenements-et-actualites\/\",\"url\":\"https:\/\/www.manetti.com\/fr\/a-propos-de-nous\/connaissances\/evenements-et-actualites\/\",\"name\":\"Ev\u00e9nements et actualit\u00e9s | Giusto Manetti Battiloro\",\"isPartOf\":{\"@id\":\"https:\/\/www.manetti.com\/fr\/#website\"},\"primaryImageOfPage\":{\"@id\":\"https:\/\/www.manetti.com\/fr\/a-propos-de-nous\/connaissances\/evenements-et-actualites\/#primaryimage\"},\"image\":{\"@id\":\"https:\/\/www.manetti.com\/fr\/a-propos-de-nous\/connaissances\/evenements-et-actualites\/#primaryimage\"},\"thumbnailUrl\":\"https:\/\/www.manetti.com\/wp-content\/uploads\/2024\/02\/Eventi-news_cover.jpg\",\"datePublished\":\"2019-05-07T06:14:33+00:00\",\"dateModified\":\"2024-02-12T15:16:39+00:00\",\"description\":\"\u00c9v\u00e9nements et actualit\u00e9s de la soci\u00e9t\u00e9 Giusto Manetti Battiloro, leader dans la production de feuilles d'or, avec plus de 400 ans d'histoire.\",\"inLanguage\":\"fr-FR\",\"potentialAction\":[{\"@type\":\"ReadAction\",\"target\":[\"https:\/\/www.manetti.com\/fr\/a-propos-de-nous\/connaissances\/evenements-et-actualites\/\"]}]},{\"@type\":\"ImageObject\",\"inLanguage\":\"fr-FR\",\"@id\":\"https:\/\/www.manetti.com\/fr\/a-propos-de-nous\/connaissances\/evenements-et-actualites\/#primaryimage\",\"url\":\"https:\/\/www.manetti.com\/wp-content\/uploads\/2024\/02\/Eventi-news_cover.jpg\",\"contentUrl\":\"https:\/\/www.manetti.com\/wp-content\/uploads\/2024\/02\/Eventi-news_cover.jpg\",\"width\":450,\"height\":450,\"caption\":\"Eventi e news\"},{\"@type\":\"WebSite\",\"@id\":\"https:\/\/www.manetti.com\/fr\/#website\",\"url\":\"https:\/\/www.manetti.com\/fr\/\",\"name\":\"Giusto Manetti Battiloro\",\"description\":\"\",\"publisher\":{\"@id\":\"https:\/\/www.manetti.com\/fr\/#organization\"},\"potentialAction\":[{\"@type\":\"SearchAction\",\"target\":{\"@type\":\"EntryPoint\",\"urlTemplate\":\"https:\/\/www.manetti.com\/fr\/?s={search_term_string}\"},\"query-input\":{\"@type\":\"PropertyValueSpecification\",\"valueRequired\":true,\"valueName\":\"search_term_string\"}}],\"inLanguage\":\"fr-FR\"},{\"@type\":\"Organization\",\"@id\":\"https:\/\/www.manetti.com\/fr\/#organization\",\"name\":\"GIUSTO MANETTI BATTILORO S.P.A.\",\"url\":\"https:\/\/www.manetti.com\/fr\/\",\"logo\":{\"@type\":\"ImageObject\",\"inLanguage\":\"fr-FR\",\"@id\":\"https:\/\/www.manetti.com\/fr\/#\/schema\/logo\/image\/\",\"url\":\"https:\/\/www.manetti.com\/wp-content\/uploads\/2025\/02\/giusto-manetti-blu_300-02.png\",\"contentUrl\":\"https:\/\/www.manetti.com\/wp-content\/uploads\/2025\/02\/giusto-manetti-blu_300-02.png\",\"width\":1123,\"height\":1093,\"caption\":\"GIUSTO MANETTI BATTILORO S.P.A.\"},\"image\":{\"@id\":\"https:\/\/www.manetti.com\/fr\/#\/schema\/logo\/image\/\"},\"sameAs\":[\"https:\/\/www.facebook.com\/giustomanettibattiloro\",\"https:\/\/www.instagram.com\/giustomanettibattiloro\/\",\"https:\/\/www.linkedin.com\/company\/giusto-manetti-battiloro-s-p-a-\/\",\"https:\/\/www.youtube.com\/user\/ManettiBattiloro\"]}]}<\/script>\n<!-- \/ Yoast SEO plugin. -->","yoast_head_json":{"title":"Ev\u00e9nements et actualit\u00e9s | Giusto Manetti Battiloro","description":"\u00c9v\u00e9nements et actualit\u00e9s de la soci\u00e9t\u00e9 Giusto Manetti Battiloro, leader dans la production de feuilles d'or, avec plus de 400 ans d'histoire.","robots":{"index":"noindex","follow":"follow"},"og_locale":"fr_FR","og_type":"article","og_title":"Ev\u00e9nements et actualit\u00e9s | Giusto Manetti Battiloro","og_description":"\u00c9v\u00e9nements et actualit\u00e9s de la soci\u00e9t\u00e9 Giusto Manetti Battiloro, leader dans la production de feuilles d'or, avec plus de 400 ans d'histoire.","og_url":"https:\/\/www.manetti.com\/fr\/a-propos-de-nous\/connaissances\/evenements-et-actualites\/","og_site_name":"Giusto Manetti Battiloro","article_publisher":"https:\/\/www.facebook.com\/giustomanettibattiloro","article_modified_time":"2024-02-12T15:16:39+00:00","og_image":[{"width":450,"height":450,"url":"https:\/\/www.manetti.com\/wp-content\/uploads\/2024\/02\/Eventi-news_cover.jpg","type":"image\/jpeg"}],"twitter_card":"summary_large_image","schema":{"@context":"https:\/\/schema.org","@graph":[{"@type":"WebPage","@id":"https:\/\/www.manetti.com\/fr\/a-propos-de-nous\/connaissances\/evenements-et-actualites\/","url":"https:\/\/www.manetti.com\/fr\/a-propos-de-nous\/connaissances\/evenements-et-actualites\/","name":"Ev\u00e9nements et actualit\u00e9s | Giusto Manetti Battiloro","isPartOf":{"@id":"https:\/\/www.manetti.com\/fr\/#website"},"primaryImageOfPage":{"@id":"https:\/\/www.manetti.com\/fr\/a-propos-de-nous\/connaissances\/evenements-et-actualites\/#primaryimage"},"image":{"@id":"https:\/\/www.manetti.com\/fr\/a-propos-de-nous\/connaissances\/evenements-et-actualites\/#primaryimage"},"thumbnailUrl":"https:\/\/www.manetti.com\/wp-content\/uploads\/2024\/02\/Eventi-news_cover.jpg","datePublished":"2019-05-07T06:14:33+00:00","dateModified":"2024-02-12T15:16:39+00:00","description":"\u00c9v\u00e9nements et actualit\u00e9s de la soci\u00e9t\u00e9 Giusto Manetti Battiloro, leader dans la production de feuilles d'or, avec plus de 400 ans d'histoire.","inLanguage":"fr-FR","potentialAction":[{"@type":"ReadAction","target":["https:\/\/www.manetti.com\/fr\/a-propos-de-nous\/connaissances\/evenements-et-actualites\/"]}]},{"@type":"ImageObject","inLanguage":"fr-FR","@id":"https:\/\/www.manetti.com\/fr\/a-propos-de-nous\/connaissances\/evenements-et-actualites\/#primaryimage","url":"https:\/\/www.manetti.com\/wp-content\/uploads\/2024\/02\/Eventi-news_cover.jpg","contentUrl":"https:\/\/www.manetti.com\/wp-content\/uploads\/2024\/02\/Eventi-news_cover.jpg","width":450,"height":450,"caption":"Eventi e news"},{"@type":"WebSite","@id":"https:\/\/www.manetti.com\/fr\/#website","url":"https:\/\/www.manetti.com\/fr\/","name":"Giusto Manetti Battiloro","description":"","publisher":{"@id":"https:\/\/www.manetti.com\/fr\/#organization"},"potentialAction":[{"@type":"SearchAction","target":{"@type":"EntryPoint","urlTemplate":"https:\/\/www.manetti.com\/fr\/?s={search_term_string}"},"query-input":{"@type":"PropertyValueSpecification","valueRequired":true,"valueName":"search_term_string"}}],"inLanguage":"fr-FR"},{"@type":"Organization","@id":"https:\/\/www.manetti.com\/fr\/#organization","name":"GIUSTO MANETTI BATTILORO S.P.A.","url":"https:\/\/www.manetti.com\/fr\/","logo":{"@type":"ImageObject","inLanguage":"fr-FR","@id":"https:\/\/www.manetti.com\/fr\/#\/schema\/logo\/image\/","url":"https:\/\/www.manetti.com\/wp-content\/uploads\/2025\/02\/giusto-manetti-blu_300-02.png","contentUrl":"https:\/\/www.manetti.com\/wp-content\/uploads\/2025\/02\/giusto-manetti-blu_300-02.png","width":1123,"height":1093,"caption":"GIUSTO MANETTI BATTILORO S.P.A."},"image":{"@id":"https:\/\/www.manetti.com\/fr\/#\/schema\/logo\/image\/"},"sameAs":["https:\/\/www.facebook.com\/giustomanettibattiloro","https:\/\/www.instagram.com\/giustomanettibattiloro\/","https:\/\/www.linkedin.com\/company\/giusto-manetti-battiloro-s-p-a-\/","https:\/\/www.youtube.com\/user\/ManettiBattiloro"]}]}},"_links":{"self":[{"href":"https:\/\/www.manetti.com\/fr\/wp-json\/wp\/v2\/pages\/32478","targetHints":{"allow":["GET"]}}],"collection":[{"href":"https:\/\/www.manetti.com\/fr\/wp-json\/wp\/v2\/pages"}],"about":[{"href":"https:\/\/www.manetti.com\/fr\/wp-json\/wp\/v2\/types\/page"}],"author":[{"embeddable":true,"href":"https:\/\/www.manetti.com\/fr\/wp-json\/wp\/v2\/users\/359"}],"replies":[{"embeddable":true,"href":"https:\/\/www.manetti.com\/fr\/wp-json\/wp\/v2\/comments?post=32478"}],"version-history":[{"count":0,"href":"https:\/\/www.manetti.com\/fr\/wp-json\/wp\/v2\/pages\/32478\/revisions"}],"up":[{"embeddable":true,"href":"https:\/\/www.manetti.com\/fr\/wp-json\/wp\/v2\/pages\/68105"}],"wp:featuredmedia":[{"embeddable":true,"href":"https:\/\/www.manetti.com\/fr\/wp-json\/wp\/v2\/media\/70103"}],"wp:attachment":[{"href":"https:\/\/www.manetti.com\/fr\/wp-json\/wp\/v2\/media?parent=32478"}],"curies":[{"name":"wp","href":"https:\/\/api.w.org\/{rel}","templated":true}]}}