{"id":32501,"date":"2019-10-30T11:12:54","date_gmt":"2019-10-30T10:12:54","guid":{"rendered":"https:\/\/www.manetti.com\/gilding-academy\/"},"modified":"2022-07-07T17:05:37","modified_gmt":"2022-07-07T15:05:37","slug":"academie-dorure","status":"publish","type":"page","link":"https:\/\/www.manetti.com\/fr\/academie-dorure\/","title":{"rendered":"Acad\u00e9mie de la dorure : le guide complet de l&#8217;art de la dorure"},"content":{"rendered":"<p><strong>Tout ce que vous devez savoir sur la restauration ou la d\u00e9coration par la technique de la dorure <\/strong><\/p>\n<p><strong>Instructions, aper\u00e7us et conseils pour les applications dans les r\u00e8gles de l\u2019art <\/strong><\/p>\n<p>Dans cette section, Giusto Manetti Battiloro offre \u00e0 tous l&#8217;exp\u00e9rience acquise en plus de quatre cents ans d&#8217;activit\u00e9 et le savoir-faire des meilleurs doreurs avec lesquels il travaille. L&#8217;Acad\u00e9mie de la Dorure est un guide pratique des principales techniques de la dorure \u00e0 la feuille sur m\u00e9taux pr\u00e9cieux (or, argent, platine, palladium) et sur m\u00e9taux d&#8217;imitation (similor, aluminium, cuivre), des outils n\u00e9cessaires \u00e0 l&#8217;application, de l&#8217;analyse des mat\u00e9riaux et des surfaces. Gr\u00e2ce \u00e0 des conseils, des images et des vid\u00e9os, il est possible de d\u00e9couvrir le monde de <a href=\"https:\/\/www.manetti.com\/fr\/catalogue-produits\/feuille-or\/\" data-rich-text-format-boundary=\"true\">la feuille d&#8217;or<\/a> est le r\u00e9sultat d&#8217;une alchimie : pour la produire, il faut un grand savoir-faire artisanal, des technologies sophistiqu\u00e9es et une connaissance approfondie des secrets, ses utilisations dans la restauration, l&#8217;artisanat et le design, d&#8217;apprendre chaque \u00e9tape du processus et de conna\u00eetre les techniques les plus anciennes et les plus laborieuses (comme la dorure \u00e0 la d\u00e9trempe) et les plus modernes (comme la dorure \u00e0 mixtion et ses versions \u00e0 l&#8217;eau, \u00e0 l&#8217;alcool et au vernis).<\/p>\n<p>Chaque phase du processus est d\u00e9crite en d\u00e9tail, l&#8217;accent \u00e9tant mis sur les applications sur les mat\u00e9riaux les plus divers tels que le bois, le m\u00e9tal, le marbre, le verre, le plastique, le cuir, le papier et le carton.<\/p>\n","protected":false},"excerpt":{"rendered":"<p>Tout ce que vous devez savoir sur la restauration ou la d\u00e9coration par la technique de la dorure Instructions, aper\u00e7us et conseils pour les applications dans les r\u00e8gles de l\u2019art Dans cette section, Giusto Manetti Battiloro offre \u00e0 tous l&#8217;exp\u00e9rience acquise en plus de quatre cents ans d&#8217;activit\u00e9 et le savoir-faire des meilleurs doreurs avec [&#8230;]<\/p>\n<p><a class=\"btn btn-secondary understrap-read-more-link\" href=\"https:\/\/www.manetti.com\/fr\/academie-dorure\/\">Lire la suite&#8230;<\/a><\/p>\n","protected":false},"author":1,"featured_media":0,"parent":0,"menu_order":0,"comment_status":"closed","ping_status":"closed","template":"page-templates\/gilding-template.php","meta":{"_acf_changed":false,"footnotes":""},"class_list":["post-32501","page","type-page","status-publish","hentry"],"acf":[],"yoast_head":"<!-- This site is optimized with the Yoast SEO plugin v26.5 - https:\/\/yoast.com\/wordpress\/plugins\/seo\/ -->\n<title>Acad\u00e9mie de la dorure : le guide complet de l&#039;art de la dorure | Giusto Manetti Battiloro<\/title>\n<meta name=\"description\" content=\"Acc\u00e9dez aux tutoriels de la Gilding Academy de Giusto Manetti Battiloro pour d\u00e9couvrir toutes les astuces et techniques de l&#039;art de la dorure!\" \/>\n<meta name=\"robots\" content=\"index, follow, max-snippet:-1, max-image-preview:large, max-video-preview:-1\" \/>\n<link rel=\"canonical\" href=\"https:\/\/www.manetti.com\/fr\/academie-dorure\/\" \/>\n<meta property=\"og:locale\" content=\"fr_FR\" \/>\n<meta property=\"og:type\" content=\"article\" \/>\n<meta property=\"og:title\" content=\"Acad\u00e9mie de la dorure : le guide complet de l&#039;art de la dorure | Giusto Manetti Battiloro\" \/>\n<meta property=\"og:description\" content=\"Acc\u00e9dez aux tutoriels de la Gilding Academy de Giusto Manetti Battiloro pour d\u00e9couvrir toutes les astuces et techniques de l&#039;art de la dorure!\" \/>\n<meta property=\"og:url\" content=\"https:\/\/www.manetti.com\/fr\/academie-dorure\/\" \/>\n<meta property=\"og:site_name\" content=\"Giusto Manetti Battiloro\" \/>\n<meta property=\"article:publisher\" content=\"https:\/\/www.facebook.com\/giustomanettibattiloro\" \/>\n<meta property=\"article:modified_time\" content=\"2022-07-07T15:05:37+00:00\" \/>\n<meta name=\"twitter:card\" content=\"summary_large_image\" \/>\n<meta name=\"twitter:label1\" content=\"Dur\u00e9e de lecture estim\u00e9e\" \/>\n\t<meta name=\"twitter:data1\" content=\"2 minutes\" \/>\n<script type=\"application\/ld+json\" class=\"yoast-schema-graph\">{\"@context\":\"https:\/\/schema.org\",\"@graph\":[{\"@type\":\"WebPage\",\"@id\":\"https:\/\/www.manetti.com\/fr\/academie-dorure\/\",\"url\":\"https:\/\/www.manetti.com\/fr\/academie-dorure\/\",\"name\":\"Acad\u00e9mie de la dorure : le guide complet de l'art de la dorure | Giusto Manetti Battiloro\",\"isPartOf\":{\"@id\":\"https:\/\/www.manetti.com\/fr\/#website\"},\"datePublished\":\"2019-10-30T10:12:54+00:00\",\"dateModified\":\"2022-07-07T15:05:37+00:00\",\"description\":\"Acc\u00e9dez aux tutoriels de la Gilding Academy de Giusto Manetti Battiloro pour d\u00e9couvrir toutes les astuces et techniques de l'art de la dorure!\",\"inLanguage\":\"fr-FR\",\"potentialAction\":[{\"@type\":\"ReadAction\",\"target\":[\"https:\/\/www.manetti.com\/fr\/academie-dorure\/\"]}]},{\"@type\":\"WebSite\",\"@id\":\"https:\/\/www.manetti.com\/fr\/#website\",\"url\":\"https:\/\/www.manetti.com\/fr\/\",\"name\":\"Giusto Manetti Battiloro\",\"description\":\"\",\"publisher\":{\"@id\":\"https:\/\/www.manetti.com\/fr\/#organization\"},\"potentialAction\":[{\"@type\":\"SearchAction\",\"target\":{\"@type\":\"EntryPoint\",\"urlTemplate\":\"https:\/\/www.manetti.com\/fr\/?s={search_term_string}\"},\"query-input\":{\"@type\":\"PropertyValueSpecification\",\"valueRequired\":true,\"valueName\":\"search_term_string\"}}],\"inLanguage\":\"fr-FR\"},{\"@type\":\"Organization\",\"@id\":\"https:\/\/www.manetti.com\/fr\/#organization\",\"name\":\"GIUSTO MANETTI BATTILORO S.P.A.\",\"url\":\"https:\/\/www.manetti.com\/fr\/\",\"logo\":{\"@type\":\"ImageObject\",\"inLanguage\":\"fr-FR\",\"@id\":\"https:\/\/www.manetti.com\/fr\/#\/schema\/logo\/image\/\",\"url\":\"https:\/\/www.manetti.com\/wp-content\/uploads\/2025\/02\/giusto-manetti-blu_300-02.png\",\"contentUrl\":\"https:\/\/www.manetti.com\/wp-content\/uploads\/2025\/02\/giusto-manetti-blu_300-02.png\",\"width\":1123,\"height\":1093,\"caption\":\"GIUSTO MANETTI BATTILORO S.P.A.\"},\"image\":{\"@id\":\"https:\/\/www.manetti.com\/fr\/#\/schema\/logo\/image\/\"},\"sameAs\":[\"https:\/\/www.facebook.com\/giustomanettibattiloro\",\"https:\/\/www.instagram.com\/giustomanettibattiloro\/\",\"https:\/\/www.linkedin.com\/company\/giusto-manetti-battiloro-s-p-a-\/\",\"https:\/\/www.youtube.com\/user\/ManettiBattiloro\"]}]}<\/script>\n<!-- \/ Yoast SEO plugin. -->","yoast_head_json":{"title":"Acad\u00e9mie de la dorure : le guide complet de l'art de la dorure | Giusto Manetti Battiloro","description":"Acc\u00e9dez aux tutoriels de la Gilding Academy de Giusto Manetti Battiloro pour d\u00e9couvrir toutes les astuces et techniques de l'art de la dorure!","robots":{"index":"index","follow":"follow","max-snippet":"max-snippet:-1","max-image-preview":"max-image-preview:large","max-video-preview":"max-video-preview:-1"},"canonical":"https:\/\/www.manetti.com\/fr\/academie-dorure\/","og_locale":"fr_FR","og_type":"article","og_title":"Acad\u00e9mie de la dorure : le guide complet de l'art de la dorure | Giusto Manetti Battiloro","og_description":"Acc\u00e9dez aux tutoriels de la Gilding Academy de Giusto Manetti Battiloro pour d\u00e9couvrir toutes les astuces et techniques de l'art de la dorure!","og_url":"https:\/\/www.manetti.com\/fr\/academie-dorure\/","og_site_name":"Giusto Manetti Battiloro","article_publisher":"https:\/\/www.facebook.com\/giustomanettibattiloro","article_modified_time":"2022-07-07T15:05:37+00:00","twitter_card":"summary_large_image","twitter_misc":{"Dur\u00e9e de lecture estim\u00e9e":"2 minutes"},"schema":{"@context":"https:\/\/schema.org","@graph":[{"@type":"WebPage","@id":"https:\/\/www.manetti.com\/fr\/academie-dorure\/","url":"https:\/\/www.manetti.com\/fr\/academie-dorure\/","name":"Acad\u00e9mie de la dorure : le guide complet de l'art de la dorure | Giusto Manetti Battiloro","isPartOf":{"@id":"https:\/\/www.manetti.com\/fr\/#website"},"datePublished":"2019-10-30T10:12:54+00:00","dateModified":"2022-07-07T15:05:37+00:00","description":"Acc\u00e9dez aux tutoriels de la Gilding Academy de Giusto Manetti Battiloro pour d\u00e9couvrir toutes les astuces et techniques de l'art de la dorure!","inLanguage":"fr-FR","potentialAction":[{"@type":"ReadAction","target":["https:\/\/www.manetti.com\/fr\/academie-dorure\/"]}]},{"@type":"WebSite","@id":"https:\/\/www.manetti.com\/fr\/#website","url":"https:\/\/www.manetti.com\/fr\/","name":"Giusto Manetti Battiloro","description":"","publisher":{"@id":"https:\/\/www.manetti.com\/fr\/#organization"},"potentialAction":[{"@type":"SearchAction","target":{"@type":"EntryPoint","urlTemplate":"https:\/\/www.manetti.com\/fr\/?s={search_term_string}"},"query-input":{"@type":"PropertyValueSpecification","valueRequired":true,"valueName":"search_term_string"}}],"inLanguage":"fr-FR"},{"@type":"Organization","@id":"https:\/\/www.manetti.com\/fr\/#organization","name":"GIUSTO MANETTI BATTILORO S.P.A.","url":"https:\/\/www.manetti.com\/fr\/","logo":{"@type":"ImageObject","inLanguage":"fr-FR","@id":"https:\/\/www.manetti.com\/fr\/#\/schema\/logo\/image\/","url":"https:\/\/www.manetti.com\/wp-content\/uploads\/2025\/02\/giusto-manetti-blu_300-02.png","contentUrl":"https:\/\/www.manetti.com\/wp-content\/uploads\/2025\/02\/giusto-manetti-blu_300-02.png","width":1123,"height":1093,"caption":"GIUSTO MANETTI BATTILORO S.P.A."},"image":{"@id":"https:\/\/www.manetti.com\/fr\/#\/schema\/logo\/image\/"},"sameAs":["https:\/\/www.facebook.com\/giustomanettibattiloro","https:\/\/www.instagram.com\/giustomanettibattiloro\/","https:\/\/www.linkedin.com\/company\/giusto-manetti-battiloro-s-p-a-\/","https:\/\/www.youtube.com\/user\/ManettiBattiloro"]}]}},"_links":{"self":[{"href":"https:\/\/www.manetti.com\/fr\/wp-json\/wp\/v2\/pages\/32501","targetHints":{"allow":["GET"]}}],"collection":[{"href":"https:\/\/www.manetti.com\/fr\/wp-json\/wp\/v2\/pages"}],"about":[{"href":"https:\/\/www.manetti.com\/fr\/wp-json\/wp\/v2\/types\/page"}],"author":[{"embeddable":true,"href":"https:\/\/www.manetti.com\/fr\/wp-json\/wp\/v2\/users\/1"}],"replies":[{"embeddable":true,"href":"https:\/\/www.manetti.com\/fr\/wp-json\/wp\/v2\/comments?post=32501"}],"version-history":[{"count":0,"href":"https:\/\/www.manetti.com\/fr\/wp-json\/wp\/v2\/pages\/32501\/revisions"}],"wp:attachment":[{"href":"https:\/\/www.manetti.com\/fr\/wp-json\/wp\/v2\/media?parent=32501"}],"curies":[{"name":"wp","href":"https:\/\/api.w.org\/{rel}","templated":true}]}}