{"id":32573,"date":"2019-10-29T15:55:54","date_gmt":"2019-10-29T14:55:54","guid":{"rendered":"https:\/\/www.manetti.com\/home\/"},"modified":"2026-04-13T10:19:35","modified_gmt":"2026-04-13T08:19:35","slug":"home","status":"publish","type":"page","link":"https:\/\/www.manetti.com\/fr\/","title":{"rendered":"Home"},"content":{"rendered":"<h1 class=\"text-color\">Giusto Manetti Battiloro batteur d&#8217;or, fabricant de feuille d&#8217;or \u00e0 Florence depuis 1600<\/h1>\n<p><strong>Gardienne des traditions, mais toujours au pas avec son temps, notre famille transforme<\/strong> les m\u00e9taux pr\u00e9cieux en feuille <strong>depuis 1600. Manetti est batteur d&#8217;or depuis plus de 15 g\u00e9n\u00e9rations, un art dans lequel la famille est pass\u00e9e ma\u00eetre<\/strong>.<\/p>\n<p><a href=\"https:\/\/www.manetti.com\/fr\/catalogue-produits\/feuille-or\/\">Nous produisons de la feuille d\u2019or<\/a>, <a href=\"https:\/\/www.manetti.com\/fr\/catalogue-produits\/feuille-argent\/\">d\u2019argent<\/a>, de <a href=\"https:\/\/www.manetti.com\/fr\/catalogue-produits\/feuille-de-palladium\/\">palladium<\/a> et de platine <strong>100 % <\/strong><strong>Fabriqu\u00e9 en Italie<\/strong>, sur notre site de Campi Bisenzio, aux portes de Florence.<\/p>\n<p>L\u2019or Manetti et les autres produits portant notre marque font tous l\u2019objet de stricts contr\u00f4les qualit\u00e9 : nous garantissons <strong>l\u2019origine certifi\u00e9e<\/strong> de <strong>l\u2019or<\/strong> <strong>non-conflict<\/strong> et la<strong> tra\u00e7abilit\u00e9 des lots<\/strong>, \u00e0 chaque \u00e9tape de la production et ce, jusqu\u2019\u00e0 la commercialisation du produit fini.<\/p>\n<p>Proposer \u00e0 nos clients des feuilles de m\u00e9taux pr\u00e9cieux exige un savant m\u00e9lange entre <strong>technologies <\/strong>avant-gardistes et savoir-faire de nos <strong>artisans hautement qualifi\u00e9s, dont le ma\u00eetre-mot est<\/strong> l\u2019excellence.<\/p>\n<p>Notre site comprend des ateliers d\u00e9di\u00e9s, r\u00e9pondant \u00e0 toutes les normes sanitaires italiennes et europ\u00e9ennes pour la production <strong>d&#8217;or alimentaire<\/strong>, le must des cr\u00e9ations des grands Chefs internationaux, outre la <strong>feuille d\u2019or<\/strong> utilis\u00e9e pour les soins esth\u00e9tiques de la peau les plus exclusifs et la cosm\u00e9tique de luxe.<\/p>\n<p>Nous proposons gratuitement des conseils et services d\u00e9di\u00e9s pour tous nos clients dans le monde entier : <strong>nous sommes n\u00b01 mondial<\/strong> <strong>des fournisseurs de petites et grosses commandes de<\/strong> <strong>feuilles d\u2019or<\/strong>, mais aussi de feuilles d&#8217;argent, de platine, palladium et autres outils pour la dorure.<\/p>\n<p><strong>L\u2019or Manetti symbolise depuis plus de cinq si\u00e8cles cet ADN typiquement florentin, \u00e0 travers des produits d&#8217;excellence<\/strong>.<\/p>\n<div class=\"show_more\"><p class=\"wpsm-show\" style=\"color: #c39f5f; font-size: 100%; text-align: left;\"> En savoir plus<\/p><div class=\"wpsm-content\"><\/p>\n<h2>Les services d\u00e9di\u00e9s de Giusto Manetti Battiloro, la garantie du 100 % Made In Italy<\/h2>\n<p><strong>De la demande de devis \u00e0 l\u2019achat, en passant par le service apr\u00e8s-vente, nous sommes \u00e0 chaque instant \u00e0 l&#8217;\u00e9coute de nos clients. Une \u00e9quipe d&#8217;experts hautement qualifi\u00e9s<\/strong> se tient \u00e0 votre disposition pour vous guider dans vos choix et r\u00e9pondre \u00e0 toutes vos exigences. Ils vous apporteront de pr\u00e9cieuses informations, y compris sur le proc\u00e9d\u00e9 d&#8217;application de la feuille Manetti, en vous conseillant sur les techniques et mat\u00e9riaux les plus adapt\u00e9s, pour un r\u00e9sultat toujours parfait.<\/p>\n<p><strong>Nous proposons un catalogue de <\/strong><strong>feuilles d&#8217;or<\/strong><strong> de diff\u00e9rents carats<\/strong> (de 6 \u00e0 24k), outre les mod\u00e8les en argent, platine et palladium. Les feuilles Manetti sont disponibles en <strong>29 tonalit\u00e9s et diff\u00e9rents formats<\/strong>, pour satisfaire tout type d&#8217;application.<\/p>\n<p>Nous sommes en mesure de r\u00e9aliser et de personnaliser vos commandes dans des d\u00e9lais extr\u00eamement courts, gr\u00e2ce \u00e0 la flexibilit\u00e9 de notre capacit\u00e9 de production. <strong>Nous pouvons \u00e9galement adapter \u00e0 vos exigences l\u2019\u00e9paisseur et les dimensions des feuilles.<\/strong><\/p>\n<p>La feuille d\u2019or est utilis\u00e9e pour <strong>des projets de <\/strong><strong>restauration, d&#8217;agencement, de rev\u00eatement d&#8217;\u00e9difices<\/strong>, mais aussi pour embellir des <strong>\u0153uvres d\u2019art, enseignes<\/strong> et toute autre application sp\u00e9ciale.<\/p>\n<p>Sur demande du client, nous pouvons le mettre en contact avec les plus grands ma\u00eetres doreurs. Gr\u00e2ce \u00e0 nos <strong>distributeurs internationaux<\/strong>, rigoureusement s\u00e9lectionn\u00e9s au fil des ans et b\u00e9n\u00e9ficiant d&#8217;une formation continue, nous sommes aux c\u00f4t\u00e9s de nos clients <strong>dans plus de 70 pays<\/strong>.<\/p>\n<p>Notre entreprise applique la politique du <em>just in time<\/em>, nos d\u00e9lais de production et d&#8217;exp\u00e9dition peuvent donc varier selon nos stocks et les volumes de commande. Les d\u00e9lais de traitement des commandes standard sont tr\u00e8s rapides, gr\u00e2ce \u00e0 notre syst\u00e8me logistique performant. Pour garantir la <strong>livraison de nos produits dans les d\u00e9lais, outre leur int\u00e9grit\u00e9 et leur s\u00e9curit\u00e9<\/strong>, tous nos emballages sont r\u00e9alis\u00e9s dans des mat\u00e9riaux de haute qualit\u00e9, conformes aux plus hauts standards de r\u00e9sistance. <strong>Toutes nos exp\u00e9ditions, suivies par <em>truck-number<\/em>, sont contr\u00f4l\u00e9e jusqu&#8217;\u00e0 leur livraison et sont couvertes par une assurance pour commander l&#8217;esprit tranquille<\/strong>.<\/p>\n<p style=\"text-align: center;\">Vous souhaitez un devis pour conna\u00eetre le prix de nos produits ?<\/p>\n<p style=\"text-align: center;\"><strong><a href=\"https:\/\/www.manetti.com\/fr\/home\/contacts\/\">Contactez-nous !<\/a><\/strong><\/p>\n<p> <p class=\"wpsm-hide\" style=\"color: #c39f5f; font-size: 100%; text-align: left;\"> Lire moins<\/p><\/div><\/div>\n","protected":false},"excerpt":{"rendered":"<p>Giusto Manetti Battiloro batteur d&#8217;or, fabricant de feuille d&#8217;or \u00e0 Florence depuis 1600 Gardienne des traditions, mais toujours au pas avec son temps, notre famille transforme les m\u00e9taux pr\u00e9cieux en feuille depuis 1600. Manetti est batteur d&#8217;or depuis plus de 15 g\u00e9n\u00e9rations, un art dans lequel la famille est pass\u00e9e ma\u00eetre. Nous produisons de la [&#8230;]<\/p>\n<p><a class=\"btn btn-secondary understrap-read-more-link\" href=\"https:\/\/www.manetti.com\/fr\/\">Lire la suite&#8230;<\/a><\/p>\n","protected":false},"author":1,"featured_media":0,"parent":0,"menu_order":0,"comment_status":"closed","ping_status":"closed","template":"","meta":{"_acf_changed":false,"footnotes":""},"class_list":["post-32573","page","type-page","status-publish","hentry"],"acf":[],"yoast_head":"<!-- This site is optimized with the Yoast SEO plugin v26.5 - https:\/\/yoast.com\/wordpress\/plugins\/seo\/ -->\n<title>Fabricant feuille d&#039;or fin pour Dorure | batteur d&#039;or Manetti<\/title>\n<meta name=\"description\" content=\"Feuille or et fil d&#039;or pour la dorure depuis 1600. Manetti produit la meilleure feuille d&#039;or et une vaste gamme de produits \u00e0 dorer. En savoir plus!\" \/>\n<meta name=\"robots\" content=\"index, follow, max-snippet:-1, max-image-preview:large, max-video-preview:-1\" \/>\n<link rel=\"canonical\" href=\"https:\/\/www.manetti.com\/fr\/\" \/>\n<meta property=\"og:locale\" content=\"fr_FR\" \/>\n<meta property=\"og:type\" content=\"article\" \/>\n<meta property=\"og:title\" content=\"Fabricant feuille d&#039;or fin pour Dorure | batteur d&#039;or Manetti\" \/>\n<meta property=\"og:description\" content=\"Feuille or et fil d&#039;or pour la dorure depuis 1600. Manetti produit la meilleure feuille d&#039;or et une vaste gamme de produits \u00e0 dorer. En savoir plus!\" \/>\n<meta property=\"og:url\" content=\"https:\/\/www.manetti.com\/fr\/\" \/>\n<meta property=\"og:site_name\" content=\"Giusto Manetti Battiloro\" \/>\n<meta property=\"article:publisher\" content=\"https:\/\/www.facebook.com\/giustomanettibattiloro\" \/>\n<meta property=\"article:modified_time\" content=\"2026-04-13T08:19:35+00:00\" \/>\n<meta property=\"og:image\" content=\"https:\/\/www.manetti.com\/wp-content\/uploads\/2020\/11\/Home-page-giusto-manetti-battiloro.jpg\" \/>\n\t<meta property=\"og:image:width\" content=\"1000\" \/>\n\t<meta property=\"og:image:height\" content=\"974\" \/>\n\t<meta property=\"og:image:type\" content=\"image\/jpeg\" \/>\n<meta name=\"twitter:card\" content=\"summary_large_image\" \/>\n<meta name=\"twitter:title\" content=\"Fabricant feuille d&#039;or fin pour Dorure | batteur d&#039;or Manetti\" \/>\n<meta name=\"twitter:description\" content=\"Feuille or et fil d&#039;or pour la dorure depuis 1600. Manetti produit la meilleure feuille d&#039;or et une vaste gamme de produits \u00e0 dorer. En savoir plus!\" \/>\n<meta name=\"twitter:image\" content=\"https:\/\/www.manetti.com\/wp-content\/uploads\/2020\/11\/Home-page-giusto-manetti-battiloro.jpg\" \/>\n<meta name=\"twitter:label1\" content=\"Dur\u00e9e de lecture estim\u00e9e\" \/>\n\t<meta name=\"twitter:data1\" content=\"3 minutes\" \/>\n<script type=\"application\/ld+json\" class=\"yoast-schema-graph\">{\"@context\":\"https:\/\/schema.org\",\"@graph\":[{\"@type\":\"WebPage\",\"@id\":\"https:\/\/www.manetti.com\/fr\/\",\"url\":\"https:\/\/www.manetti.com\/fr\/\",\"name\":\"Fabricant feuille d'or fin pour Dorure | batteur d'or Manetti\",\"isPartOf\":{\"@id\":\"https:\/\/www.manetti.com\/fr\/#website\"},\"datePublished\":\"2019-10-29T14:55:54+00:00\",\"dateModified\":\"2026-04-13T08:19:35+00:00\",\"description\":\"Feuille or et fil d'or pour la dorure depuis 1600. Manetti produit la meilleure feuille d'or et une vaste gamme de produits \u00e0 dorer. En savoir plus!\",\"inLanguage\":\"fr-FR\",\"potentialAction\":[{\"@type\":\"ReadAction\",\"target\":[\"https:\/\/www.manetti.com\/fr\/\"]}]},{\"@type\":\"WebSite\",\"@id\":\"https:\/\/www.manetti.com\/fr\/#website\",\"url\":\"https:\/\/www.manetti.com\/fr\/\",\"name\":\"Giusto Manetti Battiloro\",\"description\":\"\",\"publisher\":{\"@id\":\"https:\/\/www.manetti.com\/fr\/#organization\"},\"potentialAction\":[{\"@type\":\"SearchAction\",\"target\":{\"@type\":\"EntryPoint\",\"urlTemplate\":\"https:\/\/www.manetti.com\/fr\/?s={search_term_string}\"},\"query-input\":{\"@type\":\"PropertyValueSpecification\",\"valueRequired\":true,\"valueName\":\"search_term_string\"}}],\"inLanguage\":\"fr-FR\"},{\"@type\":\"Organization\",\"@id\":\"https:\/\/www.manetti.com\/fr\/#organization\",\"name\":\"GIUSTO MANETTI BATTILORO S.P.A.\",\"url\":\"https:\/\/www.manetti.com\/fr\/\",\"logo\":{\"@type\":\"ImageObject\",\"inLanguage\":\"fr-FR\",\"@id\":\"https:\/\/www.manetti.com\/fr\/#\/schema\/logo\/image\/\",\"url\":\"https:\/\/www.manetti.com\/wp-content\/uploads\/2025\/02\/giusto-manetti-blu_300-02.png\",\"contentUrl\":\"https:\/\/www.manetti.com\/wp-content\/uploads\/2025\/02\/giusto-manetti-blu_300-02.png\",\"width\":1123,\"height\":1093,\"caption\":\"GIUSTO MANETTI BATTILORO S.P.A.\"},\"image\":{\"@id\":\"https:\/\/www.manetti.com\/fr\/#\/schema\/logo\/image\/\"},\"sameAs\":[\"https:\/\/www.facebook.com\/giustomanettibattiloro\",\"https:\/\/www.instagram.com\/giustomanettibattiloro\/\",\"https:\/\/www.linkedin.com\/company\/giusto-manetti-battiloro-s-p-a-\/\",\"https:\/\/www.youtube.com\/user\/ManettiBattiloro\"]}]}<\/script>\n<!-- \/ Yoast SEO plugin. -->","yoast_head_json":{"title":"Fabricant feuille d'or fin pour Dorure | batteur d'or Manetti","description":"Feuille or et fil d'or pour la dorure depuis 1600. Manetti produit la meilleure feuille d'or et une vaste gamme de produits \u00e0 dorer. En savoir plus!","robots":{"index":"index","follow":"follow","max-snippet":"max-snippet:-1","max-image-preview":"max-image-preview:large","max-video-preview":"max-video-preview:-1"},"canonical":"https:\/\/www.manetti.com\/fr\/","og_locale":"fr_FR","og_type":"article","og_title":"Fabricant feuille d'or fin pour Dorure | batteur d'or Manetti","og_description":"Feuille or et fil d'or pour la dorure depuis 1600. Manetti produit la meilleure feuille d'or et une vaste gamme de produits \u00e0 dorer. En savoir plus!","og_url":"https:\/\/www.manetti.com\/fr\/","og_site_name":"Giusto Manetti Battiloro","article_publisher":"https:\/\/www.facebook.com\/giustomanettibattiloro","article_modified_time":"2026-04-13T08:19:35+00:00","og_image":[{"width":1000,"height":974,"url":"https:\/\/www.manetti.com\/wp-content\/uploads\/2020\/11\/Home-page-giusto-manetti-battiloro.jpg","type":"image\/jpeg"}],"twitter_card":"summary_large_image","twitter_title":"Fabricant feuille d'or fin pour Dorure | batteur d'or Manetti","twitter_description":"Feuille or et fil d'or pour la dorure depuis 1600. Manetti produit la meilleure feuille d'or et une vaste gamme de produits \u00e0 dorer. En savoir plus!","twitter_image":"https:\/\/www.manetti.com\/wp-content\/uploads\/2020\/11\/Home-page-giusto-manetti-battiloro.jpg","twitter_misc":{"Dur\u00e9e de lecture estim\u00e9e":"3 minutes"},"schema":{"@context":"https:\/\/schema.org","@graph":[{"@type":"WebPage","@id":"https:\/\/www.manetti.com\/fr\/","url":"https:\/\/www.manetti.com\/fr\/","name":"Fabricant feuille d'or fin pour Dorure | batteur d'or Manetti","isPartOf":{"@id":"https:\/\/www.manetti.com\/fr\/#website"},"datePublished":"2019-10-29T14:55:54+00:00","dateModified":"2026-04-13T08:19:35+00:00","description":"Feuille or et fil d'or pour la dorure depuis 1600. Manetti produit la meilleure feuille d'or et une vaste gamme de produits \u00e0 dorer. En savoir plus!","inLanguage":"fr-FR","potentialAction":[{"@type":"ReadAction","target":["https:\/\/www.manetti.com\/fr\/"]}]},{"@type":"WebSite","@id":"https:\/\/www.manetti.com\/fr\/#website","url":"https:\/\/www.manetti.com\/fr\/","name":"Giusto Manetti Battiloro","description":"","publisher":{"@id":"https:\/\/www.manetti.com\/fr\/#organization"},"potentialAction":[{"@type":"SearchAction","target":{"@type":"EntryPoint","urlTemplate":"https:\/\/www.manetti.com\/fr\/?s={search_term_string}"},"query-input":{"@type":"PropertyValueSpecification","valueRequired":true,"valueName":"search_term_string"}}],"inLanguage":"fr-FR"},{"@type":"Organization","@id":"https:\/\/www.manetti.com\/fr\/#organization","name":"GIUSTO MANETTI BATTILORO S.P.A.","url":"https:\/\/www.manetti.com\/fr\/","logo":{"@type":"ImageObject","inLanguage":"fr-FR","@id":"https:\/\/www.manetti.com\/fr\/#\/schema\/logo\/image\/","url":"https:\/\/www.manetti.com\/wp-content\/uploads\/2025\/02\/giusto-manetti-blu_300-02.png","contentUrl":"https:\/\/www.manetti.com\/wp-content\/uploads\/2025\/02\/giusto-manetti-blu_300-02.png","width":1123,"height":1093,"caption":"GIUSTO MANETTI BATTILORO S.P.A."},"image":{"@id":"https:\/\/www.manetti.com\/fr\/#\/schema\/logo\/image\/"},"sameAs":["https:\/\/www.facebook.com\/giustomanettibattiloro","https:\/\/www.instagram.com\/giustomanettibattiloro\/","https:\/\/www.linkedin.com\/company\/giusto-manetti-battiloro-s-p-a-\/","https:\/\/www.youtube.com\/user\/ManettiBattiloro"]}]}},"_links":{"self":[{"href":"https:\/\/www.manetti.com\/fr\/wp-json\/wp\/v2\/pages\/32573","targetHints":{"allow":["GET"]}}],"collection":[{"href":"https:\/\/www.manetti.com\/fr\/wp-json\/wp\/v2\/pages"}],"about":[{"href":"https:\/\/www.manetti.com\/fr\/wp-json\/wp\/v2\/types\/page"}],"author":[{"embeddable":true,"href":"https:\/\/www.manetti.com\/fr\/wp-json\/wp\/v2\/users\/1"}],"replies":[{"embeddable":true,"href":"https:\/\/www.manetti.com\/fr\/wp-json\/wp\/v2\/comments?post=32573"}],"version-history":[{"count":1,"href":"https:\/\/www.manetti.com\/fr\/wp-json\/wp\/v2\/pages\/32573\/revisions"}],"predecessor-version":[{"id":89098,"href":"https:\/\/www.manetti.com\/fr\/wp-json\/wp\/v2\/pages\/32573\/revisions\/89098"}],"wp:attachment":[{"href":"https:\/\/www.manetti.com\/fr\/wp-json\/wp\/v2\/media?parent=32573"}],"curies":[{"name":"wp","href":"https:\/\/api.w.org\/{rel}","templated":true}]}}