{"id":50903,"date":"2019-10-31T15:00:17","date_gmt":"2019-10-31T14:00:17","guid":{"rendered":"https:\/\/www.manetti.com\/home\/faq\/"},"modified":"2024-02-12T16:39:00","modified_gmt":"2024-02-12T15:39:00","slug":"questions-frequentes-produits-feuille-d-or-manetti","status":"publish","type":"page","link":"https:\/\/www.manetti.com\/fr\/a-propos-de-nous\/connaissances\/questions-frequentes-produits-feuille-d-or-manetti\/","title":{"rendered":"Faq"},"content":{"rendered":"\r\n<div class=\"wp-block-group\"><div class=\"wp-block-group__inner-container is-layout-flow wp-block-group-is-layout-flow\">\r\n<p>&nbsp;<\/p>\r\n<\/div><\/div>\r\n","protected":false},"excerpt":{"rendered":"<p>&nbsp; [&#8230;]<\/p>\n<p><a class=\"btn btn-secondary understrap-read-more-link\" href=\"https:\/\/www.manetti.com\/fr\/a-propos-de-nous\/connaissances\/questions-frequentes-produits-feuille-d-or-manetti\/\">Lire la suite&#8230;<\/a><\/p>\n","protected":false},"author":1,"featured_media":70108,"parent":68105,"menu_order":0,"comment_status":"closed","ping_status":"closed","template":"page-templates\/faq-template.php","meta":{"_acf_changed":false,"footnotes":""},"class_list":["post-50903","page","type-page","status-publish","has-post-thumbnail","hentry"],"acf":[],"yoast_head":"<!-- This site is optimized with the Yoast SEO plugin v26.5 - https:\/\/yoast.com\/wordpress\/plugins\/seo\/ -->\n<title>Questions sur la feuille d&#039;or - Manetti Batteur d&#039;or<\/title>\n<meta name=\"description\" content=\"Questions fr\u00e9quemment pos\u00e9es sur la feuille d&#039;or et d&#039;autres produits de Manetti, leader dans le secteur de l&#039;or alimentaire et cosm\u00e9tique\" \/>\n<meta name=\"robots\" content=\"index, follow, max-snippet:-1, max-image-preview:large, max-video-preview:-1\" \/>\n<link rel=\"canonical\" href=\"https:\/\/www.manetti.com\/fr\/a-propos-de-nous\/connaissances\/questions-frequentes-produits-feuille-d-or-manetti\/\" \/>\n<meta property=\"og:locale\" content=\"fr_FR\" \/>\n<meta property=\"og:type\" content=\"article\" \/>\n<meta property=\"og:title\" content=\"Questions sur la feuille d&#039;or - Manetti Batteur d&#039;or\" \/>\n<meta property=\"og:description\" content=\"Questions fr\u00e9quemment pos\u00e9es sur la feuille d&#039;or et d&#039;autres produits de Manetti, leader dans le secteur de l&#039;or alimentaire et cosm\u00e9tique\" \/>\n<meta property=\"og:url\" content=\"https:\/\/www.manetti.com\/fr\/a-propos-de-nous\/connaissances\/questions-frequentes-produits-feuille-d-or-manetti\/\" \/>\n<meta property=\"og:site_name\" content=\"Giusto Manetti Battiloro\" \/>\n<meta property=\"article:publisher\" content=\"https:\/\/www.facebook.com\/giustomanettibattiloro\" \/>\n<meta property=\"article:modified_time\" content=\"2024-02-12T15:39:00+00:00\" \/>\n<meta property=\"og:image\" content=\"https:\/\/www.manetti.com\/wp-content\/uploads\/2024\/02\/FAQ_cover.jpg\" \/>\n\t<meta property=\"og:image:width\" content=\"450\" \/>\n\t<meta property=\"og:image:height\" content=\"450\" \/>\n\t<meta property=\"og:image:type\" content=\"image\/jpeg\" \/>\n<meta name=\"twitter:card\" content=\"summary_large_image\" \/>\n<script type=\"application\/ld+json\" class=\"yoast-schema-graph\">{\"@context\":\"https:\/\/schema.org\",\"@graph\":[{\"@type\":\"WebPage\",\"@id\":\"https:\/\/www.manetti.com\/fr\/a-propos-de-nous\/connaissances\/questions-frequentes-produits-feuille-d-or-manetti\/\",\"url\":\"https:\/\/www.manetti.com\/fr\/a-propos-de-nous\/connaissances\/questions-frequentes-produits-feuille-d-or-manetti\/\",\"name\":\"Questions sur la feuille d'or - Manetti Batteur d'or\",\"isPartOf\":{\"@id\":\"https:\/\/www.manetti.com\/fr\/#website\"},\"primaryImageOfPage\":{\"@id\":\"https:\/\/www.manetti.com\/fr\/a-propos-de-nous\/connaissances\/questions-frequentes-produits-feuille-d-or-manetti\/#primaryimage\"},\"image\":{\"@id\":\"https:\/\/www.manetti.com\/fr\/a-propos-de-nous\/connaissances\/questions-frequentes-produits-feuille-d-or-manetti\/#primaryimage\"},\"thumbnailUrl\":\"https:\/\/www.manetti.com\/wp-content\/uploads\/2024\/02\/FAQ_cover.jpg\",\"datePublished\":\"2019-10-31T14:00:17+00:00\",\"dateModified\":\"2024-02-12T15:39:00+00:00\",\"description\":\"Questions fr\u00e9quemment pos\u00e9es sur la feuille d'or et d'autres produits de Manetti, leader dans le secteur de l'or alimentaire et cosm\u00e9tique\",\"inLanguage\":\"fr-FR\",\"potentialAction\":[{\"@type\":\"ReadAction\",\"target\":[\"https:\/\/www.manetti.com\/fr\/a-propos-de-nous\/connaissances\/questions-frequentes-produits-feuille-d-or-manetti\/\"]}]},{\"@type\":\"ImageObject\",\"inLanguage\":\"fr-FR\",\"@id\":\"https:\/\/www.manetti.com\/fr\/a-propos-de-nous\/connaissances\/questions-frequentes-produits-feuille-d-or-manetti\/#primaryimage\",\"url\":\"https:\/\/www.manetti.com\/wp-content\/uploads\/2024\/02\/FAQ_cover.jpg\",\"contentUrl\":\"https:\/\/www.manetti.com\/wp-content\/uploads\/2024\/02\/FAQ_cover.jpg\",\"width\":450,\"height\":450,\"caption\":\"FAQ\"},{\"@type\":\"WebSite\",\"@id\":\"https:\/\/www.manetti.com\/fr\/#website\",\"url\":\"https:\/\/www.manetti.com\/fr\/\",\"name\":\"Giusto Manetti Battiloro\",\"description\":\"\",\"publisher\":{\"@id\":\"https:\/\/www.manetti.com\/fr\/#organization\"},\"potentialAction\":[{\"@type\":\"SearchAction\",\"target\":{\"@type\":\"EntryPoint\",\"urlTemplate\":\"https:\/\/www.manetti.com\/fr\/?s={search_term_string}\"},\"query-input\":{\"@type\":\"PropertyValueSpecification\",\"valueRequired\":true,\"valueName\":\"search_term_string\"}}],\"inLanguage\":\"fr-FR\"},{\"@type\":\"Organization\",\"@id\":\"https:\/\/www.manetti.com\/fr\/#organization\",\"name\":\"GIUSTO MANETTI BATTILORO S.P.A.\",\"url\":\"https:\/\/www.manetti.com\/fr\/\",\"logo\":{\"@type\":\"ImageObject\",\"inLanguage\":\"fr-FR\",\"@id\":\"https:\/\/www.manetti.com\/fr\/#\/schema\/logo\/image\/\",\"url\":\"https:\/\/www.manetti.com\/wp-content\/uploads\/2025\/02\/giusto-manetti-blu_300-02.png\",\"contentUrl\":\"https:\/\/www.manetti.com\/wp-content\/uploads\/2025\/02\/giusto-manetti-blu_300-02.png\",\"width\":1123,\"height\":1093,\"caption\":\"GIUSTO MANETTI BATTILORO S.P.A.\"},\"image\":{\"@id\":\"https:\/\/www.manetti.com\/fr\/#\/schema\/logo\/image\/\"},\"sameAs\":[\"https:\/\/www.facebook.com\/giustomanettibattiloro\",\"https:\/\/www.instagram.com\/giustomanettibattiloro\/\",\"https:\/\/www.linkedin.com\/company\/giusto-manetti-battiloro-s-p-a-\/\",\"https:\/\/www.youtube.com\/user\/ManettiBattiloro\"]}]}<\/script>\n<!-- \/ Yoast SEO plugin. -->","yoast_head_json":{"title":"Questions sur la feuille d'or - Manetti Batteur d'or","description":"Questions fr\u00e9quemment pos\u00e9es sur la feuille d'or et d'autres produits de Manetti, leader dans le secteur de l'or alimentaire et cosm\u00e9tique","robots":{"index":"index","follow":"follow","max-snippet":"max-snippet:-1","max-image-preview":"max-image-preview:large","max-video-preview":"max-video-preview:-1"},"canonical":"https:\/\/www.manetti.com\/fr\/a-propos-de-nous\/connaissances\/questions-frequentes-produits-feuille-d-or-manetti\/","og_locale":"fr_FR","og_type":"article","og_title":"Questions sur la feuille d'or - Manetti Batteur d'or","og_description":"Questions fr\u00e9quemment pos\u00e9es sur la feuille d'or et d'autres produits de Manetti, leader dans le secteur de l'or alimentaire et cosm\u00e9tique","og_url":"https:\/\/www.manetti.com\/fr\/a-propos-de-nous\/connaissances\/questions-frequentes-produits-feuille-d-or-manetti\/","og_site_name":"Giusto Manetti Battiloro","article_publisher":"https:\/\/www.facebook.com\/giustomanettibattiloro","article_modified_time":"2024-02-12T15:39:00+00:00","og_image":[{"width":450,"height":450,"url":"https:\/\/www.manetti.com\/wp-content\/uploads\/2024\/02\/FAQ_cover.jpg","type":"image\/jpeg"}],"twitter_card":"summary_large_image","schema":{"@context":"https:\/\/schema.org","@graph":[{"@type":"WebPage","@id":"https:\/\/www.manetti.com\/fr\/a-propos-de-nous\/connaissances\/questions-frequentes-produits-feuille-d-or-manetti\/","url":"https:\/\/www.manetti.com\/fr\/a-propos-de-nous\/connaissances\/questions-frequentes-produits-feuille-d-or-manetti\/","name":"Questions sur la feuille d'or - Manetti Batteur d'or","isPartOf":{"@id":"https:\/\/www.manetti.com\/fr\/#website"},"primaryImageOfPage":{"@id":"https:\/\/www.manetti.com\/fr\/a-propos-de-nous\/connaissances\/questions-frequentes-produits-feuille-d-or-manetti\/#primaryimage"},"image":{"@id":"https:\/\/www.manetti.com\/fr\/a-propos-de-nous\/connaissances\/questions-frequentes-produits-feuille-d-or-manetti\/#primaryimage"},"thumbnailUrl":"https:\/\/www.manetti.com\/wp-content\/uploads\/2024\/02\/FAQ_cover.jpg","datePublished":"2019-10-31T14:00:17+00:00","dateModified":"2024-02-12T15:39:00+00:00","description":"Questions fr\u00e9quemment pos\u00e9es sur la feuille d'or et d'autres produits de Manetti, leader dans le secteur de l'or alimentaire et cosm\u00e9tique","inLanguage":"fr-FR","potentialAction":[{"@type":"ReadAction","target":["https:\/\/www.manetti.com\/fr\/a-propos-de-nous\/connaissances\/questions-frequentes-produits-feuille-d-or-manetti\/"]}]},{"@type":"ImageObject","inLanguage":"fr-FR","@id":"https:\/\/www.manetti.com\/fr\/a-propos-de-nous\/connaissances\/questions-frequentes-produits-feuille-d-or-manetti\/#primaryimage","url":"https:\/\/www.manetti.com\/wp-content\/uploads\/2024\/02\/FAQ_cover.jpg","contentUrl":"https:\/\/www.manetti.com\/wp-content\/uploads\/2024\/02\/FAQ_cover.jpg","width":450,"height":450,"caption":"FAQ"},{"@type":"WebSite","@id":"https:\/\/www.manetti.com\/fr\/#website","url":"https:\/\/www.manetti.com\/fr\/","name":"Giusto Manetti Battiloro","description":"","publisher":{"@id":"https:\/\/www.manetti.com\/fr\/#organization"},"potentialAction":[{"@type":"SearchAction","target":{"@type":"EntryPoint","urlTemplate":"https:\/\/www.manetti.com\/fr\/?s={search_term_string}"},"query-input":{"@type":"PropertyValueSpecification","valueRequired":true,"valueName":"search_term_string"}}],"inLanguage":"fr-FR"},{"@type":"Organization","@id":"https:\/\/www.manetti.com\/fr\/#organization","name":"GIUSTO MANETTI BATTILORO S.P.A.","url":"https:\/\/www.manetti.com\/fr\/","logo":{"@type":"ImageObject","inLanguage":"fr-FR","@id":"https:\/\/www.manetti.com\/fr\/#\/schema\/logo\/image\/","url":"https:\/\/www.manetti.com\/wp-content\/uploads\/2025\/02\/giusto-manetti-blu_300-02.png","contentUrl":"https:\/\/www.manetti.com\/wp-content\/uploads\/2025\/02\/giusto-manetti-blu_300-02.png","width":1123,"height":1093,"caption":"GIUSTO MANETTI BATTILORO S.P.A."},"image":{"@id":"https:\/\/www.manetti.com\/fr\/#\/schema\/logo\/image\/"},"sameAs":["https:\/\/www.facebook.com\/giustomanettibattiloro","https:\/\/www.instagram.com\/giustomanettibattiloro\/","https:\/\/www.linkedin.com\/company\/giusto-manetti-battiloro-s-p-a-\/","https:\/\/www.youtube.com\/user\/ManettiBattiloro"]}]}},"_links":{"self":[{"href":"https:\/\/www.manetti.com\/fr\/wp-json\/wp\/v2\/pages\/50903","targetHints":{"allow":["GET"]}}],"collection":[{"href":"https:\/\/www.manetti.com\/fr\/wp-json\/wp\/v2\/pages"}],"about":[{"href":"https:\/\/www.manetti.com\/fr\/wp-json\/wp\/v2\/types\/page"}],"author":[{"embeddable":true,"href":"https:\/\/www.manetti.com\/fr\/wp-json\/wp\/v2\/users\/1"}],"replies":[{"embeddable":true,"href":"https:\/\/www.manetti.com\/fr\/wp-json\/wp\/v2\/comments?post=50903"}],"version-history":[{"count":0,"href":"https:\/\/www.manetti.com\/fr\/wp-json\/wp\/v2\/pages\/50903\/revisions"}],"up":[{"embeddable":true,"href":"https:\/\/www.manetti.com\/fr\/wp-json\/wp\/v2\/pages\/68105"}],"wp:featuredmedia":[{"embeddable":true,"href":"https:\/\/www.manetti.com\/fr\/wp-json\/wp\/v2\/media\/70108"}],"wp:attachment":[{"href":"https:\/\/www.manetti.com\/fr\/wp-json\/wp\/v2\/media?parent=50903"}],"curies":[{"name":"wp","href":"https:\/\/api.w.org\/{rel}","templated":true}]}}