{"id":66651,"date":"2018-01-30T10:58:00","date_gmt":"2018-01-30T09:58:00","guid":{"rendered":"https:\/\/www.manetti.com\/?page_id=66651"},"modified":"2024-04-08T14:39:48","modified_gmt":"2024-04-08T12:39:48","slug":"bellas-artes","status":"publish","type":"page","link":"https:\/\/www.manetti.com\/fr\/qui-sommes-nous\/ligne-beaux-arts-connaissances\/","title":{"rendered":"Ligne Beaux-Arts"},"content":{"rendered":"<p>En 2022, nous avons introduit notre ligne de produits pour les <strong>Ligne Beaux-Arts<\/strong>, sp\u00e9cialement con\u00e7ue pour permettre aux magasins d&#8217;art d&#8217;offrir une gamme compl\u00e8te de produits de dorure dans des quantit\u00e9s id\u00e9ales pour un public cible comprenant des \u00e9tudiants, des amateurs et des professionnels.<\/p>\n<p>Cette ligne de produits a \u00e9t\u00e9 d\u00e9velopp\u00e9e pour \u00eatre <strong>claire et simple<\/strong>. Chaque phase de la dorure est identifi\u00e9e par une couleur sp\u00e9cifique, afin de faciliter la compr\u00e9hension des diff\u00e9rentes techniques. Chaque couleur comprend une vaste s\u00e9lection de produits pour la phase sp\u00e9cifique qu&#8217;elle repr\u00e9sente : de la dorure \u00e0 l&#8217;eau \u00e0 la dorure \u00e0 la mission, en passant par la finition et la protection.<\/p>\n<p>La ligne comprend \u00e9galement un <strong>pr\u00e9sentoir d\u00e9di\u00e9<\/strong> qui aide les magasins \u00e0 pr\u00e9senter les produits de mani\u00e8re organis\u00e9e et attrayante. Chaque pr\u00e9sentoir est \u00e9quip\u00e9 d&#8217;un nuancier pour montrer les diff\u00e9rentes teintes m\u00e9talliques d&#8217;imitation et de brochures \u00e0 distribuer aux utilisateurs finaux, leur permettant de approfondir le monde de la dorure. Sur demande, il est \u00e9galement possible d&#8217;obtenir des panneaux vitr\u00e9s et des autocollants pour une pr\u00e9sentation en magasin encore plus immersive.<\/p>\n","protected":false},"excerpt":{"rendered":"<p>En 2022, nous avons introduit notre ligne de produits pour les Ligne Beaux-Arts, sp\u00e9cialement con\u00e7ue pour permettre aux magasins d&#8217;art d&#8217;offrir une gamme compl\u00e8te de produits de dorure dans des quantit\u00e9s id\u00e9ales pour un public cible comprenant des \u00e9tudiants, des amateurs et des professionnels. Cette ligne de produits a \u00e9t\u00e9 d\u00e9velopp\u00e9e pour \u00eatre claire et [&#8230;]<\/p>\n<p><a class=\"btn btn-secondary understrap-read-more-link\" href=\"https:\/\/www.manetti.com\/fr\/qui-sommes-nous\/ligne-beaux-arts-connaissances\/\">Lire la suite&#8230;<\/a><\/p>\n","protected":false},"author":359,"featured_media":72679,"parent":68105,"menu_order":0,"comment_status":"closed","ping_status":"closed","template":"page-templates\/catalogo-bellearti-template.php","meta":{"_acf_changed":false,"footnotes":""},"class_list":["post-66651","page","type-page","status-publish","has-post-thumbnail","hentry"],"acf":[],"yoast_head":"<!-- This site is optimized with the Yoast SEO plugin v26.5 - https:\/\/yoast.com\/wordpress\/plugins\/seo\/ -->\n<title>Ligne Beaux-Arts | Giusto Manetti Battiloro<\/title>\n<meta name=\"robots\" content=\"index, follow, max-snippet:-1, max-image-preview:large, max-video-preview:-1\" \/>\n<link rel=\"canonical\" href=\"https:\/\/www.manetti.com\/fr\/qui-sommes-nous\/ligne-beaux-arts-connaissances\/\" \/>\n<meta property=\"og:locale\" content=\"fr_FR\" \/>\n<meta property=\"og:type\" content=\"article\" \/>\n<meta property=\"og:title\" content=\"Ligne Beaux-Arts | Giusto Manetti Battiloro\" \/>\n<meta property=\"og:description\" content=\"En 2022, nous avons introduit notre ligne de produits pour les Ligne Beaux-Arts, sp\u00e9cialement con\u00e7ue pour permettre aux magasins d&#8217;art d&#8217;offrir une gamme compl\u00e8te de produits de dorure dans des quantit\u00e9s id\u00e9ales pour un public cible comprenant des \u00e9tudiants, des amateurs et des professionnels. Cette ligne de produits a \u00e9t\u00e9 d\u00e9velopp\u00e9e pour \u00eatre claire et [...]Lire la suite...\" \/>\n<meta property=\"og:url\" content=\"https:\/\/www.manetti.com\/fr\/qui-sommes-nous\/ligne-beaux-arts-connaissances\/\" \/>\n<meta property=\"og:site_name\" content=\"Giusto Manetti Battiloro\" \/>\n<meta property=\"article:publisher\" content=\"https:\/\/www.facebook.com\/giustomanettibattiloro\" \/>\n<meta property=\"article:modified_time\" content=\"2024-04-08T12:39:48+00:00\" \/>\n<meta property=\"og:image\" content=\"https:\/\/www.manetti.com\/wp-content\/uploads\/2024\/02\/DSC00089-allungata_giustomanettibattiloro-scaled.jpg\" \/>\n\t<meta property=\"og:image:width\" content=\"2560\" \/>\n\t<meta property=\"og:image:height\" content=\"1067\" \/>\n\t<meta property=\"og:image:type\" content=\"image\/jpeg\" \/>\n<meta name=\"twitter:card\" content=\"summary_large_image\" \/>\n<meta name=\"twitter:label1\" content=\"Dur\u00e9e de lecture estim\u00e9e\" \/>\n\t<meta name=\"twitter:data1\" content=\"1 minute\" \/>\n<script type=\"application\/ld+json\" class=\"yoast-schema-graph\">{\"@context\":\"https:\/\/schema.org\",\"@graph\":[{\"@type\":\"WebPage\",\"@id\":\"https:\/\/www.manetti.com\/fr\/qui-sommes-nous\/ligne-beaux-arts-connaissances\/\",\"url\":\"https:\/\/www.manetti.com\/fr\/qui-sommes-nous\/ligne-beaux-arts-connaissances\/\",\"name\":\"Ligne Beaux-Arts | Giusto Manetti Battiloro\",\"isPartOf\":{\"@id\":\"https:\/\/www.manetti.com\/fr\/#website\"},\"primaryImageOfPage\":{\"@id\":\"https:\/\/www.manetti.com\/fr\/qui-sommes-nous\/ligne-beaux-arts-connaissances\/#primaryimage\"},\"image\":{\"@id\":\"https:\/\/www.manetti.com\/fr\/qui-sommes-nous\/ligne-beaux-arts-connaissances\/#primaryimage\"},\"thumbnailUrl\":\"https:\/\/www.manetti.com\/wp-content\/uploads\/2024\/02\/DSC00089-allungata_giustomanettibattiloro-scaled.jpg\",\"datePublished\":\"2018-01-30T09:58:00+00:00\",\"dateModified\":\"2024-04-08T12:39:48+00:00\",\"inLanguage\":\"fr-FR\",\"potentialAction\":[{\"@type\":\"ReadAction\",\"target\":[\"https:\/\/www.manetti.com\/fr\/qui-sommes-nous\/ligne-beaux-arts-connaissances\/\"]}]},{\"@type\":\"ImageObject\",\"inLanguage\":\"fr-FR\",\"@id\":\"https:\/\/www.manetti.com\/fr\/qui-sommes-nous\/ligne-beaux-arts-connaissances\/#primaryimage\",\"url\":\"https:\/\/www.manetti.com\/wp-content\/uploads\/2024\/02\/DSC00089-allungata_giustomanettibattiloro-scaled.jpg\",\"contentUrl\":\"https:\/\/www.manetti.com\/wp-content\/uploads\/2024\/02\/DSC00089-allungata_giustomanettibattiloro-scaled.jpg\",\"width\":2560,\"height\":1067},{\"@type\":\"WebSite\",\"@id\":\"https:\/\/www.manetti.com\/fr\/#website\",\"url\":\"https:\/\/www.manetti.com\/fr\/\",\"name\":\"Giusto Manetti Battiloro\",\"description\":\"\",\"publisher\":{\"@id\":\"https:\/\/www.manetti.com\/fr\/#organization\"},\"potentialAction\":[{\"@type\":\"SearchAction\",\"target\":{\"@type\":\"EntryPoint\",\"urlTemplate\":\"https:\/\/www.manetti.com\/fr\/?s={search_term_string}\"},\"query-input\":{\"@type\":\"PropertyValueSpecification\",\"valueRequired\":true,\"valueName\":\"search_term_string\"}}],\"inLanguage\":\"fr-FR\"},{\"@type\":\"Organization\",\"@id\":\"https:\/\/www.manetti.com\/fr\/#organization\",\"name\":\"GIUSTO MANETTI BATTILORO S.P.A.\",\"url\":\"https:\/\/www.manetti.com\/fr\/\",\"logo\":{\"@type\":\"ImageObject\",\"inLanguage\":\"fr-FR\",\"@id\":\"https:\/\/www.manetti.com\/fr\/#\/schema\/logo\/image\/\",\"url\":\"https:\/\/www.manetti.com\/wp-content\/uploads\/2025\/02\/giusto-manetti-blu_300-02.png\",\"contentUrl\":\"https:\/\/www.manetti.com\/wp-content\/uploads\/2025\/02\/giusto-manetti-blu_300-02.png\",\"width\":1123,\"height\":1093,\"caption\":\"GIUSTO MANETTI BATTILORO S.P.A.\"},\"image\":{\"@id\":\"https:\/\/www.manetti.com\/fr\/#\/schema\/logo\/image\/\"},\"sameAs\":[\"https:\/\/www.facebook.com\/giustomanettibattiloro\",\"https:\/\/www.instagram.com\/giustomanettibattiloro\/\",\"https:\/\/www.linkedin.com\/company\/giusto-manetti-battiloro-s-p-a-\/\",\"https:\/\/www.youtube.com\/user\/ManettiBattiloro\"]}]}<\/script>\n<!-- \/ Yoast SEO plugin. -->","yoast_head_json":{"title":"Ligne Beaux-Arts | Giusto Manetti Battiloro","robots":{"index":"index","follow":"follow","max-snippet":"max-snippet:-1","max-image-preview":"max-image-preview:large","max-video-preview":"max-video-preview:-1"},"canonical":"https:\/\/www.manetti.com\/fr\/qui-sommes-nous\/ligne-beaux-arts-connaissances\/","og_locale":"fr_FR","og_type":"article","og_title":"Ligne Beaux-Arts | Giusto Manetti Battiloro","og_description":"En 2022, nous avons introduit notre ligne de produits pour les Ligne Beaux-Arts, sp\u00e9cialement con\u00e7ue pour permettre aux magasins d&#8217;art d&#8217;offrir une gamme compl\u00e8te de produits de dorure dans des quantit\u00e9s id\u00e9ales pour un public cible comprenant des \u00e9tudiants, des amateurs et des professionnels. Cette ligne de produits a \u00e9t\u00e9 d\u00e9velopp\u00e9e pour \u00eatre claire et [...]Lire la suite...","og_url":"https:\/\/www.manetti.com\/fr\/qui-sommes-nous\/ligne-beaux-arts-connaissances\/","og_site_name":"Giusto Manetti Battiloro","article_publisher":"https:\/\/www.facebook.com\/giustomanettibattiloro","article_modified_time":"2024-04-08T12:39:48+00:00","og_image":[{"width":2560,"height":1067,"url":"https:\/\/www.manetti.com\/wp-content\/uploads\/2024\/02\/DSC00089-allungata_giustomanettibattiloro-scaled.jpg","type":"image\/jpeg"}],"twitter_card":"summary_large_image","twitter_misc":{"Dur\u00e9e de lecture estim\u00e9e":"1 minute"},"schema":{"@context":"https:\/\/schema.org","@graph":[{"@type":"WebPage","@id":"https:\/\/www.manetti.com\/fr\/qui-sommes-nous\/ligne-beaux-arts-connaissances\/","url":"https:\/\/www.manetti.com\/fr\/qui-sommes-nous\/ligne-beaux-arts-connaissances\/","name":"Ligne Beaux-Arts | Giusto Manetti Battiloro","isPartOf":{"@id":"https:\/\/www.manetti.com\/fr\/#website"},"primaryImageOfPage":{"@id":"https:\/\/www.manetti.com\/fr\/qui-sommes-nous\/ligne-beaux-arts-connaissances\/#primaryimage"},"image":{"@id":"https:\/\/www.manetti.com\/fr\/qui-sommes-nous\/ligne-beaux-arts-connaissances\/#primaryimage"},"thumbnailUrl":"https:\/\/www.manetti.com\/wp-content\/uploads\/2024\/02\/DSC00089-allungata_giustomanettibattiloro-scaled.jpg","datePublished":"2018-01-30T09:58:00+00:00","dateModified":"2024-04-08T12:39:48+00:00","inLanguage":"fr-FR","potentialAction":[{"@type":"ReadAction","target":["https:\/\/www.manetti.com\/fr\/qui-sommes-nous\/ligne-beaux-arts-connaissances\/"]}]},{"@type":"ImageObject","inLanguage":"fr-FR","@id":"https:\/\/www.manetti.com\/fr\/qui-sommes-nous\/ligne-beaux-arts-connaissances\/#primaryimage","url":"https:\/\/www.manetti.com\/wp-content\/uploads\/2024\/02\/DSC00089-allungata_giustomanettibattiloro-scaled.jpg","contentUrl":"https:\/\/www.manetti.com\/wp-content\/uploads\/2024\/02\/DSC00089-allungata_giustomanettibattiloro-scaled.jpg","width":2560,"height":1067},{"@type":"WebSite","@id":"https:\/\/www.manetti.com\/fr\/#website","url":"https:\/\/www.manetti.com\/fr\/","name":"Giusto Manetti Battiloro","description":"","publisher":{"@id":"https:\/\/www.manetti.com\/fr\/#organization"},"potentialAction":[{"@type":"SearchAction","target":{"@type":"EntryPoint","urlTemplate":"https:\/\/www.manetti.com\/fr\/?s={search_term_string}"},"query-input":{"@type":"PropertyValueSpecification","valueRequired":true,"valueName":"search_term_string"}}],"inLanguage":"fr-FR"},{"@type":"Organization","@id":"https:\/\/www.manetti.com\/fr\/#organization","name":"GIUSTO MANETTI BATTILORO S.P.A.","url":"https:\/\/www.manetti.com\/fr\/","logo":{"@type":"ImageObject","inLanguage":"fr-FR","@id":"https:\/\/www.manetti.com\/fr\/#\/schema\/logo\/image\/","url":"https:\/\/www.manetti.com\/wp-content\/uploads\/2025\/02\/giusto-manetti-blu_300-02.png","contentUrl":"https:\/\/www.manetti.com\/wp-content\/uploads\/2025\/02\/giusto-manetti-blu_300-02.png","width":1123,"height":1093,"caption":"GIUSTO MANETTI BATTILORO S.P.A."},"image":{"@id":"https:\/\/www.manetti.com\/fr\/#\/schema\/logo\/image\/"},"sameAs":["https:\/\/www.facebook.com\/giustomanettibattiloro","https:\/\/www.instagram.com\/giustomanettibattiloro\/","https:\/\/www.linkedin.com\/company\/giusto-manetti-battiloro-s-p-a-\/","https:\/\/www.youtube.com\/user\/ManettiBattiloro"]}]}},"_links":{"self":[{"href":"https:\/\/www.manetti.com\/fr\/wp-json\/wp\/v2\/pages\/66651","targetHints":{"allow":["GET"]}}],"collection":[{"href":"https:\/\/www.manetti.com\/fr\/wp-json\/wp\/v2\/pages"}],"about":[{"href":"https:\/\/www.manetti.com\/fr\/wp-json\/wp\/v2\/types\/page"}],"author":[{"embeddable":true,"href":"https:\/\/www.manetti.com\/fr\/wp-json\/wp\/v2\/users\/359"}],"replies":[{"embeddable":true,"href":"https:\/\/www.manetti.com\/fr\/wp-json\/wp\/v2\/comments?post=66651"}],"version-history":[{"count":0,"href":"https:\/\/www.manetti.com\/fr\/wp-json\/wp\/v2\/pages\/66651\/revisions"}],"up":[{"embeddable":true,"href":"https:\/\/www.manetti.com\/fr\/wp-json\/wp\/v2\/pages\/68105"}],"wp:featuredmedia":[{"embeddable":true,"href":"https:\/\/www.manetti.com\/fr\/wp-json\/wp\/v2\/media\/72679"}],"wp:attachment":[{"href":"https:\/\/www.manetti.com\/fr\/wp-json\/wp\/v2\/media?parent=66651"}],"curies":[{"name":"wp","href":"https:\/\/api.w.org\/{rel}","templated":true}]}}