{"id":66992,"date":"2024-01-30T15:00:24","date_gmt":"2024-01-30T14:00:24","guid":{"rendered":"https:\/\/www.manetti.com\/?page_id=66992"},"modified":"2026-04-17T11:38:43","modified_gmt":"2026-04-17T09:38:43","slug":"services-de-boutique-en-ligne","status":"publish","type":"page","link":"https:\/\/www.manetti.com\/fr\/services-de-boutique-en-ligne\/","title":{"rendered":"Services de boutique en ligne"},"content":{"rendered":"<h3><strong>PAIEMENTS S\u00c9CURIS\u00c9S<\/strong><\/h3>\n<p>Giusto Manetti Battiloro a choisi Paypal et Nexi, deux des entreprises de transactions num\u00e9riques les plus s\u00e9curis\u00e9es, comme partenaires de gestion des paiements. Les clients finaliseront le paiement dans leurs portails afin de garantir une s\u00e9curit\u00e9 maximale de la transaction. La commande ne sera officielle que lorsque le paiement aura \u00e9t\u00e9 effectu\u00e9 et que Nexi ou Paypal auront confirm\u00e9 le succ\u00e8s de la transaction. Il incombera \u00e0 Nexi ou Paypal d&#8217;informer nos clients du paiement et de confirmer que la transaction a \u00e9t\u00e9 r\u00e9ussie.<\/p>\n<h3><strong>ASSISTANCE<\/strong><\/h3>\n<p>Besoin d&#8217;aide ? Consultez notre section FAQ o\u00f9 vous trouverez des r\u00e9ponses aux questions les plus fr\u00e9quemment pos\u00e9es.<\/p>\n<p>Vous ne trouvez pas l&#8217;information que vous cherchez ? Notre \u00e9quipe d&#8217;experts est \u00e0 votre service. Contactez-nous \u00e0 votre convenance en \u00e9crivant un e-mail \u00e0 istituzionale@manetti.it. En r\u00e8gle g\u00e9n\u00e9rale, notre \u00e9quipe r\u00e9pondra les jours ouvrables et pendant les heures de bureau, c&#8217;est-\u00e0-dire du lundi au vendredi de 9h00 \u00e0 18h00.<\/p>\n<h3><strong>M\u00c9THODES D&#8217;EXP\u00c9DITION<\/strong><\/h3>\n<p>Les commandes de produits d\u00e9j\u00e0 disponibles seront exp\u00e9di\u00e9es dans un d\u00e9lai de 1 \u00e0 2 jours ouvrables suivant celui de la commande, sauf indisponibilit\u00e9 des marchandises ou \u00e9v\u00e9nements de force majeure.<\/p>\n<p>Les produits achet\u00e9s sur le site Web seront livr\u00e9s \u00e0 l&#8217;adresse indiqu\u00e9e par le client lors de la proc\u00e9dure d&#8217;achat dans le champ &#8220;Donn\u00e9es d&#8217;exp\u00e9dition&#8221; et seront accompagn\u00e9s des documents de transport pertinents.<\/p>\n<p>Giusto Manetti Battiloro SpA exp\u00e9die vers tous les pays disponibles via le site Web.<\/p>\n<p>Les d\u00e9lais estim\u00e9s de livraison des produits doivent \u00eatre compris apr\u00e8s les 1-2 jours ouvrables mentionn\u00e9s ci-dessus n\u00e9cessaires pour pr\u00e9parer la commande. Apr\u00e8s ces jours, les estimations d&#8217;exp\u00e9dition suivantes doivent \u00eatre prises en compte :<\/p>\n<p>Italie : 1-2 jours ouvrables<\/p>\n<p>Europe : 2-5 jours ouvrables<\/p>\n<p>Autres zones : 3 &#8211; 5 jours ouvrables non garantis<\/p>\n<p>Les d\u00e9lais de livraison doivent \u00eatre consid\u00e9r\u00e9s comme purement indicatifs, en tout cas, Giusto Manetti Battiloro SpA se r\u00e9serve le droit de reporter l&#8217;exp\u00e9dition en cas d&#8217;\u00e9v\u00e9nements de force majeure.<\/p>\n<p>Giusto Manetti Battiloro SpA n&#8217;est pas responsable des retards dus aux op\u00e9rations et contr\u00f4les douaniers, ou \u00e0 des causes de force majeure hors de son contr\u00f4le.<\/p>\n<p>Pendant la phase de pr\u00e9paration, un e-mail sera envoy\u00e9 au client contenant le r\u00e9sum\u00e9 de la commande et les documents li\u00e9s. \u00c0 la fin de la phase de pr\u00e9paration, la commande est prise en charge par le coursier pour la phase d&#8217;exp\u00e9dition. Par cons\u00e9quent, le client recevra un e-mail de ce dernier avec le num\u00e9ro de suivi et un lien pour suivre la progression de l&#8217;exp\u00e9dition.<\/p>\n<p>En cas d&#8217;impossibilit\u00e9 r\u00e9p\u00e9t\u00e9e de proc\u00e9der \u00e0 la livraison en raison de l&#8217;absence du client et\/ou d&#8217;une adresse incorrecte, le produit restera en stock chez le coursier pendant une dur\u00e9e de cinq jours \u00e0 compter de la derni\u00e8re tentative de livraison. Le client en sera inform\u00e9 et, s&#8217;il ne proc\u00e8de pas au retrait conform\u00e9ment aux instructions du coursier, la commande sera consid\u00e9r\u00e9e comme annul\u00e9e. Dans ce cas, les frais d&#8217;exp\u00e9dition (y compris le retour de la marchandise) et d&#8217;\u00e9ventuels droits de douane seront factur\u00e9s au client et seront d\u00e9duits du remboursement.<\/p>\n<h3><strong>POLITIQUE DE RETOUR<\/strong><\/h3>\n<p>Conform\u00e9ment \u00e0 l&#8217;art. 52 et suivants du Code de la consommation, le Client &#8220;Consommateur&#8221; dispose d&#8217;un d\u00e9lai de quatorze jours \u00e0 compter de la livraison des produits pour se r\u00e9tracter du Contrat, sans avoir \u00e0 fournir de motif.<\/p>\n<p>Le Client qui entend exercer le droit de r\u00e9tractation &#8211; dans les quatorze jours suivant la r\u00e9ception des marchandises &#8211; doit notifier par \u00e9crit \u00e0 Giusto Manetti Battiloro SpA par lettre recommand\u00e9e avec accus\u00e9 de r\u00e9ception, fax, e-mail \u00e0 l&#8217;adresse : istituzionale@manetti.it<\/p>\n<p>Si le droit de r\u00e9tractation est exerc\u00e9, Giusto Manetti Battiloro SpA communiquera au Client, \u00e0 l&#8217;adresse e-mail indiqu\u00e9e dans la commande, l&#8217;adresse o\u00f9 envoyer les produits \u00e0 retourner. Le Client doit &#8211; \u00e0 ses propres frais et soins &#8211; retourner les produits dans les 15 (quinze) jours suivant la communication envoy\u00e9e par Giusto Manetti Battiloro SpA en veillant \u00e0 ce que les produits soient correctement emball\u00e9s.<\/p>\n<p>Compte tenu de la nature des produits commercialis\u00e9s par Giusto Manetti Battiloro SpA, il est rappel\u00e9 que le droit de r\u00e9tractation est express\u00e9ment exclu, conform\u00e9ment \u00e0 l&#8217;art. 59 du Code de la consommation, pour les biens susceptibles de se d\u00e9t\u00e9riorer ou de se p\u00e9rimer rapidement et\/ou pour les biens scell\u00e9s qui ne se pr\u00eatent pas \u00e0 \u00eatre retourn\u00e9s pour des raisons d&#8217;hygi\u00e8ne ou de protection de la sant\u00e9 et qui ont \u00e9t\u00e9 ouverts apr\u00e8s la livraison. Compte tenu de ce qui pr\u00e9c\u00e8de, le droit de r\u00e9tractation ne sera reconnu que et exclusivement dans le cas o\u00f9 le produit est retourn\u00e9 intact dans son emballage sans signes d&#8217;ouverture.<\/p>\n<p>Une fois les produits r\u00e9ceptionn\u00e9s, Giusto Manetti Battiloro SpA se r\u00e9serve le droit de v\u00e9rifier l&#8217;int\u00e9grit\u00e9 de l&#8217;emballage ainsi que le bon stockage des produits. En cas d&#8217;anomalies, la l\u00e9gitimit\u00e9 du droit de r\u00e9tractation exerc\u00e9 ne pourra pas \u00eatre reconnue. En cas de r\u00e9tractation l\u00e9gitime, dans les 14 jours suivant la r\u00e9ception des marchandises, Giusto Manetti Battiloro SpA remboursera au Client le montant du produit achet\u00e9 par le m\u00eame moyen de paiement utilis\u00e9 lors de la commande.<\/p>\n<h3><strong data-start=\"302\" data-end=\"331\">DROITS DE DOUANE ET FRAIS<\/strong><\/h3>\n<p>Les droits de douane, taxes d&#8217;importation et frais accessoires \u00e9ventuels sont \u00e0 la charge du destinataire et doivent \u00eatre r\u00e9gl\u00e9s conform\u00e9ment \u00e0 la r\u00e9glementation du pays de destination.<\/p>\n","protected":false},"excerpt":{"rendered":"<p>PAIEMENTS S\u00c9CURIS\u00c9S Giusto Manetti Battiloro a choisi Paypal et Nexi, deux des entreprises de transactions num\u00e9riques les plus s\u00e9curis\u00e9es, comme partenaires de gestion des paiements. Les clients finaliseront le paiement dans leurs portails afin de garantir une s\u00e9curit\u00e9 maximale de la transaction. La commande ne sera officielle que lorsque le paiement aura \u00e9t\u00e9 effectu\u00e9 et [&#8230;]<\/p>\n<p><a class=\"btn btn-secondary understrap-read-more-link\" href=\"https:\/\/www.manetti.com\/fr\/services-de-boutique-en-ligne\/\">Lire la suite&#8230;<\/a><\/p>\n","protected":false},"author":359,"featured_media":57749,"parent":32573,"menu_order":0,"comment_status":"closed","ping_status":"closed","template":"","meta":{"_acf_changed":false,"footnotes":""},"class_list":["post-66992","page","type-page","status-publish","has-post-thumbnail","hentry"],"acf":[],"yoast_head":"<!-- This site is optimized with the Yoast SEO plugin v26.5 - https:\/\/yoast.com\/wordpress\/plugins\/seo\/ -->\n<title>Services de boutique en ligne | Giusto Manetti Battiloro<\/title>\n<meta name=\"robots\" content=\"index, follow, max-snippet:-1, max-image-preview:large, max-video-preview:-1\" \/>\n<link rel=\"canonical\" href=\"https:\/\/www.manetti.com\/fr\/services-de-boutique-en-ligne\/\" \/>\n<meta property=\"og:locale\" content=\"fr_FR\" \/>\n<meta property=\"og:type\" content=\"article\" \/>\n<meta property=\"og:title\" content=\"Services de boutique en ligne | Giusto Manetti Battiloro\" \/>\n<meta property=\"og:description\" content=\"PAIEMENTS S\u00c9CURIS\u00c9S Giusto Manetti Battiloro a choisi Paypal et Nexi, deux des entreprises de transactions num\u00e9riques les plus s\u00e9curis\u00e9es, comme partenaires de gestion des paiements. Les clients finaliseront le paiement dans leurs portails afin de garantir une s\u00e9curit\u00e9 maximale de la transaction. La commande ne sera officielle que lorsque le paiement aura \u00e9t\u00e9 effectu\u00e9 et [...]Lire la suite...\" \/>\n<meta property=\"og:url\" content=\"https:\/\/www.manetti.com\/fr\/services-de-boutique-en-ligne\/\" \/>\n<meta property=\"og:site_name\" content=\"Giusto Manetti Battiloro\" \/>\n<meta property=\"article:publisher\" content=\"https:\/\/www.facebook.com\/giustomanettibattiloro\" \/>\n<meta property=\"article:modified_time\" content=\"2026-04-17T09:38:43+00:00\" \/>\n<meta property=\"og:image\" content=\"https:\/\/www.manetti.com\/wp-content\/uploads\/2023\/01\/fascia-blister-retail_gold-leaf-manetti_fine-arts_F829202-.jpg\" \/>\n\t<meta property=\"og:image:width\" content=\"2224\" \/>\n\t<meta property=\"og:image:height\" content=\"926\" \/>\n\t<meta property=\"og:image:type\" content=\"image\/jpeg\" \/>\n<meta name=\"twitter:card\" content=\"summary_large_image\" \/>\n<meta name=\"twitter:label1\" content=\"Dur\u00e9e de lecture estim\u00e9e\" \/>\n\t<meta name=\"twitter:data1\" content=\"5 minutes\" \/>\n<script type=\"application\/ld+json\" class=\"yoast-schema-graph\">{\"@context\":\"https:\/\/schema.org\",\"@graph\":[{\"@type\":\"WebPage\",\"@id\":\"https:\/\/www.manetti.com\/fr\/services-de-boutique-en-ligne\/\",\"url\":\"https:\/\/www.manetti.com\/fr\/services-de-boutique-en-ligne\/\",\"name\":\"Services de boutique en ligne | Giusto Manetti Battiloro\",\"isPartOf\":{\"@id\":\"https:\/\/www.manetti.com\/fr\/#website\"},\"primaryImageOfPage\":{\"@id\":\"https:\/\/www.manetti.com\/fr\/services-de-boutique-en-ligne\/#primaryimage\"},\"image\":{\"@id\":\"https:\/\/www.manetti.com\/fr\/services-de-boutique-en-ligne\/#primaryimage\"},\"thumbnailUrl\":\"https:\/\/www.manetti.com\/wp-content\/uploads\/2023\/01\/fascia-blister-retail_gold-leaf-manetti_fine-arts_F829202-.jpg\",\"datePublished\":\"2024-01-30T14:00:24+00:00\",\"dateModified\":\"2026-04-17T09:38:43+00:00\",\"inLanguage\":\"fr-FR\",\"potentialAction\":[{\"@type\":\"ReadAction\",\"target\":[\"https:\/\/www.manetti.com\/fr\/services-de-boutique-en-ligne\/\"]}]},{\"@type\":\"ImageObject\",\"inLanguage\":\"fr-FR\",\"@id\":\"https:\/\/www.manetti.com\/fr\/services-de-boutique-en-ligne\/#primaryimage\",\"url\":\"https:\/\/www.manetti.com\/wp-content\/uploads\/2023\/01\/fascia-blister-retail_gold-leaf-manetti_fine-arts_F829202-.jpg\",\"contentUrl\":\"https:\/\/www.manetti.com\/wp-content\/uploads\/2023\/01\/fascia-blister-retail_gold-leaf-manetti_fine-arts_F829202-.jpg\",\"width\":2224,\"height\":926},{\"@type\":\"WebSite\",\"@id\":\"https:\/\/www.manetti.com\/fr\/#website\",\"url\":\"https:\/\/www.manetti.com\/fr\/\",\"name\":\"Giusto Manetti Battiloro\",\"description\":\"\",\"publisher\":{\"@id\":\"https:\/\/www.manetti.com\/fr\/#organization\"},\"potentialAction\":[{\"@type\":\"SearchAction\",\"target\":{\"@type\":\"EntryPoint\",\"urlTemplate\":\"https:\/\/www.manetti.com\/fr\/?s={search_term_string}\"},\"query-input\":{\"@type\":\"PropertyValueSpecification\",\"valueRequired\":true,\"valueName\":\"search_term_string\"}}],\"inLanguage\":\"fr-FR\"},{\"@type\":\"Organization\",\"@id\":\"https:\/\/www.manetti.com\/fr\/#organization\",\"name\":\"GIUSTO MANETTI BATTILORO S.P.A.\",\"url\":\"https:\/\/www.manetti.com\/fr\/\",\"logo\":{\"@type\":\"ImageObject\",\"inLanguage\":\"fr-FR\",\"@id\":\"https:\/\/www.manetti.com\/fr\/#\/schema\/logo\/image\/\",\"url\":\"https:\/\/www.manetti.com\/wp-content\/uploads\/2025\/02\/giusto-manetti-blu_300-02.png\",\"contentUrl\":\"https:\/\/www.manetti.com\/wp-content\/uploads\/2025\/02\/giusto-manetti-blu_300-02.png\",\"width\":1123,\"height\":1093,\"caption\":\"GIUSTO MANETTI BATTILORO S.P.A.\"},\"image\":{\"@id\":\"https:\/\/www.manetti.com\/fr\/#\/schema\/logo\/image\/\"},\"sameAs\":[\"https:\/\/www.facebook.com\/giustomanettibattiloro\",\"https:\/\/www.instagram.com\/giustomanettibattiloro\/\",\"https:\/\/www.linkedin.com\/company\/giusto-manetti-battiloro-s-p-a-\/\",\"https:\/\/www.youtube.com\/user\/ManettiBattiloro\"]}]}<\/script>\n<!-- \/ Yoast SEO plugin. -->","yoast_head_json":{"title":"Services de boutique en ligne | Giusto Manetti Battiloro","robots":{"index":"index","follow":"follow","max-snippet":"max-snippet:-1","max-image-preview":"max-image-preview:large","max-video-preview":"max-video-preview:-1"},"canonical":"https:\/\/www.manetti.com\/fr\/services-de-boutique-en-ligne\/","og_locale":"fr_FR","og_type":"article","og_title":"Services de boutique en ligne | Giusto Manetti Battiloro","og_description":"PAIEMENTS S\u00c9CURIS\u00c9S Giusto Manetti Battiloro a choisi Paypal et Nexi, deux des entreprises de transactions num\u00e9riques les plus s\u00e9curis\u00e9es, comme partenaires de gestion des paiements. Les clients finaliseront le paiement dans leurs portails afin de garantir une s\u00e9curit\u00e9 maximale de la transaction. La commande ne sera officielle que lorsque le paiement aura \u00e9t\u00e9 effectu\u00e9 et [...]Lire la suite...","og_url":"https:\/\/www.manetti.com\/fr\/services-de-boutique-en-ligne\/","og_site_name":"Giusto Manetti Battiloro","article_publisher":"https:\/\/www.facebook.com\/giustomanettibattiloro","article_modified_time":"2026-04-17T09:38:43+00:00","og_image":[{"width":2224,"height":926,"url":"https:\/\/www.manetti.com\/wp-content\/uploads\/2023\/01\/fascia-blister-retail_gold-leaf-manetti_fine-arts_F829202-.jpg","type":"image\/jpeg"}],"twitter_card":"summary_large_image","twitter_misc":{"Dur\u00e9e de lecture estim\u00e9e":"5 minutes"},"schema":{"@context":"https:\/\/schema.org","@graph":[{"@type":"WebPage","@id":"https:\/\/www.manetti.com\/fr\/services-de-boutique-en-ligne\/","url":"https:\/\/www.manetti.com\/fr\/services-de-boutique-en-ligne\/","name":"Services de boutique en ligne | Giusto Manetti Battiloro","isPartOf":{"@id":"https:\/\/www.manetti.com\/fr\/#website"},"primaryImageOfPage":{"@id":"https:\/\/www.manetti.com\/fr\/services-de-boutique-en-ligne\/#primaryimage"},"image":{"@id":"https:\/\/www.manetti.com\/fr\/services-de-boutique-en-ligne\/#primaryimage"},"thumbnailUrl":"https:\/\/www.manetti.com\/wp-content\/uploads\/2023\/01\/fascia-blister-retail_gold-leaf-manetti_fine-arts_F829202-.jpg","datePublished":"2024-01-30T14:00:24+00:00","dateModified":"2026-04-17T09:38:43+00:00","inLanguage":"fr-FR","potentialAction":[{"@type":"ReadAction","target":["https:\/\/www.manetti.com\/fr\/services-de-boutique-en-ligne\/"]}]},{"@type":"ImageObject","inLanguage":"fr-FR","@id":"https:\/\/www.manetti.com\/fr\/services-de-boutique-en-ligne\/#primaryimage","url":"https:\/\/www.manetti.com\/wp-content\/uploads\/2023\/01\/fascia-blister-retail_gold-leaf-manetti_fine-arts_F829202-.jpg","contentUrl":"https:\/\/www.manetti.com\/wp-content\/uploads\/2023\/01\/fascia-blister-retail_gold-leaf-manetti_fine-arts_F829202-.jpg","width":2224,"height":926},{"@type":"WebSite","@id":"https:\/\/www.manetti.com\/fr\/#website","url":"https:\/\/www.manetti.com\/fr\/","name":"Giusto Manetti Battiloro","description":"","publisher":{"@id":"https:\/\/www.manetti.com\/fr\/#organization"},"potentialAction":[{"@type":"SearchAction","target":{"@type":"EntryPoint","urlTemplate":"https:\/\/www.manetti.com\/fr\/?s={search_term_string}"},"query-input":{"@type":"PropertyValueSpecification","valueRequired":true,"valueName":"search_term_string"}}],"inLanguage":"fr-FR"},{"@type":"Organization","@id":"https:\/\/www.manetti.com\/fr\/#organization","name":"GIUSTO MANETTI BATTILORO S.P.A.","url":"https:\/\/www.manetti.com\/fr\/","logo":{"@type":"ImageObject","inLanguage":"fr-FR","@id":"https:\/\/www.manetti.com\/fr\/#\/schema\/logo\/image\/","url":"https:\/\/www.manetti.com\/wp-content\/uploads\/2025\/02\/giusto-manetti-blu_300-02.png","contentUrl":"https:\/\/www.manetti.com\/wp-content\/uploads\/2025\/02\/giusto-manetti-blu_300-02.png","width":1123,"height":1093,"caption":"GIUSTO MANETTI BATTILORO S.P.A."},"image":{"@id":"https:\/\/www.manetti.com\/fr\/#\/schema\/logo\/image\/"},"sameAs":["https:\/\/www.facebook.com\/giustomanettibattiloro","https:\/\/www.instagram.com\/giustomanettibattiloro\/","https:\/\/www.linkedin.com\/company\/giusto-manetti-battiloro-s-p-a-\/","https:\/\/www.youtube.com\/user\/ManettiBattiloro"]}]}},"_links":{"self":[{"href":"https:\/\/www.manetti.com\/fr\/wp-json\/wp\/v2\/pages\/66992","targetHints":{"allow":["GET"]}}],"collection":[{"href":"https:\/\/www.manetti.com\/fr\/wp-json\/wp\/v2\/pages"}],"about":[{"href":"https:\/\/www.manetti.com\/fr\/wp-json\/wp\/v2\/types\/page"}],"author":[{"embeddable":true,"href":"https:\/\/www.manetti.com\/fr\/wp-json\/wp\/v2\/users\/359"}],"replies":[{"embeddable":true,"href":"https:\/\/www.manetti.com\/fr\/wp-json\/wp\/v2\/comments?post=66992"}],"version-history":[{"count":2,"href":"https:\/\/www.manetti.com\/fr\/wp-json\/wp\/v2\/pages\/66992\/revisions"}],"predecessor-version":[{"id":89146,"href":"https:\/\/www.manetti.com\/fr\/wp-json\/wp\/v2\/pages\/66992\/revisions\/89146"}],"up":[{"embeddable":true,"href":"https:\/\/www.manetti.com\/fr\/wp-json\/wp\/v2\/pages\/32573"}],"wp:featuredmedia":[{"embeddable":true,"href":"https:\/\/www.manetti.com\/fr\/wp-json\/wp\/v2\/media\/57749"}],"wp:attachment":[{"href":"https:\/\/www.manetti.com\/fr\/wp-json\/wp\/v2\/media?parent=66992"}],"curies":[{"name":"wp","href":"https:\/\/api.w.org\/{rel}","templated":true}]}}