{"id":31876,"date":"2020-01-30T17:15:51","date_gmt":"2020-01-30T16:15:51","guid":{"rendered":"https:\/\/www.manetti.com\/prodotto\/foglia-oro-a-filo\/"},"modified":"2025-12-03T17:40:27","modified_gmt":"2025-12-03T16:40:27","slug":"feuille-or-a-fil","status":"publish","type":"product","link":"https:\/\/www.manetti.com\/fr\/produit\/feuille-or-a-fil\/","title":{"rendered":"Feuille d&#8217;or \u00e0 fil"},"content":{"rendered":"<p>La feuille d&#8217;or \u00e0 fil est depuis toujours utilis\u00e9e par les doreurs fran\u00e7ais, o\u00f9 elle est appliqu\u00e9e directement \u00e0 partir du livret sans recours \u00e0 des outils.<br \/>\nElle est disponible au format 84 x 84 mm dans diverses tonalit\u00e9s d\u2019or ainsi qu\u2019en palladium.<br \/>\nCe type de feuille se distingue par sa parfaite mise au carr\u00e9 qui s\u2019\u00e9tend jusqu\u2019au bord du livret, n\u00e9cessitant une grande habilet\u00e9 et des comp\u00e9tences sp\u00e9cifiques pour son application.<br \/>\nChaque livret contient 25 feuilles.<\/p>\n","protected":false},"excerpt":{"rendered":"<p>La feuille d&#8217;or \u00e0 fil est depuis toujours utilis\u00e9e par les doreurs fran\u00e7ais, o\u00f9 elle est appliqu\u00e9e directement \u00e0 partir du livret sans recours \u00e0 des outils.Chaque livret contient 25 feuilles. [&#8230;]<\/p>\n<p><a class=\"btn btn-secondary understrap-read-more-link\" href=\"https:\/\/www.manetti.com\/fr\/produit\/feuille-or-a-fil\/\">Lire la suite&#8230;<\/a><\/p>\n","protected":false},"featured_media":74108,"template":"","meta":{"_acf_changed":false},"product_brand":[],"product_cat":[164],"product_tag":[165],"product_area":[],"catalog_category":[793,969,995],"class_list":{"0":"post-31876","1":"product","2":"type-product","3":"status-publish","4":"has-post-thumbnail","6":"product_cat-feuille-dor-veritable","7":"product_tag-prodotti-speciali-fr","8":"catalog_category-dorure-et-restauration","9":"catalog_category-dorure-et-restauration-feuille-dor-et-autres-metaux","10":"catalog_category-dorure-et-restauration-feuille-dor-a-fil","12":"first","13":"instock","14":"shipping-taxable","15":"purchasable","16":"product-type-variable"},"acf":[],"yoast_head":"<!-- This site is optimized with the Yoast SEO plugin v26.5 - https:\/\/yoast.com\/wordpress\/plugins\/seo\/ -->\n<title>Feuille d&#039;or \u00e0 fil en carnets de 25 - batteur d\u2019or Manetti<\/title>\n<meta name=\"description\" content=\"Caract\u00e9ris\u00e9 par un quadrillage parfait, le Feuille d&#039;or \u00e0 fil est disponible au format 84x84mm et est principalement utilis\u00e9 sur le march\u00e9 fran\u00e7ais.\" \/>\n<meta name=\"robots\" content=\"index, follow, max-snippet:-1, max-image-preview:large, max-video-preview:-1\" \/>\n<link rel=\"canonical\" href=\"https:\/\/www.manetti.com\/fr\/produit\/feuille-or-a-fil\/\" \/>\n<meta property=\"og:locale\" content=\"fr_FR\" \/>\n<meta property=\"og:type\" content=\"article\" \/>\n<meta property=\"og:title\" content=\"Feuille d&#039;or \u00e0 fil en carnets de 25 - batteur d\u2019or Manetti\" \/>\n<meta property=\"og:description\" content=\"Caract\u00e9ris\u00e9 par un quadrillage parfait, le Feuille d&#039;or \u00e0 fil est disponible au format 84x84mm et est principalement utilis\u00e9 sur le march\u00e9 fran\u00e7ais.\" \/>\n<meta property=\"og:url\" content=\"https:\/\/www.manetti.com\/fr\/produit\/feuille-or-a-fil\/\" \/>\n<meta property=\"og:site_name\" content=\"Giusto Manetti Battiloro\" \/>\n<meta property=\"article:publisher\" content=\"https:\/\/www.facebook.com\/giustomanettibattiloro\" \/>\n<meta property=\"article:modified_time\" content=\"2025-12-03T16:40:27+00:00\" \/>\n<meta property=\"og:image\" content=\"https:\/\/www.manetti.com\/wp-content\/uploads\/2020\/01\/24KT-ORO-a-Filo_scatola-e-libretto_web.png\" \/>\n\t<meta property=\"og:image:width\" content=\"700\" \/>\n\t<meta property=\"og:image:height\" content=\"700\" \/>\n\t<meta property=\"og:image:type\" content=\"image\/png\" \/>\n<meta name=\"twitter:card\" content=\"summary_large_image\" \/>\n<script type=\"application\/ld+json\" class=\"yoast-schema-graph\">{\"@context\":\"https:\/\/schema.org\",\"@graph\":[{\"@type\":\"WebPage\",\"@id\":\"https:\/\/www.manetti.com\/fr\/produit\/feuille-or-a-fil\/\",\"url\":\"https:\/\/www.manetti.com\/fr\/produit\/feuille-or-a-fil\/\",\"name\":\"Feuille d'or \u00e0 fil en carnets de 25 - batteur d\u2019or Manetti\",\"isPartOf\":{\"@id\":\"https:\/\/www.manetti.com\/fr\/#website\"},\"primaryImageOfPage\":{\"@id\":\"https:\/\/www.manetti.com\/fr\/produit\/feuille-or-a-fil\/#primaryimage\"},\"image\":{\"@id\":\"https:\/\/www.manetti.com\/fr\/produit\/feuille-or-a-fil\/#primaryimage\"},\"thumbnailUrl\":\"https:\/\/www.manetti.com\/wp-content\/uploads\/2020\/01\/24KT-ORO-a-Filo_scatola-e-libretto_web.png\",\"datePublished\":\"2020-01-30T16:15:51+00:00\",\"dateModified\":\"2025-12-03T16:40:27+00:00\",\"description\":\"Caract\u00e9ris\u00e9 par un quadrillage parfait, le Feuille d'or \u00e0 fil est disponible au format 84x84mm et est principalement utilis\u00e9 sur le march\u00e9 fran\u00e7ais.\",\"inLanguage\":\"fr-FR\",\"potentialAction\":[{\"@type\":\"ReadAction\",\"target\":[\"https:\/\/www.manetti.com\/fr\/produit\/feuille-or-a-fil\/\"]}]},{\"@type\":\"ImageObject\",\"inLanguage\":\"fr-FR\",\"@id\":\"https:\/\/www.manetti.com\/fr\/produit\/feuille-or-a-fil\/#primaryimage\",\"url\":\"https:\/\/www.manetti.com\/wp-content\/uploads\/2020\/01\/24KT-ORO-a-Filo_scatola-e-libretto_web.png\",\"contentUrl\":\"https:\/\/www.manetti.com\/wp-content\/uploads\/2020\/01\/24KT-ORO-a-Filo_scatola-e-libretto_web.png\",\"width\":700,\"height\":700},{\"@type\":\"WebSite\",\"@id\":\"https:\/\/www.manetti.com\/fr\/#website\",\"url\":\"https:\/\/www.manetti.com\/fr\/\",\"name\":\"Giusto Manetti Battiloro\",\"description\":\"\",\"publisher\":{\"@id\":\"https:\/\/www.manetti.com\/fr\/#organization\"},\"potentialAction\":[{\"@type\":\"SearchAction\",\"target\":{\"@type\":\"EntryPoint\",\"urlTemplate\":\"https:\/\/www.manetti.com\/fr\/?s={search_term_string}\"},\"query-input\":{\"@type\":\"PropertyValueSpecification\",\"valueRequired\":true,\"valueName\":\"search_term_string\"}}],\"inLanguage\":\"fr-FR\"},{\"@type\":\"Organization\",\"@id\":\"https:\/\/www.manetti.com\/fr\/#organization\",\"name\":\"GIUSTO MANETTI BATTILORO S.P.A.\",\"url\":\"https:\/\/www.manetti.com\/fr\/\",\"logo\":{\"@type\":\"ImageObject\",\"inLanguage\":\"fr-FR\",\"@id\":\"https:\/\/www.manetti.com\/fr\/#\/schema\/logo\/image\/\",\"url\":\"https:\/\/www.manetti.com\/wp-content\/uploads\/2025\/02\/giusto-manetti-blu_300-02.png\",\"contentUrl\":\"https:\/\/www.manetti.com\/wp-content\/uploads\/2025\/02\/giusto-manetti-blu_300-02.png\",\"width\":1123,\"height\":1093,\"caption\":\"GIUSTO MANETTI BATTILORO S.P.A.\"},\"image\":{\"@id\":\"https:\/\/www.manetti.com\/fr\/#\/schema\/logo\/image\/\"},\"sameAs\":[\"https:\/\/www.facebook.com\/giustomanettibattiloro\",\"https:\/\/www.instagram.com\/giustomanettibattiloro\/\",\"https:\/\/www.linkedin.com\/company\/giusto-manetti-battiloro-s-p-a-\/\",\"https:\/\/www.youtube.com\/user\/ManettiBattiloro\"]}]}<\/script>\n<!-- \/ Yoast SEO plugin. -->","yoast_head_json":{"title":"Feuille d'or \u00e0 fil en carnets de 25 - batteur d\u2019or Manetti","description":"Caract\u00e9ris\u00e9 par un quadrillage parfait, le Feuille d'or \u00e0 fil est disponible au format 84x84mm et est principalement utilis\u00e9 sur le march\u00e9 fran\u00e7ais.","robots":{"index":"index","follow":"follow","max-snippet":"max-snippet:-1","max-image-preview":"max-image-preview:large","max-video-preview":"max-video-preview:-1"},"canonical":"https:\/\/www.manetti.com\/fr\/produit\/feuille-or-a-fil\/","og_locale":"fr_FR","og_type":"article","og_title":"Feuille d'or \u00e0 fil en carnets de 25 - batteur d\u2019or Manetti","og_description":"Caract\u00e9ris\u00e9 par un quadrillage parfait, le Feuille d'or \u00e0 fil est disponible au format 84x84mm et est principalement utilis\u00e9 sur le march\u00e9 fran\u00e7ais.","og_url":"https:\/\/www.manetti.com\/fr\/produit\/feuille-or-a-fil\/","og_site_name":"Giusto Manetti Battiloro","article_publisher":"https:\/\/www.facebook.com\/giustomanettibattiloro","article_modified_time":"2025-12-03T16:40:27+00:00","og_image":[{"width":700,"height":700,"url":"https:\/\/www.manetti.com\/wp-content\/uploads\/2020\/01\/24KT-ORO-a-Filo_scatola-e-libretto_web.png","type":"image\/png"}],"twitter_card":"summary_large_image","schema":{"@context":"https:\/\/schema.org","@graph":[{"@type":"WebPage","@id":"https:\/\/www.manetti.com\/fr\/produit\/feuille-or-a-fil\/","url":"https:\/\/www.manetti.com\/fr\/produit\/feuille-or-a-fil\/","name":"Feuille d'or \u00e0 fil en carnets de 25 - batteur d\u2019or Manetti","isPartOf":{"@id":"https:\/\/www.manetti.com\/fr\/#website"},"primaryImageOfPage":{"@id":"https:\/\/www.manetti.com\/fr\/produit\/feuille-or-a-fil\/#primaryimage"},"image":{"@id":"https:\/\/www.manetti.com\/fr\/produit\/feuille-or-a-fil\/#primaryimage"},"thumbnailUrl":"https:\/\/www.manetti.com\/wp-content\/uploads\/2020\/01\/24KT-ORO-a-Filo_scatola-e-libretto_web.png","datePublished":"2020-01-30T16:15:51+00:00","dateModified":"2025-12-03T16:40:27+00:00","description":"Caract\u00e9ris\u00e9 par un quadrillage parfait, le Feuille d'or \u00e0 fil est disponible au format 84x84mm et est principalement utilis\u00e9 sur le march\u00e9 fran\u00e7ais.","inLanguage":"fr-FR","potentialAction":[{"@type":"ReadAction","target":["https:\/\/www.manetti.com\/fr\/produit\/feuille-or-a-fil\/"]}]},{"@type":"ImageObject","inLanguage":"fr-FR","@id":"https:\/\/www.manetti.com\/fr\/produit\/feuille-or-a-fil\/#primaryimage","url":"https:\/\/www.manetti.com\/wp-content\/uploads\/2020\/01\/24KT-ORO-a-Filo_scatola-e-libretto_web.png","contentUrl":"https:\/\/www.manetti.com\/wp-content\/uploads\/2020\/01\/24KT-ORO-a-Filo_scatola-e-libretto_web.png","width":700,"height":700},{"@type":"WebSite","@id":"https:\/\/www.manetti.com\/fr\/#website","url":"https:\/\/www.manetti.com\/fr\/","name":"Giusto Manetti Battiloro","description":"","publisher":{"@id":"https:\/\/www.manetti.com\/fr\/#organization"},"potentialAction":[{"@type":"SearchAction","target":{"@type":"EntryPoint","urlTemplate":"https:\/\/www.manetti.com\/fr\/?s={search_term_string}"},"query-input":{"@type":"PropertyValueSpecification","valueRequired":true,"valueName":"search_term_string"}}],"inLanguage":"fr-FR"},{"@type":"Organization","@id":"https:\/\/www.manetti.com\/fr\/#organization","name":"GIUSTO MANETTI BATTILORO S.P.A.","url":"https:\/\/www.manetti.com\/fr\/","logo":{"@type":"ImageObject","inLanguage":"fr-FR","@id":"https:\/\/www.manetti.com\/fr\/#\/schema\/logo\/image\/","url":"https:\/\/www.manetti.com\/wp-content\/uploads\/2025\/02\/giusto-manetti-blu_300-02.png","contentUrl":"https:\/\/www.manetti.com\/wp-content\/uploads\/2025\/02\/giusto-manetti-blu_300-02.png","width":1123,"height":1093,"caption":"GIUSTO MANETTI BATTILORO S.P.A."},"image":{"@id":"https:\/\/www.manetti.com\/fr\/#\/schema\/logo\/image\/"},"sameAs":["https:\/\/www.facebook.com\/giustomanettibattiloro","https:\/\/www.instagram.com\/giustomanettibattiloro\/","https:\/\/www.linkedin.com\/company\/giusto-manetti-battiloro-s-p-a-\/","https:\/\/www.youtube.com\/user\/ManettiBattiloro"]}]}},"_links":{"self":[{"href":"https:\/\/www.manetti.com\/fr\/wp-json\/wp\/v2\/product\/31876","targetHints":{"allow":["GET"]}}],"collection":[{"href":"https:\/\/www.manetti.com\/fr\/wp-json\/wp\/v2\/product"}],"about":[{"href":"https:\/\/www.manetti.com\/fr\/wp-json\/wp\/v2\/types\/product"}],"wp:featuredmedia":[{"embeddable":true,"href":"https:\/\/www.manetti.com\/fr\/wp-json\/wp\/v2\/media\/74108"}],"wp:attachment":[{"href":"https:\/\/www.manetti.com\/fr\/wp-json\/wp\/v2\/media?parent=31876"}],"wp:term":[{"taxonomy":"product_brand","embeddable":true,"href":"https:\/\/www.manetti.com\/fr\/wp-json\/wp\/v2\/product_brand?post=31876"},{"taxonomy":"product_cat","embeddable":true,"href":"https:\/\/www.manetti.com\/fr\/wp-json\/wp\/v2\/product_cat?post=31876"},{"taxonomy":"product_tag","embeddable":true,"href":"https:\/\/www.manetti.com\/fr\/wp-json\/wp\/v2\/product_tag?post=31876"},{"taxonomy":"product_area","embeddable":true,"href":"https:\/\/www.manetti.com\/fr\/wp-json\/wp\/v2\/product_area?post=31876"},{"taxonomy":"catalog_category","embeddable":true,"href":"https:\/\/www.manetti.com\/fr\/wp-json\/wp\/v2\/catalog_category?post=31876"}],"curies":[{"name":"wp","href":"https:\/\/api.w.org\/{rel}","templated":true}]}}