{"id":31902,"date":"2020-01-31T10:43:39","date_gmt":"2020-01-31T09:43:39","guid":{"rendered":"https:\/\/www.manetti.com\/prodotto\/foglia-argento-alla-rinfusa\/"},"modified":"2024-02-14T13:57:39","modified_gmt":"2024-02-14T12:57:39","slug":"feuille-dargent-en-vrac","status":"publish","type":"product","link":"https:\/\/www.manetti.com\/fr\/produit\/feuille-dargent-en-vrac\/","title":{"rendered":"Feuille d&#8217;argent en vrac"},"content":{"rendered":"<p>Feuilles d&#8217;argent non carr\u00e9es mesurant environ 160 x 160 mm, emball\u00e9es dans des bo\u00eetes de 125 g. La feuille d&#8217;argent en flocon permet d&#8217;acc\u00e9l\u00e9rer le processus d&#8217;argenture lorsque la g\u00e9om\u00e9trie parfaite de la feuille n&#8217;est pas requise.<\/p>\n","protected":false},"excerpt":{"rendered":"<p>La feuille d&#8217;argent agraf\u00e9 convient pour l&#8217;argentage qui ne n\u00e9cessite pas une g\u00e9om\u00e9trie parfaite de la feuille. [&#8230;]<\/p>\n<p><a class=\"btn btn-secondary understrap-read-more-link\" href=\"https:\/\/www.manetti.com\/fr\/produit\/feuille-dargent-en-vrac\/\">Lire la suite&#8230;<\/a><\/p>\n","protected":false},"featured_media":74148,"template":"","meta":{"_acf_changed":false},"product_brand":[],"product_cat":[169],"product_tag":[165],"product_area":[],"catalog_category":[793,969,999],"class_list":{"0":"post-31902","1":"product","2":"type-product","3":"status-publish","4":"has-post-thumbnail","6":"product_cat-feuille-d-argent","7":"product_tag-prodotti-speciali-fr","8":"catalog_category-dorure-et-restauration","9":"catalog_category-dorure-et-restauration-feuille-dor-et-autres-metaux","10":"catalog_category-dorure-et-restauration-feuille-dargent","12":"first","13":"instock","14":"shipping-taxable","15":"purchasable","16":"product-type-variable"},"acf":[],"yoast_head":"<!-- This site is optimized with the Yoast SEO plugin v26.5 - https:\/\/yoast.com\/wordpress\/plugins\/seo\/ -->\n<title>Feuille d&#039;argent en vrac Feuille argent flocon | Giusto Manetti Battiloro<\/title>\n<meta name=\"description\" content=\"Le Feuille d&#039;argent en vrac vous permet d&#039;acc\u00e9l\u00e9rer le processus d&#039;argenture l\u00e0 o\u00f9 sa g\u00e9om\u00e9trie parfaite n&#039;est pas requise.\" \/>\n<meta name=\"robots\" content=\"index, follow, max-snippet:-1, max-image-preview:large, max-video-preview:-1\" \/>\n<link rel=\"canonical\" href=\"https:\/\/www.manetti.com\/fr\/produit\/feuille-dargent-en-vrac\/\" \/>\n<meta property=\"og:locale\" content=\"fr_FR\" \/>\n<meta property=\"og:type\" content=\"article\" \/>\n<meta property=\"og:title\" content=\"Feuille d&#039;argent en vrac Feuille argent flocon | Giusto Manetti Battiloro\" \/>\n<meta property=\"og:description\" content=\"Le Feuille d&#039;argent en vrac vous permet d&#039;acc\u00e9l\u00e9rer le processus d&#039;argenture l\u00e0 o\u00f9 sa g\u00e9om\u00e9trie parfaite n&#039;est pas requise.\" \/>\n<meta property=\"og:url\" content=\"https:\/\/www.manetti.com\/fr\/produit\/feuille-dargent-en-vrac\/\" \/>\n<meta property=\"og:site_name\" content=\"Giusto Manetti Battiloro\" \/>\n<meta property=\"article:publisher\" content=\"https:\/\/www.facebook.com\/giustomanettibattiloro\" \/>\n<meta property=\"article:modified_time\" content=\"2024-02-14T12:57:39+00:00\" \/>\n<meta property=\"og:image\" content=\"https:\/\/www.manetti.com\/wp-content\/uploads\/2020\/01\/icon_rinfusa_argento.png\" \/>\n\t<meta property=\"og:image:width\" content=\"200\" \/>\n\t<meta property=\"og:image:height\" content=\"200\" \/>\n\t<meta property=\"og:image:type\" content=\"image\/png\" \/>\n<meta name=\"twitter:card\" content=\"summary_large_image\" \/>\n<script type=\"application\/ld+json\" class=\"yoast-schema-graph\">{\"@context\":\"https:\/\/schema.org\",\"@graph\":[{\"@type\":\"WebPage\",\"@id\":\"https:\/\/www.manetti.com\/fr\/produit\/feuille-dargent-en-vrac\/\",\"url\":\"https:\/\/www.manetti.com\/fr\/produit\/feuille-dargent-en-vrac\/\",\"name\":\"Feuille d'argent en vrac Feuille argent flocon | Giusto Manetti Battiloro\",\"isPartOf\":{\"@id\":\"https:\/\/www.manetti.com\/fr\/#website\"},\"primaryImageOfPage\":{\"@id\":\"https:\/\/www.manetti.com\/fr\/produit\/feuille-dargent-en-vrac\/#primaryimage\"},\"image\":{\"@id\":\"https:\/\/www.manetti.com\/fr\/produit\/feuille-dargent-en-vrac\/#primaryimage\"},\"thumbnailUrl\":\"https:\/\/www.manetti.com\/wp-content\/uploads\/2020\/01\/Argento-Rinfusa_web-3.png\",\"datePublished\":\"2020-01-31T09:43:39+00:00\",\"dateModified\":\"2024-02-14T12:57:39+00:00\",\"description\":\"Le Feuille d'argent en vrac vous permet d'acc\u00e9l\u00e9rer le processus d'argenture l\u00e0 o\u00f9 sa g\u00e9om\u00e9trie parfaite n'est pas requise.\",\"inLanguage\":\"fr-FR\",\"potentialAction\":[{\"@type\":\"ReadAction\",\"target\":[\"https:\/\/www.manetti.com\/fr\/produit\/feuille-dargent-en-vrac\/\"]}]},{\"@type\":\"ImageObject\",\"inLanguage\":\"fr-FR\",\"@id\":\"https:\/\/www.manetti.com\/fr\/produit\/feuille-dargent-en-vrac\/#primaryimage\",\"url\":\"https:\/\/www.manetti.com\/wp-content\/uploads\/2020\/01\/Argento-Rinfusa_web-3.png\",\"contentUrl\":\"https:\/\/www.manetti.com\/wp-content\/uploads\/2020\/01\/Argento-Rinfusa_web-3.png\",\"width\":500,\"height\":500},{\"@type\":\"WebSite\",\"@id\":\"https:\/\/www.manetti.com\/fr\/#website\",\"url\":\"https:\/\/www.manetti.com\/fr\/\",\"name\":\"Giusto Manetti Battiloro\",\"description\":\"\",\"publisher\":{\"@id\":\"https:\/\/www.manetti.com\/fr\/#organization\"},\"potentialAction\":[{\"@type\":\"SearchAction\",\"target\":{\"@type\":\"EntryPoint\",\"urlTemplate\":\"https:\/\/www.manetti.com\/fr\/?s={search_term_string}\"},\"query-input\":{\"@type\":\"PropertyValueSpecification\",\"valueRequired\":true,\"valueName\":\"search_term_string\"}}],\"inLanguage\":\"fr-FR\"},{\"@type\":\"Organization\",\"@id\":\"https:\/\/www.manetti.com\/fr\/#organization\",\"name\":\"GIUSTO MANETTI BATTILORO S.P.A.\",\"url\":\"https:\/\/www.manetti.com\/fr\/\",\"logo\":{\"@type\":\"ImageObject\",\"inLanguage\":\"fr-FR\",\"@id\":\"https:\/\/www.manetti.com\/fr\/#\/schema\/logo\/image\/\",\"url\":\"https:\/\/www.manetti.com\/wp-content\/uploads\/2025\/02\/giusto-manetti-blu_300-02.png\",\"contentUrl\":\"https:\/\/www.manetti.com\/wp-content\/uploads\/2025\/02\/giusto-manetti-blu_300-02.png\",\"width\":1123,\"height\":1093,\"caption\":\"GIUSTO MANETTI BATTILORO S.P.A.\"},\"image\":{\"@id\":\"https:\/\/www.manetti.com\/fr\/#\/schema\/logo\/image\/\"},\"sameAs\":[\"https:\/\/www.facebook.com\/giustomanettibattiloro\",\"https:\/\/www.instagram.com\/giustomanettibattiloro\/\",\"https:\/\/www.linkedin.com\/company\/giusto-manetti-battiloro-s-p-a-\/\",\"https:\/\/www.youtube.com\/user\/ManettiBattiloro\"]}]}<\/script>\n<!-- \/ Yoast SEO plugin. -->","yoast_head_json":{"title":"Feuille d'argent en vrac Feuille argent flocon | Giusto Manetti Battiloro","description":"Le Feuille d'argent en vrac vous permet d'acc\u00e9l\u00e9rer le processus d'argenture l\u00e0 o\u00f9 sa g\u00e9om\u00e9trie parfaite n'est pas requise.","robots":{"index":"index","follow":"follow","max-snippet":"max-snippet:-1","max-image-preview":"max-image-preview:large","max-video-preview":"max-video-preview:-1"},"canonical":"https:\/\/www.manetti.com\/fr\/produit\/feuille-dargent-en-vrac\/","og_locale":"fr_FR","og_type":"article","og_title":"Feuille d'argent en vrac Feuille argent flocon | Giusto Manetti Battiloro","og_description":"Le Feuille d'argent en vrac vous permet d'acc\u00e9l\u00e9rer le processus d'argenture l\u00e0 o\u00f9 sa g\u00e9om\u00e9trie parfaite n'est pas requise.","og_url":"https:\/\/www.manetti.com\/fr\/produit\/feuille-dargent-en-vrac\/","og_site_name":"Giusto Manetti Battiloro","article_publisher":"https:\/\/www.facebook.com\/giustomanettibattiloro","article_modified_time":"2024-02-14T12:57:39+00:00","og_image":[{"width":200,"height":200,"url":"https:\/\/www.manetti.com\/wp-content\/uploads\/2020\/01\/icon_rinfusa_argento.png","type":"image\/png"}],"twitter_card":"summary_large_image","schema":{"@context":"https:\/\/schema.org","@graph":[{"@type":"WebPage","@id":"https:\/\/www.manetti.com\/fr\/produit\/feuille-dargent-en-vrac\/","url":"https:\/\/www.manetti.com\/fr\/produit\/feuille-dargent-en-vrac\/","name":"Feuille d'argent en vrac Feuille argent flocon | Giusto Manetti Battiloro","isPartOf":{"@id":"https:\/\/www.manetti.com\/fr\/#website"},"primaryImageOfPage":{"@id":"https:\/\/www.manetti.com\/fr\/produit\/feuille-dargent-en-vrac\/#primaryimage"},"image":{"@id":"https:\/\/www.manetti.com\/fr\/produit\/feuille-dargent-en-vrac\/#primaryimage"},"thumbnailUrl":"https:\/\/www.manetti.com\/wp-content\/uploads\/2020\/01\/Argento-Rinfusa_web-3.png","datePublished":"2020-01-31T09:43:39+00:00","dateModified":"2024-02-14T12:57:39+00:00","description":"Le Feuille d'argent en vrac vous permet d'acc\u00e9l\u00e9rer le processus d'argenture l\u00e0 o\u00f9 sa g\u00e9om\u00e9trie parfaite n'est pas requise.","inLanguage":"fr-FR","potentialAction":[{"@type":"ReadAction","target":["https:\/\/www.manetti.com\/fr\/produit\/feuille-dargent-en-vrac\/"]}]},{"@type":"ImageObject","inLanguage":"fr-FR","@id":"https:\/\/www.manetti.com\/fr\/produit\/feuille-dargent-en-vrac\/#primaryimage","url":"https:\/\/www.manetti.com\/wp-content\/uploads\/2020\/01\/Argento-Rinfusa_web-3.png","contentUrl":"https:\/\/www.manetti.com\/wp-content\/uploads\/2020\/01\/Argento-Rinfusa_web-3.png","width":500,"height":500},{"@type":"WebSite","@id":"https:\/\/www.manetti.com\/fr\/#website","url":"https:\/\/www.manetti.com\/fr\/","name":"Giusto Manetti Battiloro","description":"","publisher":{"@id":"https:\/\/www.manetti.com\/fr\/#organization"},"potentialAction":[{"@type":"SearchAction","target":{"@type":"EntryPoint","urlTemplate":"https:\/\/www.manetti.com\/fr\/?s={search_term_string}"},"query-input":{"@type":"PropertyValueSpecification","valueRequired":true,"valueName":"search_term_string"}}],"inLanguage":"fr-FR"},{"@type":"Organization","@id":"https:\/\/www.manetti.com\/fr\/#organization","name":"GIUSTO MANETTI BATTILORO S.P.A.","url":"https:\/\/www.manetti.com\/fr\/","logo":{"@type":"ImageObject","inLanguage":"fr-FR","@id":"https:\/\/www.manetti.com\/fr\/#\/schema\/logo\/image\/","url":"https:\/\/www.manetti.com\/wp-content\/uploads\/2025\/02\/giusto-manetti-blu_300-02.png","contentUrl":"https:\/\/www.manetti.com\/wp-content\/uploads\/2025\/02\/giusto-manetti-blu_300-02.png","width":1123,"height":1093,"caption":"GIUSTO MANETTI BATTILORO S.P.A."},"image":{"@id":"https:\/\/www.manetti.com\/fr\/#\/schema\/logo\/image\/"},"sameAs":["https:\/\/www.facebook.com\/giustomanettibattiloro","https:\/\/www.instagram.com\/giustomanettibattiloro\/","https:\/\/www.linkedin.com\/company\/giusto-manetti-battiloro-s-p-a-\/","https:\/\/www.youtube.com\/user\/ManettiBattiloro"]}]}},"_links":{"self":[{"href":"https:\/\/www.manetti.com\/fr\/wp-json\/wp\/v2\/product\/31902","targetHints":{"allow":["GET"]}}],"collection":[{"href":"https:\/\/www.manetti.com\/fr\/wp-json\/wp\/v2\/product"}],"about":[{"href":"https:\/\/www.manetti.com\/fr\/wp-json\/wp\/v2\/types\/product"}],"wp:featuredmedia":[{"embeddable":true,"href":"https:\/\/www.manetti.com\/fr\/wp-json\/wp\/v2\/media\/74148"}],"wp:attachment":[{"href":"https:\/\/www.manetti.com\/fr\/wp-json\/wp\/v2\/media?parent=31902"}],"wp:term":[{"taxonomy":"product_brand","embeddable":true,"href":"https:\/\/www.manetti.com\/fr\/wp-json\/wp\/v2\/product_brand?post=31902"},{"taxonomy":"product_cat","embeddable":true,"href":"https:\/\/www.manetti.com\/fr\/wp-json\/wp\/v2\/product_cat?post=31902"},{"taxonomy":"product_tag","embeddable":true,"href":"https:\/\/www.manetti.com\/fr\/wp-json\/wp\/v2\/product_tag?post=31902"},{"taxonomy":"product_area","embeddable":true,"href":"https:\/\/www.manetti.com\/fr\/wp-json\/wp\/v2\/product_area?post=31902"},{"taxonomy":"catalog_category","embeddable":true,"href":"https:\/\/www.manetti.com\/fr\/wp-json\/wp\/v2\/catalog_category?post=31902"}],"curies":[{"name":"wp","href":"https:\/\/api.w.org\/{rel}","templated":true}]}}