{"id":31918,"date":"2020-01-31T11:50:03","date_gmt":"2020-01-31T10:50:03","guid":{"rendered":"https:\/\/www.manetti.com\/prodotto\/foglia-palladio-in-rotolo\/"},"modified":"2024-01-15T14:00:07","modified_gmt":"2024-01-15T13:00:07","slug":"feuille-de-palladium-en-rouleau","status":"publish","type":"product","link":"https:\/\/www.manetti.com\/fr\/produit\/feuille-de-palladium-en-rouleau\/","title":{"rendered":"Feuille de palladium en rouleau"},"content":{"rendered":"<p>La feuille de palladium en rouleau permet une d\u00e9coration rapide et pr\u00e9cise de grandes surfaces planes. Les feuilles individuelles sont appliqu\u00e9es manuellement sur un rouleau de papier de soie d&#8217;une longueur standard de 20,5 m\u00e8tres et d&#8217;une hauteur variable en fonction de la hauteur de la feuille. Dans la phase de d\u00e9coration, vous pouvez couper le rouleau dans sa longueur \u00e0 l&#8217;aide de ciseaux ordinaires, en faisant particuli\u00e8rement attention \u00e0 le couper \u00e0 la jonction de deux feuilles. Sur demande, le rouleau peut \u00eatre fourni coup\u00e9 en hauteur, \u00e0 partir d&#8217;un minimum de 10 mm, en restant fix\u00e9 sur une longueur de 20,5 m\u00e8tres.<\/p>\n","protected":false},"excerpt":{"rendered":"<p>Parfaites pour d\u00e9corer rapidement et avec pr\u00e9cision de grandes surfaces planes, les feuilles de palladium en rouleaux sont facilement d\u00e9coup\u00e9es \u00e0 la taille requise pour chaque application. [&#8230;]<\/p>\n<p><a class=\"btn btn-secondary understrap-read-more-link\" href=\"https:\/\/www.manetti.com\/fr\/produit\/feuille-de-palladium-en-rouleau\/\">Lire la suite&#8230;<\/a><\/p>\n","protected":false},"featured_media":31920,"template":"","meta":{"_acf_changed":false},"product_brand":[],"product_cat":[173],"product_tag":[179],"product_area":[],"catalog_category":[805,961],"class_list":{"0":"post-31918","1":"product","2":"type-product","3":"status-publish","4":"has-post-thumbnail","6":"product_cat-feuille-de-palladium","7":"product_tag-rotolo-fr","8":"catalog_category-dorure-avec-feuille-dor-en-roule","9":"catalog_category-dorure-avec-feuille-dor-en-roule-feuille-dor-en-rouleau","11":"first","12":"instock","13":"shipping-taxable","14":"purchasable","15":"product-type-variable"},"acf":[],"yoast_head":"<!-- This site is optimized with the Yoast SEO plugin v26.5 - https:\/\/yoast.com\/wordpress\/plugins\/seo\/ -->\n<title>Feuille de palladium en rouleau 20,5m | Giusto Manetti Battiloro<\/title>\n<meta name=\"description\" content=\"Le Feuille de palladium en rouleau permet une d\u00e9coration rapide et pr\u00e9cise de grandes surfaces planes. Les feuilles individuelles sont appliqu\u00e9es sur un rouleau de papier de soie.\" \/>\n<meta name=\"robots\" content=\"index, follow, max-snippet:-1, max-image-preview:large, max-video-preview:-1\" \/>\n<link rel=\"canonical\" href=\"https:\/\/www.manetti.com\/fr\/produit\/feuille-de-palladium-en-rouleau\/\" \/>\n<meta property=\"og:locale\" content=\"fr_FR\" \/>\n<meta property=\"og:type\" content=\"article\" \/>\n<meta property=\"og:title\" content=\"Feuille de palladium en rouleau 20,5m | Giusto Manetti Battiloro\" \/>\n<meta property=\"og:description\" content=\"Le Feuille de palladium en rouleau permet une d\u00e9coration rapide et pr\u00e9cise de grandes surfaces planes. Les feuilles individuelles sont appliqu\u00e9es sur un rouleau de papier de soie.\" \/>\n<meta property=\"og:url\" content=\"https:\/\/www.manetti.com\/fr\/produit\/feuille-de-palladium-en-rouleau\/\" \/>\n<meta property=\"og:site_name\" content=\"Giusto Manetti Battiloro\" \/>\n<meta property=\"article:publisher\" content=\"https:\/\/www.facebook.com\/giustomanettibattiloro\" \/>\n<meta property=\"article:modified_time\" content=\"2024-01-15T13:00:07+00:00\" \/>\n<meta property=\"og:image\" content=\"https:\/\/www.manetti.com\/wp-content\/uploads\/2020\/01\/rotolo_palladio.png\" \/>\n\t<meta property=\"og:image:width\" content=\"200\" \/>\n\t<meta property=\"og:image:height\" content=\"200\" \/>\n\t<meta property=\"og:image:type\" content=\"image\/png\" \/>\n<meta name=\"twitter:card\" content=\"summary_large_image\" \/>\n<meta name=\"twitter:label1\" content=\"Dur\u00e9e de lecture estim\u00e9e\" \/>\n\t<meta name=\"twitter:data1\" content=\"1 minute\" \/>\n<script type=\"application\/ld+json\" class=\"yoast-schema-graph\">{\"@context\":\"https:\/\/schema.org\",\"@graph\":[{\"@type\":\"WebPage\",\"@id\":\"https:\/\/www.manetti.com\/fr\/produit\/feuille-de-palladium-en-rouleau\/\",\"url\":\"https:\/\/www.manetti.com\/fr\/produit\/feuille-de-palladium-en-rouleau\/\",\"name\":\"Feuille de palladium en rouleau 20,5m | Giusto Manetti Battiloro\",\"isPartOf\":{\"@id\":\"https:\/\/www.manetti.com\/fr\/#website\"},\"primaryImageOfPage\":{\"@id\":\"https:\/\/www.manetti.com\/fr\/produit\/feuille-de-palladium-en-rouleau\/#primaryimage\"},\"image\":{\"@id\":\"https:\/\/www.manetti.com\/fr\/produit\/feuille-de-palladium-en-rouleau\/#primaryimage\"},\"thumbnailUrl\":\"https:\/\/www.manetti.com\/wp-content\/uploads\/2020\/01\/rotolo_palladio.png\",\"datePublished\":\"2020-01-31T10:50:03+00:00\",\"dateModified\":\"2024-01-15T13:00:07+00:00\",\"description\":\"Le Feuille de palladium en rouleau permet une d\u00e9coration rapide et pr\u00e9cise de grandes surfaces planes. Les feuilles individuelles sont appliqu\u00e9es sur un rouleau de papier de soie.\",\"inLanguage\":\"fr-FR\",\"potentialAction\":[{\"@type\":\"ReadAction\",\"target\":[\"https:\/\/www.manetti.com\/fr\/produit\/feuille-de-palladium-en-rouleau\/\"]}]},{\"@type\":\"ImageObject\",\"inLanguage\":\"fr-FR\",\"@id\":\"https:\/\/www.manetti.com\/fr\/produit\/feuille-de-palladium-en-rouleau\/#primaryimage\",\"url\":\"https:\/\/www.manetti.com\/wp-content\/uploads\/2020\/01\/rotolo_palladio.png\",\"contentUrl\":\"https:\/\/www.manetti.com\/wp-content\/uploads\/2020\/01\/rotolo_palladio.png\",\"width\":200,\"height\":200},{\"@type\":\"WebSite\",\"@id\":\"https:\/\/www.manetti.com\/fr\/#website\",\"url\":\"https:\/\/www.manetti.com\/fr\/\",\"name\":\"Giusto Manetti Battiloro\",\"description\":\"\",\"publisher\":{\"@id\":\"https:\/\/www.manetti.com\/fr\/#organization\"},\"potentialAction\":[{\"@type\":\"SearchAction\",\"target\":{\"@type\":\"EntryPoint\",\"urlTemplate\":\"https:\/\/www.manetti.com\/fr\/?s={search_term_string}\"},\"query-input\":{\"@type\":\"PropertyValueSpecification\",\"valueRequired\":true,\"valueName\":\"search_term_string\"}}],\"inLanguage\":\"fr-FR\"},{\"@type\":\"Organization\",\"@id\":\"https:\/\/www.manetti.com\/fr\/#organization\",\"name\":\"GIUSTO MANETTI BATTILORO S.P.A.\",\"url\":\"https:\/\/www.manetti.com\/fr\/\",\"logo\":{\"@type\":\"ImageObject\",\"inLanguage\":\"fr-FR\",\"@id\":\"https:\/\/www.manetti.com\/fr\/#\/schema\/logo\/image\/\",\"url\":\"https:\/\/www.manetti.com\/wp-content\/uploads\/2025\/02\/giusto-manetti-blu_300-02.png\",\"contentUrl\":\"https:\/\/www.manetti.com\/wp-content\/uploads\/2025\/02\/giusto-manetti-blu_300-02.png\",\"width\":1123,\"height\":1093,\"caption\":\"GIUSTO MANETTI BATTILORO S.P.A.\"},\"image\":{\"@id\":\"https:\/\/www.manetti.com\/fr\/#\/schema\/logo\/image\/\"},\"sameAs\":[\"https:\/\/www.facebook.com\/giustomanettibattiloro\",\"https:\/\/www.instagram.com\/giustomanettibattiloro\/\",\"https:\/\/www.linkedin.com\/company\/giusto-manetti-battiloro-s-p-a-\/\",\"https:\/\/www.youtube.com\/user\/ManettiBattiloro\"]}]}<\/script>\n<!-- \/ Yoast SEO plugin. -->","yoast_head_json":{"title":"Feuille de palladium en rouleau 20,5m | Giusto Manetti Battiloro","description":"Le Feuille de palladium en rouleau permet une d\u00e9coration rapide et pr\u00e9cise de grandes surfaces planes. Les feuilles individuelles sont appliqu\u00e9es sur un rouleau de papier de soie.","robots":{"index":"index","follow":"follow","max-snippet":"max-snippet:-1","max-image-preview":"max-image-preview:large","max-video-preview":"max-video-preview:-1"},"canonical":"https:\/\/www.manetti.com\/fr\/produit\/feuille-de-palladium-en-rouleau\/","og_locale":"fr_FR","og_type":"article","og_title":"Feuille de palladium en rouleau 20,5m | Giusto Manetti Battiloro","og_description":"Le Feuille de palladium en rouleau permet une d\u00e9coration rapide et pr\u00e9cise de grandes surfaces planes. Les feuilles individuelles sont appliqu\u00e9es sur un rouleau de papier de soie.","og_url":"https:\/\/www.manetti.com\/fr\/produit\/feuille-de-palladium-en-rouleau\/","og_site_name":"Giusto Manetti Battiloro","article_publisher":"https:\/\/www.facebook.com\/giustomanettibattiloro","article_modified_time":"2024-01-15T13:00:07+00:00","og_image":[{"width":200,"height":200,"url":"https:\/\/www.manetti.com\/wp-content\/uploads\/2020\/01\/rotolo_palladio.png","type":"image\/png"}],"twitter_card":"summary_large_image","twitter_misc":{"Dur\u00e9e de lecture estim\u00e9e":"1 minute"},"schema":{"@context":"https:\/\/schema.org","@graph":[{"@type":"WebPage","@id":"https:\/\/www.manetti.com\/fr\/produit\/feuille-de-palladium-en-rouleau\/","url":"https:\/\/www.manetti.com\/fr\/produit\/feuille-de-palladium-en-rouleau\/","name":"Feuille de palladium en rouleau 20,5m | Giusto Manetti Battiloro","isPartOf":{"@id":"https:\/\/www.manetti.com\/fr\/#website"},"primaryImageOfPage":{"@id":"https:\/\/www.manetti.com\/fr\/produit\/feuille-de-palladium-en-rouleau\/#primaryimage"},"image":{"@id":"https:\/\/www.manetti.com\/fr\/produit\/feuille-de-palladium-en-rouleau\/#primaryimage"},"thumbnailUrl":"https:\/\/www.manetti.com\/wp-content\/uploads\/2020\/01\/rotolo_palladio.png","datePublished":"2020-01-31T10:50:03+00:00","dateModified":"2024-01-15T13:00:07+00:00","description":"Le Feuille de palladium en rouleau permet une d\u00e9coration rapide et pr\u00e9cise de grandes surfaces planes. Les feuilles individuelles sont appliqu\u00e9es sur un rouleau de papier de soie.","inLanguage":"fr-FR","potentialAction":[{"@type":"ReadAction","target":["https:\/\/www.manetti.com\/fr\/produit\/feuille-de-palladium-en-rouleau\/"]}]},{"@type":"ImageObject","inLanguage":"fr-FR","@id":"https:\/\/www.manetti.com\/fr\/produit\/feuille-de-palladium-en-rouleau\/#primaryimage","url":"https:\/\/www.manetti.com\/wp-content\/uploads\/2020\/01\/rotolo_palladio.png","contentUrl":"https:\/\/www.manetti.com\/wp-content\/uploads\/2020\/01\/rotolo_palladio.png","width":200,"height":200},{"@type":"WebSite","@id":"https:\/\/www.manetti.com\/fr\/#website","url":"https:\/\/www.manetti.com\/fr\/","name":"Giusto Manetti Battiloro","description":"","publisher":{"@id":"https:\/\/www.manetti.com\/fr\/#organization"},"potentialAction":[{"@type":"SearchAction","target":{"@type":"EntryPoint","urlTemplate":"https:\/\/www.manetti.com\/fr\/?s={search_term_string}"},"query-input":{"@type":"PropertyValueSpecification","valueRequired":true,"valueName":"search_term_string"}}],"inLanguage":"fr-FR"},{"@type":"Organization","@id":"https:\/\/www.manetti.com\/fr\/#organization","name":"GIUSTO MANETTI BATTILORO S.P.A.","url":"https:\/\/www.manetti.com\/fr\/","logo":{"@type":"ImageObject","inLanguage":"fr-FR","@id":"https:\/\/www.manetti.com\/fr\/#\/schema\/logo\/image\/","url":"https:\/\/www.manetti.com\/wp-content\/uploads\/2025\/02\/giusto-manetti-blu_300-02.png","contentUrl":"https:\/\/www.manetti.com\/wp-content\/uploads\/2025\/02\/giusto-manetti-blu_300-02.png","width":1123,"height":1093,"caption":"GIUSTO MANETTI BATTILORO S.P.A."},"image":{"@id":"https:\/\/www.manetti.com\/fr\/#\/schema\/logo\/image\/"},"sameAs":["https:\/\/www.facebook.com\/giustomanettibattiloro","https:\/\/www.instagram.com\/giustomanettibattiloro\/","https:\/\/www.linkedin.com\/company\/giusto-manetti-battiloro-s-p-a-\/","https:\/\/www.youtube.com\/user\/ManettiBattiloro"]}]}},"_links":{"self":[{"href":"https:\/\/www.manetti.com\/fr\/wp-json\/wp\/v2\/product\/31918","targetHints":{"allow":["GET"]}}],"collection":[{"href":"https:\/\/www.manetti.com\/fr\/wp-json\/wp\/v2\/product"}],"about":[{"href":"https:\/\/www.manetti.com\/fr\/wp-json\/wp\/v2\/types\/product"}],"wp:featuredmedia":[{"embeddable":true,"href":"https:\/\/www.manetti.com\/fr\/wp-json\/wp\/v2\/media\/31920"}],"wp:attachment":[{"href":"https:\/\/www.manetti.com\/fr\/wp-json\/wp\/v2\/media?parent=31918"}],"wp:term":[{"taxonomy":"product_brand","embeddable":true,"href":"https:\/\/www.manetti.com\/fr\/wp-json\/wp\/v2\/product_brand?post=31918"},{"taxonomy":"product_cat","embeddable":true,"href":"https:\/\/www.manetti.com\/fr\/wp-json\/wp\/v2\/product_cat?post=31918"},{"taxonomy":"product_tag","embeddable":true,"href":"https:\/\/www.manetti.com\/fr\/wp-json\/wp\/v2\/product_tag?post=31918"},{"taxonomy":"product_area","embeddable":true,"href":"https:\/\/www.manetti.com\/fr\/wp-json\/wp\/v2\/product_area?post=31918"},{"taxonomy":"catalog_category","embeddable":true,"href":"https:\/\/www.manetti.com\/fr\/wp-json\/wp\/v2\/catalog_category?post=31918"}],"curies":[{"name":"wp","href":"https:\/\/api.w.org\/{rel}","templated":true}]}}