{"id":31938,"date":"2020-01-31T11:43:39","date_gmt":"2020-01-31T10:43:39","guid":{"rendered":"https:\/\/www.manetti.com\/prodotto\/foglia-palladio-in-libretto\/"},"modified":"2024-04-23T14:54:16","modified_gmt":"2024-04-23T12:54:16","slug":"feuille-de-palladium-en-livret","status":"publish","type":"product","link":"https:\/\/www.manetti.com\/fr\/produit\/feuille-de-palladium-en-livret\/","title":{"rendered":"Feuille de palladium en livret"},"content":{"rendered":"<p>La feuille de palladium libre, disponible en diff\u00e9rentes tailles et \u00e9paisseurs, est appliqu\u00e9e avec la technique \u00e0 mixtion, g\u00e9n\u00e9ralement sur des surfaces qui ne sont pas parfaitement planes. La feuille en palladium \u00e0 d\u00e9calque, disponible en diff\u00e9rentes tailles et \u00e9paisseurs, est plac\u00e9e sur un papier de soie qui facilite et acc\u00e9l\u00e8re la prise et l&#8217;application dans la d\u00e9coration de surfaces planes. La feuille est seulement press\u00e9e sur le papier de soie sans utiliser de colle. Il est recommand\u00e9 de l&#8217;appliquer exclusivement avec la technique \u00e0 mixtion. La feuille de palladium, libre ou \u00e0 d\u00e9calque, est conditionn\u00e9e en carnets de 25 feuilles chacun.<\/p>\n","protected":false},"excerpt":{"rendered":"<p>Disponible en diff\u00e9rentes tailles et \u00e9paisseurs, le livret de feuilles de palladium est appliqu\u00e9, en feuille libre ou en decalco, avec la technique de la mission. Chaque livret contient 25 feuilles. [&#8230;]<\/p>\n<p><a class=\"btn btn-secondary understrap-read-more-link\" href=\"https:\/\/www.manetti.com\/fr\/produit\/feuille-de-palladium-en-livret\/\">Lire la suite&#8230;<\/a><\/p>\n","protected":false},"featured_media":31940,"template":"","meta":{"_acf_changed":false},"product_brand":[],"product_cat":[173],"product_tag":[181],"product_area":[],"catalog_category":[789,793,797,933,969,973],"class_list":{"0":"post-31938","1":"product","2":"type-product","3":"status-publish","4":"has-post-thumbnail","6":"product_cat-feuille-de-palladium","7":"product_tag-foglia-in-libretto-fr","8":"catalog_category-dorure-sur-marbre-et-pierre","9":"catalog_category-dorure-et-restauration","10":"catalog_category-dorure-exterieure","11":"catalog_category-dorure-sur-marbre-et-pierre-feuille-dor-et-autres-metaux","12":"catalog_category-dorure-et-restauration-feuille-dor-et-autres-metaux","13":"catalog_category-dorure-exterieure-feuille-dor-et-autres-metaux","15":"first","16":"instock","17":"shipping-taxable","18":"purchasable","19":"product-type-variable"},"acf":[],"yoast_head":"<!-- This site is optimized with the Yoast SEO plugin v26.5 - https:\/\/yoast.com\/wordpress\/plugins\/seo\/ -->\n<title>Feuille de palladium en livret, libre | Giusto Manetti Battiloro<\/title>\n<meta name=\"description\" content=\"La Feuille de palladium en livret est utilis\u00e9e avec la technique de mission sur des surfaces qui ne sont pas parfaitement planes; la version d\u00e9calcomanie est pour les d\u00e9corations sur des surfaces planes.\" \/>\n<meta name=\"robots\" content=\"index, follow, max-snippet:-1, max-image-preview:large, max-video-preview:-1\" \/>\n<link rel=\"canonical\" href=\"https:\/\/www.manetti.com\/fr\/produit\/feuille-de-palladium-en-livret\/\" \/>\n<meta property=\"og:locale\" content=\"fr_FR\" \/>\n<meta property=\"og:type\" content=\"article\" \/>\n<meta property=\"og:title\" content=\"Feuille de palladium en livret, libre | Giusto Manetti Battiloro\" \/>\n<meta property=\"og:description\" content=\"La Feuille de palladium en livret est utilis\u00e9e avec la technique de mission sur des surfaces qui ne sont pas parfaitement planes; la version d\u00e9calcomanie est pour les d\u00e9corations sur des surfaces planes.\" \/>\n<meta property=\"og:url\" content=\"https:\/\/www.manetti.com\/fr\/produit\/feuille-de-palladium-en-livret\/\" \/>\n<meta property=\"og:site_name\" content=\"Giusto Manetti Battiloro\" \/>\n<meta property=\"article:publisher\" content=\"https:\/\/www.facebook.com\/giustomanettibattiloro\" \/>\n<meta property=\"article:modified_time\" content=\"2024-04-23T12:54:16+00:00\" \/>\n<meta property=\"og:image\" content=\"https:\/\/www.manetti.com\/wp-content\/uploads\/2020\/01\/libretto_palladio.png\" \/>\n\t<meta property=\"og:image:width\" content=\"200\" \/>\n\t<meta property=\"og:image:height\" content=\"200\" \/>\n\t<meta property=\"og:image:type\" content=\"image\/png\" \/>\n<meta name=\"twitter:card\" content=\"summary_large_image\" \/>\n<meta name=\"twitter:label1\" content=\"Dur\u00e9e de lecture estim\u00e9e\" \/>\n\t<meta name=\"twitter:data1\" content=\"1 minute\" \/>\n<script type=\"application\/ld+json\" class=\"yoast-schema-graph\">{\"@context\":\"https:\/\/schema.org\",\"@graph\":[{\"@type\":\"WebPage\",\"@id\":\"https:\/\/www.manetti.com\/fr\/produit\/feuille-de-palladium-en-livret\/\",\"url\":\"https:\/\/www.manetti.com\/fr\/produit\/feuille-de-palladium-en-livret\/\",\"name\":\"Feuille de palladium en livret, libre | Giusto Manetti Battiloro\",\"isPartOf\":{\"@id\":\"https:\/\/www.manetti.com\/fr\/#website\"},\"primaryImageOfPage\":{\"@id\":\"https:\/\/www.manetti.com\/fr\/produit\/feuille-de-palladium-en-livret\/#primaryimage\"},\"image\":{\"@id\":\"https:\/\/www.manetti.com\/fr\/produit\/feuille-de-palladium-en-livret\/#primaryimage\"},\"thumbnailUrl\":\"https:\/\/www.manetti.com\/wp-content\/uploads\/2020\/01\/libretto_palladio.png\",\"datePublished\":\"2020-01-31T10:43:39+00:00\",\"dateModified\":\"2024-04-23T12:54:16+00:00\",\"description\":\"La Feuille de palladium en livret est utilis\u00e9e avec la technique de mission sur des surfaces qui ne sont pas parfaitement planes; la version d\u00e9calcomanie est pour les d\u00e9corations sur des surfaces planes.\",\"inLanguage\":\"fr-FR\",\"potentialAction\":[{\"@type\":\"ReadAction\",\"target\":[\"https:\/\/www.manetti.com\/fr\/produit\/feuille-de-palladium-en-livret\/\"]}]},{\"@type\":\"ImageObject\",\"inLanguage\":\"fr-FR\",\"@id\":\"https:\/\/www.manetti.com\/fr\/produit\/feuille-de-palladium-en-livret\/#primaryimage\",\"url\":\"https:\/\/www.manetti.com\/wp-content\/uploads\/2020\/01\/libretto_palladio.png\",\"contentUrl\":\"https:\/\/www.manetti.com\/wp-content\/uploads\/2020\/01\/libretto_palladio.png\",\"width\":200,\"height\":200},{\"@type\":\"WebSite\",\"@id\":\"https:\/\/www.manetti.com\/fr\/#website\",\"url\":\"https:\/\/www.manetti.com\/fr\/\",\"name\":\"Giusto Manetti Battiloro\",\"description\":\"\",\"publisher\":{\"@id\":\"https:\/\/www.manetti.com\/fr\/#organization\"},\"potentialAction\":[{\"@type\":\"SearchAction\",\"target\":{\"@type\":\"EntryPoint\",\"urlTemplate\":\"https:\/\/www.manetti.com\/fr\/?s={search_term_string}\"},\"query-input\":{\"@type\":\"PropertyValueSpecification\",\"valueRequired\":true,\"valueName\":\"search_term_string\"}}],\"inLanguage\":\"fr-FR\"},{\"@type\":\"Organization\",\"@id\":\"https:\/\/www.manetti.com\/fr\/#organization\",\"name\":\"GIUSTO MANETTI BATTILORO S.P.A.\",\"url\":\"https:\/\/www.manetti.com\/fr\/\",\"logo\":{\"@type\":\"ImageObject\",\"inLanguage\":\"fr-FR\",\"@id\":\"https:\/\/www.manetti.com\/fr\/#\/schema\/logo\/image\/\",\"url\":\"https:\/\/www.manetti.com\/wp-content\/uploads\/2025\/02\/giusto-manetti-blu_300-02.png\",\"contentUrl\":\"https:\/\/www.manetti.com\/wp-content\/uploads\/2025\/02\/giusto-manetti-blu_300-02.png\",\"width\":1123,\"height\":1093,\"caption\":\"GIUSTO MANETTI BATTILORO S.P.A.\"},\"image\":{\"@id\":\"https:\/\/www.manetti.com\/fr\/#\/schema\/logo\/image\/\"},\"sameAs\":[\"https:\/\/www.facebook.com\/giustomanettibattiloro\",\"https:\/\/www.instagram.com\/giustomanettibattiloro\/\",\"https:\/\/www.linkedin.com\/company\/giusto-manetti-battiloro-s-p-a-\/\",\"https:\/\/www.youtube.com\/user\/ManettiBattiloro\"]}]}<\/script>\n<!-- \/ Yoast SEO plugin. -->","yoast_head_json":{"title":"Feuille de palladium en livret, libre | Giusto Manetti Battiloro","description":"La Feuille de palladium en livret est utilis\u00e9e avec la technique de mission sur des surfaces qui ne sont pas parfaitement planes; la version d\u00e9calcomanie est pour les d\u00e9corations sur des surfaces planes.","robots":{"index":"index","follow":"follow","max-snippet":"max-snippet:-1","max-image-preview":"max-image-preview:large","max-video-preview":"max-video-preview:-1"},"canonical":"https:\/\/www.manetti.com\/fr\/produit\/feuille-de-palladium-en-livret\/","og_locale":"fr_FR","og_type":"article","og_title":"Feuille de palladium en livret, libre | Giusto Manetti Battiloro","og_description":"La Feuille de palladium en livret est utilis\u00e9e avec la technique de mission sur des surfaces qui ne sont pas parfaitement planes; la version d\u00e9calcomanie est pour les d\u00e9corations sur des surfaces planes.","og_url":"https:\/\/www.manetti.com\/fr\/produit\/feuille-de-palladium-en-livret\/","og_site_name":"Giusto Manetti Battiloro","article_publisher":"https:\/\/www.facebook.com\/giustomanettibattiloro","article_modified_time":"2024-04-23T12:54:16+00:00","og_image":[{"width":200,"height":200,"url":"https:\/\/www.manetti.com\/wp-content\/uploads\/2020\/01\/libretto_palladio.png","type":"image\/png"}],"twitter_card":"summary_large_image","twitter_misc":{"Dur\u00e9e de lecture estim\u00e9e":"1 minute"},"schema":{"@context":"https:\/\/schema.org","@graph":[{"@type":"WebPage","@id":"https:\/\/www.manetti.com\/fr\/produit\/feuille-de-palladium-en-livret\/","url":"https:\/\/www.manetti.com\/fr\/produit\/feuille-de-palladium-en-livret\/","name":"Feuille de palladium en livret, libre | Giusto Manetti Battiloro","isPartOf":{"@id":"https:\/\/www.manetti.com\/fr\/#website"},"primaryImageOfPage":{"@id":"https:\/\/www.manetti.com\/fr\/produit\/feuille-de-palladium-en-livret\/#primaryimage"},"image":{"@id":"https:\/\/www.manetti.com\/fr\/produit\/feuille-de-palladium-en-livret\/#primaryimage"},"thumbnailUrl":"https:\/\/www.manetti.com\/wp-content\/uploads\/2020\/01\/libretto_palladio.png","datePublished":"2020-01-31T10:43:39+00:00","dateModified":"2024-04-23T12:54:16+00:00","description":"La Feuille de palladium en livret est utilis\u00e9e avec la technique de mission sur des surfaces qui ne sont pas parfaitement planes; la version d\u00e9calcomanie est pour les d\u00e9corations sur des surfaces planes.","inLanguage":"fr-FR","potentialAction":[{"@type":"ReadAction","target":["https:\/\/www.manetti.com\/fr\/produit\/feuille-de-palladium-en-livret\/"]}]},{"@type":"ImageObject","inLanguage":"fr-FR","@id":"https:\/\/www.manetti.com\/fr\/produit\/feuille-de-palladium-en-livret\/#primaryimage","url":"https:\/\/www.manetti.com\/wp-content\/uploads\/2020\/01\/libretto_palladio.png","contentUrl":"https:\/\/www.manetti.com\/wp-content\/uploads\/2020\/01\/libretto_palladio.png","width":200,"height":200},{"@type":"WebSite","@id":"https:\/\/www.manetti.com\/fr\/#website","url":"https:\/\/www.manetti.com\/fr\/","name":"Giusto Manetti Battiloro","description":"","publisher":{"@id":"https:\/\/www.manetti.com\/fr\/#organization"},"potentialAction":[{"@type":"SearchAction","target":{"@type":"EntryPoint","urlTemplate":"https:\/\/www.manetti.com\/fr\/?s={search_term_string}"},"query-input":{"@type":"PropertyValueSpecification","valueRequired":true,"valueName":"search_term_string"}}],"inLanguage":"fr-FR"},{"@type":"Organization","@id":"https:\/\/www.manetti.com\/fr\/#organization","name":"GIUSTO MANETTI BATTILORO S.P.A.","url":"https:\/\/www.manetti.com\/fr\/","logo":{"@type":"ImageObject","inLanguage":"fr-FR","@id":"https:\/\/www.manetti.com\/fr\/#\/schema\/logo\/image\/","url":"https:\/\/www.manetti.com\/wp-content\/uploads\/2025\/02\/giusto-manetti-blu_300-02.png","contentUrl":"https:\/\/www.manetti.com\/wp-content\/uploads\/2025\/02\/giusto-manetti-blu_300-02.png","width":1123,"height":1093,"caption":"GIUSTO MANETTI BATTILORO S.P.A."},"image":{"@id":"https:\/\/www.manetti.com\/fr\/#\/schema\/logo\/image\/"},"sameAs":["https:\/\/www.facebook.com\/giustomanettibattiloro","https:\/\/www.instagram.com\/giustomanettibattiloro\/","https:\/\/www.linkedin.com\/company\/giusto-manetti-battiloro-s-p-a-\/","https:\/\/www.youtube.com\/user\/ManettiBattiloro"]}]}},"_links":{"self":[{"href":"https:\/\/www.manetti.com\/fr\/wp-json\/wp\/v2\/product\/31938","targetHints":{"allow":["GET"]}}],"collection":[{"href":"https:\/\/www.manetti.com\/fr\/wp-json\/wp\/v2\/product"}],"about":[{"href":"https:\/\/www.manetti.com\/fr\/wp-json\/wp\/v2\/types\/product"}],"wp:featuredmedia":[{"embeddable":true,"href":"https:\/\/www.manetti.com\/fr\/wp-json\/wp\/v2\/media\/31940"}],"wp:attachment":[{"href":"https:\/\/www.manetti.com\/fr\/wp-json\/wp\/v2\/media?parent=31938"}],"wp:term":[{"taxonomy":"product_brand","embeddable":true,"href":"https:\/\/www.manetti.com\/fr\/wp-json\/wp\/v2\/product_brand?post=31938"},{"taxonomy":"product_cat","embeddable":true,"href":"https:\/\/www.manetti.com\/fr\/wp-json\/wp\/v2\/product_cat?post=31938"},{"taxonomy":"product_tag","embeddable":true,"href":"https:\/\/www.manetti.com\/fr\/wp-json\/wp\/v2\/product_tag?post=31938"},{"taxonomy":"product_area","embeddable":true,"href":"https:\/\/www.manetti.com\/fr\/wp-json\/wp\/v2\/product_area?post=31938"},{"taxonomy":"catalog_category","embeddable":true,"href":"https:\/\/www.manetti.com\/fr\/wp-json\/wp\/v2\/catalog_category?post=31938"}],"curies":[{"name":"wp","href":"https:\/\/api.w.org\/{rel}","templated":true}]}}