{"id":31990,"date":"2020-01-31T11:35:21","date_gmt":"2020-01-31T10:35:21","guid":{"rendered":"https:\/\/www.manetti.com\/prodotto\/foglia-platino-in-libretto\/"},"modified":"2024-04-23T14:54:53","modified_gmt":"2024-04-23T12:54:53","slug":"feuille-de-platine-en-livret","status":"publish","type":"product","link":"https:\/\/www.manetti.com\/fr\/produit\/feuille-de-platine-en-livret\/","title":{"rendered":"Feuille de platine en livret"},"content":{"rendered":"<p>La feuille de platine libre, disponible en diff\u00e9rentes tailles et \u00e9paisseurs, est appliqu\u00e9e avec la technique \u00e0 mixtion, g\u00e9n\u00e9ralement sur des surfaces qui ne sont pas parfaitement planes. La feuille en palladium \u00e0 d\u00e9calque, disponible en 80 x 80 mm, est plac\u00e9e sur un papier de soie qui facilite et acc\u00e9l\u00e8re la prise et l&#8217;application dans la d\u00e9coration de surfaces planes. La feuille est seulement press\u00e9e sur le papier de soie sans utiliser de colle. Il est recommand\u00e9 de l&#8217;appliquer exclusivement avec la technique \u00e0 mission. La feuille de platine, aussi bien libre qu\u2019\u00e0 d\u00e9calque, est conditionn\u00e9e en carnets de 25 feuilles chacun.<\/p>\n","protected":false},"excerpt":{"rendered":"<p>Parfait pour d\u00e9corer rapidement et avec pr\u00e9cision de grandes surfaces planes, le rouleau de feuilles de platine se d\u00e9coupe facilement \u00e0 la taille requise pour chaque application. [&#8230;]<\/p>\n<p><a class=\"btn btn-secondary understrap-read-more-link\" href=\"https:\/\/www.manetti.com\/fr\/produit\/feuille-de-platine-en-livret\/\">Lire la suite&#8230;<\/a><\/p>\n","protected":false},"featured_media":31992,"template":"","meta":{"_acf_changed":false},"product_brand":[],"product_cat":[171],"product_tag":[181],"product_area":[],"catalog_category":[793,969],"class_list":{"0":"post-31990","1":"product","2":"type-product","3":"status-publish","4":"has-post-thumbnail","6":"product_cat-feuille-de-platine","7":"product_tag-foglia-in-libretto-fr","8":"catalog_category-dorure-et-restauration","9":"catalog_category-dorure-et-restauration-feuille-dor-et-autres-metaux","11":"first","12":"instock","13":"shipping-taxable","14":"purchasable","15":"product-type-variable"},"acf":[],"yoast_head":"<!-- This site is optimized with the Yoast SEO plugin v26.5 - https:\/\/yoast.com\/wordpress\/plugins\/seo\/ -->\n<title>Feuille de platine en livret \u00e0 mixtion | Giusto Manetti Battiloro<\/title>\n<meta name=\"description\" content=\"La Feuille de platine en livret est appliqu\u00e9e exclusivement avec la technique \u00e0 mixtion et est conditionn\u00e9e en livrets de 25 feuilles chacun, pour toutes ses utilisations.\" \/>\n<meta name=\"robots\" content=\"index, follow, max-snippet:-1, max-image-preview:large, max-video-preview:-1\" \/>\n<link rel=\"canonical\" href=\"https:\/\/www.manetti.com\/fr\/produit\/feuille-de-platine-en-livret\/\" \/>\n<meta property=\"og:locale\" content=\"fr_FR\" \/>\n<meta property=\"og:type\" content=\"article\" \/>\n<meta property=\"og:title\" content=\"Feuille de platine en livret \u00e0 mixtion | Giusto Manetti Battiloro\" \/>\n<meta property=\"og:description\" content=\"La Feuille de platine en livret est appliqu\u00e9e exclusivement avec la technique \u00e0 mixtion et est conditionn\u00e9e en livrets de 25 feuilles chacun, pour toutes ses utilisations.\" \/>\n<meta property=\"og:url\" content=\"https:\/\/www.manetti.com\/fr\/produit\/feuille-de-platine-en-livret\/\" \/>\n<meta property=\"og:site_name\" content=\"Giusto Manetti Battiloro\" \/>\n<meta property=\"article:publisher\" content=\"https:\/\/www.facebook.com\/giustomanettibattiloro\" \/>\n<meta property=\"article:modified_time\" content=\"2024-04-23T12:54:53+00:00\" \/>\n<meta property=\"og:image\" content=\"https:\/\/www.manetti.com\/wp-content\/uploads\/2020\/01\/libretto_platino.png\" \/>\n\t<meta property=\"og:image:width\" content=\"200\" \/>\n\t<meta property=\"og:image:height\" content=\"200\" \/>\n\t<meta property=\"og:image:type\" content=\"image\/png\" \/>\n<meta name=\"twitter:card\" content=\"summary_large_image\" \/>\n<meta name=\"twitter:label1\" content=\"Dur\u00e9e de lecture estim\u00e9e\" \/>\n\t<meta name=\"twitter:data1\" content=\"1 minute\" \/>\n<script type=\"application\/ld+json\" class=\"yoast-schema-graph\">{\"@context\":\"https:\/\/schema.org\",\"@graph\":[{\"@type\":\"WebPage\",\"@id\":\"https:\/\/www.manetti.com\/fr\/produit\/feuille-de-platine-en-livret\/\",\"url\":\"https:\/\/www.manetti.com\/fr\/produit\/feuille-de-platine-en-livret\/\",\"name\":\"Feuille de platine en livret \u00e0 mixtion | Giusto Manetti Battiloro\",\"isPartOf\":{\"@id\":\"https:\/\/www.manetti.com\/fr\/#website\"},\"primaryImageOfPage\":{\"@id\":\"https:\/\/www.manetti.com\/fr\/produit\/feuille-de-platine-en-livret\/#primaryimage\"},\"image\":{\"@id\":\"https:\/\/www.manetti.com\/fr\/produit\/feuille-de-platine-en-livret\/#primaryimage\"},\"thumbnailUrl\":\"https:\/\/www.manetti.com\/wp-content\/uploads\/2020\/01\/libretto_platino.png\",\"datePublished\":\"2020-01-31T10:35:21+00:00\",\"dateModified\":\"2024-04-23T12:54:53+00:00\",\"description\":\"La Feuille de platine en livret est appliqu\u00e9e exclusivement avec la technique \u00e0 mixtion et est conditionn\u00e9e en livrets de 25 feuilles chacun, pour toutes ses utilisations.\",\"inLanguage\":\"fr-FR\",\"potentialAction\":[{\"@type\":\"ReadAction\",\"target\":[\"https:\/\/www.manetti.com\/fr\/produit\/feuille-de-platine-en-livret\/\"]}]},{\"@type\":\"ImageObject\",\"inLanguage\":\"fr-FR\",\"@id\":\"https:\/\/www.manetti.com\/fr\/produit\/feuille-de-platine-en-livret\/#primaryimage\",\"url\":\"https:\/\/www.manetti.com\/wp-content\/uploads\/2020\/01\/libretto_platino.png\",\"contentUrl\":\"https:\/\/www.manetti.com\/wp-content\/uploads\/2020\/01\/libretto_platino.png\",\"width\":200,\"height\":200},{\"@type\":\"WebSite\",\"@id\":\"https:\/\/www.manetti.com\/fr\/#website\",\"url\":\"https:\/\/www.manetti.com\/fr\/\",\"name\":\"Giusto Manetti Battiloro\",\"description\":\"\",\"publisher\":{\"@id\":\"https:\/\/www.manetti.com\/fr\/#organization\"},\"potentialAction\":[{\"@type\":\"SearchAction\",\"target\":{\"@type\":\"EntryPoint\",\"urlTemplate\":\"https:\/\/www.manetti.com\/fr\/?s={search_term_string}\"},\"query-input\":{\"@type\":\"PropertyValueSpecification\",\"valueRequired\":true,\"valueName\":\"search_term_string\"}}],\"inLanguage\":\"fr-FR\"},{\"@type\":\"Organization\",\"@id\":\"https:\/\/www.manetti.com\/fr\/#organization\",\"name\":\"GIUSTO MANETTI BATTILORO S.P.A.\",\"url\":\"https:\/\/www.manetti.com\/fr\/\",\"logo\":{\"@type\":\"ImageObject\",\"inLanguage\":\"fr-FR\",\"@id\":\"https:\/\/www.manetti.com\/fr\/#\/schema\/logo\/image\/\",\"url\":\"https:\/\/www.manetti.com\/wp-content\/uploads\/2025\/02\/giusto-manetti-blu_300-02.png\",\"contentUrl\":\"https:\/\/www.manetti.com\/wp-content\/uploads\/2025\/02\/giusto-manetti-blu_300-02.png\",\"width\":1123,\"height\":1093,\"caption\":\"GIUSTO MANETTI BATTILORO S.P.A.\"},\"image\":{\"@id\":\"https:\/\/www.manetti.com\/fr\/#\/schema\/logo\/image\/\"},\"sameAs\":[\"https:\/\/www.facebook.com\/giustomanettibattiloro\",\"https:\/\/www.instagram.com\/giustomanettibattiloro\/\",\"https:\/\/www.linkedin.com\/company\/giusto-manetti-battiloro-s-p-a-\/\",\"https:\/\/www.youtube.com\/user\/ManettiBattiloro\"]}]}<\/script>\n<!-- \/ Yoast SEO plugin. -->","yoast_head_json":{"title":"Feuille de platine en livret \u00e0 mixtion | Giusto Manetti Battiloro","description":"La Feuille de platine en livret est appliqu\u00e9e exclusivement avec la technique \u00e0 mixtion et est conditionn\u00e9e en livrets de 25 feuilles chacun, pour toutes ses utilisations.","robots":{"index":"index","follow":"follow","max-snippet":"max-snippet:-1","max-image-preview":"max-image-preview:large","max-video-preview":"max-video-preview:-1"},"canonical":"https:\/\/www.manetti.com\/fr\/produit\/feuille-de-platine-en-livret\/","og_locale":"fr_FR","og_type":"article","og_title":"Feuille de platine en livret \u00e0 mixtion | Giusto Manetti Battiloro","og_description":"La Feuille de platine en livret est appliqu\u00e9e exclusivement avec la technique \u00e0 mixtion et est conditionn\u00e9e en livrets de 25 feuilles chacun, pour toutes ses utilisations.","og_url":"https:\/\/www.manetti.com\/fr\/produit\/feuille-de-platine-en-livret\/","og_site_name":"Giusto Manetti Battiloro","article_publisher":"https:\/\/www.facebook.com\/giustomanettibattiloro","article_modified_time":"2024-04-23T12:54:53+00:00","og_image":[{"width":200,"height":200,"url":"https:\/\/www.manetti.com\/wp-content\/uploads\/2020\/01\/libretto_platino.png","type":"image\/png"}],"twitter_card":"summary_large_image","twitter_misc":{"Dur\u00e9e de lecture estim\u00e9e":"1 minute"},"schema":{"@context":"https:\/\/schema.org","@graph":[{"@type":"WebPage","@id":"https:\/\/www.manetti.com\/fr\/produit\/feuille-de-platine-en-livret\/","url":"https:\/\/www.manetti.com\/fr\/produit\/feuille-de-platine-en-livret\/","name":"Feuille de platine en livret \u00e0 mixtion | Giusto Manetti Battiloro","isPartOf":{"@id":"https:\/\/www.manetti.com\/fr\/#website"},"primaryImageOfPage":{"@id":"https:\/\/www.manetti.com\/fr\/produit\/feuille-de-platine-en-livret\/#primaryimage"},"image":{"@id":"https:\/\/www.manetti.com\/fr\/produit\/feuille-de-platine-en-livret\/#primaryimage"},"thumbnailUrl":"https:\/\/www.manetti.com\/wp-content\/uploads\/2020\/01\/libretto_platino.png","datePublished":"2020-01-31T10:35:21+00:00","dateModified":"2024-04-23T12:54:53+00:00","description":"La Feuille de platine en livret est appliqu\u00e9e exclusivement avec la technique \u00e0 mixtion et est conditionn\u00e9e en livrets de 25 feuilles chacun, pour toutes ses utilisations.","inLanguage":"fr-FR","potentialAction":[{"@type":"ReadAction","target":["https:\/\/www.manetti.com\/fr\/produit\/feuille-de-platine-en-livret\/"]}]},{"@type":"ImageObject","inLanguage":"fr-FR","@id":"https:\/\/www.manetti.com\/fr\/produit\/feuille-de-platine-en-livret\/#primaryimage","url":"https:\/\/www.manetti.com\/wp-content\/uploads\/2020\/01\/libretto_platino.png","contentUrl":"https:\/\/www.manetti.com\/wp-content\/uploads\/2020\/01\/libretto_platino.png","width":200,"height":200},{"@type":"WebSite","@id":"https:\/\/www.manetti.com\/fr\/#website","url":"https:\/\/www.manetti.com\/fr\/","name":"Giusto Manetti Battiloro","description":"","publisher":{"@id":"https:\/\/www.manetti.com\/fr\/#organization"},"potentialAction":[{"@type":"SearchAction","target":{"@type":"EntryPoint","urlTemplate":"https:\/\/www.manetti.com\/fr\/?s={search_term_string}"},"query-input":{"@type":"PropertyValueSpecification","valueRequired":true,"valueName":"search_term_string"}}],"inLanguage":"fr-FR"},{"@type":"Organization","@id":"https:\/\/www.manetti.com\/fr\/#organization","name":"GIUSTO MANETTI BATTILORO S.P.A.","url":"https:\/\/www.manetti.com\/fr\/","logo":{"@type":"ImageObject","inLanguage":"fr-FR","@id":"https:\/\/www.manetti.com\/fr\/#\/schema\/logo\/image\/","url":"https:\/\/www.manetti.com\/wp-content\/uploads\/2025\/02\/giusto-manetti-blu_300-02.png","contentUrl":"https:\/\/www.manetti.com\/wp-content\/uploads\/2025\/02\/giusto-manetti-blu_300-02.png","width":1123,"height":1093,"caption":"GIUSTO MANETTI BATTILORO S.P.A."},"image":{"@id":"https:\/\/www.manetti.com\/fr\/#\/schema\/logo\/image\/"},"sameAs":["https:\/\/www.facebook.com\/giustomanettibattiloro","https:\/\/www.instagram.com\/giustomanettibattiloro\/","https:\/\/www.linkedin.com\/company\/giusto-manetti-battiloro-s-p-a-\/","https:\/\/www.youtube.com\/user\/ManettiBattiloro"]}]}},"_links":{"self":[{"href":"https:\/\/www.manetti.com\/fr\/wp-json\/wp\/v2\/product\/31990","targetHints":{"allow":["GET"]}}],"collection":[{"href":"https:\/\/www.manetti.com\/fr\/wp-json\/wp\/v2\/product"}],"about":[{"href":"https:\/\/www.manetti.com\/fr\/wp-json\/wp\/v2\/types\/product"}],"wp:featuredmedia":[{"embeddable":true,"href":"https:\/\/www.manetti.com\/fr\/wp-json\/wp\/v2\/media\/31992"}],"wp:attachment":[{"href":"https:\/\/www.manetti.com\/fr\/wp-json\/wp\/v2\/media?parent=31990"}],"wp:term":[{"taxonomy":"product_brand","embeddable":true,"href":"https:\/\/www.manetti.com\/fr\/wp-json\/wp\/v2\/product_brand?post=31990"},{"taxonomy":"product_cat","embeddable":true,"href":"https:\/\/www.manetti.com\/fr\/wp-json\/wp\/v2\/product_cat?post=31990"},{"taxonomy":"product_tag","embeddable":true,"href":"https:\/\/www.manetti.com\/fr\/wp-json\/wp\/v2\/product_tag?post=31990"},{"taxonomy":"product_area","embeddable":true,"href":"https:\/\/www.manetti.com\/fr\/wp-json\/wp\/v2\/product_area?post=31990"},{"taxonomy":"catalog_category","embeddable":true,"href":"https:\/\/www.manetti.com\/fr\/wp-json\/wp\/v2\/catalog_category?post=31990"}],"curies":[{"name":"wp","href":"https:\/\/api.w.org\/{rel}","templated":true}]}}