{"id":32303,"date":"2020-02-03T09:49:59","date_gmt":"2020-02-03T08:49:59","guid":{"rendered":"https:\/\/www.manetti.com\/prodotto\/protezione-sintetica\/"},"modified":"2025-10-28T11:22:42","modified_gmt":"2025-10-28T10:22:42","slug":"shop-protection-synthetique","status":"publish","type":"product","link":"https:\/\/www.manetti.com\/fr\/shop\/protection-synthetique\/","title":{"rendered":"Protection synth\u00e9tique"},"content":{"rendered":"<p>La protection synth\u00e9tique est un vernis protecteur brillant utilis\u00e9 pour la protection des feuilles d&#8217;or et d&#8217;argent et comme antioxydant pour l&#8217;argent.<\/p>\n","protected":false},"excerpt":{"rendered":"<p>La protection synth\u00e9tique est un vernis protecteur brillant utilis\u00e9 pour la protection des feuilles d&#8217;or et d&#8217;argent et comme antioxydant pour l&#8217;argent. [&#8230;]<\/p>\n<p><a class=\"btn btn-secondary understrap-read-more-link\" href=\"https:\/\/www.manetti.com\/fr\/shop\/protection-synthetique\/\">Lire la suite&#8230;<\/a><\/p>\n","protected":false},"featured_media":84346,"template":"","meta":{"_acf_changed":false},"product_brand":[],"product_cat":[419,386],"product_tag":[192],"product_area":[583,651],"catalog_category":[],"class_list":{"0":"post-32303","1":"product","2":"type-product","3":"status-publish","4":"has-post-thumbnail","6":"product_cat-protection-synthetique","7":"product_cat-protection","8":"product_tag-altri-prodotti-fr","9":"product_area-finitions-and-protection","10":"product_area-finitions-and-protection-protection","12":"first","13":"instock","14":"shipping-taxable","15":"product-type-variable"},"acf":[],"yoast_head":"<!-- This site is optimized with the Yoast SEO plugin v26.5 - https:\/\/yoast.com\/wordpress\/plugins\/seo\/ -->\n<title>Protection synth\u00e9tique | Giusto Manetti Battiloro<\/title>\n<meta name=\"description\" content=\"La protection synth\u00e9tique est un vernis protecteur brillant utilis\u00e9 pour la protection des feuilles d&#039;or et d&#039;argent et comme antioxydant pour l&#039;argent.\" \/>\n<meta name=\"robots\" content=\"index, follow, max-snippet:-1, max-image-preview:large, max-video-preview:-1\" \/>\n<link rel=\"canonical\" href=\"https:\/\/www.manetti.com\/fr\/shop\/protection-synthetique\/\" \/>\n<meta property=\"og:locale\" content=\"fr_FR\" \/>\n<meta property=\"og:type\" content=\"article\" \/>\n<meta property=\"og:title\" content=\"Protection synth\u00e9tique | Giusto Manetti Battiloro\" \/>\n<meta property=\"og:description\" content=\"La protection synth\u00e9tique est un vernis protecteur brillant utilis\u00e9 pour la protection des feuilles d&#039;or et d&#039;argent et comme antioxydant pour l&#039;argent.\" \/>\n<meta property=\"og:url\" content=\"https:\/\/www.manetti.com\/fr\/shop\/protection-synthetique\/\" \/>\n<meta property=\"og:site_name\" content=\"Giusto Manetti Battiloro\" \/>\n<meta property=\"article:publisher\" content=\"https:\/\/www.facebook.com\/giustomanettibattiloro\" \/>\n<meta property=\"article:modified_time\" content=\"2025-10-28T10:22:42+00:00\" \/>\n<meta property=\"og:image\" content=\"https:\/\/www.manetti.com\/wp-content\/uploads\/2020\/02\/Protezione-Sintetica-2023_web-1.png\" \/>\n\t<meta property=\"og:image:width\" content=\"900\" \/>\n\t<meta property=\"og:image:height\" content=\"899\" \/>\n\t<meta property=\"og:image:type\" content=\"image\/png\" \/>\n<meta name=\"twitter:card\" content=\"summary_large_image\" \/>\n<meta name=\"twitter:label1\" content=\"Dur\u00e9e de lecture estim\u00e9e\" \/>\n\t<meta name=\"twitter:data1\" content=\"1 minute\" \/>\n<script type=\"application\/ld+json\" class=\"yoast-schema-graph\">{\"@context\":\"https:\/\/schema.org\",\"@graph\":[{\"@type\":\"WebPage\",\"@id\":\"https:\/\/www.manetti.com\/fr\/shop\/protection-synthetique\/\",\"url\":\"https:\/\/www.manetti.com\/fr\/shop\/protection-synthetique\/\",\"name\":\"Protection synth\u00e9tique | Giusto Manetti Battiloro\",\"isPartOf\":{\"@id\":\"https:\/\/www.manetti.com\/fr\/#website\"},\"primaryImageOfPage\":{\"@id\":\"https:\/\/www.manetti.com\/fr\/shop\/protection-synthetique\/#primaryimage\"},\"image\":{\"@id\":\"https:\/\/www.manetti.com\/fr\/shop\/protection-synthetique\/#primaryimage\"},\"thumbnailUrl\":\"https:\/\/www.manetti.com\/wp-content\/uploads\/2020\/02\/Protezione-Sintetica-2023_web-1.png\",\"datePublished\":\"2020-02-03T08:49:59+00:00\",\"dateModified\":\"2025-10-28T10:22:42+00:00\",\"description\":\"La protection synth\u00e9tique est un vernis protecteur brillant utilis\u00e9 pour la protection des feuilles d'or et d'argent et comme antioxydant pour l'argent.\",\"inLanguage\":\"fr-FR\",\"potentialAction\":[{\"@type\":\"ReadAction\",\"target\":[\"https:\/\/www.manetti.com\/fr\/shop\/protection-synthetique\/\"]}]},{\"@type\":\"ImageObject\",\"inLanguage\":\"fr-FR\",\"@id\":\"https:\/\/www.manetti.com\/fr\/shop\/protection-synthetique\/#primaryimage\",\"url\":\"https:\/\/www.manetti.com\/wp-content\/uploads\/2020\/02\/Protezione-Sintetica-2023_web-1.png\",\"contentUrl\":\"https:\/\/www.manetti.com\/wp-content\/uploads\/2020\/02\/Protezione-Sintetica-2023_web-1.png\",\"width\":900,\"height\":899},{\"@type\":\"WebSite\",\"@id\":\"https:\/\/www.manetti.com\/fr\/#website\",\"url\":\"https:\/\/www.manetti.com\/fr\/\",\"name\":\"Giusto Manetti Battiloro\",\"description\":\"\",\"publisher\":{\"@id\":\"https:\/\/www.manetti.com\/fr\/#organization\"},\"potentialAction\":[{\"@type\":\"SearchAction\",\"target\":{\"@type\":\"EntryPoint\",\"urlTemplate\":\"https:\/\/www.manetti.com\/fr\/?s={search_term_string}\"},\"query-input\":{\"@type\":\"PropertyValueSpecification\",\"valueRequired\":true,\"valueName\":\"search_term_string\"}}],\"inLanguage\":\"fr-FR\"},{\"@type\":\"Organization\",\"@id\":\"https:\/\/www.manetti.com\/fr\/#organization\",\"name\":\"GIUSTO MANETTI BATTILORO S.P.A.\",\"url\":\"https:\/\/www.manetti.com\/fr\/\",\"logo\":{\"@type\":\"ImageObject\",\"inLanguage\":\"fr-FR\",\"@id\":\"https:\/\/www.manetti.com\/fr\/#\/schema\/logo\/image\/\",\"url\":\"https:\/\/www.manetti.com\/wp-content\/uploads\/2025\/02\/giusto-manetti-blu_300-02.png\",\"contentUrl\":\"https:\/\/www.manetti.com\/wp-content\/uploads\/2025\/02\/giusto-manetti-blu_300-02.png\",\"width\":1123,\"height\":1093,\"caption\":\"GIUSTO MANETTI BATTILORO S.P.A.\"},\"image\":{\"@id\":\"https:\/\/www.manetti.com\/fr\/#\/schema\/logo\/image\/\"},\"sameAs\":[\"https:\/\/www.facebook.com\/giustomanettibattiloro\",\"https:\/\/www.instagram.com\/giustomanettibattiloro\/\",\"https:\/\/www.linkedin.com\/company\/giusto-manetti-battiloro-s-p-a-\/\",\"https:\/\/www.youtube.com\/user\/ManettiBattiloro\"]}]}<\/script>\n<!-- \/ Yoast SEO plugin. -->","yoast_head_json":{"title":"Protection synth\u00e9tique | Giusto Manetti Battiloro","description":"La protection synth\u00e9tique est un vernis protecteur brillant utilis\u00e9 pour la protection des feuilles d'or et d'argent et comme antioxydant pour l'argent.","robots":{"index":"index","follow":"follow","max-snippet":"max-snippet:-1","max-image-preview":"max-image-preview:large","max-video-preview":"max-video-preview:-1"},"canonical":"https:\/\/www.manetti.com\/fr\/shop\/protection-synthetique\/","og_locale":"fr_FR","og_type":"article","og_title":"Protection synth\u00e9tique | Giusto Manetti Battiloro","og_description":"La protection synth\u00e9tique est un vernis protecteur brillant utilis\u00e9 pour la protection des feuilles d'or et d'argent et comme antioxydant pour l'argent.","og_url":"https:\/\/www.manetti.com\/fr\/shop\/protection-synthetique\/","og_site_name":"Giusto Manetti Battiloro","article_publisher":"https:\/\/www.facebook.com\/giustomanettibattiloro","article_modified_time":"2025-10-28T10:22:42+00:00","og_image":[{"width":900,"height":899,"url":"https:\/\/www.manetti.com\/wp-content\/uploads\/2020\/02\/Protezione-Sintetica-2023_web-1.png","type":"image\/png"}],"twitter_card":"summary_large_image","twitter_misc":{"Dur\u00e9e de lecture estim\u00e9e":"1 minute"},"schema":{"@context":"https:\/\/schema.org","@graph":[{"@type":"WebPage","@id":"https:\/\/www.manetti.com\/fr\/shop\/protection-synthetique\/","url":"https:\/\/www.manetti.com\/fr\/shop\/protection-synthetique\/","name":"Protection synth\u00e9tique | Giusto Manetti Battiloro","isPartOf":{"@id":"https:\/\/www.manetti.com\/fr\/#website"},"primaryImageOfPage":{"@id":"https:\/\/www.manetti.com\/fr\/shop\/protection-synthetique\/#primaryimage"},"image":{"@id":"https:\/\/www.manetti.com\/fr\/shop\/protection-synthetique\/#primaryimage"},"thumbnailUrl":"https:\/\/www.manetti.com\/wp-content\/uploads\/2020\/02\/Protezione-Sintetica-2023_web-1.png","datePublished":"2020-02-03T08:49:59+00:00","dateModified":"2025-10-28T10:22:42+00:00","description":"La protection synth\u00e9tique est un vernis protecteur brillant utilis\u00e9 pour la protection des feuilles d'or et d'argent et comme antioxydant pour l'argent.","inLanguage":"fr-FR","potentialAction":[{"@type":"ReadAction","target":["https:\/\/www.manetti.com\/fr\/shop\/protection-synthetique\/"]}]},{"@type":"ImageObject","inLanguage":"fr-FR","@id":"https:\/\/www.manetti.com\/fr\/shop\/protection-synthetique\/#primaryimage","url":"https:\/\/www.manetti.com\/wp-content\/uploads\/2020\/02\/Protezione-Sintetica-2023_web-1.png","contentUrl":"https:\/\/www.manetti.com\/wp-content\/uploads\/2020\/02\/Protezione-Sintetica-2023_web-1.png","width":900,"height":899},{"@type":"WebSite","@id":"https:\/\/www.manetti.com\/fr\/#website","url":"https:\/\/www.manetti.com\/fr\/","name":"Giusto Manetti Battiloro","description":"","publisher":{"@id":"https:\/\/www.manetti.com\/fr\/#organization"},"potentialAction":[{"@type":"SearchAction","target":{"@type":"EntryPoint","urlTemplate":"https:\/\/www.manetti.com\/fr\/?s={search_term_string}"},"query-input":{"@type":"PropertyValueSpecification","valueRequired":true,"valueName":"search_term_string"}}],"inLanguage":"fr-FR"},{"@type":"Organization","@id":"https:\/\/www.manetti.com\/fr\/#organization","name":"GIUSTO MANETTI BATTILORO S.P.A.","url":"https:\/\/www.manetti.com\/fr\/","logo":{"@type":"ImageObject","inLanguage":"fr-FR","@id":"https:\/\/www.manetti.com\/fr\/#\/schema\/logo\/image\/","url":"https:\/\/www.manetti.com\/wp-content\/uploads\/2025\/02\/giusto-manetti-blu_300-02.png","contentUrl":"https:\/\/www.manetti.com\/wp-content\/uploads\/2025\/02\/giusto-manetti-blu_300-02.png","width":1123,"height":1093,"caption":"GIUSTO MANETTI BATTILORO S.P.A."},"image":{"@id":"https:\/\/www.manetti.com\/fr\/#\/schema\/logo\/image\/"},"sameAs":["https:\/\/www.facebook.com\/giustomanettibattiloro","https:\/\/www.instagram.com\/giustomanettibattiloro\/","https:\/\/www.linkedin.com\/company\/giusto-manetti-battiloro-s-p-a-\/","https:\/\/www.youtube.com\/user\/ManettiBattiloro"]}]}},"_links":{"self":[{"href":"https:\/\/www.manetti.com\/fr\/wp-json\/wp\/v2\/product\/32303","targetHints":{"allow":["GET"]}}],"collection":[{"href":"https:\/\/www.manetti.com\/fr\/wp-json\/wp\/v2\/product"}],"about":[{"href":"https:\/\/www.manetti.com\/fr\/wp-json\/wp\/v2\/types\/product"}],"wp:featuredmedia":[{"embeddable":true,"href":"https:\/\/www.manetti.com\/fr\/wp-json\/wp\/v2\/media\/84346"}],"wp:attachment":[{"href":"https:\/\/www.manetti.com\/fr\/wp-json\/wp\/v2\/media?parent=32303"}],"wp:term":[{"taxonomy":"product_brand","embeddable":true,"href":"https:\/\/www.manetti.com\/fr\/wp-json\/wp\/v2\/product_brand?post=32303"},{"taxonomy":"product_cat","embeddable":true,"href":"https:\/\/www.manetti.com\/fr\/wp-json\/wp\/v2\/product_cat?post=32303"},{"taxonomy":"product_tag","embeddable":true,"href":"https:\/\/www.manetti.com\/fr\/wp-json\/wp\/v2\/product_tag?post=32303"},{"taxonomy":"product_area","embeddable":true,"href":"https:\/\/www.manetti.com\/fr\/wp-json\/wp\/v2\/product_area?post=32303"},{"taxonomy":"catalog_category","embeddable":true,"href":"https:\/\/www.manetti.com\/fr\/wp-json\/wp\/v2\/catalog_category?post=32303"}],"curies":[{"name":"wp","href":"https:\/\/api.w.org\/{rel}","templated":true}]}}