{"id":35724,"date":"2019-11-26T16:48:29","date_gmt":"2019-11-26T15:48:29","guid":{"rendered":"https:\/\/www.manetti.com\/prodotto\/foglia-oro-in-rotolo\/"},"modified":"2025-04-08T15:46:50","modified_gmt":"2025-04-08T13:46:50","slug":"feuille-or-rouleau","status":"publish","type":"product","link":"https:\/\/www.manetti.com\/fr\/produit\/feuille-or-rouleau\/","title":{"rendered":"Feuille d&#8217;or en rouleau"},"content":{"rendered":"<p>La feuille d&#8217;or en rouleau permet de r\u00e9aliser des <strong>dorures rapides et pr\u00e9cises sur de larges surfaces planes<\/strong>. Chaque feuille est appliqu\u00e9e manuellement sur un<strong> rouleau de papier de soie<\/strong> de longueur standard de 20,5 m, avec une largeur variable selon les dimensions de la feuille.<\/p>\n<p>Dans le cadre des op\u00e9rations de dorure, il est possible de couper la feuille d&#8217;or en rouleau dans le sens de la longueur \u00e0 l&#8217;aide de simples ciseaux, en veillant bien \u00e0 effectuer cette op\u00e9ration au niveau de la jointure de deux feuilles. <strong>Sur demande, le rouleau peut \u00eatre coup\u00e9 en largeur, \u00e0 partir de 10 millim\u00e8tres, avec une longueur fixe de 20,5 m\u00e8tres<\/strong>.<\/p>\n<div class=\"show_more\"><p class=\"wpsm-show\" style=\"color: #c39f5f; font-size: 100%; text-align: left;\"> Voir plus<\/p><div class=\"wpsm-content\"><\/p>\n<h2>Feuille d&#8217;or v\u00e9ritable, produite \u00e0 Florence<\/h2>\n<p>La feuille d&#8217;or en rouleau Manetti est disponible en <strong>diff\u00e9rentes largeurs<\/strong>. Son format en rouleau permet une d\u00e9coupe au millim\u00e8tre, selon les exigences du client. Il est possible de choisir la puret\u00e9 de l&#8217;or <strong>(de 6 \u00e0 24 kt)<\/strong><strong> et<\/strong> parmi <strong>23 tonalit\u00e9s<\/strong>, comme le Rouge, Champagne, Citron, Orange et l&#8217;Or Rose 22 carats, exclusivit\u00e9 Manetti, fruit de 8 ann\u00e9es de recherches. L\u2019or en rouleau est indiqu\u00e9 <strong>lorsqu&#8217;on doit l\u2019appliquer sur de grandes surfaces lisses et bomb\u00e9es, tant int\u00e9rieures qu&#8217;ext\u00e9rieures<\/strong>, telles que plafonds et coupoles. La technique de dorure est tr\u00e8s simple : apr\u00e8s avoir \u00e9tal\u00e9 la mixtion, le rouleau est d\u00e9roul\u00e9 sur la zone \u00e0 dorer et la feuille d&#8217;or est pos\u00e9e en exer\u00e7ant une pression c\u00f4t\u00e9 papier de soie. Puis on retire le papier. L\u2019action de la colle permet <strong>l\u2019adh\u00e9sion de la feuille et facilite le retrait du papier du rouleau<\/strong>.<\/p>\n<p><strong>Nous fabriquons et conditionnons chaque lot de feuilles d\u2019or en Italie<\/strong>, en appliquant un strict contr\u00f4le qualit\u00e9 sur toute la fili\u00e8re, \u00e0 commencer par la <strong>certification <em>no-conflict<\/em><\/strong> de la mati\u00e8re premi\u00e8re, achet\u00e9e aupr\u00e8s d&#8217;\u00e9tablissements bancaires agr\u00e9\u00e9s par les r\u00e9glementations internationales. <strong>Nous exportons<\/strong><strong> l\u2019or en rouleau <\/strong><strong>dans le monde entier<\/strong> et pouvons, sur demande de nos clients, mettre \u00e0 leur disposition notre <strong>r\u00e9seau international de doreurs qualifi\u00e9s<\/strong>. Nous sommes en permanence \u00e0 l&#8217;\u00e9coute de nos clients, du devis au service apr\u00e8s-vente, pour toujours trouver ensemble la solution la plus adapt\u00e9e \u00e0 leurs exigences. <strong>N&#8217;h\u00e9sitez pas \u00e0 nous contacter pour toute information ou demande de devis<\/strong>.<\/p>\n<p> <p class=\"wpsm-hide\" style=\"color: #c39f5f; font-size: 100%; text-align: left;\"> Voir moins<\/p><\/div><\/div>\n","protected":false},"excerpt":{"rendered":"<p>Parfait pour dorer rapidement et avec pr\u00e9cision de grandes surfaces planes, le rouleau de feuilles d&#8217;or se d\u00e9coupe facilement \u00e0 la taille n\u00e9cessaire pour chaque application. [&#8230;]<\/p>\n<p><a class=\"btn btn-secondary understrap-read-more-link\" href=\"https:\/\/www.manetti.com\/fr\/produit\/feuille-or-rouleau\/\">Lire la suite&#8230;<\/a><\/p>\n","protected":false},"featured_media":74129,"template":"","meta":{"_acf_changed":false},"product_brand":[],"product_cat":[164],"product_tag":[179],"product_area":[],"catalog_category":[805,961],"class_list":{"0":"post-35724","1":"product","2":"type-product","3":"status-publish","4":"has-post-thumbnail","6":"product_cat-feuille-dor-veritable","7":"product_tag-rotolo-fr","8":"catalog_category-dorure-avec-feuille-dor-en-roule","9":"catalog_category-dorure-avec-feuille-dor-en-roule-feuille-dor-en-rouleau","11":"first","12":"instock","13":"shipping-taxable","14":"purchasable","15":"product-type-variable"},"acf":[],"yoast_head":"<!-- This site is optimized with the Yoast SEO plugin v26.5 - https:\/\/yoast.com\/wordpress\/plugins\/seo\/ -->\n<title>Feuille d&#039;or en rouleau pour les grandes surfaces - batteur d\u2019or Manetti<\/title>\n<meta name=\"description\" content=\"Le Feuille d&#039;or en rouleau permet un brunissage rapide et pr\u00e9cis. Les feuilles individuelles sont appliqu\u00e9es manuellement sur un rouleau de papier de soie.\" \/>\n<meta name=\"robots\" content=\"index, follow, max-snippet:-1, max-image-preview:large, max-video-preview:-1\" \/>\n<link rel=\"canonical\" href=\"https:\/\/www.manetti.com\/fr\/produit\/feuille-or-rouleau\/\" \/>\n<meta property=\"og:locale\" content=\"fr_FR\" \/>\n<meta property=\"og:type\" content=\"article\" \/>\n<meta property=\"og:title\" content=\"Feuille d&#039;or en rouleau pour les grandes surfaces - batteur d\u2019or Manetti\" \/>\n<meta property=\"og:description\" content=\"Le Feuille d&#039;or en rouleau permet un brunissage rapide et pr\u00e9cis. Les feuilles individuelles sont appliqu\u00e9es manuellement sur un rouleau de papier de soie.\" \/>\n<meta property=\"og:url\" content=\"https:\/\/www.manetti.com\/fr\/produit\/feuille-or-rouleau\/\" \/>\n<meta property=\"og:site_name\" content=\"Giusto Manetti Battiloro\" \/>\n<meta property=\"article:publisher\" content=\"https:\/\/www.facebook.com\/giustomanettibattiloro\" \/>\n<meta property=\"article:modified_time\" content=\"2025-04-08T13:46:50+00:00\" \/>\n<meta property=\"og:image\" content=\"https:\/\/www.manetti.com\/wp-content\/uploads\/2019\/11\/Foglia-oro-rotolo_web-1.png\" \/>\n\t<meta property=\"og:image:width\" content=\"700\" \/>\n\t<meta property=\"og:image:height\" content=\"700\" \/>\n\t<meta property=\"og:image:type\" content=\"image\/png\" \/>\n<meta name=\"twitter:card\" content=\"summary_large_image\" \/>\n<meta name=\"twitter:label1\" content=\"Dur\u00e9e de lecture estim\u00e9e\" \/>\n\t<meta name=\"twitter:data1\" content=\"2 minutes\" \/>\n<script type=\"application\/ld+json\" class=\"yoast-schema-graph\">{\"@context\":\"https:\/\/schema.org\",\"@graph\":[{\"@type\":\"WebPage\",\"@id\":\"https:\/\/www.manetti.com\/fr\/produit\/feuille-or-rouleau\/\",\"url\":\"https:\/\/www.manetti.com\/fr\/produit\/feuille-or-rouleau\/\",\"name\":\"Feuille d'or en rouleau pour les grandes surfaces - batteur d\u2019or Manetti\",\"isPartOf\":{\"@id\":\"https:\/\/www.manetti.com\/fr\/#website\"},\"primaryImageOfPage\":{\"@id\":\"https:\/\/www.manetti.com\/fr\/produit\/feuille-or-rouleau\/#primaryimage\"},\"image\":{\"@id\":\"https:\/\/www.manetti.com\/fr\/produit\/feuille-or-rouleau\/#primaryimage\"},\"thumbnailUrl\":\"https:\/\/www.manetti.com\/wp-content\/uploads\/2019\/11\/Foglia-oro-rotolo_web-1.png\",\"datePublished\":\"2019-11-26T15:48:29+00:00\",\"dateModified\":\"2025-04-08T13:46:50+00:00\",\"description\":\"Le Feuille d'or en rouleau permet un brunissage rapide et pr\u00e9cis. Les feuilles individuelles sont appliqu\u00e9es manuellement sur un rouleau de papier de soie.\",\"inLanguage\":\"fr-FR\",\"potentialAction\":[{\"@type\":\"ReadAction\",\"target\":[\"https:\/\/www.manetti.com\/fr\/produit\/feuille-or-rouleau\/\"]}]},{\"@type\":\"ImageObject\",\"inLanguage\":\"fr-FR\",\"@id\":\"https:\/\/www.manetti.com\/fr\/produit\/feuille-or-rouleau\/#primaryimage\",\"url\":\"https:\/\/www.manetti.com\/wp-content\/uploads\/2019\/11\/Foglia-oro-rotolo_web-1.png\",\"contentUrl\":\"https:\/\/www.manetti.com\/wp-content\/uploads\/2019\/11\/Foglia-oro-rotolo_web-1.png\",\"width\":700,\"height\":700},{\"@type\":\"WebSite\",\"@id\":\"https:\/\/www.manetti.com\/fr\/#website\",\"url\":\"https:\/\/www.manetti.com\/fr\/\",\"name\":\"Giusto Manetti Battiloro\",\"description\":\"\",\"publisher\":{\"@id\":\"https:\/\/www.manetti.com\/fr\/#organization\"},\"potentialAction\":[{\"@type\":\"SearchAction\",\"target\":{\"@type\":\"EntryPoint\",\"urlTemplate\":\"https:\/\/www.manetti.com\/fr\/?s={search_term_string}\"},\"query-input\":{\"@type\":\"PropertyValueSpecification\",\"valueRequired\":true,\"valueName\":\"search_term_string\"}}],\"inLanguage\":\"fr-FR\"},{\"@type\":\"Organization\",\"@id\":\"https:\/\/www.manetti.com\/fr\/#organization\",\"name\":\"GIUSTO MANETTI BATTILORO S.P.A.\",\"url\":\"https:\/\/www.manetti.com\/fr\/\",\"logo\":{\"@type\":\"ImageObject\",\"inLanguage\":\"fr-FR\",\"@id\":\"https:\/\/www.manetti.com\/fr\/#\/schema\/logo\/image\/\",\"url\":\"https:\/\/www.manetti.com\/wp-content\/uploads\/2025\/02\/giusto-manetti-blu_300-02.png\",\"contentUrl\":\"https:\/\/www.manetti.com\/wp-content\/uploads\/2025\/02\/giusto-manetti-blu_300-02.png\",\"width\":1123,\"height\":1093,\"caption\":\"GIUSTO MANETTI BATTILORO S.P.A.\"},\"image\":{\"@id\":\"https:\/\/www.manetti.com\/fr\/#\/schema\/logo\/image\/\"},\"sameAs\":[\"https:\/\/www.facebook.com\/giustomanettibattiloro\",\"https:\/\/www.instagram.com\/giustomanettibattiloro\/\",\"https:\/\/www.linkedin.com\/company\/giusto-manetti-battiloro-s-p-a-\/\",\"https:\/\/www.youtube.com\/user\/ManettiBattiloro\"]}]}<\/script>\n<!-- \/ Yoast SEO plugin. -->","yoast_head_json":{"title":"Feuille d'or en rouleau pour les grandes surfaces - batteur d\u2019or Manetti","description":"Le Feuille d'or en rouleau permet un brunissage rapide et pr\u00e9cis. Les feuilles individuelles sont appliqu\u00e9es manuellement sur un rouleau de papier de soie.","robots":{"index":"index","follow":"follow","max-snippet":"max-snippet:-1","max-image-preview":"max-image-preview:large","max-video-preview":"max-video-preview:-1"},"canonical":"https:\/\/www.manetti.com\/fr\/produit\/feuille-or-rouleau\/","og_locale":"fr_FR","og_type":"article","og_title":"Feuille d'or en rouleau pour les grandes surfaces - batteur d\u2019or Manetti","og_description":"Le Feuille d'or en rouleau permet un brunissage rapide et pr\u00e9cis. Les feuilles individuelles sont appliqu\u00e9es manuellement sur un rouleau de papier de soie.","og_url":"https:\/\/www.manetti.com\/fr\/produit\/feuille-or-rouleau\/","og_site_name":"Giusto Manetti Battiloro","article_publisher":"https:\/\/www.facebook.com\/giustomanettibattiloro","article_modified_time":"2025-04-08T13:46:50+00:00","og_image":[{"width":700,"height":700,"url":"https:\/\/www.manetti.com\/wp-content\/uploads\/2019\/11\/Foglia-oro-rotolo_web-1.png","type":"image\/png"}],"twitter_card":"summary_large_image","twitter_misc":{"Dur\u00e9e de lecture estim\u00e9e":"2 minutes"},"schema":{"@context":"https:\/\/schema.org","@graph":[{"@type":"WebPage","@id":"https:\/\/www.manetti.com\/fr\/produit\/feuille-or-rouleau\/","url":"https:\/\/www.manetti.com\/fr\/produit\/feuille-or-rouleau\/","name":"Feuille d'or en rouleau pour les grandes surfaces - batteur d\u2019or Manetti","isPartOf":{"@id":"https:\/\/www.manetti.com\/fr\/#website"},"primaryImageOfPage":{"@id":"https:\/\/www.manetti.com\/fr\/produit\/feuille-or-rouleau\/#primaryimage"},"image":{"@id":"https:\/\/www.manetti.com\/fr\/produit\/feuille-or-rouleau\/#primaryimage"},"thumbnailUrl":"https:\/\/www.manetti.com\/wp-content\/uploads\/2019\/11\/Foglia-oro-rotolo_web-1.png","datePublished":"2019-11-26T15:48:29+00:00","dateModified":"2025-04-08T13:46:50+00:00","description":"Le Feuille d'or en rouleau permet un brunissage rapide et pr\u00e9cis. Les feuilles individuelles sont appliqu\u00e9es manuellement sur un rouleau de papier de soie.","inLanguage":"fr-FR","potentialAction":[{"@type":"ReadAction","target":["https:\/\/www.manetti.com\/fr\/produit\/feuille-or-rouleau\/"]}]},{"@type":"ImageObject","inLanguage":"fr-FR","@id":"https:\/\/www.manetti.com\/fr\/produit\/feuille-or-rouleau\/#primaryimage","url":"https:\/\/www.manetti.com\/wp-content\/uploads\/2019\/11\/Foglia-oro-rotolo_web-1.png","contentUrl":"https:\/\/www.manetti.com\/wp-content\/uploads\/2019\/11\/Foglia-oro-rotolo_web-1.png","width":700,"height":700},{"@type":"WebSite","@id":"https:\/\/www.manetti.com\/fr\/#website","url":"https:\/\/www.manetti.com\/fr\/","name":"Giusto Manetti Battiloro","description":"","publisher":{"@id":"https:\/\/www.manetti.com\/fr\/#organization"},"potentialAction":[{"@type":"SearchAction","target":{"@type":"EntryPoint","urlTemplate":"https:\/\/www.manetti.com\/fr\/?s={search_term_string}"},"query-input":{"@type":"PropertyValueSpecification","valueRequired":true,"valueName":"search_term_string"}}],"inLanguage":"fr-FR"},{"@type":"Organization","@id":"https:\/\/www.manetti.com\/fr\/#organization","name":"GIUSTO MANETTI BATTILORO S.P.A.","url":"https:\/\/www.manetti.com\/fr\/","logo":{"@type":"ImageObject","inLanguage":"fr-FR","@id":"https:\/\/www.manetti.com\/fr\/#\/schema\/logo\/image\/","url":"https:\/\/www.manetti.com\/wp-content\/uploads\/2025\/02\/giusto-manetti-blu_300-02.png","contentUrl":"https:\/\/www.manetti.com\/wp-content\/uploads\/2025\/02\/giusto-manetti-blu_300-02.png","width":1123,"height":1093,"caption":"GIUSTO MANETTI BATTILORO S.P.A."},"image":{"@id":"https:\/\/www.manetti.com\/fr\/#\/schema\/logo\/image\/"},"sameAs":["https:\/\/www.facebook.com\/giustomanettibattiloro","https:\/\/www.instagram.com\/giustomanettibattiloro\/","https:\/\/www.linkedin.com\/company\/giusto-manetti-battiloro-s-p-a-\/","https:\/\/www.youtube.com\/user\/ManettiBattiloro"]}]}},"_links":{"self":[{"href":"https:\/\/www.manetti.com\/fr\/wp-json\/wp\/v2\/product\/35724","targetHints":{"allow":["GET"]}}],"collection":[{"href":"https:\/\/www.manetti.com\/fr\/wp-json\/wp\/v2\/product"}],"about":[{"href":"https:\/\/www.manetti.com\/fr\/wp-json\/wp\/v2\/types\/product"}],"wp:featuredmedia":[{"embeddable":true,"href":"https:\/\/www.manetti.com\/fr\/wp-json\/wp\/v2\/media\/74129"}],"wp:attachment":[{"href":"https:\/\/www.manetti.com\/fr\/wp-json\/wp\/v2\/media?parent=35724"}],"wp:term":[{"taxonomy":"product_brand","embeddable":true,"href":"https:\/\/www.manetti.com\/fr\/wp-json\/wp\/v2\/product_brand?post=35724"},{"taxonomy":"product_cat","embeddable":true,"href":"https:\/\/www.manetti.com\/fr\/wp-json\/wp\/v2\/product_cat?post=35724"},{"taxonomy":"product_tag","embeddable":true,"href":"https:\/\/www.manetti.com\/fr\/wp-json\/wp\/v2\/product_tag?post=35724"},{"taxonomy":"product_area","embeddable":true,"href":"https:\/\/www.manetti.com\/fr\/wp-json\/wp\/v2\/product_area?post=35724"},{"taxonomy":"catalog_category","embeddable":true,"href":"https:\/\/www.manetti.com\/fr\/wp-json\/wp\/v2\/catalog_category?post=35724"}],"curies":[{"name":"wp","href":"https:\/\/api.w.org\/{rel}","templated":true}]}}