{"id":35771,"date":"2020-01-31T09:29:58","date_gmt":"2020-01-31T08:29:58","guid":{"rendered":"https:\/\/www.manetti.com\/prodotto\/foglia-argento-in-libretto\/"},"modified":"2024-04-08T14:11:25","modified_gmt":"2024-04-08T12:11:25","slug":"carnet-feuilles-argent","status":"publish","type":"product","link":"https:\/\/www.manetti.com\/fr\/produit\/carnet-feuilles-argent\/","title":{"rendered":"Carnet de feuilles d&#8217;argent"},"content":{"rendered":"<p>La feuille d&#8217;argent v\u00e9ritable conditionn\u00e9e en carnet est propos\u00e9e sous <strong>deux formes : libre et coll\u00e9e<\/strong>. <strong>Disponible en diff\u00e9rentes dimensions et \u00e9paisseurs, l&#8217;argent en feuille libre peut \u00eatre appliqu\u00e9 selon la technique de l\u2019argenture \u00e0 la mixtion ou \u00e0 l&#8217;eau<\/strong>. Il est particuli\u00e8rement indiqu\u00e9 pour la restauration et l&#8217;application sur surfaces fa\u00e7onn\u00e9es, type marqueteries en bois, pl\u00e2tres et stucs, \u00e0 l&#8217;aide d&#8217;un pinceau petit-gris.<\/p>\n<p><strong>Disponible au format 95 x 95 mm, l\u2019argent en feuille coll\u00e9e (transfert) est d\u00e9pos\u00e9 sur un papier de soie qui facilite et acc\u00e9l\u00e8re sa pr\u00e9hension et son application pour l\u2019argenture de surfaces planes<\/strong>. La feuille est juste press\u00e9e sur le papier de soie, sans aucune colle. Il est recommand\u00e9 de toujours l\u2019appliquer selon la technique de la mixtion. Qu&#8217;elle soit libre ou coll\u00e9e, la feuille d&#8217;argent est conditionn\u00e9e en <strong>carnets de 25 feuilles<\/strong>.<\/p>\n<div class=\"show_more\"><p class=\"wpsm-show\" style=\"color: #c39f5f; font-size: 100%; text-align: left;\"> Voir plus<\/p><div class=\"wpsm-content\"><\/p>\n<h2>Feuille d&#8217;argent, format carnet, directement produite et conditionn\u00e9e \u00e0 Florence<\/h2>\n<p>Destin\u00e9e aux <strong>d\u00e9corations et aux restaurations d&#8217;int\u00e9rieurs<\/strong>, la feuille d&#8217;argent est sujette \u00e0 oxydation de par sa nature. C&#8217;est pourquoi il est recommand\u00e9 de la prot\u00e9ger \u00e0 l&#8217;aide d&#8217;un vernis sp\u00e9cifique pour augmenter sa r\u00e9sistance et sa tenue au temps, mais aussi pour prot\u00e9ger sa surface d&#8217;\u00e9ventuelles rayures.<\/p>\n<p>Tous les produits de marque Manetti sont r\u00e9alis\u00e9s et conditionn\u00e9s sur notre <strong>site de Campi Bisenzio, aux portes de Florence<\/strong>. L&#8217;origine certifi\u00e9e de l\u2019argent est garantie, chaque lot est tra\u00e7abilis\u00e9 sur l&#8217;ensemble de la fili\u00e8re et fait l&#8217;objet d&#8217;un <strong>contr\u00f4le qualit\u00e9 rigoureux<\/strong> \u00e0 chaque \u00e9tape du processus de transformation. <strong>Nous sommes toujours \u00e0 l&#8217;\u00e9coute de nos clients dans le monde entier, du devis au service apr\u00e8s-vente<\/strong>, gr\u00e2ce \u00e0 nos experts qui savent mieux que quiconque quel est le produit le plus adapt\u00e9 \u00e0 chaque exigence. Nous nous proposons \u00e9galement de fournir des informations sur les techniques d&#8217;argenture et sur les produits de protection. <strong>N&#8217;h\u00e9sitez pas \u00e0 nous contacter pour toute information et toute demande de devis<\/strong>.<br \/>\n <p class=\"wpsm-hide\" style=\"color: #c39f5f; font-size: 100%; text-align: left;\"> Voir moins<\/p><\/div><\/div>\n","protected":false},"excerpt":{"rendered":"<p>Disponible en diff\u00e9rentes tailles et \u00e9paisseurs, le livret de feuilles d&#8217;argent est id\u00e9al pour la restauration, pour la dorure \u00e0 la mission ou \u00e0 la gouache de surfaces travaill\u00e9es et pour l&#8217;application de decalco sur des surfaces planes, \u00e0 l&#8217;int\u00e9rieur comme \u00e0 l&#8217;ext\u00e9rieur. Chaque livret contient 25 feuilles. [&#8230;]<\/p>\n<p><a class=\"btn btn-secondary understrap-read-more-link\" href=\"https:\/\/www.manetti.com\/fr\/produit\/carnet-feuilles-argent\/\">Lire la suite&#8230;<\/a><\/p>\n","protected":false},"featured_media":74138,"template":"","meta":{"_acf_changed":false},"product_brand":[],"product_cat":[169],"product_tag":[181],"product_area":[],"catalog_category":[793,969,999],"class_list":{"0":"post-35771","1":"product","2":"type-product","3":"status-publish","4":"has-post-thumbnail","6":"product_cat-feuille-d-argent","7":"product_tag-foglia-in-libretto-fr","8":"catalog_category-dorure-et-restauration","9":"catalog_category-dorure-et-restauration-feuille-dor-et-autres-metaux","10":"catalog_category-dorure-et-restauration-feuille-dargent","12":"first","13":"instock","14":"shipping-taxable","15":"purchasable","16":"product-type-variable"},"acf":[],"yoast_head":"<!-- This site is optimized with the Yoast SEO plugin v26.5 - https:\/\/yoast.com\/wordpress\/plugins\/seo\/ -->\n<title>Carnet de feuilles d&#039;argent | Transfert, Libre | Giusto Manetti Battiloro<\/title>\n<meta name=\"description\" content=\"Disponible en diff\u00e9rentes tailles et \u00e9paisseurs, le livret de feuilles d&#039;argent est id\u00e9al pour la restauration, pour la dorure \u00e0 la mission ou \u00e0 la gouache de surfaces travaill\u00e9es et pour l&#039;application de decalco sur des surfaces planes, \u00e0 l&#039;int\u00e9rieur comme \u00e0 l&#039;ext\u00e9rieur. Chaque livret contient 25 feuilles.\" \/>\n<meta name=\"robots\" content=\"index, follow, max-snippet:-1, max-image-preview:large, max-video-preview:-1\" \/>\n<link rel=\"canonical\" href=\"https:\/\/www.manetti.com\/fr\/produit\/carnet-feuilles-argent\/\" \/>\n<meta property=\"og:locale\" content=\"fr_FR\" \/>\n<meta property=\"og:type\" content=\"article\" \/>\n<meta property=\"og:title\" content=\"Carnet de feuilles d&#039;argent | Transfert, Libre | Giusto Manetti Battiloro\" \/>\n<meta property=\"og:description\" content=\"Disponible en diff\u00e9rentes tailles et \u00e9paisseurs, le livret de feuilles d&#039;argent est id\u00e9al pour la restauration, pour la dorure \u00e0 la mission ou \u00e0 la gouache de surfaces travaill\u00e9es et pour l&#039;application de decalco sur des surfaces planes, \u00e0 l&#039;int\u00e9rieur comme \u00e0 l&#039;ext\u00e9rieur. Chaque livret contient 25 feuilles.\" \/>\n<meta property=\"og:url\" content=\"https:\/\/www.manetti.com\/fr\/produit\/carnet-feuilles-argent\/\" \/>\n<meta property=\"og:site_name\" content=\"Giusto Manetti Battiloro\" \/>\n<meta property=\"article:publisher\" content=\"https:\/\/www.facebook.com\/giustomanettibattiloro\" \/>\n<meta property=\"article:modified_time\" content=\"2024-04-08T12:11:25+00:00\" \/>\n<meta property=\"og:image\" content=\"https:\/\/www.manetti.com\/wp-content\/uploads\/2020\/01\/Argento_scatola-e-libretto_web.png\" \/>\n\t<meta property=\"og:image:width\" content=\"700\" \/>\n\t<meta property=\"og:image:height\" content=\"700\" \/>\n\t<meta property=\"og:image:type\" content=\"image\/png\" \/>\n<meta name=\"twitter:card\" content=\"summary_large_image\" \/>\n<meta name=\"twitter:label1\" content=\"Dur\u00e9e de lecture estim\u00e9e\" \/>\n\t<meta name=\"twitter:data1\" content=\"2 minutes\" \/>\n<script type=\"application\/ld+json\" class=\"yoast-schema-graph\">{\"@context\":\"https:\/\/schema.org\",\"@graph\":[{\"@type\":\"WebPage\",\"@id\":\"https:\/\/www.manetti.com\/fr\/produit\/carnet-feuilles-argent\/\",\"url\":\"https:\/\/www.manetti.com\/fr\/produit\/carnet-feuilles-argent\/\",\"name\":\"Carnet de feuilles d'argent | Transfert, Libre | Giusto Manetti Battiloro\",\"isPartOf\":{\"@id\":\"https:\/\/www.manetti.com\/fr\/#website\"},\"primaryImageOfPage\":{\"@id\":\"https:\/\/www.manetti.com\/fr\/produit\/carnet-feuilles-argent\/#primaryimage\"},\"image\":{\"@id\":\"https:\/\/www.manetti.com\/fr\/produit\/carnet-feuilles-argent\/#primaryimage\"},\"thumbnailUrl\":\"https:\/\/www.manetti.com\/wp-content\/uploads\/2020\/01\/Argento_scatola-e-libretto_web.png\",\"datePublished\":\"2020-01-31T08:29:58+00:00\",\"dateModified\":\"2024-04-08T12:11:25+00:00\",\"description\":\"Disponible en diff\u00e9rentes tailles et \u00e9paisseurs, le livret de feuilles d'argent est id\u00e9al pour la restauration, pour la dorure \u00e0 la mission ou \u00e0 la gouache de surfaces travaill\u00e9es et pour l'application de decalco sur des surfaces planes, \u00e0 l'int\u00e9rieur comme \u00e0 l'ext\u00e9rieur. Chaque livret contient 25 feuilles.\",\"inLanguage\":\"fr-FR\",\"potentialAction\":[{\"@type\":\"ReadAction\",\"target\":[\"https:\/\/www.manetti.com\/fr\/produit\/carnet-feuilles-argent\/\"]}]},{\"@type\":\"ImageObject\",\"inLanguage\":\"fr-FR\",\"@id\":\"https:\/\/www.manetti.com\/fr\/produit\/carnet-feuilles-argent\/#primaryimage\",\"url\":\"https:\/\/www.manetti.com\/wp-content\/uploads\/2020\/01\/Argento_scatola-e-libretto_web.png\",\"contentUrl\":\"https:\/\/www.manetti.com\/wp-content\/uploads\/2020\/01\/Argento_scatola-e-libretto_web.png\",\"width\":700,\"height\":700},{\"@type\":\"WebSite\",\"@id\":\"https:\/\/www.manetti.com\/fr\/#website\",\"url\":\"https:\/\/www.manetti.com\/fr\/\",\"name\":\"Giusto Manetti Battiloro\",\"description\":\"\",\"publisher\":{\"@id\":\"https:\/\/www.manetti.com\/fr\/#organization\"},\"potentialAction\":[{\"@type\":\"SearchAction\",\"target\":{\"@type\":\"EntryPoint\",\"urlTemplate\":\"https:\/\/www.manetti.com\/fr\/?s={search_term_string}\"},\"query-input\":{\"@type\":\"PropertyValueSpecification\",\"valueRequired\":true,\"valueName\":\"search_term_string\"}}],\"inLanguage\":\"fr-FR\"},{\"@type\":\"Organization\",\"@id\":\"https:\/\/www.manetti.com\/fr\/#organization\",\"name\":\"GIUSTO MANETTI BATTILORO S.P.A.\",\"url\":\"https:\/\/www.manetti.com\/fr\/\",\"logo\":{\"@type\":\"ImageObject\",\"inLanguage\":\"fr-FR\",\"@id\":\"https:\/\/www.manetti.com\/fr\/#\/schema\/logo\/image\/\",\"url\":\"https:\/\/www.manetti.com\/wp-content\/uploads\/2025\/02\/giusto-manetti-blu_300-02.png\",\"contentUrl\":\"https:\/\/www.manetti.com\/wp-content\/uploads\/2025\/02\/giusto-manetti-blu_300-02.png\",\"width\":1123,\"height\":1093,\"caption\":\"GIUSTO MANETTI BATTILORO S.P.A.\"},\"image\":{\"@id\":\"https:\/\/www.manetti.com\/fr\/#\/schema\/logo\/image\/\"},\"sameAs\":[\"https:\/\/www.facebook.com\/giustomanettibattiloro\",\"https:\/\/www.instagram.com\/giustomanettibattiloro\/\",\"https:\/\/www.linkedin.com\/company\/giusto-manetti-battiloro-s-p-a-\/\",\"https:\/\/www.youtube.com\/user\/ManettiBattiloro\"]}]}<\/script>\n<!-- \/ Yoast SEO plugin. -->","yoast_head_json":{"title":"Carnet de feuilles d'argent | Transfert, Libre | Giusto Manetti Battiloro","description":"Disponible en diff\u00e9rentes tailles et \u00e9paisseurs, le livret de feuilles d'argent est id\u00e9al pour la restauration, pour la dorure \u00e0 la mission ou \u00e0 la gouache de surfaces travaill\u00e9es et pour l'application de decalco sur des surfaces planes, \u00e0 l'int\u00e9rieur comme \u00e0 l'ext\u00e9rieur. Chaque livret contient 25 feuilles.","robots":{"index":"index","follow":"follow","max-snippet":"max-snippet:-1","max-image-preview":"max-image-preview:large","max-video-preview":"max-video-preview:-1"},"canonical":"https:\/\/www.manetti.com\/fr\/produit\/carnet-feuilles-argent\/","og_locale":"fr_FR","og_type":"article","og_title":"Carnet de feuilles d'argent | Transfert, Libre | Giusto Manetti Battiloro","og_description":"Disponible en diff\u00e9rentes tailles et \u00e9paisseurs, le livret de feuilles d'argent est id\u00e9al pour la restauration, pour la dorure \u00e0 la mission ou \u00e0 la gouache de surfaces travaill\u00e9es et pour l'application de decalco sur des surfaces planes, \u00e0 l'int\u00e9rieur comme \u00e0 l'ext\u00e9rieur. Chaque livret contient 25 feuilles.","og_url":"https:\/\/www.manetti.com\/fr\/produit\/carnet-feuilles-argent\/","og_site_name":"Giusto Manetti Battiloro","article_publisher":"https:\/\/www.facebook.com\/giustomanettibattiloro","article_modified_time":"2024-04-08T12:11:25+00:00","og_image":[{"width":700,"height":700,"url":"https:\/\/www.manetti.com\/wp-content\/uploads\/2020\/01\/Argento_scatola-e-libretto_web.png","type":"image\/png"}],"twitter_card":"summary_large_image","twitter_misc":{"Dur\u00e9e de lecture estim\u00e9e":"2 minutes"},"schema":{"@context":"https:\/\/schema.org","@graph":[{"@type":"WebPage","@id":"https:\/\/www.manetti.com\/fr\/produit\/carnet-feuilles-argent\/","url":"https:\/\/www.manetti.com\/fr\/produit\/carnet-feuilles-argent\/","name":"Carnet de feuilles d'argent | Transfert, Libre | Giusto Manetti Battiloro","isPartOf":{"@id":"https:\/\/www.manetti.com\/fr\/#website"},"primaryImageOfPage":{"@id":"https:\/\/www.manetti.com\/fr\/produit\/carnet-feuilles-argent\/#primaryimage"},"image":{"@id":"https:\/\/www.manetti.com\/fr\/produit\/carnet-feuilles-argent\/#primaryimage"},"thumbnailUrl":"https:\/\/www.manetti.com\/wp-content\/uploads\/2020\/01\/Argento_scatola-e-libretto_web.png","datePublished":"2020-01-31T08:29:58+00:00","dateModified":"2024-04-08T12:11:25+00:00","description":"Disponible en diff\u00e9rentes tailles et \u00e9paisseurs, le livret de feuilles d'argent est id\u00e9al pour la restauration, pour la dorure \u00e0 la mission ou \u00e0 la gouache de surfaces travaill\u00e9es et pour l'application de decalco sur des surfaces planes, \u00e0 l'int\u00e9rieur comme \u00e0 l'ext\u00e9rieur. Chaque livret contient 25 feuilles.","inLanguage":"fr-FR","potentialAction":[{"@type":"ReadAction","target":["https:\/\/www.manetti.com\/fr\/produit\/carnet-feuilles-argent\/"]}]},{"@type":"ImageObject","inLanguage":"fr-FR","@id":"https:\/\/www.manetti.com\/fr\/produit\/carnet-feuilles-argent\/#primaryimage","url":"https:\/\/www.manetti.com\/wp-content\/uploads\/2020\/01\/Argento_scatola-e-libretto_web.png","contentUrl":"https:\/\/www.manetti.com\/wp-content\/uploads\/2020\/01\/Argento_scatola-e-libretto_web.png","width":700,"height":700},{"@type":"WebSite","@id":"https:\/\/www.manetti.com\/fr\/#website","url":"https:\/\/www.manetti.com\/fr\/","name":"Giusto Manetti Battiloro","description":"","publisher":{"@id":"https:\/\/www.manetti.com\/fr\/#organization"},"potentialAction":[{"@type":"SearchAction","target":{"@type":"EntryPoint","urlTemplate":"https:\/\/www.manetti.com\/fr\/?s={search_term_string}"},"query-input":{"@type":"PropertyValueSpecification","valueRequired":true,"valueName":"search_term_string"}}],"inLanguage":"fr-FR"},{"@type":"Organization","@id":"https:\/\/www.manetti.com\/fr\/#organization","name":"GIUSTO MANETTI BATTILORO S.P.A.","url":"https:\/\/www.manetti.com\/fr\/","logo":{"@type":"ImageObject","inLanguage":"fr-FR","@id":"https:\/\/www.manetti.com\/fr\/#\/schema\/logo\/image\/","url":"https:\/\/www.manetti.com\/wp-content\/uploads\/2025\/02\/giusto-manetti-blu_300-02.png","contentUrl":"https:\/\/www.manetti.com\/wp-content\/uploads\/2025\/02\/giusto-manetti-blu_300-02.png","width":1123,"height":1093,"caption":"GIUSTO MANETTI BATTILORO S.P.A."},"image":{"@id":"https:\/\/www.manetti.com\/fr\/#\/schema\/logo\/image\/"},"sameAs":["https:\/\/www.facebook.com\/giustomanettibattiloro","https:\/\/www.instagram.com\/giustomanettibattiloro\/","https:\/\/www.linkedin.com\/company\/giusto-manetti-battiloro-s-p-a-\/","https:\/\/www.youtube.com\/user\/ManettiBattiloro"]}]}},"_links":{"self":[{"href":"https:\/\/www.manetti.com\/fr\/wp-json\/wp\/v2\/product\/35771","targetHints":{"allow":["GET"]}}],"collection":[{"href":"https:\/\/www.manetti.com\/fr\/wp-json\/wp\/v2\/product"}],"about":[{"href":"https:\/\/www.manetti.com\/fr\/wp-json\/wp\/v2\/types\/product"}],"wp:featuredmedia":[{"embeddable":true,"href":"https:\/\/www.manetti.com\/fr\/wp-json\/wp\/v2\/media\/74138"}],"wp:attachment":[{"href":"https:\/\/www.manetti.com\/fr\/wp-json\/wp\/v2\/media?parent=35771"}],"wp:term":[{"taxonomy":"product_brand","embeddable":true,"href":"https:\/\/www.manetti.com\/fr\/wp-json\/wp\/v2\/product_brand?post=35771"},{"taxonomy":"product_cat","embeddable":true,"href":"https:\/\/www.manetti.com\/fr\/wp-json\/wp\/v2\/product_cat?post=35771"},{"taxonomy":"product_tag","embeddable":true,"href":"https:\/\/www.manetti.com\/fr\/wp-json\/wp\/v2\/product_tag?post=35771"},{"taxonomy":"product_area","embeddable":true,"href":"https:\/\/www.manetti.com\/fr\/wp-json\/wp\/v2\/product_area?post=35771"},{"taxonomy":"catalog_category","embeddable":true,"href":"https:\/\/www.manetti.com\/fr\/wp-json\/wp\/v2\/catalog_category?post=35771"}],"curies":[{"name":"wp","href":"https:\/\/api.w.org\/{rel}","templated":true}]}}