{"id":35784,"date":"2020-01-31T10:00:41","date_gmt":"2020-01-31T09:00:41","guid":{"rendered":"https:\/\/www.manetti.com\/prodotto\/foglia-argento-in-rotolo\/"},"modified":"2024-04-23T14:17:23","modified_gmt":"2024-04-23T12:17:23","slug":"feuille-argent-rouleau","status":"publish","type":"product","link":"https:\/\/www.manetti.com\/fr\/produit\/feuille-argent-rouleau\/","title":{"rendered":"Feuille d\u2019argent en rouleau"},"content":{"rendered":"<p><strong>La feuille d&#8217;argent pur 1000\/000 en rouleau permet de r\u00e9aliser une argenture rapide et pr\u00e9cise sur des surfaces r\u00e9guli\u00e8res de grandes dimensions<\/strong>. Chaque feuille est d\u00e9pos\u00e9e sur une couche de papier de soie, dont <strong>la longueur est comprise entre 25 et 50 m\u00e8tres, pour une largeur de 140 mm<\/strong>.<\/p>\n<p>Durant la phase d&#8217;argenture, le rouleau peut \u00eatre coup\u00e9 selon la longueur souhait\u00e9e \u00e0 l&#8217;aide d&#8217;une simple paire de ciseaux. La seule pr\u00e9caution \u00e0 respecter consiste \u00e0 toujours effectuer les d\u00e9coupes au niveau de la ligne de jonction de deux feuilles. <strong>Sur demande, nous pouvons fournir le rouleau coup\u00e9 selon une largeur sur mesure, \u00e0 partir de 10 mm minimum<\/strong>.<\/p>\n<div class=\"show_more\"><p class=\"wpsm-show\" style=\"color: #c39f5f; font-size: 100%; text-align: left;\"> Voir plus<\/p><div class=\"wpsm-content\"><\/p>\n<h2>La dorure \u00e0 la mixtion avec le rouleau de feuille d&#8217;argent<\/h2>\n<p>Contrairement \u00e0 l&#8217;or, l\u2019argent s&#8217;oxyde facilement, c&#8217;est pourquoi son application doit exclusivement \u00eatre r\u00e9alis\u00e9e en <strong>int\u00e9rieur<\/strong>. La dorure \u00e0 la feuille d\u2019argent en rouleau utilise <strong>la technique d&#8217;application de la mixtion, \u00e0 l&#8217;aide de diff\u00e9rents liants, comme l&#8217;eau, le vernis et l&#8217;alcool<\/strong>. L\u2019argenture \u00e0 la mixtion <strong>\u00e0 l\u2019eau<\/strong> est indiqu\u00e9e <strong>pour la d\u00e9coration de boiseries, corniches et mobilier en bois, outre les surfaces en pl\u00e2tre, les d\u00e9tails de portes et la finition de supports papier<\/strong>. Le liant \u00e0 base de <strong>vernis<\/strong> est en revanche adapt\u00e9 aux <strong>surfaces m\u00e9talliques et marbr\u00e9es<\/strong>, tandis que le liant \u00e0 l&#8217;alcool est privil\u00e9gi\u00e9 par les professionnels de l\u2019argenture pour la finition <strong>d&#8217;\u00e9l\u00e9ments d&#8217;agencement<\/strong> en verre, plastique et fer forg\u00e9.<\/p>\n<p>Apr\u00e8s avoir \u00e9tal\u00e9 la mixtion, on d\u00e9ploie le rouleau sur la surface souhait\u00e9e, et une l\u00e9g\u00e8re pression exerc\u00e9e c\u00f4t\u00e9 papier de soie permet de faire adh\u00e9rer la feuille d\u2019argent. Une fois l&#8217;op\u00e9ration termin\u00e9e, la bande de papier peut \u00eatre retir\u00e9e facilement. Pour les finitions exigeant une grande pr\u00e9cision, il est possible de d\u00e9couper le rouleau aux dimensions souhait\u00e9es. <strong>Chaque lot de production fait l&#8217;objet de proc\u00e9dures de contr\u00f4le qualit\u00e9 sp\u00e9cifiques<\/strong>. Nous exp\u00e9dions les commandes de rouleaux de feuilles d\u2019argent aux quatre coins du monde : chaque commande est couverte par une assurance, gage d&#8217;une <strong>totale s\u00e9r\u00e9nit\u00e9 pour nos clients<\/strong>. <strong>N&#8217;h\u00e9sitez pas \u00e0 nous contacter pour conna\u00eetre les prix de nos produits et pour toute demande de devis<\/strong>.<br \/>\n <p class=\"wpsm-hide\" style=\"color: #c39f5f; font-size: 100%; text-align: left;\"> Voir moins<\/p><\/div><\/div>\n","protected":false},"excerpt":{"rendered":"<p>Parfait pour dorer rapidement et avec pr\u00e9cision de grandes surfaces planes, le rouleau de feuilles d&#8217;argent se d\u00e9coupe facilement \u00e0 la taille n\u00e9cessaire pour chaque application. [&#8230;]<\/p>\n<p><a class=\"btn btn-secondary understrap-read-more-link\" href=\"https:\/\/www.manetti.com\/fr\/produit\/feuille-argent-rouleau\/\">Lire la suite&#8230;<\/a><\/p>\n","protected":false},"featured_media":74124,"template":"","meta":{"_acf_changed":false},"product_brand":[],"product_cat":[169],"product_tag":[179],"product_area":[],"catalog_category":[805,961],"class_list":{"0":"post-35784","1":"product","2":"type-product","3":"status-publish","4":"has-post-thumbnail","6":"product_cat-feuille-d-argent","7":"product_tag-rotolo-fr","8":"catalog_category-dorure-avec-feuille-dor-en-roule","9":"catalog_category-dorure-avec-feuille-dor-en-roule-feuille-dor-en-rouleau","11":"first","12":"instock","13":"shipping-taxable","14":"purchasable","15":"product-type-variable"},"acf":[],"yoast_head":"<!-- This site is optimized with the Yoast SEO plugin v26.5 - https:\/\/yoast.com\/wordpress\/plugins\/seo\/ -->\n<title>Feuille d\u2019argent en rouleau | Giusto Manetti Battiloro<\/title>\n<meta name=\"description\" content=\"Parfait pour dorer rapidement et avec pr\u00e9cision de grandes surfaces planes, le rouleau de feuilles d&#039;argent se d\u00e9coupe facilement \u00e0 la taille n\u00e9cessaire pour chaque application.\" \/>\n<meta name=\"robots\" content=\"index, follow, max-snippet:-1, max-image-preview:large, max-video-preview:-1\" \/>\n<link rel=\"canonical\" href=\"https:\/\/www.manetti.com\/fr\/produit\/feuille-argent-rouleau\/\" \/>\n<meta property=\"og:locale\" content=\"fr_FR\" \/>\n<meta property=\"og:type\" content=\"article\" \/>\n<meta property=\"og:title\" content=\"Feuille d\u2019argent en rouleau | Giusto Manetti Battiloro\" \/>\n<meta property=\"og:description\" content=\"Parfait pour dorer rapidement et avec pr\u00e9cision de grandes surfaces planes, le rouleau de feuilles d&#039;argent se d\u00e9coupe facilement \u00e0 la taille n\u00e9cessaire pour chaque application.\" \/>\n<meta property=\"og:url\" content=\"https:\/\/www.manetti.com\/fr\/produit\/feuille-argent-rouleau\/\" \/>\n<meta property=\"og:site_name\" content=\"Giusto Manetti Battiloro\" \/>\n<meta property=\"article:publisher\" content=\"https:\/\/www.facebook.com\/giustomanettibattiloro\" \/>\n<meta property=\"article:modified_time\" content=\"2024-04-23T12:17:23+00:00\" \/>\n<meta property=\"og:image\" content=\"https:\/\/www.manetti.com\/wp-content\/uploads\/2019\/11\/Foglia-argento-rotolo_web-1.png\" \/>\n\t<meta property=\"og:image:width\" content=\"700\" \/>\n\t<meta property=\"og:image:height\" content=\"700\" \/>\n\t<meta property=\"og:image:type\" content=\"image\/png\" \/>\n<meta name=\"twitter:card\" content=\"summary_large_image\" \/>\n<meta name=\"twitter:label1\" content=\"Dur\u00e9e de lecture estim\u00e9e\" \/>\n\t<meta name=\"twitter:data1\" content=\"2 minutes\" \/>\n<script type=\"application\/ld+json\" class=\"yoast-schema-graph\">{\"@context\":\"https:\/\/schema.org\",\"@graph\":[{\"@type\":\"WebPage\",\"@id\":\"https:\/\/www.manetti.com\/fr\/produit\/feuille-argent-rouleau\/\",\"url\":\"https:\/\/www.manetti.com\/fr\/produit\/feuille-argent-rouleau\/\",\"name\":\"Feuille d\u2019argent en rouleau | Giusto Manetti Battiloro\",\"isPartOf\":{\"@id\":\"https:\/\/www.manetti.com\/fr\/#website\"},\"primaryImageOfPage\":{\"@id\":\"https:\/\/www.manetti.com\/fr\/produit\/feuille-argent-rouleau\/#primaryimage\"},\"image\":{\"@id\":\"https:\/\/www.manetti.com\/fr\/produit\/feuille-argent-rouleau\/#primaryimage\"},\"thumbnailUrl\":\"https:\/\/www.manetti.com\/wp-content\/uploads\/2019\/11\/Foglia-argento-rotolo_web-1.png\",\"datePublished\":\"2020-01-31T09:00:41+00:00\",\"dateModified\":\"2024-04-23T12:17:23+00:00\",\"description\":\"Parfait pour dorer rapidement et avec pr\u00e9cision de grandes surfaces planes, le rouleau de feuilles d'argent se d\u00e9coupe facilement \u00e0 la taille n\u00e9cessaire pour chaque application.\",\"inLanguage\":\"fr-FR\",\"potentialAction\":[{\"@type\":\"ReadAction\",\"target\":[\"https:\/\/www.manetti.com\/fr\/produit\/feuille-argent-rouleau\/\"]}]},{\"@type\":\"ImageObject\",\"inLanguage\":\"fr-FR\",\"@id\":\"https:\/\/www.manetti.com\/fr\/produit\/feuille-argent-rouleau\/#primaryimage\",\"url\":\"https:\/\/www.manetti.com\/wp-content\/uploads\/2019\/11\/Foglia-argento-rotolo_web-1.png\",\"contentUrl\":\"https:\/\/www.manetti.com\/wp-content\/uploads\/2019\/11\/Foglia-argento-rotolo_web-1.png\",\"width\":700,\"height\":700},{\"@type\":\"WebSite\",\"@id\":\"https:\/\/www.manetti.com\/fr\/#website\",\"url\":\"https:\/\/www.manetti.com\/fr\/\",\"name\":\"Giusto Manetti Battiloro\",\"description\":\"\",\"publisher\":{\"@id\":\"https:\/\/www.manetti.com\/fr\/#organization\"},\"potentialAction\":[{\"@type\":\"SearchAction\",\"target\":{\"@type\":\"EntryPoint\",\"urlTemplate\":\"https:\/\/www.manetti.com\/fr\/?s={search_term_string}\"},\"query-input\":{\"@type\":\"PropertyValueSpecification\",\"valueRequired\":true,\"valueName\":\"search_term_string\"}}],\"inLanguage\":\"fr-FR\"},{\"@type\":\"Organization\",\"@id\":\"https:\/\/www.manetti.com\/fr\/#organization\",\"name\":\"GIUSTO MANETTI BATTILORO S.P.A.\",\"url\":\"https:\/\/www.manetti.com\/fr\/\",\"logo\":{\"@type\":\"ImageObject\",\"inLanguage\":\"fr-FR\",\"@id\":\"https:\/\/www.manetti.com\/fr\/#\/schema\/logo\/image\/\",\"url\":\"https:\/\/www.manetti.com\/wp-content\/uploads\/2025\/02\/giusto-manetti-blu_300-02.png\",\"contentUrl\":\"https:\/\/www.manetti.com\/wp-content\/uploads\/2025\/02\/giusto-manetti-blu_300-02.png\",\"width\":1123,\"height\":1093,\"caption\":\"GIUSTO MANETTI BATTILORO S.P.A.\"},\"image\":{\"@id\":\"https:\/\/www.manetti.com\/fr\/#\/schema\/logo\/image\/\"},\"sameAs\":[\"https:\/\/www.facebook.com\/giustomanettibattiloro\",\"https:\/\/www.instagram.com\/giustomanettibattiloro\/\",\"https:\/\/www.linkedin.com\/company\/giusto-manetti-battiloro-s-p-a-\/\",\"https:\/\/www.youtube.com\/user\/ManettiBattiloro\"]}]}<\/script>\n<!-- \/ Yoast SEO plugin. -->","yoast_head_json":{"title":"Feuille d\u2019argent en rouleau | Giusto Manetti Battiloro","description":"Parfait pour dorer rapidement et avec pr\u00e9cision de grandes surfaces planes, le rouleau de feuilles d'argent se d\u00e9coupe facilement \u00e0 la taille n\u00e9cessaire pour chaque application.","robots":{"index":"index","follow":"follow","max-snippet":"max-snippet:-1","max-image-preview":"max-image-preview:large","max-video-preview":"max-video-preview:-1"},"canonical":"https:\/\/www.manetti.com\/fr\/produit\/feuille-argent-rouleau\/","og_locale":"fr_FR","og_type":"article","og_title":"Feuille d\u2019argent en rouleau | Giusto Manetti Battiloro","og_description":"Parfait pour dorer rapidement et avec pr\u00e9cision de grandes surfaces planes, le rouleau de feuilles d'argent se d\u00e9coupe facilement \u00e0 la taille n\u00e9cessaire pour chaque application.","og_url":"https:\/\/www.manetti.com\/fr\/produit\/feuille-argent-rouleau\/","og_site_name":"Giusto Manetti Battiloro","article_publisher":"https:\/\/www.facebook.com\/giustomanettibattiloro","article_modified_time":"2024-04-23T12:17:23+00:00","og_image":[{"width":700,"height":700,"url":"https:\/\/www.manetti.com\/wp-content\/uploads\/2019\/11\/Foglia-argento-rotolo_web-1.png","type":"image\/png"}],"twitter_card":"summary_large_image","twitter_misc":{"Dur\u00e9e de lecture estim\u00e9e":"2 minutes"},"schema":{"@context":"https:\/\/schema.org","@graph":[{"@type":"WebPage","@id":"https:\/\/www.manetti.com\/fr\/produit\/feuille-argent-rouleau\/","url":"https:\/\/www.manetti.com\/fr\/produit\/feuille-argent-rouleau\/","name":"Feuille d\u2019argent en rouleau | Giusto Manetti Battiloro","isPartOf":{"@id":"https:\/\/www.manetti.com\/fr\/#website"},"primaryImageOfPage":{"@id":"https:\/\/www.manetti.com\/fr\/produit\/feuille-argent-rouleau\/#primaryimage"},"image":{"@id":"https:\/\/www.manetti.com\/fr\/produit\/feuille-argent-rouleau\/#primaryimage"},"thumbnailUrl":"https:\/\/www.manetti.com\/wp-content\/uploads\/2019\/11\/Foglia-argento-rotolo_web-1.png","datePublished":"2020-01-31T09:00:41+00:00","dateModified":"2024-04-23T12:17:23+00:00","description":"Parfait pour dorer rapidement et avec pr\u00e9cision de grandes surfaces planes, le rouleau de feuilles d'argent se d\u00e9coupe facilement \u00e0 la taille n\u00e9cessaire pour chaque application.","inLanguage":"fr-FR","potentialAction":[{"@type":"ReadAction","target":["https:\/\/www.manetti.com\/fr\/produit\/feuille-argent-rouleau\/"]}]},{"@type":"ImageObject","inLanguage":"fr-FR","@id":"https:\/\/www.manetti.com\/fr\/produit\/feuille-argent-rouleau\/#primaryimage","url":"https:\/\/www.manetti.com\/wp-content\/uploads\/2019\/11\/Foglia-argento-rotolo_web-1.png","contentUrl":"https:\/\/www.manetti.com\/wp-content\/uploads\/2019\/11\/Foglia-argento-rotolo_web-1.png","width":700,"height":700},{"@type":"WebSite","@id":"https:\/\/www.manetti.com\/fr\/#website","url":"https:\/\/www.manetti.com\/fr\/","name":"Giusto Manetti Battiloro","description":"","publisher":{"@id":"https:\/\/www.manetti.com\/fr\/#organization"},"potentialAction":[{"@type":"SearchAction","target":{"@type":"EntryPoint","urlTemplate":"https:\/\/www.manetti.com\/fr\/?s={search_term_string}"},"query-input":{"@type":"PropertyValueSpecification","valueRequired":true,"valueName":"search_term_string"}}],"inLanguage":"fr-FR"},{"@type":"Organization","@id":"https:\/\/www.manetti.com\/fr\/#organization","name":"GIUSTO MANETTI BATTILORO S.P.A.","url":"https:\/\/www.manetti.com\/fr\/","logo":{"@type":"ImageObject","inLanguage":"fr-FR","@id":"https:\/\/www.manetti.com\/fr\/#\/schema\/logo\/image\/","url":"https:\/\/www.manetti.com\/wp-content\/uploads\/2025\/02\/giusto-manetti-blu_300-02.png","contentUrl":"https:\/\/www.manetti.com\/wp-content\/uploads\/2025\/02\/giusto-manetti-blu_300-02.png","width":1123,"height":1093,"caption":"GIUSTO MANETTI BATTILORO S.P.A."},"image":{"@id":"https:\/\/www.manetti.com\/fr\/#\/schema\/logo\/image\/"},"sameAs":["https:\/\/www.facebook.com\/giustomanettibattiloro","https:\/\/www.instagram.com\/giustomanettibattiloro\/","https:\/\/www.linkedin.com\/company\/giusto-manetti-battiloro-s-p-a-\/","https:\/\/www.youtube.com\/user\/ManettiBattiloro"]}]}},"_links":{"self":[{"href":"https:\/\/www.manetti.com\/fr\/wp-json\/wp\/v2\/product\/35784","targetHints":{"allow":["GET"]}}],"collection":[{"href":"https:\/\/www.manetti.com\/fr\/wp-json\/wp\/v2\/product"}],"about":[{"href":"https:\/\/www.manetti.com\/fr\/wp-json\/wp\/v2\/types\/product"}],"wp:featuredmedia":[{"embeddable":true,"href":"https:\/\/www.manetti.com\/fr\/wp-json\/wp\/v2\/media\/74124"}],"wp:attachment":[{"href":"https:\/\/www.manetti.com\/fr\/wp-json\/wp\/v2\/media?parent=35784"}],"wp:term":[{"taxonomy":"product_brand","embeddable":true,"href":"https:\/\/www.manetti.com\/fr\/wp-json\/wp\/v2\/product_brand?post=35784"},{"taxonomy":"product_cat","embeddable":true,"href":"https:\/\/www.manetti.com\/fr\/wp-json\/wp\/v2\/product_cat?post=35784"},{"taxonomy":"product_tag","embeddable":true,"href":"https:\/\/www.manetti.com\/fr\/wp-json\/wp\/v2\/product_tag?post=35784"},{"taxonomy":"product_area","embeddable":true,"href":"https:\/\/www.manetti.com\/fr\/wp-json\/wp\/v2\/product_area?post=35784"},{"taxonomy":"catalog_category","embeddable":true,"href":"https:\/\/www.manetti.com\/fr\/wp-json\/wp\/v2\/catalog_category?post=35784"}],"curies":[{"name":"wp","href":"https:\/\/api.w.org\/{rel}","templated":true}]}}