{"id":41320,"date":"2023-09-14T12:11:54","date_gmt":"2021-02-05T11:11:54","guid":{"rendered":"https:\/\/www.manetti.com\/prodotto\/foglia-imitazione-in-astuccio\/"},"modified":"2024-03-28T11:20:45","modified_gmt":"2024-03-28T10:20:45","slug":"shop-feuille-imitation-etui","status":"publish","type":"product","link":"https:\/\/www.manetti.com\/fr\/produit\/shop-feuille-imitation-etui\/","title":{"rendered":"Feuille d&#8217;imitation 14 x 14 cm ligne beaux-arts"},"content":{"rendered":"<p>Livrets de 25 feuilles d&#8217;imitation 14&#215;14 cm en format libre ou d\u00e9calcomanie emball\u00e9es dans des \u00e9tuis individuels. Le code-barres respectif et la couleur de la feuille contenue \u00e0 l&#8217;int\u00e9rieur sont repr\u00e9sent\u00e9s sur l&#8217;emballage ext\u00e9rieur. Tous les emballages sont soigneusement scell\u00e9s pour pr\u00e9server la feuille de l\u2019oxydation.<\/p>\n","protected":false},"excerpt":{"rendered":"<p style=\"font-weight: 400;\">Les feuilles d&#8217;imitation d&#8217;or, d&#8217;aluminium et de cuivre sont emball\u00e9es dans des \u00e9tuis individuels et vendues par bo\u00eetes de 10 pi\u00e8ces. Les \u00e9tuis sont disponibles pour les livrets de 25 feuilles au format 14 x 14 cm, en \u00e9paisseur M (Medium).<\/p>\n<p> [&#8230;]<\/p>\n<p><a class=\"btn btn-secondary understrap-read-more-link\" href=\"https:\/\/www.manetti.com\/fr\/produit\/shop-feuille-imitation-etui\/\">Lire la suite&#8230;<\/a><\/p>\n","protected":false},"featured_media":81225,"template":"","meta":{"_acf_changed":false},"product_brand":[],"product_cat":[466],"product_tag":[],"product_area":[],"catalog_category":[],"class_list":{"0":"post-41320","1":"product","2":"type-product","3":"status-publish","4":"has-post-thumbnail","6":"product_cat-beaux-arts","8":"first","9":"instock","10":"shipping-taxable","11":"purchasable","12":"product-type-variable"},"acf":[],"yoast_head":"<!-- This site is optimized with the Yoast SEO plugin v26.5 - https:\/\/yoast.com\/wordpress\/plugins\/seo\/ -->\n<title>Feuille d&#039;imitation en \u00e9tui | Giusto Manetti Battiloro<\/title>\n<meta name=\"description\" content=\"Feuille d&#039;imitation en \u00e9tui. Feuilles d&#039;imitation emball\u00e9es dans des \u00e9tuis individuels disponibles en taille de 14 x 14 cm.\" \/>\n<meta name=\"robots\" content=\"index, follow, max-snippet:-1, max-image-preview:large, max-video-preview:-1\" \/>\n<link rel=\"canonical\" href=\"https:\/\/www.manetti.com\/fr\/produit\/shop-feuille-imitation-etui\/\" \/>\n<meta property=\"og:locale\" content=\"fr_FR\" \/>\n<meta property=\"og:type\" content=\"article\" \/>\n<meta property=\"og:title\" content=\"Feuille d&#039;imitation en \u00e9tui | Giusto Manetti Battiloro\" \/>\n<meta property=\"og:description\" content=\"Feuille d&#039;imitation en \u00e9tui. Feuilles d&#039;imitation emball\u00e9es dans des \u00e9tuis individuels disponibles en taille de 14 x 14 cm.\" \/>\n<meta property=\"og:url\" content=\"https:\/\/www.manetti.com\/fr\/produit\/shop-feuille-imitation-etui\/\" \/>\n<meta property=\"og:site_name\" content=\"Giusto Manetti Battiloro\" \/>\n<meta property=\"article:publisher\" content=\"https:\/\/www.facebook.com\/giustomanettibattiloro\" \/>\n<meta property=\"article:modified_time\" content=\"2024-03-28T10:20:45+00:00\" \/>\n<meta property=\"og:image\" content=\"https:\/\/www.manetti.com\/wp-content\/uploads\/2021\/02\/imitazione-astuccio-2.png\" \/>\n\t<meta property=\"og:image:width\" content=\"200\" \/>\n\t<meta property=\"og:image:height\" content=\"200\" \/>\n\t<meta property=\"og:image:type\" content=\"image\/png\" \/>\n<meta name=\"twitter:card\" content=\"summary_large_image\" \/>\n<meta name=\"twitter:label1\" content=\"Dur\u00e9e de lecture estim\u00e9e\" \/>\n\t<meta name=\"twitter:data1\" content=\"1 minute\" \/>\n<script type=\"application\/ld+json\" class=\"yoast-schema-graph\">{\"@context\":\"https:\/\/schema.org\",\"@graph\":[{\"@type\":\"WebPage\",\"@id\":\"https:\/\/www.manetti.com\/fr\/produit\/shop-feuille-imitation-etui\/\",\"url\":\"https:\/\/www.manetti.com\/fr\/produit\/shop-feuille-imitation-etui\/\",\"name\":\"Feuille d'imitation en \u00e9tui | Giusto Manetti Battiloro\",\"isPartOf\":{\"@id\":\"https:\/\/www.manetti.com\/fr\/#website\"},\"primaryImageOfPage\":{\"@id\":\"https:\/\/www.manetti.com\/fr\/produit\/shop-feuille-imitation-etui\/#primaryimage\"},\"image\":{\"@id\":\"https:\/\/www.manetti.com\/fr\/produit\/shop-feuille-imitation-etui\/#primaryimage\"},\"thumbnailUrl\":\"https:\/\/www.manetti.com\/wp-content\/uploads\/2024\/01\/25_libera-2025-BLISTERLIBRETTO_web.png\",\"datePublished\":\"2021-02-05T11:11:54+00:00\",\"dateModified\":\"2024-03-28T10:20:45+00:00\",\"description\":\"Feuille d'imitation en \u00e9tui. Feuilles d'imitation emball\u00e9es dans des \u00e9tuis individuels disponibles en taille de 14 x 14 cm.\",\"inLanguage\":\"fr-FR\",\"potentialAction\":[{\"@type\":\"ReadAction\",\"target\":[\"https:\/\/www.manetti.com\/fr\/produit\/shop-feuille-imitation-etui\/\"]}]},{\"@type\":\"ImageObject\",\"inLanguage\":\"fr-FR\",\"@id\":\"https:\/\/www.manetti.com\/fr\/produit\/shop-feuille-imitation-etui\/#primaryimage\",\"url\":\"https:\/\/www.manetti.com\/wp-content\/uploads\/2024\/01\/25_libera-2025-BLISTERLIBRETTO_web.png\",\"contentUrl\":\"https:\/\/www.manetti.com\/wp-content\/uploads\/2024\/01\/25_libera-2025-BLISTERLIBRETTO_web.png\",\"width\":1200,\"height\":1200},{\"@type\":\"WebSite\",\"@id\":\"https:\/\/www.manetti.com\/fr\/#website\",\"url\":\"https:\/\/www.manetti.com\/fr\/\",\"name\":\"Giusto Manetti Battiloro\",\"description\":\"\",\"publisher\":{\"@id\":\"https:\/\/www.manetti.com\/fr\/#organization\"},\"potentialAction\":[{\"@type\":\"SearchAction\",\"target\":{\"@type\":\"EntryPoint\",\"urlTemplate\":\"https:\/\/www.manetti.com\/fr\/?s={search_term_string}\"},\"query-input\":{\"@type\":\"PropertyValueSpecification\",\"valueRequired\":true,\"valueName\":\"search_term_string\"}}],\"inLanguage\":\"fr-FR\"},{\"@type\":\"Organization\",\"@id\":\"https:\/\/www.manetti.com\/fr\/#organization\",\"name\":\"GIUSTO MANETTI BATTILORO S.P.A.\",\"url\":\"https:\/\/www.manetti.com\/fr\/\",\"logo\":{\"@type\":\"ImageObject\",\"inLanguage\":\"fr-FR\",\"@id\":\"https:\/\/www.manetti.com\/fr\/#\/schema\/logo\/image\/\",\"url\":\"https:\/\/www.manetti.com\/wp-content\/uploads\/2025\/02\/giusto-manetti-blu_300-02.png\",\"contentUrl\":\"https:\/\/www.manetti.com\/wp-content\/uploads\/2025\/02\/giusto-manetti-blu_300-02.png\",\"width\":1123,\"height\":1093,\"caption\":\"GIUSTO MANETTI BATTILORO S.P.A.\"},\"image\":{\"@id\":\"https:\/\/www.manetti.com\/fr\/#\/schema\/logo\/image\/\"},\"sameAs\":[\"https:\/\/www.facebook.com\/giustomanettibattiloro\",\"https:\/\/www.instagram.com\/giustomanettibattiloro\/\",\"https:\/\/www.linkedin.com\/company\/giusto-manetti-battiloro-s-p-a-\/\",\"https:\/\/www.youtube.com\/user\/ManettiBattiloro\"]}]}<\/script>\n<!-- \/ Yoast SEO plugin. -->","yoast_head_json":{"title":"Feuille d'imitation en \u00e9tui | Giusto Manetti Battiloro","description":"Feuille d'imitation en \u00e9tui. Feuilles d'imitation emball\u00e9es dans des \u00e9tuis individuels disponibles en taille de 14 x 14 cm.","robots":{"index":"index","follow":"follow","max-snippet":"max-snippet:-1","max-image-preview":"max-image-preview:large","max-video-preview":"max-video-preview:-1"},"canonical":"https:\/\/www.manetti.com\/fr\/produit\/shop-feuille-imitation-etui\/","og_locale":"fr_FR","og_type":"article","og_title":"Feuille d'imitation en \u00e9tui | Giusto Manetti Battiloro","og_description":"Feuille d'imitation en \u00e9tui. Feuilles d'imitation emball\u00e9es dans des \u00e9tuis individuels disponibles en taille de 14 x 14 cm.","og_url":"https:\/\/www.manetti.com\/fr\/produit\/shop-feuille-imitation-etui\/","og_site_name":"Giusto Manetti Battiloro","article_publisher":"https:\/\/www.facebook.com\/giustomanettibattiloro","article_modified_time":"2024-03-28T10:20:45+00:00","og_image":[{"width":200,"height":200,"url":"https:\/\/www.manetti.com\/wp-content\/uploads\/2021\/02\/imitazione-astuccio-2.png","type":"image\/png"}],"twitter_card":"summary_large_image","twitter_misc":{"Dur\u00e9e de lecture estim\u00e9e":"1 minute"},"schema":{"@context":"https:\/\/schema.org","@graph":[{"@type":"WebPage","@id":"https:\/\/www.manetti.com\/fr\/produit\/shop-feuille-imitation-etui\/","url":"https:\/\/www.manetti.com\/fr\/produit\/shop-feuille-imitation-etui\/","name":"Feuille d'imitation en \u00e9tui | Giusto Manetti Battiloro","isPartOf":{"@id":"https:\/\/www.manetti.com\/fr\/#website"},"primaryImageOfPage":{"@id":"https:\/\/www.manetti.com\/fr\/produit\/shop-feuille-imitation-etui\/#primaryimage"},"image":{"@id":"https:\/\/www.manetti.com\/fr\/produit\/shop-feuille-imitation-etui\/#primaryimage"},"thumbnailUrl":"https:\/\/www.manetti.com\/wp-content\/uploads\/2024\/01\/25_libera-2025-BLISTERLIBRETTO_web.png","datePublished":"2021-02-05T11:11:54+00:00","dateModified":"2024-03-28T10:20:45+00:00","description":"Feuille d'imitation en \u00e9tui. Feuilles d'imitation emball\u00e9es dans des \u00e9tuis individuels disponibles en taille de 14 x 14 cm.","inLanguage":"fr-FR","potentialAction":[{"@type":"ReadAction","target":["https:\/\/www.manetti.com\/fr\/produit\/shop-feuille-imitation-etui\/"]}]},{"@type":"ImageObject","inLanguage":"fr-FR","@id":"https:\/\/www.manetti.com\/fr\/produit\/shop-feuille-imitation-etui\/#primaryimage","url":"https:\/\/www.manetti.com\/wp-content\/uploads\/2024\/01\/25_libera-2025-BLISTERLIBRETTO_web.png","contentUrl":"https:\/\/www.manetti.com\/wp-content\/uploads\/2024\/01\/25_libera-2025-BLISTERLIBRETTO_web.png","width":1200,"height":1200},{"@type":"WebSite","@id":"https:\/\/www.manetti.com\/fr\/#website","url":"https:\/\/www.manetti.com\/fr\/","name":"Giusto Manetti Battiloro","description":"","publisher":{"@id":"https:\/\/www.manetti.com\/fr\/#organization"},"potentialAction":[{"@type":"SearchAction","target":{"@type":"EntryPoint","urlTemplate":"https:\/\/www.manetti.com\/fr\/?s={search_term_string}"},"query-input":{"@type":"PropertyValueSpecification","valueRequired":true,"valueName":"search_term_string"}}],"inLanguage":"fr-FR"},{"@type":"Organization","@id":"https:\/\/www.manetti.com\/fr\/#organization","name":"GIUSTO MANETTI BATTILORO S.P.A.","url":"https:\/\/www.manetti.com\/fr\/","logo":{"@type":"ImageObject","inLanguage":"fr-FR","@id":"https:\/\/www.manetti.com\/fr\/#\/schema\/logo\/image\/","url":"https:\/\/www.manetti.com\/wp-content\/uploads\/2025\/02\/giusto-manetti-blu_300-02.png","contentUrl":"https:\/\/www.manetti.com\/wp-content\/uploads\/2025\/02\/giusto-manetti-blu_300-02.png","width":1123,"height":1093,"caption":"GIUSTO MANETTI BATTILORO S.P.A."},"image":{"@id":"https:\/\/www.manetti.com\/fr\/#\/schema\/logo\/image\/"},"sameAs":["https:\/\/www.facebook.com\/giustomanettibattiloro","https:\/\/www.instagram.com\/giustomanettibattiloro\/","https:\/\/www.linkedin.com\/company\/giusto-manetti-battiloro-s-p-a-\/","https:\/\/www.youtube.com\/user\/ManettiBattiloro"]}]}},"_links":{"self":[{"href":"https:\/\/www.manetti.com\/fr\/wp-json\/wp\/v2\/product\/41320","targetHints":{"allow":["GET"]}}],"collection":[{"href":"https:\/\/www.manetti.com\/fr\/wp-json\/wp\/v2\/product"}],"about":[{"href":"https:\/\/www.manetti.com\/fr\/wp-json\/wp\/v2\/types\/product"}],"wp:featuredmedia":[{"embeddable":true,"href":"https:\/\/www.manetti.com\/fr\/wp-json\/wp\/v2\/media\/81225"}],"wp:attachment":[{"href":"https:\/\/www.manetti.com\/fr\/wp-json\/wp\/v2\/media?parent=41320"}],"wp:term":[{"taxonomy":"product_brand","embeddable":true,"href":"https:\/\/www.manetti.com\/fr\/wp-json\/wp\/v2\/product_brand?post=41320"},{"taxonomy":"product_cat","embeddable":true,"href":"https:\/\/www.manetti.com\/fr\/wp-json\/wp\/v2\/product_cat?post=41320"},{"taxonomy":"product_tag","embeddable":true,"href":"https:\/\/www.manetti.com\/fr\/wp-json\/wp\/v2\/product_tag?post=41320"},{"taxonomy":"product_area","embeddable":true,"href":"https:\/\/www.manetti.com\/fr\/wp-json\/wp\/v2\/product_area?post=41320"},{"taxonomy":"catalog_category","embeddable":true,"href":"https:\/\/www.manetti.com\/fr\/wp-json\/wp\/v2\/catalog_category?post=41320"}],"curies":[{"name":"wp","href":"https:\/\/api.w.org\/{rel}","templated":true}]}}