{"id":55116,"date":"2020-02-03T10:35:53","date_gmt":"2020-02-03T09:35:53","guid":{"rendered":"https:\/\/www.manetti.com\/?post_type=product&#038;p=55116"},"modified":"2025-04-23T17:14:19","modified_gmt":"2025-04-23T15:14:19","slug":"shop-pinceaux-donatello","status":"publish","type":"product","link":"https:\/\/www.manetti.com\/fr\/shop\/pinceaux-donatello\/","title":{"rendered":"Pinceaux &#8220;Donatello&#8221;"},"content":{"rendered":"<p>Donatello est un pinceau \u00e0 pointe plate courte en poils extra naturels et \u00e0 manche long, recommand\u00e9 pour l&#8217;iconographie \u00e0 fresque.<\/p>\n","protected":false},"excerpt":{"rendered":"<p>Donatello est un pinceau \u00e0 pointe plate courte en poils extra naturels et \u00e0 manche long, recommand\u00e9 pour l&#8217;iconographie \u00e0 fresque. [&#8230;]<\/p>\n<p><a class=\"btn btn-secondary understrap-read-more-link\" href=\"https:\/\/www.manetti.com\/fr\/shop\/pinceaux-donatello\/\">Lire la suite&#8230;<\/a><\/p>\n","protected":false},"featured_media":66597,"template":"","meta":{"_acf_changed":false},"product_brand":[],"product_cat":[423,387],"product_tag":[],"product_area":[591,639],"catalog_category":[],"class_list":{"0":"post-55116","1":"product","2":"type-product","3":"status-publish","4":"has-post-thumbnail","6":"product_cat-pinceaux","7":"product_cat-outils","8":"product_area-outils","9":"product_area-outils-pinceaux-et-brosse","11":"first","12":"instock","13":"shipping-taxable","14":"purchasable","15":"product-type-variable"},"acf":[],"yoast_head":"<!-- This site is optimized with the Yoast SEO plugin v26.5 - https:\/\/yoast.com\/wordpress\/plugins\/seo\/ -->\n<title>Pinceaux &quot;Donatello&quot; | Giusto Manetti Battiloro<\/title>\n<meta name=\"description\" content=\"Donatello est un pinceau \u00e0 pointe plate courte en poils extra naturels et \u00e0 manche long, recommand\u00e9 pour l&#039;iconographie \u00e0 fresque.\" \/>\n<meta name=\"robots\" content=\"index, follow, max-snippet:-1, max-image-preview:large, max-video-preview:-1\" \/>\n<link rel=\"canonical\" href=\"https:\/\/www.manetti.com\/fr\/shop\/pinceaux-donatello\/\" \/>\n<meta property=\"og:locale\" content=\"fr_FR\" \/>\n<meta property=\"og:type\" content=\"article\" \/>\n<meta property=\"og:title\" content=\"Pinceaux &quot;Donatello&quot; | Giusto Manetti Battiloro\" \/>\n<meta property=\"og:description\" content=\"Donatello est un pinceau \u00e0 pointe plate courte en poils extra naturels et \u00e0 manche long, recommand\u00e9 pour l&#039;iconographie \u00e0 fresque.\" \/>\n<meta property=\"og:url\" content=\"https:\/\/www.manetti.com\/fr\/shop\/pinceaux-donatello\/\" \/>\n<meta property=\"og:site_name\" content=\"Giusto Manetti Battiloro\" \/>\n<meta property=\"article:publisher\" content=\"https:\/\/www.facebook.com\/giustomanettibattiloro\" \/>\n<meta property=\"article:modified_time\" content=\"2025-04-23T15:14:19+00:00\" \/>\n<meta property=\"og:image\" content=\"https:\/\/www.manetti.com\/wp-content\/uploads\/2024\/01\/Donatello_insieme.png\" \/>\n\t<meta property=\"og:image:width\" content=\"1385\" \/>\n\t<meta property=\"og:image:height\" content=\"1385\" \/>\n\t<meta property=\"og:image:type\" content=\"image\/png\" \/>\n<meta name=\"twitter:card\" content=\"summary_large_image\" \/>\n<script type=\"application\/ld+json\" class=\"yoast-schema-graph\">{\"@context\":\"https:\/\/schema.org\",\"@graph\":[{\"@type\":\"WebPage\",\"@id\":\"https:\/\/www.manetti.com\/fr\/shop\/pinceaux-donatello\/\",\"url\":\"https:\/\/www.manetti.com\/fr\/shop\/pinceaux-donatello\/\",\"name\":\"Pinceaux \\\"Donatello\\\" | Giusto Manetti Battiloro\",\"isPartOf\":{\"@id\":\"https:\/\/www.manetti.com\/fr\/#website\"},\"primaryImageOfPage\":{\"@id\":\"https:\/\/www.manetti.com\/fr\/shop\/pinceaux-donatello\/#primaryimage\"},\"image\":{\"@id\":\"https:\/\/www.manetti.com\/fr\/shop\/pinceaux-donatello\/#primaryimage\"},\"thumbnailUrl\":\"https:\/\/www.manetti.com\/wp-content\/uploads\/2024\/01\/Donatello_insieme.png\",\"datePublished\":\"2020-02-03T09:35:53+00:00\",\"dateModified\":\"2025-04-23T15:14:19+00:00\",\"description\":\"Donatello est un pinceau \u00e0 pointe plate courte en poils extra naturels et \u00e0 manche long, recommand\u00e9 pour l'iconographie \u00e0 fresque.\",\"inLanguage\":\"fr-FR\",\"potentialAction\":[{\"@type\":\"ReadAction\",\"target\":[\"https:\/\/www.manetti.com\/fr\/shop\/pinceaux-donatello\/\"]}]},{\"@type\":\"ImageObject\",\"inLanguage\":\"fr-FR\",\"@id\":\"https:\/\/www.manetti.com\/fr\/shop\/pinceaux-donatello\/#primaryimage\",\"url\":\"https:\/\/www.manetti.com\/wp-content\/uploads\/2024\/01\/Donatello_insieme.png\",\"contentUrl\":\"https:\/\/www.manetti.com\/wp-content\/uploads\/2024\/01\/Donatello_insieme.png\",\"width\":1385,\"height\":1385,\"caption\":\"Donatello insieme\"},{\"@type\":\"WebSite\",\"@id\":\"https:\/\/www.manetti.com\/fr\/#website\",\"url\":\"https:\/\/www.manetti.com\/fr\/\",\"name\":\"Giusto Manetti Battiloro\",\"description\":\"\",\"publisher\":{\"@id\":\"https:\/\/www.manetti.com\/fr\/#organization\"},\"potentialAction\":[{\"@type\":\"SearchAction\",\"target\":{\"@type\":\"EntryPoint\",\"urlTemplate\":\"https:\/\/www.manetti.com\/fr\/?s={search_term_string}\"},\"query-input\":{\"@type\":\"PropertyValueSpecification\",\"valueRequired\":true,\"valueName\":\"search_term_string\"}}],\"inLanguage\":\"fr-FR\"},{\"@type\":\"Organization\",\"@id\":\"https:\/\/www.manetti.com\/fr\/#organization\",\"name\":\"GIUSTO MANETTI BATTILORO S.P.A.\",\"url\":\"https:\/\/www.manetti.com\/fr\/\",\"logo\":{\"@type\":\"ImageObject\",\"inLanguage\":\"fr-FR\",\"@id\":\"https:\/\/www.manetti.com\/fr\/#\/schema\/logo\/image\/\",\"url\":\"https:\/\/www.manetti.com\/wp-content\/uploads\/2025\/02\/giusto-manetti-blu_300-02.png\",\"contentUrl\":\"https:\/\/www.manetti.com\/wp-content\/uploads\/2025\/02\/giusto-manetti-blu_300-02.png\",\"width\":1123,\"height\":1093,\"caption\":\"GIUSTO MANETTI BATTILORO S.P.A.\"},\"image\":{\"@id\":\"https:\/\/www.manetti.com\/fr\/#\/schema\/logo\/image\/\"},\"sameAs\":[\"https:\/\/www.facebook.com\/giustomanettibattiloro\",\"https:\/\/www.instagram.com\/giustomanettibattiloro\/\",\"https:\/\/www.linkedin.com\/company\/giusto-manetti-battiloro-s-p-a-\/\",\"https:\/\/www.youtube.com\/user\/ManettiBattiloro\"]}]}<\/script>\n<!-- \/ Yoast SEO plugin. -->","yoast_head_json":{"title":"Pinceaux \"Donatello\" | Giusto Manetti Battiloro","description":"Donatello est un pinceau \u00e0 pointe plate courte en poils extra naturels et \u00e0 manche long, recommand\u00e9 pour l'iconographie \u00e0 fresque.","robots":{"index":"index","follow":"follow","max-snippet":"max-snippet:-1","max-image-preview":"max-image-preview:large","max-video-preview":"max-video-preview:-1"},"canonical":"https:\/\/www.manetti.com\/fr\/shop\/pinceaux-donatello\/","og_locale":"fr_FR","og_type":"article","og_title":"Pinceaux \"Donatello\" | Giusto Manetti Battiloro","og_description":"Donatello est un pinceau \u00e0 pointe plate courte en poils extra naturels et \u00e0 manche long, recommand\u00e9 pour l'iconographie \u00e0 fresque.","og_url":"https:\/\/www.manetti.com\/fr\/shop\/pinceaux-donatello\/","og_site_name":"Giusto Manetti Battiloro","article_publisher":"https:\/\/www.facebook.com\/giustomanettibattiloro","article_modified_time":"2025-04-23T15:14:19+00:00","og_image":[{"width":1385,"height":1385,"url":"https:\/\/www.manetti.com\/wp-content\/uploads\/2024\/01\/Donatello_insieme.png","type":"image\/png"}],"twitter_card":"summary_large_image","schema":{"@context":"https:\/\/schema.org","@graph":[{"@type":"WebPage","@id":"https:\/\/www.manetti.com\/fr\/shop\/pinceaux-donatello\/","url":"https:\/\/www.manetti.com\/fr\/shop\/pinceaux-donatello\/","name":"Pinceaux \"Donatello\" | Giusto Manetti Battiloro","isPartOf":{"@id":"https:\/\/www.manetti.com\/fr\/#website"},"primaryImageOfPage":{"@id":"https:\/\/www.manetti.com\/fr\/shop\/pinceaux-donatello\/#primaryimage"},"image":{"@id":"https:\/\/www.manetti.com\/fr\/shop\/pinceaux-donatello\/#primaryimage"},"thumbnailUrl":"https:\/\/www.manetti.com\/wp-content\/uploads\/2024\/01\/Donatello_insieme.png","datePublished":"2020-02-03T09:35:53+00:00","dateModified":"2025-04-23T15:14:19+00:00","description":"Donatello est un pinceau \u00e0 pointe plate courte en poils extra naturels et \u00e0 manche long, recommand\u00e9 pour l'iconographie \u00e0 fresque.","inLanguage":"fr-FR","potentialAction":[{"@type":"ReadAction","target":["https:\/\/www.manetti.com\/fr\/shop\/pinceaux-donatello\/"]}]},{"@type":"ImageObject","inLanguage":"fr-FR","@id":"https:\/\/www.manetti.com\/fr\/shop\/pinceaux-donatello\/#primaryimage","url":"https:\/\/www.manetti.com\/wp-content\/uploads\/2024\/01\/Donatello_insieme.png","contentUrl":"https:\/\/www.manetti.com\/wp-content\/uploads\/2024\/01\/Donatello_insieme.png","width":1385,"height":1385,"caption":"Donatello insieme"},{"@type":"WebSite","@id":"https:\/\/www.manetti.com\/fr\/#website","url":"https:\/\/www.manetti.com\/fr\/","name":"Giusto Manetti Battiloro","description":"","publisher":{"@id":"https:\/\/www.manetti.com\/fr\/#organization"},"potentialAction":[{"@type":"SearchAction","target":{"@type":"EntryPoint","urlTemplate":"https:\/\/www.manetti.com\/fr\/?s={search_term_string}"},"query-input":{"@type":"PropertyValueSpecification","valueRequired":true,"valueName":"search_term_string"}}],"inLanguage":"fr-FR"},{"@type":"Organization","@id":"https:\/\/www.manetti.com\/fr\/#organization","name":"GIUSTO MANETTI BATTILORO S.P.A.","url":"https:\/\/www.manetti.com\/fr\/","logo":{"@type":"ImageObject","inLanguage":"fr-FR","@id":"https:\/\/www.manetti.com\/fr\/#\/schema\/logo\/image\/","url":"https:\/\/www.manetti.com\/wp-content\/uploads\/2025\/02\/giusto-manetti-blu_300-02.png","contentUrl":"https:\/\/www.manetti.com\/wp-content\/uploads\/2025\/02\/giusto-manetti-blu_300-02.png","width":1123,"height":1093,"caption":"GIUSTO MANETTI BATTILORO S.P.A."},"image":{"@id":"https:\/\/www.manetti.com\/fr\/#\/schema\/logo\/image\/"},"sameAs":["https:\/\/www.facebook.com\/giustomanettibattiloro","https:\/\/www.instagram.com\/giustomanettibattiloro\/","https:\/\/www.linkedin.com\/company\/giusto-manetti-battiloro-s-p-a-\/","https:\/\/www.youtube.com\/user\/ManettiBattiloro"]}]}},"_links":{"self":[{"href":"https:\/\/www.manetti.com\/fr\/wp-json\/wp\/v2\/product\/55116","targetHints":{"allow":["GET"]}}],"collection":[{"href":"https:\/\/www.manetti.com\/fr\/wp-json\/wp\/v2\/product"}],"about":[{"href":"https:\/\/www.manetti.com\/fr\/wp-json\/wp\/v2\/types\/product"}],"wp:featuredmedia":[{"embeddable":true,"href":"https:\/\/www.manetti.com\/fr\/wp-json\/wp\/v2\/media\/66597"}],"wp:attachment":[{"href":"https:\/\/www.manetti.com\/fr\/wp-json\/wp\/v2\/media?parent=55116"}],"wp:term":[{"taxonomy":"product_brand","embeddable":true,"href":"https:\/\/www.manetti.com\/fr\/wp-json\/wp\/v2\/product_brand?post=55116"},{"taxonomy":"product_cat","embeddable":true,"href":"https:\/\/www.manetti.com\/fr\/wp-json\/wp\/v2\/product_cat?post=55116"},{"taxonomy":"product_tag","embeddable":true,"href":"https:\/\/www.manetti.com\/fr\/wp-json\/wp\/v2\/product_tag?post=55116"},{"taxonomy":"product_area","embeddable":true,"href":"https:\/\/www.manetti.com\/fr\/wp-json\/wp\/v2\/product_area?post=55116"},{"taxonomy":"catalog_category","embeddable":true,"href":"https:\/\/www.manetti.com\/fr\/wp-json\/wp\/v2\/catalog_category?post=55116"}],"curies":[{"name":"wp","href":"https:\/\/api.w.org\/{rel}","templated":true}]}}