{"id":59525,"date":"2024-02-10T12:36:32","date_gmt":"2023-09-13T10:36:37","guid":{"rendered":"https:\/\/www.manetti.com\/?post_type=product&#038;p=59525"},"modified":"2025-05-13T11:17:09","modified_gmt":"2025-05-13T09:17:09","slug":"feuille-dor-ligne-beaux-arts","status":"publish","type":"product","link":"https:\/\/www.manetti.com\/fr\/produit\/feuille-dor-argent-ligne-beaux-arts\/","title":{"rendered":"Feuille d&#8217;or et d&#8217;argent Ligne beaux-arts"},"content":{"rendered":"<p>Il s&#8217;agit d&#8217;\u00e9tuis contenant un seul carnet de 5 ou 25 feuilles, disponibles en 11 nuances d&#8217;or v\u00e9ritable au format 80 x 80 mm et en argent pur au format 95 x 95 mm. Disponibles en feuilles libres ou en format transfert, ils sont propos\u00e9s dans un emballage personnalis\u00e9, facilitant ainsi le choix de la teinte d\u2019or. Cet emballage constitue une solution innovante sur le march\u00e9 de la feuille d\u2019or, rendant l\u2019achat de diff\u00e9rentes nuances d\u2019or et d&#8217;argent v\u00e9ritable accessible m\u00eame aux artistes, \u00e9tudiants, amateurs et artisans.<\/p>\n","protected":false},"excerpt":{"rendered":"<p>Chaque couleur est fournie dans son propre emballage personnalis\u00e9, favorisant ainsi la pr\u00e9sentation, l&#8217;affichage et la vente du produit. [&#8230;]<\/p>\n<p><a class=\"btn btn-secondary understrap-read-more-link\" href=\"https:\/\/www.manetti.com\/fr\/produit\/feuille-dor-argent-ligne-beaux-arts\/\">Lire la suite&#8230;<\/a><\/p>\n","protected":false},"featured_media":72002,"template":"","meta":{"_acf_changed":false},"product_brand":[],"product_cat":[466],"product_tag":[165],"product_area":[],"catalog_category":[],"class_list":{"0":"post-59525","1":"product","2":"type-product","3":"status-publish","4":"has-post-thumbnail","6":"product_cat-beaux-arts","7":"product_tag-prodotti-speciali-fr","9":"first","10":"instock","11":"shipping-taxable","12":"purchasable","13":"product-type-variable"},"acf":[],"yoast_head":"<!-- This site is optimized with the Yoast SEO plugin v26.5 - https:\/\/yoast.com\/wordpress\/plugins\/seo\/ -->\n<title>Feuille d&#039;or et d&#039;argent dans un seul livret | Giusto Manetti Battiloro<\/title>\n<meta name=\"description\" content=\"La feuille d&#039;or et d&#039;argent en un seul livret est une nouveaut\u00e9 absolue pour la vente au d\u00e9tail et la distribution dans le monde de la dorure.\" \/>\n<meta name=\"robots\" content=\"noindex, nofollow\" \/>\n<meta property=\"og:locale\" content=\"fr_FR\" \/>\n<meta property=\"og:type\" content=\"article\" \/>\n<meta property=\"og:title\" content=\"Feuille d&#039;or et d&#039;argent dans un seul livret | Giusto Manetti Battiloro\" \/>\n<meta property=\"og:description\" content=\"La feuille d&#039;or et d&#039;argent en un seul livret est une nouveaut\u00e9 absolue pour la vente au d\u00e9tail et la distribution dans le monde de la dorure.\" \/>\n<meta property=\"og:url\" content=\"https:\/\/www.manetti.com\/fr\/produit\/feuille-dor-argent-ligne-beaux-arts\/\" \/>\n<meta property=\"og:site_name\" content=\"Giusto Manetti Battiloro\" \/>\n<meta property=\"article:publisher\" content=\"https:\/\/www.facebook.com\/giustomanettibattiloro\" \/>\n<meta property=\"article:modified_time\" content=\"2025-05-13T09:17:09+00:00\" \/>\n<meta property=\"og:image\" content=\"https:\/\/www.manetti.com\/wp-content\/uploads\/2024\/02\/Foglia-oro-belle-arti.png\" \/>\n\t<meta property=\"og:image:width\" content=\"1000\" \/>\n\t<meta property=\"og:image:height\" content=\"1000\" \/>\n\t<meta property=\"og:image:type\" content=\"image\/png\" \/>\n<meta name=\"twitter:card\" content=\"summary_large_image\" \/>\n<script type=\"application\/ld+json\" class=\"yoast-schema-graph\">{\"@context\":\"https:\/\/schema.org\",\"@graph\":[{\"@type\":\"WebPage\",\"@id\":\"https:\/\/www.manetti.com\/fr\/produit\/feuille-dor-argent-ligne-beaux-arts\/\",\"url\":\"https:\/\/www.manetti.com\/fr\/produit\/feuille-dor-argent-ligne-beaux-arts\/\",\"name\":\"Feuille d'or et d'argent dans un seul livret | Giusto Manetti Battiloro\",\"isPartOf\":{\"@id\":\"https:\/\/www.manetti.com\/fr\/#website\"},\"primaryImageOfPage\":{\"@id\":\"https:\/\/www.manetti.com\/fr\/produit\/feuille-dor-argent-ligne-beaux-arts\/#primaryimage\"},\"image\":{\"@id\":\"https:\/\/www.manetti.com\/fr\/produit\/feuille-dor-argent-ligne-beaux-arts\/#primaryimage\"},\"thumbnailUrl\":\"https:\/\/www.manetti.com\/wp-content\/uploads\/2024\/02\/Foglia-oro-belle-arti.png\",\"datePublished\":\"2023-09-13T10:36:37+00:00\",\"dateModified\":\"2025-05-13T09:17:09+00:00\",\"description\":\"La feuille d'or et d'argent en un seul livret est une nouveaut\u00e9 absolue pour la vente au d\u00e9tail et la distribution dans le monde de la dorure.\",\"inLanguage\":\"fr-FR\",\"potentialAction\":[{\"@type\":\"ReadAction\",\"target\":[\"https:\/\/www.manetti.com\/fr\/produit\/feuille-dor-argent-ligne-beaux-arts\/\"]}]},{\"@type\":\"ImageObject\",\"inLanguage\":\"fr-FR\",\"@id\":\"https:\/\/www.manetti.com\/fr\/produit\/feuille-dor-argent-ligne-beaux-arts\/#primaryimage\",\"url\":\"https:\/\/www.manetti.com\/wp-content\/uploads\/2024\/02\/Foglia-oro-belle-arti.png\",\"contentUrl\":\"https:\/\/www.manetti.com\/wp-content\/uploads\/2024\/02\/Foglia-oro-belle-arti.png\",\"width\":1000,\"height\":1000,\"caption\":\"Foglia oro belle arti\"},{\"@type\":\"WebSite\",\"@id\":\"https:\/\/www.manetti.com\/fr\/#website\",\"url\":\"https:\/\/www.manetti.com\/fr\/\",\"name\":\"Giusto Manetti Battiloro\",\"description\":\"\",\"publisher\":{\"@id\":\"https:\/\/www.manetti.com\/fr\/#organization\"},\"potentialAction\":[{\"@type\":\"SearchAction\",\"target\":{\"@type\":\"EntryPoint\",\"urlTemplate\":\"https:\/\/www.manetti.com\/fr\/?s={search_term_string}\"},\"query-input\":{\"@type\":\"PropertyValueSpecification\",\"valueRequired\":true,\"valueName\":\"search_term_string\"}}],\"inLanguage\":\"fr-FR\"},{\"@type\":\"Organization\",\"@id\":\"https:\/\/www.manetti.com\/fr\/#organization\",\"name\":\"GIUSTO MANETTI BATTILORO S.P.A.\",\"url\":\"https:\/\/www.manetti.com\/fr\/\",\"logo\":{\"@type\":\"ImageObject\",\"inLanguage\":\"fr-FR\",\"@id\":\"https:\/\/www.manetti.com\/fr\/#\/schema\/logo\/image\/\",\"url\":\"https:\/\/www.manetti.com\/wp-content\/uploads\/2025\/02\/giusto-manetti-blu_300-02.png\",\"contentUrl\":\"https:\/\/www.manetti.com\/wp-content\/uploads\/2025\/02\/giusto-manetti-blu_300-02.png\",\"width\":1123,\"height\":1093,\"caption\":\"GIUSTO MANETTI BATTILORO S.P.A.\"},\"image\":{\"@id\":\"https:\/\/www.manetti.com\/fr\/#\/schema\/logo\/image\/\"},\"sameAs\":[\"https:\/\/www.facebook.com\/giustomanettibattiloro\",\"https:\/\/www.instagram.com\/giustomanettibattiloro\/\",\"https:\/\/www.linkedin.com\/company\/giusto-manetti-battiloro-s-p-a-\/\",\"https:\/\/www.youtube.com\/user\/ManettiBattiloro\"]}]}<\/script>\n<!-- \/ Yoast SEO plugin. -->","yoast_head_json":{"title":"Feuille d'or et d'argent dans un seul livret | Giusto Manetti Battiloro","description":"La feuille d'or et d'argent en un seul livret est une nouveaut\u00e9 absolue pour la vente au d\u00e9tail et la distribution dans le monde de la dorure.","robots":{"index":"noindex","follow":"nofollow"},"og_locale":"fr_FR","og_type":"article","og_title":"Feuille d'or et d'argent dans un seul livret | Giusto Manetti Battiloro","og_description":"La feuille d'or et d'argent en un seul livret est une nouveaut\u00e9 absolue pour la vente au d\u00e9tail et la distribution dans le monde de la dorure.","og_url":"https:\/\/www.manetti.com\/fr\/produit\/feuille-dor-argent-ligne-beaux-arts\/","og_site_name":"Giusto Manetti Battiloro","article_publisher":"https:\/\/www.facebook.com\/giustomanettibattiloro","article_modified_time":"2025-05-13T09:17:09+00:00","og_image":[{"width":1000,"height":1000,"url":"https:\/\/www.manetti.com\/wp-content\/uploads\/2024\/02\/Foglia-oro-belle-arti.png","type":"image\/png"}],"twitter_card":"summary_large_image","schema":{"@context":"https:\/\/schema.org","@graph":[{"@type":"WebPage","@id":"https:\/\/www.manetti.com\/fr\/produit\/feuille-dor-argent-ligne-beaux-arts\/","url":"https:\/\/www.manetti.com\/fr\/produit\/feuille-dor-argent-ligne-beaux-arts\/","name":"Feuille d'or et d'argent dans un seul livret | Giusto Manetti Battiloro","isPartOf":{"@id":"https:\/\/www.manetti.com\/fr\/#website"},"primaryImageOfPage":{"@id":"https:\/\/www.manetti.com\/fr\/produit\/feuille-dor-argent-ligne-beaux-arts\/#primaryimage"},"image":{"@id":"https:\/\/www.manetti.com\/fr\/produit\/feuille-dor-argent-ligne-beaux-arts\/#primaryimage"},"thumbnailUrl":"https:\/\/www.manetti.com\/wp-content\/uploads\/2024\/02\/Foglia-oro-belle-arti.png","datePublished":"2023-09-13T10:36:37+00:00","dateModified":"2025-05-13T09:17:09+00:00","description":"La feuille d'or et d'argent en un seul livret est une nouveaut\u00e9 absolue pour la vente au d\u00e9tail et la distribution dans le monde de la dorure.","inLanguage":"fr-FR","potentialAction":[{"@type":"ReadAction","target":["https:\/\/www.manetti.com\/fr\/produit\/feuille-dor-argent-ligne-beaux-arts\/"]}]},{"@type":"ImageObject","inLanguage":"fr-FR","@id":"https:\/\/www.manetti.com\/fr\/produit\/feuille-dor-argent-ligne-beaux-arts\/#primaryimage","url":"https:\/\/www.manetti.com\/wp-content\/uploads\/2024\/02\/Foglia-oro-belle-arti.png","contentUrl":"https:\/\/www.manetti.com\/wp-content\/uploads\/2024\/02\/Foglia-oro-belle-arti.png","width":1000,"height":1000,"caption":"Foglia oro belle arti"},{"@type":"WebSite","@id":"https:\/\/www.manetti.com\/fr\/#website","url":"https:\/\/www.manetti.com\/fr\/","name":"Giusto Manetti Battiloro","description":"","publisher":{"@id":"https:\/\/www.manetti.com\/fr\/#organization"},"potentialAction":[{"@type":"SearchAction","target":{"@type":"EntryPoint","urlTemplate":"https:\/\/www.manetti.com\/fr\/?s={search_term_string}"},"query-input":{"@type":"PropertyValueSpecification","valueRequired":true,"valueName":"search_term_string"}}],"inLanguage":"fr-FR"},{"@type":"Organization","@id":"https:\/\/www.manetti.com\/fr\/#organization","name":"GIUSTO MANETTI BATTILORO S.P.A.","url":"https:\/\/www.manetti.com\/fr\/","logo":{"@type":"ImageObject","inLanguage":"fr-FR","@id":"https:\/\/www.manetti.com\/fr\/#\/schema\/logo\/image\/","url":"https:\/\/www.manetti.com\/wp-content\/uploads\/2025\/02\/giusto-manetti-blu_300-02.png","contentUrl":"https:\/\/www.manetti.com\/wp-content\/uploads\/2025\/02\/giusto-manetti-blu_300-02.png","width":1123,"height":1093,"caption":"GIUSTO MANETTI BATTILORO S.P.A."},"image":{"@id":"https:\/\/www.manetti.com\/fr\/#\/schema\/logo\/image\/"},"sameAs":["https:\/\/www.facebook.com\/giustomanettibattiloro","https:\/\/www.instagram.com\/giustomanettibattiloro\/","https:\/\/www.linkedin.com\/company\/giusto-manetti-battiloro-s-p-a-\/","https:\/\/www.youtube.com\/user\/ManettiBattiloro"]}]}},"_links":{"self":[{"href":"https:\/\/www.manetti.com\/fr\/wp-json\/wp\/v2\/product\/59525","targetHints":{"allow":["GET"]}}],"collection":[{"href":"https:\/\/www.manetti.com\/fr\/wp-json\/wp\/v2\/product"}],"about":[{"href":"https:\/\/www.manetti.com\/fr\/wp-json\/wp\/v2\/types\/product"}],"wp:featuredmedia":[{"embeddable":true,"href":"https:\/\/www.manetti.com\/fr\/wp-json\/wp\/v2\/media\/72002"}],"wp:attachment":[{"href":"https:\/\/www.manetti.com\/fr\/wp-json\/wp\/v2\/media?parent=59525"}],"wp:term":[{"taxonomy":"product_brand","embeddable":true,"href":"https:\/\/www.manetti.com\/fr\/wp-json\/wp\/v2\/product_brand?post=59525"},{"taxonomy":"product_cat","embeddable":true,"href":"https:\/\/www.manetti.com\/fr\/wp-json\/wp\/v2\/product_cat?post=59525"},{"taxonomy":"product_tag","embeddable":true,"href":"https:\/\/www.manetti.com\/fr\/wp-json\/wp\/v2\/product_tag?post=59525"},{"taxonomy":"product_area","embeddable":true,"href":"https:\/\/www.manetti.com\/fr\/wp-json\/wp\/v2\/product_area?post=59525"},{"taxonomy":"catalog_category","embeddable":true,"href":"https:\/\/www.manetti.com\/fr\/wp-json\/wp\/v2\/catalog_category?post=59525"}],"curies":[{"name":"wp","href":"https:\/\/api.w.org\/{rel}","templated":true}]}}