{"id":59679,"date":"2023-09-13T15:36:15","date_gmt":"2023-09-13T13:36:19","guid":{"rendered":"https:\/\/www.manetti.com\/?post_type=product&#038;p=59679"},"modified":"2024-03-28T12:07:52","modified_gmt":"2024-03-28T11:07:52","slug":"feuille-dimitation-16-x-16-cm-en-etui","status":"publish","type":"product","link":"https:\/\/www.manetti.com\/fr\/produit\/feuille-dimitation-16-x-16-cm-en-etui\/","title":{"rendered":"Feuille d&#8217;imitation 16 x 16 cm ligne beaux-arts"},"content":{"rendered":"<p>Rames de 100 ou 500 feuilles d&#8217;imitation 16&#215;16 cm en format libre emball\u00e9es dans un \u00e9tui individuel. Le code-barres respectif et la couleur de la feuille contenue \u00e0 l&#8217;int\u00e9rieur sont repr\u00e9sent\u00e9s sur l&#8217;emballage ext\u00e9rieur. Tous les emballages sont soigneusement scell\u00e9s pour pr\u00e9server la feuille de l\u2019oxydation.<\/p>\n","protected":false},"excerpt":{"rendered":"<p>Les feuilles d&#8217;imitation d&#8217;or, d&#8217;aluminium et de cuivre sont emball\u00e9es dans des \u00e9tuis individuels et vendues par bo\u00eetes de 10 pi\u00e8ces. Les \u00e9tuis sont disponibles pour les rames de 100 et 500 feuilles au format 16 x 16 cm\u00a0 en \u00e9paisseur M (Medium). [&#8230;]<\/p>\n<p><a class=\"btn btn-secondary understrap-read-more-link\" href=\"https:\/\/www.manetti.com\/fr\/produit\/feuille-dimitation-16-x-16-cm-en-etui\/\">Lire la suite&#8230;<\/a><\/p>\n","protected":false},"featured_media":72987,"template":"","meta":{"_acf_changed":false},"product_brand":[],"product_cat":[466],"product_tag":[],"product_area":[],"catalog_category":[],"class_list":{"0":"post-59679","1":"product","2":"type-product","3":"status-publish","4":"has-post-thumbnail","6":"product_cat-beaux-arts","8":"first","9":"instock","10":"shipping-taxable","11":"purchasable","12":"product-type-variable"},"acf":[],"yoast_head":"<!-- This site is optimized with the Yoast SEO plugin v26.5 - https:\/\/yoast.com\/wordpress\/plugins\/seo\/ -->\n<title>Feuille d&#039;imitation en \u00e9tui | Giusto Manetti Battiloro<\/title>\n<meta name=\"description\" content=\"Feuille d&#039;imitation en \u00e9tui. Feuilles d&#039;imitation emball\u00e9es dans des \u00e9tuis individuels disponibles en taille de 16 x 16 cm\" \/>\n<meta name=\"robots\" content=\"noindex, nofollow\" \/>\n<meta property=\"og:locale\" content=\"fr_FR\" \/>\n<meta property=\"og:type\" content=\"article\" \/>\n<meta property=\"og:title\" content=\"Feuille d&#039;imitation en \u00e9tui | Giusto Manetti Battiloro\" \/>\n<meta property=\"og:description\" content=\"Feuille d&#039;imitation en \u00e9tui. Feuilles d&#039;imitation emball\u00e9es dans des \u00e9tuis individuels disponibles en taille de 16 x 16 cm\" \/>\n<meta property=\"og:url\" content=\"https:\/\/www.manetti.com\/fr\/produit\/feuille-dimitation-16-x-16-cm-en-etui\/\" \/>\n<meta property=\"og:site_name\" content=\"Giusto Manetti Battiloro\" \/>\n<meta property=\"article:publisher\" content=\"https:\/\/www.facebook.com\/giustomanettibattiloro\" \/>\n<meta property=\"article:modified_time\" content=\"2024-03-28T11:07:52+00:00\" \/>\n<meta property=\"og:image\" content=\"https:\/\/www.manetti.com\/wp-content\/uploads\/2024\/01\/16x16-Risme-color-25_web_-giusto-manetti-battiloro.png\" \/>\n\t<meta property=\"og:image:width\" content=\"900\" \/>\n\t<meta property=\"og:image:height\" content=\"900\" \/>\n\t<meta property=\"og:image:type\" content=\"image\/png\" \/>\n<meta name=\"twitter:card\" content=\"summary_large_image\" \/>\n<meta name=\"twitter:label1\" content=\"Dur\u00e9e de lecture estim\u00e9e\" \/>\n\t<meta name=\"twitter:data1\" content=\"1 minute\" \/>\n<script type=\"application\/ld+json\" class=\"yoast-schema-graph\">{\"@context\":\"https:\/\/schema.org\",\"@graph\":[{\"@type\":\"WebPage\",\"@id\":\"https:\/\/www.manetti.com\/fr\/produit\/feuille-dimitation-16-x-16-cm-en-etui\/\",\"url\":\"https:\/\/www.manetti.com\/fr\/produit\/feuille-dimitation-16-x-16-cm-en-etui\/\",\"name\":\"Feuille d'imitation en \u00e9tui | Giusto Manetti Battiloro\",\"isPartOf\":{\"@id\":\"https:\/\/www.manetti.com\/fr\/#website\"},\"primaryImageOfPage\":{\"@id\":\"https:\/\/www.manetti.com\/fr\/produit\/feuille-dimitation-16-x-16-cm-en-etui\/#primaryimage\"},\"image\":{\"@id\":\"https:\/\/www.manetti.com\/fr\/produit\/feuille-dimitation-16-x-16-cm-en-etui\/#primaryimage\"},\"thumbnailUrl\":\"https:\/\/www.manetti.com\/wp-content\/uploads\/2024\/01\/16x16-Risme-color-25_web_-giusto-manetti-battiloro.png\",\"datePublished\":\"2023-09-13T13:36:19+00:00\",\"dateModified\":\"2024-03-28T11:07:52+00:00\",\"description\":\"Feuille d'imitation en \u00e9tui. Feuilles d'imitation emball\u00e9es dans des \u00e9tuis individuels disponibles en taille de 16 x 16 cm\",\"inLanguage\":\"fr-FR\",\"potentialAction\":[{\"@type\":\"ReadAction\",\"target\":[\"https:\/\/www.manetti.com\/fr\/produit\/feuille-dimitation-16-x-16-cm-en-etui\/\"]}]},{\"@type\":\"ImageObject\",\"inLanguage\":\"fr-FR\",\"@id\":\"https:\/\/www.manetti.com\/fr\/produit\/feuille-dimitation-16-x-16-cm-en-etui\/#primaryimage\",\"url\":\"https:\/\/www.manetti.com\/wp-content\/uploads\/2024\/01\/16x16-Risme-color-25_web_-giusto-manetti-battiloro.png\",\"contentUrl\":\"https:\/\/www.manetti.com\/wp-content\/uploads\/2024\/01\/16x16-Risme-color-25_web_-giusto-manetti-battiloro.png\",\"width\":900,\"height\":900},{\"@type\":\"WebSite\",\"@id\":\"https:\/\/www.manetti.com\/fr\/#website\",\"url\":\"https:\/\/www.manetti.com\/fr\/\",\"name\":\"Giusto Manetti Battiloro\",\"description\":\"\",\"publisher\":{\"@id\":\"https:\/\/www.manetti.com\/fr\/#organization\"},\"potentialAction\":[{\"@type\":\"SearchAction\",\"target\":{\"@type\":\"EntryPoint\",\"urlTemplate\":\"https:\/\/www.manetti.com\/fr\/?s={search_term_string}\"},\"query-input\":{\"@type\":\"PropertyValueSpecification\",\"valueRequired\":true,\"valueName\":\"search_term_string\"}}],\"inLanguage\":\"fr-FR\"},{\"@type\":\"Organization\",\"@id\":\"https:\/\/www.manetti.com\/fr\/#organization\",\"name\":\"GIUSTO MANETTI BATTILORO S.P.A.\",\"url\":\"https:\/\/www.manetti.com\/fr\/\",\"logo\":{\"@type\":\"ImageObject\",\"inLanguage\":\"fr-FR\",\"@id\":\"https:\/\/www.manetti.com\/fr\/#\/schema\/logo\/image\/\",\"url\":\"https:\/\/www.manetti.com\/wp-content\/uploads\/2025\/02\/giusto-manetti-blu_300-02.png\",\"contentUrl\":\"https:\/\/www.manetti.com\/wp-content\/uploads\/2025\/02\/giusto-manetti-blu_300-02.png\",\"width\":1123,\"height\":1093,\"caption\":\"GIUSTO MANETTI BATTILORO S.P.A.\"},\"image\":{\"@id\":\"https:\/\/www.manetti.com\/fr\/#\/schema\/logo\/image\/\"},\"sameAs\":[\"https:\/\/www.facebook.com\/giustomanettibattiloro\",\"https:\/\/www.instagram.com\/giustomanettibattiloro\/\",\"https:\/\/www.linkedin.com\/company\/giusto-manetti-battiloro-s-p-a-\/\",\"https:\/\/www.youtube.com\/user\/ManettiBattiloro\"]}]}<\/script>\n<!-- \/ Yoast SEO plugin. -->","yoast_head_json":{"title":"Feuille d'imitation en \u00e9tui | Giusto Manetti Battiloro","description":"Feuille d'imitation en \u00e9tui. Feuilles d'imitation emball\u00e9es dans des \u00e9tuis individuels disponibles en taille de 16 x 16 cm","robots":{"index":"noindex","follow":"nofollow"},"og_locale":"fr_FR","og_type":"article","og_title":"Feuille d'imitation en \u00e9tui | Giusto Manetti Battiloro","og_description":"Feuille d'imitation en \u00e9tui. Feuilles d'imitation emball\u00e9es dans des \u00e9tuis individuels disponibles en taille de 16 x 16 cm","og_url":"https:\/\/www.manetti.com\/fr\/produit\/feuille-dimitation-16-x-16-cm-en-etui\/","og_site_name":"Giusto Manetti Battiloro","article_publisher":"https:\/\/www.facebook.com\/giustomanettibattiloro","article_modified_time":"2024-03-28T11:07:52+00:00","og_image":[{"width":900,"height":900,"url":"https:\/\/www.manetti.com\/wp-content\/uploads\/2024\/01\/16x16-Risme-color-25_web_-giusto-manetti-battiloro.png","type":"image\/png"}],"twitter_card":"summary_large_image","twitter_misc":{"Dur\u00e9e de lecture estim\u00e9e":"1 minute"},"schema":{"@context":"https:\/\/schema.org","@graph":[{"@type":"WebPage","@id":"https:\/\/www.manetti.com\/fr\/produit\/feuille-dimitation-16-x-16-cm-en-etui\/","url":"https:\/\/www.manetti.com\/fr\/produit\/feuille-dimitation-16-x-16-cm-en-etui\/","name":"Feuille d'imitation en \u00e9tui | Giusto Manetti Battiloro","isPartOf":{"@id":"https:\/\/www.manetti.com\/fr\/#website"},"primaryImageOfPage":{"@id":"https:\/\/www.manetti.com\/fr\/produit\/feuille-dimitation-16-x-16-cm-en-etui\/#primaryimage"},"image":{"@id":"https:\/\/www.manetti.com\/fr\/produit\/feuille-dimitation-16-x-16-cm-en-etui\/#primaryimage"},"thumbnailUrl":"https:\/\/www.manetti.com\/wp-content\/uploads\/2024\/01\/16x16-Risme-color-25_web_-giusto-manetti-battiloro.png","datePublished":"2023-09-13T13:36:19+00:00","dateModified":"2024-03-28T11:07:52+00:00","description":"Feuille d'imitation en \u00e9tui. Feuilles d'imitation emball\u00e9es dans des \u00e9tuis individuels disponibles en taille de 16 x 16 cm","inLanguage":"fr-FR","potentialAction":[{"@type":"ReadAction","target":["https:\/\/www.manetti.com\/fr\/produit\/feuille-dimitation-16-x-16-cm-en-etui\/"]}]},{"@type":"ImageObject","inLanguage":"fr-FR","@id":"https:\/\/www.manetti.com\/fr\/produit\/feuille-dimitation-16-x-16-cm-en-etui\/#primaryimage","url":"https:\/\/www.manetti.com\/wp-content\/uploads\/2024\/01\/16x16-Risme-color-25_web_-giusto-manetti-battiloro.png","contentUrl":"https:\/\/www.manetti.com\/wp-content\/uploads\/2024\/01\/16x16-Risme-color-25_web_-giusto-manetti-battiloro.png","width":900,"height":900},{"@type":"WebSite","@id":"https:\/\/www.manetti.com\/fr\/#website","url":"https:\/\/www.manetti.com\/fr\/","name":"Giusto Manetti Battiloro","description":"","publisher":{"@id":"https:\/\/www.manetti.com\/fr\/#organization"},"potentialAction":[{"@type":"SearchAction","target":{"@type":"EntryPoint","urlTemplate":"https:\/\/www.manetti.com\/fr\/?s={search_term_string}"},"query-input":{"@type":"PropertyValueSpecification","valueRequired":true,"valueName":"search_term_string"}}],"inLanguage":"fr-FR"},{"@type":"Organization","@id":"https:\/\/www.manetti.com\/fr\/#organization","name":"GIUSTO MANETTI BATTILORO S.P.A.","url":"https:\/\/www.manetti.com\/fr\/","logo":{"@type":"ImageObject","inLanguage":"fr-FR","@id":"https:\/\/www.manetti.com\/fr\/#\/schema\/logo\/image\/","url":"https:\/\/www.manetti.com\/wp-content\/uploads\/2025\/02\/giusto-manetti-blu_300-02.png","contentUrl":"https:\/\/www.manetti.com\/wp-content\/uploads\/2025\/02\/giusto-manetti-blu_300-02.png","width":1123,"height":1093,"caption":"GIUSTO MANETTI BATTILORO S.P.A."},"image":{"@id":"https:\/\/www.manetti.com\/fr\/#\/schema\/logo\/image\/"},"sameAs":["https:\/\/www.facebook.com\/giustomanettibattiloro","https:\/\/www.instagram.com\/giustomanettibattiloro\/","https:\/\/www.linkedin.com\/company\/giusto-manetti-battiloro-s-p-a-\/","https:\/\/www.youtube.com\/user\/ManettiBattiloro"]}]}},"_links":{"self":[{"href":"https:\/\/www.manetti.com\/fr\/wp-json\/wp\/v2\/product\/59679","targetHints":{"allow":["GET"]}}],"collection":[{"href":"https:\/\/www.manetti.com\/fr\/wp-json\/wp\/v2\/product"}],"about":[{"href":"https:\/\/www.manetti.com\/fr\/wp-json\/wp\/v2\/types\/product"}],"wp:featuredmedia":[{"embeddable":true,"href":"https:\/\/www.manetti.com\/fr\/wp-json\/wp\/v2\/media\/72987"}],"wp:attachment":[{"href":"https:\/\/www.manetti.com\/fr\/wp-json\/wp\/v2\/media?parent=59679"}],"wp:term":[{"taxonomy":"product_brand","embeddable":true,"href":"https:\/\/www.manetti.com\/fr\/wp-json\/wp\/v2\/product_brand?post=59679"},{"taxonomy":"product_cat","embeddable":true,"href":"https:\/\/www.manetti.com\/fr\/wp-json\/wp\/v2\/product_cat?post=59679"},{"taxonomy":"product_tag","embeddable":true,"href":"https:\/\/www.manetti.com\/fr\/wp-json\/wp\/v2\/product_tag?post=59679"},{"taxonomy":"product_area","embeddable":true,"href":"https:\/\/www.manetti.com\/fr\/wp-json\/wp\/v2\/product_area?post=59679"},{"taxonomy":"catalog_category","embeddable":true,"href":"https:\/\/www.manetti.com\/fr\/wp-json\/wp\/v2\/catalog_category?post=59679"}],"curies":[{"name":"wp","href":"https:\/\/api.w.org\/{rel}","templated":true}]}}