{"id":59720,"date":"2023-09-13T15:41:14","date_gmt":"2023-09-13T13:41:14","guid":{"rendered":"https:\/\/www.manetti.com\/?post_type=product&#038;p=59720"},"modified":"2025-08-26T14:53:06","modified_gmt":"2025-08-26T12:53:06","slug":"feuille-dimitation-14-x-14-cm","status":"publish","type":"product","link":"https:\/\/www.manetti.com\/fr\/produit\/feuille-dimitation-14-x-14-cm\/","title":{"rendered":"Feuille d&#8217;imitation 14 x 14 cm"},"content":{"rendered":"<p>La feuille de dimension 14 x 14 cm est emball\u00e9e en livrets de 25 feuilles et est disponible en format libre ou d\u00e9calcomanie.<\/p>\n<p>Les livrets de 25 feuilles peuvent \u00eatre fournis dans des coffrets de 10 \u00e9tuis individuels ou dans des bo\u00eetes de 20 livres. Tous les emballages sont soigneusement scell\u00e9s pour pr\u00e9server la feuille de l&#8217;oxydation.<\/p>\n<p>La feuille imitation libre peut \u00eatre utilis\u00e9e pour la dorure de surfaces planes ou sculpt\u00e9es.<\/p>\n<p>La feuille d\u00e9calcomanie, contrairement \u00e0 la feuille libre, est pos\u00e9e sur un support de papier de soie afin de pouvoir \u00eatre plus facilement manipul\u00e9e et est g\u00e9n\u00e9ralement utilis\u00e9e pour la d\u00e9coration de surfaces planes.<\/p>\n<p>Outre les deux coloris or, aluminium et cuivre, la feuille 14 x 14 cm est \u00e9galement disponible dans diff\u00e9rents effets nuanc\u00e9s sur base or ou cuivre.<\/p>\n","protected":false},"excerpt":{"rendered":"<p>Les livrets d&#8217;imitation de 14 x 14 cm avec 25 feuilles sont disponibles en format libre ou en d\u00e9calque. Ils peuvent \u00eatre fournis en coffrets de 10 \u00e9tuis individuels ou en bo\u00eetes de 20 livres. Tous les emballages sont soigneusement scell\u00e9s pour pr\u00e9server la feuille de l&#8217;oxydation.<br \/>\nOutre les deux coloris or, aluminium et cuivre, la feuille 14 x 14 cm est \u00e9galement disponible dans diff\u00e9rents effets nuanc\u00e9s sur base or ou cuivre. [&#8230;]<\/p>\n<p><a class=\"btn btn-secondary understrap-read-more-link\" href=\"https:\/\/www.manetti.com\/fr\/produit\/feuille-dimitation-14-x-14-cm\/\">Lire la suite&#8230;<\/a><\/p>\n","protected":false},"featured_media":81210,"template":"","meta":{"_acf_changed":false},"product_brand":[],"product_cat":[176],"product_tag":[],"product_area":[],"catalog_category":[801,821],"class_list":{"0":"post-59720","1":"product","2":"type-product","3":"status-publish","4":"has-post-thumbnail","6":"product_cat-feuille-imitation","7":"catalog_category-dorure-avec-feuille-dor-imitation","8":"catalog_category-dorure-avec-feuille-dor-imitation-feuille-imitation","10":"first","11":"instock","12":"shipping-taxable","13":"purchasable","14":"product-type-variable"},"acf":[],"yoast_head":"<!-- This site is optimized with the Yoast SEO plugin v26.5 - https:\/\/yoast.com\/wordpress\/plugins\/seo\/ -->\n<title>Feuille d&#039;imitation | Giusto Manetti Battiloro<\/title>\n<meta name=\"description\" content=\"La feuille de dimension 14 x 14 cm est emball\u00e9e en livrets de 25 feuilles et est disponible en format libre ou d\u00e9calcomanie.\" \/>\n<meta name=\"robots\" content=\"noindex, nofollow\" \/>\n<meta property=\"og:locale\" content=\"fr_FR\" \/>\n<meta property=\"og:type\" content=\"article\" \/>\n<meta property=\"og:title\" content=\"Feuille d&#039;imitation | Giusto Manetti Battiloro\" \/>\n<meta property=\"og:description\" content=\"La feuille de dimension 14 x 14 cm est emball\u00e9e en livrets de 25 feuilles et est disponible en format libre ou d\u00e9calcomanie.\" \/>\n<meta property=\"og:url\" content=\"https:\/\/www.manetti.com\/fr\/produit\/feuille-dimitation-14-x-14-cm\/\" \/>\n<meta property=\"og:site_name\" content=\"Giusto Manetti Battiloro\" \/>\n<meta property=\"article:publisher\" content=\"https:\/\/www.facebook.com\/giustomanettibattiloro\" \/>\n<meta property=\"article:modified_time\" content=\"2025-08-26T12:53:06+00:00\" \/>\n<meta property=\"og:image\" content=\"https:\/\/www.manetti.com\/wp-content\/uploads\/2024\/01\/2_libera-blister-libretto-2025_web.png\" \/>\n\t<meta property=\"og:image:width\" content=\"1200\" \/>\n\t<meta property=\"og:image:height\" content=\"1200\" \/>\n\t<meta property=\"og:image:type\" content=\"image\/png\" \/>\n<meta name=\"twitter:card\" content=\"summary_large_image\" \/>\n<meta name=\"twitter:label1\" content=\"Dur\u00e9e de lecture estim\u00e9e\" \/>\n\t<meta name=\"twitter:data1\" content=\"1 minute\" \/>\n<script type=\"application\/ld+json\" class=\"yoast-schema-graph\">{\"@context\":\"https:\/\/schema.org\",\"@graph\":[{\"@type\":\"WebPage\",\"@id\":\"https:\/\/www.manetti.com\/fr\/produit\/feuille-dimitation-14-x-14-cm\/\",\"url\":\"https:\/\/www.manetti.com\/fr\/produit\/feuille-dimitation-14-x-14-cm\/\",\"name\":\"Feuille d'imitation | Giusto Manetti Battiloro\",\"isPartOf\":{\"@id\":\"https:\/\/www.manetti.com\/fr\/#website\"},\"primaryImageOfPage\":{\"@id\":\"https:\/\/www.manetti.com\/fr\/produit\/feuille-dimitation-14-x-14-cm\/#primaryimage\"},\"image\":{\"@id\":\"https:\/\/www.manetti.com\/fr\/produit\/feuille-dimitation-14-x-14-cm\/#primaryimage\"},\"thumbnailUrl\":\"https:\/\/www.manetti.com\/wp-content\/uploads\/2024\/01\/2_libera-blister-libretto-2025_web.png\",\"datePublished\":\"2023-09-13T13:41:14+00:00\",\"dateModified\":\"2025-08-26T12:53:06+00:00\",\"description\":\"La feuille de dimension 14 x 14 cm est emball\u00e9e en livrets de 25 feuilles et est disponible en format libre ou d\u00e9calcomanie.\",\"inLanguage\":\"fr-FR\",\"potentialAction\":[{\"@type\":\"ReadAction\",\"target\":[\"https:\/\/www.manetti.com\/fr\/produit\/feuille-dimitation-14-x-14-cm\/\"]}]},{\"@type\":\"ImageObject\",\"inLanguage\":\"fr-FR\",\"@id\":\"https:\/\/www.manetti.com\/fr\/produit\/feuille-dimitation-14-x-14-cm\/#primaryimage\",\"url\":\"https:\/\/www.manetti.com\/wp-content\/uploads\/2024\/01\/2_libera-blister-libretto-2025_web.png\",\"contentUrl\":\"https:\/\/www.manetti.com\/wp-content\/uploads\/2024\/01\/2_libera-blister-libretto-2025_web.png\",\"width\":1200,\"height\":1200},{\"@type\":\"WebSite\",\"@id\":\"https:\/\/www.manetti.com\/fr\/#website\",\"url\":\"https:\/\/www.manetti.com\/fr\/\",\"name\":\"Giusto Manetti Battiloro\",\"description\":\"\",\"publisher\":{\"@id\":\"https:\/\/www.manetti.com\/fr\/#organization\"},\"potentialAction\":[{\"@type\":\"SearchAction\",\"target\":{\"@type\":\"EntryPoint\",\"urlTemplate\":\"https:\/\/www.manetti.com\/fr\/?s={search_term_string}\"},\"query-input\":{\"@type\":\"PropertyValueSpecification\",\"valueRequired\":true,\"valueName\":\"search_term_string\"}}],\"inLanguage\":\"fr-FR\"},{\"@type\":\"Organization\",\"@id\":\"https:\/\/www.manetti.com\/fr\/#organization\",\"name\":\"GIUSTO MANETTI BATTILORO S.P.A.\",\"url\":\"https:\/\/www.manetti.com\/fr\/\",\"logo\":{\"@type\":\"ImageObject\",\"inLanguage\":\"fr-FR\",\"@id\":\"https:\/\/www.manetti.com\/fr\/#\/schema\/logo\/image\/\",\"url\":\"https:\/\/www.manetti.com\/wp-content\/uploads\/2025\/02\/giusto-manetti-blu_300-02.png\",\"contentUrl\":\"https:\/\/www.manetti.com\/wp-content\/uploads\/2025\/02\/giusto-manetti-blu_300-02.png\",\"width\":1123,\"height\":1093,\"caption\":\"GIUSTO MANETTI BATTILORO S.P.A.\"},\"image\":{\"@id\":\"https:\/\/www.manetti.com\/fr\/#\/schema\/logo\/image\/\"},\"sameAs\":[\"https:\/\/www.facebook.com\/giustomanettibattiloro\",\"https:\/\/www.instagram.com\/giustomanettibattiloro\/\",\"https:\/\/www.linkedin.com\/company\/giusto-manetti-battiloro-s-p-a-\/\",\"https:\/\/www.youtube.com\/user\/ManettiBattiloro\"]}]}<\/script>\n<!-- \/ Yoast SEO plugin. -->","yoast_head_json":{"title":"Feuille d'imitation | Giusto Manetti Battiloro","description":"La feuille de dimension 14 x 14 cm est emball\u00e9e en livrets de 25 feuilles et est disponible en format libre ou d\u00e9calcomanie.","robots":{"index":"noindex","follow":"nofollow"},"og_locale":"fr_FR","og_type":"article","og_title":"Feuille d'imitation | Giusto Manetti Battiloro","og_description":"La feuille de dimension 14 x 14 cm est emball\u00e9e en livrets de 25 feuilles et est disponible en format libre ou d\u00e9calcomanie.","og_url":"https:\/\/www.manetti.com\/fr\/produit\/feuille-dimitation-14-x-14-cm\/","og_site_name":"Giusto Manetti Battiloro","article_publisher":"https:\/\/www.facebook.com\/giustomanettibattiloro","article_modified_time":"2025-08-26T12:53:06+00:00","og_image":[{"width":1200,"height":1200,"url":"https:\/\/www.manetti.com\/wp-content\/uploads\/2024\/01\/2_libera-blister-libretto-2025_web.png","type":"image\/png"}],"twitter_card":"summary_large_image","twitter_misc":{"Dur\u00e9e de lecture estim\u00e9e":"1 minute"},"schema":{"@context":"https:\/\/schema.org","@graph":[{"@type":"WebPage","@id":"https:\/\/www.manetti.com\/fr\/produit\/feuille-dimitation-14-x-14-cm\/","url":"https:\/\/www.manetti.com\/fr\/produit\/feuille-dimitation-14-x-14-cm\/","name":"Feuille d'imitation | Giusto Manetti Battiloro","isPartOf":{"@id":"https:\/\/www.manetti.com\/fr\/#website"},"primaryImageOfPage":{"@id":"https:\/\/www.manetti.com\/fr\/produit\/feuille-dimitation-14-x-14-cm\/#primaryimage"},"image":{"@id":"https:\/\/www.manetti.com\/fr\/produit\/feuille-dimitation-14-x-14-cm\/#primaryimage"},"thumbnailUrl":"https:\/\/www.manetti.com\/wp-content\/uploads\/2024\/01\/2_libera-blister-libretto-2025_web.png","datePublished":"2023-09-13T13:41:14+00:00","dateModified":"2025-08-26T12:53:06+00:00","description":"La feuille de dimension 14 x 14 cm est emball\u00e9e en livrets de 25 feuilles et est disponible en format libre ou d\u00e9calcomanie.","inLanguage":"fr-FR","potentialAction":[{"@type":"ReadAction","target":["https:\/\/www.manetti.com\/fr\/produit\/feuille-dimitation-14-x-14-cm\/"]}]},{"@type":"ImageObject","inLanguage":"fr-FR","@id":"https:\/\/www.manetti.com\/fr\/produit\/feuille-dimitation-14-x-14-cm\/#primaryimage","url":"https:\/\/www.manetti.com\/wp-content\/uploads\/2024\/01\/2_libera-blister-libretto-2025_web.png","contentUrl":"https:\/\/www.manetti.com\/wp-content\/uploads\/2024\/01\/2_libera-blister-libretto-2025_web.png","width":1200,"height":1200},{"@type":"WebSite","@id":"https:\/\/www.manetti.com\/fr\/#website","url":"https:\/\/www.manetti.com\/fr\/","name":"Giusto Manetti Battiloro","description":"","publisher":{"@id":"https:\/\/www.manetti.com\/fr\/#organization"},"potentialAction":[{"@type":"SearchAction","target":{"@type":"EntryPoint","urlTemplate":"https:\/\/www.manetti.com\/fr\/?s={search_term_string}"},"query-input":{"@type":"PropertyValueSpecification","valueRequired":true,"valueName":"search_term_string"}}],"inLanguage":"fr-FR"},{"@type":"Organization","@id":"https:\/\/www.manetti.com\/fr\/#organization","name":"GIUSTO MANETTI BATTILORO S.P.A.","url":"https:\/\/www.manetti.com\/fr\/","logo":{"@type":"ImageObject","inLanguage":"fr-FR","@id":"https:\/\/www.manetti.com\/fr\/#\/schema\/logo\/image\/","url":"https:\/\/www.manetti.com\/wp-content\/uploads\/2025\/02\/giusto-manetti-blu_300-02.png","contentUrl":"https:\/\/www.manetti.com\/wp-content\/uploads\/2025\/02\/giusto-manetti-blu_300-02.png","width":1123,"height":1093,"caption":"GIUSTO MANETTI BATTILORO S.P.A."},"image":{"@id":"https:\/\/www.manetti.com\/fr\/#\/schema\/logo\/image\/"},"sameAs":["https:\/\/www.facebook.com\/giustomanettibattiloro","https:\/\/www.instagram.com\/giustomanettibattiloro\/","https:\/\/www.linkedin.com\/company\/giusto-manetti-battiloro-s-p-a-\/","https:\/\/www.youtube.com\/user\/ManettiBattiloro"]}]}},"_links":{"self":[{"href":"https:\/\/www.manetti.com\/fr\/wp-json\/wp\/v2\/product\/59720","targetHints":{"allow":["GET"]}}],"collection":[{"href":"https:\/\/www.manetti.com\/fr\/wp-json\/wp\/v2\/product"}],"about":[{"href":"https:\/\/www.manetti.com\/fr\/wp-json\/wp\/v2\/types\/product"}],"wp:featuredmedia":[{"embeddable":true,"href":"https:\/\/www.manetti.com\/fr\/wp-json\/wp\/v2\/media\/81210"}],"wp:attachment":[{"href":"https:\/\/www.manetti.com\/fr\/wp-json\/wp\/v2\/media?parent=59720"}],"wp:term":[{"taxonomy":"product_brand","embeddable":true,"href":"https:\/\/www.manetti.com\/fr\/wp-json\/wp\/v2\/product_brand?post=59720"},{"taxonomy":"product_cat","embeddable":true,"href":"https:\/\/www.manetti.com\/fr\/wp-json\/wp\/v2\/product_cat?post=59720"},{"taxonomy":"product_tag","embeddable":true,"href":"https:\/\/www.manetti.com\/fr\/wp-json\/wp\/v2\/product_tag?post=59720"},{"taxonomy":"product_area","embeddable":true,"href":"https:\/\/www.manetti.com\/fr\/wp-json\/wp\/v2\/product_area?post=59720"},{"taxonomy":"catalog_category","embeddable":true,"href":"https:\/\/www.manetti.com\/fr\/wp-json\/wp\/v2\/catalog_category?post=59720"}],"curies":[{"name":"wp","href":"https:\/\/api.w.org\/{rel}","templated":true}]}}