{"id":60475,"date":"2023-12-24T16:36:14","date_gmt":"2023-12-24T15:36:14","guid":{"rendered":"https:\/\/www.manetti.com\/?post_type=product&#038;p=60475"},"modified":"2026-04-22T09:20:29","modified_gmt":"2026-04-22T07:20:29","slug":"protection-acrylique-pour-exterieurs","status":"publish","type":"product","link":"https:\/\/www.manetti.com\/fr\/produit\/protection-acrylique-pour-exterieurs\/","title":{"rendered":"Protection acrylique pour exterieurs"},"content":{"rendered":"<p>Protecteur acrylique pour la protection des dorures \u00e0 la feuille destin\u00e9es aux environnements ext\u00e9rieurs Le produit est formul\u00e9 pour avoir une haute r\u00e9sistance au jaunissement et donne \u00e0 la surface dor\u00e9e une finition brillante.<\/p>\n","protected":false},"excerpt":{"rendered":"<p>Protecteur acrylique pour la protection des dorures \u00e0 la feuille destin\u00e9es aux environnements ext\u00e9rieurs Le produit est formul\u00e9 pour avoir une haute r\u00e9sistance au jaunissement et donne \u00e0 la surface dor\u00e9e une finition brillante. [&#8230;]<\/p>\n<p><a class=\"btn btn-secondary understrap-read-more-link\" href=\"https:\/\/www.manetti.com\/fr\/produit\/protection-acrylique-pour-exterieurs\/\">Lire la suite&#8230;<\/a><\/p>\n","protected":false},"featured_media":77820,"template":"","meta":{"_acf_changed":false},"product_brand":[],"product_cat":[386],"product_tag":[192],"product_area":[],"catalog_category":[797,889],"class_list":{"0":"post-60475","1":"product","2":"type-product","3":"status-publish","4":"has-post-thumbnail","6":"product_cat-protection","7":"product_tag-altri-prodotti-fr","8":"catalog_category-dorure-exterieure","9":"catalog_category-dorure-exterieure-protection","11":"first","12":"instock","13":"shipping-taxable","14":"purchasable","15":"product-type-variable"},"acf":[],"yoast_head":"<!-- This site is optimized with the Yoast SEO plugin v26.5 - https:\/\/yoast.com\/wordpress\/plugins\/seo\/ -->\n<title>Protection acrylique pour exterieurs | Giusto Manetti Battiloro<\/title>\n<meta name=\"description\" content=\"Protecteur acrylique pour la protection des dorures \u00e0 la feuille destin\u00e9es aux environnements ext\u00e9rieurs Le produit est formul\u00e9 pour avoir une haute\" \/>\n<meta name=\"robots\" content=\"noindex, nofollow\" \/>\n<meta property=\"og:locale\" content=\"fr_FR\" \/>\n<meta property=\"og:type\" content=\"article\" \/>\n<meta property=\"og:title\" content=\"Protection acrylique pour exterieurs | Giusto Manetti Battiloro\" \/>\n<meta property=\"og:description\" content=\"Protecteur acrylique pour la protection des dorures \u00e0 la feuille destin\u00e9es aux environnements ext\u00e9rieurs Le produit est formul\u00e9 pour avoir une haute\" \/>\n<meta property=\"og:url\" content=\"https:\/\/www.manetti.com\/fr\/produit\/protection-acrylique-pour-exterieurs\/\" \/>\n<meta property=\"og:site_name\" content=\"Giusto Manetti Battiloro\" \/>\n<meta property=\"article:publisher\" content=\"https:\/\/www.facebook.com\/giustomanettibattiloro\" \/>\n<meta property=\"article:modified_time\" content=\"2026-04-22T07:20:29+00:00\" \/>\n<meta property=\"og:image\" content=\"https:\/\/www.manetti.com\/wp-content\/uploads\/2023\/12\/Protezione-acrilica-per-esterni.png\" \/>\n\t<meta property=\"og:image:width\" content=\"900\" \/>\n\t<meta property=\"og:image:height\" content=\"900\" \/>\n\t<meta property=\"og:image:type\" content=\"image\/png\" \/>\n<meta name=\"twitter:card\" content=\"summary_large_image\" \/>\n<meta name=\"twitter:label1\" content=\"Dur\u00e9e de lecture estim\u00e9e\" \/>\n\t<meta name=\"twitter:data1\" content=\"1 minute\" \/>\n<script type=\"application\/ld+json\" class=\"yoast-schema-graph\">{\"@context\":\"https:\/\/schema.org\",\"@graph\":[{\"@type\":\"WebPage\",\"@id\":\"https:\/\/www.manetti.com\/fr\/produit\/protection-acrylique-pour-exterieurs\/\",\"url\":\"https:\/\/www.manetti.com\/fr\/produit\/protection-acrylique-pour-exterieurs\/\",\"name\":\"Protection acrylique pour exterieurs | Giusto Manetti Battiloro\",\"isPartOf\":{\"@id\":\"https:\/\/www.manetti.com\/fr\/#website\"},\"primaryImageOfPage\":{\"@id\":\"https:\/\/www.manetti.com\/fr\/produit\/protection-acrylique-pour-exterieurs\/#primaryimage\"},\"image\":{\"@id\":\"https:\/\/www.manetti.com\/fr\/produit\/protection-acrylique-pour-exterieurs\/#primaryimage\"},\"thumbnailUrl\":\"https:\/\/www.manetti.com\/wp-content\/uploads\/2023\/12\/Protezione-acrilica-per-esterni.png\",\"datePublished\":\"2023-12-24T15:36:14+00:00\",\"dateModified\":\"2026-04-22T07:20:29+00:00\",\"description\":\"Protecteur acrylique pour la protection des dorures \u00e0 la feuille destin\u00e9es aux environnements ext\u00e9rieurs Le produit est formul\u00e9 pour avoir une haute\",\"inLanguage\":\"fr-FR\",\"potentialAction\":[{\"@type\":\"ReadAction\",\"target\":[\"https:\/\/www.manetti.com\/fr\/produit\/protection-acrylique-pour-exterieurs\/\"]}]},{\"@type\":\"ImageObject\",\"inLanguage\":\"fr-FR\",\"@id\":\"https:\/\/www.manetti.com\/fr\/produit\/protection-acrylique-pour-exterieurs\/#primaryimage\",\"url\":\"https:\/\/www.manetti.com\/wp-content\/uploads\/2023\/12\/Protezione-acrilica-per-esterni.png\",\"contentUrl\":\"https:\/\/www.manetti.com\/wp-content\/uploads\/2023\/12\/Protezione-acrilica-per-esterni.png\",\"width\":900,\"height\":900},{\"@type\":\"WebSite\",\"@id\":\"https:\/\/www.manetti.com\/fr\/#website\",\"url\":\"https:\/\/www.manetti.com\/fr\/\",\"name\":\"Giusto Manetti Battiloro\",\"description\":\"\",\"publisher\":{\"@id\":\"https:\/\/www.manetti.com\/fr\/#organization\"},\"potentialAction\":[{\"@type\":\"SearchAction\",\"target\":{\"@type\":\"EntryPoint\",\"urlTemplate\":\"https:\/\/www.manetti.com\/fr\/?s={search_term_string}\"},\"query-input\":{\"@type\":\"PropertyValueSpecification\",\"valueRequired\":true,\"valueName\":\"search_term_string\"}}],\"inLanguage\":\"fr-FR\"},{\"@type\":\"Organization\",\"@id\":\"https:\/\/www.manetti.com\/fr\/#organization\",\"name\":\"GIUSTO MANETTI BATTILORO S.P.A.\",\"url\":\"https:\/\/www.manetti.com\/fr\/\",\"logo\":{\"@type\":\"ImageObject\",\"inLanguage\":\"fr-FR\",\"@id\":\"https:\/\/www.manetti.com\/fr\/#\/schema\/logo\/image\/\",\"url\":\"https:\/\/www.manetti.com\/wp-content\/uploads\/2025\/02\/giusto-manetti-blu_300-02.png\",\"contentUrl\":\"https:\/\/www.manetti.com\/wp-content\/uploads\/2025\/02\/giusto-manetti-blu_300-02.png\",\"width\":1123,\"height\":1093,\"caption\":\"GIUSTO MANETTI BATTILORO S.P.A.\"},\"image\":{\"@id\":\"https:\/\/www.manetti.com\/fr\/#\/schema\/logo\/image\/\"},\"sameAs\":[\"https:\/\/www.facebook.com\/giustomanettibattiloro\",\"https:\/\/www.instagram.com\/giustomanettibattiloro\/\",\"https:\/\/www.linkedin.com\/company\/giusto-manetti-battiloro-s-p-a-\/\",\"https:\/\/www.youtube.com\/user\/ManettiBattiloro\"]}]}<\/script>\n<!-- \/ Yoast SEO plugin. -->","yoast_head_json":{"title":"Protection acrylique pour exterieurs | Giusto Manetti Battiloro","description":"Protecteur acrylique pour la protection des dorures \u00e0 la feuille destin\u00e9es aux environnements ext\u00e9rieurs Le produit est formul\u00e9 pour avoir une haute","robots":{"index":"noindex","follow":"nofollow"},"og_locale":"fr_FR","og_type":"article","og_title":"Protection acrylique pour exterieurs | Giusto Manetti Battiloro","og_description":"Protecteur acrylique pour la protection des dorures \u00e0 la feuille destin\u00e9es aux environnements ext\u00e9rieurs Le produit est formul\u00e9 pour avoir une haute","og_url":"https:\/\/www.manetti.com\/fr\/produit\/protection-acrylique-pour-exterieurs\/","og_site_name":"Giusto Manetti Battiloro","article_publisher":"https:\/\/www.facebook.com\/giustomanettibattiloro","article_modified_time":"2026-04-22T07:20:29+00:00","og_image":[{"width":900,"height":900,"url":"https:\/\/www.manetti.com\/wp-content\/uploads\/2023\/12\/Protezione-acrilica-per-esterni.png","type":"image\/png"}],"twitter_card":"summary_large_image","twitter_misc":{"Dur\u00e9e de lecture estim\u00e9e":"1 minute"},"schema":{"@context":"https:\/\/schema.org","@graph":[{"@type":"WebPage","@id":"https:\/\/www.manetti.com\/fr\/produit\/protection-acrylique-pour-exterieurs\/","url":"https:\/\/www.manetti.com\/fr\/produit\/protection-acrylique-pour-exterieurs\/","name":"Protection acrylique pour exterieurs | Giusto Manetti Battiloro","isPartOf":{"@id":"https:\/\/www.manetti.com\/fr\/#website"},"primaryImageOfPage":{"@id":"https:\/\/www.manetti.com\/fr\/produit\/protection-acrylique-pour-exterieurs\/#primaryimage"},"image":{"@id":"https:\/\/www.manetti.com\/fr\/produit\/protection-acrylique-pour-exterieurs\/#primaryimage"},"thumbnailUrl":"https:\/\/www.manetti.com\/wp-content\/uploads\/2023\/12\/Protezione-acrilica-per-esterni.png","datePublished":"2023-12-24T15:36:14+00:00","dateModified":"2026-04-22T07:20:29+00:00","description":"Protecteur acrylique pour la protection des dorures \u00e0 la feuille destin\u00e9es aux environnements ext\u00e9rieurs Le produit est formul\u00e9 pour avoir une haute","inLanguage":"fr-FR","potentialAction":[{"@type":"ReadAction","target":["https:\/\/www.manetti.com\/fr\/produit\/protection-acrylique-pour-exterieurs\/"]}]},{"@type":"ImageObject","inLanguage":"fr-FR","@id":"https:\/\/www.manetti.com\/fr\/produit\/protection-acrylique-pour-exterieurs\/#primaryimage","url":"https:\/\/www.manetti.com\/wp-content\/uploads\/2023\/12\/Protezione-acrilica-per-esterni.png","contentUrl":"https:\/\/www.manetti.com\/wp-content\/uploads\/2023\/12\/Protezione-acrilica-per-esterni.png","width":900,"height":900},{"@type":"WebSite","@id":"https:\/\/www.manetti.com\/fr\/#website","url":"https:\/\/www.manetti.com\/fr\/","name":"Giusto Manetti Battiloro","description":"","publisher":{"@id":"https:\/\/www.manetti.com\/fr\/#organization"},"potentialAction":[{"@type":"SearchAction","target":{"@type":"EntryPoint","urlTemplate":"https:\/\/www.manetti.com\/fr\/?s={search_term_string}"},"query-input":{"@type":"PropertyValueSpecification","valueRequired":true,"valueName":"search_term_string"}}],"inLanguage":"fr-FR"},{"@type":"Organization","@id":"https:\/\/www.manetti.com\/fr\/#organization","name":"GIUSTO MANETTI BATTILORO S.P.A.","url":"https:\/\/www.manetti.com\/fr\/","logo":{"@type":"ImageObject","inLanguage":"fr-FR","@id":"https:\/\/www.manetti.com\/fr\/#\/schema\/logo\/image\/","url":"https:\/\/www.manetti.com\/wp-content\/uploads\/2025\/02\/giusto-manetti-blu_300-02.png","contentUrl":"https:\/\/www.manetti.com\/wp-content\/uploads\/2025\/02\/giusto-manetti-blu_300-02.png","width":1123,"height":1093,"caption":"GIUSTO MANETTI BATTILORO S.P.A."},"image":{"@id":"https:\/\/www.manetti.com\/fr\/#\/schema\/logo\/image\/"},"sameAs":["https:\/\/www.facebook.com\/giustomanettibattiloro","https:\/\/www.instagram.com\/giustomanettibattiloro\/","https:\/\/www.linkedin.com\/company\/giusto-manetti-battiloro-s-p-a-\/","https:\/\/www.youtube.com\/user\/ManettiBattiloro"]}]}},"_links":{"self":[{"href":"https:\/\/www.manetti.com\/fr\/wp-json\/wp\/v2\/product\/60475","targetHints":{"allow":["GET"]}}],"collection":[{"href":"https:\/\/www.manetti.com\/fr\/wp-json\/wp\/v2\/product"}],"about":[{"href":"https:\/\/www.manetti.com\/fr\/wp-json\/wp\/v2\/types\/product"}],"wp:featuredmedia":[{"embeddable":true,"href":"https:\/\/www.manetti.com\/fr\/wp-json\/wp\/v2\/media\/77820"}],"wp:attachment":[{"href":"https:\/\/www.manetti.com\/fr\/wp-json\/wp\/v2\/media?parent=60475"}],"wp:term":[{"taxonomy":"product_brand","embeddable":true,"href":"https:\/\/www.manetti.com\/fr\/wp-json\/wp\/v2\/product_brand?post=60475"},{"taxonomy":"product_cat","embeddable":true,"href":"https:\/\/www.manetti.com\/fr\/wp-json\/wp\/v2\/product_cat?post=60475"},{"taxonomy":"product_tag","embeddable":true,"href":"https:\/\/www.manetti.com\/fr\/wp-json\/wp\/v2\/product_tag?post=60475"},{"taxonomy":"product_area","embeddable":true,"href":"https:\/\/www.manetti.com\/fr\/wp-json\/wp\/v2\/product_area?post=60475"},{"taxonomy":"catalog_category","embeddable":true,"href":"https:\/\/www.manetti.com\/fr\/wp-json\/wp\/v2\/catalog_category?post=60475"}],"curies":[{"name":"wp","href":"https:\/\/api.w.org\/{rel}","templated":true}]}}