{"id":60572,"date":"2023-09-27T16:38:58","date_gmt":"2023-09-27T14:38:58","guid":{"rendered":"https:\/\/www.manetti.com\/?post_type=product&#038;p=60572"},"modified":"2024-01-31T14:25:47","modified_gmt":"2024-01-31T13:25:47","slug":"applicateur-pour-rouleaux","status":"publish","type":"product","link":"https:\/\/www.manetti.com\/fr\/produit\/applicateur-pour-rouleaux\/","title":{"rendered":"Applicateur pour rouleaux"},"content":{"rendered":"<p>Outil qui facilite et acc\u00e9l\u00e8re l&#8217;application de rouleaux de m\u00e9tal pr\u00e9cieux ou d&#8217;imitation de m\u00e9tal sur des surfaces planes et \u00e9tendues.<\/p>\n","protected":false},"excerpt":{"rendered":"<p>Outil qui facilite et acc\u00e9l\u00e8re l&#8217;application de rouleaux de m\u00e9tal pr\u00e9cieux ou d&#8217;imitation de m\u00e9tal sur des surfaces planes et \u00e9tendues. [&#8230;]<\/p>\n<p><a class=\"btn btn-secondary understrap-read-more-link\" href=\"https:\/\/www.manetti.com\/fr\/produit\/applicateur-pour-rouleaux\/\">Lire la suite&#8230;<\/a><\/p>\n","protected":false},"featured_media":32445,"template":"","meta":{"_acf_changed":false},"product_brand":[],"product_cat":[387],"product_tag":[194],"product_area":[],"catalog_category":[805,841,965],"class_list":{"0":"post-60572","1":"product","2":"type-product","3":"status-publish","4":"has-post-thumbnail","6":"product_cat-outils","7":"product_tag-strumenti-fr","8":"catalog_category-dorure-avec-feuille-dor-en-roule","9":"catalog_category-dorure-avec-feuille-dor-en-roule-outils","10":"catalog_category-dorure-avec-feuille-dor-en-roule-applicateur-pour-rouleaux","12":"first","13":"instock","14":"shipping-taxable","15":"purchasable","16":"product-type-variable"},"acf":[],"yoast_head":"<!-- This site is optimized with the Yoast SEO plugin v26.5 - https:\/\/yoast.com\/wordpress\/plugins\/seo\/ -->\n<title>Applicateur pour rouleaux de feuille d&#039;or et m\u00e9tal pr\u00e9cieux | Giusto Manetti Battiloro<\/title>\n<meta name=\"description\" content=\"Outil qui facilite et acc\u00e9l\u00e8re l&#039;application de rouleaux de m\u00e9tal pr\u00e9cieux ou d&#039;imitation de m\u00e9tal sur des surfaces planes et \u00e9tendues.\" \/>\n<meta name=\"robots\" content=\"noindex, nofollow\" \/>\n<meta property=\"og:locale\" content=\"fr_FR\" \/>\n<meta property=\"og:type\" content=\"article\" \/>\n<meta property=\"og:title\" content=\"Applicateur pour rouleaux de feuille d&#039;or et m\u00e9tal pr\u00e9cieux | Giusto Manetti Battiloro\" \/>\n<meta property=\"og:description\" content=\"Outil qui facilite et acc\u00e9l\u00e8re l&#039;application de rouleaux de m\u00e9tal pr\u00e9cieux ou d&#039;imitation de m\u00e9tal sur des surfaces planes et \u00e9tendues.\" \/>\n<meta property=\"og:url\" content=\"https:\/\/www.manetti.com\/fr\/produit\/applicateur-pour-rouleaux\/\" \/>\n<meta property=\"og:site_name\" content=\"Giusto Manetti Battiloro\" \/>\n<meta property=\"article:publisher\" content=\"https:\/\/www.facebook.com\/giustomanettibattiloro\" \/>\n<meta property=\"article:modified_time\" content=\"2024-01-31T13:25:47+00:00\" \/>\n<meta property=\"og:image\" content=\"https:\/\/www.manetti.com\/wp-content\/uploads\/2020\/04\/AccessoriPerLaDoratura_Applicatore-1.png\" \/>\n\t<meta property=\"og:image:width\" content=\"2160\" \/>\n\t<meta property=\"og:image:height\" content=\"2160\" \/>\n\t<meta property=\"og:image:type\" content=\"image\/png\" \/>\n<meta name=\"twitter:card\" content=\"summary_large_image\" \/>\n<meta name=\"twitter:label1\" content=\"Dur\u00e9e de lecture estim\u00e9e\" \/>\n\t<meta name=\"twitter:data1\" content=\"1 minute\" \/>\n<script type=\"application\/ld+json\" class=\"yoast-schema-graph\">{\"@context\":\"https:\/\/schema.org\",\"@graph\":[{\"@type\":\"WebPage\",\"@id\":\"https:\/\/www.manetti.com\/fr\/produit\/applicateur-pour-rouleaux\/\",\"url\":\"https:\/\/www.manetti.com\/fr\/produit\/applicateur-pour-rouleaux\/\",\"name\":\"Applicateur pour rouleaux de feuille d'or et m\u00e9tal pr\u00e9cieux | Giusto Manetti Battiloro\",\"isPartOf\":{\"@id\":\"https:\/\/www.manetti.com\/fr\/#website\"},\"primaryImageOfPage\":{\"@id\":\"https:\/\/www.manetti.com\/fr\/produit\/applicateur-pour-rouleaux\/#primaryimage\"},\"image\":{\"@id\":\"https:\/\/www.manetti.com\/fr\/produit\/applicateur-pour-rouleaux\/#primaryimage\"},\"thumbnailUrl\":\"https:\/\/www.manetti.com\/wp-content\/uploads\/2020\/04\/AccessoriPerLaDoratura_Applicatore-1.png\",\"datePublished\":\"2023-09-27T14:38:58+00:00\",\"dateModified\":\"2024-01-31T13:25:47+00:00\",\"description\":\"Outil qui facilite et acc\u00e9l\u00e8re l'application de rouleaux de m\u00e9tal pr\u00e9cieux ou d'imitation de m\u00e9tal sur des surfaces planes et \u00e9tendues.\",\"inLanguage\":\"fr-FR\",\"potentialAction\":[{\"@type\":\"ReadAction\",\"target\":[\"https:\/\/www.manetti.com\/fr\/produit\/applicateur-pour-rouleaux\/\"]}]},{\"@type\":\"ImageObject\",\"inLanguage\":\"fr-FR\",\"@id\":\"https:\/\/www.manetti.com\/fr\/produit\/applicateur-pour-rouleaux\/#primaryimage\",\"url\":\"https:\/\/www.manetti.com\/wp-content\/uploads\/2020\/04\/AccessoriPerLaDoratura_Applicatore-1.png\",\"contentUrl\":\"https:\/\/www.manetti.com\/wp-content\/uploads\/2020\/04\/AccessoriPerLaDoratura_Applicatore-1.png\",\"width\":2160,\"height\":2160},{\"@type\":\"WebSite\",\"@id\":\"https:\/\/www.manetti.com\/fr\/#website\",\"url\":\"https:\/\/www.manetti.com\/fr\/\",\"name\":\"Giusto Manetti Battiloro\",\"description\":\"\",\"publisher\":{\"@id\":\"https:\/\/www.manetti.com\/fr\/#organization\"},\"potentialAction\":[{\"@type\":\"SearchAction\",\"target\":{\"@type\":\"EntryPoint\",\"urlTemplate\":\"https:\/\/www.manetti.com\/fr\/?s={search_term_string}\"},\"query-input\":{\"@type\":\"PropertyValueSpecification\",\"valueRequired\":true,\"valueName\":\"search_term_string\"}}],\"inLanguage\":\"fr-FR\"},{\"@type\":\"Organization\",\"@id\":\"https:\/\/www.manetti.com\/fr\/#organization\",\"name\":\"GIUSTO MANETTI BATTILORO S.P.A.\",\"url\":\"https:\/\/www.manetti.com\/fr\/\",\"logo\":{\"@type\":\"ImageObject\",\"inLanguage\":\"fr-FR\",\"@id\":\"https:\/\/www.manetti.com\/fr\/#\/schema\/logo\/image\/\",\"url\":\"https:\/\/www.manetti.com\/wp-content\/uploads\/2025\/02\/giusto-manetti-blu_300-02.png\",\"contentUrl\":\"https:\/\/www.manetti.com\/wp-content\/uploads\/2025\/02\/giusto-manetti-blu_300-02.png\",\"width\":1123,\"height\":1093,\"caption\":\"GIUSTO MANETTI BATTILORO S.P.A.\"},\"image\":{\"@id\":\"https:\/\/www.manetti.com\/fr\/#\/schema\/logo\/image\/\"},\"sameAs\":[\"https:\/\/www.facebook.com\/giustomanettibattiloro\",\"https:\/\/www.instagram.com\/giustomanettibattiloro\/\",\"https:\/\/www.linkedin.com\/company\/giusto-manetti-battiloro-s-p-a-\/\",\"https:\/\/www.youtube.com\/user\/ManettiBattiloro\"]}]}<\/script>\n<!-- \/ Yoast SEO plugin. -->","yoast_head_json":{"title":"Applicateur pour rouleaux de feuille d'or et m\u00e9tal pr\u00e9cieux | Giusto Manetti Battiloro","description":"Outil qui facilite et acc\u00e9l\u00e8re l'application de rouleaux de m\u00e9tal pr\u00e9cieux ou d'imitation de m\u00e9tal sur des surfaces planes et \u00e9tendues.","robots":{"index":"noindex","follow":"nofollow"},"og_locale":"fr_FR","og_type":"article","og_title":"Applicateur pour rouleaux de feuille d'or et m\u00e9tal pr\u00e9cieux | Giusto Manetti Battiloro","og_description":"Outil qui facilite et acc\u00e9l\u00e8re l'application de rouleaux de m\u00e9tal pr\u00e9cieux ou d'imitation de m\u00e9tal sur des surfaces planes et \u00e9tendues.","og_url":"https:\/\/www.manetti.com\/fr\/produit\/applicateur-pour-rouleaux\/","og_site_name":"Giusto Manetti Battiloro","article_publisher":"https:\/\/www.facebook.com\/giustomanettibattiloro","article_modified_time":"2024-01-31T13:25:47+00:00","og_image":[{"width":2160,"height":2160,"url":"https:\/\/www.manetti.com\/wp-content\/uploads\/2020\/04\/AccessoriPerLaDoratura_Applicatore-1.png","type":"image\/png"}],"twitter_card":"summary_large_image","twitter_misc":{"Dur\u00e9e de lecture estim\u00e9e":"1 minute"},"schema":{"@context":"https:\/\/schema.org","@graph":[{"@type":"WebPage","@id":"https:\/\/www.manetti.com\/fr\/produit\/applicateur-pour-rouleaux\/","url":"https:\/\/www.manetti.com\/fr\/produit\/applicateur-pour-rouleaux\/","name":"Applicateur pour rouleaux de feuille d'or et m\u00e9tal pr\u00e9cieux | Giusto Manetti Battiloro","isPartOf":{"@id":"https:\/\/www.manetti.com\/fr\/#website"},"primaryImageOfPage":{"@id":"https:\/\/www.manetti.com\/fr\/produit\/applicateur-pour-rouleaux\/#primaryimage"},"image":{"@id":"https:\/\/www.manetti.com\/fr\/produit\/applicateur-pour-rouleaux\/#primaryimage"},"thumbnailUrl":"https:\/\/www.manetti.com\/wp-content\/uploads\/2020\/04\/AccessoriPerLaDoratura_Applicatore-1.png","datePublished":"2023-09-27T14:38:58+00:00","dateModified":"2024-01-31T13:25:47+00:00","description":"Outil qui facilite et acc\u00e9l\u00e8re l'application de rouleaux de m\u00e9tal pr\u00e9cieux ou d'imitation de m\u00e9tal sur des surfaces planes et \u00e9tendues.","inLanguage":"fr-FR","potentialAction":[{"@type":"ReadAction","target":["https:\/\/www.manetti.com\/fr\/produit\/applicateur-pour-rouleaux\/"]}]},{"@type":"ImageObject","inLanguage":"fr-FR","@id":"https:\/\/www.manetti.com\/fr\/produit\/applicateur-pour-rouleaux\/#primaryimage","url":"https:\/\/www.manetti.com\/wp-content\/uploads\/2020\/04\/AccessoriPerLaDoratura_Applicatore-1.png","contentUrl":"https:\/\/www.manetti.com\/wp-content\/uploads\/2020\/04\/AccessoriPerLaDoratura_Applicatore-1.png","width":2160,"height":2160},{"@type":"WebSite","@id":"https:\/\/www.manetti.com\/fr\/#website","url":"https:\/\/www.manetti.com\/fr\/","name":"Giusto Manetti Battiloro","description":"","publisher":{"@id":"https:\/\/www.manetti.com\/fr\/#organization"},"potentialAction":[{"@type":"SearchAction","target":{"@type":"EntryPoint","urlTemplate":"https:\/\/www.manetti.com\/fr\/?s={search_term_string}"},"query-input":{"@type":"PropertyValueSpecification","valueRequired":true,"valueName":"search_term_string"}}],"inLanguage":"fr-FR"},{"@type":"Organization","@id":"https:\/\/www.manetti.com\/fr\/#organization","name":"GIUSTO MANETTI BATTILORO S.P.A.","url":"https:\/\/www.manetti.com\/fr\/","logo":{"@type":"ImageObject","inLanguage":"fr-FR","@id":"https:\/\/www.manetti.com\/fr\/#\/schema\/logo\/image\/","url":"https:\/\/www.manetti.com\/wp-content\/uploads\/2025\/02\/giusto-manetti-blu_300-02.png","contentUrl":"https:\/\/www.manetti.com\/wp-content\/uploads\/2025\/02\/giusto-manetti-blu_300-02.png","width":1123,"height":1093,"caption":"GIUSTO MANETTI BATTILORO S.P.A."},"image":{"@id":"https:\/\/www.manetti.com\/fr\/#\/schema\/logo\/image\/"},"sameAs":["https:\/\/www.facebook.com\/giustomanettibattiloro","https:\/\/www.instagram.com\/giustomanettibattiloro\/","https:\/\/www.linkedin.com\/company\/giusto-manetti-battiloro-s-p-a-\/","https:\/\/www.youtube.com\/user\/ManettiBattiloro"]}]}},"_links":{"self":[{"href":"https:\/\/www.manetti.com\/fr\/wp-json\/wp\/v2\/product\/60572","targetHints":{"allow":["GET"]}}],"collection":[{"href":"https:\/\/www.manetti.com\/fr\/wp-json\/wp\/v2\/product"}],"about":[{"href":"https:\/\/www.manetti.com\/fr\/wp-json\/wp\/v2\/types\/product"}],"wp:featuredmedia":[{"embeddable":true,"href":"https:\/\/www.manetti.com\/fr\/wp-json\/wp\/v2\/media\/32445"}],"wp:attachment":[{"href":"https:\/\/www.manetti.com\/fr\/wp-json\/wp\/v2\/media?parent=60572"}],"wp:term":[{"taxonomy":"product_brand","embeddable":true,"href":"https:\/\/www.manetti.com\/fr\/wp-json\/wp\/v2\/product_brand?post=60572"},{"taxonomy":"product_cat","embeddable":true,"href":"https:\/\/www.manetti.com\/fr\/wp-json\/wp\/v2\/product_cat?post=60572"},{"taxonomy":"product_tag","embeddable":true,"href":"https:\/\/www.manetti.com\/fr\/wp-json\/wp\/v2\/product_tag?post=60572"},{"taxonomy":"product_area","embeddable":true,"href":"https:\/\/www.manetti.com\/fr\/wp-json\/wp\/v2\/product_area?post=60572"},{"taxonomy":"catalog_category","embeddable":true,"href":"https:\/\/www.manetti.com\/fr\/wp-json\/wp\/v2\/catalog_category?post=60572"}],"curies":[{"name":"wp","href":"https:\/\/api.w.org\/{rel}","templated":true}]}}