{"id":61448,"date":"2023-12-29T16:27:59","date_gmt":"2023-12-29T15:27:59","guid":{"rendered":"https:\/\/www.manetti.com\/?post_type=product&#038;p=61448"},"modified":"2025-10-23T09:32:59","modified_gmt":"2025-10-23T07:32:59","slug":"gomme-laque-deparaffinee-en-solution","status":"publish","type":"product","link":"https:\/\/www.manetti.com\/fr\/produit\/gomme-laque-deparaffinee-en-solution\/","title":{"rendered":"Gomme-laque d\u00e9paraffin\u00e9e en solution"},"content":{"rendered":"<p>Gomme-laque en solution pr\u00eate \u00e0 l&#8217;emploi, indiqu\u00e9e comme agent de protection contre la lumi\u00e8re et comme produit de polissage pour la dorure \u00e0 la feuille, tant pour les m\u00e9taux pr\u00e9cieux que pour les imitations. Une fois s\u00e8che, elle donne un l\u00e9ger ton chaud \u00e0 la surface.<\/p>\n","protected":false},"excerpt":{"rendered":"<p>Gomme-laque en solution pr\u00eate \u00e0 l&#8217;emploi, indiqu\u00e9e comme agent de protection contre la lumi\u00e8re et comme produit de polissage pour la dorure \u00e0 la feuille, tant pour les m\u00e9taux pr\u00e9cieux que pour les imitations. Une fois s\u00e8che, elle donne un l\u00e9ger ton chaud \u00e0 la surface. [&#8230;]<\/p>\n<p><a class=\"btn btn-secondary understrap-read-more-link\" href=\"https:\/\/www.manetti.com\/fr\/produit\/gomme-laque-deparaffinee-en-solution\/\">Lire la suite&#8230;<\/a><\/p>\n","protected":false},"featured_media":51755,"template":"","meta":{"_acf_changed":false},"product_brand":[],"product_cat":[386],"product_tag":[190],"product_area":[],"catalog_category":[793,873],"class_list":{"0":"post-61448","1":"product","2":"type-product","3":"status-publish","4":"has-post-thumbnail","6":"product_cat-protection","7":"product_tag-gommalacca-fr","8":"catalog_category-dorure-et-restauration","9":"catalog_category-dorure-et-restauration-protection","11":"first","12":"instock","13":"shipping-taxable","14":"purchasable","15":"product-type-variable"},"acf":[],"yoast_head":"<!-- This site is optimized with the Yoast SEO plugin v26.5 - https:\/\/yoast.com\/wordpress\/plugins\/seo\/ -->\n<title>Gomme-laque d\u00e9paraffin\u00e9e en solution | Giusto Manetti Battiloro<\/title>\n<meta name=\"description\" content=\"Gomme-laque en solution pr\u00eate \u00e0 l&#039;emploi, indiqu\u00e9e comme agent de protection contre la lumi\u00e8re et comme produit de polissage pour la dorure \u00e0 la feuille,\" \/>\n<meta name=\"robots\" content=\"noindex, nofollow\" \/>\n<meta property=\"og:locale\" content=\"fr_FR\" \/>\n<meta property=\"og:type\" content=\"article\" \/>\n<meta property=\"og:title\" content=\"Gomme-laque d\u00e9paraffin\u00e9e en solution | Giusto Manetti Battiloro\" \/>\n<meta property=\"og:description\" content=\"Gomme-laque en solution pr\u00eate \u00e0 l&#039;emploi, indiqu\u00e9e comme agent de protection contre la lumi\u00e8re et comme produit de polissage pour la dorure \u00e0 la feuille,\" \/>\n<meta property=\"og:url\" content=\"https:\/\/www.manetti.com\/fr\/produit\/gomme-laque-deparaffinee-en-solution\/\" \/>\n<meta property=\"og:site_name\" content=\"Giusto Manetti Battiloro\" \/>\n<meta property=\"article:publisher\" content=\"https:\/\/www.facebook.com\/giustomanettibattiloro\" \/>\n<meta property=\"article:modified_time\" content=\"2025-10-23T07:32:59+00:00\" \/>\n<meta property=\"og:image\" content=\"https:\/\/www.manetti.com\/wp-content\/uploads\/2022\/10\/Gommalacca-decerata_bottiglietta-giusta-WEB.png\" \/>\n\t<meta property=\"og:image:width\" content=\"476\" \/>\n\t<meta property=\"og:image:height\" content=\"476\" \/>\n\t<meta property=\"og:image:type\" content=\"image\/png\" \/>\n<meta name=\"twitter:card\" content=\"summary_large_image\" \/>\n<meta name=\"twitter:label1\" content=\"Dur\u00e9e de lecture estim\u00e9e\" \/>\n\t<meta name=\"twitter:data1\" content=\"1 minute\" \/>\n<script type=\"application\/ld+json\" class=\"yoast-schema-graph\">{\"@context\":\"https:\/\/schema.org\",\"@graph\":[{\"@type\":\"WebPage\",\"@id\":\"https:\/\/www.manetti.com\/fr\/produit\/gomme-laque-deparaffinee-en-solution\/\",\"url\":\"https:\/\/www.manetti.com\/fr\/produit\/gomme-laque-deparaffinee-en-solution\/\",\"name\":\"Gomme-laque d\u00e9paraffin\u00e9e en solution | Giusto Manetti Battiloro\",\"isPartOf\":{\"@id\":\"https:\/\/www.manetti.com\/fr\/#website\"},\"primaryImageOfPage\":{\"@id\":\"https:\/\/www.manetti.com\/fr\/produit\/gomme-laque-deparaffinee-en-solution\/#primaryimage\"},\"image\":{\"@id\":\"https:\/\/www.manetti.com\/fr\/produit\/gomme-laque-deparaffinee-en-solution\/#primaryimage\"},\"thumbnailUrl\":\"https:\/\/www.manetti.com\/wp-content\/uploads\/2022\/10\/Gommalacca-decerata_bottiglietta-giusta-WEB.png\",\"datePublished\":\"2023-12-29T15:27:59+00:00\",\"dateModified\":\"2025-10-23T07:32:59+00:00\",\"description\":\"Gomme-laque en solution pr\u00eate \u00e0 l'emploi, indiqu\u00e9e comme agent de protection contre la lumi\u00e8re et comme produit de polissage pour la dorure \u00e0 la feuille,\",\"inLanguage\":\"fr-FR\",\"potentialAction\":[{\"@type\":\"ReadAction\",\"target\":[\"https:\/\/www.manetti.com\/fr\/produit\/gomme-laque-deparaffinee-en-solution\/\"]}]},{\"@type\":\"ImageObject\",\"inLanguage\":\"fr-FR\",\"@id\":\"https:\/\/www.manetti.com\/fr\/produit\/gomme-laque-deparaffinee-en-solution\/#primaryimage\",\"url\":\"https:\/\/www.manetti.com\/wp-content\/uploads\/2022\/10\/Gommalacca-decerata_bottiglietta-giusta-WEB.png\",\"contentUrl\":\"https:\/\/www.manetti.com\/wp-content\/uploads\/2022\/10\/Gommalacca-decerata_bottiglietta-giusta-WEB.png\",\"width\":476,\"height\":476},{\"@type\":\"WebSite\",\"@id\":\"https:\/\/www.manetti.com\/fr\/#website\",\"url\":\"https:\/\/www.manetti.com\/fr\/\",\"name\":\"Giusto Manetti Battiloro\",\"description\":\"\",\"publisher\":{\"@id\":\"https:\/\/www.manetti.com\/fr\/#organization\"},\"potentialAction\":[{\"@type\":\"SearchAction\",\"target\":{\"@type\":\"EntryPoint\",\"urlTemplate\":\"https:\/\/www.manetti.com\/fr\/?s={search_term_string}\"},\"query-input\":{\"@type\":\"PropertyValueSpecification\",\"valueRequired\":true,\"valueName\":\"search_term_string\"}}],\"inLanguage\":\"fr-FR\"},{\"@type\":\"Organization\",\"@id\":\"https:\/\/www.manetti.com\/fr\/#organization\",\"name\":\"GIUSTO MANETTI BATTILORO S.P.A.\",\"url\":\"https:\/\/www.manetti.com\/fr\/\",\"logo\":{\"@type\":\"ImageObject\",\"inLanguage\":\"fr-FR\",\"@id\":\"https:\/\/www.manetti.com\/fr\/#\/schema\/logo\/image\/\",\"url\":\"https:\/\/www.manetti.com\/wp-content\/uploads\/2025\/02\/giusto-manetti-blu_300-02.png\",\"contentUrl\":\"https:\/\/www.manetti.com\/wp-content\/uploads\/2025\/02\/giusto-manetti-blu_300-02.png\",\"width\":1123,\"height\":1093,\"caption\":\"GIUSTO MANETTI BATTILORO S.P.A.\"},\"image\":{\"@id\":\"https:\/\/www.manetti.com\/fr\/#\/schema\/logo\/image\/\"},\"sameAs\":[\"https:\/\/www.facebook.com\/giustomanettibattiloro\",\"https:\/\/www.instagram.com\/giustomanettibattiloro\/\",\"https:\/\/www.linkedin.com\/company\/giusto-manetti-battiloro-s-p-a-\/\",\"https:\/\/www.youtube.com\/user\/ManettiBattiloro\"]}]}<\/script>\n<!-- \/ Yoast SEO plugin. -->","yoast_head_json":{"title":"Gomme-laque d\u00e9paraffin\u00e9e en solution | Giusto Manetti Battiloro","description":"Gomme-laque en solution pr\u00eate \u00e0 l'emploi, indiqu\u00e9e comme agent de protection contre la lumi\u00e8re et comme produit de polissage pour la dorure \u00e0 la feuille,","robots":{"index":"noindex","follow":"nofollow"},"og_locale":"fr_FR","og_type":"article","og_title":"Gomme-laque d\u00e9paraffin\u00e9e en solution | Giusto Manetti Battiloro","og_description":"Gomme-laque en solution pr\u00eate \u00e0 l'emploi, indiqu\u00e9e comme agent de protection contre la lumi\u00e8re et comme produit de polissage pour la dorure \u00e0 la feuille,","og_url":"https:\/\/www.manetti.com\/fr\/produit\/gomme-laque-deparaffinee-en-solution\/","og_site_name":"Giusto Manetti Battiloro","article_publisher":"https:\/\/www.facebook.com\/giustomanettibattiloro","article_modified_time":"2025-10-23T07:32:59+00:00","og_image":[{"width":476,"height":476,"url":"https:\/\/www.manetti.com\/wp-content\/uploads\/2022\/10\/Gommalacca-decerata_bottiglietta-giusta-WEB.png","type":"image\/png"}],"twitter_card":"summary_large_image","twitter_misc":{"Dur\u00e9e de lecture estim\u00e9e":"1 minute"},"schema":{"@context":"https:\/\/schema.org","@graph":[{"@type":"WebPage","@id":"https:\/\/www.manetti.com\/fr\/produit\/gomme-laque-deparaffinee-en-solution\/","url":"https:\/\/www.manetti.com\/fr\/produit\/gomme-laque-deparaffinee-en-solution\/","name":"Gomme-laque d\u00e9paraffin\u00e9e en solution | Giusto Manetti Battiloro","isPartOf":{"@id":"https:\/\/www.manetti.com\/fr\/#website"},"primaryImageOfPage":{"@id":"https:\/\/www.manetti.com\/fr\/produit\/gomme-laque-deparaffinee-en-solution\/#primaryimage"},"image":{"@id":"https:\/\/www.manetti.com\/fr\/produit\/gomme-laque-deparaffinee-en-solution\/#primaryimage"},"thumbnailUrl":"https:\/\/www.manetti.com\/wp-content\/uploads\/2022\/10\/Gommalacca-decerata_bottiglietta-giusta-WEB.png","datePublished":"2023-12-29T15:27:59+00:00","dateModified":"2025-10-23T07:32:59+00:00","description":"Gomme-laque en solution pr\u00eate \u00e0 l'emploi, indiqu\u00e9e comme agent de protection contre la lumi\u00e8re et comme produit de polissage pour la dorure \u00e0 la feuille,","inLanguage":"fr-FR","potentialAction":[{"@type":"ReadAction","target":["https:\/\/www.manetti.com\/fr\/produit\/gomme-laque-deparaffinee-en-solution\/"]}]},{"@type":"ImageObject","inLanguage":"fr-FR","@id":"https:\/\/www.manetti.com\/fr\/produit\/gomme-laque-deparaffinee-en-solution\/#primaryimage","url":"https:\/\/www.manetti.com\/wp-content\/uploads\/2022\/10\/Gommalacca-decerata_bottiglietta-giusta-WEB.png","contentUrl":"https:\/\/www.manetti.com\/wp-content\/uploads\/2022\/10\/Gommalacca-decerata_bottiglietta-giusta-WEB.png","width":476,"height":476},{"@type":"WebSite","@id":"https:\/\/www.manetti.com\/fr\/#website","url":"https:\/\/www.manetti.com\/fr\/","name":"Giusto Manetti Battiloro","description":"","publisher":{"@id":"https:\/\/www.manetti.com\/fr\/#organization"},"potentialAction":[{"@type":"SearchAction","target":{"@type":"EntryPoint","urlTemplate":"https:\/\/www.manetti.com\/fr\/?s={search_term_string}"},"query-input":{"@type":"PropertyValueSpecification","valueRequired":true,"valueName":"search_term_string"}}],"inLanguage":"fr-FR"},{"@type":"Organization","@id":"https:\/\/www.manetti.com\/fr\/#organization","name":"GIUSTO MANETTI BATTILORO S.P.A.","url":"https:\/\/www.manetti.com\/fr\/","logo":{"@type":"ImageObject","inLanguage":"fr-FR","@id":"https:\/\/www.manetti.com\/fr\/#\/schema\/logo\/image\/","url":"https:\/\/www.manetti.com\/wp-content\/uploads\/2025\/02\/giusto-manetti-blu_300-02.png","contentUrl":"https:\/\/www.manetti.com\/wp-content\/uploads\/2025\/02\/giusto-manetti-blu_300-02.png","width":1123,"height":1093,"caption":"GIUSTO MANETTI BATTILORO S.P.A."},"image":{"@id":"https:\/\/www.manetti.com\/fr\/#\/schema\/logo\/image\/"},"sameAs":["https:\/\/www.facebook.com\/giustomanettibattiloro","https:\/\/www.instagram.com\/giustomanettibattiloro\/","https:\/\/www.linkedin.com\/company\/giusto-manetti-battiloro-s-p-a-\/","https:\/\/www.youtube.com\/user\/ManettiBattiloro"]}]}},"_links":{"self":[{"href":"https:\/\/www.manetti.com\/fr\/wp-json\/wp\/v2\/product\/61448","targetHints":{"allow":["GET"]}}],"collection":[{"href":"https:\/\/www.manetti.com\/fr\/wp-json\/wp\/v2\/product"}],"about":[{"href":"https:\/\/www.manetti.com\/fr\/wp-json\/wp\/v2\/types\/product"}],"wp:featuredmedia":[{"embeddable":true,"href":"https:\/\/www.manetti.com\/fr\/wp-json\/wp\/v2\/media\/51755"}],"wp:attachment":[{"href":"https:\/\/www.manetti.com\/fr\/wp-json\/wp\/v2\/media?parent=61448"}],"wp:term":[{"taxonomy":"product_brand","embeddable":true,"href":"https:\/\/www.manetti.com\/fr\/wp-json\/wp\/v2\/product_brand?post=61448"},{"taxonomy":"product_cat","embeddable":true,"href":"https:\/\/www.manetti.com\/fr\/wp-json\/wp\/v2\/product_cat?post=61448"},{"taxonomy":"product_tag","embeddable":true,"href":"https:\/\/www.manetti.com\/fr\/wp-json\/wp\/v2\/product_tag?post=61448"},{"taxonomy":"product_area","embeddable":true,"href":"https:\/\/www.manetti.com\/fr\/wp-json\/wp\/v2\/product_area?post=61448"},{"taxonomy":"catalog_category","embeddable":true,"href":"https:\/\/www.manetti.com\/fr\/wp-json\/wp\/v2\/catalog_category?post=61448"}],"curies":[{"name":"wp","href":"https:\/\/api.w.org\/{rel}","templated":true}]}}