{"id":61613,"date":"2023-10-28T16:45:39","date_gmt":"2023-10-28T14:45:39","guid":{"rendered":"https:\/\/www.manetti.com\/?post_type=product&#038;p=61613"},"modified":"2025-06-03T14:26:04","modified_gmt":"2025-06-03T12:26:04","slug":"assiette-a-dorer-italienne","status":"publish","type":"product","link":"https:\/\/www.manetti.com\/fr\/produit\/assiette-a-dorer-italienne\/","title":{"rendered":"Assiette \u00e0 dorer italienne"},"content":{"rendered":"<p>L\u2019assiette \u00e0 dorer est une argile particuli\u00e8re utilis\u00e9e comme base pour la feuille dans la technique de la dorure \u00e0 la d\u00e9trempe. Elle est appliqu\u00e9e sur la surface \u00e0 dorer pr\u00e9alablement pr\u00e9par\u00e9e \u00e0 la craie. L\u2019assiette \u00e0 dorer permet de maintenir l&#8217;adh\u00e9rence de la feuille au support dans le temps et en m\u00eame temps donne une plus grande brillance \u00e0 l&#8217;or pendant la phase de brunissage.<\/p>\n","protected":false},"excerpt":{"rendered":"<p>L\u2019assiette \u00e0 dorer est une argile particuli\u00e8re utilis\u00e9e comme base pour la feuille dans la technique de la dorure \u00e0 la d\u00e9trempe. Elle est appliqu\u00e9e sur la surface \u00e0 dorer pr\u00e9alablement pr\u00e9par\u00e9e \u00e0 la craie. L\u2019assiette \u00e0 dorer permet de maintenir l&#8217;adh\u00e9rence de la feuille au support dans le temps et en m\u00eame temps donne [&#8230;]<\/p>\n<p><a class=\"btn btn-secondary understrap-read-more-link\" href=\"https:\/\/www.manetti.com\/fr\/produit\/assiette-a-dorer-italienne\/\">Lire la suite&#8230;<\/a><\/p>\n","protected":false},"featured_media":66988,"template":"","meta":{"_acf_changed":false},"product_brand":[],"product_cat":[383],"product_tag":[188],"product_area":[],"catalog_category":[781,793,857,957],"class_list":{"0":"post-61613","1":"product","2":"type-product","3":"status-publish","4":"has-post-thumbnail","6":"product_cat-dorure-a-leau","7":"product_tag-boli-fr","8":"catalog_category-iconographie","9":"catalog_category-dorure-et-restauration","10":"catalog_category-dorure-et-restauration-bol-et-gesso","11":"catalog_category-iconographie-bol-et-gesso","13":"first","14":"instock","15":"shipping-taxable","16":"purchasable","17":"product-type-variable"},"acf":[],"yoast_head":"<!-- This site is optimized with the Yoast SEO plugin v26.5 - https:\/\/yoast.com\/wordpress\/plugins\/seo\/ -->\n<title>Assiette italien en p\u00e2te | Giusto Manetti Battiloro<\/title>\n<meta name=\"description\" content=\"Le Assiette italien en p\u00e2te est une base d&#039;argile pour la dorure \u00e0 la gouache sur des supports en bois pr\u00e9par\u00e9s avec de l&#039;argile. En 3 couleurs: jaune, rouge, noir.\" \/>\n<meta name=\"robots\" content=\"noindex, nofollow\" \/>\n<meta property=\"og:locale\" content=\"fr_FR\" \/>\n<meta property=\"og:type\" content=\"article\" \/>\n<meta property=\"og:title\" content=\"Assiette italien en p\u00e2te | Giusto Manetti Battiloro\" \/>\n<meta property=\"og:description\" content=\"Le Assiette italien en p\u00e2te est une base d&#039;argile pour la dorure \u00e0 la gouache sur des supports en bois pr\u00e9par\u00e9s avec de l&#039;argile. En 3 couleurs: jaune, rouge, noir.\" \/>\n<meta property=\"og:url\" content=\"https:\/\/www.manetti.com\/fr\/produit\/assiette-a-dorer-italienne\/\" \/>\n<meta property=\"og:site_name\" content=\"Giusto Manetti Battiloro\" \/>\n<meta property=\"article:publisher\" content=\"https:\/\/www.facebook.com\/giustomanettibattiloro\" \/>\n<meta property=\"article:modified_time\" content=\"2025-06-03T12:26:04+00:00\" \/>\n<meta property=\"og:image\" content=\"https:\/\/www.manetti.com\/wp-content\/uploads\/2023\/10\/BOLO-Italiano-insieme.png\" \/>\n\t<meta property=\"og:image:width\" content=\"1000\" \/>\n\t<meta property=\"og:image:height\" content=\"1000\" \/>\n\t<meta property=\"og:image:type\" content=\"image\/png\" \/>\n<meta name=\"twitter:card\" content=\"summary_large_image\" \/>\n<meta name=\"twitter:label1\" content=\"Dur\u00e9e de lecture estim\u00e9e\" \/>\n\t<meta name=\"twitter:data1\" content=\"1 minute\" \/>\n<script type=\"application\/ld+json\" class=\"yoast-schema-graph\">{\"@context\":\"https:\/\/schema.org\",\"@graph\":[{\"@type\":\"WebPage\",\"@id\":\"https:\/\/www.manetti.com\/fr\/produit\/assiette-a-dorer-italienne\/\",\"url\":\"https:\/\/www.manetti.com\/fr\/produit\/assiette-a-dorer-italienne\/\",\"name\":\"Assiette italien en p\u00e2te | Giusto Manetti Battiloro\",\"isPartOf\":{\"@id\":\"https:\/\/www.manetti.com\/fr\/#website\"},\"primaryImageOfPage\":{\"@id\":\"https:\/\/www.manetti.com\/fr\/produit\/assiette-a-dorer-italienne\/#primaryimage\"},\"image\":{\"@id\":\"https:\/\/www.manetti.com\/fr\/produit\/assiette-a-dorer-italienne\/#primaryimage\"},\"thumbnailUrl\":\"https:\/\/www.manetti.com\/wp-content\/uploads\/2023\/10\/BOLO-Italiano-insieme.png\",\"datePublished\":\"2023-10-28T14:45:39+00:00\",\"dateModified\":\"2025-06-03T12:26:04+00:00\",\"description\":\"Le Assiette italien en p\u00e2te est une base d'argile pour la dorure \u00e0 la gouache sur des supports en bois pr\u00e9par\u00e9s avec de l'argile. En 3 couleurs: jaune, rouge, noir.\",\"inLanguage\":\"fr-FR\",\"potentialAction\":[{\"@type\":\"ReadAction\",\"target\":[\"https:\/\/www.manetti.com\/fr\/produit\/assiette-a-dorer-italienne\/\"]}]},{\"@type\":\"ImageObject\",\"inLanguage\":\"fr-FR\",\"@id\":\"https:\/\/www.manetti.com\/fr\/produit\/assiette-a-dorer-italienne\/#primaryimage\",\"url\":\"https:\/\/www.manetti.com\/wp-content\/uploads\/2023\/10\/BOLO-Italiano-insieme.png\",\"contentUrl\":\"https:\/\/www.manetti.com\/wp-content\/uploads\/2023\/10\/BOLO-Italiano-insieme.png\",\"width\":1000,\"height\":1000,\"caption\":\"BOLO Italiano insieme\"},{\"@type\":\"WebSite\",\"@id\":\"https:\/\/www.manetti.com\/fr\/#website\",\"url\":\"https:\/\/www.manetti.com\/fr\/\",\"name\":\"Giusto Manetti Battiloro\",\"description\":\"\",\"publisher\":{\"@id\":\"https:\/\/www.manetti.com\/fr\/#organization\"},\"potentialAction\":[{\"@type\":\"SearchAction\",\"target\":{\"@type\":\"EntryPoint\",\"urlTemplate\":\"https:\/\/www.manetti.com\/fr\/?s={search_term_string}\"},\"query-input\":{\"@type\":\"PropertyValueSpecification\",\"valueRequired\":true,\"valueName\":\"search_term_string\"}}],\"inLanguage\":\"fr-FR\"},{\"@type\":\"Organization\",\"@id\":\"https:\/\/www.manetti.com\/fr\/#organization\",\"name\":\"GIUSTO MANETTI BATTILORO S.P.A.\",\"url\":\"https:\/\/www.manetti.com\/fr\/\",\"logo\":{\"@type\":\"ImageObject\",\"inLanguage\":\"fr-FR\",\"@id\":\"https:\/\/www.manetti.com\/fr\/#\/schema\/logo\/image\/\",\"url\":\"https:\/\/www.manetti.com\/wp-content\/uploads\/2025\/02\/giusto-manetti-blu_300-02.png\",\"contentUrl\":\"https:\/\/www.manetti.com\/wp-content\/uploads\/2025\/02\/giusto-manetti-blu_300-02.png\",\"width\":1123,\"height\":1093,\"caption\":\"GIUSTO MANETTI BATTILORO S.P.A.\"},\"image\":{\"@id\":\"https:\/\/www.manetti.com\/fr\/#\/schema\/logo\/image\/\"},\"sameAs\":[\"https:\/\/www.facebook.com\/giustomanettibattiloro\",\"https:\/\/www.instagram.com\/giustomanettibattiloro\/\",\"https:\/\/www.linkedin.com\/company\/giusto-manetti-battiloro-s-p-a-\/\",\"https:\/\/www.youtube.com\/user\/ManettiBattiloro\"]}]}<\/script>\n<!-- \/ Yoast SEO plugin. -->","yoast_head_json":{"title":"Assiette italien en p\u00e2te | Giusto Manetti Battiloro","description":"Le Assiette italien en p\u00e2te est une base d'argile pour la dorure \u00e0 la gouache sur des supports en bois pr\u00e9par\u00e9s avec de l'argile. En 3 couleurs: jaune, rouge, noir.","robots":{"index":"noindex","follow":"nofollow"},"og_locale":"fr_FR","og_type":"article","og_title":"Assiette italien en p\u00e2te | Giusto Manetti Battiloro","og_description":"Le Assiette italien en p\u00e2te est une base d'argile pour la dorure \u00e0 la gouache sur des supports en bois pr\u00e9par\u00e9s avec de l'argile. En 3 couleurs: jaune, rouge, noir.","og_url":"https:\/\/www.manetti.com\/fr\/produit\/assiette-a-dorer-italienne\/","og_site_name":"Giusto Manetti Battiloro","article_publisher":"https:\/\/www.facebook.com\/giustomanettibattiloro","article_modified_time":"2025-06-03T12:26:04+00:00","og_image":[{"width":1000,"height":1000,"url":"https:\/\/www.manetti.com\/wp-content\/uploads\/2023\/10\/BOLO-Italiano-insieme.png","type":"image\/png"}],"twitter_card":"summary_large_image","twitter_misc":{"Dur\u00e9e de lecture estim\u00e9e":"1 minute"},"schema":{"@context":"https:\/\/schema.org","@graph":[{"@type":"WebPage","@id":"https:\/\/www.manetti.com\/fr\/produit\/assiette-a-dorer-italienne\/","url":"https:\/\/www.manetti.com\/fr\/produit\/assiette-a-dorer-italienne\/","name":"Assiette italien en p\u00e2te | Giusto Manetti Battiloro","isPartOf":{"@id":"https:\/\/www.manetti.com\/fr\/#website"},"primaryImageOfPage":{"@id":"https:\/\/www.manetti.com\/fr\/produit\/assiette-a-dorer-italienne\/#primaryimage"},"image":{"@id":"https:\/\/www.manetti.com\/fr\/produit\/assiette-a-dorer-italienne\/#primaryimage"},"thumbnailUrl":"https:\/\/www.manetti.com\/wp-content\/uploads\/2023\/10\/BOLO-Italiano-insieme.png","datePublished":"2023-10-28T14:45:39+00:00","dateModified":"2025-06-03T12:26:04+00:00","description":"Le Assiette italien en p\u00e2te est une base d'argile pour la dorure \u00e0 la gouache sur des supports en bois pr\u00e9par\u00e9s avec de l'argile. En 3 couleurs: jaune, rouge, noir.","inLanguage":"fr-FR","potentialAction":[{"@type":"ReadAction","target":["https:\/\/www.manetti.com\/fr\/produit\/assiette-a-dorer-italienne\/"]}]},{"@type":"ImageObject","inLanguage":"fr-FR","@id":"https:\/\/www.manetti.com\/fr\/produit\/assiette-a-dorer-italienne\/#primaryimage","url":"https:\/\/www.manetti.com\/wp-content\/uploads\/2023\/10\/BOLO-Italiano-insieme.png","contentUrl":"https:\/\/www.manetti.com\/wp-content\/uploads\/2023\/10\/BOLO-Italiano-insieme.png","width":1000,"height":1000,"caption":"BOLO Italiano insieme"},{"@type":"WebSite","@id":"https:\/\/www.manetti.com\/fr\/#website","url":"https:\/\/www.manetti.com\/fr\/","name":"Giusto Manetti Battiloro","description":"","publisher":{"@id":"https:\/\/www.manetti.com\/fr\/#organization"},"potentialAction":[{"@type":"SearchAction","target":{"@type":"EntryPoint","urlTemplate":"https:\/\/www.manetti.com\/fr\/?s={search_term_string}"},"query-input":{"@type":"PropertyValueSpecification","valueRequired":true,"valueName":"search_term_string"}}],"inLanguage":"fr-FR"},{"@type":"Organization","@id":"https:\/\/www.manetti.com\/fr\/#organization","name":"GIUSTO MANETTI BATTILORO S.P.A.","url":"https:\/\/www.manetti.com\/fr\/","logo":{"@type":"ImageObject","inLanguage":"fr-FR","@id":"https:\/\/www.manetti.com\/fr\/#\/schema\/logo\/image\/","url":"https:\/\/www.manetti.com\/wp-content\/uploads\/2025\/02\/giusto-manetti-blu_300-02.png","contentUrl":"https:\/\/www.manetti.com\/wp-content\/uploads\/2025\/02\/giusto-manetti-blu_300-02.png","width":1123,"height":1093,"caption":"GIUSTO MANETTI BATTILORO S.P.A."},"image":{"@id":"https:\/\/www.manetti.com\/fr\/#\/schema\/logo\/image\/"},"sameAs":["https:\/\/www.facebook.com\/giustomanettibattiloro","https:\/\/www.instagram.com\/giustomanettibattiloro\/","https:\/\/www.linkedin.com\/company\/giusto-manetti-battiloro-s-p-a-\/","https:\/\/www.youtube.com\/user\/ManettiBattiloro"]}]}},"_links":{"self":[{"href":"https:\/\/www.manetti.com\/fr\/wp-json\/wp\/v2\/product\/61613","targetHints":{"allow":["GET"]}}],"collection":[{"href":"https:\/\/www.manetti.com\/fr\/wp-json\/wp\/v2\/product"}],"about":[{"href":"https:\/\/www.manetti.com\/fr\/wp-json\/wp\/v2\/types\/product"}],"wp:featuredmedia":[{"embeddable":true,"href":"https:\/\/www.manetti.com\/fr\/wp-json\/wp\/v2\/media\/66988"}],"wp:attachment":[{"href":"https:\/\/www.manetti.com\/fr\/wp-json\/wp\/v2\/media?parent=61613"}],"wp:term":[{"taxonomy":"product_brand","embeddable":true,"href":"https:\/\/www.manetti.com\/fr\/wp-json\/wp\/v2\/product_brand?post=61613"},{"taxonomy":"product_cat","embeddable":true,"href":"https:\/\/www.manetti.com\/fr\/wp-json\/wp\/v2\/product_cat?post=61613"},{"taxonomy":"product_tag","embeddable":true,"href":"https:\/\/www.manetti.com\/fr\/wp-json\/wp\/v2\/product_tag?post=61613"},{"taxonomy":"product_area","embeddable":true,"href":"https:\/\/www.manetti.com\/fr\/wp-json\/wp\/v2\/product_area?post=61613"},{"taxonomy":"catalog_category","embeddable":true,"href":"https:\/\/www.manetti.com\/fr\/wp-json\/wp\/v2\/catalog_category?post=61613"}],"curies":[{"name":"wp","href":"https:\/\/api.w.org\/{rel}","templated":true}]}}