{"id":62882,"date":"2024-01-11T17:55:43","date_gmt":"2024-01-11T16:55:43","guid":{"rendered":"https:\/\/www.manetti.com\/?post_type=product&#038;p=62882"},"modified":"2025-04-17T16:31:52","modified_gmt":"2025-04-17T14:31:52","slug":"shop-ceramique-bitumineuse","status":"publish","type":"product","link":"https:\/\/www.manetti.com\/fr\/shop\/ceramique-bitumineuse\/","title":{"rendered":"C\u00e9ramique bitumineuse"},"content":{"rendered":"<p>Il s&#8217;agit d&#8217;une finition tr\u00e8s appr\u00e9ci\u00e9e pour les effets anticip\u00e9s qui donnent \u00e0 tous les superficiels dor\u00e9s.<\/p>\n","protected":false},"excerpt":{"rendered":"<p>Il s&#8217;agit d&#8217;une finition tr\u00e8s appr\u00e9ci\u00e9e pour les effets anticip\u00e9s qui donnent \u00e0 tous les superficiels dor\u00e9s. [&#8230;]<\/p>\n<p><a class=\"btn btn-secondary understrap-read-more-link\" href=\"https:\/\/www.manetti.com\/fr\/shop\/ceramique-bitumineuse\/\">Lire la suite&#8230;<\/a><\/p>\n","protected":false},"featured_media":67010,"template":"","meta":{"_acf_changed":false},"product_brand":[],"product_cat":[385],"product_tag":[192],"product_area":[583,655,707],"catalog_category":[],"class_list":{"0":"post-62882","1":"product","2":"type-product","3":"status-publish","4":"has-post-thumbnail","6":"product_cat-finition","7":"product_tag-altri-prodotti-fr","8":"product_area-finitions-and-protection","9":"product_area-finitions-and-protection-finitions","10":"product_area-vernis-protecteur-et-scellement-bitume-et-cires","12":"first","13":"instock","14":"shipping-taxable","15":"product-type-variable"},"acf":[],"yoast_head":"<!-- This site is optimized with the Yoast SEO plugin v26.5 - https:\/\/yoast.com\/wordpress\/plugins\/seo\/ -->\n<title>C\u00e9ramique bitumineuse | Giusto Manetti Battiloro<\/title>\n<meta name=\"description\" content=\"Il s&#039;agit d&#039;une finition tr\u00e8s appr\u00e9ci\u00e9e pour les effets anticip\u00e9s qui donnent \u00e0 tous les superficiels dor\u00e9s.\" \/>\n<meta name=\"robots\" content=\"index, follow, max-snippet:-1, max-image-preview:large, max-video-preview:-1\" \/>\n<link rel=\"canonical\" href=\"https:\/\/www.manetti.com\/fr\/shop\/ceramique-bitumineuse\/\" \/>\n<meta property=\"og:locale\" content=\"fr_FR\" \/>\n<meta property=\"og:type\" content=\"article\" \/>\n<meta property=\"og:title\" content=\"C\u00e9ramique bitumineuse | Giusto Manetti Battiloro\" \/>\n<meta property=\"og:description\" content=\"Il s&#039;agit d&#039;une finition tr\u00e8s appr\u00e9ci\u00e9e pour les effets anticip\u00e9s qui donnent \u00e0 tous les superficiels dor\u00e9s.\" \/>\n<meta property=\"og:url\" content=\"https:\/\/www.manetti.com\/fr\/shop\/ceramique-bitumineuse\/\" \/>\n<meta property=\"og:site_name\" content=\"Giusto Manetti Battiloro\" \/>\n<meta property=\"article:publisher\" content=\"https:\/\/www.facebook.com\/giustomanettibattiloro\" \/>\n<meta property=\"article:modified_time\" content=\"2025-04-17T14:31:52+00:00\" \/>\n<meta property=\"og:image\" content=\"https:\/\/www.manetti.com\/wp-content\/uploads\/2024\/01\/Cera-Bituminosa-1.png\" \/>\n\t<meta property=\"og:image:width\" content=\"1000\" \/>\n\t<meta property=\"og:image:height\" content=\"1000\" \/>\n\t<meta property=\"og:image:type\" content=\"image\/png\" \/>\n<meta name=\"twitter:card\" content=\"summary_large_image\" \/>\n<meta name=\"twitter:label1\" content=\"Dur\u00e9e de lecture estim\u00e9e\" \/>\n\t<meta name=\"twitter:data1\" content=\"1 minute\" \/>\n<script type=\"application\/ld+json\" class=\"yoast-schema-graph\">{\"@context\":\"https:\/\/schema.org\",\"@graph\":[{\"@type\":\"WebPage\",\"@id\":\"https:\/\/www.manetti.com\/fr\/shop\/ceramique-bitumineuse\/\",\"url\":\"https:\/\/www.manetti.com\/fr\/shop\/ceramique-bitumineuse\/\",\"name\":\"C\u00e9ramique bitumineuse | Giusto Manetti Battiloro\",\"isPartOf\":{\"@id\":\"https:\/\/www.manetti.com\/fr\/#website\"},\"primaryImageOfPage\":{\"@id\":\"https:\/\/www.manetti.com\/fr\/shop\/ceramique-bitumineuse\/#primaryimage\"},\"image\":{\"@id\":\"https:\/\/www.manetti.com\/fr\/shop\/ceramique-bitumineuse\/#primaryimage\"},\"thumbnailUrl\":\"https:\/\/www.manetti.com\/wp-content\/uploads\/2024\/01\/Cera-Bituminosa-1.png\",\"datePublished\":\"2024-01-11T16:55:43+00:00\",\"dateModified\":\"2025-04-17T14:31:52+00:00\",\"description\":\"Il s'agit d'une finition tr\u00e8s appr\u00e9ci\u00e9e pour les effets anticip\u00e9s qui donnent \u00e0 tous les superficiels dor\u00e9s.\",\"inLanguage\":\"fr-FR\",\"potentialAction\":[{\"@type\":\"ReadAction\",\"target\":[\"https:\/\/www.manetti.com\/fr\/shop\/ceramique-bitumineuse\/\"]}]},{\"@type\":\"ImageObject\",\"inLanguage\":\"fr-FR\",\"@id\":\"https:\/\/www.manetti.com\/fr\/shop\/ceramique-bitumineuse\/#primaryimage\",\"url\":\"https:\/\/www.manetti.com\/wp-content\/uploads\/2024\/01\/Cera-Bituminosa-1.png\",\"contentUrl\":\"https:\/\/www.manetti.com\/wp-content\/uploads\/2024\/01\/Cera-Bituminosa-1.png\",\"width\":1000,\"height\":1000,\"caption\":\"Cera Bituminosa\"},{\"@type\":\"WebSite\",\"@id\":\"https:\/\/www.manetti.com\/fr\/#website\",\"url\":\"https:\/\/www.manetti.com\/fr\/\",\"name\":\"Giusto Manetti Battiloro\",\"description\":\"\",\"publisher\":{\"@id\":\"https:\/\/www.manetti.com\/fr\/#organization\"},\"potentialAction\":[{\"@type\":\"SearchAction\",\"target\":{\"@type\":\"EntryPoint\",\"urlTemplate\":\"https:\/\/www.manetti.com\/fr\/?s={search_term_string}\"},\"query-input\":{\"@type\":\"PropertyValueSpecification\",\"valueRequired\":true,\"valueName\":\"search_term_string\"}}],\"inLanguage\":\"fr-FR\"},{\"@type\":\"Organization\",\"@id\":\"https:\/\/www.manetti.com\/fr\/#organization\",\"name\":\"GIUSTO MANETTI BATTILORO S.P.A.\",\"url\":\"https:\/\/www.manetti.com\/fr\/\",\"logo\":{\"@type\":\"ImageObject\",\"inLanguage\":\"fr-FR\",\"@id\":\"https:\/\/www.manetti.com\/fr\/#\/schema\/logo\/image\/\",\"url\":\"https:\/\/www.manetti.com\/wp-content\/uploads\/2025\/02\/giusto-manetti-blu_300-02.png\",\"contentUrl\":\"https:\/\/www.manetti.com\/wp-content\/uploads\/2025\/02\/giusto-manetti-blu_300-02.png\",\"width\":1123,\"height\":1093,\"caption\":\"GIUSTO MANETTI BATTILORO S.P.A.\"},\"image\":{\"@id\":\"https:\/\/www.manetti.com\/fr\/#\/schema\/logo\/image\/\"},\"sameAs\":[\"https:\/\/www.facebook.com\/giustomanettibattiloro\",\"https:\/\/www.instagram.com\/giustomanettibattiloro\/\",\"https:\/\/www.linkedin.com\/company\/giusto-manetti-battiloro-s-p-a-\/\",\"https:\/\/www.youtube.com\/user\/ManettiBattiloro\"]}]}<\/script>\n<!-- \/ Yoast SEO plugin. -->","yoast_head_json":{"title":"C\u00e9ramique bitumineuse | Giusto Manetti Battiloro","description":"Il s'agit d'une finition tr\u00e8s appr\u00e9ci\u00e9e pour les effets anticip\u00e9s qui donnent \u00e0 tous les superficiels dor\u00e9s.","robots":{"index":"index","follow":"follow","max-snippet":"max-snippet:-1","max-image-preview":"max-image-preview:large","max-video-preview":"max-video-preview:-1"},"canonical":"https:\/\/www.manetti.com\/fr\/shop\/ceramique-bitumineuse\/","og_locale":"fr_FR","og_type":"article","og_title":"C\u00e9ramique bitumineuse | Giusto Manetti Battiloro","og_description":"Il s'agit d'une finition tr\u00e8s appr\u00e9ci\u00e9e pour les effets anticip\u00e9s qui donnent \u00e0 tous les superficiels dor\u00e9s.","og_url":"https:\/\/www.manetti.com\/fr\/shop\/ceramique-bitumineuse\/","og_site_name":"Giusto Manetti Battiloro","article_publisher":"https:\/\/www.facebook.com\/giustomanettibattiloro","article_modified_time":"2025-04-17T14:31:52+00:00","og_image":[{"width":1000,"height":1000,"url":"https:\/\/www.manetti.com\/wp-content\/uploads\/2024\/01\/Cera-Bituminosa-1.png","type":"image\/png"}],"twitter_card":"summary_large_image","twitter_misc":{"Dur\u00e9e de lecture estim\u00e9e":"1 minute"},"schema":{"@context":"https:\/\/schema.org","@graph":[{"@type":"WebPage","@id":"https:\/\/www.manetti.com\/fr\/shop\/ceramique-bitumineuse\/","url":"https:\/\/www.manetti.com\/fr\/shop\/ceramique-bitumineuse\/","name":"C\u00e9ramique bitumineuse | Giusto Manetti Battiloro","isPartOf":{"@id":"https:\/\/www.manetti.com\/fr\/#website"},"primaryImageOfPage":{"@id":"https:\/\/www.manetti.com\/fr\/shop\/ceramique-bitumineuse\/#primaryimage"},"image":{"@id":"https:\/\/www.manetti.com\/fr\/shop\/ceramique-bitumineuse\/#primaryimage"},"thumbnailUrl":"https:\/\/www.manetti.com\/wp-content\/uploads\/2024\/01\/Cera-Bituminosa-1.png","datePublished":"2024-01-11T16:55:43+00:00","dateModified":"2025-04-17T14:31:52+00:00","description":"Il s'agit d'une finition tr\u00e8s appr\u00e9ci\u00e9e pour les effets anticip\u00e9s qui donnent \u00e0 tous les superficiels dor\u00e9s.","inLanguage":"fr-FR","potentialAction":[{"@type":"ReadAction","target":["https:\/\/www.manetti.com\/fr\/shop\/ceramique-bitumineuse\/"]}]},{"@type":"ImageObject","inLanguage":"fr-FR","@id":"https:\/\/www.manetti.com\/fr\/shop\/ceramique-bitumineuse\/#primaryimage","url":"https:\/\/www.manetti.com\/wp-content\/uploads\/2024\/01\/Cera-Bituminosa-1.png","contentUrl":"https:\/\/www.manetti.com\/wp-content\/uploads\/2024\/01\/Cera-Bituminosa-1.png","width":1000,"height":1000,"caption":"Cera Bituminosa"},{"@type":"WebSite","@id":"https:\/\/www.manetti.com\/fr\/#website","url":"https:\/\/www.manetti.com\/fr\/","name":"Giusto Manetti Battiloro","description":"","publisher":{"@id":"https:\/\/www.manetti.com\/fr\/#organization"},"potentialAction":[{"@type":"SearchAction","target":{"@type":"EntryPoint","urlTemplate":"https:\/\/www.manetti.com\/fr\/?s={search_term_string}"},"query-input":{"@type":"PropertyValueSpecification","valueRequired":true,"valueName":"search_term_string"}}],"inLanguage":"fr-FR"},{"@type":"Organization","@id":"https:\/\/www.manetti.com\/fr\/#organization","name":"GIUSTO MANETTI BATTILORO S.P.A.","url":"https:\/\/www.manetti.com\/fr\/","logo":{"@type":"ImageObject","inLanguage":"fr-FR","@id":"https:\/\/www.manetti.com\/fr\/#\/schema\/logo\/image\/","url":"https:\/\/www.manetti.com\/wp-content\/uploads\/2025\/02\/giusto-manetti-blu_300-02.png","contentUrl":"https:\/\/www.manetti.com\/wp-content\/uploads\/2025\/02\/giusto-manetti-blu_300-02.png","width":1123,"height":1093,"caption":"GIUSTO MANETTI BATTILORO S.P.A."},"image":{"@id":"https:\/\/www.manetti.com\/fr\/#\/schema\/logo\/image\/"},"sameAs":["https:\/\/www.facebook.com\/giustomanettibattiloro","https:\/\/www.instagram.com\/giustomanettibattiloro\/","https:\/\/www.linkedin.com\/company\/giusto-manetti-battiloro-s-p-a-\/","https:\/\/www.youtube.com\/user\/ManettiBattiloro"]}]}},"_links":{"self":[{"href":"https:\/\/www.manetti.com\/fr\/wp-json\/wp\/v2\/product\/62882","targetHints":{"allow":["GET"]}}],"collection":[{"href":"https:\/\/www.manetti.com\/fr\/wp-json\/wp\/v2\/product"}],"about":[{"href":"https:\/\/www.manetti.com\/fr\/wp-json\/wp\/v2\/types\/product"}],"wp:featuredmedia":[{"embeddable":true,"href":"https:\/\/www.manetti.com\/fr\/wp-json\/wp\/v2\/media\/67010"}],"wp:attachment":[{"href":"https:\/\/www.manetti.com\/fr\/wp-json\/wp\/v2\/media?parent=62882"}],"wp:term":[{"taxonomy":"product_brand","embeddable":true,"href":"https:\/\/www.manetti.com\/fr\/wp-json\/wp\/v2\/product_brand?post=62882"},{"taxonomy":"product_cat","embeddable":true,"href":"https:\/\/www.manetti.com\/fr\/wp-json\/wp\/v2\/product_cat?post=62882"},{"taxonomy":"product_tag","embeddable":true,"href":"https:\/\/www.manetti.com\/fr\/wp-json\/wp\/v2\/product_tag?post=62882"},{"taxonomy":"product_area","embeddable":true,"href":"https:\/\/www.manetti.com\/fr\/wp-json\/wp\/v2\/product_area?post=62882"},{"taxonomy":"catalog_category","embeddable":true,"href":"https:\/\/www.manetti.com\/fr\/wp-json\/wp\/v2\/catalog_category?post=62882"}],"curies":[{"name":"wp","href":"https:\/\/api.w.org\/{rel}","templated":true}]}}