{"id":64679,"date":"2024-01-18T12:53:57","date_gmt":"2024-01-18T11:53:57","guid":{"rendered":"https:\/\/www.manetti.com\/?post_type=product&#038;p=64679"},"modified":"2026-01-28T15:51:40","modified_gmt":"2026-01-28T14:51:40","slug":"shop-feuille-dimitation-14-x-14-cm-en-etui-couleur-25","status":"publish","type":"product","link":"https:\/\/www.manetti.com\/fr\/shop\/feuille-dimitation-14-x-14-cm-en-etui-couleur-25\/","title":{"rendered":"Feuille d&#8217;imitation 14 x 14 cm en \u00e9tui &#8211; 25 feuilles &#8211; Couleur 2,5"},"content":{"rendered":"<p>La feuille de dimension 14 x 14 cm est emball\u00e9e en livrets de 25 feuilles et est disponible en format libre ou d\u00e9calcomanie.<\/p>\n<p>La feuille imitation libre peut \u00eatre utilis\u00e9e pour la dorure de surfaces planes ou sculpt\u00e9es.<\/p>\n<p>La feuille coll\u00e9 (transfert), contrairement \u00e0 la feuille libre, est pos\u00e9e sur un support de papier de soie afin de pouvoir \u00eatre plus facilement manipul\u00e9e et est g\u00e9n\u00e9ralement utilis\u00e9e pour la d\u00e9coration de surfaces planes.<\/p>\n","protected":false},"excerpt":{"rendered":"<p>La feuille de dimension 14 x 14 cm est emball\u00e9e en livrets de 25 feuilles et est disponible en format libre ou d\u00e9calcomanie. La feuille imitation libre peut \u00eatre utilis\u00e9e pour la dorure de surfaces planes ou sculpt\u00e9es. La feuille coll\u00e9 (transfert), contrairement \u00e0 la feuille libre, est pos\u00e9e sur un support de papier de [&#8230;]<\/p>\n<p><a class=\"btn btn-secondary understrap-read-more-link\" href=\"https:\/\/www.manetti.com\/fr\/shop\/feuille-dimitation-14-x-14-cm-en-etui-couleur-25\/\">Lire la suite&#8230;<\/a><\/p>\n","protected":false},"featured_media":82819,"template":"","meta":{"_acf_changed":false},"product_brand":[],"product_cat":[176],"product_tag":[],"product_area":[559,663],"catalog_category":[],"class_list":{"0":"post-64679","1":"product","2":"type-product","3":"status-publish","4":"has-post-thumbnail","6":"product_cat-feuille-imitation","7":"product_area-dorure-et-restauration","8":"product_area-dorure-et-restauration-feuille-de-imitation","10":"first","11":"outofstock","12":"shipping-taxable","13":"purchasable","14":"product-type-variable"},"acf":[],"yoast_head":"<!-- This site is optimized with the Yoast SEO plugin v26.5 - https:\/\/yoast.com\/wordpress\/plugins\/seo\/ -->\n<title>Feuille d&#039;imitation 14 x 14 cm en \u00e9tui - Couleur 2,5<\/title>\n<meta name=\"description\" content=\"La feuille de dimension 14 x 14 cm est emball\u00e9e en livrets de 25 feuilles et est disponible en format libre ou d\u00e9calcomanie.\" \/>\n<meta name=\"robots\" content=\"index, follow, max-snippet:-1, max-image-preview:large, max-video-preview:-1\" \/>\n<link rel=\"canonical\" href=\"https:\/\/www.manetti.com\/fr\/shop\/feuille-dimitation-14-x-14-cm-en-etui-couleur-25\/\" \/>\n<meta property=\"og:locale\" content=\"fr_FR\" \/>\n<meta property=\"og:type\" content=\"article\" \/>\n<meta property=\"og:title\" content=\"Feuille d&#039;imitation 14 x 14 cm en \u00e9tui - Couleur 2,5\" \/>\n<meta property=\"og:description\" content=\"La feuille de dimension 14 x 14 cm est emball\u00e9e en livrets de 25 feuilles et est disponible en format libre ou d\u00e9calcomanie.\" \/>\n<meta property=\"og:url\" content=\"https:\/\/www.manetti.com\/fr\/shop\/feuille-dimitation-14-x-14-cm-en-etui-couleur-25\/\" \/>\n<meta property=\"og:site_name\" content=\"Giusto Manetti Battiloro\" \/>\n<meta property=\"article:publisher\" content=\"https:\/\/www.facebook.com\/giustomanettibattiloro\" \/>\n<meta property=\"article:modified_time\" content=\"2026-01-28T14:51:40+00:00\" \/>\n<meta property=\"og:image\" content=\"https:\/\/www.manetti.com\/wp-content\/uploads\/2024\/01\/25_libera-2025-BLISTERLIBRETTO_web-1.png\" \/>\n\t<meta property=\"og:image:width\" content=\"900\" \/>\n\t<meta property=\"og:image:height\" content=\"900\" \/>\n\t<meta property=\"og:image:type\" content=\"image\/png\" \/>\n<meta name=\"twitter:card\" content=\"summary_large_image\" \/>\n<meta name=\"twitter:label1\" content=\"Dur\u00e9e de lecture estim\u00e9e\" \/>\n\t<meta name=\"twitter:data1\" content=\"1 minute\" \/>\n<script type=\"application\/ld+json\" class=\"yoast-schema-graph\">{\"@context\":\"https:\/\/schema.org\",\"@graph\":[{\"@type\":\"WebPage\",\"@id\":\"https:\/\/www.manetti.com\/fr\/shop\/feuille-dimitation-14-x-14-cm-en-etui-couleur-25\/\",\"url\":\"https:\/\/www.manetti.com\/fr\/shop\/feuille-dimitation-14-x-14-cm-en-etui-couleur-25\/\",\"name\":\"Feuille d'imitation 14 x 14 cm en \u00e9tui - Couleur 2,5\",\"isPartOf\":{\"@id\":\"https:\/\/www.manetti.com\/fr\/#website\"},\"primaryImageOfPage\":{\"@id\":\"https:\/\/www.manetti.com\/fr\/shop\/feuille-dimitation-14-x-14-cm-en-etui-couleur-25\/#primaryimage\"},\"image\":{\"@id\":\"https:\/\/www.manetti.com\/fr\/shop\/feuille-dimitation-14-x-14-cm-en-etui-couleur-25\/#primaryimage\"},\"thumbnailUrl\":\"https:\/\/www.manetti.com\/wp-content\/uploads\/2024\/01\/25_libera-2025-BLISTERLIBRETTO_web-1.png\",\"datePublished\":\"2024-01-18T11:53:57+00:00\",\"dateModified\":\"2026-01-28T14:51:40+00:00\",\"description\":\"La feuille de dimension 14 x 14 cm est emball\u00e9e en livrets de 25 feuilles et est disponible en format libre ou d\u00e9calcomanie.\",\"inLanguage\":\"fr-FR\",\"potentialAction\":[{\"@type\":\"ReadAction\",\"target\":[\"https:\/\/www.manetti.com\/fr\/shop\/feuille-dimitation-14-x-14-cm-en-etui-couleur-25\/\"]}]},{\"@type\":\"ImageObject\",\"inLanguage\":\"fr-FR\",\"@id\":\"https:\/\/www.manetti.com\/fr\/shop\/feuille-dimitation-14-x-14-cm-en-etui-couleur-25\/#primaryimage\",\"url\":\"https:\/\/www.manetti.com\/wp-content\/uploads\/2024\/01\/25_libera-2025-BLISTERLIBRETTO_web-1.png\",\"contentUrl\":\"https:\/\/www.manetti.com\/wp-content\/uploads\/2024\/01\/25_libera-2025-BLISTERLIBRETTO_web-1.png\",\"width\":900,\"height\":900},{\"@type\":\"WebSite\",\"@id\":\"https:\/\/www.manetti.com\/fr\/#website\",\"url\":\"https:\/\/www.manetti.com\/fr\/\",\"name\":\"Giusto Manetti Battiloro\",\"description\":\"\",\"publisher\":{\"@id\":\"https:\/\/www.manetti.com\/fr\/#organization\"},\"potentialAction\":[{\"@type\":\"SearchAction\",\"target\":{\"@type\":\"EntryPoint\",\"urlTemplate\":\"https:\/\/www.manetti.com\/fr\/?s={search_term_string}\"},\"query-input\":{\"@type\":\"PropertyValueSpecification\",\"valueRequired\":true,\"valueName\":\"search_term_string\"}}],\"inLanguage\":\"fr-FR\"},{\"@type\":\"Organization\",\"@id\":\"https:\/\/www.manetti.com\/fr\/#organization\",\"name\":\"GIUSTO MANETTI BATTILORO S.P.A.\",\"url\":\"https:\/\/www.manetti.com\/fr\/\",\"logo\":{\"@type\":\"ImageObject\",\"inLanguage\":\"fr-FR\",\"@id\":\"https:\/\/www.manetti.com\/fr\/#\/schema\/logo\/image\/\",\"url\":\"https:\/\/www.manetti.com\/wp-content\/uploads\/2025\/02\/giusto-manetti-blu_300-02.png\",\"contentUrl\":\"https:\/\/www.manetti.com\/wp-content\/uploads\/2025\/02\/giusto-manetti-blu_300-02.png\",\"width\":1123,\"height\":1093,\"caption\":\"GIUSTO MANETTI BATTILORO S.P.A.\"},\"image\":{\"@id\":\"https:\/\/www.manetti.com\/fr\/#\/schema\/logo\/image\/\"},\"sameAs\":[\"https:\/\/www.facebook.com\/giustomanettibattiloro\",\"https:\/\/www.instagram.com\/giustomanettibattiloro\/\",\"https:\/\/www.linkedin.com\/company\/giusto-manetti-battiloro-s-p-a-\/\",\"https:\/\/www.youtube.com\/user\/ManettiBattiloro\"]}]}<\/script>\n<!-- \/ Yoast SEO plugin. -->","yoast_head_json":{"title":"Feuille d'imitation 14 x 14 cm en \u00e9tui - Couleur 2,5","description":"La feuille de dimension 14 x 14 cm est emball\u00e9e en livrets de 25 feuilles et est disponible en format libre ou d\u00e9calcomanie.","robots":{"index":"index","follow":"follow","max-snippet":"max-snippet:-1","max-image-preview":"max-image-preview:large","max-video-preview":"max-video-preview:-1"},"canonical":"https:\/\/www.manetti.com\/fr\/shop\/feuille-dimitation-14-x-14-cm-en-etui-couleur-25\/","og_locale":"fr_FR","og_type":"article","og_title":"Feuille d'imitation 14 x 14 cm en \u00e9tui - Couleur 2,5","og_description":"La feuille de dimension 14 x 14 cm est emball\u00e9e en livrets de 25 feuilles et est disponible en format libre ou d\u00e9calcomanie.","og_url":"https:\/\/www.manetti.com\/fr\/shop\/feuille-dimitation-14-x-14-cm-en-etui-couleur-25\/","og_site_name":"Giusto Manetti Battiloro","article_publisher":"https:\/\/www.facebook.com\/giustomanettibattiloro","article_modified_time":"2026-01-28T14:51:40+00:00","og_image":[{"width":900,"height":900,"url":"https:\/\/www.manetti.com\/wp-content\/uploads\/2024\/01\/25_libera-2025-BLISTERLIBRETTO_web-1.png","type":"image\/png"}],"twitter_card":"summary_large_image","twitter_misc":{"Dur\u00e9e de lecture estim\u00e9e":"1 minute"},"schema":{"@context":"https:\/\/schema.org","@graph":[{"@type":"WebPage","@id":"https:\/\/www.manetti.com\/fr\/shop\/feuille-dimitation-14-x-14-cm-en-etui-couleur-25\/","url":"https:\/\/www.manetti.com\/fr\/shop\/feuille-dimitation-14-x-14-cm-en-etui-couleur-25\/","name":"Feuille d'imitation 14 x 14 cm en \u00e9tui - Couleur 2,5","isPartOf":{"@id":"https:\/\/www.manetti.com\/fr\/#website"},"primaryImageOfPage":{"@id":"https:\/\/www.manetti.com\/fr\/shop\/feuille-dimitation-14-x-14-cm-en-etui-couleur-25\/#primaryimage"},"image":{"@id":"https:\/\/www.manetti.com\/fr\/shop\/feuille-dimitation-14-x-14-cm-en-etui-couleur-25\/#primaryimage"},"thumbnailUrl":"https:\/\/www.manetti.com\/wp-content\/uploads\/2024\/01\/25_libera-2025-BLISTERLIBRETTO_web-1.png","datePublished":"2024-01-18T11:53:57+00:00","dateModified":"2026-01-28T14:51:40+00:00","description":"La feuille de dimension 14 x 14 cm est emball\u00e9e en livrets de 25 feuilles et est disponible en format libre ou d\u00e9calcomanie.","inLanguage":"fr-FR","potentialAction":[{"@type":"ReadAction","target":["https:\/\/www.manetti.com\/fr\/shop\/feuille-dimitation-14-x-14-cm-en-etui-couleur-25\/"]}]},{"@type":"ImageObject","inLanguage":"fr-FR","@id":"https:\/\/www.manetti.com\/fr\/shop\/feuille-dimitation-14-x-14-cm-en-etui-couleur-25\/#primaryimage","url":"https:\/\/www.manetti.com\/wp-content\/uploads\/2024\/01\/25_libera-2025-BLISTERLIBRETTO_web-1.png","contentUrl":"https:\/\/www.manetti.com\/wp-content\/uploads\/2024\/01\/25_libera-2025-BLISTERLIBRETTO_web-1.png","width":900,"height":900},{"@type":"WebSite","@id":"https:\/\/www.manetti.com\/fr\/#website","url":"https:\/\/www.manetti.com\/fr\/","name":"Giusto Manetti Battiloro","description":"","publisher":{"@id":"https:\/\/www.manetti.com\/fr\/#organization"},"potentialAction":[{"@type":"SearchAction","target":{"@type":"EntryPoint","urlTemplate":"https:\/\/www.manetti.com\/fr\/?s={search_term_string}"},"query-input":{"@type":"PropertyValueSpecification","valueRequired":true,"valueName":"search_term_string"}}],"inLanguage":"fr-FR"},{"@type":"Organization","@id":"https:\/\/www.manetti.com\/fr\/#organization","name":"GIUSTO MANETTI BATTILORO S.P.A.","url":"https:\/\/www.manetti.com\/fr\/","logo":{"@type":"ImageObject","inLanguage":"fr-FR","@id":"https:\/\/www.manetti.com\/fr\/#\/schema\/logo\/image\/","url":"https:\/\/www.manetti.com\/wp-content\/uploads\/2025\/02\/giusto-manetti-blu_300-02.png","contentUrl":"https:\/\/www.manetti.com\/wp-content\/uploads\/2025\/02\/giusto-manetti-blu_300-02.png","width":1123,"height":1093,"caption":"GIUSTO MANETTI BATTILORO S.P.A."},"image":{"@id":"https:\/\/www.manetti.com\/fr\/#\/schema\/logo\/image\/"},"sameAs":["https:\/\/www.facebook.com\/giustomanettibattiloro","https:\/\/www.instagram.com\/giustomanettibattiloro\/","https:\/\/www.linkedin.com\/company\/giusto-manetti-battiloro-s-p-a-\/","https:\/\/www.youtube.com\/user\/ManettiBattiloro"]}]}},"_links":{"self":[{"href":"https:\/\/www.manetti.com\/fr\/wp-json\/wp\/v2\/product\/64679","targetHints":{"allow":["GET"]}}],"collection":[{"href":"https:\/\/www.manetti.com\/fr\/wp-json\/wp\/v2\/product"}],"about":[{"href":"https:\/\/www.manetti.com\/fr\/wp-json\/wp\/v2\/types\/product"}],"wp:featuredmedia":[{"embeddable":true,"href":"https:\/\/www.manetti.com\/fr\/wp-json\/wp\/v2\/media\/82819"}],"wp:attachment":[{"href":"https:\/\/www.manetti.com\/fr\/wp-json\/wp\/v2\/media?parent=64679"}],"wp:term":[{"taxonomy":"product_brand","embeddable":true,"href":"https:\/\/www.manetti.com\/fr\/wp-json\/wp\/v2\/product_brand?post=64679"},{"taxonomy":"product_cat","embeddable":true,"href":"https:\/\/www.manetti.com\/fr\/wp-json\/wp\/v2\/product_cat?post=64679"},{"taxonomy":"product_tag","embeddable":true,"href":"https:\/\/www.manetti.com\/fr\/wp-json\/wp\/v2\/product_tag?post=64679"},{"taxonomy":"product_area","embeddable":true,"href":"https:\/\/www.manetti.com\/fr\/wp-json\/wp\/v2\/product_area?post=64679"},{"taxonomy":"catalog_category","embeddable":true,"href":"https:\/\/www.manetti.com\/fr\/wp-json\/wp\/v2\/catalog_category?post=64679"}],"curies":[{"name":"wp","href":"https:\/\/api.w.org\/{rel}","templated":true}]}}