{"id":64943,"date":"2024-01-20T17:16:10","date_gmt":"2024-01-20T16:16:10","guid":{"rendered":"https:\/\/www.manetti.com\/prodotto\/sapone-per-pennello-vegano\/"},"modified":"2024-03-20T11:51:24","modified_gmt":"2024-03-20T10:51:24","slug":"sapone-per-pennello-vegano","status":"publish","type":"product","link":"https:\/\/www.manetti.com\/fr\/produit\/sapone-per-pennello-vegano\/","title":{"rendered":"Savon v\u00e9g\u00e9tal pour pinceaux"},"content":{"rendered":"<p>La formulation du savon permet non seulement de pr\u00e9server les poils, mais aussi d&#8217;assurer un nettoyage en profondeur des pinceaux. Le manche en aluminium et le tampon en silicone dans le capuchon font de ce produit le choix id\u00e9al pour un nettoyage rapide et efficace en toutes circonstances.<\/p>\n<p><strong>Emballage<\/strong>: 30 gr<\/p>\n","protected":false},"excerpt":{"rendered":"<p>La formulation du savon permet non seulement de pr\u00e9server les poils, mais aussi d&#8217;assurer un nettoyage en profondeur des pinceaux. Le manche en aluminium et le tampon en silicone dans le capuchon font de ce produit le choix id\u00e9al pour un nettoyage rapide et efficace en toutes circonstances. Emballage: 30 gr [&#8230;]<\/p>\n<p><a class=\"btn btn-secondary understrap-read-more-link\" href=\"https:\/\/www.manetti.com\/fr\/produit\/sapone-per-pennello-vegano\/\">Lire la suite&#8230;<\/a><\/p>\n","protected":false},"featured_media":68164,"template":"","meta":{"_acf_changed":false},"product_brand":[],"product_cat":[387,178],"product_tag":[],"product_area":[],"catalog_category":[813,980],"class_list":{"0":"post-64943","1":"product","2":"type-product","3":"status-publish","4":"has-post-thumbnail","6":"product_cat-outils","7":"product_cat-accessoires-de-dorure","8":"catalog_category-outils","9":"catalog_category-outils-pinceaux-et-brosse","11":"first","12":"instock","13":"shipping-taxable","14":"product-type-variable"},"acf":[],"yoast_head":"<!-- This site is optimized with the Yoast SEO plugin v26.5 - https:\/\/yoast.com\/wordpress\/plugins\/seo\/ -->\n<title>Savon v\u00e9g\u00e9tal pour pinceaux | Giusto Manetti Battiloro<\/title>\n<meta name=\"description\" content=\"La formulation du savon permet non seulement de pr\u00e9server les poils, mais aussi d&#039;assurer un nettoyage en profondeur des pinceaux. Le manche en aluminium\" \/>\n<meta name=\"robots\" content=\"index, follow, max-snippet:-1, max-image-preview:large, max-video-preview:-1\" \/>\n<link rel=\"canonical\" href=\"https:\/\/www.manetti.com\/fr\/produit\/sapone-per-pennello-vegano\/\" \/>\n<meta property=\"og:locale\" content=\"fr_FR\" \/>\n<meta property=\"og:type\" content=\"article\" \/>\n<meta property=\"og:title\" content=\"Savon v\u00e9g\u00e9tal pour pinceaux | Giusto Manetti Battiloro\" \/>\n<meta property=\"og:description\" content=\"La formulation du savon permet non seulement de pr\u00e9server les poils, mais aussi d&#039;assurer un nettoyage en profondeur des pinceaux. Le manche en aluminium\" \/>\n<meta property=\"og:url\" content=\"https:\/\/www.manetti.com\/fr\/produit\/sapone-per-pennello-vegano\/\" \/>\n<meta property=\"og:site_name\" content=\"Giusto Manetti Battiloro\" \/>\n<meta property=\"article:publisher\" content=\"https:\/\/www.facebook.com\/giustomanettibattiloro\" \/>\n<meta property=\"article:modified_time\" content=\"2024-03-20T10:51:24+00:00\" \/>\n<meta property=\"og:image\" content=\"https:\/\/www.manetti.com\/wp-content\/uploads\/2024\/01\/Sapone-vegano.png\" \/>\n\t<meta property=\"og:image:width\" content=\"1000\" \/>\n\t<meta property=\"og:image:height\" content=\"1000\" \/>\n\t<meta property=\"og:image:type\" content=\"image\/png\" \/>\n<meta name=\"twitter:card\" content=\"summary_large_image\" \/>\n<script type=\"application\/ld+json\" class=\"yoast-schema-graph\">{\"@context\":\"https:\/\/schema.org\",\"@graph\":[{\"@type\":\"WebPage\",\"@id\":\"https:\/\/www.manetti.com\/fr\/produit\/sapone-per-pennello-vegano\/\",\"url\":\"https:\/\/www.manetti.com\/fr\/produit\/sapone-per-pennello-vegano\/\",\"name\":\"Savon v\u00e9g\u00e9tal pour pinceaux | Giusto Manetti Battiloro\",\"isPartOf\":{\"@id\":\"https:\/\/www.manetti.com\/fr\/#website\"},\"primaryImageOfPage\":{\"@id\":\"https:\/\/www.manetti.com\/fr\/produit\/sapone-per-pennello-vegano\/#primaryimage\"},\"image\":{\"@id\":\"https:\/\/www.manetti.com\/fr\/produit\/sapone-per-pennello-vegano\/#primaryimage\"},\"thumbnailUrl\":\"https:\/\/www.manetti.com\/wp-content\/uploads\/2024\/01\/Sapone-vegano.png\",\"datePublished\":\"2024-01-20T16:16:10+00:00\",\"dateModified\":\"2024-03-20T10:51:24+00:00\",\"description\":\"La formulation du savon permet non seulement de pr\u00e9server les poils, mais aussi d'assurer un nettoyage en profondeur des pinceaux. Le manche en aluminium\",\"inLanguage\":\"fr-FR\",\"potentialAction\":[{\"@type\":\"ReadAction\",\"target\":[\"https:\/\/www.manetti.com\/fr\/produit\/sapone-per-pennello-vegano\/\"]}]},{\"@type\":\"ImageObject\",\"inLanguage\":\"fr-FR\",\"@id\":\"https:\/\/www.manetti.com\/fr\/produit\/sapone-per-pennello-vegano\/#primaryimage\",\"url\":\"https:\/\/www.manetti.com\/wp-content\/uploads\/2024\/01\/Sapone-vegano.png\",\"contentUrl\":\"https:\/\/www.manetti.com\/wp-content\/uploads\/2024\/01\/Sapone-vegano.png\",\"width\":1000,\"height\":1000,\"caption\":\"Sapone vegano\"},{\"@type\":\"WebSite\",\"@id\":\"https:\/\/www.manetti.com\/fr\/#website\",\"url\":\"https:\/\/www.manetti.com\/fr\/\",\"name\":\"Giusto Manetti Battiloro\",\"description\":\"\",\"publisher\":{\"@id\":\"https:\/\/www.manetti.com\/fr\/#organization\"},\"potentialAction\":[{\"@type\":\"SearchAction\",\"target\":{\"@type\":\"EntryPoint\",\"urlTemplate\":\"https:\/\/www.manetti.com\/fr\/?s={search_term_string}\"},\"query-input\":{\"@type\":\"PropertyValueSpecification\",\"valueRequired\":true,\"valueName\":\"search_term_string\"}}],\"inLanguage\":\"fr-FR\"},{\"@type\":\"Organization\",\"@id\":\"https:\/\/www.manetti.com\/fr\/#organization\",\"name\":\"GIUSTO MANETTI BATTILORO S.P.A.\",\"url\":\"https:\/\/www.manetti.com\/fr\/\",\"logo\":{\"@type\":\"ImageObject\",\"inLanguage\":\"fr-FR\",\"@id\":\"https:\/\/www.manetti.com\/fr\/#\/schema\/logo\/image\/\",\"url\":\"https:\/\/www.manetti.com\/wp-content\/uploads\/2025\/02\/giusto-manetti-blu_300-02.png\",\"contentUrl\":\"https:\/\/www.manetti.com\/wp-content\/uploads\/2025\/02\/giusto-manetti-blu_300-02.png\",\"width\":1123,\"height\":1093,\"caption\":\"GIUSTO MANETTI BATTILORO S.P.A.\"},\"image\":{\"@id\":\"https:\/\/www.manetti.com\/fr\/#\/schema\/logo\/image\/\"},\"sameAs\":[\"https:\/\/www.facebook.com\/giustomanettibattiloro\",\"https:\/\/www.instagram.com\/giustomanettibattiloro\/\",\"https:\/\/www.linkedin.com\/company\/giusto-manetti-battiloro-s-p-a-\/\",\"https:\/\/www.youtube.com\/user\/ManettiBattiloro\"]}]}<\/script>\n<!-- \/ Yoast SEO plugin. -->","yoast_head_json":{"title":"Savon v\u00e9g\u00e9tal pour pinceaux | Giusto Manetti Battiloro","description":"La formulation du savon permet non seulement de pr\u00e9server les poils, mais aussi d'assurer un nettoyage en profondeur des pinceaux. Le manche en aluminium","robots":{"index":"index","follow":"follow","max-snippet":"max-snippet:-1","max-image-preview":"max-image-preview:large","max-video-preview":"max-video-preview:-1"},"canonical":"https:\/\/www.manetti.com\/fr\/produit\/sapone-per-pennello-vegano\/","og_locale":"fr_FR","og_type":"article","og_title":"Savon v\u00e9g\u00e9tal pour pinceaux | Giusto Manetti Battiloro","og_description":"La formulation du savon permet non seulement de pr\u00e9server les poils, mais aussi d'assurer un nettoyage en profondeur des pinceaux. Le manche en aluminium","og_url":"https:\/\/www.manetti.com\/fr\/produit\/sapone-per-pennello-vegano\/","og_site_name":"Giusto Manetti Battiloro","article_publisher":"https:\/\/www.facebook.com\/giustomanettibattiloro","article_modified_time":"2024-03-20T10:51:24+00:00","og_image":[{"width":1000,"height":1000,"url":"https:\/\/www.manetti.com\/wp-content\/uploads\/2024\/01\/Sapone-vegano.png","type":"image\/png"}],"twitter_card":"summary_large_image","schema":{"@context":"https:\/\/schema.org","@graph":[{"@type":"WebPage","@id":"https:\/\/www.manetti.com\/fr\/produit\/sapone-per-pennello-vegano\/","url":"https:\/\/www.manetti.com\/fr\/produit\/sapone-per-pennello-vegano\/","name":"Savon v\u00e9g\u00e9tal pour pinceaux | Giusto Manetti Battiloro","isPartOf":{"@id":"https:\/\/www.manetti.com\/fr\/#website"},"primaryImageOfPage":{"@id":"https:\/\/www.manetti.com\/fr\/produit\/sapone-per-pennello-vegano\/#primaryimage"},"image":{"@id":"https:\/\/www.manetti.com\/fr\/produit\/sapone-per-pennello-vegano\/#primaryimage"},"thumbnailUrl":"https:\/\/www.manetti.com\/wp-content\/uploads\/2024\/01\/Sapone-vegano.png","datePublished":"2024-01-20T16:16:10+00:00","dateModified":"2024-03-20T10:51:24+00:00","description":"La formulation du savon permet non seulement de pr\u00e9server les poils, mais aussi d'assurer un nettoyage en profondeur des pinceaux. Le manche en aluminium","inLanguage":"fr-FR","potentialAction":[{"@type":"ReadAction","target":["https:\/\/www.manetti.com\/fr\/produit\/sapone-per-pennello-vegano\/"]}]},{"@type":"ImageObject","inLanguage":"fr-FR","@id":"https:\/\/www.manetti.com\/fr\/produit\/sapone-per-pennello-vegano\/#primaryimage","url":"https:\/\/www.manetti.com\/wp-content\/uploads\/2024\/01\/Sapone-vegano.png","contentUrl":"https:\/\/www.manetti.com\/wp-content\/uploads\/2024\/01\/Sapone-vegano.png","width":1000,"height":1000,"caption":"Sapone vegano"},{"@type":"WebSite","@id":"https:\/\/www.manetti.com\/fr\/#website","url":"https:\/\/www.manetti.com\/fr\/","name":"Giusto Manetti Battiloro","description":"","publisher":{"@id":"https:\/\/www.manetti.com\/fr\/#organization"},"potentialAction":[{"@type":"SearchAction","target":{"@type":"EntryPoint","urlTemplate":"https:\/\/www.manetti.com\/fr\/?s={search_term_string}"},"query-input":{"@type":"PropertyValueSpecification","valueRequired":true,"valueName":"search_term_string"}}],"inLanguage":"fr-FR"},{"@type":"Organization","@id":"https:\/\/www.manetti.com\/fr\/#organization","name":"GIUSTO MANETTI BATTILORO S.P.A.","url":"https:\/\/www.manetti.com\/fr\/","logo":{"@type":"ImageObject","inLanguage":"fr-FR","@id":"https:\/\/www.manetti.com\/fr\/#\/schema\/logo\/image\/","url":"https:\/\/www.manetti.com\/wp-content\/uploads\/2025\/02\/giusto-manetti-blu_300-02.png","contentUrl":"https:\/\/www.manetti.com\/wp-content\/uploads\/2025\/02\/giusto-manetti-blu_300-02.png","width":1123,"height":1093,"caption":"GIUSTO MANETTI BATTILORO S.P.A."},"image":{"@id":"https:\/\/www.manetti.com\/fr\/#\/schema\/logo\/image\/"},"sameAs":["https:\/\/www.facebook.com\/giustomanettibattiloro","https:\/\/www.instagram.com\/giustomanettibattiloro\/","https:\/\/www.linkedin.com\/company\/giusto-manetti-battiloro-s-p-a-\/","https:\/\/www.youtube.com\/user\/ManettiBattiloro"]}]}},"_links":{"self":[{"href":"https:\/\/www.manetti.com\/fr\/wp-json\/wp\/v2\/product\/64943","targetHints":{"allow":["GET"]}}],"collection":[{"href":"https:\/\/www.manetti.com\/fr\/wp-json\/wp\/v2\/product"}],"about":[{"href":"https:\/\/www.manetti.com\/fr\/wp-json\/wp\/v2\/types\/product"}],"wp:featuredmedia":[{"embeddable":true,"href":"https:\/\/www.manetti.com\/fr\/wp-json\/wp\/v2\/media\/68164"}],"wp:attachment":[{"href":"https:\/\/www.manetti.com\/fr\/wp-json\/wp\/v2\/media?parent=64943"}],"wp:term":[{"taxonomy":"product_brand","embeddable":true,"href":"https:\/\/www.manetti.com\/fr\/wp-json\/wp\/v2\/product_brand?post=64943"},{"taxonomy":"product_cat","embeddable":true,"href":"https:\/\/www.manetti.com\/fr\/wp-json\/wp\/v2\/product_cat?post=64943"},{"taxonomy":"product_tag","embeddable":true,"href":"https:\/\/www.manetti.com\/fr\/wp-json\/wp\/v2\/product_tag?post=64943"},{"taxonomy":"product_area","embeddable":true,"href":"https:\/\/www.manetti.com\/fr\/wp-json\/wp\/v2\/product_area?post=64943"},{"taxonomy":"catalog_category","embeddable":true,"href":"https:\/\/www.manetti.com\/fr\/wp-json\/wp\/v2\/catalog_category?post=64943"}],"curies":[{"name":"wp","href":"https:\/\/api.w.org\/{rel}","templated":true}]}}