{"id":65037,"date":"2023-12-12T17:38:34","date_gmt":"2023-12-12T16:38:34","guid":{"rendered":"https:\/\/www.manetti.com\/?post_type=product&#038;p=65037"},"modified":"2024-05-31T15:15:09","modified_gmt":"2024-05-31T13:15:09","slug":"bitume-liquide-a-base-deau","status":"publish","type":"product","link":"https:\/\/www.manetti.com\/fr\/produit\/bitume-liquide-a-base-deau\/","title":{"rendered":"Bitume liquide \u00e0 base d&#8217;eau"},"content":{"rendered":"<p>Le bitume \u00e0 l&#8217;eau est un compos\u00e9 liquide pr\u00eat \u00e0 l&#8217;emploi, adapt\u00e9 au patinage et au vieillissement des surfaces dor\u00e9es. Comme il n\u2019est pas inflammable, il peut \u00e9galement \u00eatre exp\u00e9di\u00e9 par voie a\u00e9rienne.<\/p>\n","protected":false},"excerpt":{"rendered":"<p>Le bitume \u00e0 l&#8217;eau est un compos\u00e9 liquide pr\u00eat \u00e0 l&#8217;emploi, adapt\u00e9 au patinage et au vieillissement des surfaces dor\u00e9es. Comme il n\u2019est pas inflammable, il peut \u00e9galement \u00eatre exp\u00e9di\u00e9 par voie a\u00e9rienne. [&#8230;]<\/p>\n<p><a class=\"btn btn-secondary understrap-read-more-link\" href=\"https:\/\/www.manetti.com\/fr\/produit\/bitume-liquide-a-base-deau\/\">Lire la suite&#8230;<\/a><\/p>\n","protected":false},"featured_media":66968,"template":"","meta":{"_acf_changed":false},"product_brand":[],"product_cat":[385],"product_tag":[192],"product_area":[],"catalog_category":[817],"class_list":{"0":"post-65037","1":"product","2":"type-product","3":"status-publish","4":"has-post-thumbnail","6":"product_cat-finition","7":"product_tag-altri-prodotti-fr","8":"catalog_category-finition","10":"first","11":"instock","12":"shipping-taxable","13":"purchasable","14":"product-type-variable"},"acf":[],"yoast_head":"<!-- This site is optimized with the Yoast SEO plugin v26.5 - https:\/\/yoast.com\/wordpress\/plugins\/seo\/ -->\n<title>Bitume liquide \u00e0 base d&#039;eau | Giusto Manetti Battiloro<\/title>\n<meta name=\"description\" content=\"Le bitume \u00e0 l&#039;eau est un compos\u00e9 liquide pr\u00eat \u00e0 l&#039;emploi, adapt\u00e9 au patinage et au vieillissement des surfaces dor\u00e9es. Comme il n\u2019est pas inflammable, il\" \/>\n<meta name=\"robots\" content=\"index, follow, max-snippet:-1, max-image-preview:large, max-video-preview:-1\" \/>\n<link rel=\"canonical\" href=\"https:\/\/www.manetti.com\/fr\/produit\/bitume-liquide-a-base-deau\/\" \/>\n<meta property=\"og:locale\" content=\"fr_FR\" \/>\n<meta property=\"og:type\" content=\"article\" \/>\n<meta property=\"og:title\" content=\"Bitume liquide \u00e0 base d&#039;eau | Giusto Manetti Battiloro\" \/>\n<meta property=\"og:description\" content=\"Le bitume \u00e0 l&#039;eau est un compos\u00e9 liquide pr\u00eat \u00e0 l&#039;emploi, adapt\u00e9 au patinage et au vieillissement des surfaces dor\u00e9es. Comme il n\u2019est pas inflammable, il\" \/>\n<meta property=\"og:url\" content=\"https:\/\/www.manetti.com\/fr\/produit\/bitume-liquide-a-base-deau\/\" \/>\n<meta property=\"og:site_name\" content=\"Giusto Manetti Battiloro\" \/>\n<meta property=\"article:publisher\" content=\"https:\/\/www.facebook.com\/giustomanettibattiloro\" \/>\n<meta property=\"article:modified_time\" content=\"2024-05-31T13:15:09+00:00\" \/>\n<meta property=\"og:image\" content=\"https:\/\/www.manetti.com\/wp-content\/uploads\/2024\/01\/Bitume-Liquido-allAcqua-1.png\" \/>\n\t<meta property=\"og:image:width\" content=\"1000\" \/>\n\t<meta property=\"og:image:height\" content=\"1000\" \/>\n\t<meta property=\"og:image:type\" content=\"image\/png\" \/>\n<meta name=\"twitter:card\" content=\"summary_large_image\" \/>\n<meta name=\"twitter:label1\" content=\"Dur\u00e9e de lecture estim\u00e9e\" \/>\n\t<meta name=\"twitter:data1\" content=\"1 minute\" \/>\n<script type=\"application\/ld+json\" class=\"yoast-schema-graph\">{\"@context\":\"https:\/\/schema.org\",\"@graph\":[{\"@type\":\"WebPage\",\"@id\":\"https:\/\/www.manetti.com\/fr\/produit\/bitume-liquide-a-base-deau\/\",\"url\":\"https:\/\/www.manetti.com\/fr\/produit\/bitume-liquide-a-base-deau\/\",\"name\":\"Bitume liquide \u00e0 base d'eau | Giusto Manetti Battiloro\",\"isPartOf\":{\"@id\":\"https:\/\/www.manetti.com\/fr\/#website\"},\"primaryImageOfPage\":{\"@id\":\"https:\/\/www.manetti.com\/fr\/produit\/bitume-liquide-a-base-deau\/#primaryimage\"},\"image\":{\"@id\":\"https:\/\/www.manetti.com\/fr\/produit\/bitume-liquide-a-base-deau\/#primaryimage\"},\"thumbnailUrl\":\"https:\/\/www.manetti.com\/wp-content\/uploads\/2024\/01\/Bitume-Liquido-allAcqua-1.png\",\"datePublished\":\"2023-12-12T16:38:34+00:00\",\"dateModified\":\"2024-05-31T13:15:09+00:00\",\"description\":\"Le bitume \u00e0 l'eau est un compos\u00e9 liquide pr\u00eat \u00e0 l'emploi, adapt\u00e9 au patinage et au vieillissement des surfaces dor\u00e9es. Comme il n\u2019est pas inflammable, il\",\"inLanguage\":\"fr-FR\",\"potentialAction\":[{\"@type\":\"ReadAction\",\"target\":[\"https:\/\/www.manetti.com\/fr\/produit\/bitume-liquide-a-base-deau\/\"]}]},{\"@type\":\"ImageObject\",\"inLanguage\":\"fr-FR\",\"@id\":\"https:\/\/www.manetti.com\/fr\/produit\/bitume-liquide-a-base-deau\/#primaryimage\",\"url\":\"https:\/\/www.manetti.com\/wp-content\/uploads\/2024\/01\/Bitume-Liquido-allAcqua-1.png\",\"contentUrl\":\"https:\/\/www.manetti.com\/wp-content\/uploads\/2024\/01\/Bitume-Liquido-allAcqua-1.png\",\"width\":1000,\"height\":1000,\"caption\":\"Bitume Liquido all'Acqua\"},{\"@type\":\"WebSite\",\"@id\":\"https:\/\/www.manetti.com\/fr\/#website\",\"url\":\"https:\/\/www.manetti.com\/fr\/\",\"name\":\"Giusto Manetti Battiloro\",\"description\":\"\",\"publisher\":{\"@id\":\"https:\/\/www.manetti.com\/fr\/#organization\"},\"potentialAction\":[{\"@type\":\"SearchAction\",\"target\":{\"@type\":\"EntryPoint\",\"urlTemplate\":\"https:\/\/www.manetti.com\/fr\/?s={search_term_string}\"},\"query-input\":{\"@type\":\"PropertyValueSpecification\",\"valueRequired\":true,\"valueName\":\"search_term_string\"}}],\"inLanguage\":\"fr-FR\"},{\"@type\":\"Organization\",\"@id\":\"https:\/\/www.manetti.com\/fr\/#organization\",\"name\":\"GIUSTO MANETTI BATTILORO S.P.A.\",\"url\":\"https:\/\/www.manetti.com\/fr\/\",\"logo\":{\"@type\":\"ImageObject\",\"inLanguage\":\"fr-FR\",\"@id\":\"https:\/\/www.manetti.com\/fr\/#\/schema\/logo\/image\/\",\"url\":\"https:\/\/www.manetti.com\/wp-content\/uploads\/2025\/02\/giusto-manetti-blu_300-02.png\",\"contentUrl\":\"https:\/\/www.manetti.com\/wp-content\/uploads\/2025\/02\/giusto-manetti-blu_300-02.png\",\"width\":1123,\"height\":1093,\"caption\":\"GIUSTO MANETTI BATTILORO S.P.A.\"},\"image\":{\"@id\":\"https:\/\/www.manetti.com\/fr\/#\/schema\/logo\/image\/\"},\"sameAs\":[\"https:\/\/www.facebook.com\/giustomanettibattiloro\",\"https:\/\/www.instagram.com\/giustomanettibattiloro\/\",\"https:\/\/www.linkedin.com\/company\/giusto-manetti-battiloro-s-p-a-\/\",\"https:\/\/www.youtube.com\/user\/ManettiBattiloro\"]}]}<\/script>\n<!-- \/ Yoast SEO plugin. -->","yoast_head_json":{"title":"Bitume liquide \u00e0 base d'eau | Giusto Manetti Battiloro","description":"Le bitume \u00e0 l'eau est un compos\u00e9 liquide pr\u00eat \u00e0 l'emploi, adapt\u00e9 au patinage et au vieillissement des surfaces dor\u00e9es. Comme il n\u2019est pas inflammable, il","robots":{"index":"index","follow":"follow","max-snippet":"max-snippet:-1","max-image-preview":"max-image-preview:large","max-video-preview":"max-video-preview:-1"},"canonical":"https:\/\/www.manetti.com\/fr\/produit\/bitume-liquide-a-base-deau\/","og_locale":"fr_FR","og_type":"article","og_title":"Bitume liquide \u00e0 base d'eau | Giusto Manetti Battiloro","og_description":"Le bitume \u00e0 l'eau est un compos\u00e9 liquide pr\u00eat \u00e0 l'emploi, adapt\u00e9 au patinage et au vieillissement des surfaces dor\u00e9es. Comme il n\u2019est pas inflammable, il","og_url":"https:\/\/www.manetti.com\/fr\/produit\/bitume-liquide-a-base-deau\/","og_site_name":"Giusto Manetti Battiloro","article_publisher":"https:\/\/www.facebook.com\/giustomanettibattiloro","article_modified_time":"2024-05-31T13:15:09+00:00","og_image":[{"width":1000,"height":1000,"url":"https:\/\/www.manetti.com\/wp-content\/uploads\/2024\/01\/Bitume-Liquido-allAcqua-1.png","type":"image\/png"}],"twitter_card":"summary_large_image","twitter_misc":{"Dur\u00e9e de lecture estim\u00e9e":"1 minute"},"schema":{"@context":"https:\/\/schema.org","@graph":[{"@type":"WebPage","@id":"https:\/\/www.manetti.com\/fr\/produit\/bitume-liquide-a-base-deau\/","url":"https:\/\/www.manetti.com\/fr\/produit\/bitume-liquide-a-base-deau\/","name":"Bitume liquide \u00e0 base d'eau | Giusto Manetti Battiloro","isPartOf":{"@id":"https:\/\/www.manetti.com\/fr\/#website"},"primaryImageOfPage":{"@id":"https:\/\/www.manetti.com\/fr\/produit\/bitume-liquide-a-base-deau\/#primaryimage"},"image":{"@id":"https:\/\/www.manetti.com\/fr\/produit\/bitume-liquide-a-base-deau\/#primaryimage"},"thumbnailUrl":"https:\/\/www.manetti.com\/wp-content\/uploads\/2024\/01\/Bitume-Liquido-allAcqua-1.png","datePublished":"2023-12-12T16:38:34+00:00","dateModified":"2024-05-31T13:15:09+00:00","description":"Le bitume \u00e0 l'eau est un compos\u00e9 liquide pr\u00eat \u00e0 l'emploi, adapt\u00e9 au patinage et au vieillissement des surfaces dor\u00e9es. Comme il n\u2019est pas inflammable, il","inLanguage":"fr-FR","potentialAction":[{"@type":"ReadAction","target":["https:\/\/www.manetti.com\/fr\/produit\/bitume-liquide-a-base-deau\/"]}]},{"@type":"ImageObject","inLanguage":"fr-FR","@id":"https:\/\/www.manetti.com\/fr\/produit\/bitume-liquide-a-base-deau\/#primaryimage","url":"https:\/\/www.manetti.com\/wp-content\/uploads\/2024\/01\/Bitume-Liquido-allAcqua-1.png","contentUrl":"https:\/\/www.manetti.com\/wp-content\/uploads\/2024\/01\/Bitume-Liquido-allAcqua-1.png","width":1000,"height":1000,"caption":"Bitume Liquido all'Acqua"},{"@type":"WebSite","@id":"https:\/\/www.manetti.com\/fr\/#website","url":"https:\/\/www.manetti.com\/fr\/","name":"Giusto Manetti Battiloro","description":"","publisher":{"@id":"https:\/\/www.manetti.com\/fr\/#organization"},"potentialAction":[{"@type":"SearchAction","target":{"@type":"EntryPoint","urlTemplate":"https:\/\/www.manetti.com\/fr\/?s={search_term_string}"},"query-input":{"@type":"PropertyValueSpecification","valueRequired":true,"valueName":"search_term_string"}}],"inLanguage":"fr-FR"},{"@type":"Organization","@id":"https:\/\/www.manetti.com\/fr\/#organization","name":"GIUSTO MANETTI BATTILORO S.P.A.","url":"https:\/\/www.manetti.com\/fr\/","logo":{"@type":"ImageObject","inLanguage":"fr-FR","@id":"https:\/\/www.manetti.com\/fr\/#\/schema\/logo\/image\/","url":"https:\/\/www.manetti.com\/wp-content\/uploads\/2025\/02\/giusto-manetti-blu_300-02.png","contentUrl":"https:\/\/www.manetti.com\/wp-content\/uploads\/2025\/02\/giusto-manetti-blu_300-02.png","width":1123,"height":1093,"caption":"GIUSTO MANETTI BATTILORO S.P.A."},"image":{"@id":"https:\/\/www.manetti.com\/fr\/#\/schema\/logo\/image\/"},"sameAs":["https:\/\/www.facebook.com\/giustomanettibattiloro","https:\/\/www.instagram.com\/giustomanettibattiloro\/","https:\/\/www.linkedin.com\/company\/giusto-manetti-battiloro-s-p-a-\/","https:\/\/www.youtube.com\/user\/ManettiBattiloro"]}]}},"_links":{"self":[{"href":"https:\/\/www.manetti.com\/fr\/wp-json\/wp\/v2\/product\/65037","targetHints":{"allow":["GET"]}}],"collection":[{"href":"https:\/\/www.manetti.com\/fr\/wp-json\/wp\/v2\/product"}],"about":[{"href":"https:\/\/www.manetti.com\/fr\/wp-json\/wp\/v2\/types\/product"}],"wp:featuredmedia":[{"embeddable":true,"href":"https:\/\/www.manetti.com\/fr\/wp-json\/wp\/v2\/media\/66968"}],"wp:attachment":[{"href":"https:\/\/www.manetti.com\/fr\/wp-json\/wp\/v2\/media?parent=65037"}],"wp:term":[{"taxonomy":"product_brand","embeddable":true,"href":"https:\/\/www.manetti.com\/fr\/wp-json\/wp\/v2\/product_brand?post=65037"},{"taxonomy":"product_cat","embeddable":true,"href":"https:\/\/www.manetti.com\/fr\/wp-json\/wp\/v2\/product_cat?post=65037"},{"taxonomy":"product_tag","embeddable":true,"href":"https:\/\/www.manetti.com\/fr\/wp-json\/wp\/v2\/product_tag?post=65037"},{"taxonomy":"product_area","embeddable":true,"href":"https:\/\/www.manetti.com\/fr\/wp-json\/wp\/v2\/product_area?post=65037"},{"taxonomy":"catalog_category","embeddable":true,"href":"https:\/\/www.manetti.com\/fr\/wp-json\/wp\/v2\/catalog_category?post=65037"}],"curies":[{"name":"wp","href":"https:\/\/api.w.org\/{rel}","templated":true}]}}