{"id":65798,"date":"2019-01-17T15:40:56","date_gmt":"2019-01-17T14:40:56","guid":{"rendered":"https:\/\/www.manetti.com\/prodotto\/kit-dorare-una-cornice\/"},"modified":"2025-11-11T14:02:30","modified_gmt":"2025-11-11T13:02:30","slug":"shop-kit-dorer-un-cadre","status":"publish","type":"product","link":"https:\/\/www.manetti.com\/fr\/shop\/kit-dorer-un-cadre\/","title":{"rendered":"Kit &#8211; Dorer un cadre avec feuille d&#8217;or 24 kt"},"content":{"rendered":"<p>Destin\u00e9 aux amateurs, aux d\u00e9butants et aux \u00e9tudiants, le premier kit d&#8217;initiation \u00e0 la dorure d&#8217;un cadre \u00e0 la feuille d&#8217;or v\u00e9ritable 24 kt est con\u00e7u pour ceux qui souhaitent s&#8217;initier facilement \u00e0 cet art d\u00e9coratif fascinant et s\u00e9culaire.<br \/>\nPour compl\u00e9ter le kit, un guide d\u00e9taill\u00e9 qui explique <a href=\"https:\/\/www.manetti.com\/fr\/kit-de-dorure-hobbiesty\/\">chaque phase et chaque \u00e9tape de la dorure<\/a>.<\/p>\n<p>Le kit contient<\/p>\n<ul>\n<li>1\u00a0Livret de feuilles d\u2019or v\u00e9ritable 24\u00a0ct (10\u00a0feuilles autocollantes 8\u00d78\u00a0cm)<\/li>\n<li>1\u00a0Adh\u00e9sif Mission \u00e0 base d\u2019eau de 50\u00a0ml<\/li>\n<li>1\u00a0Pinceau en poils synth\u00e9tiques \u00ab\u00a0Perla\u00a0\u00bb n\u00b0 20<\/li>\n<li>1\u00a0Chiffon \u00e0 dorer<\/li>\n<li>1\u00a0Protection transparente de 50\u00a0ml<\/li>\n<li>1 Cadre \u00e0 dorer en bois de 14&#215;19 cm<\/li>\n<\/ul>\n<p><strong>Dimensions (cm)<\/strong><br \/>\n34 cm x 22,2 cm x 6 cm<\/p>\n<p>&nbsp;<\/p>\n<p><iframe loading=\"lazy\" title=\"YouTube video player\" src=\"https:\/\/www.youtube.com\/embed\/5gmi6UscdWI?si=9aKlOmfiuwig3xU4\" width=\"560\" height=\"315\" frameborder=\"0\" allowfullscreen=\"allowfullscreen\"><\/iframe><\/p>\n","protected":false},"excerpt":{"rendered":"<p>Le premier kit de d\u00e9marrage pour dorer un cadre avec de <strong>vraies feuilles d&#8217;or 24 carats<\/strong>. En quelques \u00e9tapes simples, vous pouvez <strong>apprendre \u00e0 dorer facilement<\/strong>, en transformant un simple cadre en un pr\u00e9cieux chef-d&#8217;\u0153uvre artisanal directement chez vous. Le kit comprend un<strong> guide d\u00e9taill\u00e9<\/strong> qui vous accompagnera pas \u00e0 pas \u00e0 chaque \u00e9tape du processus de dorure!<\/p>\n<p>&nbsp; [&#8230;]<\/p>\n<p><a class=\"btn btn-secondary understrap-read-more-link\" href=\"https:\/\/www.manetti.com\/fr\/shop\/kit-dorer-un-cadre\/\">Lire la suite&#8230;<\/a><\/p>\n","protected":false},"featured_media":73314,"template":"","meta":{"_acf_changed":false},"product_brand":[],"product_cat":[164],"product_tag":[],"product_area":[],"catalog_category":[],"class_list":{"0":"post-65798","1":"product","2":"type-product","3":"status-publish","4":"has-post-thumbnail","6":"product_cat-feuille-dor-veritable","8":"first","9":"instock","10":"shipping-taxable","11":"purchasable","12":"product-type-simple"},"acf":[],"yoast_head":"<!-- This site is optimized with the Yoast SEO plugin v26.5 - https:\/\/yoast.com\/wordpress\/plugins\/seo\/ -->\n<title>Kit - Dorer un cadre avec feuille d&#039;or 24 kt | Giusto Manetti Battiloro<\/title>\n<meta name=\"description\" content=\"Venez d\u00e9couvrir Kit - Dorer un cadre avec feuille d&#039;or 24 kt, l&#039;un des meilleurs produits de Giusto Manetti Battiloro, le premier fabricant mondial de feuilles d&#039;or et d&#039;autres d\u00e9corations impressionnantes !\" \/>\n<meta name=\"robots\" content=\"index, follow, max-snippet:-1, max-image-preview:large, max-video-preview:-1\" \/>\n<link rel=\"canonical\" href=\"https:\/\/www.manetti.com\/fr\/shop\/kit-dorer-un-cadre\/\" \/>\n<meta property=\"og:locale\" content=\"fr_FR\" \/>\n<meta property=\"og:type\" content=\"article\" \/>\n<meta property=\"og:title\" content=\"Kit - Dorer un cadre avec feuille d&#039;or 24 kt | Giusto Manetti Battiloro\" \/>\n<meta property=\"og:description\" content=\"Venez d\u00e9couvrir Kit - Dorer un cadre avec feuille d&#039;or 24 kt, l&#039;un des meilleurs produits de Giusto Manetti Battiloro, le premier fabricant mondial de feuilles d&#039;or et d&#039;autres d\u00e9corations impressionnantes !\" \/>\n<meta property=\"og:url\" content=\"https:\/\/www.manetti.com\/fr\/shop\/kit-dorer-un-cadre\/\" \/>\n<meta property=\"og:site_name\" content=\"Giusto Manetti Battiloro\" \/>\n<meta property=\"article:publisher\" content=\"https:\/\/www.facebook.com\/giustomanettibattiloro\" \/>\n<meta property=\"article:modified_time\" content=\"2025-11-11T13:02:30+00:00\" \/>\n<meta property=\"og:image\" content=\"https:\/\/www.manetti.com\/wp-content\/uploads\/2024\/01\/Kit-gilding-box_web_giustomanettibattiloro.png\" \/>\n\t<meta property=\"og:image:width\" content=\"900\" \/>\n\t<meta property=\"og:image:height\" content=\"900\" \/>\n\t<meta property=\"og:image:type\" content=\"image\/png\" \/>\n<meta name=\"twitter:card\" content=\"summary_large_image\" \/>\n<meta name=\"twitter:label1\" content=\"Dur\u00e9e de lecture estim\u00e9e\" \/>\n\t<meta name=\"twitter:data1\" content=\"1 minute\" \/>\n<script type=\"application\/ld+json\" class=\"yoast-schema-graph\">{\"@context\":\"https:\/\/schema.org\",\"@graph\":[{\"@type\":\"WebPage\",\"@id\":\"https:\/\/www.manetti.com\/fr\/shop\/kit-dorer-un-cadre\/\",\"url\":\"https:\/\/www.manetti.com\/fr\/shop\/kit-dorer-un-cadre\/\",\"name\":\"Kit - Dorer un cadre avec feuille d'or 24 kt | Giusto Manetti Battiloro\",\"isPartOf\":{\"@id\":\"https:\/\/www.manetti.com\/fr\/#website\"},\"primaryImageOfPage\":{\"@id\":\"https:\/\/www.manetti.com\/fr\/shop\/kit-dorer-un-cadre\/#primaryimage\"},\"image\":{\"@id\":\"https:\/\/www.manetti.com\/fr\/shop\/kit-dorer-un-cadre\/#primaryimage\"},\"thumbnailUrl\":\"https:\/\/www.manetti.com\/wp-content\/uploads\/2024\/01\/Kit-gilding-box_web_giustomanettibattiloro.png\",\"datePublished\":\"2019-01-17T14:40:56+00:00\",\"dateModified\":\"2025-11-11T13:02:30+00:00\",\"description\":\"Venez d\u00e9couvrir Kit - Dorer un cadre avec feuille d'or 24 kt, l'un des meilleurs produits de Giusto Manetti Battiloro, le premier fabricant mondial de feuilles d'or et d'autres d\u00e9corations impressionnantes !\",\"inLanguage\":\"fr-FR\",\"potentialAction\":[{\"@type\":\"ReadAction\",\"target\":[\"https:\/\/www.manetti.com\/fr\/shop\/kit-dorer-un-cadre\/\"]}]},{\"@type\":\"ImageObject\",\"inLanguage\":\"fr-FR\",\"@id\":\"https:\/\/www.manetti.com\/fr\/shop\/kit-dorer-un-cadre\/#primaryimage\",\"url\":\"https:\/\/www.manetti.com\/wp-content\/uploads\/2024\/01\/Kit-gilding-box_web_giustomanettibattiloro.png\",\"contentUrl\":\"https:\/\/www.manetti.com\/wp-content\/uploads\/2024\/01\/Kit-gilding-box_web_giustomanettibattiloro.png\",\"width\":900,\"height\":900},{\"@type\":\"WebSite\",\"@id\":\"https:\/\/www.manetti.com\/fr\/#website\",\"url\":\"https:\/\/www.manetti.com\/fr\/\",\"name\":\"Giusto Manetti Battiloro\",\"description\":\"\",\"publisher\":{\"@id\":\"https:\/\/www.manetti.com\/fr\/#organization\"},\"potentialAction\":[{\"@type\":\"SearchAction\",\"target\":{\"@type\":\"EntryPoint\",\"urlTemplate\":\"https:\/\/www.manetti.com\/fr\/?s={search_term_string}\"},\"query-input\":{\"@type\":\"PropertyValueSpecification\",\"valueRequired\":true,\"valueName\":\"search_term_string\"}}],\"inLanguage\":\"fr-FR\"},{\"@type\":\"Organization\",\"@id\":\"https:\/\/www.manetti.com\/fr\/#organization\",\"name\":\"GIUSTO MANETTI BATTILORO S.P.A.\",\"url\":\"https:\/\/www.manetti.com\/fr\/\",\"logo\":{\"@type\":\"ImageObject\",\"inLanguage\":\"fr-FR\",\"@id\":\"https:\/\/www.manetti.com\/fr\/#\/schema\/logo\/image\/\",\"url\":\"https:\/\/www.manetti.com\/wp-content\/uploads\/2025\/02\/giusto-manetti-blu_300-02.png\",\"contentUrl\":\"https:\/\/www.manetti.com\/wp-content\/uploads\/2025\/02\/giusto-manetti-blu_300-02.png\",\"width\":1123,\"height\":1093,\"caption\":\"GIUSTO MANETTI BATTILORO S.P.A.\"},\"image\":{\"@id\":\"https:\/\/www.manetti.com\/fr\/#\/schema\/logo\/image\/\"},\"sameAs\":[\"https:\/\/www.facebook.com\/giustomanettibattiloro\",\"https:\/\/www.instagram.com\/giustomanettibattiloro\/\",\"https:\/\/www.linkedin.com\/company\/giusto-manetti-battiloro-s-p-a-\/\",\"https:\/\/www.youtube.com\/user\/ManettiBattiloro\"]}]}<\/script>\n<!-- \/ Yoast SEO plugin. -->","yoast_head_json":{"title":"Kit - Dorer un cadre avec feuille d'or 24 kt | Giusto Manetti Battiloro","description":"Venez d\u00e9couvrir Kit - Dorer un cadre avec feuille d'or 24 kt, l'un des meilleurs produits de Giusto Manetti Battiloro, le premier fabricant mondial de feuilles d'or et d'autres d\u00e9corations impressionnantes !","robots":{"index":"index","follow":"follow","max-snippet":"max-snippet:-1","max-image-preview":"max-image-preview:large","max-video-preview":"max-video-preview:-1"},"canonical":"https:\/\/www.manetti.com\/fr\/shop\/kit-dorer-un-cadre\/","og_locale":"fr_FR","og_type":"article","og_title":"Kit - Dorer un cadre avec feuille d'or 24 kt | Giusto Manetti Battiloro","og_description":"Venez d\u00e9couvrir Kit - Dorer un cadre avec feuille d'or 24 kt, l'un des meilleurs produits de Giusto Manetti Battiloro, le premier fabricant mondial de feuilles d'or et d'autres d\u00e9corations impressionnantes !","og_url":"https:\/\/www.manetti.com\/fr\/shop\/kit-dorer-un-cadre\/","og_site_name":"Giusto Manetti Battiloro","article_publisher":"https:\/\/www.facebook.com\/giustomanettibattiloro","article_modified_time":"2025-11-11T13:02:30+00:00","og_image":[{"width":900,"height":900,"url":"https:\/\/www.manetti.com\/wp-content\/uploads\/2024\/01\/Kit-gilding-box_web_giustomanettibattiloro.png","type":"image\/png"}],"twitter_card":"summary_large_image","twitter_misc":{"Dur\u00e9e de lecture estim\u00e9e":"1 minute"},"schema":{"@context":"https:\/\/schema.org","@graph":[{"@type":"WebPage","@id":"https:\/\/www.manetti.com\/fr\/shop\/kit-dorer-un-cadre\/","url":"https:\/\/www.manetti.com\/fr\/shop\/kit-dorer-un-cadre\/","name":"Kit - Dorer un cadre avec feuille d'or 24 kt | Giusto Manetti Battiloro","isPartOf":{"@id":"https:\/\/www.manetti.com\/fr\/#website"},"primaryImageOfPage":{"@id":"https:\/\/www.manetti.com\/fr\/shop\/kit-dorer-un-cadre\/#primaryimage"},"image":{"@id":"https:\/\/www.manetti.com\/fr\/shop\/kit-dorer-un-cadre\/#primaryimage"},"thumbnailUrl":"https:\/\/www.manetti.com\/wp-content\/uploads\/2024\/01\/Kit-gilding-box_web_giustomanettibattiloro.png","datePublished":"2019-01-17T14:40:56+00:00","dateModified":"2025-11-11T13:02:30+00:00","description":"Venez d\u00e9couvrir Kit - Dorer un cadre avec feuille d'or 24 kt, l'un des meilleurs produits de Giusto Manetti Battiloro, le premier fabricant mondial de feuilles d'or et d'autres d\u00e9corations impressionnantes !","inLanguage":"fr-FR","potentialAction":[{"@type":"ReadAction","target":["https:\/\/www.manetti.com\/fr\/shop\/kit-dorer-un-cadre\/"]}]},{"@type":"ImageObject","inLanguage":"fr-FR","@id":"https:\/\/www.manetti.com\/fr\/shop\/kit-dorer-un-cadre\/#primaryimage","url":"https:\/\/www.manetti.com\/wp-content\/uploads\/2024\/01\/Kit-gilding-box_web_giustomanettibattiloro.png","contentUrl":"https:\/\/www.manetti.com\/wp-content\/uploads\/2024\/01\/Kit-gilding-box_web_giustomanettibattiloro.png","width":900,"height":900},{"@type":"WebSite","@id":"https:\/\/www.manetti.com\/fr\/#website","url":"https:\/\/www.manetti.com\/fr\/","name":"Giusto Manetti Battiloro","description":"","publisher":{"@id":"https:\/\/www.manetti.com\/fr\/#organization"},"potentialAction":[{"@type":"SearchAction","target":{"@type":"EntryPoint","urlTemplate":"https:\/\/www.manetti.com\/fr\/?s={search_term_string}"},"query-input":{"@type":"PropertyValueSpecification","valueRequired":true,"valueName":"search_term_string"}}],"inLanguage":"fr-FR"},{"@type":"Organization","@id":"https:\/\/www.manetti.com\/fr\/#organization","name":"GIUSTO MANETTI BATTILORO S.P.A.","url":"https:\/\/www.manetti.com\/fr\/","logo":{"@type":"ImageObject","inLanguage":"fr-FR","@id":"https:\/\/www.manetti.com\/fr\/#\/schema\/logo\/image\/","url":"https:\/\/www.manetti.com\/wp-content\/uploads\/2025\/02\/giusto-manetti-blu_300-02.png","contentUrl":"https:\/\/www.manetti.com\/wp-content\/uploads\/2025\/02\/giusto-manetti-blu_300-02.png","width":1123,"height":1093,"caption":"GIUSTO MANETTI BATTILORO S.P.A."},"image":{"@id":"https:\/\/www.manetti.com\/fr\/#\/schema\/logo\/image\/"},"sameAs":["https:\/\/www.facebook.com\/giustomanettibattiloro","https:\/\/www.instagram.com\/giustomanettibattiloro\/","https:\/\/www.linkedin.com\/company\/giusto-manetti-battiloro-s-p-a-\/","https:\/\/www.youtube.com\/user\/ManettiBattiloro"]}]}},"_links":{"self":[{"href":"https:\/\/www.manetti.com\/fr\/wp-json\/wp\/v2\/product\/65798","targetHints":{"allow":["GET"]}}],"collection":[{"href":"https:\/\/www.manetti.com\/fr\/wp-json\/wp\/v2\/product"}],"about":[{"href":"https:\/\/www.manetti.com\/fr\/wp-json\/wp\/v2\/types\/product"}],"wp:featuredmedia":[{"embeddable":true,"href":"https:\/\/www.manetti.com\/fr\/wp-json\/wp\/v2\/media\/73314"}],"wp:attachment":[{"href":"https:\/\/www.manetti.com\/fr\/wp-json\/wp\/v2\/media?parent=65798"}],"wp:term":[{"taxonomy":"product_brand","embeddable":true,"href":"https:\/\/www.manetti.com\/fr\/wp-json\/wp\/v2\/product_brand?post=65798"},{"taxonomy":"product_cat","embeddable":true,"href":"https:\/\/www.manetti.com\/fr\/wp-json\/wp\/v2\/product_cat?post=65798"},{"taxonomy":"product_tag","embeddable":true,"href":"https:\/\/www.manetti.com\/fr\/wp-json\/wp\/v2\/product_tag?post=65798"},{"taxonomy":"product_area","embeddable":true,"href":"https:\/\/www.manetti.com\/fr\/wp-json\/wp\/v2\/product_area?post=65798"},{"taxonomy":"catalog_category","embeddable":true,"href":"https:\/\/www.manetti.com\/fr\/wp-json\/wp\/v2\/catalog_category?post=65798"}],"curies":[{"name":"wp","href":"https:\/\/api.w.org\/{rel}","templated":true}]}}