{"id":65944,"date":"2024-01-18T12:26:44","date_gmt":"2024-01-18T11:26:44","guid":{"rendered":"https:\/\/www.manetti.com\/?post_type=product&#038;p=65944"},"modified":"2024-03-06T11:52:36","modified_gmt":"2024-03-06T10:52:36","slug":"kit-dorer-un-cadre","status":"publish","type":"product","link":"https:\/\/www.manetti.com\/fr\/produit\/kit-dorer-un-cadre\/","title":{"rendered":"Kit &#8211; Dorer un cadre"},"content":{"rendered":"<p>Destin\u00e9 aux amateurs, aux d\u00e9butants et aux \u00e9tudiants, le premier kit d&#8217;initiation \u00e0 la dorure d&#8217;un cadre \u00e0 la feuille d&#8217;or v\u00e9ritable 24 kt est con\u00e7u pour ceux qui souhaitent s&#8217;initier facilement \u00e0 cet art d\u00e9coratif fascinant et s\u00e9culaire. Pour compl\u00e9ter le kit, un guide d\u00e9taill\u00e9 qui explique chaque phase et chaque \u00e9tape de la dorure.<\/p>\n","protected":false},"excerpt":{"rendered":"<p>Le kit contient<\/p>\n<ul>\n<li>feuille d&#8217;or 24 kt<\/li>\n<li>taille \u00e0 l&#8217;eau<\/li>\n<li>pinceau<\/li>\n<li>chiffon<\/li>\n<li>protection<\/li>\n<li>cadre en bois (19 cm x 14 cm)<\/li>\n<\/ul>\n<p><strong>Dimensions (cm)<\/strong><br \/>\n34 cm x 22,2 cm x 6 cm<\/p>\n<p><a href=\"https:\/\/www.manetti.com\/fr\/kit-de-dorure-hobbiesty\/\" target=\"_blank\" rel=\"noopener\">Regardez le tutoriel<\/a> [&#8230;]<\/p>\n<p><a class=\"btn btn-secondary understrap-read-more-link\" href=\"https:\/\/www.manetti.com\/fr\/produit\/kit-dorer-un-cadre\/\">Lire la suite&#8230;<\/a><\/p>\n","protected":false},"featured_media":73314,"template":"","meta":{"_acf_changed":false},"product_brand":[],"product_cat":[466],"product_tag":[],"product_area":[],"catalog_category":[809],"class_list":{"0":"post-65944","1":"product","2":"type-product","3":"status-publish","4":"has-post-thumbnail","6":"product_cat-beaux-arts","7":"catalog_category-kits-de-dorure","9":"first","10":"instock","11":"shipping-taxable","12":"product-type-simple"},"acf":[],"yoast_head":"<!-- This site is optimized with the Yoast SEO plugin v26.5 - https:\/\/yoast.com\/wordpress\/plugins\/seo\/ -->\n<title>Kit - Dorer un cadre | Giusto Manetti Battiloro<\/title>\n<meta name=\"description\" content=\"Destin\u00e9 aux amateurs et \u00e9tudiants, le premier kit de d\u00e9marrage pour dorure d&#039;un cadre avec de vraies feuilles d&#039;or 24 carats est une nouveaut\u00e9 absolue.\" \/>\n<meta name=\"robots\" content=\"index, follow, max-snippet:-1, max-image-preview:large, max-video-preview:-1\" \/>\n<link rel=\"canonical\" href=\"https:\/\/www.manetti.com\/fr\/produit\/kit-dorer-un-cadre\/\" \/>\n<meta property=\"og:locale\" content=\"fr_FR\" \/>\n<meta property=\"og:type\" content=\"article\" \/>\n<meta property=\"og:title\" content=\"Kit - Dorer un cadre | Giusto Manetti Battiloro\" \/>\n<meta property=\"og:description\" content=\"Destin\u00e9 aux amateurs et \u00e9tudiants, le premier kit de d\u00e9marrage pour dorure d&#039;un cadre avec de vraies feuilles d&#039;or 24 carats est une nouveaut\u00e9 absolue.\" \/>\n<meta property=\"og:url\" content=\"https:\/\/www.manetti.com\/fr\/produit\/kit-dorer-un-cadre\/\" \/>\n<meta property=\"og:site_name\" content=\"Giusto Manetti Battiloro\" \/>\n<meta property=\"article:publisher\" content=\"https:\/\/www.facebook.com\/giustomanettibattiloro\" \/>\n<meta property=\"article:modified_time\" content=\"2024-03-06T10:52:36+00:00\" \/>\n<meta property=\"og:image\" content=\"https:\/\/www.manetti.com\/wp-content\/uploads\/2024\/01\/Kit-gilding-box_web_giustomanettibattiloro.png\" \/>\n\t<meta property=\"og:image:width\" content=\"900\" \/>\n\t<meta property=\"og:image:height\" content=\"900\" \/>\n\t<meta property=\"og:image:type\" content=\"image\/png\" \/>\n<meta name=\"twitter:card\" content=\"summary_large_image\" \/>\n<script type=\"application\/ld+json\" class=\"yoast-schema-graph\">{\"@context\":\"https:\/\/schema.org\",\"@graph\":[{\"@type\":\"WebPage\",\"@id\":\"https:\/\/www.manetti.com\/fr\/produit\/kit-dorer-un-cadre\/\",\"url\":\"https:\/\/www.manetti.com\/fr\/produit\/kit-dorer-un-cadre\/\",\"name\":\"Kit - Dorer un cadre | Giusto Manetti Battiloro\",\"isPartOf\":{\"@id\":\"https:\/\/www.manetti.com\/fr\/#website\"},\"primaryImageOfPage\":{\"@id\":\"https:\/\/www.manetti.com\/fr\/produit\/kit-dorer-un-cadre\/#primaryimage\"},\"image\":{\"@id\":\"https:\/\/www.manetti.com\/fr\/produit\/kit-dorer-un-cadre\/#primaryimage\"},\"thumbnailUrl\":\"https:\/\/www.manetti.com\/wp-content\/uploads\/2024\/01\/Kit-gilding-box_web_giustomanettibattiloro.png\",\"datePublished\":\"2024-01-18T11:26:44+00:00\",\"dateModified\":\"2024-03-06T10:52:36+00:00\",\"description\":\"Destin\u00e9 aux amateurs et \u00e9tudiants, le premier kit de d\u00e9marrage pour dorure d'un cadre avec de vraies feuilles d'or 24 carats est une nouveaut\u00e9 absolue.\",\"inLanguage\":\"fr-FR\",\"potentialAction\":[{\"@type\":\"ReadAction\",\"target\":[\"https:\/\/www.manetti.com\/fr\/produit\/kit-dorer-un-cadre\/\"]}]},{\"@type\":\"ImageObject\",\"inLanguage\":\"fr-FR\",\"@id\":\"https:\/\/www.manetti.com\/fr\/produit\/kit-dorer-un-cadre\/#primaryimage\",\"url\":\"https:\/\/www.manetti.com\/wp-content\/uploads\/2024\/01\/Kit-gilding-box_web_giustomanettibattiloro.png\",\"contentUrl\":\"https:\/\/www.manetti.com\/wp-content\/uploads\/2024\/01\/Kit-gilding-box_web_giustomanettibattiloro.png\",\"width\":900,\"height\":900},{\"@type\":\"WebSite\",\"@id\":\"https:\/\/www.manetti.com\/fr\/#website\",\"url\":\"https:\/\/www.manetti.com\/fr\/\",\"name\":\"Giusto Manetti Battiloro\",\"description\":\"\",\"publisher\":{\"@id\":\"https:\/\/www.manetti.com\/fr\/#organization\"},\"potentialAction\":[{\"@type\":\"SearchAction\",\"target\":{\"@type\":\"EntryPoint\",\"urlTemplate\":\"https:\/\/www.manetti.com\/fr\/?s={search_term_string}\"},\"query-input\":{\"@type\":\"PropertyValueSpecification\",\"valueRequired\":true,\"valueName\":\"search_term_string\"}}],\"inLanguage\":\"fr-FR\"},{\"@type\":\"Organization\",\"@id\":\"https:\/\/www.manetti.com\/fr\/#organization\",\"name\":\"GIUSTO MANETTI BATTILORO S.P.A.\",\"url\":\"https:\/\/www.manetti.com\/fr\/\",\"logo\":{\"@type\":\"ImageObject\",\"inLanguage\":\"fr-FR\",\"@id\":\"https:\/\/www.manetti.com\/fr\/#\/schema\/logo\/image\/\",\"url\":\"https:\/\/www.manetti.com\/wp-content\/uploads\/2025\/02\/giusto-manetti-blu_300-02.png\",\"contentUrl\":\"https:\/\/www.manetti.com\/wp-content\/uploads\/2025\/02\/giusto-manetti-blu_300-02.png\",\"width\":1123,\"height\":1093,\"caption\":\"GIUSTO MANETTI BATTILORO S.P.A.\"},\"image\":{\"@id\":\"https:\/\/www.manetti.com\/fr\/#\/schema\/logo\/image\/\"},\"sameAs\":[\"https:\/\/www.facebook.com\/giustomanettibattiloro\",\"https:\/\/www.instagram.com\/giustomanettibattiloro\/\",\"https:\/\/www.linkedin.com\/company\/giusto-manetti-battiloro-s-p-a-\/\",\"https:\/\/www.youtube.com\/user\/ManettiBattiloro\"]}]}<\/script>\n<!-- \/ Yoast SEO plugin. -->","yoast_head_json":{"title":"Kit - Dorer un cadre | Giusto Manetti Battiloro","description":"Destin\u00e9 aux amateurs et \u00e9tudiants, le premier kit de d\u00e9marrage pour dorure d'un cadre avec de vraies feuilles d'or 24 carats est une nouveaut\u00e9 absolue.","robots":{"index":"index","follow":"follow","max-snippet":"max-snippet:-1","max-image-preview":"max-image-preview:large","max-video-preview":"max-video-preview:-1"},"canonical":"https:\/\/www.manetti.com\/fr\/produit\/kit-dorer-un-cadre\/","og_locale":"fr_FR","og_type":"article","og_title":"Kit - Dorer un cadre | Giusto Manetti Battiloro","og_description":"Destin\u00e9 aux amateurs et \u00e9tudiants, le premier kit de d\u00e9marrage pour dorure d'un cadre avec de vraies feuilles d'or 24 carats est une nouveaut\u00e9 absolue.","og_url":"https:\/\/www.manetti.com\/fr\/produit\/kit-dorer-un-cadre\/","og_site_name":"Giusto Manetti Battiloro","article_publisher":"https:\/\/www.facebook.com\/giustomanettibattiloro","article_modified_time":"2024-03-06T10:52:36+00:00","og_image":[{"width":900,"height":900,"url":"https:\/\/www.manetti.com\/wp-content\/uploads\/2024\/01\/Kit-gilding-box_web_giustomanettibattiloro.png","type":"image\/png"}],"twitter_card":"summary_large_image","schema":{"@context":"https:\/\/schema.org","@graph":[{"@type":"WebPage","@id":"https:\/\/www.manetti.com\/fr\/produit\/kit-dorer-un-cadre\/","url":"https:\/\/www.manetti.com\/fr\/produit\/kit-dorer-un-cadre\/","name":"Kit - Dorer un cadre | Giusto Manetti Battiloro","isPartOf":{"@id":"https:\/\/www.manetti.com\/fr\/#website"},"primaryImageOfPage":{"@id":"https:\/\/www.manetti.com\/fr\/produit\/kit-dorer-un-cadre\/#primaryimage"},"image":{"@id":"https:\/\/www.manetti.com\/fr\/produit\/kit-dorer-un-cadre\/#primaryimage"},"thumbnailUrl":"https:\/\/www.manetti.com\/wp-content\/uploads\/2024\/01\/Kit-gilding-box_web_giustomanettibattiloro.png","datePublished":"2024-01-18T11:26:44+00:00","dateModified":"2024-03-06T10:52:36+00:00","description":"Destin\u00e9 aux amateurs et \u00e9tudiants, le premier kit de d\u00e9marrage pour dorure d'un cadre avec de vraies feuilles d'or 24 carats est une nouveaut\u00e9 absolue.","inLanguage":"fr-FR","potentialAction":[{"@type":"ReadAction","target":["https:\/\/www.manetti.com\/fr\/produit\/kit-dorer-un-cadre\/"]}]},{"@type":"ImageObject","inLanguage":"fr-FR","@id":"https:\/\/www.manetti.com\/fr\/produit\/kit-dorer-un-cadre\/#primaryimage","url":"https:\/\/www.manetti.com\/wp-content\/uploads\/2024\/01\/Kit-gilding-box_web_giustomanettibattiloro.png","contentUrl":"https:\/\/www.manetti.com\/wp-content\/uploads\/2024\/01\/Kit-gilding-box_web_giustomanettibattiloro.png","width":900,"height":900},{"@type":"WebSite","@id":"https:\/\/www.manetti.com\/fr\/#website","url":"https:\/\/www.manetti.com\/fr\/","name":"Giusto Manetti Battiloro","description":"","publisher":{"@id":"https:\/\/www.manetti.com\/fr\/#organization"},"potentialAction":[{"@type":"SearchAction","target":{"@type":"EntryPoint","urlTemplate":"https:\/\/www.manetti.com\/fr\/?s={search_term_string}"},"query-input":{"@type":"PropertyValueSpecification","valueRequired":true,"valueName":"search_term_string"}}],"inLanguage":"fr-FR"},{"@type":"Organization","@id":"https:\/\/www.manetti.com\/fr\/#organization","name":"GIUSTO MANETTI BATTILORO S.P.A.","url":"https:\/\/www.manetti.com\/fr\/","logo":{"@type":"ImageObject","inLanguage":"fr-FR","@id":"https:\/\/www.manetti.com\/fr\/#\/schema\/logo\/image\/","url":"https:\/\/www.manetti.com\/wp-content\/uploads\/2025\/02\/giusto-manetti-blu_300-02.png","contentUrl":"https:\/\/www.manetti.com\/wp-content\/uploads\/2025\/02\/giusto-manetti-blu_300-02.png","width":1123,"height":1093,"caption":"GIUSTO MANETTI BATTILORO S.P.A."},"image":{"@id":"https:\/\/www.manetti.com\/fr\/#\/schema\/logo\/image\/"},"sameAs":["https:\/\/www.facebook.com\/giustomanettibattiloro","https:\/\/www.instagram.com\/giustomanettibattiloro\/","https:\/\/www.linkedin.com\/company\/giusto-manetti-battiloro-s-p-a-\/","https:\/\/www.youtube.com\/user\/ManettiBattiloro"]}]}},"_links":{"self":[{"href":"https:\/\/www.manetti.com\/fr\/wp-json\/wp\/v2\/product\/65944","targetHints":{"allow":["GET"]}}],"collection":[{"href":"https:\/\/www.manetti.com\/fr\/wp-json\/wp\/v2\/product"}],"about":[{"href":"https:\/\/www.manetti.com\/fr\/wp-json\/wp\/v2\/types\/product"}],"wp:featuredmedia":[{"embeddable":true,"href":"https:\/\/www.manetti.com\/fr\/wp-json\/wp\/v2\/media\/73314"}],"wp:attachment":[{"href":"https:\/\/www.manetti.com\/fr\/wp-json\/wp\/v2\/media?parent=65944"}],"wp:term":[{"taxonomy":"product_brand","embeddable":true,"href":"https:\/\/www.manetti.com\/fr\/wp-json\/wp\/v2\/product_brand?post=65944"},{"taxonomy":"product_cat","embeddable":true,"href":"https:\/\/www.manetti.com\/fr\/wp-json\/wp\/v2\/product_cat?post=65944"},{"taxonomy":"product_tag","embeddable":true,"href":"https:\/\/www.manetti.com\/fr\/wp-json\/wp\/v2\/product_tag?post=65944"},{"taxonomy":"product_area","embeddable":true,"href":"https:\/\/www.manetti.com\/fr\/wp-json\/wp\/v2\/product_area?post=65944"},{"taxonomy":"catalog_category","embeddable":true,"href":"https:\/\/www.manetti.com\/fr\/wp-json\/wp\/v2\/catalog_category?post=65944"}],"curies":[{"name":"wp","href":"https:\/\/api.w.org\/{rel}","templated":true}]}}