{"id":73811,"date":"2024-03-20T10:15:53","date_gmt":"2024-03-20T09:15:53","guid":{"rendered":"https:\/\/www.manetti.com\/?post_type=product&#038;p=73811"},"modified":"2026-02-11T11:31:32","modified_gmt":"2026-02-11T10:31:32","slug":"shop-or-en-poudre-et-en-coquille","status":"publish","type":"product","link":"https:\/\/www.manetti.com\/fr\/shop\/shop-or-en-poudre-et-en-coquille\/","title":{"rendered":"Or en poudre et en coquille"},"content":{"rendered":"<h1 style=\"color: #c39f5f;\">Or en poudre et en coquille<\/h1>\n<p>La poudre et coquille d\u2019or sont indiqu\u00e9es pour les <strong>retouches de dorure \u00e0 la feuille et pour la dorure de surfaces marquet\u00e9es particuli\u00e8rement travaill\u00e9es<\/strong> et difficiles d&#8217;acc\u00e8s. Disponible en 22 et <strong>23,75kt<\/strong>, la poudre d&#8217;or doit toujours \u00eatre <strong>m\u00e9lang\u00e9e \u00e0 un liant sp\u00e9cifique avant d&#8217;\u00eatre appliqu\u00e9e \u00e0 l&#8217;aide d&#8217;un pinceau \u00e0 pointe fine <\/strong>et poil souple.<\/p>\n<p>L\u2019<strong>or en coquille <\/strong><strong>Manetti<\/strong> est uniquement disponible en 23 carats \u00be. C&#8217;est un m\u00e9lange, <strong>d\u00e9j\u00e0 pr\u00eat \u00e0 l\u2019emploi,<\/strong> d&#8217;<strong>or pur v\u00e9ritable en poudre et de gomme arabique<\/strong>. Il peut \u00eatre appliqu\u00e9 sur la surface \u00e0 d\u00e9corer \u00e0 l&#8217;aide d&#8217;un pinceau \u00e0 pointe fine pr\u00e9c\u00e9demment humidifi\u00e9 \u00e0 l&#8217;eau, comme pour une aquarelle classique.<\/p>\n<div class=\"show_more\"><p class=\"wpsm-show\" style=\"color: #c39f5f; font-size: 100%; text-align: left;\"> Voir plus<\/p><div class=\"wpsm-content\"><\/p>\n<h2>Domaines d&#8217;utilisation<\/h2>\n<p><strong>La <\/strong><strong>dorure \u00e0 la poudre d&#8217;or<\/strong><strong> est une technique pratiqu\u00e9e par des artisans professionnels, tandis que l\u2019utilisation de l&#8217;or en coquille est largement r\u00e9pandue chez les amateurs<\/strong>. Ces deux techniques sont adapt\u00e9es pour <strong>retoucher des d\u00e9tails \u00e0 main libre<\/strong>, comme expliqu\u00e9 en <a href=\"https:\/\/www.manetti.com\/fr\/academie-dorure\/\">d\u00e9tail dans notre section de la Gilding Academy<\/a>. Ce type d\u2019or permet d&#8217;effectuer des <strong>retouches de dorure, notamment sur les surfaces bois\u00e9es de meubles, corniches et ouvrages anciens,<\/strong> mais aussi sur des tableaux et ic\u00f4nes. Concernant la m\u00e9thode d&#8217;application, la <strong>poudre d\u2019or<\/strong> doit tout d&#8217;abord \u00eatre <strong>m\u00e9lang\u00e9e \u00e0 un liant<\/strong>, comme une mixtion \u00e0 base de vernis, de gomme laque d\u00e9cir\u00e9e ou de gomme arabique, pour \u00eatre ensuite <strong>\u00e9tal\u00e9e sur la surface \u00e0 l&#8217;aide d&#8217;un pinceau \u00e0 pointe ronde<\/strong> pour ex\u00e9cuter des d\u00e9tails ou effectuer des retouches, <strong>ou encore avec un pinceau \u00e0 pointe plate<\/strong> pour de plus grandes surfaces.<\/p>\n<p>Pour la <strong>dorure \u00e0 l\u2019or en coquille<\/strong> (ou pastille) on pr\u00e9l\u00e8vera la quantit\u00e9 d&#8217;or n\u00e9cessaire avec la pointe humidifi\u00e9e d&#8217;un pinceau (dont la taille variera selon la forme et les dimensions de la surface \u00e0 d\u00e9corer) <strong>pour l&#8217;appliquer directement<\/strong>. <strong>Nos experts se tiennent \u00e0 votre disposition pour vous conseiller sur le produit et les techniques d&#8217;application les plus adapt\u00e9s selon l&#8217;affectation pr\u00e9vue<\/strong>.<\/p>\n<p> <p class=\"wpsm-hide\" style=\"color: #c39f5f; font-size: 100%; text-align: left;\"> Voir moins<\/p><\/div><\/div>\n","protected":false},"excerpt":{"rendered":"<p>A appliquer au pinceau, les poudres et les coquilles sont les formats les plus adapt\u00e9s pour les retouches et pour la dorure de surfaces incrust\u00e9es ou tr\u00e8s irr\u00e9guli\u00e8res. [&#8230;]<\/p>\n<p><a class=\"btn btn-secondary understrap-read-more-link\" href=\"https:\/\/www.manetti.com\/fr\/shop\/shop-or-en-poudre-et-en-coquille\/\">Lire la suite&#8230;<\/a><\/p>\n","protected":false},"featured_media":73995,"template":"","meta":{"_acf_changed":false},"product_brand":[],"product_cat":[164],"product_tag":[319],"product_area":[559,667],"catalog_category":[],"class_list":{"0":"post-73811","1":"product","2":"type-product","3":"status-publish","4":"has-post-thumbnail","6":"product_cat-feuille-dor-veritable","7":"product_tag-polveri-e-conchiglie-fr","8":"product_area-dorure-et-restauration","9":"product_area-dorure-et-restauration-or-et-argent-en-poudre-et-en-coquille","11":"first","12":"instock","13":"shipping-taxable","14":"purchasable","15":"product-type-variable"},"acf":[],"yoast_head":"<!-- This site is optimized with the Yoast SEO plugin v26.5 - https:\/\/yoast.com\/wordpress\/plugins\/seo\/ -->\n<title>Or en poudre et en coquille - batteur d\u2019or Manetti<\/title>\n<meta name=\"description\" content=\"A appliquer au pinceau, les poudres et les coquilles sont les formats les plus adapt\u00e9s pour les retouches et pour la dorure de surfaces incrust\u00e9es ou tr\u00e8s irr\u00e9guli\u00e8res.\" \/>\n<meta name=\"robots\" content=\"index, follow, max-snippet:-1, max-image-preview:large, max-video-preview:-1\" \/>\n<link rel=\"canonical\" href=\"https:\/\/www.manetti.com\/fr\/shop\/shop-or-en-poudre-et-en-coquille\/\" \/>\n<meta property=\"og:locale\" content=\"fr_FR\" \/>\n<meta property=\"og:type\" content=\"article\" \/>\n<meta property=\"og:title\" content=\"Or en poudre et en coquille - batteur d\u2019or Manetti\" \/>\n<meta property=\"og:description\" content=\"A appliquer au pinceau, les poudres et les coquilles sont les formats les plus adapt\u00e9s pour les retouches et pour la dorure de surfaces incrust\u00e9es ou tr\u00e8s irr\u00e9guli\u00e8res.\" \/>\n<meta property=\"og:url\" content=\"https:\/\/www.manetti.com\/fr\/shop\/shop-or-en-poudre-et-en-coquille\/\" \/>\n<meta property=\"og:site_name\" content=\"Giusto Manetti Battiloro\" \/>\n<meta property=\"article:publisher\" content=\"https:\/\/www.facebook.com\/giustomanettibattiloro\" \/>\n<meta property=\"article:modified_time\" content=\"2026-02-11T10:31:32+00:00\" \/>\n<meta property=\"og:image\" content=\"https:\/\/www.manetti.com\/wp-content\/uploads\/2024\/03\/FogliaOro_PolvereOro-ConchigliaOro_giustomanettibattiloro.png\" \/>\n\t<meta property=\"og:image:width\" content=\"900\" \/>\n\t<meta property=\"og:image:height\" content=\"900\" \/>\n\t<meta property=\"og:image:type\" content=\"image\/png\" \/>\n<meta name=\"twitter:card\" content=\"summary_large_image\" \/>\n<meta name=\"twitter:label1\" content=\"Dur\u00e9e de lecture estim\u00e9e\" \/>\n\t<meta name=\"twitter:data1\" content=\"2 minutes\" \/>\n<script type=\"application\/ld+json\" class=\"yoast-schema-graph\">{\"@context\":\"https:\/\/schema.org\",\"@graph\":[{\"@type\":\"WebPage\",\"@id\":\"https:\/\/www.manetti.com\/fr\/shop\/shop-or-en-poudre-et-en-coquille\/\",\"url\":\"https:\/\/www.manetti.com\/fr\/shop\/shop-or-en-poudre-et-en-coquille\/\",\"name\":\"Or en poudre et en coquille - batteur d\u2019or Manetti\",\"isPartOf\":{\"@id\":\"https:\/\/www.manetti.com\/fr\/#website\"},\"primaryImageOfPage\":{\"@id\":\"https:\/\/www.manetti.com\/fr\/shop\/shop-or-en-poudre-et-en-coquille\/#primaryimage\"},\"image\":{\"@id\":\"https:\/\/www.manetti.com\/fr\/shop\/shop-or-en-poudre-et-en-coquille\/#primaryimage\"},\"thumbnailUrl\":\"https:\/\/www.manetti.com\/wp-content\/uploads\/2024\/03\/FogliaOro_PolvereOro-ConchigliaOro_giustomanettibattiloro.png\",\"datePublished\":\"2024-03-20T09:15:53+00:00\",\"dateModified\":\"2026-02-11T10:31:32+00:00\",\"description\":\"A appliquer au pinceau, les poudres et les coquilles sont les formats les plus adapt\u00e9s pour les retouches et pour la dorure de surfaces incrust\u00e9es ou tr\u00e8s irr\u00e9guli\u00e8res.\",\"inLanguage\":\"fr-FR\",\"potentialAction\":[{\"@type\":\"ReadAction\",\"target\":[\"https:\/\/www.manetti.com\/fr\/shop\/shop-or-en-poudre-et-en-coquille\/\"]}]},{\"@type\":\"ImageObject\",\"inLanguage\":\"fr-FR\",\"@id\":\"https:\/\/www.manetti.com\/fr\/shop\/shop-or-en-poudre-et-en-coquille\/#primaryimage\",\"url\":\"https:\/\/www.manetti.com\/wp-content\/uploads\/2024\/03\/FogliaOro_PolvereOro-ConchigliaOro_giustomanettibattiloro.png\",\"contentUrl\":\"https:\/\/www.manetti.com\/wp-content\/uploads\/2024\/03\/FogliaOro_PolvereOro-ConchigliaOro_giustomanettibattiloro.png\",\"width\":900,\"height\":900},{\"@type\":\"WebSite\",\"@id\":\"https:\/\/www.manetti.com\/fr\/#website\",\"url\":\"https:\/\/www.manetti.com\/fr\/\",\"name\":\"Giusto Manetti Battiloro\",\"description\":\"\",\"publisher\":{\"@id\":\"https:\/\/www.manetti.com\/fr\/#organization\"},\"potentialAction\":[{\"@type\":\"SearchAction\",\"target\":{\"@type\":\"EntryPoint\",\"urlTemplate\":\"https:\/\/www.manetti.com\/fr\/?s={search_term_string}\"},\"query-input\":{\"@type\":\"PropertyValueSpecification\",\"valueRequired\":true,\"valueName\":\"search_term_string\"}}],\"inLanguage\":\"fr-FR\"},{\"@type\":\"Organization\",\"@id\":\"https:\/\/www.manetti.com\/fr\/#organization\",\"name\":\"GIUSTO MANETTI BATTILORO S.P.A.\",\"url\":\"https:\/\/www.manetti.com\/fr\/\",\"logo\":{\"@type\":\"ImageObject\",\"inLanguage\":\"fr-FR\",\"@id\":\"https:\/\/www.manetti.com\/fr\/#\/schema\/logo\/image\/\",\"url\":\"https:\/\/www.manetti.com\/wp-content\/uploads\/2025\/02\/giusto-manetti-blu_300-02.png\",\"contentUrl\":\"https:\/\/www.manetti.com\/wp-content\/uploads\/2025\/02\/giusto-manetti-blu_300-02.png\",\"width\":1123,\"height\":1093,\"caption\":\"GIUSTO MANETTI BATTILORO S.P.A.\"},\"image\":{\"@id\":\"https:\/\/www.manetti.com\/fr\/#\/schema\/logo\/image\/\"},\"sameAs\":[\"https:\/\/www.facebook.com\/giustomanettibattiloro\",\"https:\/\/www.instagram.com\/giustomanettibattiloro\/\",\"https:\/\/www.linkedin.com\/company\/giusto-manetti-battiloro-s-p-a-\/\",\"https:\/\/www.youtube.com\/user\/ManettiBattiloro\"]}]}<\/script>\n<!-- \/ Yoast SEO plugin. -->","yoast_head_json":{"title":"Or en poudre et en coquille - batteur d\u2019or Manetti","description":"A appliquer au pinceau, les poudres et les coquilles sont les formats les plus adapt\u00e9s pour les retouches et pour la dorure de surfaces incrust\u00e9es ou tr\u00e8s irr\u00e9guli\u00e8res.","robots":{"index":"index","follow":"follow","max-snippet":"max-snippet:-1","max-image-preview":"max-image-preview:large","max-video-preview":"max-video-preview:-1"},"canonical":"https:\/\/www.manetti.com\/fr\/shop\/shop-or-en-poudre-et-en-coquille\/","og_locale":"fr_FR","og_type":"article","og_title":"Or en poudre et en coquille - batteur d\u2019or Manetti","og_description":"A appliquer au pinceau, les poudres et les coquilles sont les formats les plus adapt\u00e9s pour les retouches et pour la dorure de surfaces incrust\u00e9es ou tr\u00e8s irr\u00e9guli\u00e8res.","og_url":"https:\/\/www.manetti.com\/fr\/shop\/shop-or-en-poudre-et-en-coquille\/","og_site_name":"Giusto Manetti Battiloro","article_publisher":"https:\/\/www.facebook.com\/giustomanettibattiloro","article_modified_time":"2026-02-11T10:31:32+00:00","og_image":[{"width":900,"height":900,"url":"https:\/\/www.manetti.com\/wp-content\/uploads\/2024\/03\/FogliaOro_PolvereOro-ConchigliaOro_giustomanettibattiloro.png","type":"image\/png"}],"twitter_card":"summary_large_image","twitter_misc":{"Dur\u00e9e de lecture estim\u00e9e":"2 minutes"},"schema":{"@context":"https:\/\/schema.org","@graph":[{"@type":"WebPage","@id":"https:\/\/www.manetti.com\/fr\/shop\/shop-or-en-poudre-et-en-coquille\/","url":"https:\/\/www.manetti.com\/fr\/shop\/shop-or-en-poudre-et-en-coquille\/","name":"Or en poudre et en coquille - batteur d\u2019or Manetti","isPartOf":{"@id":"https:\/\/www.manetti.com\/fr\/#website"},"primaryImageOfPage":{"@id":"https:\/\/www.manetti.com\/fr\/shop\/shop-or-en-poudre-et-en-coquille\/#primaryimage"},"image":{"@id":"https:\/\/www.manetti.com\/fr\/shop\/shop-or-en-poudre-et-en-coquille\/#primaryimage"},"thumbnailUrl":"https:\/\/www.manetti.com\/wp-content\/uploads\/2024\/03\/FogliaOro_PolvereOro-ConchigliaOro_giustomanettibattiloro.png","datePublished":"2024-03-20T09:15:53+00:00","dateModified":"2026-02-11T10:31:32+00:00","description":"A appliquer au pinceau, les poudres et les coquilles sont les formats les plus adapt\u00e9s pour les retouches et pour la dorure de surfaces incrust\u00e9es ou tr\u00e8s irr\u00e9guli\u00e8res.","inLanguage":"fr-FR","potentialAction":[{"@type":"ReadAction","target":["https:\/\/www.manetti.com\/fr\/shop\/shop-or-en-poudre-et-en-coquille\/"]}]},{"@type":"ImageObject","inLanguage":"fr-FR","@id":"https:\/\/www.manetti.com\/fr\/shop\/shop-or-en-poudre-et-en-coquille\/#primaryimage","url":"https:\/\/www.manetti.com\/wp-content\/uploads\/2024\/03\/FogliaOro_PolvereOro-ConchigliaOro_giustomanettibattiloro.png","contentUrl":"https:\/\/www.manetti.com\/wp-content\/uploads\/2024\/03\/FogliaOro_PolvereOro-ConchigliaOro_giustomanettibattiloro.png","width":900,"height":900},{"@type":"WebSite","@id":"https:\/\/www.manetti.com\/fr\/#website","url":"https:\/\/www.manetti.com\/fr\/","name":"Giusto Manetti Battiloro","description":"","publisher":{"@id":"https:\/\/www.manetti.com\/fr\/#organization"},"potentialAction":[{"@type":"SearchAction","target":{"@type":"EntryPoint","urlTemplate":"https:\/\/www.manetti.com\/fr\/?s={search_term_string}"},"query-input":{"@type":"PropertyValueSpecification","valueRequired":true,"valueName":"search_term_string"}}],"inLanguage":"fr-FR"},{"@type":"Organization","@id":"https:\/\/www.manetti.com\/fr\/#organization","name":"GIUSTO MANETTI BATTILORO S.P.A.","url":"https:\/\/www.manetti.com\/fr\/","logo":{"@type":"ImageObject","inLanguage":"fr-FR","@id":"https:\/\/www.manetti.com\/fr\/#\/schema\/logo\/image\/","url":"https:\/\/www.manetti.com\/wp-content\/uploads\/2025\/02\/giusto-manetti-blu_300-02.png","contentUrl":"https:\/\/www.manetti.com\/wp-content\/uploads\/2025\/02\/giusto-manetti-blu_300-02.png","width":1123,"height":1093,"caption":"GIUSTO MANETTI BATTILORO S.P.A."},"image":{"@id":"https:\/\/www.manetti.com\/fr\/#\/schema\/logo\/image\/"},"sameAs":["https:\/\/www.facebook.com\/giustomanettibattiloro","https:\/\/www.instagram.com\/giustomanettibattiloro\/","https:\/\/www.linkedin.com\/company\/giusto-manetti-battiloro-s-p-a-\/","https:\/\/www.youtube.com\/user\/ManettiBattiloro"]}]}},"_links":{"self":[{"href":"https:\/\/www.manetti.com\/fr\/wp-json\/wp\/v2\/product\/73811","targetHints":{"allow":["GET"]}}],"collection":[{"href":"https:\/\/www.manetti.com\/fr\/wp-json\/wp\/v2\/product"}],"about":[{"href":"https:\/\/www.manetti.com\/fr\/wp-json\/wp\/v2\/types\/product"}],"wp:featuredmedia":[{"embeddable":true,"href":"https:\/\/www.manetti.com\/fr\/wp-json\/wp\/v2\/media\/73995"}],"wp:attachment":[{"href":"https:\/\/www.manetti.com\/fr\/wp-json\/wp\/v2\/media?parent=73811"}],"wp:term":[{"taxonomy":"product_brand","embeddable":true,"href":"https:\/\/www.manetti.com\/fr\/wp-json\/wp\/v2\/product_brand?post=73811"},{"taxonomy":"product_cat","embeddable":true,"href":"https:\/\/www.manetti.com\/fr\/wp-json\/wp\/v2\/product_cat?post=73811"},{"taxonomy":"product_tag","embeddable":true,"href":"https:\/\/www.manetti.com\/fr\/wp-json\/wp\/v2\/product_tag?post=73811"},{"taxonomy":"product_area","embeddable":true,"href":"https:\/\/www.manetti.com\/fr\/wp-json\/wp\/v2\/product_area?post=73811"},{"taxonomy":"catalog_category","embeddable":true,"href":"https:\/\/www.manetti.com\/fr\/wp-json\/wp\/v2\/catalog_category?post=73811"}],"curies":[{"name":"wp","href":"https:\/\/api.w.org\/{rel}","templated":true}]}}