{"id":76639,"date":"2019-11-13T10:10:17","date_gmt":"2019-11-13T09:10:17","guid":{"rendered":"https:\/\/www.manetti.com\/?post_type=product&#038;p=76639"},"modified":"2026-02-05T14:51:02","modified_gmt":"2026-02-05T13:51:02","slug":"shop-mixtion-wunda-size-copia","status":"publish","type":"product","link":"https:\/\/www.manetti.com\/fr\/shop\/shop-mixtion-wunda-size\/","title":{"rendered":"Mixtion Wunda Size"},"content":{"rendered":"<p>Colle pour la dorure int\u00e9rieure sur bois, pl\u00e2tre, stuc.<\/p>\n","protected":false},"excerpt":{"rendered":"<p>Colle pour la dorure int\u00e9rieure sur bois, pl\u00e2tre, stuc. [&#8230;]<\/p>\n<p><a class=\"btn btn-secondary understrap-read-more-link\" href=\"https:\/\/www.manetti.com\/fr\/shop\/shop-mixtion-wunda-size\/\">Lire la suite&#8230;<\/a><\/p>\n","protected":false},"featured_media":77773,"template":"","meta":{"_acf_changed":false},"product_brand":[],"product_cat":[384],"product_tag":[186],"product_area":[559,659],"catalog_category":[],"class_list":{"0":"post-76639","1":"product","2":"type-product","3":"status-publish","4":"has-post-thumbnail","6":"product_cat-dorure-a-lhuile","7":"product_tag-missioni-fr","8":"product_area-dorure-et-restauration","9":"product_area-dorure-et-restauration-mixtion-colle","11":"first","12":"instock","13":"shipping-taxable","14":"purchasable","15":"product-type-variable"},"acf":[],"yoast_head":"<!-- This site is optimized with the Yoast SEO plugin v26.5 - https:\/\/yoast.com\/wordpress\/plugins\/seo\/ -->\n<title>Mixtion Wunda Size | Giusto Manetti Battiloro<\/title>\n<meta name=\"description\" content=\"Ac\u00e9tate de vinyle (environ 0,5 %) en dispersion aqueuse pour un collage instantan\u00e9 (10 min.). Colle pour la dorure int\u00e9rieure sur bois, pl\u00e2tre, stuc.\" \/>\n<meta name=\"robots\" content=\"noindex, nofollow\" \/>\n<meta property=\"og:locale\" content=\"fr_FR\" \/>\n<meta property=\"og:type\" content=\"article\" \/>\n<meta property=\"og:title\" content=\"Mixtion Wunda Size | Giusto Manetti Battiloro\" \/>\n<meta property=\"og:description\" content=\"Ac\u00e9tate de vinyle (environ 0,5 %) en dispersion aqueuse pour un collage instantan\u00e9 (10 min.). Colle pour la dorure int\u00e9rieure sur bois, pl\u00e2tre, stuc.\" \/>\n<meta property=\"og:url\" content=\"https:\/\/www.manetti.com\/fr\/shop\/shop-mixtion-wunda-size\/\" \/>\n<meta property=\"og:site_name\" content=\"Giusto Manetti Battiloro\" \/>\n<meta property=\"article:publisher\" content=\"https:\/\/www.facebook.com\/giustomanettibattiloro\" \/>\n<meta property=\"article:modified_time\" content=\"2026-02-05T13:51:02+00:00\" \/>\n<meta property=\"og:image\" content=\"https:\/\/www.manetti.com\/wp-content\/uploads\/2023\/11\/Wunda-125ml_WEB.png\" \/>\n\t<meta property=\"og:image:width\" content=\"900\" \/>\n\t<meta property=\"og:image:height\" content=\"900\" \/>\n\t<meta property=\"og:image:type\" content=\"image\/png\" \/>\n<meta name=\"twitter:card\" content=\"summary_large_image\" \/>\n<meta name=\"twitter:label1\" content=\"Dur\u00e9e de lecture estim\u00e9e\" \/>\n\t<meta name=\"twitter:data1\" content=\"1 minute\" \/>\n<script type=\"application\/ld+json\" class=\"yoast-schema-graph\">{\"@context\":\"https:\/\/schema.org\",\"@graph\":[{\"@type\":\"WebPage\",\"@id\":\"https:\/\/www.manetti.com\/fr\/shop\/shop-mixtion-wunda-size\/\",\"url\":\"https:\/\/www.manetti.com\/fr\/shop\/shop-mixtion-wunda-size\/\",\"name\":\"Mixtion Wunda Size | Giusto Manetti Battiloro\",\"isPartOf\":{\"@id\":\"https:\/\/www.manetti.com\/fr\/#website\"},\"primaryImageOfPage\":{\"@id\":\"https:\/\/www.manetti.com\/fr\/shop\/shop-mixtion-wunda-size\/#primaryimage\"},\"image\":{\"@id\":\"https:\/\/www.manetti.com\/fr\/shop\/shop-mixtion-wunda-size\/#primaryimage\"},\"thumbnailUrl\":\"https:\/\/www.manetti.com\/wp-content\/uploads\/2023\/11\/Wunda-125ml_WEB.png\",\"datePublished\":\"2019-11-13T09:10:17+00:00\",\"dateModified\":\"2026-02-05T13:51:02+00:00\",\"description\":\"Ac\u00e9tate de vinyle (environ 0,5 %) en dispersion aqueuse pour un collage instantan\u00e9 (10 min.). Colle pour la dorure int\u00e9rieure sur bois, pl\u00e2tre, stuc.\",\"inLanguage\":\"fr-FR\",\"potentialAction\":[{\"@type\":\"ReadAction\",\"target\":[\"https:\/\/www.manetti.com\/fr\/shop\/shop-mixtion-wunda-size\/\"]}]},{\"@type\":\"ImageObject\",\"inLanguage\":\"fr-FR\",\"@id\":\"https:\/\/www.manetti.com\/fr\/shop\/shop-mixtion-wunda-size\/#primaryimage\",\"url\":\"https:\/\/www.manetti.com\/wp-content\/uploads\/2023\/11\/Wunda-125ml_WEB.png\",\"contentUrl\":\"https:\/\/www.manetti.com\/wp-content\/uploads\/2023\/11\/Wunda-125ml_WEB.png\",\"width\":900,\"height\":900},{\"@type\":\"WebSite\",\"@id\":\"https:\/\/www.manetti.com\/fr\/#website\",\"url\":\"https:\/\/www.manetti.com\/fr\/\",\"name\":\"Giusto Manetti Battiloro\",\"description\":\"\",\"publisher\":{\"@id\":\"https:\/\/www.manetti.com\/fr\/#organization\"},\"potentialAction\":[{\"@type\":\"SearchAction\",\"target\":{\"@type\":\"EntryPoint\",\"urlTemplate\":\"https:\/\/www.manetti.com\/fr\/?s={search_term_string}\"},\"query-input\":{\"@type\":\"PropertyValueSpecification\",\"valueRequired\":true,\"valueName\":\"search_term_string\"}}],\"inLanguage\":\"fr-FR\"},{\"@type\":\"Organization\",\"@id\":\"https:\/\/www.manetti.com\/fr\/#organization\",\"name\":\"GIUSTO MANETTI BATTILORO S.P.A.\",\"url\":\"https:\/\/www.manetti.com\/fr\/\",\"logo\":{\"@type\":\"ImageObject\",\"inLanguage\":\"fr-FR\",\"@id\":\"https:\/\/www.manetti.com\/fr\/#\/schema\/logo\/image\/\",\"url\":\"https:\/\/www.manetti.com\/wp-content\/uploads\/2025\/02\/giusto-manetti-blu_300-02.png\",\"contentUrl\":\"https:\/\/www.manetti.com\/wp-content\/uploads\/2025\/02\/giusto-manetti-blu_300-02.png\",\"width\":1123,\"height\":1093,\"caption\":\"GIUSTO MANETTI BATTILORO S.P.A.\"},\"image\":{\"@id\":\"https:\/\/www.manetti.com\/fr\/#\/schema\/logo\/image\/\"},\"sameAs\":[\"https:\/\/www.facebook.com\/giustomanettibattiloro\",\"https:\/\/www.instagram.com\/giustomanettibattiloro\/\",\"https:\/\/www.linkedin.com\/company\/giusto-manetti-battiloro-s-p-a-\/\",\"https:\/\/www.youtube.com\/user\/ManettiBattiloro\"]}]}<\/script>\n<!-- \/ Yoast SEO plugin. -->","yoast_head_json":{"title":"Mixtion Wunda Size | Giusto Manetti Battiloro","description":"Ac\u00e9tate de vinyle (environ 0,5 %) en dispersion aqueuse pour un collage instantan\u00e9 (10 min.). Colle pour la dorure int\u00e9rieure sur bois, pl\u00e2tre, stuc.","robots":{"index":"noindex","follow":"nofollow"},"og_locale":"fr_FR","og_type":"article","og_title":"Mixtion Wunda Size | Giusto Manetti Battiloro","og_description":"Ac\u00e9tate de vinyle (environ 0,5 %) en dispersion aqueuse pour un collage instantan\u00e9 (10 min.). Colle pour la dorure int\u00e9rieure sur bois, pl\u00e2tre, stuc.","og_url":"https:\/\/www.manetti.com\/fr\/shop\/shop-mixtion-wunda-size\/","og_site_name":"Giusto Manetti Battiloro","article_publisher":"https:\/\/www.facebook.com\/giustomanettibattiloro","article_modified_time":"2026-02-05T13:51:02+00:00","og_image":[{"width":900,"height":900,"url":"https:\/\/www.manetti.com\/wp-content\/uploads\/2023\/11\/Wunda-125ml_WEB.png","type":"image\/png"}],"twitter_card":"summary_large_image","twitter_misc":{"Dur\u00e9e de lecture estim\u00e9e":"1 minute"},"schema":{"@context":"https:\/\/schema.org","@graph":[{"@type":"WebPage","@id":"https:\/\/www.manetti.com\/fr\/shop\/shop-mixtion-wunda-size\/","url":"https:\/\/www.manetti.com\/fr\/shop\/shop-mixtion-wunda-size\/","name":"Mixtion Wunda Size | Giusto Manetti Battiloro","isPartOf":{"@id":"https:\/\/www.manetti.com\/fr\/#website"},"primaryImageOfPage":{"@id":"https:\/\/www.manetti.com\/fr\/shop\/shop-mixtion-wunda-size\/#primaryimage"},"image":{"@id":"https:\/\/www.manetti.com\/fr\/shop\/shop-mixtion-wunda-size\/#primaryimage"},"thumbnailUrl":"https:\/\/www.manetti.com\/wp-content\/uploads\/2023\/11\/Wunda-125ml_WEB.png","datePublished":"2019-11-13T09:10:17+00:00","dateModified":"2026-02-05T13:51:02+00:00","description":"Ac\u00e9tate de vinyle (environ 0,5 %) en dispersion aqueuse pour un collage instantan\u00e9 (10 min.). Colle pour la dorure int\u00e9rieure sur bois, pl\u00e2tre, stuc.","inLanguage":"fr-FR","potentialAction":[{"@type":"ReadAction","target":["https:\/\/www.manetti.com\/fr\/shop\/shop-mixtion-wunda-size\/"]}]},{"@type":"ImageObject","inLanguage":"fr-FR","@id":"https:\/\/www.manetti.com\/fr\/shop\/shop-mixtion-wunda-size\/#primaryimage","url":"https:\/\/www.manetti.com\/wp-content\/uploads\/2023\/11\/Wunda-125ml_WEB.png","contentUrl":"https:\/\/www.manetti.com\/wp-content\/uploads\/2023\/11\/Wunda-125ml_WEB.png","width":900,"height":900},{"@type":"WebSite","@id":"https:\/\/www.manetti.com\/fr\/#website","url":"https:\/\/www.manetti.com\/fr\/","name":"Giusto Manetti Battiloro","description":"","publisher":{"@id":"https:\/\/www.manetti.com\/fr\/#organization"},"potentialAction":[{"@type":"SearchAction","target":{"@type":"EntryPoint","urlTemplate":"https:\/\/www.manetti.com\/fr\/?s={search_term_string}"},"query-input":{"@type":"PropertyValueSpecification","valueRequired":true,"valueName":"search_term_string"}}],"inLanguage":"fr-FR"},{"@type":"Organization","@id":"https:\/\/www.manetti.com\/fr\/#organization","name":"GIUSTO MANETTI BATTILORO S.P.A.","url":"https:\/\/www.manetti.com\/fr\/","logo":{"@type":"ImageObject","inLanguage":"fr-FR","@id":"https:\/\/www.manetti.com\/fr\/#\/schema\/logo\/image\/","url":"https:\/\/www.manetti.com\/wp-content\/uploads\/2025\/02\/giusto-manetti-blu_300-02.png","contentUrl":"https:\/\/www.manetti.com\/wp-content\/uploads\/2025\/02\/giusto-manetti-blu_300-02.png","width":1123,"height":1093,"caption":"GIUSTO MANETTI BATTILORO S.P.A."},"image":{"@id":"https:\/\/www.manetti.com\/fr\/#\/schema\/logo\/image\/"},"sameAs":["https:\/\/www.facebook.com\/giustomanettibattiloro","https:\/\/www.instagram.com\/giustomanettibattiloro\/","https:\/\/www.linkedin.com\/company\/giusto-manetti-battiloro-s-p-a-\/","https:\/\/www.youtube.com\/user\/ManettiBattiloro"]}]}},"_links":{"self":[{"href":"https:\/\/www.manetti.com\/fr\/wp-json\/wp\/v2\/product\/76639","targetHints":{"allow":["GET"]}}],"collection":[{"href":"https:\/\/www.manetti.com\/fr\/wp-json\/wp\/v2\/product"}],"about":[{"href":"https:\/\/www.manetti.com\/fr\/wp-json\/wp\/v2\/types\/product"}],"wp:featuredmedia":[{"embeddable":true,"href":"https:\/\/www.manetti.com\/fr\/wp-json\/wp\/v2\/media\/77773"}],"wp:attachment":[{"href":"https:\/\/www.manetti.com\/fr\/wp-json\/wp\/v2\/media?parent=76639"}],"wp:term":[{"taxonomy":"product_brand","embeddable":true,"href":"https:\/\/www.manetti.com\/fr\/wp-json\/wp\/v2\/product_brand?post=76639"},{"taxonomy":"product_cat","embeddable":true,"href":"https:\/\/www.manetti.com\/fr\/wp-json\/wp\/v2\/product_cat?post=76639"},{"taxonomy":"product_tag","embeddable":true,"href":"https:\/\/www.manetti.com\/fr\/wp-json\/wp\/v2\/product_tag?post=76639"},{"taxonomy":"product_area","embeddable":true,"href":"https:\/\/www.manetti.com\/fr\/wp-json\/wp\/v2\/product_area?post=76639"},{"taxonomy":"catalog_category","embeddable":true,"href":"https:\/\/www.manetti.com\/fr\/wp-json\/wp\/v2\/catalog_category?post=76639"}],"curies":[{"name":"wp","href":"https:\/\/api.w.org\/{rel}","templated":true}]}}