{"id":78946,"date":"2024-12-19T14:52:42","date_gmt":"2024-12-19T13:52:42","guid":{"rendered":"https:\/\/www.manetti.com\/?post_type=product&#038;p=78946"},"modified":"2026-01-30T10:06:55","modified_gmt":"2026-01-30T09:06:55","slug":"applicateur-de-feuilles-dor-quote","status":"publish","type":"product","link":"https:\/\/www.manetti.com\/fr\/produit\/applicateur-de-feuilles-dor-quote\/","title":{"rendered":"Applicateur De Feuilles D\u2019or"},"content":{"rendered":"<p>L\u2019outil professionnel facilite et acc\u00e9l\u00e8re l\u2019application de feuilles de m\u00e9tal pr\u00e9cieux sur des surfaces planes et courbes, le rendant id\u00e9al pour le dorure du verre. Ce qui le rend unique par rapport \u00e0 tous les autres outils sur le march\u00e9 est sa capacit\u00e9 \u00e0 garantir des r\u00e9sultats impeccables avec une grande simplicit\u00e9, se distinguant par son efficacit\u00e9 et sa pr\u00e9cision.<\/p>\n","protected":false},"excerpt":{"rendered":"<p>L\u2019outil professionnel facilite et acc\u00e9l\u00e8re l\u2019application de feuilles de m\u00e9tal pr\u00e9cieux sur des surfaces planes et courbes, le rendant id\u00e9al pour le dorure du verre. [&#8230;]<\/p>\n<p><a class=\"btn btn-secondary understrap-read-more-link\" href=\"https:\/\/www.manetti.com\/fr\/produit\/applicateur-de-feuilles-dor-quote\/\">Lire la suite&#8230;<\/a><\/p>\n","protected":false},"featured_media":86658,"template":"","meta":{"_acf_changed":false},"product_brand":[],"product_cat":[387,178],"product_tag":[],"product_area":[],"catalog_category":[785,813,897,1095],"class_list":{"0":"post-78946","1":"product","2":"type-product","3":"status-publish","4":"has-post-thumbnail","6":"product_cat-outils","7":"product_cat-accessoires-de-dorure","8":"catalog_category-dorure-sur-enseignes-et-verre","9":"catalog_category-outils","10":"catalog_category-dorure-sur-enseignes-et-verre-outils","11":"catalog_category-outils-applicateurs","13":"first","14":"instock","15":"shipping-taxable","16":"purchasable","17":"product-type-variable"},"acf":[],"yoast_head":"<!-- This site is optimized with the Yoast SEO plugin v26.5 - https:\/\/yoast.com\/wordpress\/plugins\/seo\/ -->\n<title>Applicateur De Feuilles D\u2019or | Giusto Manetti Battiloro<\/title>\n<meta name=\"description\" content=\"L\u2019outil professionnel facilite et acc\u00e9l\u00e8re l\u2019application de feuilles de m\u00e9tal pr\u00e9cieux sur des surfaces planes et courbes, le rendant id\u00e9al pour le dorure du verre.\" \/>\n<meta name=\"robots\" content=\"index, follow, max-snippet:-1, max-image-preview:large, max-video-preview:-1\" \/>\n<link rel=\"canonical\" href=\"https:\/\/www.manetti.com\/fr\/produit\/applicateur-de-feuilles-dor-quote\/\" \/>\n<meta property=\"og:locale\" content=\"fr_FR\" \/>\n<meta property=\"og:type\" content=\"article\" \/>\n<meta property=\"og:title\" content=\"Applicateur De Feuilles D\u2019or | Giusto Manetti Battiloro\" \/>\n<meta property=\"og:description\" content=\"L\u2019outil professionnel facilite et acc\u00e9l\u00e8re l\u2019application de feuilles de m\u00e9tal pr\u00e9cieux sur des surfaces planes et courbes, le rendant id\u00e9al pour le dorure du verre.\" \/>\n<meta property=\"og:url\" content=\"https:\/\/www.manetti.com\/fr\/produit\/applicateur-de-feuilles-dor-quote\/\" \/>\n<meta property=\"og:site_name\" content=\"Giusto Manetti Battiloro\" \/>\n<meta property=\"article:publisher\" content=\"https:\/\/www.facebook.com\/giustomanettibattiloro\" \/>\n<meta property=\"article:modified_time\" content=\"2026-01-30T09:06:55+00:00\" \/>\n<meta property=\"og:image\" content=\"https:\/\/www.manetti.com\/wp-content\/uploads\/2024\/12\/Applicatore-per-foglia_DEF_glass-leaf_web.png\" \/>\n\t<meta property=\"og:image:width\" content=\"900\" \/>\n\t<meta property=\"og:image:height\" content=\"900\" \/>\n\t<meta property=\"og:image:type\" content=\"image\/png\" \/>\n<meta name=\"twitter:card\" content=\"summary_large_image\" \/>\n<script type=\"application\/ld+json\" class=\"yoast-schema-graph\">{\"@context\":\"https:\/\/schema.org\",\"@graph\":[{\"@type\":\"WebPage\",\"@id\":\"https:\/\/www.manetti.com\/fr\/produit\/applicateur-de-feuilles-dor-quote\/\",\"url\":\"https:\/\/www.manetti.com\/fr\/produit\/applicateur-de-feuilles-dor-quote\/\",\"name\":\"Applicateur De Feuilles D\u2019or | Giusto Manetti Battiloro\",\"isPartOf\":{\"@id\":\"https:\/\/www.manetti.com\/fr\/#website\"},\"primaryImageOfPage\":{\"@id\":\"https:\/\/www.manetti.com\/fr\/produit\/applicateur-de-feuilles-dor-quote\/#primaryimage\"},\"image\":{\"@id\":\"https:\/\/www.manetti.com\/fr\/produit\/applicateur-de-feuilles-dor-quote\/#primaryimage\"},\"thumbnailUrl\":\"https:\/\/www.manetti.com\/wp-content\/uploads\/2024\/12\/Applicatore-per-foglia_DEF_glass-leaf_web.png\",\"datePublished\":\"2024-12-19T13:52:42+00:00\",\"dateModified\":\"2026-01-30T09:06:55+00:00\",\"description\":\"L\u2019outil professionnel facilite et acc\u00e9l\u00e8re l\u2019application de feuilles de m\u00e9tal pr\u00e9cieux sur des surfaces planes et courbes, le rendant id\u00e9al pour le dorure du verre.\",\"inLanguage\":\"fr-FR\",\"potentialAction\":[{\"@type\":\"ReadAction\",\"target\":[\"https:\/\/www.manetti.com\/fr\/produit\/applicateur-de-feuilles-dor-quote\/\"]}]},{\"@type\":\"ImageObject\",\"inLanguage\":\"fr-FR\",\"@id\":\"https:\/\/www.manetti.com\/fr\/produit\/applicateur-de-feuilles-dor-quote\/#primaryimage\",\"url\":\"https:\/\/www.manetti.com\/wp-content\/uploads\/2024\/12\/Applicatore-per-foglia_DEF_glass-leaf_web.png\",\"contentUrl\":\"https:\/\/www.manetti.com\/wp-content\/uploads\/2024\/12\/Applicatore-per-foglia_DEF_glass-leaf_web.png\",\"width\":900,\"height\":900},{\"@type\":\"WebSite\",\"@id\":\"https:\/\/www.manetti.com\/fr\/#website\",\"url\":\"https:\/\/www.manetti.com\/fr\/\",\"name\":\"Giusto Manetti Battiloro\",\"description\":\"\",\"publisher\":{\"@id\":\"https:\/\/www.manetti.com\/fr\/#organization\"},\"potentialAction\":[{\"@type\":\"SearchAction\",\"target\":{\"@type\":\"EntryPoint\",\"urlTemplate\":\"https:\/\/www.manetti.com\/fr\/?s={search_term_string}\"},\"query-input\":{\"@type\":\"PropertyValueSpecification\",\"valueRequired\":true,\"valueName\":\"search_term_string\"}}],\"inLanguage\":\"fr-FR\"},{\"@type\":\"Organization\",\"@id\":\"https:\/\/www.manetti.com\/fr\/#organization\",\"name\":\"GIUSTO MANETTI BATTILORO S.P.A.\",\"url\":\"https:\/\/www.manetti.com\/fr\/\",\"logo\":{\"@type\":\"ImageObject\",\"inLanguage\":\"fr-FR\",\"@id\":\"https:\/\/www.manetti.com\/fr\/#\/schema\/logo\/image\/\",\"url\":\"https:\/\/www.manetti.com\/wp-content\/uploads\/2025\/02\/giusto-manetti-blu_300-02.png\",\"contentUrl\":\"https:\/\/www.manetti.com\/wp-content\/uploads\/2025\/02\/giusto-manetti-blu_300-02.png\",\"width\":1123,\"height\":1093,\"caption\":\"GIUSTO MANETTI BATTILORO S.P.A.\"},\"image\":{\"@id\":\"https:\/\/www.manetti.com\/fr\/#\/schema\/logo\/image\/\"},\"sameAs\":[\"https:\/\/www.facebook.com\/giustomanettibattiloro\",\"https:\/\/www.instagram.com\/giustomanettibattiloro\/\",\"https:\/\/www.linkedin.com\/company\/giusto-manetti-battiloro-s-p-a-\/\",\"https:\/\/www.youtube.com\/user\/ManettiBattiloro\"]}]}<\/script>\n<!-- \/ Yoast SEO plugin. -->","yoast_head_json":{"title":"Applicateur De Feuilles D\u2019or | Giusto Manetti Battiloro","description":"L\u2019outil professionnel facilite et acc\u00e9l\u00e8re l\u2019application de feuilles de m\u00e9tal pr\u00e9cieux sur des surfaces planes et courbes, le rendant id\u00e9al pour le dorure du verre.","robots":{"index":"index","follow":"follow","max-snippet":"max-snippet:-1","max-image-preview":"max-image-preview:large","max-video-preview":"max-video-preview:-1"},"canonical":"https:\/\/www.manetti.com\/fr\/produit\/applicateur-de-feuilles-dor-quote\/","og_locale":"fr_FR","og_type":"article","og_title":"Applicateur De Feuilles D\u2019or | Giusto Manetti Battiloro","og_description":"L\u2019outil professionnel facilite et acc\u00e9l\u00e8re l\u2019application de feuilles de m\u00e9tal pr\u00e9cieux sur des surfaces planes et courbes, le rendant id\u00e9al pour le dorure du verre.","og_url":"https:\/\/www.manetti.com\/fr\/produit\/applicateur-de-feuilles-dor-quote\/","og_site_name":"Giusto Manetti Battiloro","article_publisher":"https:\/\/www.facebook.com\/giustomanettibattiloro","article_modified_time":"2026-01-30T09:06:55+00:00","og_image":[{"width":900,"height":900,"url":"https:\/\/www.manetti.com\/wp-content\/uploads\/2024\/12\/Applicatore-per-foglia_DEF_glass-leaf_web.png","type":"image\/png"}],"twitter_card":"summary_large_image","schema":{"@context":"https:\/\/schema.org","@graph":[{"@type":"WebPage","@id":"https:\/\/www.manetti.com\/fr\/produit\/applicateur-de-feuilles-dor-quote\/","url":"https:\/\/www.manetti.com\/fr\/produit\/applicateur-de-feuilles-dor-quote\/","name":"Applicateur De Feuilles D\u2019or | Giusto Manetti Battiloro","isPartOf":{"@id":"https:\/\/www.manetti.com\/fr\/#website"},"primaryImageOfPage":{"@id":"https:\/\/www.manetti.com\/fr\/produit\/applicateur-de-feuilles-dor-quote\/#primaryimage"},"image":{"@id":"https:\/\/www.manetti.com\/fr\/produit\/applicateur-de-feuilles-dor-quote\/#primaryimage"},"thumbnailUrl":"https:\/\/www.manetti.com\/wp-content\/uploads\/2024\/12\/Applicatore-per-foglia_DEF_glass-leaf_web.png","datePublished":"2024-12-19T13:52:42+00:00","dateModified":"2026-01-30T09:06:55+00:00","description":"L\u2019outil professionnel facilite et acc\u00e9l\u00e8re l\u2019application de feuilles de m\u00e9tal pr\u00e9cieux sur des surfaces planes et courbes, le rendant id\u00e9al pour le dorure du verre.","inLanguage":"fr-FR","potentialAction":[{"@type":"ReadAction","target":["https:\/\/www.manetti.com\/fr\/produit\/applicateur-de-feuilles-dor-quote\/"]}]},{"@type":"ImageObject","inLanguage":"fr-FR","@id":"https:\/\/www.manetti.com\/fr\/produit\/applicateur-de-feuilles-dor-quote\/#primaryimage","url":"https:\/\/www.manetti.com\/wp-content\/uploads\/2024\/12\/Applicatore-per-foglia_DEF_glass-leaf_web.png","contentUrl":"https:\/\/www.manetti.com\/wp-content\/uploads\/2024\/12\/Applicatore-per-foglia_DEF_glass-leaf_web.png","width":900,"height":900},{"@type":"WebSite","@id":"https:\/\/www.manetti.com\/fr\/#website","url":"https:\/\/www.manetti.com\/fr\/","name":"Giusto Manetti Battiloro","description":"","publisher":{"@id":"https:\/\/www.manetti.com\/fr\/#organization"},"potentialAction":[{"@type":"SearchAction","target":{"@type":"EntryPoint","urlTemplate":"https:\/\/www.manetti.com\/fr\/?s={search_term_string}"},"query-input":{"@type":"PropertyValueSpecification","valueRequired":true,"valueName":"search_term_string"}}],"inLanguage":"fr-FR"},{"@type":"Organization","@id":"https:\/\/www.manetti.com\/fr\/#organization","name":"GIUSTO MANETTI BATTILORO S.P.A.","url":"https:\/\/www.manetti.com\/fr\/","logo":{"@type":"ImageObject","inLanguage":"fr-FR","@id":"https:\/\/www.manetti.com\/fr\/#\/schema\/logo\/image\/","url":"https:\/\/www.manetti.com\/wp-content\/uploads\/2025\/02\/giusto-manetti-blu_300-02.png","contentUrl":"https:\/\/www.manetti.com\/wp-content\/uploads\/2025\/02\/giusto-manetti-blu_300-02.png","width":1123,"height":1093,"caption":"GIUSTO MANETTI BATTILORO S.P.A."},"image":{"@id":"https:\/\/www.manetti.com\/fr\/#\/schema\/logo\/image\/"},"sameAs":["https:\/\/www.facebook.com\/giustomanettibattiloro","https:\/\/www.instagram.com\/giustomanettibattiloro\/","https:\/\/www.linkedin.com\/company\/giusto-manetti-battiloro-s-p-a-\/","https:\/\/www.youtube.com\/user\/ManettiBattiloro"]}]}},"_links":{"self":[{"href":"https:\/\/www.manetti.com\/fr\/wp-json\/wp\/v2\/product\/78946","targetHints":{"allow":["GET"]}}],"collection":[{"href":"https:\/\/www.manetti.com\/fr\/wp-json\/wp\/v2\/product"}],"about":[{"href":"https:\/\/www.manetti.com\/fr\/wp-json\/wp\/v2\/types\/product"}],"wp:featuredmedia":[{"embeddable":true,"href":"https:\/\/www.manetti.com\/fr\/wp-json\/wp\/v2\/media\/86658"}],"wp:attachment":[{"href":"https:\/\/www.manetti.com\/fr\/wp-json\/wp\/v2\/media?parent=78946"}],"wp:term":[{"taxonomy":"product_brand","embeddable":true,"href":"https:\/\/www.manetti.com\/fr\/wp-json\/wp\/v2\/product_brand?post=78946"},{"taxonomy":"product_cat","embeddable":true,"href":"https:\/\/www.manetti.com\/fr\/wp-json\/wp\/v2\/product_cat?post=78946"},{"taxonomy":"product_tag","embeddable":true,"href":"https:\/\/www.manetti.com\/fr\/wp-json\/wp\/v2\/product_tag?post=78946"},{"taxonomy":"product_area","embeddable":true,"href":"https:\/\/www.manetti.com\/fr\/wp-json\/wp\/v2\/product_area?post=78946"},{"taxonomy":"catalog_category","embeddable":true,"href":"https:\/\/www.manetti.com\/fr\/wp-json\/wp\/v2\/catalog_category?post=78946"}],"curies":[{"name":"wp","href":"https:\/\/api.w.org\/{rel}","templated":true}]}}