{"id":79435,"date":"2020-01-22T12:10:51","date_gmt":"2020-01-22T11:10:51","guid":{"rendered":"https:\/\/www.manetti.com\/?post_type=product&#038;p=79435"},"modified":"2025-05-12T11:39:24","modified_gmt":"2025-05-12T09:39:24","slug":"gesso-pret-a-lemploi-to-buy","status":"publish","type":"product","link":"https:\/\/www.manetti.com\/fr\/shop\/gesso-pret-a-lemploi\/","title":{"rendered":"Gesso pr\u00eat \u00e0 l&#8217;emploi"},"content":{"rendered":"<p>Ce produit pour la pr\u00e9paration, la base de la dorure \u00e0 l&#8217;eau, est pr\u00eat \u00e0 l&#8217;emploi et id\u00e9al pour les d\u00e9butants et les amateurs. Il ne n\u00e9cessite aucune pr\u00e9paration et s&#8217;applique directement sur la surface avant l&#8217;application de la bole.<\/p>\n","protected":false},"excerpt":{"rendered":"<p>Ce produit pour la pr\u00e9paration, la base de la dorure \u00e0 l&#8217;eau, est pr\u00eat \u00e0 l&#8217;emploi et id\u00e9al pour les d\u00e9butants et les amateurs. Il ne n\u00e9cessite aucune pr\u00e9paration et s&#8217;applique directement sur la surface avant l&#8217;application de la bole. [&#8230;]<\/p>\n<p><a class=\"btn btn-secondary understrap-read-more-link\" href=\"https:\/\/www.manetti.com\/fr\/shop\/gesso-pret-a-lemploi\/\">Lire la suite&#8230;<\/a><\/p>\n","protected":false},"featured_media":81805,"template":"","meta":{"_acf_changed":false},"product_brand":[],"product_cat":[383],"product_tag":[192],"product_area":[559,595],"catalog_category":[],"class_list":{"0":"post-79435","1":"product","2":"type-product","3":"status-publish","4":"has-post-thumbnail","6":"product_cat-dorure-a-leau","7":"product_tag-altri-prodotti-fr","8":"product_area-dorure-et-restauration","9":"product_area-dorure-et-restauration-bol-et-gesso","11":"first","12":"instock","13":"shipping-taxable","14":"purchasable","15":"product-type-variable"},"acf":[],"yoast_head":"<!-- This site is optimized with the Yoast SEO plugin v26.5 - https:\/\/yoast.com\/wordpress\/plugins\/seo\/ -->\n<title>Gesso pr\u00eat \u00e0 l&#039;emploi | Giusto Manetti Battiloro<\/title>\n<meta name=\"description\" content=\"Ce produit pour la pr\u00e9paration, la base de la dorure \u00e0 l&#039;eau, est pr\u00eat \u00e0 l&#039;emploi et id\u00e9al pour les d\u00e9butants et les amateurs. Il ne n\u00e9cessite aucune\" \/>\n<meta name=\"robots\" content=\"index, follow, max-snippet:-1, max-image-preview:large, max-video-preview:-1\" \/>\n<link rel=\"canonical\" href=\"https:\/\/www.manetti.com\/fr\/shop\/gesso-pret-a-lemploi\/\" \/>\n<meta property=\"og:locale\" content=\"fr_FR\" \/>\n<meta property=\"og:type\" content=\"article\" \/>\n<meta property=\"og:title\" content=\"Gesso pr\u00eat \u00e0 l&#039;emploi | Giusto Manetti Battiloro\" \/>\n<meta property=\"og:description\" content=\"Ce produit pour la pr\u00e9paration, la base de la dorure \u00e0 l&#039;eau, est pr\u00eat \u00e0 l&#039;emploi et id\u00e9al pour les d\u00e9butants et les amateurs. Il ne n\u00e9cessite aucune\" \/>\n<meta property=\"og:url\" content=\"https:\/\/www.manetti.com\/fr\/shop\/gesso-pret-a-lemploi\/\" \/>\n<meta property=\"og:site_name\" content=\"Giusto Manetti Battiloro\" \/>\n<meta property=\"article:publisher\" content=\"https:\/\/www.facebook.com\/giustomanettibattiloro\" \/>\n<meta property=\"article:modified_time\" content=\"2025-05-12T09:39:24+00:00\" \/>\n<meta property=\"og:image\" content=\"https:\/\/www.manetti.com\/wp-content\/uploads\/2024\/12\/Gesso-Ammanitura_web-new.png\" \/>\n\t<meta property=\"og:image:width\" content=\"900\" \/>\n\t<meta property=\"og:image:height\" content=\"900\" \/>\n\t<meta property=\"og:image:type\" content=\"image\/png\" \/>\n<meta name=\"twitter:card\" content=\"summary_large_image\" \/>\n<meta name=\"twitter:label1\" content=\"Dur\u00e9e de lecture estim\u00e9e\" \/>\n\t<meta name=\"twitter:data1\" content=\"1 minute\" \/>\n<script type=\"application\/ld+json\" class=\"yoast-schema-graph\">{\"@context\":\"https:\/\/schema.org\",\"@graph\":[{\"@type\":\"WebPage\",\"@id\":\"https:\/\/www.manetti.com\/fr\/shop\/gesso-pret-a-lemploi\/\",\"url\":\"https:\/\/www.manetti.com\/fr\/shop\/gesso-pret-a-lemploi\/\",\"name\":\"Gesso pr\u00eat \u00e0 l'emploi | Giusto Manetti Battiloro\",\"isPartOf\":{\"@id\":\"https:\/\/www.manetti.com\/fr\/#website\"},\"primaryImageOfPage\":{\"@id\":\"https:\/\/www.manetti.com\/fr\/shop\/gesso-pret-a-lemploi\/#primaryimage\"},\"image\":{\"@id\":\"https:\/\/www.manetti.com\/fr\/shop\/gesso-pret-a-lemploi\/#primaryimage\"},\"thumbnailUrl\":\"https:\/\/www.manetti.com\/wp-content\/uploads\/2024\/12\/Gesso-Ammanitura_web-new.png\",\"datePublished\":\"2020-01-22T11:10:51+00:00\",\"dateModified\":\"2025-05-12T09:39:24+00:00\",\"description\":\"Ce produit pour la pr\u00e9paration, la base de la dorure \u00e0 l'eau, est pr\u00eat \u00e0 l'emploi et id\u00e9al pour les d\u00e9butants et les amateurs. Il ne n\u00e9cessite aucune\",\"inLanguage\":\"fr-FR\",\"potentialAction\":[{\"@type\":\"ReadAction\",\"target\":[\"https:\/\/www.manetti.com\/fr\/shop\/gesso-pret-a-lemploi\/\"]}]},{\"@type\":\"ImageObject\",\"inLanguage\":\"fr-FR\",\"@id\":\"https:\/\/www.manetti.com\/fr\/shop\/gesso-pret-a-lemploi\/#primaryimage\",\"url\":\"https:\/\/www.manetti.com\/wp-content\/uploads\/2024\/12\/Gesso-Ammanitura_web-new.png\",\"contentUrl\":\"https:\/\/www.manetti.com\/wp-content\/uploads\/2024\/12\/Gesso-Ammanitura_web-new.png\",\"width\":900,\"height\":900},{\"@type\":\"WebSite\",\"@id\":\"https:\/\/www.manetti.com\/fr\/#website\",\"url\":\"https:\/\/www.manetti.com\/fr\/\",\"name\":\"Giusto Manetti Battiloro\",\"description\":\"\",\"publisher\":{\"@id\":\"https:\/\/www.manetti.com\/fr\/#organization\"},\"potentialAction\":[{\"@type\":\"SearchAction\",\"target\":{\"@type\":\"EntryPoint\",\"urlTemplate\":\"https:\/\/www.manetti.com\/fr\/?s={search_term_string}\"},\"query-input\":{\"@type\":\"PropertyValueSpecification\",\"valueRequired\":true,\"valueName\":\"search_term_string\"}}],\"inLanguage\":\"fr-FR\"},{\"@type\":\"Organization\",\"@id\":\"https:\/\/www.manetti.com\/fr\/#organization\",\"name\":\"GIUSTO MANETTI BATTILORO S.P.A.\",\"url\":\"https:\/\/www.manetti.com\/fr\/\",\"logo\":{\"@type\":\"ImageObject\",\"inLanguage\":\"fr-FR\",\"@id\":\"https:\/\/www.manetti.com\/fr\/#\/schema\/logo\/image\/\",\"url\":\"https:\/\/www.manetti.com\/wp-content\/uploads\/2025\/02\/giusto-manetti-blu_300-02.png\",\"contentUrl\":\"https:\/\/www.manetti.com\/wp-content\/uploads\/2025\/02\/giusto-manetti-blu_300-02.png\",\"width\":1123,\"height\":1093,\"caption\":\"GIUSTO MANETTI BATTILORO S.P.A.\"},\"image\":{\"@id\":\"https:\/\/www.manetti.com\/fr\/#\/schema\/logo\/image\/\"},\"sameAs\":[\"https:\/\/www.facebook.com\/giustomanettibattiloro\",\"https:\/\/www.instagram.com\/giustomanettibattiloro\/\",\"https:\/\/www.linkedin.com\/company\/giusto-manetti-battiloro-s-p-a-\/\",\"https:\/\/www.youtube.com\/user\/ManettiBattiloro\"]}]}<\/script>\n<!-- \/ Yoast SEO plugin. -->","yoast_head_json":{"title":"Gesso pr\u00eat \u00e0 l'emploi | Giusto Manetti Battiloro","description":"Ce produit pour la pr\u00e9paration, la base de la dorure \u00e0 l'eau, est pr\u00eat \u00e0 l'emploi et id\u00e9al pour les d\u00e9butants et les amateurs. Il ne n\u00e9cessite aucune","robots":{"index":"index","follow":"follow","max-snippet":"max-snippet:-1","max-image-preview":"max-image-preview:large","max-video-preview":"max-video-preview:-1"},"canonical":"https:\/\/www.manetti.com\/fr\/shop\/gesso-pret-a-lemploi\/","og_locale":"fr_FR","og_type":"article","og_title":"Gesso pr\u00eat \u00e0 l'emploi | Giusto Manetti Battiloro","og_description":"Ce produit pour la pr\u00e9paration, la base de la dorure \u00e0 l'eau, est pr\u00eat \u00e0 l'emploi et id\u00e9al pour les d\u00e9butants et les amateurs. Il ne n\u00e9cessite aucune","og_url":"https:\/\/www.manetti.com\/fr\/shop\/gesso-pret-a-lemploi\/","og_site_name":"Giusto Manetti Battiloro","article_publisher":"https:\/\/www.facebook.com\/giustomanettibattiloro","article_modified_time":"2025-05-12T09:39:24+00:00","og_image":[{"width":900,"height":900,"url":"https:\/\/www.manetti.com\/wp-content\/uploads\/2024\/12\/Gesso-Ammanitura_web-new.png","type":"image\/png"}],"twitter_card":"summary_large_image","twitter_misc":{"Dur\u00e9e de lecture estim\u00e9e":"1 minute"},"schema":{"@context":"https:\/\/schema.org","@graph":[{"@type":"WebPage","@id":"https:\/\/www.manetti.com\/fr\/shop\/gesso-pret-a-lemploi\/","url":"https:\/\/www.manetti.com\/fr\/shop\/gesso-pret-a-lemploi\/","name":"Gesso pr\u00eat \u00e0 l'emploi | Giusto Manetti Battiloro","isPartOf":{"@id":"https:\/\/www.manetti.com\/fr\/#website"},"primaryImageOfPage":{"@id":"https:\/\/www.manetti.com\/fr\/shop\/gesso-pret-a-lemploi\/#primaryimage"},"image":{"@id":"https:\/\/www.manetti.com\/fr\/shop\/gesso-pret-a-lemploi\/#primaryimage"},"thumbnailUrl":"https:\/\/www.manetti.com\/wp-content\/uploads\/2024\/12\/Gesso-Ammanitura_web-new.png","datePublished":"2020-01-22T11:10:51+00:00","dateModified":"2025-05-12T09:39:24+00:00","description":"Ce produit pour la pr\u00e9paration, la base de la dorure \u00e0 l'eau, est pr\u00eat \u00e0 l'emploi et id\u00e9al pour les d\u00e9butants et les amateurs. Il ne n\u00e9cessite aucune","inLanguage":"fr-FR","potentialAction":[{"@type":"ReadAction","target":["https:\/\/www.manetti.com\/fr\/shop\/gesso-pret-a-lemploi\/"]}]},{"@type":"ImageObject","inLanguage":"fr-FR","@id":"https:\/\/www.manetti.com\/fr\/shop\/gesso-pret-a-lemploi\/#primaryimage","url":"https:\/\/www.manetti.com\/wp-content\/uploads\/2024\/12\/Gesso-Ammanitura_web-new.png","contentUrl":"https:\/\/www.manetti.com\/wp-content\/uploads\/2024\/12\/Gesso-Ammanitura_web-new.png","width":900,"height":900},{"@type":"WebSite","@id":"https:\/\/www.manetti.com\/fr\/#website","url":"https:\/\/www.manetti.com\/fr\/","name":"Giusto Manetti Battiloro","description":"","publisher":{"@id":"https:\/\/www.manetti.com\/fr\/#organization"},"potentialAction":[{"@type":"SearchAction","target":{"@type":"EntryPoint","urlTemplate":"https:\/\/www.manetti.com\/fr\/?s={search_term_string}"},"query-input":{"@type":"PropertyValueSpecification","valueRequired":true,"valueName":"search_term_string"}}],"inLanguage":"fr-FR"},{"@type":"Organization","@id":"https:\/\/www.manetti.com\/fr\/#organization","name":"GIUSTO MANETTI BATTILORO S.P.A.","url":"https:\/\/www.manetti.com\/fr\/","logo":{"@type":"ImageObject","inLanguage":"fr-FR","@id":"https:\/\/www.manetti.com\/fr\/#\/schema\/logo\/image\/","url":"https:\/\/www.manetti.com\/wp-content\/uploads\/2025\/02\/giusto-manetti-blu_300-02.png","contentUrl":"https:\/\/www.manetti.com\/wp-content\/uploads\/2025\/02\/giusto-manetti-blu_300-02.png","width":1123,"height":1093,"caption":"GIUSTO MANETTI BATTILORO S.P.A."},"image":{"@id":"https:\/\/www.manetti.com\/fr\/#\/schema\/logo\/image\/"},"sameAs":["https:\/\/www.facebook.com\/giustomanettibattiloro","https:\/\/www.instagram.com\/giustomanettibattiloro\/","https:\/\/www.linkedin.com\/company\/giusto-manetti-battiloro-s-p-a-\/","https:\/\/www.youtube.com\/user\/ManettiBattiloro"]}]}},"_links":{"self":[{"href":"https:\/\/www.manetti.com\/fr\/wp-json\/wp\/v2\/product\/79435","targetHints":{"allow":["GET"]}}],"collection":[{"href":"https:\/\/www.manetti.com\/fr\/wp-json\/wp\/v2\/product"}],"about":[{"href":"https:\/\/www.manetti.com\/fr\/wp-json\/wp\/v2\/types\/product"}],"wp:featuredmedia":[{"embeddable":true,"href":"https:\/\/www.manetti.com\/fr\/wp-json\/wp\/v2\/media\/81805"}],"wp:attachment":[{"href":"https:\/\/www.manetti.com\/fr\/wp-json\/wp\/v2\/media?parent=79435"}],"wp:term":[{"taxonomy":"product_brand","embeddable":true,"href":"https:\/\/www.manetti.com\/fr\/wp-json\/wp\/v2\/product_brand?post=79435"},{"taxonomy":"product_cat","embeddable":true,"href":"https:\/\/www.manetti.com\/fr\/wp-json\/wp\/v2\/product_cat?post=79435"},{"taxonomy":"product_tag","embeddable":true,"href":"https:\/\/www.manetti.com\/fr\/wp-json\/wp\/v2\/product_tag?post=79435"},{"taxonomy":"product_area","embeddable":true,"href":"https:\/\/www.manetti.com\/fr\/wp-json\/wp\/v2\/product_area?post=79435"},{"taxonomy":"catalog_category","embeddable":true,"href":"https:\/\/www.manetti.com\/fr\/wp-json\/wp\/v2\/catalog_category?post=79435"}],"curies":[{"name":"wp","href":"https:\/\/api.w.org\/{rel}","templated":true}]}}