{"id":79664,"date":"2020-01-31T16:54:48","date_gmt":"2020-01-31T15:54:48","guid":{"rendered":"https:\/\/www.manetti.com\/?post_type=product&#038;p=79664"},"modified":"2025-05-07T12:09:08","modified_gmt":"2025-05-07T10:09:08","slug":"la-protection-a-base-deau-to-buy","status":"publish","type":"product","link":"https:\/\/www.manetti.com\/fr\/produit\/la-protection-a-base-deau-to-buy\/","title":{"rendered":"La protection \u00e0 base d&#8217;eau"},"content":{"rendered":"<p>La protection \u00e0 base d&#8217;eau offre une excellente \u00e9talabilit\u00e9 et adh\u00e9rence sur les surfaces dor\u00e9es, en particulier celles en m\u00e9taux pr\u00e9cieux. Sans composants synth\u00e9tiques, elle est plus douce et alt\u00e8re moins la brillance naturelle des surfaces dor\u00e9es. R\u00e9sistante aux UV, elle ne jaunit pas, ne s&#8217;\u00e9caille pas et est disponible en versions brillante et mate. Pr\u00eate \u00e0 l&#8217;emploi, elle est id\u00e9ale pour les professionnels, les d\u00e9butants et les amateurs. Id\u00e9ale pour la dorure en int\u00e9rieur, elle convient \u00e9galement pour des applications en ext\u00e9rieur.<\/p>\n","protected":false},"excerpt":{"rendered":"<p>La protection \u00e0 base d&#8217;eau offre une excellente \u00e9talabilit\u00e9 et adh\u00e9rence sur les surfaces dor\u00e9es, en particulier celles en m\u00e9taux pr\u00e9cieux. Sans composants synth\u00e9tiques, elle est plus douce et alt\u00e8re moins la brillance naturelle des surfaces dor\u00e9es. R\u00e9sistante aux UV, elle ne jaunit pas, ne s&#8217;\u00e9caille pas et est disponible en versions brillante et mate. [&#8230;]<\/p>\n<p><a class=\"btn btn-secondary understrap-read-more-link\" href=\"https:\/\/www.manetti.com\/fr\/produit\/la-protection-a-base-deau-to-buy\/\">Lire la suite&#8230;<\/a><\/p>\n","protected":false},"featured_media":81784,"template":"","meta":{"_acf_changed":false},"product_brand":[],"product_cat":[386,178],"product_tag":[186],"product_area":[583,651],"catalog_category":[],"class_list":{"0":"post-79664","1":"product","2":"type-product","3":"status-publish","4":"has-post-thumbnail","6":"product_cat-protection","7":"product_cat-accessoires-de-dorure","8":"product_tag-missioni-fr","9":"product_area-finitions-and-protection","10":"product_area-finitions-and-protection-protection","12":"first","13":"instock","14":"shipping-taxable","15":"purchasable","16":"product-type-variable"},"acf":[],"yoast_head":"<!-- This site is optimized with the Yoast SEO plugin v26.5 - https:\/\/yoast.com\/wordpress\/plugins\/seo\/ -->\n<title>La protection \u00e0 base d&#039;eau | Giusto Manetti Battiloro<\/title>\n<meta name=\"description\" content=\"Colle \u00e0 base d&#039;huiles et de solvants.La protection \u00e0 base d&#039;eau offre une excellente \u00e9talabilit\u00e9 et adh\u00e9rence sur les surfaces dor\u00e9es, en particulier celles en m\u00e9taux pr\u00e9cieux. Sans\" \/>\n<meta name=\"robots\" content=\"noindex, nofollow\" \/>\n<meta property=\"og:locale\" content=\"fr_FR\" \/>\n<meta property=\"og:type\" content=\"article\" \/>\n<meta property=\"og:title\" content=\"La protection \u00e0 base d&#039;eau | Giusto Manetti Battiloro\" \/>\n<meta property=\"og:description\" content=\"Colle \u00e0 base d&#039;huiles et de solvants.La protection \u00e0 base d&#039;eau offre une excellente \u00e9talabilit\u00e9 et adh\u00e9rence sur les surfaces dor\u00e9es, en particulier celles en m\u00e9taux pr\u00e9cieux. Sans\" \/>\n<meta property=\"og:url\" content=\"https:\/\/www.manetti.com\/fr\/produit\/la-protection-a-base-deau-to-buy\/\" \/>\n<meta property=\"og:site_name\" content=\"Giusto Manetti Battiloro\" \/>\n<meta property=\"article:publisher\" content=\"https:\/\/www.facebook.com\/giustomanettibattiloro\" \/>\n<meta property=\"article:modified_time\" content=\"2025-05-07T10:09:08+00:00\" \/>\n<meta property=\"og:image\" content=\"https:\/\/www.manetti.com\/wp-content\/uploads\/2024\/12\/Protezioni-allacqua_new_web.png\" \/>\n\t<meta property=\"og:image:width\" content=\"900\" \/>\n\t<meta property=\"og:image:height\" content=\"900\" \/>\n\t<meta property=\"og:image:type\" content=\"image\/png\" \/>\n<meta name=\"twitter:card\" content=\"summary_large_image\" \/>\n<meta name=\"twitter:label1\" content=\"Dur\u00e9e de lecture estim\u00e9e\" \/>\n\t<meta name=\"twitter:data1\" content=\"1 minute\" \/>\n<script type=\"application\/ld+json\" class=\"yoast-schema-graph\">{\"@context\":\"https:\/\/schema.org\",\"@graph\":[{\"@type\":\"WebPage\",\"@id\":\"https:\/\/www.manetti.com\/fr\/produit\/la-protection-a-base-deau-to-buy\/\",\"url\":\"https:\/\/www.manetti.com\/fr\/produit\/la-protection-a-base-deau-to-buy\/\",\"name\":\"La protection \u00e0 base d'eau | Giusto Manetti Battiloro\",\"isPartOf\":{\"@id\":\"https:\/\/www.manetti.com\/fr\/#website\"},\"primaryImageOfPage\":{\"@id\":\"https:\/\/www.manetti.com\/fr\/produit\/la-protection-a-base-deau-to-buy\/#primaryimage\"},\"image\":{\"@id\":\"https:\/\/www.manetti.com\/fr\/produit\/la-protection-a-base-deau-to-buy\/#primaryimage\"},\"thumbnailUrl\":\"https:\/\/www.manetti.com\/wp-content\/uploads\/2024\/12\/Protezioni-allacqua_new_web.png\",\"datePublished\":\"2020-01-31T15:54:48+00:00\",\"dateModified\":\"2025-05-07T10:09:08+00:00\",\"description\":\"Colle \u00e0 base d'huiles et de solvants.La protection \u00e0 base d'eau offre une excellente \u00e9talabilit\u00e9 et adh\u00e9rence sur les surfaces dor\u00e9es, en particulier celles en m\u00e9taux pr\u00e9cieux. Sans\",\"inLanguage\":\"fr-FR\",\"potentialAction\":[{\"@type\":\"ReadAction\",\"target\":[\"https:\/\/www.manetti.com\/fr\/produit\/la-protection-a-base-deau-to-buy\/\"]}]},{\"@type\":\"ImageObject\",\"inLanguage\":\"fr-FR\",\"@id\":\"https:\/\/www.manetti.com\/fr\/produit\/la-protection-a-base-deau-to-buy\/#primaryimage\",\"url\":\"https:\/\/www.manetti.com\/wp-content\/uploads\/2024\/12\/Protezioni-allacqua_new_web.png\",\"contentUrl\":\"https:\/\/www.manetti.com\/wp-content\/uploads\/2024\/12\/Protezioni-allacqua_new_web.png\",\"width\":900,\"height\":900},{\"@type\":\"WebSite\",\"@id\":\"https:\/\/www.manetti.com\/fr\/#website\",\"url\":\"https:\/\/www.manetti.com\/fr\/\",\"name\":\"Giusto Manetti Battiloro\",\"description\":\"\",\"publisher\":{\"@id\":\"https:\/\/www.manetti.com\/fr\/#organization\"},\"potentialAction\":[{\"@type\":\"SearchAction\",\"target\":{\"@type\":\"EntryPoint\",\"urlTemplate\":\"https:\/\/www.manetti.com\/fr\/?s={search_term_string}\"},\"query-input\":{\"@type\":\"PropertyValueSpecification\",\"valueRequired\":true,\"valueName\":\"search_term_string\"}}],\"inLanguage\":\"fr-FR\"},{\"@type\":\"Organization\",\"@id\":\"https:\/\/www.manetti.com\/fr\/#organization\",\"name\":\"GIUSTO MANETTI BATTILORO S.P.A.\",\"url\":\"https:\/\/www.manetti.com\/fr\/\",\"logo\":{\"@type\":\"ImageObject\",\"inLanguage\":\"fr-FR\",\"@id\":\"https:\/\/www.manetti.com\/fr\/#\/schema\/logo\/image\/\",\"url\":\"https:\/\/www.manetti.com\/wp-content\/uploads\/2025\/02\/giusto-manetti-blu_300-02.png\",\"contentUrl\":\"https:\/\/www.manetti.com\/wp-content\/uploads\/2025\/02\/giusto-manetti-blu_300-02.png\",\"width\":1123,\"height\":1093,\"caption\":\"GIUSTO MANETTI BATTILORO S.P.A.\"},\"image\":{\"@id\":\"https:\/\/www.manetti.com\/fr\/#\/schema\/logo\/image\/\"},\"sameAs\":[\"https:\/\/www.facebook.com\/giustomanettibattiloro\",\"https:\/\/www.instagram.com\/giustomanettibattiloro\/\",\"https:\/\/www.linkedin.com\/company\/giusto-manetti-battiloro-s-p-a-\/\",\"https:\/\/www.youtube.com\/user\/ManettiBattiloro\"]}]}<\/script>\n<!-- \/ Yoast SEO plugin. -->","yoast_head_json":{"title":"La protection \u00e0 base d'eau | Giusto Manetti Battiloro","description":"Colle \u00e0 base d'huiles et de solvants.La protection \u00e0 base d'eau offre une excellente \u00e9talabilit\u00e9 et adh\u00e9rence sur les surfaces dor\u00e9es, en particulier celles en m\u00e9taux pr\u00e9cieux. Sans","robots":{"index":"noindex","follow":"nofollow"},"og_locale":"fr_FR","og_type":"article","og_title":"La protection \u00e0 base d'eau | Giusto Manetti Battiloro","og_description":"Colle \u00e0 base d'huiles et de solvants.La protection \u00e0 base d'eau offre une excellente \u00e9talabilit\u00e9 et adh\u00e9rence sur les surfaces dor\u00e9es, en particulier celles en m\u00e9taux pr\u00e9cieux. Sans","og_url":"https:\/\/www.manetti.com\/fr\/produit\/la-protection-a-base-deau-to-buy\/","og_site_name":"Giusto Manetti Battiloro","article_publisher":"https:\/\/www.facebook.com\/giustomanettibattiloro","article_modified_time":"2025-05-07T10:09:08+00:00","og_image":[{"width":900,"height":900,"url":"https:\/\/www.manetti.com\/wp-content\/uploads\/2024\/12\/Protezioni-allacqua_new_web.png","type":"image\/png"}],"twitter_card":"summary_large_image","twitter_misc":{"Dur\u00e9e de lecture estim\u00e9e":"1 minute"},"schema":{"@context":"https:\/\/schema.org","@graph":[{"@type":"WebPage","@id":"https:\/\/www.manetti.com\/fr\/produit\/la-protection-a-base-deau-to-buy\/","url":"https:\/\/www.manetti.com\/fr\/produit\/la-protection-a-base-deau-to-buy\/","name":"La protection \u00e0 base d'eau | Giusto Manetti Battiloro","isPartOf":{"@id":"https:\/\/www.manetti.com\/fr\/#website"},"primaryImageOfPage":{"@id":"https:\/\/www.manetti.com\/fr\/produit\/la-protection-a-base-deau-to-buy\/#primaryimage"},"image":{"@id":"https:\/\/www.manetti.com\/fr\/produit\/la-protection-a-base-deau-to-buy\/#primaryimage"},"thumbnailUrl":"https:\/\/www.manetti.com\/wp-content\/uploads\/2024\/12\/Protezioni-allacqua_new_web.png","datePublished":"2020-01-31T15:54:48+00:00","dateModified":"2025-05-07T10:09:08+00:00","description":"Colle \u00e0 base d'huiles et de solvants.La protection \u00e0 base d'eau offre une excellente \u00e9talabilit\u00e9 et adh\u00e9rence sur les surfaces dor\u00e9es, en particulier celles en m\u00e9taux pr\u00e9cieux. Sans","inLanguage":"fr-FR","potentialAction":[{"@type":"ReadAction","target":["https:\/\/www.manetti.com\/fr\/produit\/la-protection-a-base-deau-to-buy\/"]}]},{"@type":"ImageObject","inLanguage":"fr-FR","@id":"https:\/\/www.manetti.com\/fr\/produit\/la-protection-a-base-deau-to-buy\/#primaryimage","url":"https:\/\/www.manetti.com\/wp-content\/uploads\/2024\/12\/Protezioni-allacqua_new_web.png","contentUrl":"https:\/\/www.manetti.com\/wp-content\/uploads\/2024\/12\/Protezioni-allacqua_new_web.png","width":900,"height":900},{"@type":"WebSite","@id":"https:\/\/www.manetti.com\/fr\/#website","url":"https:\/\/www.manetti.com\/fr\/","name":"Giusto Manetti Battiloro","description":"","publisher":{"@id":"https:\/\/www.manetti.com\/fr\/#organization"},"potentialAction":[{"@type":"SearchAction","target":{"@type":"EntryPoint","urlTemplate":"https:\/\/www.manetti.com\/fr\/?s={search_term_string}"},"query-input":{"@type":"PropertyValueSpecification","valueRequired":true,"valueName":"search_term_string"}}],"inLanguage":"fr-FR"},{"@type":"Organization","@id":"https:\/\/www.manetti.com\/fr\/#organization","name":"GIUSTO MANETTI BATTILORO S.P.A.","url":"https:\/\/www.manetti.com\/fr\/","logo":{"@type":"ImageObject","inLanguage":"fr-FR","@id":"https:\/\/www.manetti.com\/fr\/#\/schema\/logo\/image\/","url":"https:\/\/www.manetti.com\/wp-content\/uploads\/2025\/02\/giusto-manetti-blu_300-02.png","contentUrl":"https:\/\/www.manetti.com\/wp-content\/uploads\/2025\/02\/giusto-manetti-blu_300-02.png","width":1123,"height":1093,"caption":"GIUSTO MANETTI BATTILORO S.P.A."},"image":{"@id":"https:\/\/www.manetti.com\/fr\/#\/schema\/logo\/image\/"},"sameAs":["https:\/\/www.facebook.com\/giustomanettibattiloro","https:\/\/www.instagram.com\/giustomanettibattiloro\/","https:\/\/www.linkedin.com\/company\/giusto-manetti-battiloro-s-p-a-\/","https:\/\/www.youtube.com\/user\/ManettiBattiloro"]}]}},"_links":{"self":[{"href":"https:\/\/www.manetti.com\/fr\/wp-json\/wp\/v2\/product\/79664","targetHints":{"allow":["GET"]}}],"collection":[{"href":"https:\/\/www.manetti.com\/fr\/wp-json\/wp\/v2\/product"}],"about":[{"href":"https:\/\/www.manetti.com\/fr\/wp-json\/wp\/v2\/types\/product"}],"wp:featuredmedia":[{"embeddable":true,"href":"https:\/\/www.manetti.com\/fr\/wp-json\/wp\/v2\/media\/81784"}],"wp:attachment":[{"href":"https:\/\/www.manetti.com\/fr\/wp-json\/wp\/v2\/media?parent=79664"}],"wp:term":[{"taxonomy":"product_brand","embeddable":true,"href":"https:\/\/www.manetti.com\/fr\/wp-json\/wp\/v2\/product_brand?post=79664"},{"taxonomy":"product_cat","embeddable":true,"href":"https:\/\/www.manetti.com\/fr\/wp-json\/wp\/v2\/product_cat?post=79664"},{"taxonomy":"product_tag","embeddable":true,"href":"https:\/\/www.manetti.com\/fr\/wp-json\/wp\/v2\/product_tag?post=79664"},{"taxonomy":"product_area","embeddable":true,"href":"https:\/\/www.manetti.com\/fr\/wp-json\/wp\/v2\/product_area?post=79664"},{"taxonomy":"catalog_category","embeddable":true,"href":"https:\/\/www.manetti.com\/fr\/wp-json\/wp\/v2\/catalog_category?post=79664"}],"curies":[{"name":"wp","href":"https:\/\/api.w.org\/{rel}","templated":true}]}}