{"id":81732,"date":"2025-05-06T12:26:56","date_gmt":"2025-05-06T10:26:56","guid":{"rendered":"https:\/\/www.manetti.com\/?post_type=product&#038;p=81732"},"modified":"2025-05-09T15:11:33","modified_gmt":"2025-05-09T13:11:33","slug":"nuances-des-couleurs-feuille-en-metal-precieux","status":"publish","type":"product","link":"https:\/\/www.manetti.com\/fr\/produit\/diagramme-des-couleurs-feuille-en-metal-precieux\/","title":{"rendered":"Diagramme Des Couleurs \u2013 Feuille En M\u00e9tal Pr\u00e9cieux"},"content":{"rendered":"<p class=\"\" data-start=\"38\" data-end=\"234\">Utile aux doreurs professionnels et aux amateurs, ce nuancier permet de comparer la teinte, le ton, la brillance et l\u2019\u00e9clat des feuilles de m\u00e9taux pr\u00e9cieux. Le nuancier comprend des \u00e9chantillons de feuilles en diff\u00e9rents m\u00e9taux pr\u00e9cieux, tels que l\u2019or jaune 24kt, l\u2019or orange 23,5kt, l\u2019or rose 22kt, l\u2019or champagne 22,5kt, l\u2019or blanc 12kt, le platine et le palladium.<\/p>\n<p class=\"\" data-start=\"38\" data-end=\"234\">Taille: 30 x 21 cm<\/p>\n","protected":false},"excerpt":{"rendered":"<p class=\"\" data-start=\"38\" data-end=\"234\">Utile aux doreurs professionnels et aux amateurs, ce nuancier permet de comparer la teinte, le ton, la brillance et l\u2019\u00e9clat des feuilles de m\u00e9taux pr\u00e9cieux. Le nuancier comprend des \u00e9chantillons de feuilles en diff\u00e9rents m\u00e9taux pr\u00e9cieux, tels que l\u2019or jaune 24kt, l\u2019or orange 23,5kt, l\u2019or rose 22kt, l\u2019or champagne 22,5kt, l\u2019or blanc 12kt, le platine et le palladium.<\/p>\n<p class=\"\" data-start=\"38\" data-end=\"234\">Taille: 30 x 21 cm<\/p>\n<p> [&#8230;]<\/p>\n<p><a class=\"btn btn-secondary understrap-read-more-link\" href=\"https:\/\/www.manetti.com\/fr\/produit\/diagramme-des-couleurs-feuille-en-metal-precieux\/\">Lire la suite&#8230;<\/a><\/p>\n","protected":false},"featured_media":81725,"template":"","meta":{"_acf_changed":false},"product_brand":[],"product_cat":[164],"product_tag":[],"product_area":[],"catalog_category":[793,969],"class_list":{"0":"post-81732","1":"product","2":"type-product","3":"status-publish","4":"has-post-thumbnail","6":"product_cat-feuille-dor-veritable","7":"catalog_category-dorure-et-restauration","8":"catalog_category-dorure-et-restauration-feuille-dor-et-autres-metaux","10":"first","11":"instock","12":"shipping-taxable","13":"purchasable","14":"product-type-simple"},"acf":[],"yoast_head":"<!-- This site is optimized with the Yoast SEO plugin v26.5 - https:\/\/yoast.com\/wordpress\/plugins\/seo\/ -->\n<title>Diagramme Des Couleurs \u2013 Feuille En M\u00e9tal Pr\u00e9cieux | Giusto Manetti Battiloro<\/title>\n<meta name=\"description\" content=\"Diagramme Des Couleurs \u2013 Feuille En M\u00e9tal Pr\u00e9cieux permet de comparer la couleur, la teinte, la brillance et l&#039;\u00e9clat de la feuille en m\u00e9tal pr\u00e9cieux de Giusto Manetti Battiloro\" \/>\n<meta name=\"robots\" content=\"index, follow, max-snippet:-1, max-image-preview:large, max-video-preview:-1\" \/>\n<link rel=\"canonical\" href=\"https:\/\/www.manetti.com\/fr\/produit\/diagramme-des-couleurs-feuille-en-metal-precieux\/\" \/>\n<meta property=\"og:locale\" content=\"fr_FR\" \/>\n<meta property=\"og:type\" content=\"article\" \/>\n<meta property=\"og:title\" content=\"Diagramme Des Couleurs \u2013 Feuille En M\u00e9tal Pr\u00e9cieux | Giusto Manetti Battiloro\" \/>\n<meta property=\"og:description\" content=\"Diagramme Des Couleurs \u2013 Feuille En M\u00e9tal Pr\u00e9cieux permet de comparer la couleur, la teinte, la brillance et l&#039;\u00e9clat de la feuille en m\u00e9tal pr\u00e9cieux de Giusto Manetti Battiloro\" \/>\n<meta property=\"og:url\" content=\"https:\/\/www.manetti.com\/fr\/produit\/diagramme-des-couleurs-feuille-en-metal-precieux\/\" \/>\n<meta property=\"og:site_name\" content=\"Giusto Manetti Battiloro\" \/>\n<meta property=\"article:publisher\" content=\"https:\/\/www.facebook.com\/giustomanettibattiloro\" \/>\n<meta property=\"article:modified_time\" content=\"2025-05-09T13:11:33+00:00\" \/>\n<meta property=\"og:image\" content=\"https:\/\/www.manetti.com\/wp-content\/uploads\/2025\/05\/Cartella-Colori-_F827951_web.png\" \/>\n\t<meta property=\"og:image:width\" content=\"1200\" \/>\n\t<meta property=\"og:image:height\" content=\"1200\" \/>\n\t<meta property=\"og:image:type\" content=\"image\/png\" \/>\n<meta name=\"twitter:card\" content=\"summary_large_image\" \/>\n<script type=\"application\/ld+json\" class=\"yoast-schema-graph\">{\"@context\":\"https:\/\/schema.org\",\"@graph\":[{\"@type\":\"WebPage\",\"@id\":\"https:\/\/www.manetti.com\/fr\/produit\/diagramme-des-couleurs-feuille-en-metal-precieux\/\",\"url\":\"https:\/\/www.manetti.com\/fr\/produit\/diagramme-des-couleurs-feuille-en-metal-precieux\/\",\"name\":\"Diagramme Des Couleurs \u2013 Feuille En M\u00e9tal Pr\u00e9cieux | Giusto Manetti Battiloro\",\"isPartOf\":{\"@id\":\"https:\/\/www.manetti.com\/fr\/#website\"},\"primaryImageOfPage\":{\"@id\":\"https:\/\/www.manetti.com\/fr\/produit\/diagramme-des-couleurs-feuille-en-metal-precieux\/#primaryimage\"},\"image\":{\"@id\":\"https:\/\/www.manetti.com\/fr\/produit\/diagramme-des-couleurs-feuille-en-metal-precieux\/#primaryimage\"},\"thumbnailUrl\":\"https:\/\/www.manetti.com\/wp-content\/uploads\/2025\/05\/Cartella-Colori-_F827951_web.png\",\"datePublished\":\"2025-05-06T10:26:56+00:00\",\"dateModified\":\"2025-05-09T13:11:33+00:00\",\"description\":\"Diagramme Des Couleurs \u2013 Feuille En M\u00e9tal Pr\u00e9cieux permet de comparer la couleur, la teinte, la brillance et l'\u00e9clat de la feuille en m\u00e9tal pr\u00e9cieux de Giusto Manetti Battiloro\",\"inLanguage\":\"fr-FR\",\"potentialAction\":[{\"@type\":\"ReadAction\",\"target\":[\"https:\/\/www.manetti.com\/fr\/produit\/diagramme-des-couleurs-feuille-en-metal-precieux\/\"]}]},{\"@type\":\"ImageObject\",\"inLanguage\":\"fr-FR\",\"@id\":\"https:\/\/www.manetti.com\/fr\/produit\/diagramme-des-couleurs-feuille-en-metal-precieux\/#primaryimage\",\"url\":\"https:\/\/www.manetti.com\/wp-content\/uploads\/2025\/05\/Cartella-Colori-_F827951_web.png\",\"contentUrl\":\"https:\/\/www.manetti.com\/wp-content\/uploads\/2025\/05\/Cartella-Colori-_F827951_web.png\",\"width\":1200,\"height\":1200},{\"@type\":\"WebSite\",\"@id\":\"https:\/\/www.manetti.com\/fr\/#website\",\"url\":\"https:\/\/www.manetti.com\/fr\/\",\"name\":\"Giusto Manetti Battiloro\",\"description\":\"\",\"publisher\":{\"@id\":\"https:\/\/www.manetti.com\/fr\/#organization\"},\"potentialAction\":[{\"@type\":\"SearchAction\",\"target\":{\"@type\":\"EntryPoint\",\"urlTemplate\":\"https:\/\/www.manetti.com\/fr\/?s={search_term_string}\"},\"query-input\":{\"@type\":\"PropertyValueSpecification\",\"valueRequired\":true,\"valueName\":\"search_term_string\"}}],\"inLanguage\":\"fr-FR\"},{\"@type\":\"Organization\",\"@id\":\"https:\/\/www.manetti.com\/fr\/#organization\",\"name\":\"GIUSTO MANETTI BATTILORO S.P.A.\",\"url\":\"https:\/\/www.manetti.com\/fr\/\",\"logo\":{\"@type\":\"ImageObject\",\"inLanguage\":\"fr-FR\",\"@id\":\"https:\/\/www.manetti.com\/fr\/#\/schema\/logo\/image\/\",\"url\":\"https:\/\/www.manetti.com\/wp-content\/uploads\/2025\/02\/giusto-manetti-blu_300-02.png\",\"contentUrl\":\"https:\/\/www.manetti.com\/wp-content\/uploads\/2025\/02\/giusto-manetti-blu_300-02.png\",\"width\":1123,\"height\":1093,\"caption\":\"GIUSTO MANETTI BATTILORO S.P.A.\"},\"image\":{\"@id\":\"https:\/\/www.manetti.com\/fr\/#\/schema\/logo\/image\/\"},\"sameAs\":[\"https:\/\/www.facebook.com\/giustomanettibattiloro\",\"https:\/\/www.instagram.com\/giustomanettibattiloro\/\",\"https:\/\/www.linkedin.com\/company\/giusto-manetti-battiloro-s-p-a-\/\",\"https:\/\/www.youtube.com\/user\/ManettiBattiloro\"]}]}<\/script>\n<!-- \/ Yoast SEO plugin. -->","yoast_head_json":{"title":"Diagramme Des Couleurs \u2013 Feuille En M\u00e9tal Pr\u00e9cieux | Giusto Manetti Battiloro","description":"Diagramme Des Couleurs \u2013 Feuille En M\u00e9tal Pr\u00e9cieux permet de comparer la couleur, la teinte, la brillance et l'\u00e9clat de la feuille en m\u00e9tal pr\u00e9cieux de Giusto Manetti Battiloro","robots":{"index":"index","follow":"follow","max-snippet":"max-snippet:-1","max-image-preview":"max-image-preview:large","max-video-preview":"max-video-preview:-1"},"canonical":"https:\/\/www.manetti.com\/fr\/produit\/diagramme-des-couleurs-feuille-en-metal-precieux\/","og_locale":"fr_FR","og_type":"article","og_title":"Diagramme Des Couleurs \u2013 Feuille En M\u00e9tal Pr\u00e9cieux | Giusto Manetti Battiloro","og_description":"Diagramme Des Couleurs \u2013 Feuille En M\u00e9tal Pr\u00e9cieux permet de comparer la couleur, la teinte, la brillance et l'\u00e9clat de la feuille en m\u00e9tal pr\u00e9cieux de Giusto Manetti Battiloro","og_url":"https:\/\/www.manetti.com\/fr\/produit\/diagramme-des-couleurs-feuille-en-metal-precieux\/","og_site_name":"Giusto Manetti Battiloro","article_publisher":"https:\/\/www.facebook.com\/giustomanettibattiloro","article_modified_time":"2025-05-09T13:11:33+00:00","og_image":[{"width":1200,"height":1200,"url":"https:\/\/www.manetti.com\/wp-content\/uploads\/2025\/05\/Cartella-Colori-_F827951_web.png","type":"image\/png"}],"twitter_card":"summary_large_image","schema":{"@context":"https:\/\/schema.org","@graph":[{"@type":"WebPage","@id":"https:\/\/www.manetti.com\/fr\/produit\/diagramme-des-couleurs-feuille-en-metal-precieux\/","url":"https:\/\/www.manetti.com\/fr\/produit\/diagramme-des-couleurs-feuille-en-metal-precieux\/","name":"Diagramme Des Couleurs \u2013 Feuille En M\u00e9tal Pr\u00e9cieux | Giusto Manetti Battiloro","isPartOf":{"@id":"https:\/\/www.manetti.com\/fr\/#website"},"primaryImageOfPage":{"@id":"https:\/\/www.manetti.com\/fr\/produit\/diagramme-des-couleurs-feuille-en-metal-precieux\/#primaryimage"},"image":{"@id":"https:\/\/www.manetti.com\/fr\/produit\/diagramme-des-couleurs-feuille-en-metal-precieux\/#primaryimage"},"thumbnailUrl":"https:\/\/www.manetti.com\/wp-content\/uploads\/2025\/05\/Cartella-Colori-_F827951_web.png","datePublished":"2025-05-06T10:26:56+00:00","dateModified":"2025-05-09T13:11:33+00:00","description":"Diagramme Des Couleurs \u2013 Feuille En M\u00e9tal Pr\u00e9cieux permet de comparer la couleur, la teinte, la brillance et l'\u00e9clat de la feuille en m\u00e9tal pr\u00e9cieux de Giusto Manetti Battiloro","inLanguage":"fr-FR","potentialAction":[{"@type":"ReadAction","target":["https:\/\/www.manetti.com\/fr\/produit\/diagramme-des-couleurs-feuille-en-metal-precieux\/"]}]},{"@type":"ImageObject","inLanguage":"fr-FR","@id":"https:\/\/www.manetti.com\/fr\/produit\/diagramme-des-couleurs-feuille-en-metal-precieux\/#primaryimage","url":"https:\/\/www.manetti.com\/wp-content\/uploads\/2025\/05\/Cartella-Colori-_F827951_web.png","contentUrl":"https:\/\/www.manetti.com\/wp-content\/uploads\/2025\/05\/Cartella-Colori-_F827951_web.png","width":1200,"height":1200},{"@type":"WebSite","@id":"https:\/\/www.manetti.com\/fr\/#website","url":"https:\/\/www.manetti.com\/fr\/","name":"Giusto Manetti Battiloro","description":"","publisher":{"@id":"https:\/\/www.manetti.com\/fr\/#organization"},"potentialAction":[{"@type":"SearchAction","target":{"@type":"EntryPoint","urlTemplate":"https:\/\/www.manetti.com\/fr\/?s={search_term_string}"},"query-input":{"@type":"PropertyValueSpecification","valueRequired":true,"valueName":"search_term_string"}}],"inLanguage":"fr-FR"},{"@type":"Organization","@id":"https:\/\/www.manetti.com\/fr\/#organization","name":"GIUSTO MANETTI BATTILORO S.P.A.","url":"https:\/\/www.manetti.com\/fr\/","logo":{"@type":"ImageObject","inLanguage":"fr-FR","@id":"https:\/\/www.manetti.com\/fr\/#\/schema\/logo\/image\/","url":"https:\/\/www.manetti.com\/wp-content\/uploads\/2025\/02\/giusto-manetti-blu_300-02.png","contentUrl":"https:\/\/www.manetti.com\/wp-content\/uploads\/2025\/02\/giusto-manetti-blu_300-02.png","width":1123,"height":1093,"caption":"GIUSTO MANETTI BATTILORO S.P.A."},"image":{"@id":"https:\/\/www.manetti.com\/fr\/#\/schema\/logo\/image\/"},"sameAs":["https:\/\/www.facebook.com\/giustomanettibattiloro","https:\/\/www.instagram.com\/giustomanettibattiloro\/","https:\/\/www.linkedin.com\/company\/giusto-manetti-battiloro-s-p-a-\/","https:\/\/www.youtube.com\/user\/ManettiBattiloro"]}]}},"_links":{"self":[{"href":"https:\/\/www.manetti.com\/fr\/wp-json\/wp\/v2\/product\/81732","targetHints":{"allow":["GET"]}}],"collection":[{"href":"https:\/\/www.manetti.com\/fr\/wp-json\/wp\/v2\/product"}],"about":[{"href":"https:\/\/www.manetti.com\/fr\/wp-json\/wp\/v2\/types\/product"}],"wp:featuredmedia":[{"embeddable":true,"href":"https:\/\/www.manetti.com\/fr\/wp-json\/wp\/v2\/media\/81725"}],"wp:attachment":[{"href":"https:\/\/www.manetti.com\/fr\/wp-json\/wp\/v2\/media?parent=81732"}],"wp:term":[{"taxonomy":"product_brand","embeddable":true,"href":"https:\/\/www.manetti.com\/fr\/wp-json\/wp\/v2\/product_brand?post=81732"},{"taxonomy":"product_cat","embeddable":true,"href":"https:\/\/www.manetti.com\/fr\/wp-json\/wp\/v2\/product_cat?post=81732"},{"taxonomy":"product_tag","embeddable":true,"href":"https:\/\/www.manetti.com\/fr\/wp-json\/wp\/v2\/product_tag?post=81732"},{"taxonomy":"product_area","embeddable":true,"href":"https:\/\/www.manetti.com\/fr\/wp-json\/wp\/v2\/product_area?post=81732"},{"taxonomy":"catalog_category","embeddable":true,"href":"https:\/\/www.manetti.com\/fr\/wp-json\/wp\/v2\/catalog_category?post=81732"}],"curies":[{"name":"wp","href":"https:\/\/api.w.org\/{rel}","templated":true}]}}