{"id":81749,"date":"2025-05-07T10:05:10","date_gmt":"2025-05-07T08:05:10","guid":{"rendered":"https:\/\/www.manetti.com\/?post_type=product&#038;p=81749"},"modified":"2025-05-08T17:19:12","modified_gmt":"2025-05-08T15:19:12","slug":"nuances-des-couleurs-feuille-dimitation","status":"publish","type":"product","link":"https:\/\/www.manetti.com\/fr\/produit\/diagramme-des-couleurs-feuille-dimitation\/","title":{"rendered":"Nuances Des Couleurs \u2013 Feuille d&#8217;Imitation"},"content":{"rendered":"<p class=\"\" data-start=\"38\" data-end=\"234\">Con\u00e7ue pour ceux qui d\u00e9couvrent l\u2019univers de la dorure, cette carte de couleurs est un outil simple et intuitif pour explorer les teintes disponibles de feuille d\u2019imitation. Elle contient des \u00e9chantillons r\u00e9els de deux variantes de feuille d\u2019or, ainsi que de feuilles de cuivre et d\u2019aluminium. Id\u00e9ale pour les artisans, les cr\u00e9atifs et les amateurs, elle constitue un support pratique pour \u00e9valuer avec pr\u00e9cision la couleur la plus adapt\u00e9e \u00e0 chaque projet artistique.<\/p>\n<p class=\"\" data-start=\"38\" data-end=\"234\">Taille: 30 x 21 cm<\/p>\n","protected":false},"excerpt":{"rendered":"<p class=\"\" data-start=\"38\" data-end=\"234\">Con\u00e7ue pour ceux qui d\u00e9couvrent l\u2019univers de la dorure, cette carte de couleurs est un outil simple et intuitif pour explorer les teintes disponibles de feuille d\u2019imitation. Elle contient des \u00e9chantillons r\u00e9els de deux variantes de feuille d\u2019or, ainsi que de feuilles de cuivre et d\u2019aluminium. Id\u00e9ale pour les artisans, les cr\u00e9atifs et les amateurs, elle constitue un support pratique pour \u00e9valuer avec pr\u00e9cision la couleur la plus adapt\u00e9e \u00e0 chaque projet artistique.<\/p>\n<p class=\"\" data-start=\"38\" data-end=\"234\">Taille: 30 x 21 cm<\/p>\n<p> [&#8230;]<\/p>\n<p><a class=\"btn btn-secondary understrap-read-more-link\" href=\"https:\/\/www.manetti.com\/fr\/produit\/diagramme-des-couleurs-feuille-dimitation\/\">Lire la suite&#8230;<\/a><\/p>\n","protected":false},"featured_media":81720,"template":"","meta":{"_acf_changed":false},"product_brand":[],"product_cat":[176],"product_tag":[],"product_area":[],"catalog_category":[801,821],"class_list":{"0":"post-81749","1":"product","2":"type-product","3":"status-publish","4":"has-post-thumbnail","6":"product_cat-feuille-imitation","7":"catalog_category-dorure-avec-feuille-dor-imitation","8":"catalog_category-dorure-avec-feuille-dor-imitation-feuille-imitation","10":"first","11":"instock","12":"shipping-taxable","13":"purchasable","14":"product-type-simple"},"acf":[],"yoast_head":"<!-- This site is optimized with the Yoast SEO plugin v26.5 - https:\/\/yoast.com\/wordpress\/plugins\/seo\/ -->\n<title>Nuances Des Couleurs \u2013 Feuille d&#039;Imitation | Giusto Manetti Battiloro<\/title>\n<meta name=\"description\" content=\"Le Nuances Des Couleurs \u2013 Feuille d&#039;Imitation permet de comparer la couleur, la teinte, la brillance et l&#039;\u00e9clat de la feuille d&#039;or imitation de Giusto Manetti Battiloro.\" \/>\n<meta name=\"robots\" content=\"index, follow, max-snippet:-1, max-image-preview:large, max-video-preview:-1\" \/>\n<link rel=\"canonical\" href=\"https:\/\/www.manetti.com\/fr\/produit\/diagramme-des-couleurs-feuille-dimitation\/\" \/>\n<meta property=\"og:locale\" content=\"fr_FR\" \/>\n<meta property=\"og:type\" content=\"article\" \/>\n<meta property=\"og:title\" content=\"Nuances Des Couleurs \u2013 Feuille d&#039;Imitation | Giusto Manetti Battiloro\" \/>\n<meta property=\"og:description\" content=\"Le Nuances Des Couleurs \u2013 Feuille d&#039;Imitation permet de comparer la couleur, la teinte, la brillance et l&#039;\u00e9clat de la feuille d&#039;or imitation de Giusto Manetti Battiloro.\" \/>\n<meta property=\"og:url\" content=\"https:\/\/www.manetti.com\/fr\/produit\/diagramme-des-couleurs-feuille-dimitation\/\" \/>\n<meta property=\"og:site_name\" content=\"Giusto Manetti Battiloro\" \/>\n<meta property=\"article:publisher\" content=\"https:\/\/www.facebook.com\/giustomanettibattiloro\" \/>\n<meta property=\"article:modified_time\" content=\"2025-05-08T15:19:12+00:00\" \/>\n<meta property=\"og:image\" content=\"https:\/\/www.manetti.com\/wp-content\/uploads\/2025\/05\/Cartella-colori-IMI_manetti_web.png\" \/>\n\t<meta property=\"og:image:width\" content=\"900\" \/>\n\t<meta property=\"og:image:height\" content=\"900\" \/>\n\t<meta property=\"og:image:type\" content=\"image\/png\" \/>\n<meta name=\"twitter:card\" content=\"summary_large_image\" \/>\n<script type=\"application\/ld+json\" class=\"yoast-schema-graph\">{\"@context\":\"https:\/\/schema.org\",\"@graph\":[{\"@type\":\"WebPage\",\"@id\":\"https:\/\/www.manetti.com\/fr\/produit\/diagramme-des-couleurs-feuille-dimitation\/\",\"url\":\"https:\/\/www.manetti.com\/fr\/produit\/diagramme-des-couleurs-feuille-dimitation\/\",\"name\":\"Nuances Des Couleurs \u2013 Feuille d'Imitation | Giusto Manetti Battiloro\",\"isPartOf\":{\"@id\":\"https:\/\/www.manetti.com\/fr\/#website\"},\"primaryImageOfPage\":{\"@id\":\"https:\/\/www.manetti.com\/fr\/produit\/diagramme-des-couleurs-feuille-dimitation\/#primaryimage\"},\"image\":{\"@id\":\"https:\/\/www.manetti.com\/fr\/produit\/diagramme-des-couleurs-feuille-dimitation\/#primaryimage\"},\"thumbnailUrl\":\"https:\/\/www.manetti.com\/wp-content\/uploads\/2025\/05\/Cartella-colori-IMI_manetti_web.png\",\"datePublished\":\"2025-05-07T08:05:10+00:00\",\"dateModified\":\"2025-05-08T15:19:12+00:00\",\"description\":\"Le Nuances Des Couleurs \u2013 Feuille d'Imitation permet de comparer la couleur, la teinte, la brillance et l'\u00e9clat de la feuille d'or imitation de Giusto Manetti Battiloro.\",\"inLanguage\":\"fr-FR\",\"potentialAction\":[{\"@type\":\"ReadAction\",\"target\":[\"https:\/\/www.manetti.com\/fr\/produit\/diagramme-des-couleurs-feuille-dimitation\/\"]}]},{\"@type\":\"ImageObject\",\"inLanguage\":\"fr-FR\",\"@id\":\"https:\/\/www.manetti.com\/fr\/produit\/diagramme-des-couleurs-feuille-dimitation\/#primaryimage\",\"url\":\"https:\/\/www.manetti.com\/wp-content\/uploads\/2025\/05\/Cartella-colori-IMI_manetti_web.png\",\"contentUrl\":\"https:\/\/www.manetti.com\/wp-content\/uploads\/2025\/05\/Cartella-colori-IMI_manetti_web.png\",\"width\":900,\"height\":900},{\"@type\":\"WebSite\",\"@id\":\"https:\/\/www.manetti.com\/fr\/#website\",\"url\":\"https:\/\/www.manetti.com\/fr\/\",\"name\":\"Giusto Manetti Battiloro\",\"description\":\"\",\"publisher\":{\"@id\":\"https:\/\/www.manetti.com\/fr\/#organization\"},\"potentialAction\":[{\"@type\":\"SearchAction\",\"target\":{\"@type\":\"EntryPoint\",\"urlTemplate\":\"https:\/\/www.manetti.com\/fr\/?s={search_term_string}\"},\"query-input\":{\"@type\":\"PropertyValueSpecification\",\"valueRequired\":true,\"valueName\":\"search_term_string\"}}],\"inLanguage\":\"fr-FR\"},{\"@type\":\"Organization\",\"@id\":\"https:\/\/www.manetti.com\/fr\/#organization\",\"name\":\"GIUSTO MANETTI BATTILORO S.P.A.\",\"url\":\"https:\/\/www.manetti.com\/fr\/\",\"logo\":{\"@type\":\"ImageObject\",\"inLanguage\":\"fr-FR\",\"@id\":\"https:\/\/www.manetti.com\/fr\/#\/schema\/logo\/image\/\",\"url\":\"https:\/\/www.manetti.com\/wp-content\/uploads\/2025\/02\/giusto-manetti-blu_300-02.png\",\"contentUrl\":\"https:\/\/www.manetti.com\/wp-content\/uploads\/2025\/02\/giusto-manetti-blu_300-02.png\",\"width\":1123,\"height\":1093,\"caption\":\"GIUSTO MANETTI BATTILORO S.P.A.\"},\"image\":{\"@id\":\"https:\/\/www.manetti.com\/fr\/#\/schema\/logo\/image\/\"},\"sameAs\":[\"https:\/\/www.facebook.com\/giustomanettibattiloro\",\"https:\/\/www.instagram.com\/giustomanettibattiloro\/\",\"https:\/\/www.linkedin.com\/company\/giusto-manetti-battiloro-s-p-a-\/\",\"https:\/\/www.youtube.com\/user\/ManettiBattiloro\"]}]}<\/script>\n<!-- \/ Yoast SEO plugin. -->","yoast_head_json":{"title":"Nuances Des Couleurs \u2013 Feuille d'Imitation | Giusto Manetti Battiloro","description":"Le Nuances Des Couleurs \u2013 Feuille d'Imitation permet de comparer la couleur, la teinte, la brillance et l'\u00e9clat de la feuille d'or imitation de Giusto Manetti Battiloro.","robots":{"index":"index","follow":"follow","max-snippet":"max-snippet:-1","max-image-preview":"max-image-preview:large","max-video-preview":"max-video-preview:-1"},"canonical":"https:\/\/www.manetti.com\/fr\/produit\/diagramme-des-couleurs-feuille-dimitation\/","og_locale":"fr_FR","og_type":"article","og_title":"Nuances Des Couleurs \u2013 Feuille d'Imitation | Giusto Manetti Battiloro","og_description":"Le Nuances Des Couleurs \u2013 Feuille d'Imitation permet de comparer la couleur, la teinte, la brillance et l'\u00e9clat de la feuille d'or imitation de Giusto Manetti Battiloro.","og_url":"https:\/\/www.manetti.com\/fr\/produit\/diagramme-des-couleurs-feuille-dimitation\/","og_site_name":"Giusto Manetti Battiloro","article_publisher":"https:\/\/www.facebook.com\/giustomanettibattiloro","article_modified_time":"2025-05-08T15:19:12+00:00","og_image":[{"width":900,"height":900,"url":"https:\/\/www.manetti.com\/wp-content\/uploads\/2025\/05\/Cartella-colori-IMI_manetti_web.png","type":"image\/png"}],"twitter_card":"summary_large_image","schema":{"@context":"https:\/\/schema.org","@graph":[{"@type":"WebPage","@id":"https:\/\/www.manetti.com\/fr\/produit\/diagramme-des-couleurs-feuille-dimitation\/","url":"https:\/\/www.manetti.com\/fr\/produit\/diagramme-des-couleurs-feuille-dimitation\/","name":"Nuances Des Couleurs \u2013 Feuille d'Imitation | Giusto Manetti Battiloro","isPartOf":{"@id":"https:\/\/www.manetti.com\/fr\/#website"},"primaryImageOfPage":{"@id":"https:\/\/www.manetti.com\/fr\/produit\/diagramme-des-couleurs-feuille-dimitation\/#primaryimage"},"image":{"@id":"https:\/\/www.manetti.com\/fr\/produit\/diagramme-des-couleurs-feuille-dimitation\/#primaryimage"},"thumbnailUrl":"https:\/\/www.manetti.com\/wp-content\/uploads\/2025\/05\/Cartella-colori-IMI_manetti_web.png","datePublished":"2025-05-07T08:05:10+00:00","dateModified":"2025-05-08T15:19:12+00:00","description":"Le Nuances Des Couleurs \u2013 Feuille d'Imitation permet de comparer la couleur, la teinte, la brillance et l'\u00e9clat de la feuille d'or imitation de Giusto Manetti Battiloro.","inLanguage":"fr-FR","potentialAction":[{"@type":"ReadAction","target":["https:\/\/www.manetti.com\/fr\/produit\/diagramme-des-couleurs-feuille-dimitation\/"]}]},{"@type":"ImageObject","inLanguage":"fr-FR","@id":"https:\/\/www.manetti.com\/fr\/produit\/diagramme-des-couleurs-feuille-dimitation\/#primaryimage","url":"https:\/\/www.manetti.com\/wp-content\/uploads\/2025\/05\/Cartella-colori-IMI_manetti_web.png","contentUrl":"https:\/\/www.manetti.com\/wp-content\/uploads\/2025\/05\/Cartella-colori-IMI_manetti_web.png","width":900,"height":900},{"@type":"WebSite","@id":"https:\/\/www.manetti.com\/fr\/#website","url":"https:\/\/www.manetti.com\/fr\/","name":"Giusto Manetti Battiloro","description":"","publisher":{"@id":"https:\/\/www.manetti.com\/fr\/#organization"},"potentialAction":[{"@type":"SearchAction","target":{"@type":"EntryPoint","urlTemplate":"https:\/\/www.manetti.com\/fr\/?s={search_term_string}"},"query-input":{"@type":"PropertyValueSpecification","valueRequired":true,"valueName":"search_term_string"}}],"inLanguage":"fr-FR"},{"@type":"Organization","@id":"https:\/\/www.manetti.com\/fr\/#organization","name":"GIUSTO MANETTI BATTILORO S.P.A.","url":"https:\/\/www.manetti.com\/fr\/","logo":{"@type":"ImageObject","inLanguage":"fr-FR","@id":"https:\/\/www.manetti.com\/fr\/#\/schema\/logo\/image\/","url":"https:\/\/www.manetti.com\/wp-content\/uploads\/2025\/02\/giusto-manetti-blu_300-02.png","contentUrl":"https:\/\/www.manetti.com\/wp-content\/uploads\/2025\/02\/giusto-manetti-blu_300-02.png","width":1123,"height":1093,"caption":"GIUSTO MANETTI BATTILORO S.P.A."},"image":{"@id":"https:\/\/www.manetti.com\/fr\/#\/schema\/logo\/image\/"},"sameAs":["https:\/\/www.facebook.com\/giustomanettibattiloro","https:\/\/www.instagram.com\/giustomanettibattiloro\/","https:\/\/www.linkedin.com\/company\/giusto-manetti-battiloro-s-p-a-\/","https:\/\/www.youtube.com\/user\/ManettiBattiloro"]}]}},"_links":{"self":[{"href":"https:\/\/www.manetti.com\/fr\/wp-json\/wp\/v2\/product\/81749","targetHints":{"allow":["GET"]}}],"collection":[{"href":"https:\/\/www.manetti.com\/fr\/wp-json\/wp\/v2\/product"}],"about":[{"href":"https:\/\/www.manetti.com\/fr\/wp-json\/wp\/v2\/types\/product"}],"wp:featuredmedia":[{"embeddable":true,"href":"https:\/\/www.manetti.com\/fr\/wp-json\/wp\/v2\/media\/81720"}],"wp:attachment":[{"href":"https:\/\/www.manetti.com\/fr\/wp-json\/wp\/v2\/media?parent=81749"}],"wp:term":[{"taxonomy":"product_brand","embeddable":true,"href":"https:\/\/www.manetti.com\/fr\/wp-json\/wp\/v2\/product_brand?post=81749"},{"taxonomy":"product_cat","embeddable":true,"href":"https:\/\/www.manetti.com\/fr\/wp-json\/wp\/v2\/product_cat?post=81749"},{"taxonomy":"product_tag","embeddable":true,"href":"https:\/\/www.manetti.com\/fr\/wp-json\/wp\/v2\/product_tag?post=81749"},{"taxonomy":"product_area","embeddable":true,"href":"https:\/\/www.manetti.com\/fr\/wp-json\/wp\/v2\/product_area?post=81749"},{"taxonomy":"catalog_category","embeddable":true,"href":"https:\/\/www.manetti.com\/fr\/wp-json\/wp\/v2\/catalog_category?post=81749"}],"curies":[{"name":"wp","href":"https:\/\/api.w.org\/{rel}","templated":true}]}}