{"id":82161,"date":"2025-06-03T16:15:56","date_gmt":"2025-06-03T14:15:56","guid":{"rendered":"https:\/\/www.manetti.com\/?post_type=product&#038;p=82161"},"modified":"2025-06-03T17:11:52","modified_gmt":"2025-06-03T15:11:52","slug":"pinceaux-verrocchio-2","status":"publish","type":"product","link":"https:\/\/www.manetti.com\/fr\/produit\/pinceaux-verrocchio-2\/","title":{"rendered":"Pinceaux \u201cVerrocchio\u201d"},"content":{"rendered":"<p>Id\u00e9ales pour l&#8217;application du bolus, ces brosses sont con\u00e7ues avec des poils doux et r\u00e9sistants pour assurer une application uniforme et pr\u00e9parer les surfaces \u00e0 la dorure. Elles sont dot\u00e9es d&#8217;une virole en laiton nickel\u00e9 et d&#8217;un manche en bois peint en bleu. <strong>Verrocchio<\/strong> est un pinceau plat et long avec des poils synth\u00e9tiques imitant l&#8217;\u00e9cureuil Kazan, id\u00e9al pour l&#8217;application du bol sur de grandes surfaces.<\/p>\n","protected":false},"excerpt":{"rendered":"<p>Id\u00e9ales pour l&#8217;application du bolus, ces brosses sont con\u00e7ues avec des poils doux et r\u00e9sistants pour assurer une application uniforme et pr\u00e9parer les surfaces \u00e0 la dorure. Elles sont dot\u00e9es d&#8217;une virole en laiton nickel\u00e9 et d&#8217;un manche en bois peint en bleu. Verrocchio est un pinceau plat et long avec des poils synth\u00e9tiques imitant [&#8230;]<\/p>\n<p><a class=\"btn btn-secondary understrap-read-more-link\" href=\"https:\/\/www.manetti.com\/fr\/produit\/pinceaux-verrocchio-2\/\">Lire la suite&#8230;<\/a><\/p>\n","protected":false},"featured_media":82172,"template":"","meta":{"_acf_changed":false},"product_brand":[],"product_cat":[423,387,178],"product_tag":[],"product_area":[],"catalog_category":[793,813,869,877,1080],"class_list":{"0":"post-82161","1":"product","2":"type-product","3":"status-publish","4":"has-post-thumbnail","6":"product_cat-pinceaux","7":"product_cat-outils","8":"product_cat-accessoires-de-dorure","9":"catalog_category-dorure-et-restauration","10":"catalog_category-outils","11":"catalog_category-dorure-et-restauration-pinceaux-et-brosse","12":"catalog_category-dorure-et-restauration-outils","13":"catalog_category-outils-pinceaux","15":"first","16":"instock","17":"shipping-taxable","18":"purchasable","19":"product-type-variable"},"acf":[],"yoast_head":"<!-- This site is optimized with the Yoast SEO plugin v26.5 - https:\/\/yoast.com\/wordpress\/plugins\/seo\/ -->\n<title>Pinceaux \u201cVerrocchio\u201d | Giusto Manetti Battiloro<\/title>\n<meta name=\"description\" content=\"Id\u00e9ales pour l&#039;application du bolus, ces brosses sont con\u00e7ues avec des poils doux et r\u00e9sistants pour assurer une application uniforme et pr\u00e9parer les\" \/>\n<meta name=\"robots\" content=\"index, follow, max-snippet:-1, max-image-preview:large, max-video-preview:-1\" \/>\n<link rel=\"canonical\" href=\"https:\/\/www.manetti.com\/fr\/produit\/pinceaux-verrocchio-2\/\" \/>\n<meta property=\"og:locale\" content=\"fr_FR\" \/>\n<meta property=\"og:type\" content=\"article\" \/>\n<meta property=\"og:title\" content=\"Pinceaux \u201cVerrocchio\u201d | Giusto Manetti Battiloro\" \/>\n<meta property=\"og:description\" content=\"Id\u00e9ales pour l&#039;application du bolus, ces brosses sont con\u00e7ues avec des poils doux et r\u00e9sistants pour assurer une application uniforme et pr\u00e9parer les\" \/>\n<meta property=\"og:url\" content=\"https:\/\/www.manetti.com\/fr\/produit\/pinceaux-verrocchio-2\/\" \/>\n<meta property=\"og:site_name\" content=\"Giusto Manetti Battiloro\" \/>\n<meta property=\"article:publisher\" content=\"https:\/\/www.facebook.com\/giustomanettibattiloro\" \/>\n<meta property=\"article:modified_time\" content=\"2025-06-03T15:11:52+00:00\" \/>\n<meta property=\"og:image\" content=\"https:\/\/www.manetti.com\/wp-content\/uploads\/2025\/06\/Verrocchio-insieme_WEB.png\" \/>\n\t<meta property=\"og:image:width\" content=\"900\" \/>\n\t<meta property=\"og:image:height\" content=\"900\" \/>\n\t<meta property=\"og:image:type\" content=\"image\/png\" \/>\n<meta name=\"twitter:card\" content=\"summary_large_image\" \/>\n<script type=\"application\/ld+json\" class=\"yoast-schema-graph\">{\"@context\":\"https:\/\/schema.org\",\"@graph\":[{\"@type\":\"WebPage\",\"@id\":\"https:\/\/www.manetti.com\/fr\/produit\/pinceaux-verrocchio-2\/\",\"url\":\"https:\/\/www.manetti.com\/fr\/produit\/pinceaux-verrocchio-2\/\",\"name\":\"Pinceaux \u201cVerrocchio\u201d | Giusto Manetti Battiloro\",\"isPartOf\":{\"@id\":\"https:\/\/www.manetti.com\/fr\/#website\"},\"primaryImageOfPage\":{\"@id\":\"https:\/\/www.manetti.com\/fr\/produit\/pinceaux-verrocchio-2\/#primaryimage\"},\"image\":{\"@id\":\"https:\/\/www.manetti.com\/fr\/produit\/pinceaux-verrocchio-2\/#primaryimage\"},\"thumbnailUrl\":\"https:\/\/www.manetti.com\/wp-content\/uploads\/2025\/06\/Verrocchio-insieme_WEB.png\",\"datePublished\":\"2025-06-03T14:15:56+00:00\",\"dateModified\":\"2025-06-03T15:11:52+00:00\",\"description\":\"Id\u00e9ales pour l'application du bolus, ces brosses sont con\u00e7ues avec des poils doux et r\u00e9sistants pour assurer une application uniforme et pr\u00e9parer les\",\"inLanguage\":\"fr-FR\",\"potentialAction\":[{\"@type\":\"ReadAction\",\"target\":[\"https:\/\/www.manetti.com\/fr\/produit\/pinceaux-verrocchio-2\/\"]}]},{\"@type\":\"ImageObject\",\"inLanguage\":\"fr-FR\",\"@id\":\"https:\/\/www.manetti.com\/fr\/produit\/pinceaux-verrocchio-2\/#primaryimage\",\"url\":\"https:\/\/www.manetti.com\/wp-content\/uploads\/2025\/06\/Verrocchio-insieme_WEB.png\",\"contentUrl\":\"https:\/\/www.manetti.com\/wp-content\/uploads\/2025\/06\/Verrocchio-insieme_WEB.png\",\"width\":900,\"height\":900},{\"@type\":\"WebSite\",\"@id\":\"https:\/\/www.manetti.com\/fr\/#website\",\"url\":\"https:\/\/www.manetti.com\/fr\/\",\"name\":\"Giusto Manetti Battiloro\",\"description\":\"\",\"publisher\":{\"@id\":\"https:\/\/www.manetti.com\/fr\/#organization\"},\"potentialAction\":[{\"@type\":\"SearchAction\",\"target\":{\"@type\":\"EntryPoint\",\"urlTemplate\":\"https:\/\/www.manetti.com\/fr\/?s={search_term_string}\"},\"query-input\":{\"@type\":\"PropertyValueSpecification\",\"valueRequired\":true,\"valueName\":\"search_term_string\"}}],\"inLanguage\":\"fr-FR\"},{\"@type\":\"Organization\",\"@id\":\"https:\/\/www.manetti.com\/fr\/#organization\",\"name\":\"GIUSTO MANETTI BATTILORO S.P.A.\",\"url\":\"https:\/\/www.manetti.com\/fr\/\",\"logo\":{\"@type\":\"ImageObject\",\"inLanguage\":\"fr-FR\",\"@id\":\"https:\/\/www.manetti.com\/fr\/#\/schema\/logo\/image\/\",\"url\":\"https:\/\/www.manetti.com\/wp-content\/uploads\/2025\/02\/giusto-manetti-blu_300-02.png\",\"contentUrl\":\"https:\/\/www.manetti.com\/wp-content\/uploads\/2025\/02\/giusto-manetti-blu_300-02.png\",\"width\":1123,\"height\":1093,\"caption\":\"GIUSTO MANETTI BATTILORO S.P.A.\"},\"image\":{\"@id\":\"https:\/\/www.manetti.com\/fr\/#\/schema\/logo\/image\/\"},\"sameAs\":[\"https:\/\/www.facebook.com\/giustomanettibattiloro\",\"https:\/\/www.instagram.com\/giustomanettibattiloro\/\",\"https:\/\/www.linkedin.com\/company\/giusto-manetti-battiloro-s-p-a-\/\",\"https:\/\/www.youtube.com\/user\/ManettiBattiloro\"]}]}<\/script>\n<!-- \/ Yoast SEO plugin. -->","yoast_head_json":{"title":"Pinceaux \u201cVerrocchio\u201d | Giusto Manetti Battiloro","description":"Id\u00e9ales pour l'application du bolus, ces brosses sont con\u00e7ues avec des poils doux et r\u00e9sistants pour assurer une application uniforme et pr\u00e9parer les","robots":{"index":"index","follow":"follow","max-snippet":"max-snippet:-1","max-image-preview":"max-image-preview:large","max-video-preview":"max-video-preview:-1"},"canonical":"https:\/\/www.manetti.com\/fr\/produit\/pinceaux-verrocchio-2\/","og_locale":"fr_FR","og_type":"article","og_title":"Pinceaux \u201cVerrocchio\u201d | Giusto Manetti Battiloro","og_description":"Id\u00e9ales pour l'application du bolus, ces brosses sont con\u00e7ues avec des poils doux et r\u00e9sistants pour assurer une application uniforme et pr\u00e9parer les","og_url":"https:\/\/www.manetti.com\/fr\/produit\/pinceaux-verrocchio-2\/","og_site_name":"Giusto Manetti Battiloro","article_publisher":"https:\/\/www.facebook.com\/giustomanettibattiloro","article_modified_time":"2025-06-03T15:11:52+00:00","og_image":[{"width":900,"height":900,"url":"https:\/\/www.manetti.com\/wp-content\/uploads\/2025\/06\/Verrocchio-insieme_WEB.png","type":"image\/png"}],"twitter_card":"summary_large_image","schema":{"@context":"https:\/\/schema.org","@graph":[{"@type":"WebPage","@id":"https:\/\/www.manetti.com\/fr\/produit\/pinceaux-verrocchio-2\/","url":"https:\/\/www.manetti.com\/fr\/produit\/pinceaux-verrocchio-2\/","name":"Pinceaux \u201cVerrocchio\u201d | Giusto Manetti Battiloro","isPartOf":{"@id":"https:\/\/www.manetti.com\/fr\/#website"},"primaryImageOfPage":{"@id":"https:\/\/www.manetti.com\/fr\/produit\/pinceaux-verrocchio-2\/#primaryimage"},"image":{"@id":"https:\/\/www.manetti.com\/fr\/produit\/pinceaux-verrocchio-2\/#primaryimage"},"thumbnailUrl":"https:\/\/www.manetti.com\/wp-content\/uploads\/2025\/06\/Verrocchio-insieme_WEB.png","datePublished":"2025-06-03T14:15:56+00:00","dateModified":"2025-06-03T15:11:52+00:00","description":"Id\u00e9ales pour l'application du bolus, ces brosses sont con\u00e7ues avec des poils doux et r\u00e9sistants pour assurer une application uniforme et pr\u00e9parer les","inLanguage":"fr-FR","potentialAction":[{"@type":"ReadAction","target":["https:\/\/www.manetti.com\/fr\/produit\/pinceaux-verrocchio-2\/"]}]},{"@type":"ImageObject","inLanguage":"fr-FR","@id":"https:\/\/www.manetti.com\/fr\/produit\/pinceaux-verrocchio-2\/#primaryimage","url":"https:\/\/www.manetti.com\/wp-content\/uploads\/2025\/06\/Verrocchio-insieme_WEB.png","contentUrl":"https:\/\/www.manetti.com\/wp-content\/uploads\/2025\/06\/Verrocchio-insieme_WEB.png","width":900,"height":900},{"@type":"WebSite","@id":"https:\/\/www.manetti.com\/fr\/#website","url":"https:\/\/www.manetti.com\/fr\/","name":"Giusto Manetti Battiloro","description":"","publisher":{"@id":"https:\/\/www.manetti.com\/fr\/#organization"},"potentialAction":[{"@type":"SearchAction","target":{"@type":"EntryPoint","urlTemplate":"https:\/\/www.manetti.com\/fr\/?s={search_term_string}"},"query-input":{"@type":"PropertyValueSpecification","valueRequired":true,"valueName":"search_term_string"}}],"inLanguage":"fr-FR"},{"@type":"Organization","@id":"https:\/\/www.manetti.com\/fr\/#organization","name":"GIUSTO MANETTI BATTILORO S.P.A.","url":"https:\/\/www.manetti.com\/fr\/","logo":{"@type":"ImageObject","inLanguage":"fr-FR","@id":"https:\/\/www.manetti.com\/fr\/#\/schema\/logo\/image\/","url":"https:\/\/www.manetti.com\/wp-content\/uploads\/2025\/02\/giusto-manetti-blu_300-02.png","contentUrl":"https:\/\/www.manetti.com\/wp-content\/uploads\/2025\/02\/giusto-manetti-blu_300-02.png","width":1123,"height":1093,"caption":"GIUSTO MANETTI BATTILORO S.P.A."},"image":{"@id":"https:\/\/www.manetti.com\/fr\/#\/schema\/logo\/image\/"},"sameAs":["https:\/\/www.facebook.com\/giustomanettibattiloro","https:\/\/www.instagram.com\/giustomanettibattiloro\/","https:\/\/www.linkedin.com\/company\/giusto-manetti-battiloro-s-p-a-\/","https:\/\/www.youtube.com\/user\/ManettiBattiloro"]}]}},"_links":{"self":[{"href":"https:\/\/www.manetti.com\/fr\/wp-json\/wp\/v2\/product\/82161","targetHints":{"allow":["GET"]}}],"collection":[{"href":"https:\/\/www.manetti.com\/fr\/wp-json\/wp\/v2\/product"}],"about":[{"href":"https:\/\/www.manetti.com\/fr\/wp-json\/wp\/v2\/types\/product"}],"wp:featuredmedia":[{"embeddable":true,"href":"https:\/\/www.manetti.com\/fr\/wp-json\/wp\/v2\/media\/82172"}],"wp:attachment":[{"href":"https:\/\/www.manetti.com\/fr\/wp-json\/wp\/v2\/media?parent=82161"}],"wp:term":[{"taxonomy":"product_brand","embeddable":true,"href":"https:\/\/www.manetti.com\/fr\/wp-json\/wp\/v2\/product_brand?post=82161"},{"taxonomy":"product_cat","embeddable":true,"href":"https:\/\/www.manetti.com\/fr\/wp-json\/wp\/v2\/product_cat?post=82161"},{"taxonomy":"product_tag","embeddable":true,"href":"https:\/\/www.manetti.com\/fr\/wp-json\/wp\/v2\/product_tag?post=82161"},{"taxonomy":"product_area","embeddable":true,"href":"https:\/\/www.manetti.com\/fr\/wp-json\/wp\/v2\/product_area?post=82161"},{"taxonomy":"catalog_category","embeddable":true,"href":"https:\/\/www.manetti.com\/fr\/wp-json\/wp\/v2\/catalog_category?post=82161"}],"curies":[{"name":"wp","href":"https:\/\/api.w.org\/{rel}","templated":true}]}}