{"id":83002,"date":"2025-09-18T14:05:46","date_gmt":"2025-09-18T12:05:46","guid":{"rendered":"https:\/\/www.manetti.com\/?post_type=product&#038;p=83002"},"modified":"2025-09-18T14:07:56","modified_gmt":"2025-09-18T12:07:56","slug":"bolus-en-poudre","status":"publish","type":"product","link":"https:\/\/www.manetti.com\/fr\/produit\/bolus-en-poudre\/","title":{"rendered":"Bolus en poudre"},"content":{"rendered":"<p>Poudre d\u2019argile \u00e0 r\u00e9hydrater, utilis\u00e9e comme pr\u00e9paration de fond \u00e0 base d\u2019argile pour la dorure \u00e0 l\u2019eau sur des supports en bois d\u00e9j\u00e0 trait\u00e9s au gesso (appr\u00eat).<\/p>\n","protected":false},"excerpt":{"rendered":"<p>Poudre d\u2019argile \u00e0 r\u00e9hydrater, utilis\u00e9e comme pr\u00e9paration de fond \u00e0 base d\u2019argile pour la dorure \u00e0 l\u2019eau sur des supports en bois d\u00e9j\u00e0 trait\u00e9s au gesso (appr\u00eat). [&#8230;]<\/p>\n<p><a class=\"btn btn-secondary understrap-read-more-link\" href=\"https:\/\/www.manetti.com\/fr\/produit\/bolus-en-poudre\/\">Lire la suite&#8230;<\/a><\/p>\n","protected":false},"featured_media":83319,"template":"","meta":{"_acf_changed":false},"product_brand":[],"product_cat":[383],"product_tag":[188],"product_area":[],"catalog_category":[781,793,857,957],"class_list":{"0":"post-83002","1":"product","2":"type-product","3":"status-publish","4":"has-post-thumbnail","6":"product_cat-dorure-a-leau","7":"product_tag-boli-fr","8":"catalog_category-iconographie","9":"catalog_category-dorure-et-restauration","10":"catalog_category-dorure-et-restauration-bol-et-gesso","11":"catalog_category-iconographie-bol-et-gesso","13":"first","14":"instock","15":"shipping-taxable","16":"purchasable","17":"product-type-variable"},"acf":[],"yoast_head":"<!-- This site is optimized with the Yoast SEO plugin v26.5 - https:\/\/yoast.com\/wordpress\/plugins\/seo\/ -->\n<title>Bolus en poudre | Giusto Manetti Battiloro<\/title>\n<meta name=\"description\" content=\"Poudre d\u2019argile \u00e0 r\u00e9hydrater, utilis\u00e9e comme pr\u00e9paration de fond \u00e0 base d\u2019argile pour la dorure \u00e0 l\u2019eau sur des supports en bois d\u00e9j\u00e0 trait\u00e9s au gesso.\" \/>\n<meta name=\"robots\" content=\"noindex, nofollow\" \/>\n<meta property=\"og:locale\" content=\"fr_FR\" \/>\n<meta property=\"og:type\" content=\"article\" \/>\n<meta property=\"og:title\" content=\"Bolus en poudre | Giusto Manetti Battiloro\" \/>\n<meta property=\"og:description\" content=\"Poudre d\u2019argile \u00e0 r\u00e9hydrater, utilis\u00e9e comme pr\u00e9paration de fond \u00e0 base d\u2019argile pour la dorure \u00e0 l\u2019eau sur des supports en bois d\u00e9j\u00e0 trait\u00e9s au gesso.\" \/>\n<meta property=\"og:url\" content=\"https:\/\/www.manetti.com\/fr\/produit\/bolus-en-poudre\/\" \/>\n<meta property=\"og:site_name\" content=\"Giusto Manetti Battiloro\" \/>\n<meta property=\"article:publisher\" content=\"https:\/\/www.facebook.com\/giustomanettibattiloro\" \/>\n<meta property=\"article:modified_time\" content=\"2025-09-18T12:07:56+00:00\" \/>\n<meta property=\"og:image\" content=\"https:\/\/www.manetti.com\/wp-content\/uploads\/2025\/09\/Bolo-in-polvere_rosso_web.png\" \/>\n\t<meta property=\"og:image:width\" content=\"900\" \/>\n\t<meta property=\"og:image:height\" content=\"900\" \/>\n\t<meta property=\"og:image:type\" content=\"image\/png\" \/>\n<meta name=\"twitter:card\" content=\"summary_large_image\" \/>\n<meta name=\"twitter:label1\" content=\"Dur\u00e9e de lecture estim\u00e9e\" \/>\n\t<meta name=\"twitter:data1\" content=\"1 minute\" \/>\n<script type=\"application\/ld+json\" class=\"yoast-schema-graph\">{\"@context\":\"https:\/\/schema.org\",\"@graph\":[{\"@type\":\"WebPage\",\"@id\":\"https:\/\/www.manetti.com\/fr\/produit\/bolus-en-poudre\/\",\"url\":\"https:\/\/www.manetti.com\/fr\/produit\/bolus-en-poudre\/\",\"name\":\"Bolus en poudre | Giusto Manetti Battiloro\",\"isPartOf\":{\"@id\":\"https:\/\/www.manetti.com\/fr\/#website\"},\"primaryImageOfPage\":{\"@id\":\"https:\/\/www.manetti.com\/fr\/produit\/bolus-en-poudre\/#primaryimage\"},\"image\":{\"@id\":\"https:\/\/www.manetti.com\/fr\/produit\/bolus-en-poudre\/#primaryimage\"},\"thumbnailUrl\":\"https:\/\/www.manetti.com\/wp-content\/uploads\/2025\/09\/Bolo-in-polvere_rosso_web.png\",\"datePublished\":\"2025-09-18T12:05:46+00:00\",\"dateModified\":\"2025-09-18T12:07:56+00:00\",\"description\":\"Poudre d\u2019argile \u00e0 r\u00e9hydrater, utilis\u00e9e comme pr\u00e9paration de fond \u00e0 base d\u2019argile pour la dorure \u00e0 l\u2019eau sur des supports en bois d\u00e9j\u00e0 trait\u00e9s au gesso.\",\"inLanguage\":\"fr-FR\",\"potentialAction\":[{\"@type\":\"ReadAction\",\"target\":[\"https:\/\/www.manetti.com\/fr\/produit\/bolus-en-poudre\/\"]}]},{\"@type\":\"ImageObject\",\"inLanguage\":\"fr-FR\",\"@id\":\"https:\/\/www.manetti.com\/fr\/produit\/bolus-en-poudre\/#primaryimage\",\"url\":\"https:\/\/www.manetti.com\/wp-content\/uploads\/2025\/09\/Bolo-in-polvere_rosso_web.png\",\"contentUrl\":\"https:\/\/www.manetti.com\/wp-content\/uploads\/2025\/09\/Bolo-in-polvere_rosso_web.png\",\"width\":900,\"height\":900},{\"@type\":\"WebSite\",\"@id\":\"https:\/\/www.manetti.com\/fr\/#website\",\"url\":\"https:\/\/www.manetti.com\/fr\/\",\"name\":\"Giusto Manetti Battiloro\",\"description\":\"\",\"publisher\":{\"@id\":\"https:\/\/www.manetti.com\/fr\/#organization\"},\"potentialAction\":[{\"@type\":\"SearchAction\",\"target\":{\"@type\":\"EntryPoint\",\"urlTemplate\":\"https:\/\/www.manetti.com\/fr\/?s={search_term_string}\"},\"query-input\":{\"@type\":\"PropertyValueSpecification\",\"valueRequired\":true,\"valueName\":\"search_term_string\"}}],\"inLanguage\":\"fr-FR\"},{\"@type\":\"Organization\",\"@id\":\"https:\/\/www.manetti.com\/fr\/#organization\",\"name\":\"GIUSTO MANETTI BATTILORO S.P.A.\",\"url\":\"https:\/\/www.manetti.com\/fr\/\",\"logo\":{\"@type\":\"ImageObject\",\"inLanguage\":\"fr-FR\",\"@id\":\"https:\/\/www.manetti.com\/fr\/#\/schema\/logo\/image\/\",\"url\":\"https:\/\/www.manetti.com\/wp-content\/uploads\/2025\/02\/giusto-manetti-blu_300-02.png\",\"contentUrl\":\"https:\/\/www.manetti.com\/wp-content\/uploads\/2025\/02\/giusto-manetti-blu_300-02.png\",\"width\":1123,\"height\":1093,\"caption\":\"GIUSTO MANETTI BATTILORO S.P.A.\"},\"image\":{\"@id\":\"https:\/\/www.manetti.com\/fr\/#\/schema\/logo\/image\/\"},\"sameAs\":[\"https:\/\/www.facebook.com\/giustomanettibattiloro\",\"https:\/\/www.instagram.com\/giustomanettibattiloro\/\",\"https:\/\/www.linkedin.com\/company\/giusto-manetti-battiloro-s-p-a-\/\",\"https:\/\/www.youtube.com\/user\/ManettiBattiloro\"]}]}<\/script>\n<!-- \/ Yoast SEO plugin. -->","yoast_head_json":{"title":"Bolus en poudre | Giusto Manetti Battiloro","description":"Poudre d\u2019argile \u00e0 r\u00e9hydrater, utilis\u00e9e comme pr\u00e9paration de fond \u00e0 base d\u2019argile pour la dorure \u00e0 l\u2019eau sur des supports en bois d\u00e9j\u00e0 trait\u00e9s au gesso.","robots":{"index":"noindex","follow":"nofollow"},"og_locale":"fr_FR","og_type":"article","og_title":"Bolus en poudre | Giusto Manetti Battiloro","og_description":"Poudre d\u2019argile \u00e0 r\u00e9hydrater, utilis\u00e9e comme pr\u00e9paration de fond \u00e0 base d\u2019argile pour la dorure \u00e0 l\u2019eau sur des supports en bois d\u00e9j\u00e0 trait\u00e9s au gesso.","og_url":"https:\/\/www.manetti.com\/fr\/produit\/bolus-en-poudre\/","og_site_name":"Giusto Manetti Battiloro","article_publisher":"https:\/\/www.facebook.com\/giustomanettibattiloro","article_modified_time":"2025-09-18T12:07:56+00:00","og_image":[{"width":900,"height":900,"url":"https:\/\/www.manetti.com\/wp-content\/uploads\/2025\/09\/Bolo-in-polvere_rosso_web.png","type":"image\/png"}],"twitter_card":"summary_large_image","twitter_misc":{"Dur\u00e9e de lecture estim\u00e9e":"1 minute"},"schema":{"@context":"https:\/\/schema.org","@graph":[{"@type":"WebPage","@id":"https:\/\/www.manetti.com\/fr\/produit\/bolus-en-poudre\/","url":"https:\/\/www.manetti.com\/fr\/produit\/bolus-en-poudre\/","name":"Bolus en poudre | Giusto Manetti Battiloro","isPartOf":{"@id":"https:\/\/www.manetti.com\/fr\/#website"},"primaryImageOfPage":{"@id":"https:\/\/www.manetti.com\/fr\/produit\/bolus-en-poudre\/#primaryimage"},"image":{"@id":"https:\/\/www.manetti.com\/fr\/produit\/bolus-en-poudre\/#primaryimage"},"thumbnailUrl":"https:\/\/www.manetti.com\/wp-content\/uploads\/2025\/09\/Bolo-in-polvere_rosso_web.png","datePublished":"2025-09-18T12:05:46+00:00","dateModified":"2025-09-18T12:07:56+00:00","description":"Poudre d\u2019argile \u00e0 r\u00e9hydrater, utilis\u00e9e comme pr\u00e9paration de fond \u00e0 base d\u2019argile pour la dorure \u00e0 l\u2019eau sur des supports en bois d\u00e9j\u00e0 trait\u00e9s au gesso.","inLanguage":"fr-FR","potentialAction":[{"@type":"ReadAction","target":["https:\/\/www.manetti.com\/fr\/produit\/bolus-en-poudre\/"]}]},{"@type":"ImageObject","inLanguage":"fr-FR","@id":"https:\/\/www.manetti.com\/fr\/produit\/bolus-en-poudre\/#primaryimage","url":"https:\/\/www.manetti.com\/wp-content\/uploads\/2025\/09\/Bolo-in-polvere_rosso_web.png","contentUrl":"https:\/\/www.manetti.com\/wp-content\/uploads\/2025\/09\/Bolo-in-polvere_rosso_web.png","width":900,"height":900},{"@type":"WebSite","@id":"https:\/\/www.manetti.com\/fr\/#website","url":"https:\/\/www.manetti.com\/fr\/","name":"Giusto Manetti Battiloro","description":"","publisher":{"@id":"https:\/\/www.manetti.com\/fr\/#organization"},"potentialAction":[{"@type":"SearchAction","target":{"@type":"EntryPoint","urlTemplate":"https:\/\/www.manetti.com\/fr\/?s={search_term_string}"},"query-input":{"@type":"PropertyValueSpecification","valueRequired":true,"valueName":"search_term_string"}}],"inLanguage":"fr-FR"},{"@type":"Organization","@id":"https:\/\/www.manetti.com\/fr\/#organization","name":"GIUSTO MANETTI BATTILORO S.P.A.","url":"https:\/\/www.manetti.com\/fr\/","logo":{"@type":"ImageObject","inLanguage":"fr-FR","@id":"https:\/\/www.manetti.com\/fr\/#\/schema\/logo\/image\/","url":"https:\/\/www.manetti.com\/wp-content\/uploads\/2025\/02\/giusto-manetti-blu_300-02.png","contentUrl":"https:\/\/www.manetti.com\/wp-content\/uploads\/2025\/02\/giusto-manetti-blu_300-02.png","width":1123,"height":1093,"caption":"GIUSTO MANETTI BATTILORO S.P.A."},"image":{"@id":"https:\/\/www.manetti.com\/fr\/#\/schema\/logo\/image\/"},"sameAs":["https:\/\/www.facebook.com\/giustomanettibattiloro","https:\/\/www.instagram.com\/giustomanettibattiloro\/","https:\/\/www.linkedin.com\/company\/giusto-manetti-battiloro-s-p-a-\/","https:\/\/www.youtube.com\/user\/ManettiBattiloro"]}]}},"_links":{"self":[{"href":"https:\/\/www.manetti.com\/fr\/wp-json\/wp\/v2\/product\/83002","targetHints":{"allow":["GET"]}}],"collection":[{"href":"https:\/\/www.manetti.com\/fr\/wp-json\/wp\/v2\/product"}],"about":[{"href":"https:\/\/www.manetti.com\/fr\/wp-json\/wp\/v2\/types\/product"}],"wp:featuredmedia":[{"embeddable":true,"href":"https:\/\/www.manetti.com\/fr\/wp-json\/wp\/v2\/media\/83319"}],"wp:attachment":[{"href":"https:\/\/www.manetti.com\/fr\/wp-json\/wp\/v2\/media?parent=83002"}],"wp:term":[{"taxonomy":"product_brand","embeddable":true,"href":"https:\/\/www.manetti.com\/fr\/wp-json\/wp\/v2\/product_brand?post=83002"},{"taxonomy":"product_cat","embeddable":true,"href":"https:\/\/www.manetti.com\/fr\/wp-json\/wp\/v2\/product_cat?post=83002"},{"taxonomy":"product_tag","embeddable":true,"href":"https:\/\/www.manetti.com\/fr\/wp-json\/wp\/v2\/product_tag?post=83002"},{"taxonomy":"product_area","embeddable":true,"href":"https:\/\/www.manetti.com\/fr\/wp-json\/wp\/v2\/product_area?post=83002"},{"taxonomy":"catalog_category","embeddable":true,"href":"https:\/\/www.manetti.com\/fr\/wp-json\/wp\/v2\/catalog_category?post=83002"}],"curies":[{"name":"wp","href":"https:\/\/api.w.org\/{rel}","templated":true}]}}