{"id":83401,"date":"2025-09-18T14:05:45","date_gmt":"2025-09-18T12:05:45","guid":{"rendered":"https:\/\/www.manetti.com\/?post_type=product&#038;p=83401"},"modified":"2025-10-03T16:18:32","modified_gmt":"2025-10-03T14:18:32","slug":"mixtion-pour-marbre-et-pierre","status":"publish","type":"product","link":"https:\/\/www.manetti.com\/fr\/produit\/mixtion-pour-marbre-et-pierre\/","title":{"rendered":"Mixtion pour marbre et pierre"},"content":{"rendered":"<p>Adh\u00e9sif \u00e0 prise rapide pour la dorure en int\u00e9rieur et en ext\u00e9rieur, id\u00e9al pour la dorure avec m\u00e9taux pr\u00e9cieux sur marbre ou pierre. La mission Stone, \u00e0 base d\u2019eau, garantit une excellente adh\u00e9rence et une r\u00e9sistance durable.<\/p>\n","protected":false},"excerpt":{"rendered":"<p>Adh\u00e9sif \u00e0 prise rapide pour la dorure en int\u00e9rieur et en ext\u00e9rieur, id\u00e9al pour la dorure avec m\u00e9taux pr\u00e9cieux sur marbre ou pierre. La mission Stone, \u00e0 base d\u2019eau, garantit une excellente adh\u00e9rence et une r\u00e9sistance durable. [&#8230;]<\/p>\n<p><a class=\"btn btn-secondary understrap-read-more-link\" href=\"https:\/\/www.manetti.com\/fr\/produit\/mixtion-pour-marbre-et-pierre\/\">Lire la suite&#8230;<\/a><\/p>\n","protected":false},"featured_media":83946,"template":"","meta":{"_acf_changed":false},"product_brand":[],"product_cat":[384],"product_tag":[186],"product_area":[],"catalog_category":[789,929],"class_list":{"0":"post-83401","1":"product","2":"type-product","3":"status-publish","4":"has-post-thumbnail","6":"product_cat-dorure-a-lhuile","7":"product_tag-missioni-fr","8":"catalog_category-dorure-sur-marbre-et-pierre","9":"catalog_category-dorure-sur-marbre-et-pierre-mixtion-et-colle","11":"first","12":"instock","13":"shipping-taxable","14":"purchasable","15":"product-type-variable"},"acf":[],"yoast_head":"<!-- This site is optimized with the Yoast SEO plugin v26.5 - https:\/\/yoast.com\/wordpress\/plugins\/seo\/ -->\n<title>Mixtion pour marbre et pierre | Giusto Manetti Battiloro<\/title>\n<meta name=\"description\" content=\"Adh\u00e9sif \u00e0 prise rapide pour la dorure en int\u00e9rieur et en ext\u00e9rieur, id\u00e9al pour la dorure avec m\u00e9taux pr\u00e9cieux sur marbre ou pierre. La mission Stone, \u00e0\" \/>\n<meta name=\"robots\" content=\"index, follow, max-snippet:-1, max-image-preview:large, max-video-preview:-1\" \/>\n<link rel=\"canonical\" href=\"https:\/\/www.manetti.com\/fr\/produit\/mixtion-pour-marbre-et-pierre\/\" \/>\n<meta property=\"og:locale\" content=\"fr_FR\" \/>\n<meta property=\"og:type\" content=\"article\" \/>\n<meta property=\"og:title\" content=\"Mixtion pour marbre et pierre | Giusto Manetti Battiloro\" \/>\n<meta property=\"og:description\" content=\"Adh\u00e9sif \u00e0 prise rapide pour la dorure en int\u00e9rieur et en ext\u00e9rieur, id\u00e9al pour la dorure avec m\u00e9taux pr\u00e9cieux sur marbre ou pierre. La mission Stone, \u00e0\" \/>\n<meta property=\"og:url\" content=\"https:\/\/www.manetti.com\/fr\/produit\/mixtion-pour-marbre-et-pierre\/\" \/>\n<meta property=\"og:site_name\" content=\"Giusto Manetti Battiloro\" \/>\n<meta property=\"article:publisher\" content=\"https:\/\/www.facebook.com\/giustomanettibattiloro\" \/>\n<meta property=\"article:modified_time\" content=\"2025-10-03T14:18:32+00:00\" \/>\n<meta property=\"og:image\" content=\"https:\/\/www.manetti.com\/wp-content\/uploads\/2025\/09\/Missione-STONE_2_web_new.png\" \/>\n\t<meta property=\"og:image:width\" content=\"800\" \/>\n\t<meta property=\"og:image:height\" content=\"800\" \/>\n\t<meta property=\"og:image:type\" content=\"image\/png\" \/>\n<meta name=\"twitter:card\" content=\"summary_large_image\" \/>\n<meta name=\"twitter:label1\" content=\"Dur\u00e9e de lecture estim\u00e9e\" \/>\n\t<meta name=\"twitter:data1\" content=\"1 minute\" \/>\n<script type=\"application\/ld+json\" class=\"yoast-schema-graph\">{\"@context\":\"https:\/\/schema.org\",\"@graph\":[{\"@type\":\"WebPage\",\"@id\":\"https:\/\/www.manetti.com\/fr\/produit\/mixtion-pour-marbre-et-pierre\/\",\"url\":\"https:\/\/www.manetti.com\/fr\/produit\/mixtion-pour-marbre-et-pierre\/\",\"name\":\"Mixtion pour marbre et pierre | Giusto Manetti Battiloro\",\"isPartOf\":{\"@id\":\"https:\/\/www.manetti.com\/fr\/#website\"},\"primaryImageOfPage\":{\"@id\":\"https:\/\/www.manetti.com\/fr\/produit\/mixtion-pour-marbre-et-pierre\/#primaryimage\"},\"image\":{\"@id\":\"https:\/\/www.manetti.com\/fr\/produit\/mixtion-pour-marbre-et-pierre\/#primaryimage\"},\"thumbnailUrl\":\"https:\/\/www.manetti.com\/wp-content\/uploads\/2025\/09\/Missione-STONE_2_web_new.png\",\"datePublished\":\"2025-09-18T12:05:45+00:00\",\"dateModified\":\"2025-10-03T14:18:32+00:00\",\"description\":\"Adh\u00e9sif \u00e0 prise rapide pour la dorure en int\u00e9rieur et en ext\u00e9rieur, id\u00e9al pour la dorure avec m\u00e9taux pr\u00e9cieux sur marbre ou pierre. La mission Stone, \u00e0\",\"inLanguage\":\"fr-FR\",\"potentialAction\":[{\"@type\":\"ReadAction\",\"target\":[\"https:\/\/www.manetti.com\/fr\/produit\/mixtion-pour-marbre-et-pierre\/\"]}]},{\"@type\":\"ImageObject\",\"inLanguage\":\"fr-FR\",\"@id\":\"https:\/\/www.manetti.com\/fr\/produit\/mixtion-pour-marbre-et-pierre\/#primaryimage\",\"url\":\"https:\/\/www.manetti.com\/wp-content\/uploads\/2025\/09\/Missione-STONE_2_web_new.png\",\"contentUrl\":\"https:\/\/www.manetti.com\/wp-content\/uploads\/2025\/09\/Missione-STONE_2_web_new.png\",\"width\":800,\"height\":800},{\"@type\":\"WebSite\",\"@id\":\"https:\/\/www.manetti.com\/fr\/#website\",\"url\":\"https:\/\/www.manetti.com\/fr\/\",\"name\":\"Giusto Manetti Battiloro\",\"description\":\"\",\"publisher\":{\"@id\":\"https:\/\/www.manetti.com\/fr\/#organization\"},\"potentialAction\":[{\"@type\":\"SearchAction\",\"target\":{\"@type\":\"EntryPoint\",\"urlTemplate\":\"https:\/\/www.manetti.com\/fr\/?s={search_term_string}\"},\"query-input\":{\"@type\":\"PropertyValueSpecification\",\"valueRequired\":true,\"valueName\":\"search_term_string\"}}],\"inLanguage\":\"fr-FR\"},{\"@type\":\"Organization\",\"@id\":\"https:\/\/www.manetti.com\/fr\/#organization\",\"name\":\"GIUSTO MANETTI BATTILORO S.P.A.\",\"url\":\"https:\/\/www.manetti.com\/fr\/\",\"logo\":{\"@type\":\"ImageObject\",\"inLanguage\":\"fr-FR\",\"@id\":\"https:\/\/www.manetti.com\/fr\/#\/schema\/logo\/image\/\",\"url\":\"https:\/\/www.manetti.com\/wp-content\/uploads\/2025\/02\/giusto-manetti-blu_300-02.png\",\"contentUrl\":\"https:\/\/www.manetti.com\/wp-content\/uploads\/2025\/02\/giusto-manetti-blu_300-02.png\",\"width\":1123,\"height\":1093,\"caption\":\"GIUSTO MANETTI BATTILORO S.P.A.\"},\"image\":{\"@id\":\"https:\/\/www.manetti.com\/fr\/#\/schema\/logo\/image\/\"},\"sameAs\":[\"https:\/\/www.facebook.com\/giustomanettibattiloro\",\"https:\/\/www.instagram.com\/giustomanettibattiloro\/\",\"https:\/\/www.linkedin.com\/company\/giusto-manetti-battiloro-s-p-a-\/\",\"https:\/\/www.youtube.com\/user\/ManettiBattiloro\"]}]}<\/script>\n<!-- \/ Yoast SEO plugin. -->","yoast_head_json":{"title":"Mixtion pour marbre et pierre | Giusto Manetti Battiloro","description":"Adh\u00e9sif \u00e0 prise rapide pour la dorure en int\u00e9rieur et en ext\u00e9rieur, id\u00e9al pour la dorure avec m\u00e9taux pr\u00e9cieux sur marbre ou pierre. La mission Stone, \u00e0","robots":{"index":"index","follow":"follow","max-snippet":"max-snippet:-1","max-image-preview":"max-image-preview:large","max-video-preview":"max-video-preview:-1"},"canonical":"https:\/\/www.manetti.com\/fr\/produit\/mixtion-pour-marbre-et-pierre\/","og_locale":"fr_FR","og_type":"article","og_title":"Mixtion pour marbre et pierre | Giusto Manetti Battiloro","og_description":"Adh\u00e9sif \u00e0 prise rapide pour la dorure en int\u00e9rieur et en ext\u00e9rieur, id\u00e9al pour la dorure avec m\u00e9taux pr\u00e9cieux sur marbre ou pierre. La mission Stone, \u00e0","og_url":"https:\/\/www.manetti.com\/fr\/produit\/mixtion-pour-marbre-et-pierre\/","og_site_name":"Giusto Manetti Battiloro","article_publisher":"https:\/\/www.facebook.com\/giustomanettibattiloro","article_modified_time":"2025-10-03T14:18:32+00:00","og_image":[{"width":800,"height":800,"url":"https:\/\/www.manetti.com\/wp-content\/uploads\/2025\/09\/Missione-STONE_2_web_new.png","type":"image\/png"}],"twitter_card":"summary_large_image","twitter_misc":{"Dur\u00e9e de lecture estim\u00e9e":"1 minute"},"schema":{"@context":"https:\/\/schema.org","@graph":[{"@type":"WebPage","@id":"https:\/\/www.manetti.com\/fr\/produit\/mixtion-pour-marbre-et-pierre\/","url":"https:\/\/www.manetti.com\/fr\/produit\/mixtion-pour-marbre-et-pierre\/","name":"Mixtion pour marbre et pierre | Giusto Manetti Battiloro","isPartOf":{"@id":"https:\/\/www.manetti.com\/fr\/#website"},"primaryImageOfPage":{"@id":"https:\/\/www.manetti.com\/fr\/produit\/mixtion-pour-marbre-et-pierre\/#primaryimage"},"image":{"@id":"https:\/\/www.manetti.com\/fr\/produit\/mixtion-pour-marbre-et-pierre\/#primaryimage"},"thumbnailUrl":"https:\/\/www.manetti.com\/wp-content\/uploads\/2025\/09\/Missione-STONE_2_web_new.png","datePublished":"2025-09-18T12:05:45+00:00","dateModified":"2025-10-03T14:18:32+00:00","description":"Adh\u00e9sif \u00e0 prise rapide pour la dorure en int\u00e9rieur et en ext\u00e9rieur, id\u00e9al pour la dorure avec m\u00e9taux pr\u00e9cieux sur marbre ou pierre. La mission Stone, \u00e0","inLanguage":"fr-FR","potentialAction":[{"@type":"ReadAction","target":["https:\/\/www.manetti.com\/fr\/produit\/mixtion-pour-marbre-et-pierre\/"]}]},{"@type":"ImageObject","inLanguage":"fr-FR","@id":"https:\/\/www.manetti.com\/fr\/produit\/mixtion-pour-marbre-et-pierre\/#primaryimage","url":"https:\/\/www.manetti.com\/wp-content\/uploads\/2025\/09\/Missione-STONE_2_web_new.png","contentUrl":"https:\/\/www.manetti.com\/wp-content\/uploads\/2025\/09\/Missione-STONE_2_web_new.png","width":800,"height":800},{"@type":"WebSite","@id":"https:\/\/www.manetti.com\/fr\/#website","url":"https:\/\/www.manetti.com\/fr\/","name":"Giusto Manetti Battiloro","description":"","publisher":{"@id":"https:\/\/www.manetti.com\/fr\/#organization"},"potentialAction":[{"@type":"SearchAction","target":{"@type":"EntryPoint","urlTemplate":"https:\/\/www.manetti.com\/fr\/?s={search_term_string}"},"query-input":{"@type":"PropertyValueSpecification","valueRequired":true,"valueName":"search_term_string"}}],"inLanguage":"fr-FR"},{"@type":"Organization","@id":"https:\/\/www.manetti.com\/fr\/#organization","name":"GIUSTO MANETTI BATTILORO S.P.A.","url":"https:\/\/www.manetti.com\/fr\/","logo":{"@type":"ImageObject","inLanguage":"fr-FR","@id":"https:\/\/www.manetti.com\/fr\/#\/schema\/logo\/image\/","url":"https:\/\/www.manetti.com\/wp-content\/uploads\/2025\/02\/giusto-manetti-blu_300-02.png","contentUrl":"https:\/\/www.manetti.com\/wp-content\/uploads\/2025\/02\/giusto-manetti-blu_300-02.png","width":1123,"height":1093,"caption":"GIUSTO MANETTI BATTILORO S.P.A."},"image":{"@id":"https:\/\/www.manetti.com\/fr\/#\/schema\/logo\/image\/"},"sameAs":["https:\/\/www.facebook.com\/giustomanettibattiloro","https:\/\/www.instagram.com\/giustomanettibattiloro\/","https:\/\/www.linkedin.com\/company\/giusto-manetti-battiloro-s-p-a-\/","https:\/\/www.youtube.com\/user\/ManettiBattiloro"]}]}},"_links":{"self":[{"href":"https:\/\/www.manetti.com\/fr\/wp-json\/wp\/v2\/product\/83401","targetHints":{"allow":["GET"]}}],"collection":[{"href":"https:\/\/www.manetti.com\/fr\/wp-json\/wp\/v2\/product"}],"about":[{"href":"https:\/\/www.manetti.com\/fr\/wp-json\/wp\/v2\/types\/product"}],"wp:featuredmedia":[{"embeddable":true,"href":"https:\/\/www.manetti.com\/fr\/wp-json\/wp\/v2\/media\/83946"}],"wp:attachment":[{"href":"https:\/\/www.manetti.com\/fr\/wp-json\/wp\/v2\/media?parent=83401"}],"wp:term":[{"taxonomy":"product_brand","embeddable":true,"href":"https:\/\/www.manetti.com\/fr\/wp-json\/wp\/v2\/product_brand?post=83401"},{"taxonomy":"product_cat","embeddable":true,"href":"https:\/\/www.manetti.com\/fr\/wp-json\/wp\/v2\/product_cat?post=83401"},{"taxonomy":"product_tag","embeddable":true,"href":"https:\/\/www.manetti.com\/fr\/wp-json\/wp\/v2\/product_tag?post=83401"},{"taxonomy":"product_area","embeddable":true,"href":"https:\/\/www.manetti.com\/fr\/wp-json\/wp\/v2\/product_area?post=83401"},{"taxonomy":"catalog_category","embeddable":true,"href":"https:\/\/www.manetti.com\/fr\/wp-json\/wp\/v2\/catalog_category?post=83401"}],"curies":[{"name":"wp","href":"https:\/\/api.w.org\/{rel}","templated":true}]}}