{"id":84872,"date":"2025-11-13T10:43:46","date_gmt":"2025-11-13T09:43:46","guid":{"rendered":"https:\/\/www.manetti.com\/?post_type=product&#038;p=84872"},"modified":"2026-03-03T12:10:55","modified_gmt":"2026-03-03T11:10:55","slug":"mission-universal","status":"publish","type":"product","link":"https:\/\/www.manetti.com\/fr\/produit\/mission-universal\/","title":{"rendered":"Mission Universal"},"content":{"rendered":"<p><span lang=\"en-GB\"><b>Adh\u00e9sif pour la dorure avec m\u00e9taux pr\u00e9cieux sur surfaces en pierre, m\u00e9tal et bois en ext\u00e9rieur.<\/b><\/span><br \/>\nNon inflammable et non dangereux pour le transport, il garantit des r\u00e9sultats identiques \u00e0 ceux de la mission \u00e0 vernis traditionnelle.<br \/>\nIl est toujours n\u00e9cessaire de diluer la mission Universal avec de la t\u00e9r\u00e9benthine.<\/p>\n","protected":false},"excerpt":{"rendered":"<p>Adh\u00e9sif pour la dorure avec m\u00e9taux pr\u00e9cieux sur surfaces en pierre, m\u00e9tal et bois en ext\u00e9rieur. Non inflammable et non dangereux pour le transport, il garantit des r\u00e9sultats identiques \u00e0 ceux de la mission \u00e0 vernis traditionnelle. Il est toujours n\u00e9cessaire de diluer la mission Universal avec de la t\u00e9r\u00e9benthine. [&#8230;]<\/p>\n<p><a class=\"btn btn-secondary understrap-read-more-link\" href=\"https:\/\/www.manetti.com\/fr\/produit\/mission-universal\/\">Lire la suite&#8230;<\/a><\/p>\n","protected":false},"featured_media":84992,"template":"","meta":{"_acf_changed":false},"product_brand":[],"product_cat":[384],"product_tag":[186],"product_area":[],"catalog_category":[789,797,881,929],"class_list":{"0":"post-84872","1":"product","2":"type-product","3":"status-publish","4":"has-post-thumbnail","6":"product_cat-dorure-a-lhuile","7":"product_tag-missioni-fr","8":"catalog_category-dorure-sur-marbre-et-pierre","9":"catalog_category-dorure-exterieure","10":"catalog_category-dorure-exterieure-mixtion","11":"catalog_category-dorure-sur-marbre-et-pierre-mixtion-et-colle","13":"first","14":"instock","15":"shipping-taxable","16":"purchasable","17":"product-type-variable"},"acf":[],"yoast_head":"<!-- This site is optimized with the Yoast SEO plugin v26.5 - https:\/\/yoast.com\/wordpress\/plugins\/seo\/ -->\n<title>Mission Universal | Giusto Manetti Battiloro<\/title>\n<meta name=\"description\" content=\"Colle \u00e0 base d&#039;huiles et de solvants.Adh\u00e9sif pour la dorure avec m\u00e9taux pr\u00e9cieux sur surfaces en pierre, m\u00e9tal et bois en ext\u00e9rieur. Non inflammable et non dangereux pour le transport, il\" \/>\n<meta name=\"robots\" content=\"noindex, nofollow\" \/>\n<meta property=\"og:locale\" content=\"fr_FR\" \/>\n<meta property=\"og:type\" content=\"article\" \/>\n<meta property=\"og:title\" content=\"Mission Universal | Giusto Manetti Battiloro\" \/>\n<meta property=\"og:description\" content=\"Colle \u00e0 base d&#039;huiles et de solvants.Adh\u00e9sif pour la dorure avec m\u00e9taux pr\u00e9cieux sur surfaces en pierre, m\u00e9tal et bois en ext\u00e9rieur. Non inflammable et non dangereux pour le transport, il\" \/>\n<meta property=\"og:url\" content=\"https:\/\/www.manetti.com\/fr\/produit\/mission-universal\/\" \/>\n<meta property=\"og:site_name\" content=\"Giusto Manetti Battiloro\" \/>\n<meta property=\"article:publisher\" content=\"https:\/\/www.facebook.com\/giustomanettibattiloro\" \/>\n<meta property=\"article:modified_time\" content=\"2026-03-03T11:10:55+00:00\" \/>\n<meta property=\"og:image\" content=\"https:\/\/www.manetti.com\/wp-content\/uploads\/2025\/09\/Universal-3h-13h-insieme-web_new.png\" \/>\n\t<meta property=\"og:image:width\" content=\"900\" \/>\n\t<meta property=\"og:image:height\" content=\"900\" \/>\n\t<meta property=\"og:image:type\" content=\"image\/png\" \/>\n<meta name=\"twitter:card\" content=\"summary_large_image\" \/>\n<meta name=\"twitter:label1\" content=\"Dur\u00e9e de lecture estim\u00e9e\" \/>\n\t<meta name=\"twitter:data1\" content=\"1 minute\" \/>\n<script type=\"application\/ld+json\" class=\"yoast-schema-graph\">{\"@context\":\"https:\/\/schema.org\",\"@graph\":[{\"@type\":\"WebPage\",\"@id\":\"https:\/\/www.manetti.com\/fr\/produit\/mission-universal\/\",\"url\":\"https:\/\/www.manetti.com\/fr\/produit\/mission-universal\/\",\"name\":\"Mission Universal | Giusto Manetti Battiloro\",\"isPartOf\":{\"@id\":\"https:\/\/www.manetti.com\/fr\/#website\"},\"primaryImageOfPage\":{\"@id\":\"https:\/\/www.manetti.com\/fr\/produit\/mission-universal\/#primaryimage\"},\"image\":{\"@id\":\"https:\/\/www.manetti.com\/fr\/produit\/mission-universal\/#primaryimage\"},\"thumbnailUrl\":\"https:\/\/www.manetti.com\/wp-content\/uploads\/2025\/09\/Universal-3h-13h-insieme-web_new.png\",\"datePublished\":\"2025-11-13T09:43:46+00:00\",\"dateModified\":\"2026-03-03T11:10:55+00:00\",\"description\":\"Colle \u00e0 base d'huiles et de solvants.Adh\u00e9sif pour la dorure avec m\u00e9taux pr\u00e9cieux sur surfaces en pierre, m\u00e9tal et bois en ext\u00e9rieur. Non inflammable et non dangereux pour le transport, il\",\"inLanguage\":\"fr-FR\",\"potentialAction\":[{\"@type\":\"ReadAction\",\"target\":[\"https:\/\/www.manetti.com\/fr\/produit\/mission-universal\/\"]}]},{\"@type\":\"ImageObject\",\"inLanguage\":\"fr-FR\",\"@id\":\"https:\/\/www.manetti.com\/fr\/produit\/mission-universal\/#primaryimage\",\"url\":\"https:\/\/www.manetti.com\/wp-content\/uploads\/2025\/09\/Universal-3h-13h-insieme-web_new.png\",\"contentUrl\":\"https:\/\/www.manetti.com\/wp-content\/uploads\/2025\/09\/Universal-3h-13h-insieme-web_new.png\",\"width\":900,\"height\":900},{\"@type\":\"WebSite\",\"@id\":\"https:\/\/www.manetti.com\/fr\/#website\",\"url\":\"https:\/\/www.manetti.com\/fr\/\",\"name\":\"Giusto Manetti Battiloro\",\"description\":\"\",\"publisher\":{\"@id\":\"https:\/\/www.manetti.com\/fr\/#organization\"},\"potentialAction\":[{\"@type\":\"SearchAction\",\"target\":{\"@type\":\"EntryPoint\",\"urlTemplate\":\"https:\/\/www.manetti.com\/fr\/?s={search_term_string}\"},\"query-input\":{\"@type\":\"PropertyValueSpecification\",\"valueRequired\":true,\"valueName\":\"search_term_string\"}}],\"inLanguage\":\"fr-FR\"},{\"@type\":\"Organization\",\"@id\":\"https:\/\/www.manetti.com\/fr\/#organization\",\"name\":\"GIUSTO MANETTI BATTILORO S.P.A.\",\"url\":\"https:\/\/www.manetti.com\/fr\/\",\"logo\":{\"@type\":\"ImageObject\",\"inLanguage\":\"fr-FR\",\"@id\":\"https:\/\/www.manetti.com\/fr\/#\/schema\/logo\/image\/\",\"url\":\"https:\/\/www.manetti.com\/wp-content\/uploads\/2025\/02\/giusto-manetti-blu_300-02.png\",\"contentUrl\":\"https:\/\/www.manetti.com\/wp-content\/uploads\/2025\/02\/giusto-manetti-blu_300-02.png\",\"width\":1123,\"height\":1093,\"caption\":\"GIUSTO MANETTI BATTILORO S.P.A.\"},\"image\":{\"@id\":\"https:\/\/www.manetti.com\/fr\/#\/schema\/logo\/image\/\"},\"sameAs\":[\"https:\/\/www.facebook.com\/giustomanettibattiloro\",\"https:\/\/www.instagram.com\/giustomanettibattiloro\/\",\"https:\/\/www.linkedin.com\/company\/giusto-manetti-battiloro-s-p-a-\/\",\"https:\/\/www.youtube.com\/user\/ManettiBattiloro\"]}]}<\/script>\n<!-- \/ Yoast SEO plugin. -->","yoast_head_json":{"title":"Mission Universal | Giusto Manetti Battiloro","description":"Colle \u00e0 base d'huiles et de solvants.Adh\u00e9sif pour la dorure avec m\u00e9taux pr\u00e9cieux sur surfaces en pierre, m\u00e9tal et bois en ext\u00e9rieur. Non inflammable et non dangereux pour le transport, il","robots":{"index":"noindex","follow":"nofollow"},"og_locale":"fr_FR","og_type":"article","og_title":"Mission Universal | Giusto Manetti Battiloro","og_description":"Colle \u00e0 base d'huiles et de solvants.Adh\u00e9sif pour la dorure avec m\u00e9taux pr\u00e9cieux sur surfaces en pierre, m\u00e9tal et bois en ext\u00e9rieur. Non inflammable et non dangereux pour le transport, il","og_url":"https:\/\/www.manetti.com\/fr\/produit\/mission-universal\/","og_site_name":"Giusto Manetti Battiloro","article_publisher":"https:\/\/www.facebook.com\/giustomanettibattiloro","article_modified_time":"2026-03-03T11:10:55+00:00","og_image":[{"width":900,"height":900,"url":"https:\/\/www.manetti.com\/wp-content\/uploads\/2025\/09\/Universal-3h-13h-insieme-web_new.png","type":"image\/png"}],"twitter_card":"summary_large_image","twitter_misc":{"Dur\u00e9e de lecture estim\u00e9e":"1 minute"},"schema":{"@context":"https:\/\/schema.org","@graph":[{"@type":"WebPage","@id":"https:\/\/www.manetti.com\/fr\/produit\/mission-universal\/","url":"https:\/\/www.manetti.com\/fr\/produit\/mission-universal\/","name":"Mission Universal | Giusto Manetti Battiloro","isPartOf":{"@id":"https:\/\/www.manetti.com\/fr\/#website"},"primaryImageOfPage":{"@id":"https:\/\/www.manetti.com\/fr\/produit\/mission-universal\/#primaryimage"},"image":{"@id":"https:\/\/www.manetti.com\/fr\/produit\/mission-universal\/#primaryimage"},"thumbnailUrl":"https:\/\/www.manetti.com\/wp-content\/uploads\/2025\/09\/Universal-3h-13h-insieme-web_new.png","datePublished":"2025-11-13T09:43:46+00:00","dateModified":"2026-03-03T11:10:55+00:00","description":"Colle \u00e0 base d'huiles et de solvants.Adh\u00e9sif pour la dorure avec m\u00e9taux pr\u00e9cieux sur surfaces en pierre, m\u00e9tal et bois en ext\u00e9rieur. Non inflammable et non dangereux pour le transport, il","inLanguage":"fr-FR","potentialAction":[{"@type":"ReadAction","target":["https:\/\/www.manetti.com\/fr\/produit\/mission-universal\/"]}]},{"@type":"ImageObject","inLanguage":"fr-FR","@id":"https:\/\/www.manetti.com\/fr\/produit\/mission-universal\/#primaryimage","url":"https:\/\/www.manetti.com\/wp-content\/uploads\/2025\/09\/Universal-3h-13h-insieme-web_new.png","contentUrl":"https:\/\/www.manetti.com\/wp-content\/uploads\/2025\/09\/Universal-3h-13h-insieme-web_new.png","width":900,"height":900},{"@type":"WebSite","@id":"https:\/\/www.manetti.com\/fr\/#website","url":"https:\/\/www.manetti.com\/fr\/","name":"Giusto Manetti Battiloro","description":"","publisher":{"@id":"https:\/\/www.manetti.com\/fr\/#organization"},"potentialAction":[{"@type":"SearchAction","target":{"@type":"EntryPoint","urlTemplate":"https:\/\/www.manetti.com\/fr\/?s={search_term_string}"},"query-input":{"@type":"PropertyValueSpecification","valueRequired":true,"valueName":"search_term_string"}}],"inLanguage":"fr-FR"},{"@type":"Organization","@id":"https:\/\/www.manetti.com\/fr\/#organization","name":"GIUSTO MANETTI BATTILORO S.P.A.","url":"https:\/\/www.manetti.com\/fr\/","logo":{"@type":"ImageObject","inLanguage":"fr-FR","@id":"https:\/\/www.manetti.com\/fr\/#\/schema\/logo\/image\/","url":"https:\/\/www.manetti.com\/wp-content\/uploads\/2025\/02\/giusto-manetti-blu_300-02.png","contentUrl":"https:\/\/www.manetti.com\/wp-content\/uploads\/2025\/02\/giusto-manetti-blu_300-02.png","width":1123,"height":1093,"caption":"GIUSTO MANETTI BATTILORO S.P.A."},"image":{"@id":"https:\/\/www.manetti.com\/fr\/#\/schema\/logo\/image\/"},"sameAs":["https:\/\/www.facebook.com\/giustomanettibattiloro","https:\/\/www.instagram.com\/giustomanettibattiloro\/","https:\/\/www.linkedin.com\/company\/giusto-manetti-battiloro-s-p-a-\/","https:\/\/www.youtube.com\/user\/ManettiBattiloro"]}]}},"_links":{"self":[{"href":"https:\/\/www.manetti.com\/fr\/wp-json\/wp\/v2\/product\/84872","targetHints":{"allow":["GET"]}}],"collection":[{"href":"https:\/\/www.manetti.com\/fr\/wp-json\/wp\/v2\/product"}],"about":[{"href":"https:\/\/www.manetti.com\/fr\/wp-json\/wp\/v2\/types\/product"}],"wp:featuredmedia":[{"embeddable":true,"href":"https:\/\/www.manetti.com\/fr\/wp-json\/wp\/v2\/media\/84992"}],"wp:attachment":[{"href":"https:\/\/www.manetti.com\/fr\/wp-json\/wp\/v2\/media?parent=84872"}],"wp:term":[{"taxonomy":"product_brand","embeddable":true,"href":"https:\/\/www.manetti.com\/fr\/wp-json\/wp\/v2\/product_brand?post=84872"},{"taxonomy":"product_cat","embeddable":true,"href":"https:\/\/www.manetti.com\/fr\/wp-json\/wp\/v2\/product_cat?post=84872"},{"taxonomy":"product_tag","embeddable":true,"href":"https:\/\/www.manetti.com\/fr\/wp-json\/wp\/v2\/product_tag?post=84872"},{"taxonomy":"product_area","embeddable":true,"href":"https:\/\/www.manetti.com\/fr\/wp-json\/wp\/v2\/product_area?post=84872"},{"taxonomy":"catalog_category","embeddable":true,"href":"https:\/\/www.manetti.com\/fr\/wp-json\/wp\/v2\/catalog_category?post=84872"}],"curies":[{"name":"wp","href":"https:\/\/api.w.org\/{rel}","templated":true}]}}