{"id":85879,"date":"2026-01-19T10:32:57","date_gmt":"2026-01-19T09:32:57","guid":{"rendered":"https:\/\/www.manetti.com\/?post_type=product&#038;p=85879"},"modified":"2026-04-21T15:20:53","modified_gmt":"2026-04-21T13:20:53","slug":"outdoor-protection-pour-exterieurs-composant-1-2","status":"publish","type":"product","link":"https:\/\/www.manetti.com\/fr\/produit\/outdoor-protection-pour-exterieurs-composant-1-2\/","title":{"rendered":"Outdoor &#8211; Protection pour exterieurs (composant 1\/2)"},"content":{"rendered":"<p>Id\u00e9al pour prot\u00e9ger les dorures \u00e0 l\u2019ext\u00e9rieur, il maintient la brillance et assure une haute protection. D\u00e9pourvu de composants synth\u00e9tiques, r\u00e9sistant aux rayons UV, il ne jaunit pas et ne s\u2019\u00e9caille pas. Adapt\u00e9 aux dorures dans des environnements humides, int\u00e9rieurs ou ext\u00e9rieurs. Une catalyse pr\u00e9alable est toujours n\u00e9cessaire avant l\u2019application.<\/p>\n","protected":false},"excerpt":{"rendered":"<p>Id\u00e9al pour prot\u00e9ger les dorures \u00e0 l\u2019ext\u00e9rieur, il maintient la brillance et assure une haute protection. D\u00e9pourvu de composants synth\u00e9tiques, r\u00e9sistant aux rayons UV, il ne jaunit pas et ne s\u2019\u00e9caille pas. Adapt\u00e9 aux dorures dans des environnements humides, int\u00e9rieurs ou ext\u00e9rieurs. Une catalyse pr\u00e9alable est toujours n\u00e9cessaire avant l\u2019application. [&#8230;]<\/p>\n<p><a class=\"btn btn-secondary understrap-read-more-link\" href=\"https:\/\/www.manetti.com\/fr\/produit\/outdoor-protection-pour-exterieurs-composant-1-2\/\">Lire la suite&#8230;<\/a><\/p>\n","protected":false},"featured_media":85911,"template":"","meta":{"_acf_changed":false},"product_brand":[],"product_cat":[386,178],"product_tag":[186],"product_area":[],"catalog_category":[789,797,805,845,889,921],"class_list":{"0":"post-85879","1":"product","2":"type-product","3":"status-publish","4":"has-post-thumbnail","6":"product_cat-protection","7":"product_cat-accessoires-de-dorure","8":"product_tag-missioni-fr","9":"catalog_category-dorure-sur-marbre-et-pierre","10":"catalog_category-dorure-exterieure","11":"catalog_category-dorure-avec-feuille-dor-en-roule","12":"catalog_category-dorure-avec-feuille-dor-en-roule-protection","13":"catalog_category-dorure-exterieure-protection","14":"catalog_category-dorure-sur-marbre-et-pierre-protection","16":"first","17":"instock","18":"shipping-taxable","19":"purchasable","20":"product-type-variable"},"acf":[],"yoast_head":"<!-- This site is optimized with the Yoast SEO plugin v26.5 - https:\/\/yoast.com\/wordpress\/plugins\/seo\/ -->\n<title>Outdoor - Protection pour exterieurs (composant 1\/2) | Giusto Manetti Battiloro<\/title>\n<meta name=\"description\" content=\"Id\u00e9al pour prot\u00e9ger les dorures \u00e0 l\u2019ext\u00e9rieur, il maintient la brillance et assure une haute protection. D\u00e9pourvu de composants synth\u00e9tiques, r\u00e9sistant\" \/>\n<meta name=\"robots\" content=\"noindex, nofollow\" \/>\n<meta property=\"og:locale\" content=\"fr_FR\" \/>\n<meta property=\"og:type\" content=\"article\" \/>\n<meta property=\"og:title\" content=\"Outdoor - Protection pour exterieurs (composant 1\/2) | Giusto Manetti Battiloro\" \/>\n<meta property=\"og:description\" content=\"Id\u00e9al pour prot\u00e9ger les dorures \u00e0 l\u2019ext\u00e9rieur, il maintient la brillance et assure une haute protection. D\u00e9pourvu de composants synth\u00e9tiques, r\u00e9sistant\" \/>\n<meta property=\"og:url\" content=\"https:\/\/www.manetti.com\/fr\/produit\/outdoor-protection-pour-exterieurs-composant-1-2\/\" \/>\n<meta property=\"og:site_name\" content=\"Giusto Manetti Battiloro\" \/>\n<meta property=\"article:publisher\" content=\"https:\/\/www.facebook.com\/giustomanettibattiloro\" \/>\n<meta property=\"article:modified_time\" content=\"2026-04-21T13:20:53+00:00\" \/>\n<meta property=\"og:image\" content=\"https:\/\/www.manetti.com\/wp-content\/uploads\/2026\/01\/OUTDOOR-PROTEZIONE_WEB-NEW.png\" \/>\n\t<meta property=\"og:image:width\" content=\"900\" \/>\n\t<meta property=\"og:image:height\" content=\"900\" \/>\n\t<meta property=\"og:image:type\" content=\"image\/png\" \/>\n<meta name=\"twitter:card\" content=\"summary_large_image\" \/>\n<meta name=\"twitter:label1\" content=\"Dur\u00e9e de lecture estim\u00e9e\" \/>\n\t<meta name=\"twitter:data1\" content=\"1 minute\" \/>\n<script type=\"application\/ld+json\" class=\"yoast-schema-graph\">{\"@context\":\"https:\/\/schema.org\",\"@graph\":[{\"@type\":\"WebPage\",\"@id\":\"https:\/\/www.manetti.com\/fr\/produit\/outdoor-protection-pour-exterieurs-composant-1-2\/\",\"url\":\"https:\/\/www.manetti.com\/fr\/produit\/outdoor-protection-pour-exterieurs-composant-1-2\/\",\"name\":\"Outdoor - Protection pour exterieurs (composant 1\/2) | Giusto Manetti Battiloro\",\"isPartOf\":{\"@id\":\"https:\/\/www.manetti.com\/fr\/#website\"},\"primaryImageOfPage\":{\"@id\":\"https:\/\/www.manetti.com\/fr\/produit\/outdoor-protection-pour-exterieurs-composant-1-2\/#primaryimage\"},\"image\":{\"@id\":\"https:\/\/www.manetti.com\/fr\/produit\/outdoor-protection-pour-exterieurs-composant-1-2\/#primaryimage\"},\"thumbnailUrl\":\"https:\/\/www.manetti.com\/wp-content\/uploads\/2026\/01\/OUTDOOR-PROTEZIONE_WEB-NEW.png\",\"datePublished\":\"2026-01-19T09:32:57+00:00\",\"dateModified\":\"2026-04-21T13:20:53+00:00\",\"description\":\"Id\u00e9al pour prot\u00e9ger les dorures \u00e0 l\u2019ext\u00e9rieur, il maintient la brillance et assure une haute protection. D\u00e9pourvu de composants synth\u00e9tiques, r\u00e9sistant\",\"inLanguage\":\"fr-FR\",\"potentialAction\":[{\"@type\":\"ReadAction\",\"target\":[\"https:\/\/www.manetti.com\/fr\/produit\/outdoor-protection-pour-exterieurs-composant-1-2\/\"]}]},{\"@type\":\"ImageObject\",\"inLanguage\":\"fr-FR\",\"@id\":\"https:\/\/www.manetti.com\/fr\/produit\/outdoor-protection-pour-exterieurs-composant-1-2\/#primaryimage\",\"url\":\"https:\/\/www.manetti.com\/wp-content\/uploads\/2026\/01\/OUTDOOR-PROTEZIONE_WEB-NEW.png\",\"contentUrl\":\"https:\/\/www.manetti.com\/wp-content\/uploads\/2026\/01\/OUTDOOR-PROTEZIONE_WEB-NEW.png\",\"width\":900,\"height\":900},{\"@type\":\"WebSite\",\"@id\":\"https:\/\/www.manetti.com\/fr\/#website\",\"url\":\"https:\/\/www.manetti.com\/fr\/\",\"name\":\"Giusto Manetti Battiloro\",\"description\":\"\",\"publisher\":{\"@id\":\"https:\/\/www.manetti.com\/fr\/#organization\"},\"potentialAction\":[{\"@type\":\"SearchAction\",\"target\":{\"@type\":\"EntryPoint\",\"urlTemplate\":\"https:\/\/www.manetti.com\/fr\/?s={search_term_string}\"},\"query-input\":{\"@type\":\"PropertyValueSpecification\",\"valueRequired\":true,\"valueName\":\"search_term_string\"}}],\"inLanguage\":\"fr-FR\"},{\"@type\":\"Organization\",\"@id\":\"https:\/\/www.manetti.com\/fr\/#organization\",\"name\":\"GIUSTO MANETTI BATTILORO S.P.A.\",\"url\":\"https:\/\/www.manetti.com\/fr\/\",\"logo\":{\"@type\":\"ImageObject\",\"inLanguage\":\"fr-FR\",\"@id\":\"https:\/\/www.manetti.com\/fr\/#\/schema\/logo\/image\/\",\"url\":\"https:\/\/www.manetti.com\/wp-content\/uploads\/2025\/02\/giusto-manetti-blu_300-02.png\",\"contentUrl\":\"https:\/\/www.manetti.com\/wp-content\/uploads\/2025\/02\/giusto-manetti-blu_300-02.png\",\"width\":1123,\"height\":1093,\"caption\":\"GIUSTO MANETTI BATTILORO S.P.A.\"},\"image\":{\"@id\":\"https:\/\/www.manetti.com\/fr\/#\/schema\/logo\/image\/\"},\"sameAs\":[\"https:\/\/www.facebook.com\/giustomanettibattiloro\",\"https:\/\/www.instagram.com\/giustomanettibattiloro\/\",\"https:\/\/www.linkedin.com\/company\/giusto-manetti-battiloro-s-p-a-\/\",\"https:\/\/www.youtube.com\/user\/ManettiBattiloro\"]}]}<\/script>\n<!-- \/ Yoast SEO plugin. -->","yoast_head_json":{"title":"Outdoor - Protection pour exterieurs (composant 1\/2) | Giusto Manetti Battiloro","description":"Id\u00e9al pour prot\u00e9ger les dorures \u00e0 l\u2019ext\u00e9rieur, il maintient la brillance et assure une haute protection. D\u00e9pourvu de composants synth\u00e9tiques, r\u00e9sistant","robots":{"index":"noindex","follow":"nofollow"},"og_locale":"fr_FR","og_type":"article","og_title":"Outdoor - Protection pour exterieurs (composant 1\/2) | Giusto Manetti Battiloro","og_description":"Id\u00e9al pour prot\u00e9ger les dorures \u00e0 l\u2019ext\u00e9rieur, il maintient la brillance et assure une haute protection. D\u00e9pourvu de composants synth\u00e9tiques, r\u00e9sistant","og_url":"https:\/\/www.manetti.com\/fr\/produit\/outdoor-protection-pour-exterieurs-composant-1-2\/","og_site_name":"Giusto Manetti Battiloro","article_publisher":"https:\/\/www.facebook.com\/giustomanettibattiloro","article_modified_time":"2026-04-21T13:20:53+00:00","og_image":[{"width":900,"height":900,"url":"https:\/\/www.manetti.com\/wp-content\/uploads\/2026\/01\/OUTDOOR-PROTEZIONE_WEB-NEW.png","type":"image\/png"}],"twitter_card":"summary_large_image","twitter_misc":{"Dur\u00e9e de lecture estim\u00e9e":"1 minute"},"schema":{"@context":"https:\/\/schema.org","@graph":[{"@type":"WebPage","@id":"https:\/\/www.manetti.com\/fr\/produit\/outdoor-protection-pour-exterieurs-composant-1-2\/","url":"https:\/\/www.manetti.com\/fr\/produit\/outdoor-protection-pour-exterieurs-composant-1-2\/","name":"Outdoor - Protection pour exterieurs (composant 1\/2) | Giusto Manetti Battiloro","isPartOf":{"@id":"https:\/\/www.manetti.com\/fr\/#website"},"primaryImageOfPage":{"@id":"https:\/\/www.manetti.com\/fr\/produit\/outdoor-protection-pour-exterieurs-composant-1-2\/#primaryimage"},"image":{"@id":"https:\/\/www.manetti.com\/fr\/produit\/outdoor-protection-pour-exterieurs-composant-1-2\/#primaryimage"},"thumbnailUrl":"https:\/\/www.manetti.com\/wp-content\/uploads\/2026\/01\/OUTDOOR-PROTEZIONE_WEB-NEW.png","datePublished":"2026-01-19T09:32:57+00:00","dateModified":"2026-04-21T13:20:53+00:00","description":"Id\u00e9al pour prot\u00e9ger les dorures \u00e0 l\u2019ext\u00e9rieur, il maintient la brillance et assure une haute protection. D\u00e9pourvu de composants synth\u00e9tiques, r\u00e9sistant","inLanguage":"fr-FR","potentialAction":[{"@type":"ReadAction","target":["https:\/\/www.manetti.com\/fr\/produit\/outdoor-protection-pour-exterieurs-composant-1-2\/"]}]},{"@type":"ImageObject","inLanguage":"fr-FR","@id":"https:\/\/www.manetti.com\/fr\/produit\/outdoor-protection-pour-exterieurs-composant-1-2\/#primaryimage","url":"https:\/\/www.manetti.com\/wp-content\/uploads\/2026\/01\/OUTDOOR-PROTEZIONE_WEB-NEW.png","contentUrl":"https:\/\/www.manetti.com\/wp-content\/uploads\/2026\/01\/OUTDOOR-PROTEZIONE_WEB-NEW.png","width":900,"height":900},{"@type":"WebSite","@id":"https:\/\/www.manetti.com\/fr\/#website","url":"https:\/\/www.manetti.com\/fr\/","name":"Giusto Manetti Battiloro","description":"","publisher":{"@id":"https:\/\/www.manetti.com\/fr\/#organization"},"potentialAction":[{"@type":"SearchAction","target":{"@type":"EntryPoint","urlTemplate":"https:\/\/www.manetti.com\/fr\/?s={search_term_string}"},"query-input":{"@type":"PropertyValueSpecification","valueRequired":true,"valueName":"search_term_string"}}],"inLanguage":"fr-FR"},{"@type":"Organization","@id":"https:\/\/www.manetti.com\/fr\/#organization","name":"GIUSTO MANETTI BATTILORO S.P.A.","url":"https:\/\/www.manetti.com\/fr\/","logo":{"@type":"ImageObject","inLanguage":"fr-FR","@id":"https:\/\/www.manetti.com\/fr\/#\/schema\/logo\/image\/","url":"https:\/\/www.manetti.com\/wp-content\/uploads\/2025\/02\/giusto-manetti-blu_300-02.png","contentUrl":"https:\/\/www.manetti.com\/wp-content\/uploads\/2025\/02\/giusto-manetti-blu_300-02.png","width":1123,"height":1093,"caption":"GIUSTO MANETTI BATTILORO S.P.A."},"image":{"@id":"https:\/\/www.manetti.com\/fr\/#\/schema\/logo\/image\/"},"sameAs":["https:\/\/www.facebook.com\/giustomanettibattiloro","https:\/\/www.instagram.com\/giustomanettibattiloro\/","https:\/\/www.linkedin.com\/company\/giusto-manetti-battiloro-s-p-a-\/","https:\/\/www.youtube.com\/user\/ManettiBattiloro"]}]}},"_links":{"self":[{"href":"https:\/\/www.manetti.com\/fr\/wp-json\/wp\/v2\/product\/85879","targetHints":{"allow":["GET"]}}],"collection":[{"href":"https:\/\/www.manetti.com\/fr\/wp-json\/wp\/v2\/product"}],"about":[{"href":"https:\/\/www.manetti.com\/fr\/wp-json\/wp\/v2\/types\/product"}],"wp:featuredmedia":[{"embeddable":true,"href":"https:\/\/www.manetti.com\/fr\/wp-json\/wp\/v2\/media\/85911"}],"wp:attachment":[{"href":"https:\/\/www.manetti.com\/fr\/wp-json\/wp\/v2\/media?parent=85879"}],"wp:term":[{"taxonomy":"product_brand","embeddable":true,"href":"https:\/\/www.manetti.com\/fr\/wp-json\/wp\/v2\/product_brand?post=85879"},{"taxonomy":"product_cat","embeddable":true,"href":"https:\/\/www.manetti.com\/fr\/wp-json\/wp\/v2\/product_cat?post=85879"},{"taxonomy":"product_tag","embeddable":true,"href":"https:\/\/www.manetti.com\/fr\/wp-json\/wp\/v2\/product_tag?post=85879"},{"taxonomy":"product_area","embeddable":true,"href":"https:\/\/www.manetti.com\/fr\/wp-json\/wp\/v2\/product_area?post=85879"},{"taxonomy":"catalog_category","embeddable":true,"href":"https:\/\/www.manetti.com\/fr\/wp-json\/wp\/v2\/catalog_category?post=85879"}],"curies":[{"name":"wp","href":"https:\/\/api.w.org\/{rel}","templated":true}]}}