{"id":85892,"date":"2026-01-19T10:35:37","date_gmt":"2026-01-19T09:35:37","guid":{"rendered":"https:\/\/www.manetti.com\/?post_type=product&#038;p=85892"},"modified":"2026-02-05T12:26:14","modified_gmt":"2026-02-05T11:26:14","slug":"kit-dorure-avec-feuille-dor-imitation-2","status":"publish","type":"product","link":"https:\/\/www.manetti.com\/fr\/produit\/kit-dorure-avec-feuille-dor-imitation\/","title":{"rendered":"Kit &#8211; Dorure avec feuille d\u2019or imitation"},"content":{"rendered":"<p>Id\u00e9al pour les amateurs et les d\u00e9butants, ce kit offre une mani\u00e8re simple et cr\u00e9ative de d\u00e9couvrir l\u2019art de la dorure. Il comprend tout ce dont vous avez besoin pour apprendre les techniques de dorure, avec la possibilit\u00e9 d\u2019exp\u00e9rimenter une finition vieillie sur des cadres, vases, bo\u00eetes et bien plus encore. La feuille d\u2019or imitation rend l\u2019exp\u00e9rience plus accessible, parfaite pour toute personne souhaitant d\u00e9buter sans difficult\u00e9.<\/p>\n<p>Le kit contient :<\/p>\n<ul>\n<li>N\u00b0 1 livret de feuille imitation 14&#215;14 cm, couleur 2,5 \u2013 libre<\/li>\n<li>N\u00b0 1 Mission m\u00e9tal \u2013 mixtion transparente pour feuille imitation, 50 ml<\/li>\n<li>N\u00b0 1 Aging \u2013 finition, 50 ml<\/li>\n<li>N\u00b0 1 protection \u00e0 l\u2019eau brillante, 50 ml<\/li>\n<li>N\u00b0 1 pinceau &#8220;Perla&#8221;, 20 mm<\/li>\n<\/ul>\n<p><iframe loading=\"lazy\" title=\"YouTube video player\" src=\"https:\/\/www.youtube.com\/embed\/jOzbaXHPc5c?si=_ld3YAkFSoPzb1yI\" width=\"560\" height=\"315\" frameborder=\"0\" allowfullscreen=\"allowfullscreen\"><\/iframe><\/p>\n","protected":false},"excerpt":{"rendered":"<p>Id\u00e9al pour les amateurs et les d\u00e9butants, ce kit offre une mani\u00e8re simple et cr\u00e9ative de d\u00e9couvrir l\u2019art de la dorure. Il comprend tout ce dont vous avez besoin pour apprendre les techniques de dorure, avec la possibilit\u00e9 d\u2019exp\u00e9rimenter une finition vieillie sur des cadres, vases, bo\u00eetes et bien plus encore. La feuille d\u2019or imitation [&#8230;]<\/p>\n<p><a class=\"btn btn-secondary understrap-read-more-link\" href=\"https:\/\/www.manetti.com\/fr\/produit\/kit-dorure-avec-feuille-dor-imitation\/\">Lire la suite&#8230;<\/a><\/p>\n","protected":false},"featured_media":85906,"template":"","meta":{"_acf_changed":false},"product_brand":[],"product_cat":[176],"product_tag":[],"product_area":[],"catalog_category":[809],"class_list":{"0":"post-85892","1":"product","2":"type-product","3":"status-publish","4":"has-post-thumbnail","6":"product_cat-feuille-imitation","7":"catalog_category-kits-de-dorure","9":"first","10":"instock","11":"shipping-taxable","12":"product-type-simple"},"acf":[],"yoast_head":"<!-- This site is optimized with the Yoast SEO plugin v26.5 - https:\/\/yoast.com\/wordpress\/plugins\/seo\/ -->\n<title>Kit - Dorure avec feuille d\u2019or imitation | Giusto Manetti Battiloro<\/title>\n<meta name=\"description\" content=\"Id\u00e9al pour les amateurs et les d\u00e9butants, ce kit offre une mani\u00e8re simple et cr\u00e9ative de d\u00e9couvrir l\u2019art de la dorure.\" \/>\n<meta name=\"robots\" content=\"index, follow, max-snippet:-1, max-image-preview:large, max-video-preview:-1\" \/>\n<link rel=\"canonical\" href=\"https:\/\/www.manetti.com\/fr\/produit\/kit-dorure-avec-feuille-dor-imitation\/\" \/>\n<meta property=\"og:locale\" content=\"fr_FR\" \/>\n<meta property=\"og:type\" content=\"article\" \/>\n<meta property=\"og:title\" content=\"Kit - Dorure avec feuille d\u2019or imitation | Giusto Manetti Battiloro\" \/>\n<meta property=\"og:description\" content=\"Id\u00e9al pour les amateurs et les d\u00e9butants, ce kit offre une mani\u00e8re simple et cr\u00e9ative de d\u00e9couvrir l\u2019art de la dorure.\" \/>\n<meta property=\"og:url\" content=\"https:\/\/www.manetti.com\/fr\/produit\/kit-dorure-avec-feuille-dor-imitation\/\" \/>\n<meta property=\"og:site_name\" content=\"Giusto Manetti Battiloro\" \/>\n<meta property=\"article:publisher\" content=\"https:\/\/www.facebook.com\/giustomanettibattiloro\" \/>\n<meta property=\"article:modified_time\" content=\"2026-02-05T11:26:14+00:00\" \/>\n<meta property=\"og:image\" content=\"https:\/\/www.manetti.com\/wp-content\/uploads\/2026\/01\/Kit-imitazione-manetti_web.png\" \/>\n\t<meta property=\"og:image:width\" content=\"1300\" \/>\n\t<meta property=\"og:image:height\" content=\"1300\" \/>\n\t<meta property=\"og:image:type\" content=\"image\/png\" \/>\n<meta name=\"twitter:card\" content=\"summary_large_image\" \/>\n<meta name=\"twitter:label1\" content=\"Dur\u00e9e de lecture estim\u00e9e\" \/>\n\t<meta name=\"twitter:data1\" content=\"1 minute\" \/>\n<script type=\"application\/ld+json\" class=\"yoast-schema-graph\">{\"@context\":\"https:\/\/schema.org\",\"@graph\":[{\"@type\":\"WebPage\",\"@id\":\"https:\/\/www.manetti.com\/fr\/produit\/kit-dorure-avec-feuille-dor-imitation\/\",\"url\":\"https:\/\/www.manetti.com\/fr\/produit\/kit-dorure-avec-feuille-dor-imitation\/\",\"name\":\"Kit - Dorure avec feuille d\u2019or imitation | Giusto Manetti Battiloro\",\"isPartOf\":{\"@id\":\"https:\/\/www.manetti.com\/fr\/#website\"},\"primaryImageOfPage\":{\"@id\":\"https:\/\/www.manetti.com\/fr\/produit\/kit-dorure-avec-feuille-dor-imitation\/#primaryimage\"},\"image\":{\"@id\":\"https:\/\/www.manetti.com\/fr\/produit\/kit-dorure-avec-feuille-dor-imitation\/#primaryimage\"},\"thumbnailUrl\":\"https:\/\/www.manetti.com\/wp-content\/uploads\/2026\/01\/Kit-imitazione-manetti_web.png\",\"datePublished\":\"2026-01-19T09:35:37+00:00\",\"dateModified\":\"2026-02-05T11:26:14+00:00\",\"description\":\"Id\u00e9al pour les amateurs et les d\u00e9butants, ce kit offre une mani\u00e8re simple et cr\u00e9ative de d\u00e9couvrir l\u2019art de la dorure.\",\"inLanguage\":\"fr-FR\",\"potentialAction\":[{\"@type\":\"ReadAction\",\"target\":[\"https:\/\/www.manetti.com\/fr\/produit\/kit-dorure-avec-feuille-dor-imitation\/\"]}]},{\"@type\":\"ImageObject\",\"inLanguage\":\"fr-FR\",\"@id\":\"https:\/\/www.manetti.com\/fr\/produit\/kit-dorure-avec-feuille-dor-imitation\/#primaryimage\",\"url\":\"https:\/\/www.manetti.com\/wp-content\/uploads\/2026\/01\/Kit-imitazione-manetti_web.png\",\"contentUrl\":\"https:\/\/www.manetti.com\/wp-content\/uploads\/2026\/01\/Kit-imitazione-manetti_web.png\",\"width\":1300,\"height\":1300},{\"@type\":\"WebSite\",\"@id\":\"https:\/\/www.manetti.com\/fr\/#website\",\"url\":\"https:\/\/www.manetti.com\/fr\/\",\"name\":\"Giusto Manetti Battiloro\",\"description\":\"\",\"publisher\":{\"@id\":\"https:\/\/www.manetti.com\/fr\/#organization\"},\"potentialAction\":[{\"@type\":\"SearchAction\",\"target\":{\"@type\":\"EntryPoint\",\"urlTemplate\":\"https:\/\/www.manetti.com\/fr\/?s={search_term_string}\"},\"query-input\":{\"@type\":\"PropertyValueSpecification\",\"valueRequired\":true,\"valueName\":\"search_term_string\"}}],\"inLanguage\":\"fr-FR\"},{\"@type\":\"Organization\",\"@id\":\"https:\/\/www.manetti.com\/fr\/#organization\",\"name\":\"GIUSTO MANETTI BATTILORO S.P.A.\",\"url\":\"https:\/\/www.manetti.com\/fr\/\",\"logo\":{\"@type\":\"ImageObject\",\"inLanguage\":\"fr-FR\",\"@id\":\"https:\/\/www.manetti.com\/fr\/#\/schema\/logo\/image\/\",\"url\":\"https:\/\/www.manetti.com\/wp-content\/uploads\/2025\/02\/giusto-manetti-blu_300-02.png\",\"contentUrl\":\"https:\/\/www.manetti.com\/wp-content\/uploads\/2025\/02\/giusto-manetti-blu_300-02.png\",\"width\":1123,\"height\":1093,\"caption\":\"GIUSTO MANETTI BATTILORO S.P.A.\"},\"image\":{\"@id\":\"https:\/\/www.manetti.com\/fr\/#\/schema\/logo\/image\/\"},\"sameAs\":[\"https:\/\/www.facebook.com\/giustomanettibattiloro\",\"https:\/\/www.instagram.com\/giustomanettibattiloro\/\",\"https:\/\/www.linkedin.com\/company\/giusto-manetti-battiloro-s-p-a-\/\",\"https:\/\/www.youtube.com\/user\/ManettiBattiloro\"]}]}<\/script>\n<!-- \/ Yoast SEO plugin. -->","yoast_head_json":{"title":"Kit - Dorure avec feuille d\u2019or imitation | Giusto Manetti Battiloro","description":"Id\u00e9al pour les amateurs et les d\u00e9butants, ce kit offre une mani\u00e8re simple et cr\u00e9ative de d\u00e9couvrir l\u2019art de la dorure.","robots":{"index":"index","follow":"follow","max-snippet":"max-snippet:-1","max-image-preview":"max-image-preview:large","max-video-preview":"max-video-preview:-1"},"canonical":"https:\/\/www.manetti.com\/fr\/produit\/kit-dorure-avec-feuille-dor-imitation\/","og_locale":"fr_FR","og_type":"article","og_title":"Kit - Dorure avec feuille d\u2019or imitation | Giusto Manetti Battiloro","og_description":"Id\u00e9al pour les amateurs et les d\u00e9butants, ce kit offre une mani\u00e8re simple et cr\u00e9ative de d\u00e9couvrir l\u2019art de la dorure.","og_url":"https:\/\/www.manetti.com\/fr\/produit\/kit-dorure-avec-feuille-dor-imitation\/","og_site_name":"Giusto Manetti Battiloro","article_publisher":"https:\/\/www.facebook.com\/giustomanettibattiloro","article_modified_time":"2026-02-05T11:26:14+00:00","og_image":[{"width":1300,"height":1300,"url":"https:\/\/www.manetti.com\/wp-content\/uploads\/2026\/01\/Kit-imitazione-manetti_web.png","type":"image\/png"}],"twitter_card":"summary_large_image","twitter_misc":{"Dur\u00e9e de lecture estim\u00e9e":"1 minute"},"schema":{"@context":"https:\/\/schema.org","@graph":[{"@type":"WebPage","@id":"https:\/\/www.manetti.com\/fr\/produit\/kit-dorure-avec-feuille-dor-imitation\/","url":"https:\/\/www.manetti.com\/fr\/produit\/kit-dorure-avec-feuille-dor-imitation\/","name":"Kit - Dorure avec feuille d\u2019or imitation | Giusto Manetti Battiloro","isPartOf":{"@id":"https:\/\/www.manetti.com\/fr\/#website"},"primaryImageOfPage":{"@id":"https:\/\/www.manetti.com\/fr\/produit\/kit-dorure-avec-feuille-dor-imitation\/#primaryimage"},"image":{"@id":"https:\/\/www.manetti.com\/fr\/produit\/kit-dorure-avec-feuille-dor-imitation\/#primaryimage"},"thumbnailUrl":"https:\/\/www.manetti.com\/wp-content\/uploads\/2026\/01\/Kit-imitazione-manetti_web.png","datePublished":"2026-01-19T09:35:37+00:00","dateModified":"2026-02-05T11:26:14+00:00","description":"Id\u00e9al pour les amateurs et les d\u00e9butants, ce kit offre une mani\u00e8re simple et cr\u00e9ative de d\u00e9couvrir l\u2019art de la dorure.","inLanguage":"fr-FR","potentialAction":[{"@type":"ReadAction","target":["https:\/\/www.manetti.com\/fr\/produit\/kit-dorure-avec-feuille-dor-imitation\/"]}]},{"@type":"ImageObject","inLanguage":"fr-FR","@id":"https:\/\/www.manetti.com\/fr\/produit\/kit-dorure-avec-feuille-dor-imitation\/#primaryimage","url":"https:\/\/www.manetti.com\/wp-content\/uploads\/2026\/01\/Kit-imitazione-manetti_web.png","contentUrl":"https:\/\/www.manetti.com\/wp-content\/uploads\/2026\/01\/Kit-imitazione-manetti_web.png","width":1300,"height":1300},{"@type":"WebSite","@id":"https:\/\/www.manetti.com\/fr\/#website","url":"https:\/\/www.manetti.com\/fr\/","name":"Giusto Manetti Battiloro","description":"","publisher":{"@id":"https:\/\/www.manetti.com\/fr\/#organization"},"potentialAction":[{"@type":"SearchAction","target":{"@type":"EntryPoint","urlTemplate":"https:\/\/www.manetti.com\/fr\/?s={search_term_string}"},"query-input":{"@type":"PropertyValueSpecification","valueRequired":true,"valueName":"search_term_string"}}],"inLanguage":"fr-FR"},{"@type":"Organization","@id":"https:\/\/www.manetti.com\/fr\/#organization","name":"GIUSTO MANETTI BATTILORO S.P.A.","url":"https:\/\/www.manetti.com\/fr\/","logo":{"@type":"ImageObject","inLanguage":"fr-FR","@id":"https:\/\/www.manetti.com\/fr\/#\/schema\/logo\/image\/","url":"https:\/\/www.manetti.com\/wp-content\/uploads\/2025\/02\/giusto-manetti-blu_300-02.png","contentUrl":"https:\/\/www.manetti.com\/wp-content\/uploads\/2025\/02\/giusto-manetti-blu_300-02.png","width":1123,"height":1093,"caption":"GIUSTO MANETTI BATTILORO S.P.A."},"image":{"@id":"https:\/\/www.manetti.com\/fr\/#\/schema\/logo\/image\/"},"sameAs":["https:\/\/www.facebook.com\/giustomanettibattiloro","https:\/\/www.instagram.com\/giustomanettibattiloro\/","https:\/\/www.linkedin.com\/company\/giusto-manetti-battiloro-s-p-a-\/","https:\/\/www.youtube.com\/user\/ManettiBattiloro"]}]}},"_links":{"self":[{"href":"https:\/\/www.manetti.com\/fr\/wp-json\/wp\/v2\/product\/85892","targetHints":{"allow":["GET"]}}],"collection":[{"href":"https:\/\/www.manetti.com\/fr\/wp-json\/wp\/v2\/product"}],"about":[{"href":"https:\/\/www.manetti.com\/fr\/wp-json\/wp\/v2\/types\/product"}],"wp:featuredmedia":[{"embeddable":true,"href":"https:\/\/www.manetti.com\/fr\/wp-json\/wp\/v2\/media\/85906"}],"wp:attachment":[{"href":"https:\/\/www.manetti.com\/fr\/wp-json\/wp\/v2\/media?parent=85892"}],"wp:term":[{"taxonomy":"product_brand","embeddable":true,"href":"https:\/\/www.manetti.com\/fr\/wp-json\/wp\/v2\/product_brand?post=85892"},{"taxonomy":"product_cat","embeddable":true,"href":"https:\/\/www.manetti.com\/fr\/wp-json\/wp\/v2\/product_cat?post=85892"},{"taxonomy":"product_tag","embeddable":true,"href":"https:\/\/www.manetti.com\/fr\/wp-json\/wp\/v2\/product_tag?post=85892"},{"taxonomy":"product_area","embeddable":true,"href":"https:\/\/www.manetti.com\/fr\/wp-json\/wp\/v2\/product_area?post=85892"},{"taxonomy":"catalog_category","embeddable":true,"href":"https:\/\/www.manetti.com\/fr\/wp-json\/wp\/v2\/catalog_category?post=85892"}],"curies":[{"name":"wp","href":"https:\/\/api.w.org\/{rel}","templated":true}]}}