{"id":85926,"date":"2026-01-19T11:07:40","date_gmt":"2026-01-19T10:07:40","guid":{"rendered":"https:\/\/www.manetti.com\/?post_type=product&#038;p=85926"},"modified":"2026-04-21T15:23:47","modified_gmt":"2026-04-21T13:23:47","slug":"outdoor-catalyseur-composant-2-2","status":"publish","type":"product","link":"https:\/\/www.manetti.com\/fr\/produit\/outdoor-catalyseur-composant-2-2\/","title":{"rendered":"Outdoor &#8211; Catalyseur (composant 2\/2)"},"content":{"rendered":"<p>Catalyseur \u00e0 utiliser en combinaison avec la Protection pour ext\u00e9rieur. Le pourcentage de catalyse est de 20 %, soit une part de catalyseur pour cinq parts de protection. Il est important de catalyser uniquement la quantit\u00e9 de protection qui sera utilis\u00e9e, car tout r\u00e9sidu aura tendance \u00e0 s\u00e9cher et deviendra inutilisable.<\/p>\n","protected":false},"excerpt":{"rendered":"<p>Catalyseur \u00e0 utiliser en combinaison avec la Protection pour ext\u00e9rieur. Le pourcentage de catalyse est de 20 %, soit une part de catalyseur pour cinq parts de protection. Il est important de catalyser uniquement la quantit\u00e9 de protection qui sera utilis\u00e9e, car tout r\u00e9sidu aura tendance \u00e0 s\u00e9cher et deviendra inutilisable. [&#8230;]<\/p>\n<p><a class=\"btn btn-secondary understrap-read-more-link\" href=\"https:\/\/www.manetti.com\/fr\/produit\/outdoor-catalyseur-composant-2-2\/\">Lire la suite&#8230;<\/a><\/p>\n","protected":false},"featured_media":85939,"template":"","meta":{"_acf_changed":false},"product_brand":[],"product_cat":[386,178],"product_tag":[186],"product_area":[],"catalog_category":[789,797,805,845,889,921],"class_list":{"0":"post-85926","1":"product","2":"type-product","3":"status-publish","4":"has-post-thumbnail","6":"product_cat-protection","7":"product_cat-accessoires-de-dorure","8":"product_tag-missioni-fr","9":"catalog_category-dorure-sur-marbre-et-pierre","10":"catalog_category-dorure-exterieure","11":"catalog_category-dorure-avec-feuille-dor-en-roule","12":"catalog_category-dorure-avec-feuille-dor-en-roule-protection","13":"catalog_category-dorure-exterieure-protection","14":"catalog_category-dorure-sur-marbre-et-pierre-protection","16":"first","17":"instock","18":"shipping-taxable","19":"purchasable","20":"product-type-variable"},"acf":[],"yoast_head":"<!-- This site is optimized with the Yoast SEO plugin v26.5 - https:\/\/yoast.com\/wordpress\/plugins\/seo\/ -->\n<title>Outdoor - Catalyseur (composant 2\/2) | Giusto Manetti Battiloro<\/title>\n<meta name=\"description\" content=\"Catalyseur \u00e0 utiliser en combinaison avec la Protection pour ext\u00e9rieur. Le pourcentage de catalyse est de 20 %, soit une part de catalyseur pour cinq\" \/>\n<meta name=\"robots\" content=\"noindex, nofollow\" \/>\n<meta property=\"og:locale\" content=\"fr_FR\" \/>\n<meta property=\"og:type\" content=\"article\" \/>\n<meta property=\"og:title\" content=\"Outdoor - Catalyseur (composant 2\/2) | Giusto Manetti Battiloro\" \/>\n<meta property=\"og:description\" content=\"Catalyseur \u00e0 utiliser en combinaison avec la Protection pour ext\u00e9rieur. Le pourcentage de catalyse est de 20 %, soit une part de catalyseur pour cinq\" \/>\n<meta property=\"og:url\" content=\"https:\/\/www.manetti.com\/fr\/produit\/outdoor-catalyseur-composant-2-2\/\" \/>\n<meta property=\"og:site_name\" content=\"Giusto Manetti Battiloro\" \/>\n<meta property=\"article:publisher\" content=\"https:\/\/www.facebook.com\/giustomanettibattiloro\" \/>\n<meta property=\"article:modified_time\" content=\"2026-04-21T13:23:47+00:00\" \/>\n<meta property=\"og:image\" content=\"https:\/\/www.manetti.com\/wp-content\/uploads\/2026\/01\/OUTDOOR-CATALIZZATORE_-WEB-NEW.png\" \/>\n\t<meta property=\"og:image:width\" content=\"900\" \/>\n\t<meta property=\"og:image:height\" content=\"900\" \/>\n\t<meta property=\"og:image:type\" content=\"image\/png\" \/>\n<meta name=\"twitter:card\" content=\"summary_large_image\" \/>\n<meta name=\"twitter:label1\" content=\"Dur\u00e9e de lecture estim\u00e9e\" \/>\n\t<meta name=\"twitter:data1\" content=\"1 minute\" \/>\n<script type=\"application\/ld+json\" class=\"yoast-schema-graph\">{\"@context\":\"https:\/\/schema.org\",\"@graph\":[{\"@type\":\"WebPage\",\"@id\":\"https:\/\/www.manetti.com\/fr\/produit\/outdoor-catalyseur-composant-2-2\/\",\"url\":\"https:\/\/www.manetti.com\/fr\/produit\/outdoor-catalyseur-composant-2-2\/\",\"name\":\"Outdoor - Catalyseur (composant 2\/2) | Giusto Manetti Battiloro\",\"isPartOf\":{\"@id\":\"https:\/\/www.manetti.com\/fr\/#website\"},\"primaryImageOfPage\":{\"@id\":\"https:\/\/www.manetti.com\/fr\/produit\/outdoor-catalyseur-composant-2-2\/#primaryimage\"},\"image\":{\"@id\":\"https:\/\/www.manetti.com\/fr\/produit\/outdoor-catalyseur-composant-2-2\/#primaryimage\"},\"thumbnailUrl\":\"https:\/\/www.manetti.com\/wp-content\/uploads\/2026\/01\/OUTDOOR-CATALIZZATORE_-WEB-NEW.png\",\"datePublished\":\"2026-01-19T10:07:40+00:00\",\"dateModified\":\"2026-04-21T13:23:47+00:00\",\"description\":\"Catalyseur \u00e0 utiliser en combinaison avec la Protection pour ext\u00e9rieur. Le pourcentage de catalyse est de 20 %, soit une part de catalyseur pour cinq\",\"inLanguage\":\"fr-FR\",\"potentialAction\":[{\"@type\":\"ReadAction\",\"target\":[\"https:\/\/www.manetti.com\/fr\/produit\/outdoor-catalyseur-composant-2-2\/\"]}]},{\"@type\":\"ImageObject\",\"inLanguage\":\"fr-FR\",\"@id\":\"https:\/\/www.manetti.com\/fr\/produit\/outdoor-catalyseur-composant-2-2\/#primaryimage\",\"url\":\"https:\/\/www.manetti.com\/wp-content\/uploads\/2026\/01\/OUTDOOR-CATALIZZATORE_-WEB-NEW.png\",\"contentUrl\":\"https:\/\/www.manetti.com\/wp-content\/uploads\/2026\/01\/OUTDOOR-CATALIZZATORE_-WEB-NEW.png\",\"width\":900,\"height\":900},{\"@type\":\"WebSite\",\"@id\":\"https:\/\/www.manetti.com\/fr\/#website\",\"url\":\"https:\/\/www.manetti.com\/fr\/\",\"name\":\"Giusto Manetti Battiloro\",\"description\":\"\",\"publisher\":{\"@id\":\"https:\/\/www.manetti.com\/fr\/#organization\"},\"potentialAction\":[{\"@type\":\"SearchAction\",\"target\":{\"@type\":\"EntryPoint\",\"urlTemplate\":\"https:\/\/www.manetti.com\/fr\/?s={search_term_string}\"},\"query-input\":{\"@type\":\"PropertyValueSpecification\",\"valueRequired\":true,\"valueName\":\"search_term_string\"}}],\"inLanguage\":\"fr-FR\"},{\"@type\":\"Organization\",\"@id\":\"https:\/\/www.manetti.com\/fr\/#organization\",\"name\":\"GIUSTO MANETTI BATTILORO S.P.A.\",\"url\":\"https:\/\/www.manetti.com\/fr\/\",\"logo\":{\"@type\":\"ImageObject\",\"inLanguage\":\"fr-FR\",\"@id\":\"https:\/\/www.manetti.com\/fr\/#\/schema\/logo\/image\/\",\"url\":\"https:\/\/www.manetti.com\/wp-content\/uploads\/2025\/02\/giusto-manetti-blu_300-02.png\",\"contentUrl\":\"https:\/\/www.manetti.com\/wp-content\/uploads\/2025\/02\/giusto-manetti-blu_300-02.png\",\"width\":1123,\"height\":1093,\"caption\":\"GIUSTO MANETTI BATTILORO S.P.A.\"},\"image\":{\"@id\":\"https:\/\/www.manetti.com\/fr\/#\/schema\/logo\/image\/\"},\"sameAs\":[\"https:\/\/www.facebook.com\/giustomanettibattiloro\",\"https:\/\/www.instagram.com\/giustomanettibattiloro\/\",\"https:\/\/www.linkedin.com\/company\/giusto-manetti-battiloro-s-p-a-\/\",\"https:\/\/www.youtube.com\/user\/ManettiBattiloro\"]}]}<\/script>\n<!-- \/ Yoast SEO plugin. -->","yoast_head_json":{"title":"Outdoor - Catalyseur (composant 2\/2) | Giusto Manetti Battiloro","description":"Catalyseur \u00e0 utiliser en combinaison avec la Protection pour ext\u00e9rieur. Le pourcentage de catalyse est de 20 %, soit une part de catalyseur pour cinq","robots":{"index":"noindex","follow":"nofollow"},"og_locale":"fr_FR","og_type":"article","og_title":"Outdoor - Catalyseur (composant 2\/2) | Giusto Manetti Battiloro","og_description":"Catalyseur \u00e0 utiliser en combinaison avec la Protection pour ext\u00e9rieur. Le pourcentage de catalyse est de 20 %, soit une part de catalyseur pour cinq","og_url":"https:\/\/www.manetti.com\/fr\/produit\/outdoor-catalyseur-composant-2-2\/","og_site_name":"Giusto Manetti Battiloro","article_publisher":"https:\/\/www.facebook.com\/giustomanettibattiloro","article_modified_time":"2026-04-21T13:23:47+00:00","og_image":[{"width":900,"height":900,"url":"https:\/\/www.manetti.com\/wp-content\/uploads\/2026\/01\/OUTDOOR-CATALIZZATORE_-WEB-NEW.png","type":"image\/png"}],"twitter_card":"summary_large_image","twitter_misc":{"Dur\u00e9e de lecture estim\u00e9e":"1 minute"},"schema":{"@context":"https:\/\/schema.org","@graph":[{"@type":"WebPage","@id":"https:\/\/www.manetti.com\/fr\/produit\/outdoor-catalyseur-composant-2-2\/","url":"https:\/\/www.manetti.com\/fr\/produit\/outdoor-catalyseur-composant-2-2\/","name":"Outdoor - Catalyseur (composant 2\/2) | Giusto Manetti Battiloro","isPartOf":{"@id":"https:\/\/www.manetti.com\/fr\/#website"},"primaryImageOfPage":{"@id":"https:\/\/www.manetti.com\/fr\/produit\/outdoor-catalyseur-composant-2-2\/#primaryimage"},"image":{"@id":"https:\/\/www.manetti.com\/fr\/produit\/outdoor-catalyseur-composant-2-2\/#primaryimage"},"thumbnailUrl":"https:\/\/www.manetti.com\/wp-content\/uploads\/2026\/01\/OUTDOOR-CATALIZZATORE_-WEB-NEW.png","datePublished":"2026-01-19T10:07:40+00:00","dateModified":"2026-04-21T13:23:47+00:00","description":"Catalyseur \u00e0 utiliser en combinaison avec la Protection pour ext\u00e9rieur. Le pourcentage de catalyse est de 20 %, soit une part de catalyseur pour cinq","inLanguage":"fr-FR","potentialAction":[{"@type":"ReadAction","target":["https:\/\/www.manetti.com\/fr\/produit\/outdoor-catalyseur-composant-2-2\/"]}]},{"@type":"ImageObject","inLanguage":"fr-FR","@id":"https:\/\/www.manetti.com\/fr\/produit\/outdoor-catalyseur-composant-2-2\/#primaryimage","url":"https:\/\/www.manetti.com\/wp-content\/uploads\/2026\/01\/OUTDOOR-CATALIZZATORE_-WEB-NEW.png","contentUrl":"https:\/\/www.manetti.com\/wp-content\/uploads\/2026\/01\/OUTDOOR-CATALIZZATORE_-WEB-NEW.png","width":900,"height":900},{"@type":"WebSite","@id":"https:\/\/www.manetti.com\/fr\/#website","url":"https:\/\/www.manetti.com\/fr\/","name":"Giusto Manetti Battiloro","description":"","publisher":{"@id":"https:\/\/www.manetti.com\/fr\/#organization"},"potentialAction":[{"@type":"SearchAction","target":{"@type":"EntryPoint","urlTemplate":"https:\/\/www.manetti.com\/fr\/?s={search_term_string}"},"query-input":{"@type":"PropertyValueSpecification","valueRequired":true,"valueName":"search_term_string"}}],"inLanguage":"fr-FR"},{"@type":"Organization","@id":"https:\/\/www.manetti.com\/fr\/#organization","name":"GIUSTO MANETTI BATTILORO S.P.A.","url":"https:\/\/www.manetti.com\/fr\/","logo":{"@type":"ImageObject","inLanguage":"fr-FR","@id":"https:\/\/www.manetti.com\/fr\/#\/schema\/logo\/image\/","url":"https:\/\/www.manetti.com\/wp-content\/uploads\/2025\/02\/giusto-manetti-blu_300-02.png","contentUrl":"https:\/\/www.manetti.com\/wp-content\/uploads\/2025\/02\/giusto-manetti-blu_300-02.png","width":1123,"height":1093,"caption":"GIUSTO MANETTI BATTILORO S.P.A."},"image":{"@id":"https:\/\/www.manetti.com\/fr\/#\/schema\/logo\/image\/"},"sameAs":["https:\/\/www.facebook.com\/giustomanettibattiloro","https:\/\/www.instagram.com\/giustomanettibattiloro\/","https:\/\/www.linkedin.com\/company\/giusto-manetti-battiloro-s-p-a-\/","https:\/\/www.youtube.com\/user\/ManettiBattiloro"]}]}},"_links":{"self":[{"href":"https:\/\/www.manetti.com\/fr\/wp-json\/wp\/v2\/product\/85926","targetHints":{"allow":["GET"]}}],"collection":[{"href":"https:\/\/www.manetti.com\/fr\/wp-json\/wp\/v2\/product"}],"about":[{"href":"https:\/\/www.manetti.com\/fr\/wp-json\/wp\/v2\/types\/product"}],"wp:featuredmedia":[{"embeddable":true,"href":"https:\/\/www.manetti.com\/fr\/wp-json\/wp\/v2\/media\/85939"}],"wp:attachment":[{"href":"https:\/\/www.manetti.com\/fr\/wp-json\/wp\/v2\/media?parent=85926"}],"wp:term":[{"taxonomy":"product_brand","embeddable":true,"href":"https:\/\/www.manetti.com\/fr\/wp-json\/wp\/v2\/product_brand?post=85926"},{"taxonomy":"product_cat","embeddable":true,"href":"https:\/\/www.manetti.com\/fr\/wp-json\/wp\/v2\/product_cat?post=85926"},{"taxonomy":"product_tag","embeddable":true,"href":"https:\/\/www.manetti.com\/fr\/wp-json\/wp\/v2\/product_tag?post=85926"},{"taxonomy":"product_area","embeddable":true,"href":"https:\/\/www.manetti.com\/fr\/wp-json\/wp\/v2\/product_area?post=85926"},{"taxonomy":"catalog_category","embeddable":true,"href":"https:\/\/www.manetti.com\/fr\/wp-json\/wp\/v2\/catalog_category?post=85926"}],"curies":[{"name":"wp","href":"https:\/\/api.w.org\/{rel}","templated":true}]}}