{"id":86174,"date":"2026-01-19T14:57:35","date_gmt":"2026-01-19T13:57:35","guid":{"rendered":"https:\/\/www.manetti.com\/?post_type=product&#038;p=86174"},"modified":"2026-02-05T11:28:57","modified_gmt":"2026-02-05T10:28:57","slug":"mixtion-metal-copia","status":"publish","type":"product","link":"https:\/\/www.manetti.com\/fr\/shop\/meta-glacure-pour-feuille-imitation\/","title":{"rendered":"Metal &#8211; Gla\u00e7ure pour feuille imitation"},"content":{"rendered":"<p>Adh\u00e9sif \u00e0 base d\u2019eau pour la dorure sur bois, pl\u00e2tre ou stuc avec feuilles imitation en int\u00e9rieur. La consistance du produit permet d\u2019obtenir un substrat de mission solide et uniforme. La version rouge est recommand\u00e9e pour Similoro et cuivre, tandis que la version transparente est indiqu\u00e9e pour la feuille en aluminium.<\/p>\n","protected":false},"excerpt":{"rendered":"<p>Adh\u00e9sif \u00e0 base d\u2019eau pour la dorure sur bois, pl\u00e2tre ou stuc avec feuilles imitation en int\u00e9rieur. La consistance du produit permet d\u2019obtenir un substrat de mission solide et uniforme. La version rouge est recommand\u00e9e pour Similoro et cuivre, tandis que la version transparente est indiqu\u00e9e pour la feuille en aluminium. [&#8230;]<\/p>\n<p><a class=\"btn btn-secondary understrap-read-more-link\" href=\"https:\/\/www.manetti.com\/fr\/shop\/meta-glacure-pour-feuille-imitation\/\">Lire la suite&#8230;<\/a><\/p>\n","protected":false},"featured_media":86097,"template":"","meta":{"_acf_changed":false},"product_brand":[],"product_cat":[384],"product_tag":[186],"product_area":[559,659],"catalog_category":[],"class_list":{"0":"post-86174","1":"product","2":"type-product","3":"status-publish","4":"has-post-thumbnail","6":"product_cat-dorure-a-lhuile","7":"product_tag-missioni-fr","8":"product_area-dorure-et-restauration","9":"product_area-dorure-et-restauration-mixtion-colle","11":"first","12":"instock","13":"shipping-taxable","14":"purchasable","15":"product-type-variable"},"acf":[],"yoast_head":"<!-- This site is optimized with the Yoast SEO plugin v26.5 - https:\/\/yoast.com\/wordpress\/plugins\/seo\/ -->\n<title>Metal - Gla\u00e7ure pour feuille imitation | Giusto Manetti Battiloro<\/title>\n<meta name=\"description\" content=\"Adh\u00e9sif \u00e0 base d\u2019eau pour la dorure sur bois, pl\u00e2tre ou stuc avec feuilles imitation en int\u00e9rieur. La consistance du produit permet d\u2019obtenir un substrat\" \/>\n<meta name=\"robots\" content=\"noindex, nofollow\" \/>\n<meta property=\"og:locale\" content=\"fr_FR\" \/>\n<meta property=\"og:type\" content=\"article\" \/>\n<meta property=\"og:title\" content=\"Metal - Gla\u00e7ure pour feuille imitation | Giusto Manetti Battiloro\" \/>\n<meta property=\"og:description\" content=\"Adh\u00e9sif \u00e0 base d\u2019eau pour la dorure sur bois, pl\u00e2tre ou stuc avec feuilles imitation en int\u00e9rieur. La consistance du produit permet d\u2019obtenir un substrat\" \/>\n<meta property=\"og:url\" content=\"https:\/\/www.manetti.com\/fr\/shop\/meta-glacure-pour-feuille-imitation\/\" \/>\n<meta property=\"og:site_name\" content=\"Giusto Manetti Battiloro\" \/>\n<meta property=\"article:publisher\" content=\"https:\/\/www.facebook.com\/giustomanettibattiloro\" \/>\n<meta property=\"article:modified_time\" content=\"2026-02-05T10:28:57+00:00\" \/>\n<meta property=\"og:image\" content=\"https:\/\/www.manetti.com\/wp-content\/uploads\/2026\/01\/Metal_web-new.png\" \/>\n\t<meta property=\"og:image:width\" content=\"900\" \/>\n\t<meta property=\"og:image:height\" content=\"900\" \/>\n\t<meta property=\"og:image:type\" content=\"image\/png\" \/>\n<meta name=\"twitter:card\" content=\"summary_large_image\" \/>\n<meta name=\"twitter:label1\" content=\"Dur\u00e9e de lecture estim\u00e9e\" \/>\n\t<meta name=\"twitter:data1\" content=\"1 minute\" \/>\n<script type=\"application\/ld+json\" class=\"yoast-schema-graph\">{\"@context\":\"https:\/\/schema.org\",\"@graph\":[{\"@type\":\"WebPage\",\"@id\":\"https:\/\/www.manetti.com\/fr\/shop\/meta-glacure-pour-feuille-imitation\/\",\"url\":\"https:\/\/www.manetti.com\/fr\/shop\/meta-glacure-pour-feuille-imitation\/\",\"name\":\"Metal - Gla\u00e7ure pour feuille imitation | Giusto Manetti Battiloro\",\"isPartOf\":{\"@id\":\"https:\/\/www.manetti.com\/fr\/#website\"},\"primaryImageOfPage\":{\"@id\":\"https:\/\/www.manetti.com\/fr\/shop\/meta-glacure-pour-feuille-imitation\/#primaryimage\"},\"image\":{\"@id\":\"https:\/\/www.manetti.com\/fr\/shop\/meta-glacure-pour-feuille-imitation\/#primaryimage\"},\"thumbnailUrl\":\"https:\/\/www.manetti.com\/wp-content\/uploads\/2026\/01\/Metal_web-new.png\",\"datePublished\":\"2026-01-19T13:57:35+00:00\",\"dateModified\":\"2026-02-05T10:28:57+00:00\",\"description\":\"Adh\u00e9sif \u00e0 base d\u2019eau pour la dorure sur bois, pl\u00e2tre ou stuc avec feuilles imitation en int\u00e9rieur. La consistance du produit permet d\u2019obtenir un substrat\",\"inLanguage\":\"fr-FR\",\"potentialAction\":[{\"@type\":\"ReadAction\",\"target\":[\"https:\/\/www.manetti.com\/fr\/shop\/meta-glacure-pour-feuille-imitation\/\"]}]},{\"@type\":\"ImageObject\",\"inLanguage\":\"fr-FR\",\"@id\":\"https:\/\/www.manetti.com\/fr\/shop\/meta-glacure-pour-feuille-imitation\/#primaryimage\",\"url\":\"https:\/\/www.manetti.com\/wp-content\/uploads\/2026\/01\/Metal_web-new.png\",\"contentUrl\":\"https:\/\/www.manetti.com\/wp-content\/uploads\/2026\/01\/Metal_web-new.png\",\"width\":900,\"height\":900},{\"@type\":\"WebSite\",\"@id\":\"https:\/\/www.manetti.com\/fr\/#website\",\"url\":\"https:\/\/www.manetti.com\/fr\/\",\"name\":\"Giusto Manetti Battiloro\",\"description\":\"\",\"publisher\":{\"@id\":\"https:\/\/www.manetti.com\/fr\/#organization\"},\"potentialAction\":[{\"@type\":\"SearchAction\",\"target\":{\"@type\":\"EntryPoint\",\"urlTemplate\":\"https:\/\/www.manetti.com\/fr\/?s={search_term_string}\"},\"query-input\":{\"@type\":\"PropertyValueSpecification\",\"valueRequired\":true,\"valueName\":\"search_term_string\"}}],\"inLanguage\":\"fr-FR\"},{\"@type\":\"Organization\",\"@id\":\"https:\/\/www.manetti.com\/fr\/#organization\",\"name\":\"GIUSTO MANETTI BATTILORO S.P.A.\",\"url\":\"https:\/\/www.manetti.com\/fr\/\",\"logo\":{\"@type\":\"ImageObject\",\"inLanguage\":\"fr-FR\",\"@id\":\"https:\/\/www.manetti.com\/fr\/#\/schema\/logo\/image\/\",\"url\":\"https:\/\/www.manetti.com\/wp-content\/uploads\/2025\/02\/giusto-manetti-blu_300-02.png\",\"contentUrl\":\"https:\/\/www.manetti.com\/wp-content\/uploads\/2025\/02\/giusto-manetti-blu_300-02.png\",\"width\":1123,\"height\":1093,\"caption\":\"GIUSTO MANETTI BATTILORO S.P.A.\"},\"image\":{\"@id\":\"https:\/\/www.manetti.com\/fr\/#\/schema\/logo\/image\/\"},\"sameAs\":[\"https:\/\/www.facebook.com\/giustomanettibattiloro\",\"https:\/\/www.instagram.com\/giustomanettibattiloro\/\",\"https:\/\/www.linkedin.com\/company\/giusto-manetti-battiloro-s-p-a-\/\",\"https:\/\/www.youtube.com\/user\/ManettiBattiloro\"]}]}<\/script>\n<!-- \/ Yoast SEO plugin. -->","yoast_head_json":{"title":"Metal - Gla\u00e7ure pour feuille imitation | Giusto Manetti Battiloro","description":"Adh\u00e9sif \u00e0 base d\u2019eau pour la dorure sur bois, pl\u00e2tre ou stuc avec feuilles imitation en int\u00e9rieur. La consistance du produit permet d\u2019obtenir un substrat","robots":{"index":"noindex","follow":"nofollow"},"og_locale":"fr_FR","og_type":"article","og_title":"Metal - Gla\u00e7ure pour feuille imitation | Giusto Manetti Battiloro","og_description":"Adh\u00e9sif \u00e0 base d\u2019eau pour la dorure sur bois, pl\u00e2tre ou stuc avec feuilles imitation en int\u00e9rieur. La consistance du produit permet d\u2019obtenir un substrat","og_url":"https:\/\/www.manetti.com\/fr\/shop\/meta-glacure-pour-feuille-imitation\/","og_site_name":"Giusto Manetti Battiloro","article_publisher":"https:\/\/www.facebook.com\/giustomanettibattiloro","article_modified_time":"2026-02-05T10:28:57+00:00","og_image":[{"width":900,"height":900,"url":"https:\/\/www.manetti.com\/wp-content\/uploads\/2026\/01\/Metal_web-new.png","type":"image\/png"}],"twitter_card":"summary_large_image","twitter_misc":{"Dur\u00e9e de lecture estim\u00e9e":"1 minute"},"schema":{"@context":"https:\/\/schema.org","@graph":[{"@type":"WebPage","@id":"https:\/\/www.manetti.com\/fr\/shop\/meta-glacure-pour-feuille-imitation\/","url":"https:\/\/www.manetti.com\/fr\/shop\/meta-glacure-pour-feuille-imitation\/","name":"Metal - Gla\u00e7ure pour feuille imitation | Giusto Manetti Battiloro","isPartOf":{"@id":"https:\/\/www.manetti.com\/fr\/#website"},"primaryImageOfPage":{"@id":"https:\/\/www.manetti.com\/fr\/shop\/meta-glacure-pour-feuille-imitation\/#primaryimage"},"image":{"@id":"https:\/\/www.manetti.com\/fr\/shop\/meta-glacure-pour-feuille-imitation\/#primaryimage"},"thumbnailUrl":"https:\/\/www.manetti.com\/wp-content\/uploads\/2026\/01\/Metal_web-new.png","datePublished":"2026-01-19T13:57:35+00:00","dateModified":"2026-02-05T10:28:57+00:00","description":"Adh\u00e9sif \u00e0 base d\u2019eau pour la dorure sur bois, pl\u00e2tre ou stuc avec feuilles imitation en int\u00e9rieur. La consistance du produit permet d\u2019obtenir un substrat","inLanguage":"fr-FR","potentialAction":[{"@type":"ReadAction","target":["https:\/\/www.manetti.com\/fr\/shop\/meta-glacure-pour-feuille-imitation\/"]}]},{"@type":"ImageObject","inLanguage":"fr-FR","@id":"https:\/\/www.manetti.com\/fr\/shop\/meta-glacure-pour-feuille-imitation\/#primaryimage","url":"https:\/\/www.manetti.com\/wp-content\/uploads\/2026\/01\/Metal_web-new.png","contentUrl":"https:\/\/www.manetti.com\/wp-content\/uploads\/2026\/01\/Metal_web-new.png","width":900,"height":900},{"@type":"WebSite","@id":"https:\/\/www.manetti.com\/fr\/#website","url":"https:\/\/www.manetti.com\/fr\/","name":"Giusto Manetti Battiloro","description":"","publisher":{"@id":"https:\/\/www.manetti.com\/fr\/#organization"},"potentialAction":[{"@type":"SearchAction","target":{"@type":"EntryPoint","urlTemplate":"https:\/\/www.manetti.com\/fr\/?s={search_term_string}"},"query-input":{"@type":"PropertyValueSpecification","valueRequired":true,"valueName":"search_term_string"}}],"inLanguage":"fr-FR"},{"@type":"Organization","@id":"https:\/\/www.manetti.com\/fr\/#organization","name":"GIUSTO MANETTI BATTILORO S.P.A.","url":"https:\/\/www.manetti.com\/fr\/","logo":{"@type":"ImageObject","inLanguage":"fr-FR","@id":"https:\/\/www.manetti.com\/fr\/#\/schema\/logo\/image\/","url":"https:\/\/www.manetti.com\/wp-content\/uploads\/2025\/02\/giusto-manetti-blu_300-02.png","contentUrl":"https:\/\/www.manetti.com\/wp-content\/uploads\/2025\/02\/giusto-manetti-blu_300-02.png","width":1123,"height":1093,"caption":"GIUSTO MANETTI BATTILORO S.P.A."},"image":{"@id":"https:\/\/www.manetti.com\/fr\/#\/schema\/logo\/image\/"},"sameAs":["https:\/\/www.facebook.com\/giustomanettibattiloro","https:\/\/www.instagram.com\/giustomanettibattiloro\/","https:\/\/www.linkedin.com\/company\/giusto-manetti-battiloro-s-p-a-\/","https:\/\/www.youtube.com\/user\/ManettiBattiloro"]}]}},"_links":{"self":[{"href":"https:\/\/www.manetti.com\/fr\/wp-json\/wp\/v2\/product\/86174","targetHints":{"allow":["GET"]}}],"collection":[{"href":"https:\/\/www.manetti.com\/fr\/wp-json\/wp\/v2\/product"}],"about":[{"href":"https:\/\/www.manetti.com\/fr\/wp-json\/wp\/v2\/types\/product"}],"wp:featuredmedia":[{"embeddable":true,"href":"https:\/\/www.manetti.com\/fr\/wp-json\/wp\/v2\/media\/86097"}],"wp:attachment":[{"href":"https:\/\/www.manetti.com\/fr\/wp-json\/wp\/v2\/media?parent=86174"}],"wp:term":[{"taxonomy":"product_brand","embeddable":true,"href":"https:\/\/www.manetti.com\/fr\/wp-json\/wp\/v2\/product_brand?post=86174"},{"taxonomy":"product_cat","embeddable":true,"href":"https:\/\/www.manetti.com\/fr\/wp-json\/wp\/v2\/product_cat?post=86174"},{"taxonomy":"product_tag","embeddable":true,"href":"https:\/\/www.manetti.com\/fr\/wp-json\/wp\/v2\/product_tag?post=86174"},{"taxonomy":"product_area","embeddable":true,"href":"https:\/\/www.manetti.com\/fr\/wp-json\/wp\/v2\/product_area?post=86174"},{"taxonomy":"catalog_category","embeddable":true,"href":"https:\/\/www.manetti.com\/fr\/wp-json\/wp\/v2\/catalog_category?post=86174"}],"curies":[{"name":"wp","href":"https:\/\/api.w.org\/{rel}","templated":true}]}}