{"id":86296,"date":"2026-01-20T10:22:07","date_gmt":"2026-01-20T09:22:07","guid":{"rendered":"https:\/\/www.manetti.com\/?post_type=product&#038;p=86296"},"modified":"2026-02-05T11:13:10","modified_gmt":"2026-02-05T10:13:10","slug":"smooth-glacure-pour-surfaces-lisses","status":"publish","type":"product","link":"https:\/\/www.manetti.com\/fr\/shop\/smooth-glacure-pour-surfaces-lisses\/","title":{"rendered":"Smooth \u2013 Gla\u00e7ure pour surfaces lisses"},"content":{"rendered":"<p>Adh\u00e9sif \u00e0 base d\u2019eau pour la dorure int\u00e9rieure sur des substrats imperm\u00e9ables tels que le verre, le plastique ou la c\u00e9ramique.<br \/>\nRecommand\u00e9 pour les dorures avec m\u00e9taux pr\u00e9cieux, il reproduit fid\u00e8lement les caract\u00e9ristiques d\u2019une mission \u00e0 solvant tout en \u00e9tant non inflammable et s\u00fbr \u00e0 utiliser.<\/p>\n","protected":false},"excerpt":{"rendered":"<p>Adh\u00e9sif \u00e0 base d\u2019eau pour la dorure int\u00e9rieure sur des substrats imperm\u00e9ables tels que le verre, le plastique ou la c\u00e9ramique. Recommand\u00e9 pour les dorures avec m\u00e9taux pr\u00e9cieux, il reproduit fid\u00e8lement les caract\u00e9ristiques d\u2019une mission \u00e0 solvant tout en \u00e9tant non inflammable et s\u00fbr \u00e0 utiliser. [&#8230;]<\/p>\n<p><a class=\"btn btn-secondary understrap-read-more-link\" href=\"https:\/\/www.manetti.com\/fr\/shop\/smooth-glacure-pour-surfaces-lisses\/\">Lire la suite&#8230;<\/a><\/p>\n","protected":false},"featured_media":86241,"template":"","meta":{"_acf_changed":false},"product_brand":[],"product_cat":[384],"product_tag":[186],"product_area":[567,603],"catalog_category":[],"class_list":{"0":"post-86296","1":"product","2":"type-product","3":"status-publish","4":"has-post-thumbnail","6":"product_cat-dorure-a-lhuile","7":"product_tag-missioni-fr","8":"product_area-lettrage","9":"product_area-lettrage-mixtion-colle","11":"first","12":"instock","13":"shipping-taxable","14":"purchasable","15":"product-type-variable"},"acf":[],"yoast_head":"<!-- This site is optimized with the Yoast SEO plugin v26.5 - https:\/\/yoast.com\/wordpress\/plugins\/seo\/ -->\n<title>Smooth \u2013 Gla\u00e7ure pour surfaces lisses | Giusto Manetti Battiloro<\/title>\n<meta name=\"description\" content=\"Adh\u00e9sif \u00e0 base d\u2019eau pour la dorure int\u00e9rieure sur des substrats imperm\u00e9ables tels que le verre, le plastique ou la c\u00e9ramique. Recommand\u00e9 pour les dorures\" \/>\n<meta name=\"robots\" content=\"noindex, nofollow\" \/>\n<meta property=\"og:locale\" content=\"fr_FR\" \/>\n<meta property=\"og:type\" content=\"article\" \/>\n<meta property=\"og:title\" content=\"Smooth \u2013 Gla\u00e7ure pour surfaces lisses | Giusto Manetti Battiloro\" \/>\n<meta property=\"og:description\" content=\"Adh\u00e9sif \u00e0 base d\u2019eau pour la dorure int\u00e9rieure sur des substrats imperm\u00e9ables tels que le verre, le plastique ou la c\u00e9ramique. Recommand\u00e9 pour les dorures\" \/>\n<meta property=\"og:url\" content=\"https:\/\/www.manetti.com\/fr\/shop\/smooth-glacure-pour-surfaces-lisses\/\" \/>\n<meta property=\"og:site_name\" content=\"Giusto Manetti Battiloro\" \/>\n<meta property=\"article:publisher\" content=\"https:\/\/www.facebook.com\/giustomanettibattiloro\" \/>\n<meta property=\"article:modified_time\" content=\"2026-02-05T10:13:10+00:00\" \/>\n<meta property=\"og:image\" content=\"https:\/\/www.manetti.com\/wp-content\/uploads\/2026\/01\/Missione-Smooth_web-new.png\" \/>\n\t<meta property=\"og:image:width\" content=\"900\" \/>\n\t<meta property=\"og:image:height\" content=\"900\" \/>\n\t<meta property=\"og:image:type\" content=\"image\/png\" \/>\n<meta name=\"twitter:card\" content=\"summary_large_image\" \/>\n<meta name=\"twitter:label1\" content=\"Dur\u00e9e de lecture estim\u00e9e\" \/>\n\t<meta name=\"twitter:data1\" content=\"1 minute\" \/>\n<script type=\"application\/ld+json\" class=\"yoast-schema-graph\">{\"@context\":\"https:\/\/schema.org\",\"@graph\":[{\"@type\":\"WebPage\",\"@id\":\"https:\/\/www.manetti.com\/fr\/shop\/smooth-glacure-pour-surfaces-lisses\/\",\"url\":\"https:\/\/www.manetti.com\/fr\/shop\/smooth-glacure-pour-surfaces-lisses\/\",\"name\":\"Smooth \u2013 Gla\u00e7ure pour surfaces lisses | Giusto Manetti Battiloro\",\"isPartOf\":{\"@id\":\"https:\/\/www.manetti.com\/fr\/#website\"},\"primaryImageOfPage\":{\"@id\":\"https:\/\/www.manetti.com\/fr\/shop\/smooth-glacure-pour-surfaces-lisses\/#primaryimage\"},\"image\":{\"@id\":\"https:\/\/www.manetti.com\/fr\/shop\/smooth-glacure-pour-surfaces-lisses\/#primaryimage\"},\"thumbnailUrl\":\"https:\/\/www.manetti.com\/wp-content\/uploads\/2026\/01\/Missione-Smooth_web-new.png\",\"datePublished\":\"2026-01-20T09:22:07+00:00\",\"dateModified\":\"2026-02-05T10:13:10+00:00\",\"description\":\"Adh\u00e9sif \u00e0 base d\u2019eau pour la dorure int\u00e9rieure sur des substrats imperm\u00e9ables tels que le verre, le plastique ou la c\u00e9ramique. Recommand\u00e9 pour les dorures\",\"inLanguage\":\"fr-FR\",\"potentialAction\":[{\"@type\":\"ReadAction\",\"target\":[\"https:\/\/www.manetti.com\/fr\/shop\/smooth-glacure-pour-surfaces-lisses\/\"]}]},{\"@type\":\"ImageObject\",\"inLanguage\":\"fr-FR\",\"@id\":\"https:\/\/www.manetti.com\/fr\/shop\/smooth-glacure-pour-surfaces-lisses\/#primaryimage\",\"url\":\"https:\/\/www.manetti.com\/wp-content\/uploads\/2026\/01\/Missione-Smooth_web-new.png\",\"contentUrl\":\"https:\/\/www.manetti.com\/wp-content\/uploads\/2026\/01\/Missione-Smooth_web-new.png\",\"width\":900,\"height\":900},{\"@type\":\"WebSite\",\"@id\":\"https:\/\/www.manetti.com\/fr\/#website\",\"url\":\"https:\/\/www.manetti.com\/fr\/\",\"name\":\"Giusto Manetti Battiloro\",\"description\":\"\",\"publisher\":{\"@id\":\"https:\/\/www.manetti.com\/fr\/#organization\"},\"potentialAction\":[{\"@type\":\"SearchAction\",\"target\":{\"@type\":\"EntryPoint\",\"urlTemplate\":\"https:\/\/www.manetti.com\/fr\/?s={search_term_string}\"},\"query-input\":{\"@type\":\"PropertyValueSpecification\",\"valueRequired\":true,\"valueName\":\"search_term_string\"}}],\"inLanguage\":\"fr-FR\"},{\"@type\":\"Organization\",\"@id\":\"https:\/\/www.manetti.com\/fr\/#organization\",\"name\":\"GIUSTO MANETTI BATTILORO S.P.A.\",\"url\":\"https:\/\/www.manetti.com\/fr\/\",\"logo\":{\"@type\":\"ImageObject\",\"inLanguage\":\"fr-FR\",\"@id\":\"https:\/\/www.manetti.com\/fr\/#\/schema\/logo\/image\/\",\"url\":\"https:\/\/www.manetti.com\/wp-content\/uploads\/2025\/02\/giusto-manetti-blu_300-02.png\",\"contentUrl\":\"https:\/\/www.manetti.com\/wp-content\/uploads\/2025\/02\/giusto-manetti-blu_300-02.png\",\"width\":1123,\"height\":1093,\"caption\":\"GIUSTO MANETTI BATTILORO S.P.A.\"},\"image\":{\"@id\":\"https:\/\/www.manetti.com\/fr\/#\/schema\/logo\/image\/\"},\"sameAs\":[\"https:\/\/www.facebook.com\/giustomanettibattiloro\",\"https:\/\/www.instagram.com\/giustomanettibattiloro\/\",\"https:\/\/www.linkedin.com\/company\/giusto-manetti-battiloro-s-p-a-\/\",\"https:\/\/www.youtube.com\/user\/ManettiBattiloro\"]}]}<\/script>\n<!-- \/ Yoast SEO plugin. -->","yoast_head_json":{"title":"Smooth \u2013 Gla\u00e7ure pour surfaces lisses | Giusto Manetti Battiloro","description":"Adh\u00e9sif \u00e0 base d\u2019eau pour la dorure int\u00e9rieure sur des substrats imperm\u00e9ables tels que le verre, le plastique ou la c\u00e9ramique. Recommand\u00e9 pour les dorures","robots":{"index":"noindex","follow":"nofollow"},"og_locale":"fr_FR","og_type":"article","og_title":"Smooth \u2013 Gla\u00e7ure pour surfaces lisses | Giusto Manetti Battiloro","og_description":"Adh\u00e9sif \u00e0 base d\u2019eau pour la dorure int\u00e9rieure sur des substrats imperm\u00e9ables tels que le verre, le plastique ou la c\u00e9ramique. Recommand\u00e9 pour les dorures","og_url":"https:\/\/www.manetti.com\/fr\/shop\/smooth-glacure-pour-surfaces-lisses\/","og_site_name":"Giusto Manetti Battiloro","article_publisher":"https:\/\/www.facebook.com\/giustomanettibattiloro","article_modified_time":"2026-02-05T10:13:10+00:00","og_image":[{"width":900,"height":900,"url":"https:\/\/www.manetti.com\/wp-content\/uploads\/2026\/01\/Missione-Smooth_web-new.png","type":"image\/png"}],"twitter_card":"summary_large_image","twitter_misc":{"Dur\u00e9e de lecture estim\u00e9e":"1 minute"},"schema":{"@context":"https:\/\/schema.org","@graph":[{"@type":"WebPage","@id":"https:\/\/www.manetti.com\/fr\/shop\/smooth-glacure-pour-surfaces-lisses\/","url":"https:\/\/www.manetti.com\/fr\/shop\/smooth-glacure-pour-surfaces-lisses\/","name":"Smooth \u2013 Gla\u00e7ure pour surfaces lisses | Giusto Manetti Battiloro","isPartOf":{"@id":"https:\/\/www.manetti.com\/fr\/#website"},"primaryImageOfPage":{"@id":"https:\/\/www.manetti.com\/fr\/shop\/smooth-glacure-pour-surfaces-lisses\/#primaryimage"},"image":{"@id":"https:\/\/www.manetti.com\/fr\/shop\/smooth-glacure-pour-surfaces-lisses\/#primaryimage"},"thumbnailUrl":"https:\/\/www.manetti.com\/wp-content\/uploads\/2026\/01\/Missione-Smooth_web-new.png","datePublished":"2026-01-20T09:22:07+00:00","dateModified":"2026-02-05T10:13:10+00:00","description":"Adh\u00e9sif \u00e0 base d\u2019eau pour la dorure int\u00e9rieure sur des substrats imperm\u00e9ables tels que le verre, le plastique ou la c\u00e9ramique. Recommand\u00e9 pour les dorures","inLanguage":"fr-FR","potentialAction":[{"@type":"ReadAction","target":["https:\/\/www.manetti.com\/fr\/shop\/smooth-glacure-pour-surfaces-lisses\/"]}]},{"@type":"ImageObject","inLanguage":"fr-FR","@id":"https:\/\/www.manetti.com\/fr\/shop\/smooth-glacure-pour-surfaces-lisses\/#primaryimage","url":"https:\/\/www.manetti.com\/wp-content\/uploads\/2026\/01\/Missione-Smooth_web-new.png","contentUrl":"https:\/\/www.manetti.com\/wp-content\/uploads\/2026\/01\/Missione-Smooth_web-new.png","width":900,"height":900},{"@type":"WebSite","@id":"https:\/\/www.manetti.com\/fr\/#website","url":"https:\/\/www.manetti.com\/fr\/","name":"Giusto Manetti Battiloro","description":"","publisher":{"@id":"https:\/\/www.manetti.com\/fr\/#organization"},"potentialAction":[{"@type":"SearchAction","target":{"@type":"EntryPoint","urlTemplate":"https:\/\/www.manetti.com\/fr\/?s={search_term_string}"},"query-input":{"@type":"PropertyValueSpecification","valueRequired":true,"valueName":"search_term_string"}}],"inLanguage":"fr-FR"},{"@type":"Organization","@id":"https:\/\/www.manetti.com\/fr\/#organization","name":"GIUSTO MANETTI BATTILORO S.P.A.","url":"https:\/\/www.manetti.com\/fr\/","logo":{"@type":"ImageObject","inLanguage":"fr-FR","@id":"https:\/\/www.manetti.com\/fr\/#\/schema\/logo\/image\/","url":"https:\/\/www.manetti.com\/wp-content\/uploads\/2025\/02\/giusto-manetti-blu_300-02.png","contentUrl":"https:\/\/www.manetti.com\/wp-content\/uploads\/2025\/02\/giusto-manetti-blu_300-02.png","width":1123,"height":1093,"caption":"GIUSTO MANETTI BATTILORO S.P.A."},"image":{"@id":"https:\/\/www.manetti.com\/fr\/#\/schema\/logo\/image\/"},"sameAs":["https:\/\/www.facebook.com\/giustomanettibattiloro","https:\/\/www.instagram.com\/giustomanettibattiloro\/","https:\/\/www.linkedin.com\/company\/giusto-manetti-battiloro-s-p-a-\/","https:\/\/www.youtube.com\/user\/ManettiBattiloro"]}]}},"_links":{"self":[{"href":"https:\/\/www.manetti.com\/fr\/wp-json\/wp\/v2\/product\/86296","targetHints":{"allow":["GET"]}}],"collection":[{"href":"https:\/\/www.manetti.com\/fr\/wp-json\/wp\/v2\/product"}],"about":[{"href":"https:\/\/www.manetti.com\/fr\/wp-json\/wp\/v2\/types\/product"}],"wp:featuredmedia":[{"embeddable":true,"href":"https:\/\/www.manetti.com\/fr\/wp-json\/wp\/v2\/media\/86241"}],"wp:attachment":[{"href":"https:\/\/www.manetti.com\/fr\/wp-json\/wp\/v2\/media?parent=86296"}],"wp:term":[{"taxonomy":"product_brand","embeddable":true,"href":"https:\/\/www.manetti.com\/fr\/wp-json\/wp\/v2\/product_brand?post=86296"},{"taxonomy":"product_cat","embeddable":true,"href":"https:\/\/www.manetti.com\/fr\/wp-json\/wp\/v2\/product_cat?post=86296"},{"taxonomy":"product_tag","embeddable":true,"href":"https:\/\/www.manetti.com\/fr\/wp-json\/wp\/v2\/product_tag?post=86296"},{"taxonomy":"product_area","embeddable":true,"href":"https:\/\/www.manetti.com\/fr\/wp-json\/wp\/v2\/product_area?post=86296"},{"taxonomy":"catalog_category","embeddable":true,"href":"https:\/\/www.manetti.com\/fr\/wp-json\/wp\/v2\/catalog_category?post=86296"}],"curies":[{"name":"wp","href":"https:\/\/api.w.org\/{rel}","templated":true}]}}